{"id":9998,"date":"2025-04-02T18:18:43","date_gmt":"2025-04-02T18:18:43","guid":{"rendered":"https:\/\/iberoid-shop.com\/?post_type=product&#038;p=9998"},"modified":"2026-04-06T01:10:46","modified_gmt":"2026-04-06T01:10:46","slug":"pack3testosteron-cypionate-mp-pharm","status":"publish","type":"product","link":"https:\/\/iberoid-shop.com\/pt\/product\/pack3testosteron-cypionate-mp-pharm\/","title":{"rendered":"PACK 3 &#8211; Testosterone Cypionate"},"content":{"rendered":"<p><\/p>\n<p class=\"\" data-start=\"0\" data-end=\"575\">O cipionato de testosterona \u00e9 um \u00e9ster de testosterona que preparamos em uma base de \u00f3leo de triglicer\u00eddeos de cadeia m\u00e9dia. Acredita-se que o \u00e9ster cipionato seja absorvido mais lentamente do que outros. Al\u00e9m disso, o excipiente \u00e0 base de \u00f3leo \u00e9 uma base solubilizante compat\u00edvel que ajuda a tornar o composto uniforme, o que pode ser considerado para uma inje\u00e7\u00e3o de dep\u00f3sito. Devido ao \u00e9ster cipionato e ao excipiente \u00e0 base de \u00f3leo, muitas vezes se considera que ele ajuda a retardar a libera\u00e7\u00e3o do ingrediente ativo, o que pode permitir uma administra\u00e7\u00e3o menos frequente.<\/p>\n<p class=\"\" data-start=\"577\" data-end=\"1449\">Tamb\u00e9m somos um dos \u00fanicos compostos que oferece uma inje\u00e7\u00e3o combinada de cipionato de testosterona e propionato de testosterona. Assim como nosso composto de cipionato de testosterona, esta combina\u00e7\u00e3o \u00e9 preparada em uma base de \u00f3leo de triglicer\u00eddeos de cadeia m\u00e9dia. Cont\u00e9m dois ingredientes ativos, cipionato de testosterona e propionato de testosterona, al\u00e9m de um excipiente \u00e0 base de \u00f3leo. Acredita-se que o \u00e9ster propionato de testosterona tenha uma absor\u00e7\u00e3o mais r\u00e1pida em compara\u00e7\u00e3o com o \u00e9ster cipionato devido \u00e0 sua natureza mais hidrof\u00edlica. Ao combinar esses dois \u00e9steres em um \u00fanico composto, pode haver um aumento mais imediato de testosterona proveniente do \u00e9ster propionato, que \u00e9 ent\u00e3o sustentado por um per\u00edodo mais longo devido ao \u00e9ster cipionato. Este composto combinado pode ajudar a suavizar alguns picos e vales que de outra forma poderiam ocorrer.<\/p>\n<p class=\"\" data-start=\"1451\" data-end=\"1603\">Ambas as formas de nossas inje\u00e7\u00f5es de testosterona s\u00e3o preparadas em \u00f3leo de Miglyol. Os profissionais de sa\u00fade relatam que preferem esse \u00f3leo devido a:<\/p>\n<ul data-start=\"1605\" data-end=\"1753\">\n<li class=\"\" data-start=\"1605\" data-end=\"1662\">\n<p class=\"\" data-start=\"1607\" data-end=\"1662\">suas propriedades anti-inflamat\u00f3rias de origem natural;<\/p>\n<\/li>\n<li class=\"\" data-start=\"1663\" data-end=\"1700\">\n<p class=\"\" data-start=\"1665\" data-end=\"1700\">suas baixas taxas de reatividade; e<\/p>\n<\/li>\n<li class=\"\" data-start=\"1701\" data-end=\"1753\">\n<p class=\"\" data-start=\"1703\" data-end=\"1753\">o desconforto limitado que cria durante a inje\u00e7\u00e3o.<\/p>\n<\/li>\n<\/ul>\n<p class=\"\" data-start=\"1755\" data-end=\"2197\">Historicamente, as inje\u00e7\u00f5es de testosterona foram preparadas em \u00f3leo de semente de uva. No entanto, a disponibilidade de \u00f3leo de semente de uva de grau farmac\u00eautico \u00e9 limitada, e os requisitos regulat\u00f3rios exigem o uso de excipientes que atendam a padr\u00f5es espec\u00edficos de qualidade e seguran\u00e7a. A Carie Boyd Pharmaceuticals utiliza \u00f3leo MIGLYOL\u00ae 812 N de grau farmac\u00eautico para garantir que os padr\u00f5es de qualidade e seguran\u00e7a sejam atendidos.<\/p>\n<p class=\"\" data-start=\"2199\" data-end=\"2209\">Como usar:<\/p>\n<p class=\"\" data-start=\"2211\" data-end=\"2629\">O cipionato de testosterona, um horm\u00f4nio esteroide, \u00e9 frequentemente administrado por via intramuscular a cada 1-2 semanas. Os ajustes de dosagem s\u00e3o baseados em testes individuais do paciente e n\u00edveis de testosterona. O tamanho da agulha ou a dura\u00e7\u00e3o do composto variam de paciente para paciente. Convidamos os profissionais a entrar em contato com nossa equipe dedicada de farmac\u00eauticos para consultas e orienta\u00e7\u00f5es.<\/p>\n<p class=\"\" data-start=\"2631\" data-end=\"2652\">Armazenamento seguro:<\/p>\n<p class=\"\" data-start=\"2654\" data-end=\"2771\">Certifique-se de que os frascos de inje\u00e7\u00e3o sejam armazenados em temperatura ambiente e protegidos da exposi\u00e7\u00e3o \u00e0 luz.<\/p>\n<p><\/p>","protected":false},"excerpt":{"rendered":"<p>O cipionato de testosterona \u00e9 um \u00e9ster de testosterona que preparamos em uma base de \u00f3leo de triglicer\u00eddeos de cadeia<\/p>\n","protected":false},"featured_media":10001,"comment_status":"open","ping_status":"closed","template":"","meta":[],"product_brand":[],"product_cat":[69,3474],"product_tag":[],"class_list":{"0":"post-9998","1":"product","2":"type-product","3":"status-publish","4":"has-post-thumbnail","6":"product_cat-esteroides_inyectables","7":"product_cat-packs","9":"first","10":"instock","11":"sale","12":"shipping-taxable","13":"purchasable","14":"product-type-simple"},"yoast_head":"<!-- This site is optimized with the Yoast SEO Premium plugin v24.4 (Yoast SEO v27.0) - https:\/\/yoast.com\/product\/yoast-seo-premium-wordpress\/ -->\n<title>PACK 3 - Testosterone Cypionate - Ester\u00f3ides Online<\/title>\n<meta name=\"description\" content=\"Inje\u00e7\u00e3o de cipionato de testosterona (em \u00f3leo MCT) para libera\u00e7\u00e3o sustentada, potencialmente com dosagem menos frequente. Tamb\u00e9m dispon\u00edvel como mistura de cipionato\/propionato para a\u00e7\u00e3o r\u00e1pida e prolongada em \u00f3leo MCT. Composto com \u00f3leo de Miglyol anti-inflamat\u00f3rio. Armazenar em temperatura ambiente, proteger da luz.\" \/>\n<meta name=\"robots\" content=\"index, follow, max-snippet:-1, max-image-preview:large, max-video-preview:-1\" \/>\n<link rel=\"canonical\" href=\"https:\/\/iberoid-shop.com\/pt\/product\/pack3testosteron-cypionate-mp-pharm\/\" \/>\n<meta property=\"og:locale\" content=\"pt_PT\" \/>\n<meta property=\"og:type\" content=\"article\" \/>\n<meta property=\"og:title\" content=\"PACK 3 - Testosterone Cypionate\" \/>\n<meta property=\"og:description\" content=\"Inje\u00e7\u00e3o de cipionato de testosterona (em \u00f3leo MCT) para libera\u00e7\u00e3o sustentada, potencialmente com dosagem menos frequente. Tamb\u00e9m dispon\u00edvel como mistura de cipionato\/propionato para a\u00e7\u00e3o r\u00e1pida e prolongada em \u00f3leo MCT. Composto com \u00f3leo de Miglyol anti-inflamat\u00f3rio. Armazenar em temperatura ambiente, proteger da luz.\" \/>\n<meta property=\"og:url\" content=\"https:\/\/iberoid-shop.com\/pt\/product\/pack3testosteron-cypionate-mp-pharm\/\" \/>\n<meta property=\"og:site_name\" content=\"Ester\u00f3ides Online\" \/>\n<meta property=\"article:modified_time\" content=\"2026-04-06T01:10:46+00:00\" \/>\n<meta property=\"og:image\" content=\"https:\/\/iberoid-shop.com\/wp-content\/uploads\/2025\/04\/cyp3-2-scaled.jpg?v=1743617892\" \/>\n\t<meta property=\"og:image:width\" content=\"2560\" \/>\n\t<meta property=\"og:image:height\" content=\"1986\" \/>\n\t<meta property=\"og:image:type\" content=\"image\/jpeg\" \/>\n<meta name=\"twitter:card\" content=\"summary_large_image\" \/>\n<meta name=\"twitter:label1\" content=\"pre\u00e7o\" \/>\n\t<meta name=\"twitter:data1\" content=\"&euro;55.00\" \/>\n\t<meta name=\"twitter:label2\" content=\"Disponibilidade\" \/>\n\t<meta name=\"twitter:data2\" content=\"Em stock\" \/>\n<script type=\"application\/ld+json\" class=\"yoast-schema-graph\">{\"@context\":\"https:\/\/schema.org\",\"@graph\":[{\"@type\":\"WebPage\",\"@id\":\"https:\/\/iberoid-shop.com\/pt\/product\/pack3testosteron-cypionate-mp-pharm\/\",\"url\":\"https:\/\/iberoid-shop.com\/pt\/product\/pack3testosteron-cypionate-mp-pharm\/\",\"name\":\"PACK 3 - Testosterone Cypionate - Ester\u00f3ides Online\",\"isPartOf\":{\"@id\":\"https:\/\/iberoid-shop.com\/pt\/#website\"},\"primaryImageOfPage\":{\"@id\":\"https:\/\/iberoid-shop.com\/pt\/product\/pack3testosteron-cypionate-mp-pharm\/#primaryimage\"},\"image\":{\"@id\":\"https:\/\/iberoid-shop.com\/pt\/product\/pack3testosteron-cypionate-mp-pharm\/#primaryimage\"},\"thumbnailUrl\":\"https:\/\/iberoid-shop.com\/wp-content\/uploads\/2025\/04\/cyp3-2-scaled.jpg?v=1743617892\",\"datePublished\":\"2025-04-02T18:18:43+00:00\",\"dateModified\":\"2026-04-06T01:10:46+00:00\",\"description\":\"Inje\u00e7\u00e3o de cipionato de testosterona (em \u00f3leo MCT) para libera\u00e7\u00e3o sustentada, potencialmente com dosagem menos frequente. Tamb\u00e9m dispon\u00edvel como mistura de cipionato\/propionato para a\u00e7\u00e3o r\u00e1pida e prolongada em \u00f3leo MCT. Composto com \u00f3leo de Miglyol anti-inflamat\u00f3rio. Armazenar em temperatura ambiente, proteger da luz.\",\"breadcrumb\":{\"@id\":\"https:\/\/iberoid-shop.com\/pt\/product\/pack3testosteron-cypionate-mp-pharm\/#breadcrumb\"},\"inLanguage\":\"pt-PT\",\"potentialAction\":[{\"@type\":\"ReadAction\",\"target\":[[\"https:\/\/iberoid-shop.com\/pt\/product\/pack3testosteron-cypionate-mp-pharm\/\"]]}]},{\"@type\":\"ImageObject\",\"inLanguage\":\"pt-PT\",\"@id\":\"https:\/\/iberoid-shop.com\/pt\/product\/pack3testosteron-cypionate-mp-pharm\/#primaryimage\",\"url\":\"https:\/\/iberoid-shop.com\/wp-content\/uploads\/2025\/04\/cyp3-2-scaled.jpg?v=1743617892\",\"contentUrl\":\"https:\/\/iberoid-shop.com\/wp-content\/uploads\/2025\/04\/cyp3-2-scaled.jpg?v=1743617892\",\"width\":2560,\"height\":1986},{\"@type\":\"BreadcrumbList\",\"@id\":\"https:\/\/iberoid-shop.com\/pt\/product\/pack3testosteron-cypionate-mp-pharm\/#breadcrumb\",\"itemListElement\":[{\"@type\":\"ListItem\",\"position\":1,\"name\":\"Portada\",\"item\":\"https:\/\/iberoid-shop.com\/pt\/\"},{\"@type\":\"ListItem\",\"position\":2,\"name\":\"Loja\",\"item\":\"https:\/\/iberoid-shop.com\/pt\/shop\/\"},{\"@type\":\"ListItem\",\"position\":3,\"name\":\"PACK 3 &#8211; Testosterone Cypionate\"}]},{\"@type\":\"WebSite\",\"@id\":\"https:\/\/iberoid-shop.com\/pt\/#website\",\"url\":\"https:\/\/iberoid-shop.com\/pt\/\",\"name\":\"Ester\u00f3ides Online\",\"description\":\"Compre ester\u00f3ides online hoje em Espanha e Portugal. Temos o melhor servi\u00e7o ao cliente do setor e produtos da mais alta qualidade\",\"potentialAction\":[{\"@type\":\"SearchAction\",\"target\":{\"@type\":\"EntryPoint\",\"urlTemplate\":\"https:\/\/iberoid-shop.com\/pt\/?s={search_term_string}\"},\"query-input\":{\"@type\":\"PropertyValueSpecification\",\"valueRequired\":true,\"valueName\":\"search_term_string\"}}],\"inLanguage\":\"pt-PT\"}]}<\/script>\n<meta property=\"product:brand\" content=\"Mp-Pharm\" \/>\n<meta property=\"product:price:amount\" content=\"55.00\" \/>\n<meta property=\"product:price:currency\" content=\"EUR\" \/>\n<meta property=\"og:availability\" content=\"instock\" \/>\n<meta property=\"product:availability\" content=\"instock\" \/>\n<meta property=\"product:condition\" content=\"new\" \/>\n<!-- \/ Yoast SEO Premium plugin. -->","yoast_head_json":{"title":"PACK 3 - Testosterone Cypionate - Ester\u00f3ides Online","description":"Inje\u00e7\u00e3o de cipionato de testosterona (em \u00f3leo MCT) para libera\u00e7\u00e3o sustentada, potencialmente com dosagem menos frequente. Tamb\u00e9m dispon\u00edvel como mistura de cipionato\/propionato para a\u00e7\u00e3o r\u00e1pida e prolongada em \u00f3leo MCT. Composto com \u00f3leo de Miglyol anti-inflamat\u00f3rio. Armazenar em temperatura ambiente, proteger da luz.","robots":{"index":"index","follow":"follow","max-snippet":"max-snippet:-1","max-image-preview":"max-image-preview:large","max-video-preview":"max-video-preview:-1"},"canonical":"https:\/\/iberoid-shop.com\/pt\/product\/pack3testosteron-cypionate-mp-pharm\/","og_locale":"pt_PT","og_type":"article","og_title":"PACK 3 - Testosterone Cypionate","og_description":"Inje\u00e7\u00e3o de cipionato de testosterona (em \u00f3leo MCT) para libera\u00e7\u00e3o sustentada, potencialmente com dosagem menos frequente. Tamb\u00e9m dispon\u00edvel como mistura de cipionato\/propionato para a\u00e7\u00e3o r\u00e1pida e prolongada em \u00f3leo MCT. Composto com \u00f3leo de Miglyol anti-inflamat\u00f3rio. Armazenar em temperatura ambiente, proteger da luz.","og_url":"https:\/\/iberoid-shop.com\/pt\/product\/pack3testosteron-cypionate-mp-pharm\/","og_site_name":"Ester\u00f3ides Online","article_modified_time":"2026-04-06T01:10:46+00:00","og_image":[{"width":2560,"height":1986,"url":"https:\/\/iberoid-shop.com\/wp-content\/uploads\/2025\/04\/cyp3-2-scaled.jpg?v=1743617892","type":"image\/jpeg"}],"twitter_card":"summary_large_image","twitter_misc":{"pre\u00e7o":"&euro;55.00","Disponibilidade":"Em stock"},"schema":{"@context":"https:\/\/schema.org","@graph":[{"@type":"WebPage","@id":"https:\/\/iberoid-shop.com\/pt\/product\/pack3testosteron-cypionate-mp-pharm\/","url":"https:\/\/iberoid-shop.com\/pt\/product\/pack3testosteron-cypionate-mp-pharm\/","name":"PACK 3 - Testosterone Cypionate - Ester\u00f3ides Online","isPartOf":{"@id":"https:\/\/iberoid-shop.com\/pt\/#website"},"primaryImageOfPage":{"@id":"https:\/\/iberoid-shop.com\/pt\/product\/pack3testosteron-cypionate-mp-pharm\/#primaryimage"},"image":{"@id":"https:\/\/iberoid-shop.com\/pt\/product\/pack3testosteron-cypionate-mp-pharm\/#primaryimage"},"thumbnailUrl":"https:\/\/iberoid-shop.com\/wp-content\/uploads\/2025\/04\/cyp3-2-scaled.jpg?v=1743617892","datePublished":"2025-04-02T18:18:43+00:00","dateModified":"2026-04-06T01:10:46+00:00","description":"Inje\u00e7\u00e3o de cipionato de testosterona (em \u00f3leo MCT) para libera\u00e7\u00e3o sustentada, potencialmente com dosagem menos frequente. Tamb\u00e9m dispon\u00edvel como mistura de cipionato\/propionato para a\u00e7\u00e3o r\u00e1pida e prolongada em \u00f3leo MCT. Composto com \u00f3leo de Miglyol anti-inflamat\u00f3rio. Armazenar em temperatura ambiente, proteger da luz.","breadcrumb":{"@id":"https:\/\/iberoid-shop.com\/pt\/product\/pack3testosteron-cypionate-mp-pharm\/#breadcrumb"},"inLanguage":"pt-PT","potentialAction":[{"@type":"ReadAction","target":[["https:\/\/iberoid-shop.com\/pt\/product\/pack3testosteron-cypionate-mp-pharm\/"]]}]},{"@type":"ImageObject","inLanguage":"pt-PT","@id":"https:\/\/iberoid-shop.com\/pt\/product\/pack3testosteron-cypionate-mp-pharm\/#primaryimage","url":"https:\/\/iberoid-shop.com\/wp-content\/uploads\/2025\/04\/cyp3-2-scaled.jpg?v=1743617892","contentUrl":"https:\/\/iberoid-shop.com\/wp-content\/uploads\/2025\/04\/cyp3-2-scaled.jpg?v=1743617892","width":2560,"height":1986},{"@type":"BreadcrumbList","@id":"https:\/\/iberoid-shop.com\/pt\/product\/pack3testosteron-cypionate-mp-pharm\/#breadcrumb","itemListElement":[{"@type":"ListItem","position":1,"name":"Portada","item":"https:\/\/iberoid-shop.com\/pt\/"},{"@type":"ListItem","position":2,"name":"Loja","item":"https:\/\/iberoid-shop.com\/pt\/shop\/"},{"@type":"ListItem","position":3,"name":"PACK 3 &#8211; Testosterone Cypionate"}]},{"@type":"WebSite","@id":"https:\/\/iberoid-shop.com\/pt\/#website","url":"https:\/\/iberoid-shop.com\/pt\/","name":"Ester\u00f3ides Online","description":"Compre ester\u00f3ides online hoje em Espanha e Portugal. Temos o melhor servi\u00e7o ao cliente do setor e produtos da mais alta qualidade","potentialAction":[{"@type":"SearchAction","target":{"@type":"EntryPoint","urlTemplate":"https:\/\/iberoid-shop.com\/pt\/?s={search_term_string}"},"query-input":{"@type":"PropertyValueSpecification","valueRequired":true,"valueName":"search_term_string"}}],"inLanguage":"pt-PT"}]},"product_brand":"Mp-Pharm","product_price_amount":"55.00","product_price_currency":"EUR","og_availability":"instock","product_availability":"instock","product_condition":"new"},"_links":{"self":[{"href":"https:\/\/iberoid-shop.com\/pt\/wp-json\/wp\/v2\/product\/9998","targetHints":{"allow":["GET"]}}],"collection":[{"href":"https:\/\/iberoid-shop.com\/pt\/wp-json\/wp\/v2\/product"}],"about":[{"href":"https:\/\/iberoid-shop.com\/pt\/wp-json\/wp\/v2\/types\/product"}],"replies":[{"embeddable":true,"href":"https:\/\/iberoid-shop.com\/pt\/wp-json\/wp\/v2\/comments?post=9998"}],"wp:featuredmedia":[{"embeddable":true,"href":"https:\/\/iberoid-shop.com\/pt\/wp-json\/wp\/v2\/media\/10001"}],"wp:attachment":[{"href":"https:\/\/iberoid-shop.com\/pt\/wp-json\/wp\/v2\/media?parent=9998"}],"wp:term":[{"taxonomy":"product_brand","embeddable":true,"href":"https:\/\/iberoid-shop.com\/pt\/wp-json\/wp\/v2\/product_brand?post=9998"},{"taxonomy":"product_cat","embeddable":true,"href":"https:\/\/iberoid-shop.com\/pt\/wp-json\/wp\/v2\/product_cat?post=9998"},{"taxonomy":"product_tag","embeddable":true,"href":"https:\/\/iberoid-shop.com\/pt\/wp-json\/wp\/v2\/product_tag?post=9998"}],"curies":[{"name":"wp","href":"https:\/\/api.w.org\/{rel}","templated":true}]}}