{"id":9991,"date":"2025-04-02T17:57:14","date_gmt":"2025-04-02T17:57:14","guid":{"rendered":"https:\/\/iberoid-shop.com\/?post_type=product&#038;p=9991"},"modified":"2026-03-29T15:58:21","modified_gmt":"2026-03-29T15:58:21","slug":"pack3-boldenon-mp-pharm","status":"publish","type":"product","link":"https:\/\/iberoid-shop.com\/pt\/product\/pack3-boldenon-mp-pharm\/","title":{"rendered":"BOLDENON PACK 3"},"content":{"rendered":"<p><\/p>\n<p class=\"\" data-start=\"0\" data-end=\"361\"><strong data-start=\"0\" data-end=\"26\">Boldenona Undecilenato<\/strong> foi desenvolvida como uma tentativa de criar um \u00e9ster injet\u00e1vel mais duradouro da <strong data-start=\"109\" data-end=\"125\">Metandienona<\/strong>, mas resultou em um produto totalmente diferente. Ela \u00e9 t\u00e3o anab\u00f3lica quanto a testosterona, mas possui uma propor\u00e7\u00e3o androg\u00eanica duas vezes menor. No entanto, ao utiliz\u00e1-la, n\u00e3o se ganha tanta massa muscular quanto com a testosterona.<\/p>\n<p class=\"\" data-start=\"363\" data-end=\"886\">Estudos mostraram que a <strong data-start=\"387\" data-end=\"413\">Boldenona Undecilenato<\/strong> pode aumentar a quantidade de gl\u00f3bulos vermelhos em maior grau do que a maioria dos esteroides. Os efeitos ben\u00e9ficos deste esteroide s\u00e3o muito valorizados entre os atletas, tornando-se cada vez mais popular nos \u00faltimos anos. Muitos consideram que a <strong data-start=\"663\" data-end=\"689\">Boldenona Undecilenato<\/strong> \u00e9 um construtor de massa muscular mais fraco do que a <strong data-start=\"744\" data-end=\"771\">Decanoato de Nandrolona<\/strong>, mas que promove maior for\u00e7a e vasculariza\u00e7\u00e3o. <strong data-start=\"819\" data-end=\"832\">Equipoise<\/strong> \u00e9 um esteroide bem tolerado pela maioria dos atletas.<\/p>\n<p class=\"\" data-start=\"888\" data-end=\"1130\">A meia-vida deste esteroide \u00e9 longa, o que leva a ganhos musculares lentos, por\u00e9m de \u00f3tima qualidade. Por esse motivo, quando usado sozinho em ciclos de esteroides, \u00e9 necess\u00e1rio utiliz\u00e1-lo por pelo menos 12 semanas para obter bons resultados.<\/p>\n<p class=\"\" data-start=\"1132\" data-end=\"1311\">Como \u00e9 um esteroide que aumenta o apetite, a <strong data-start=\"1177\" data-end=\"1203\">Boldenona Undecilenato<\/strong> pode ser dif\u00edcil de usar quando o objetivo \u00e9 a defini\u00e7\u00e3o muscular, mas isso n\u00e3o se aplica a todos os casos.<\/p>\n<p class=\"\" data-start=\"1313\" data-end=\"1507\">Frequentemente, a <strong data-start=\"1331\" data-end=\"1357\">Boldenona Undecilenato<\/strong> \u00e9 usada junto com outros esteroides como a testosterona para melhores resultados. Ela aumenta a for\u00e7a muscular e proporciona grandes ganhos de massa.<\/p>\n<hr class=\"\" data-start=\"1509\" data-end=\"1512\" \/>\n<h3 class=\"\" data-start=\"1514\" data-end=\"1555\"><strong data-start=\"1518\" data-end=\"1555\">Dosagem de Boldenona Undecilenato<\/strong><\/h3>\n<p class=\"\" data-start=\"1557\" data-end=\"2054\">A <strong data-start=\"1559\" data-end=\"1585\">Boldenona Undecilenato<\/strong> deve ser usada pelo menos uma vez por semana em doses de <strong data-start=\"1643\" data-end=\"1664\">200-600 mg\/semana<\/strong>. A dose ideal \u00e9 de <strong data-start=\"1684\" data-end=\"1705\">500-600 mg\/semana<\/strong>. Pode ser administrada em doses menores a cada dois dias, desde que o total semanal desejado seja atingido. \u00c9 importante variar o local da inje\u00e7\u00e3o para evitar irrita\u00e7\u00f5es. Se uma dose muito grande de subst\u00e2ncia oleosa for aplicada em um s\u00f3 local, podem ocorrer complica\u00e7\u00f5es cir\u00fargicas. Para evitar isso, n\u00e3o se deve injetar mais de <strong data-start=\"2037\" data-end=\"2045\">3 ml<\/strong> por vez.<\/p>\n<p class=\"\" data-start=\"2056\" data-end=\"2168\">Um ciclo com <strong data-start=\"2069\" data-end=\"2082\">Equipoise<\/strong> deve durar no m\u00ednimo <strong data-start=\"2104\" data-end=\"2117\">8 semanas<\/strong>, com possibilidade de extens\u00e3o at\u00e9 <strong data-start=\"2153\" data-end=\"2167\">16 semanas<\/strong>.<\/p>\n<p class=\"\" data-start=\"2170\" data-end=\"2260\">A <strong data-start=\"2172\" data-end=\"2198\">Boldenona Undecilenato<\/strong> pode ser utilizada por mulheres em doses de <strong data-start=\"2243\" data-end=\"2259\">50 mg\/semana<\/strong>.<\/p>\n<hr class=\"\" data-start=\"2262\" data-end=\"2265\" \/>\n<h3 class=\"\" data-start=\"2267\" data-end=\"2306\"><strong data-start=\"2271\" data-end=\"2306\">Efeitos Colaterais da Boldenona<\/strong><\/h3>\n<p class=\"\" data-start=\"2308\" data-end=\"2472\">Os efeitos colaterais associados a este esteroide s\u00e3o geralmente leves, a menos que se abuse das doses. Em doses muito pequenas, pode at\u00e9 ser utilizado por atletas.<\/p>\n<p><\/p>","protected":false},"excerpt":{"rendered":"<p>Boldenona Undecilenato foi desenvolvida como uma tentativa de criar um \u00e9ster injet\u00e1vel mais duradouro da Metandienona, mas resultou em um<\/p>\n","protected":false},"featured_media":9992,"comment_status":"open","ping_status":"closed","template":"","meta":[],"product_brand":[],"product_cat":[69,3474],"product_tag":[],"class_list":{"0":"post-9991","1":"product","2":"type-product","3":"status-publish","4":"has-post-thumbnail","6":"product_cat-esteroides_inyectables","7":"product_cat-packs","9":"first","10":"outofstock","11":"sale","12":"shipping-taxable","13":"purchasable","14":"product-type-simple"},"yoast_head":"<!-- This site is optimized with the Yoast SEO Premium plugin v24.4 (Yoast SEO v27.0) - https:\/\/yoast.com\/product\/yoast-seo-premium-wordpress\/ -->\n<title>BOLDENON PACK 3 - Ester\u00f3ides Online<\/title>\n<meta name=\"description\" content=\"Boldenona Undecilenato (Equipoise): Anab\u00f3lico (semelhante \u00e0 testo), androg\u00eanico mais baixo. Bom para ganho muscular lento e de qualidade, for\u00e7a e vasculariza\u00e7\u00e3o. Ciclo de 12+ semanas (homens 200-600mg\/semana, mulheres 50mg\/semana). Pode aumentar o apetite.\" \/>\n<meta name=\"robots\" content=\"index, follow, max-snippet:-1, max-image-preview:large, max-video-preview:-1\" \/>\n<link rel=\"canonical\" href=\"https:\/\/iberoid-shop.com\/pt\/product\/pack3-boldenon-mp-pharm\/\" \/>\n<meta property=\"og:locale\" content=\"pt_PT\" \/>\n<meta property=\"og:type\" content=\"article\" \/>\n<meta property=\"og:title\" content=\"BOLDENON PACK 3\" \/>\n<meta property=\"og:description\" content=\"Boldenona Undecilenato (Equipoise): Anab\u00f3lico (semelhante \u00e0 testo), androg\u00eanico mais baixo. Bom para ganho muscular lento e de qualidade, for\u00e7a e vasculariza\u00e7\u00e3o. Ciclo de 12+ semanas (homens 200-600mg\/semana, mulheres 50mg\/semana). Pode aumentar o apetite.\" \/>\n<meta property=\"og:url\" content=\"https:\/\/iberoid-shop.com\/pt\/product\/pack3-boldenon-mp-pharm\/\" \/>\n<meta property=\"og:site_name\" content=\"Ester\u00f3ides Online\" \/>\n<meta property=\"article:modified_time\" content=\"2026-03-29T15:58:21+00:00\" \/>\n<meta property=\"og:image\" content=\"https:\/\/iberoid-shop.com\/wp-content\/uploads\/2025\/04\/B3-scaled.jpg?v=1743616607\" \/>\n\t<meta property=\"og:image:width\" content=\"2560\" \/>\n\t<meta property=\"og:image:height\" content=\"2024\" \/>\n\t<meta property=\"og:image:type\" content=\"image\/jpeg\" \/>\n<meta name=\"twitter:card\" content=\"summary_large_image\" \/>\n<meta name=\"twitter:label1\" content=\"pre\u00e7o\" \/>\n\t<meta name=\"twitter:data1\" content=\"&euro;55.00\" \/>\n\t<meta name=\"twitter:label2\" content=\"Disponibilidade\" \/>\n\t<meta name=\"twitter:data2\" content=\"Esgotado\" \/>\n<script type=\"application\/ld+json\" class=\"yoast-schema-graph\">{\"@context\":\"https:\/\/schema.org\",\"@graph\":[{\"@type\":\"WebPage\",\"@id\":\"https:\/\/iberoid-shop.com\/pt\/product\/pack3-boldenon-mp-pharm\/\",\"url\":\"https:\/\/iberoid-shop.com\/pt\/product\/pack3-boldenon-mp-pharm\/\",\"name\":\"BOLDENON PACK 3 - Ester\u00f3ides Online\",\"isPartOf\":{\"@id\":\"https:\/\/iberoid-shop.com\/pt\/#website\"},\"primaryImageOfPage\":{\"@id\":\"https:\/\/iberoid-shop.com\/pt\/product\/pack3-boldenon-mp-pharm\/#primaryimage\"},\"image\":{\"@id\":\"https:\/\/iberoid-shop.com\/pt\/product\/pack3-boldenon-mp-pharm\/#primaryimage\"},\"thumbnailUrl\":\"https:\/\/iberoid-shop.com\/wp-content\/uploads\/2025\/04\/B3-scaled.jpg?v=1743616607\",\"datePublished\":\"2025-04-02T17:57:14+00:00\",\"dateModified\":\"2026-03-29T15:58:21+00:00\",\"description\":\"Boldenona Undecilenato (Equipoise): Anab\u00f3lico (semelhante \u00e0 testo), androg\u00eanico mais baixo. Bom para ganho muscular lento e de qualidade, for\u00e7a e vasculariza\u00e7\u00e3o. Ciclo de 12+ semanas (homens 200-600mg\/semana, mulheres 50mg\/semana). Pode aumentar o apetite.\",\"breadcrumb\":{\"@id\":\"https:\/\/iberoid-shop.com\/pt\/product\/pack3-boldenon-mp-pharm\/#breadcrumb\"},\"inLanguage\":\"pt-PT\",\"potentialAction\":[{\"@type\":\"ReadAction\",\"target\":[[\"https:\/\/iberoid-shop.com\/pt\/product\/pack3-boldenon-mp-pharm\/\"]]}]},{\"@type\":\"ImageObject\",\"inLanguage\":\"pt-PT\",\"@id\":\"https:\/\/iberoid-shop.com\/pt\/product\/pack3-boldenon-mp-pharm\/#primaryimage\",\"url\":\"https:\/\/iberoid-shop.com\/wp-content\/uploads\/2025\/04\/B3-scaled.jpg?v=1743616607\",\"contentUrl\":\"https:\/\/iberoid-shop.com\/wp-content\/uploads\/2025\/04\/B3-scaled.jpg?v=1743616607\",\"width\":2560,\"height\":2024},{\"@type\":\"BreadcrumbList\",\"@id\":\"https:\/\/iberoid-shop.com\/pt\/product\/pack3-boldenon-mp-pharm\/#breadcrumb\",\"itemListElement\":[{\"@type\":\"ListItem\",\"position\":1,\"name\":\"Portada\",\"item\":\"https:\/\/iberoid-shop.com\/pt\/\"},{\"@type\":\"ListItem\",\"position\":2,\"name\":\"Loja\",\"item\":\"https:\/\/iberoid-shop.com\/pt\/shop\/\"},{\"@type\":\"ListItem\",\"position\":3,\"name\":\"BOLDENON PACK 3\"}]},{\"@type\":\"WebSite\",\"@id\":\"https:\/\/iberoid-shop.com\/pt\/#website\",\"url\":\"https:\/\/iberoid-shop.com\/pt\/\",\"name\":\"Ester\u00f3ides Online\",\"description\":\"Compre ester\u00f3ides online hoje em Espanha e Portugal. Temos o melhor servi\u00e7o ao cliente do setor e produtos da mais alta qualidade\",\"potentialAction\":[{\"@type\":\"SearchAction\",\"target\":{\"@type\":\"EntryPoint\",\"urlTemplate\":\"https:\/\/iberoid-shop.com\/pt\/?s={search_term_string}\"},\"query-input\":{\"@type\":\"PropertyValueSpecification\",\"valueRequired\":true,\"valueName\":\"search_term_string\"}}],\"inLanguage\":\"pt-PT\"}]}<\/script>\n<meta property=\"product:brand\" content=\"Mp-Pharm\" \/>\n<meta property=\"product:price:amount\" content=\"55.00\" \/>\n<meta property=\"product:price:currency\" content=\"EUR\" \/>\n<meta property=\"og:availability\" content=\"out of stock\" \/>\n<meta property=\"product:availability\" content=\"out of stock\" \/>\n<meta property=\"product:condition\" content=\"new\" \/>\n<!-- \/ Yoast SEO Premium plugin. -->","yoast_head_json":{"title":"BOLDENON PACK 3 - Ester\u00f3ides Online","description":"Boldenona Undecilenato (Equipoise): Anab\u00f3lico (semelhante \u00e0 testo), androg\u00eanico mais baixo. Bom para ganho muscular lento e de qualidade, for\u00e7a e vasculariza\u00e7\u00e3o. Ciclo de 12+ semanas (homens 200-600mg\/semana, mulheres 50mg\/semana). Pode aumentar o apetite.","robots":{"index":"index","follow":"follow","max-snippet":"max-snippet:-1","max-image-preview":"max-image-preview:large","max-video-preview":"max-video-preview:-1"},"canonical":"https:\/\/iberoid-shop.com\/pt\/product\/pack3-boldenon-mp-pharm\/","og_locale":"pt_PT","og_type":"article","og_title":"BOLDENON PACK 3","og_description":"Boldenona Undecilenato (Equipoise): Anab\u00f3lico (semelhante \u00e0 testo), androg\u00eanico mais baixo. Bom para ganho muscular lento e de qualidade, for\u00e7a e vasculariza\u00e7\u00e3o. Ciclo de 12+ semanas (homens 200-600mg\/semana, mulheres 50mg\/semana). Pode aumentar o apetite.","og_url":"https:\/\/iberoid-shop.com\/pt\/product\/pack3-boldenon-mp-pharm\/","og_site_name":"Ester\u00f3ides Online","article_modified_time":"2026-03-29T15:58:21+00:00","og_image":[{"width":2560,"height":2024,"url":"https:\/\/iberoid-shop.com\/wp-content\/uploads\/2025\/04\/B3-scaled.jpg?v=1743616607","type":"image\/jpeg"}],"twitter_card":"summary_large_image","twitter_misc":{"pre\u00e7o":"&euro;55.00","Disponibilidade":"Esgotado"},"schema":{"@context":"https:\/\/schema.org","@graph":[{"@type":"WebPage","@id":"https:\/\/iberoid-shop.com\/pt\/product\/pack3-boldenon-mp-pharm\/","url":"https:\/\/iberoid-shop.com\/pt\/product\/pack3-boldenon-mp-pharm\/","name":"BOLDENON PACK 3 - Ester\u00f3ides Online","isPartOf":{"@id":"https:\/\/iberoid-shop.com\/pt\/#website"},"primaryImageOfPage":{"@id":"https:\/\/iberoid-shop.com\/pt\/product\/pack3-boldenon-mp-pharm\/#primaryimage"},"image":{"@id":"https:\/\/iberoid-shop.com\/pt\/product\/pack3-boldenon-mp-pharm\/#primaryimage"},"thumbnailUrl":"https:\/\/iberoid-shop.com\/wp-content\/uploads\/2025\/04\/B3-scaled.jpg?v=1743616607","datePublished":"2025-04-02T17:57:14+00:00","dateModified":"2026-03-29T15:58:21+00:00","description":"Boldenona Undecilenato (Equipoise): Anab\u00f3lico (semelhante \u00e0 testo), androg\u00eanico mais baixo. Bom para ganho muscular lento e de qualidade, for\u00e7a e vasculariza\u00e7\u00e3o. Ciclo de 12+ semanas (homens 200-600mg\/semana, mulheres 50mg\/semana). Pode aumentar o apetite.","breadcrumb":{"@id":"https:\/\/iberoid-shop.com\/pt\/product\/pack3-boldenon-mp-pharm\/#breadcrumb"},"inLanguage":"pt-PT","potentialAction":[{"@type":"ReadAction","target":[["https:\/\/iberoid-shop.com\/pt\/product\/pack3-boldenon-mp-pharm\/"]]}]},{"@type":"ImageObject","inLanguage":"pt-PT","@id":"https:\/\/iberoid-shop.com\/pt\/product\/pack3-boldenon-mp-pharm\/#primaryimage","url":"https:\/\/iberoid-shop.com\/wp-content\/uploads\/2025\/04\/B3-scaled.jpg?v=1743616607","contentUrl":"https:\/\/iberoid-shop.com\/wp-content\/uploads\/2025\/04\/B3-scaled.jpg?v=1743616607","width":2560,"height":2024},{"@type":"BreadcrumbList","@id":"https:\/\/iberoid-shop.com\/pt\/product\/pack3-boldenon-mp-pharm\/#breadcrumb","itemListElement":[{"@type":"ListItem","position":1,"name":"Portada","item":"https:\/\/iberoid-shop.com\/pt\/"},{"@type":"ListItem","position":2,"name":"Loja","item":"https:\/\/iberoid-shop.com\/pt\/shop\/"},{"@type":"ListItem","position":3,"name":"BOLDENON PACK 3"}]},{"@type":"WebSite","@id":"https:\/\/iberoid-shop.com\/pt\/#website","url":"https:\/\/iberoid-shop.com\/pt\/","name":"Ester\u00f3ides Online","description":"Compre ester\u00f3ides online hoje em Espanha e Portugal. Temos o melhor servi\u00e7o ao cliente do setor e produtos da mais alta qualidade","potentialAction":[{"@type":"SearchAction","target":{"@type":"EntryPoint","urlTemplate":"https:\/\/iberoid-shop.com\/pt\/?s={search_term_string}"},"query-input":{"@type":"PropertyValueSpecification","valueRequired":true,"valueName":"search_term_string"}}],"inLanguage":"pt-PT"}]},"product_brand":"Mp-Pharm","product_price_amount":"55.00","product_price_currency":"EUR","og_availability":"out of stock","product_availability":"out of stock","product_condition":"new"},"_links":{"self":[{"href":"https:\/\/iberoid-shop.com\/pt\/wp-json\/wp\/v2\/product\/9991","targetHints":{"allow":["GET"]}}],"collection":[{"href":"https:\/\/iberoid-shop.com\/pt\/wp-json\/wp\/v2\/product"}],"about":[{"href":"https:\/\/iberoid-shop.com\/pt\/wp-json\/wp\/v2\/types\/product"}],"replies":[{"embeddable":true,"href":"https:\/\/iberoid-shop.com\/pt\/wp-json\/wp\/v2\/comments?post=9991"}],"wp:featuredmedia":[{"embeddable":true,"href":"https:\/\/iberoid-shop.com\/pt\/wp-json\/wp\/v2\/media\/9992"}],"wp:attachment":[{"href":"https:\/\/iberoid-shop.com\/pt\/wp-json\/wp\/v2\/media?parent=9991"}],"wp:term":[{"taxonomy":"product_brand","embeddable":true,"href":"https:\/\/iberoid-shop.com\/pt\/wp-json\/wp\/v2\/product_brand?post=9991"},{"taxonomy":"product_cat","embeddable":true,"href":"https:\/\/iberoid-shop.com\/pt\/wp-json\/wp\/v2\/product_cat?post=9991"},{"taxonomy":"product_tag","embeddable":true,"href":"https:\/\/iberoid-shop.com\/pt\/wp-json\/wp\/v2\/product_tag?post=9991"}],"curies":[{"name":"wp","href":"https:\/\/api.w.org\/{rel}","templated":true}]}}