{"id":9956,"date":"2025-03-05T22:41:04","date_gmt":"2025-03-05T22:41:04","guid":{"rendered":"https:\/\/iberoid-shop.com\/?post_type=product&#038;p=9956"},"modified":"2025-10-03T08:53:19","modified_gmt":"2025-10-03T08:53:19","slug":"liv52-protector-hepatico","status":"publish","type":"product","link":"https:\/\/iberoid-shop.com\/pt\/product\/liv52-protector-hepatico\/","title":{"rendered":"LIV 52 \/ LIVER PROTECTOR"},"content":{"rendered":"<p>Os comprimidos Liv. 52 t\u00eam um efeito favor\u00e1vel na sa\u00fade do organismo ao apoiar as fun\u00e7\u00f5es hepatobiliares.<\/p>\n<p>protege o f\u00edgado dos efeitos nocivos do \u00e1lcool, medicamentos e diversas toxinas e auxilia no processo de regenera\u00e7\u00e3o do f\u00edgado;<br \/>\nevita que o f\u00edgado fique sobrecarregado com gordura;<br \/>\ncoler\u00e9tico e colagogo, estimulando a contra\u00e7\u00e3o da ves\u00edcula biliar e provocando a elimina\u00e7\u00e3o das secre\u00e7\u00f5es da ves\u00edcula biliar;<br \/>\nmelhora o apetite e a digest\u00e3o dos alimentos;<br \/>\nadjuvante na disfun\u00e7\u00e3o da ves\u00edcula biliar e do f\u00edgado.<\/p>\n<p>Modo de administra\u00e7\u00e3o:<br \/>\nPara um melhor suporte da fun\u00e7\u00e3o hep\u00e1tica, podem ser administrados 2 comprimidos 3 vezes por dia.<br \/>\nCrian\u00e7as com mais de 6 anos: 1 comprimido 2 vezes ao dia;<br \/>\nAdultos: 2 comprimidos 2 vezes ao dia;<\/p>","protected":false},"excerpt":{"rendered":"<p>Os comprimidos Liv. 52 t\u00eam um efeito favor\u00e1vel na sa\u00fade do organismo ao apoiar as fun\u00e7\u00f5es hepatobiliares. protege o f\u00edgado<\/p>\n","protected":false},"featured_media":5116,"comment_status":"open","ping_status":"closed","template":"","meta":[],"product_brand":[],"product_cat":[3517],"product_tag":[],"class_list":{"0":"post-9956","1":"product","2":"type-product","3":"status-publish","4":"has-post-thumbnail","6":"product_cat-suplementos-2","8":"first","9":"outofstock","10":"sale","11":"shipping-taxable","12":"purchasable","13":"product-type-simple"},"yoast_head":"<!-- This site is optimized with the Yoast SEO Premium plugin v24.4 (Yoast SEO v27.0) - https:\/\/yoast.com\/product\/yoast-seo-premium-wordpress\/ -->\n<title>LIV 52 \/ LIVER PROTECTOR - Ester\u00f3ides Online<\/title>\n<meta name=\"description\" content=\"Liv.52: Apoia a sa\u00fade do f\u00edgado, protege contra toxinas, auxilia na regenera\u00e7\u00e3o, previne o f\u00edgado gorduroso. Melhora a digest\u00e3o e o apetite. Adultos: 2 comprimidos 2-3 vezes ao dia. Crian\u00e7as com mais de 6 anos: 1 comprimido duas vezes ao dia.\" \/>\n<meta name=\"robots\" content=\"index, follow, max-snippet:-1, max-image-preview:large, max-video-preview:-1\" \/>\n<link rel=\"canonical\" href=\"https:\/\/iberoid-shop.com\/pt\/product\/liv52-protector-hepatico\/\" \/>\n<meta property=\"og:locale\" content=\"pt_PT\" \/>\n<meta property=\"og:type\" content=\"article\" \/>\n<meta property=\"og:title\" content=\"LIV 52 \/ LIVER PROTECTOR\" \/>\n<meta property=\"og:description\" content=\"Liv.52: Apoia a sa\u00fade do f\u00edgado, protege contra toxinas, auxilia na regenera\u00e7\u00e3o, previne o f\u00edgado gorduroso. Melhora a digest\u00e3o e o apetite. Adultos: 2 comprimidos 2-3 vezes ao dia. Crian\u00e7as com mais de 6 anos: 1 comprimido duas vezes ao dia.\" \/>\n<meta property=\"og:url\" content=\"https:\/\/iberoid-shop.com\/pt\/product\/liv52-protector-hepatico\/\" \/>\n<meta property=\"og:site_name\" content=\"Ester\u00f3ides Online\" \/>\n<meta property=\"article:modified_time\" content=\"2025-10-03T08:53:19+00:00\" \/>\n<meta property=\"og:image\" content=\"https:\/\/iberoid-shop.com\/wp-content\/uploads\/2020\/05\/liv-52-ds-60-tablete-himalaya-1320.jpg?v=1741214760\" \/>\n\t<meta property=\"og:image:width\" content=\"1000\" \/>\n\t<meta property=\"og:image:height\" content=\"1000\" \/>\n\t<meta property=\"og:image:type\" content=\"image\/jpeg\" \/>\n<meta name=\"twitter:card\" content=\"summary_large_image\" \/>\n<meta name=\"twitter:label1\" content=\"pre\u00e7o\" \/>\n\t<meta name=\"twitter:data1\" content=\"&euro;10.00\" \/>\n\t<meta name=\"twitter:label2\" content=\"Disponibilidade\" \/>\n\t<meta name=\"twitter:data2\" content=\"Esgotado\" \/>\n<script type=\"application\/ld+json\" class=\"yoast-schema-graph\">{\"@context\":\"https:\/\/schema.org\",\"@graph\":[{\"@type\":\"WebPage\",\"@id\":\"https:\/\/iberoid-shop.com\/pt\/product\/liv52-protector-hepatico\/\",\"url\":\"https:\/\/iberoid-shop.com\/pt\/product\/liv52-protector-hepatico\/\",\"name\":\"LIV 52 \/ LIVER PROTECTOR - Ester\u00f3ides Online\",\"isPartOf\":{\"@id\":\"https:\/\/iberoid-shop.com\/pt\/#website\"},\"primaryImageOfPage\":{\"@id\":\"https:\/\/iberoid-shop.com\/pt\/product\/liv52-protector-hepatico\/#primaryimage\"},\"image\":{\"@id\":\"https:\/\/iberoid-shop.com\/pt\/product\/liv52-protector-hepatico\/#primaryimage\"},\"thumbnailUrl\":\"https:\/\/iberoid-shop.com\/wp-content\/uploads\/2020\/05\/liv-52-ds-60-tablete-himalaya-1320.jpg?v=1741214760\",\"datePublished\":\"2025-03-05T22:41:04+00:00\",\"dateModified\":\"2025-10-03T08:53:19+00:00\",\"description\":\"Liv.52: Apoia a sa\u00fade do f\u00edgado, protege contra toxinas, auxilia na regenera\u00e7\u00e3o, previne o f\u00edgado gorduroso. Melhora a digest\u00e3o e o apetite. Adultos: 2 comprimidos 2-3 vezes ao dia. Crian\u00e7as com mais de 6 anos: 1 comprimido duas vezes ao dia.\",\"breadcrumb\":{\"@id\":\"https:\/\/iberoid-shop.com\/pt\/product\/liv52-protector-hepatico\/#breadcrumb\"},\"inLanguage\":\"pt-PT\",\"potentialAction\":[{\"@type\":\"ReadAction\",\"target\":[[\"https:\/\/iberoid-shop.com\/pt\/product\/liv52-protector-hepatico\/\"]]}]},{\"@type\":\"ImageObject\",\"inLanguage\":\"pt-PT\",\"@id\":\"https:\/\/iberoid-shop.com\/pt\/product\/liv52-protector-hepatico\/#primaryimage\",\"url\":\"https:\/\/iberoid-shop.com\/wp-content\/uploads\/2020\/05\/liv-52-ds-60-tablete-himalaya-1320.jpg?v=1741214760\",\"contentUrl\":\"https:\/\/iberoid-shop.com\/wp-content\/uploads\/2020\/05\/liv-52-ds-60-tablete-himalaya-1320.jpg?v=1741214760\",\"width\":1000,\"height\":1000},{\"@type\":\"BreadcrumbList\",\"@id\":\"https:\/\/iberoid-shop.com\/pt\/product\/liv52-protector-hepatico\/#breadcrumb\",\"itemListElement\":[{\"@type\":\"ListItem\",\"position\":1,\"name\":\"Portada\",\"item\":\"https:\/\/iberoid-shop.com\/pt\/\"},{\"@type\":\"ListItem\",\"position\":2,\"name\":\"Loja\",\"item\":\"https:\/\/iberoid-shop.com\/pt\/shop\/\"},{\"@type\":\"ListItem\",\"position\":3,\"name\":\"LIV 52 \/ LIVER PROTECTOR\"}]},{\"@type\":\"WebSite\",\"@id\":\"https:\/\/iberoid-shop.com\/pt\/#website\",\"url\":\"https:\/\/iberoid-shop.com\/pt\/\",\"name\":\"Ester\u00f3ides Online\",\"description\":\"Compre ester\u00f3ides online hoje em Espanha e Portugal. Temos o melhor servi\u00e7o ao cliente do setor e produtos da mais alta qualidade\",\"potentialAction\":[{\"@type\":\"SearchAction\",\"target\":{\"@type\":\"EntryPoint\",\"urlTemplate\":\"https:\/\/iberoid-shop.com\/pt\/?s={search_term_string}\"},\"query-input\":{\"@type\":\"PropertyValueSpecification\",\"valueRequired\":true,\"valueName\":\"search_term_string\"}}],\"inLanguage\":\"pt-PT\"}]}<\/script>\n<meta property=\"product:brand\" content=\"The Himalaya\" \/>\n<meta property=\"product:price:amount\" content=\"10.00\" \/>\n<meta property=\"product:price:currency\" content=\"EUR\" \/>\n<meta property=\"og:availability\" content=\"out of stock\" \/>\n<meta property=\"product:availability\" content=\"out of stock\" \/>\n<meta property=\"product:condition\" content=\"new\" \/>\n<!-- \/ Yoast SEO Premium plugin. -->","yoast_head_json":{"title":"LIV 52 \/ LIVER PROTECTOR - Ester\u00f3ides Online","description":"Liv.52: Apoia a sa\u00fade do f\u00edgado, protege contra toxinas, auxilia na regenera\u00e7\u00e3o, previne o f\u00edgado gorduroso. Melhora a digest\u00e3o e o apetite. Adultos: 2 comprimidos 2-3 vezes ao dia. Crian\u00e7as com mais de 6 anos: 1 comprimido duas vezes ao dia.","robots":{"index":"index","follow":"follow","max-snippet":"max-snippet:-1","max-image-preview":"max-image-preview:large","max-video-preview":"max-video-preview:-1"},"canonical":"https:\/\/iberoid-shop.com\/pt\/product\/liv52-protector-hepatico\/","og_locale":"pt_PT","og_type":"article","og_title":"LIV 52 \/ LIVER PROTECTOR","og_description":"Liv.52: Apoia a sa\u00fade do f\u00edgado, protege contra toxinas, auxilia na regenera\u00e7\u00e3o, previne o f\u00edgado gorduroso. Melhora a digest\u00e3o e o apetite. Adultos: 2 comprimidos 2-3 vezes ao dia. Crian\u00e7as com mais de 6 anos: 1 comprimido duas vezes ao dia.","og_url":"https:\/\/iberoid-shop.com\/pt\/product\/liv52-protector-hepatico\/","og_site_name":"Ester\u00f3ides Online","article_modified_time":"2025-10-03T08:53:19+00:00","og_image":[{"width":1000,"height":1000,"url":"https:\/\/iberoid-shop.com\/wp-content\/uploads\/2020\/05\/liv-52-ds-60-tablete-himalaya-1320.jpg?v=1741214760","type":"image\/jpeg"}],"twitter_card":"summary_large_image","twitter_misc":{"pre\u00e7o":"&euro;10.00","Disponibilidade":"Esgotado"},"schema":{"@context":"https:\/\/schema.org","@graph":[{"@type":"WebPage","@id":"https:\/\/iberoid-shop.com\/pt\/product\/liv52-protector-hepatico\/","url":"https:\/\/iberoid-shop.com\/pt\/product\/liv52-protector-hepatico\/","name":"LIV 52 \/ LIVER PROTECTOR - Ester\u00f3ides Online","isPartOf":{"@id":"https:\/\/iberoid-shop.com\/pt\/#website"},"primaryImageOfPage":{"@id":"https:\/\/iberoid-shop.com\/pt\/product\/liv52-protector-hepatico\/#primaryimage"},"image":{"@id":"https:\/\/iberoid-shop.com\/pt\/product\/liv52-protector-hepatico\/#primaryimage"},"thumbnailUrl":"https:\/\/iberoid-shop.com\/wp-content\/uploads\/2020\/05\/liv-52-ds-60-tablete-himalaya-1320.jpg?v=1741214760","datePublished":"2025-03-05T22:41:04+00:00","dateModified":"2025-10-03T08:53:19+00:00","description":"Liv.52: Apoia a sa\u00fade do f\u00edgado, protege contra toxinas, auxilia na regenera\u00e7\u00e3o, previne o f\u00edgado gorduroso. Melhora a digest\u00e3o e o apetite. Adultos: 2 comprimidos 2-3 vezes ao dia. Crian\u00e7as com mais de 6 anos: 1 comprimido duas vezes ao dia.","breadcrumb":{"@id":"https:\/\/iberoid-shop.com\/pt\/product\/liv52-protector-hepatico\/#breadcrumb"},"inLanguage":"pt-PT","potentialAction":[{"@type":"ReadAction","target":[["https:\/\/iberoid-shop.com\/pt\/product\/liv52-protector-hepatico\/"]]}]},{"@type":"ImageObject","inLanguage":"pt-PT","@id":"https:\/\/iberoid-shop.com\/pt\/product\/liv52-protector-hepatico\/#primaryimage","url":"https:\/\/iberoid-shop.com\/wp-content\/uploads\/2020\/05\/liv-52-ds-60-tablete-himalaya-1320.jpg?v=1741214760","contentUrl":"https:\/\/iberoid-shop.com\/wp-content\/uploads\/2020\/05\/liv-52-ds-60-tablete-himalaya-1320.jpg?v=1741214760","width":1000,"height":1000},{"@type":"BreadcrumbList","@id":"https:\/\/iberoid-shop.com\/pt\/product\/liv52-protector-hepatico\/#breadcrumb","itemListElement":[{"@type":"ListItem","position":1,"name":"Portada","item":"https:\/\/iberoid-shop.com\/pt\/"},{"@type":"ListItem","position":2,"name":"Loja","item":"https:\/\/iberoid-shop.com\/pt\/shop\/"},{"@type":"ListItem","position":3,"name":"LIV 52 \/ LIVER PROTECTOR"}]},{"@type":"WebSite","@id":"https:\/\/iberoid-shop.com\/pt\/#website","url":"https:\/\/iberoid-shop.com\/pt\/","name":"Ester\u00f3ides Online","description":"Compre ester\u00f3ides online hoje em Espanha e Portugal. Temos o melhor servi\u00e7o ao cliente do setor e produtos da mais alta qualidade","potentialAction":[{"@type":"SearchAction","target":{"@type":"EntryPoint","urlTemplate":"https:\/\/iberoid-shop.com\/pt\/?s={search_term_string}"},"query-input":{"@type":"PropertyValueSpecification","valueRequired":true,"valueName":"search_term_string"}}],"inLanguage":"pt-PT"}]},"product_brand":"The Himalaya","product_price_amount":"10.00","product_price_currency":"EUR","og_availability":"out of stock","product_availability":"out of stock","product_condition":"new"},"_links":{"self":[{"href":"https:\/\/iberoid-shop.com\/pt\/wp-json\/wp\/v2\/product\/9956","targetHints":{"allow":["GET"]}}],"collection":[{"href":"https:\/\/iberoid-shop.com\/pt\/wp-json\/wp\/v2\/product"}],"about":[{"href":"https:\/\/iberoid-shop.com\/pt\/wp-json\/wp\/v2\/types\/product"}],"replies":[{"embeddable":true,"href":"https:\/\/iberoid-shop.com\/pt\/wp-json\/wp\/v2\/comments?post=9956"}],"wp:featuredmedia":[{"embeddable":true,"href":"https:\/\/iberoid-shop.com\/pt\/wp-json\/wp\/v2\/media\/5116"}],"wp:attachment":[{"href":"https:\/\/iberoid-shop.com\/pt\/wp-json\/wp\/v2\/media?parent=9956"}],"wp:term":[{"taxonomy":"product_brand","embeddable":true,"href":"https:\/\/iberoid-shop.com\/pt\/wp-json\/wp\/v2\/product_brand?post=9956"},{"taxonomy":"product_cat","embeddable":true,"href":"https:\/\/iberoid-shop.com\/pt\/wp-json\/wp\/v2\/product_cat?post=9956"},{"taxonomy":"product_tag","embeddable":true,"href":"https:\/\/iberoid-shop.com\/pt\/wp-json\/wp\/v2\/product_tag?post=9956"}],"curies":[{"name":"wp","href":"https:\/\/api.w.org\/{rel}","templated":true}]}}