{"id":9936,"date":"2025-02-16T09:07:21","date_gmt":"2025-02-16T09:07:21","guid":{"rendered":"https:\/\/iberoid-shop.com\/?post_type=product&#038;p=9936"},"modified":"2025-06-13T12:12:26","modified_gmt":"2025-06-13T12:12:26","slug":"pack3-stanozolol-suspension-water-genetic","status":"publish","type":"product","link":"https:\/\/iberoid-shop.com\/pt\/product\/pack3-stanozolol-suspension-water-genetic\/","title":{"rendered":"PACK 3 STANOZOLOL water suspension"},"content":{"rendered":"<p><strong>STANOZOLOL 50mg<\/strong>\u00a0\u2013 \u00e9 um medicamento eficaz se administrado corretamente. \u00c9 importante conhecer as 2 formas diferentes deste medicamento: oral e injet\u00e1vel. Enquanto &#8220;STANOZOLOL&#8221; frequentemente se refere a comprimidos, &#8220;Stanozolol&#8221; se refere \u00e0 forma injet\u00e1vel deste medicamento para aplica\u00e7\u00e3o intramuscular.<\/p>\n<p>Uma das propriedades do Stanozolol \u00e9 a seguinte: o ingrediente ativo \u00e9 dissolvido em \u00e1gua, n\u00e3o em \u00f3leo.<br \/>\n<strong>Stanozolol 50mg<\/strong>\u00a0\u2013 pode ser utilizado tanto para necessidades terap\u00eauticas quanto atl\u00e9ticas. Este medicamento pode ser prescrito em casos de anemia e angioedema heredit\u00e1rio. Enquanto a anemia \u00e9 uma doen\u00e7a conhecida por muitas pessoas, \u00e9 importante mencionar o que o angioedema representa. Este \u00e9 o incha\u00e7o r\u00e1pido da derme, mucosa, tecidos subcut\u00e2neos e submucosos.<\/p>\n<p>No que diz respeito \u00e0s necessidades atl\u00e9ticas, o Stanozolol \u00e9 aplicado com efic\u00e1cia principalmente para fases de defini\u00e7\u00e3o, mas tamb\u00e9m pode ser \u00fatil para ciclos de bulking (ganho de massa). Muitos fisiculturistas e outros atletas preferem usar este medicamento em vez de outros esteroides. Existem certas raz\u00f5es que podem explicar este fator. Este medicamento n\u00e3o causa ganho de peso significativo nem reten\u00e7\u00e3o de l\u00edquidos. Portanto, aqueles que usam este esteroide n\u00e3o se preocupam com esses efeitos desagrad\u00e1veis. Al\u00e9m disso, diz-se que este preparado age como um diur\u00e9tico, aumentando a excre\u00e7\u00e3o de \u00e1gua do corpo dos usu\u00e1rios. Assim, os atletas podem ganhar tamanho muscular sem acumula\u00e7\u00e3o de l\u00edquidos e gordura devido ao uso deste f\u00e1rmaco. Se a administra\u00e7\u00e3o de Stanozolol for acompanhada por uma dieta adequada, os usu\u00e1rios ganham m\u00fasculos firmes.<\/p>\n<p>Afirma-se que\u00a0<strong>25-50 mg de Stanozolol oral<\/strong>\u00a0\u00e9 uma dose di\u00e1ria normal. Mas o que se pode dizer sobre a dose da forma injet\u00e1vel deste medicamento? H\u00e1 muitas opini\u00f5es dos usu\u00e1rios que podem ser bastante controversas. V\u00e1rios fisiculturistas avan\u00e7ados confirmam que\u00a0<strong>100 mg de Stanozolol<\/strong>\u00a0podem ser tomados diariamente durante um ciclo que dura aproximadamente 2 meses. N\u00e3o \u00e9 poss\u00edvel confirmar que eles n\u00e3o experimentem nenhuma consequ\u00eancia indesejada ao usar uma dose t\u00e3o alta deste medicamento. Iniciantes afirmam que uma dose t\u00e3o alta deste medicamento causa queda de cabelo e acne. Ent\u00e3o, qual \u00e9 a quantidade adequada de Stanozolol para homens? Afirma-se que\u00a0<strong>35-75 mg<\/strong>\u00a0deste medicamento \u00e9 uma dose suficiente para homens.<\/p>","protected":false},"excerpt":{"rendered":"<p>STANOZOLOL 50mg\u00a0\u2013 \u00e9 um medicamento eficaz se administrado corretamente. \u00c9 importante conhecer as 2 formas diferentes deste medicamento: oral e<\/p>\n","protected":false},"featured_media":9901,"comment_status":"open","ping_status":"closed","template":"","meta":[],"product_brand":[],"product_cat":[69,3474],"product_tag":[],"class_list":{"0":"post-9936","1":"product","2":"type-product","3":"status-publish","4":"has-post-thumbnail","6":"product_cat-esteroides_inyectables","7":"product_cat-packs","9":"first","10":"outofstock","11":"shipping-taxable","12":"purchasable","13":"product-type-simple"},"yoast_head":"<!-- This site is optimized with the Yoast SEO Premium plugin v24.4 (Yoast SEO v27.0) - https:\/\/yoast.com\/product\/yoast-seo-premium-wordpress\/ -->\n<title>PACK 3 STANOZOLOL water suspension - Ester\u00f3ides Online<\/title>\n<meta name=\"description\" content=\"Stanozolol 50 mg: Eficaz para anemia, angioedema e uso atl\u00e9tico. Dispon\u00edvel em formas oral e injet\u00e1vel. Promove o crescimento muscular com reten\u00e7\u00e3o m\u00ednima de \u00e1gua.\" \/>\n<meta name=\"robots\" content=\"index, follow, max-snippet:-1, max-image-preview:large, max-video-preview:-1\" \/>\n<link rel=\"canonical\" href=\"https:\/\/iberoid-shop.com\/pt\/product\/pack3-stanozolol-suspension-water-genetic\/\" \/>\n<meta property=\"og:locale\" content=\"pt_PT\" \/>\n<meta property=\"og:type\" content=\"article\" \/>\n<meta property=\"og:title\" content=\"PACK 3 STANOZOLOL water suspension\" \/>\n<meta property=\"og:description\" content=\"Stanozolol 50 mg: Eficaz para anemia, angioedema e uso atl\u00e9tico. Dispon\u00edvel em formas oral e injet\u00e1vel. Promove o crescimento muscular com reten\u00e7\u00e3o m\u00ednima de \u00e1gua.\" \/>\n<meta property=\"og:url\" content=\"https:\/\/iberoid-shop.com\/pt\/product\/pack3-stanozolol-suspension-water-genetic\/\" \/>\n<meta property=\"og:site_name\" content=\"Ester\u00f3ides Online\" \/>\n<meta property=\"article:modified_time\" content=\"2025-06-13T12:12:26+00:00\" \/>\n<meta property=\"og:image\" content=\"https:\/\/iberoid-shop.com\/wp-content\/uploads\/2025\/01\/stan-gene.jpg?v=1737898379\" \/>\n\t<meta property=\"og:image:width\" content=\"2200\" \/>\n\t<meta property=\"og:image:height\" content=\"1540\" \/>\n\t<meta property=\"og:image:type\" content=\"image\/jpeg\" \/>\n<meta name=\"twitter:card\" content=\"summary_large_image\" \/>\n<meta name=\"twitter:label1\" content=\"pre\u00e7o\" \/>\n\t<meta name=\"twitter:data1\" content=\"&euro;90.00\" \/>\n\t<meta name=\"twitter:label2\" content=\"Disponibilidade\" \/>\n\t<meta name=\"twitter:data2\" content=\"Esgotado\" \/>\n<script type=\"application\/ld+json\" class=\"yoast-schema-graph\">{\"@context\":\"https:\/\/schema.org\",\"@graph\":[{\"@type\":\"WebPage\",\"@id\":\"https:\/\/iberoid-shop.com\/pt\/product\/pack3-stanozolol-suspension-water-genetic\/\",\"url\":\"https:\/\/iberoid-shop.com\/pt\/product\/pack3-stanozolol-suspension-water-genetic\/\",\"name\":\"PACK 3 STANOZOLOL water suspension - Ester\u00f3ides Online\",\"isPartOf\":{\"@id\":\"https:\/\/iberoid-shop.com\/pt\/#website\"},\"primaryImageOfPage\":{\"@id\":\"https:\/\/iberoid-shop.com\/pt\/product\/pack3-stanozolol-suspension-water-genetic\/#primaryimage\"},\"image\":{\"@id\":\"https:\/\/iberoid-shop.com\/pt\/product\/pack3-stanozolol-suspension-water-genetic\/#primaryimage\"},\"thumbnailUrl\":\"https:\/\/iberoid-shop.com\/wp-content\/uploads\/2025\/01\/stan-gene.jpg?v=1737898379\",\"datePublished\":\"2025-02-16T09:07:21+00:00\",\"dateModified\":\"2025-06-13T12:12:26+00:00\",\"description\":\"Stanozolol 50 mg: Eficaz para anemia, angioedema e uso atl\u00e9tico. Dispon\u00edvel em formas oral e injet\u00e1vel. Promove o crescimento muscular com reten\u00e7\u00e3o m\u00ednima de \u00e1gua.\",\"breadcrumb\":{\"@id\":\"https:\/\/iberoid-shop.com\/pt\/product\/pack3-stanozolol-suspension-water-genetic\/#breadcrumb\"},\"inLanguage\":\"pt-PT\",\"potentialAction\":[{\"@type\":\"ReadAction\",\"target\":[[\"https:\/\/iberoid-shop.com\/pt\/product\/pack3-stanozolol-suspension-water-genetic\/\"]]}]},{\"@type\":\"ImageObject\",\"inLanguage\":\"pt-PT\",\"@id\":\"https:\/\/iberoid-shop.com\/pt\/product\/pack3-stanozolol-suspension-water-genetic\/#primaryimage\",\"url\":\"https:\/\/iberoid-shop.com\/wp-content\/uploads\/2025\/01\/stan-gene.jpg?v=1737898379\",\"contentUrl\":\"https:\/\/iberoid-shop.com\/wp-content\/uploads\/2025\/01\/stan-gene.jpg?v=1737898379\",\"width\":2200,\"height\":1540},{\"@type\":\"BreadcrumbList\",\"@id\":\"https:\/\/iberoid-shop.com\/pt\/product\/pack3-stanozolol-suspension-water-genetic\/#breadcrumb\",\"itemListElement\":[{\"@type\":\"ListItem\",\"position\":1,\"name\":\"Portada\",\"item\":\"https:\/\/iberoid-shop.com\/pt\/\"},{\"@type\":\"ListItem\",\"position\":2,\"name\":\"Loja\",\"item\":\"https:\/\/iberoid-shop.com\/pt\/shop\/\"},{\"@type\":\"ListItem\",\"position\":3,\"name\":\"PACK 3 STANOZOLOL water suspension\"}]},{\"@type\":\"WebSite\",\"@id\":\"https:\/\/iberoid-shop.com\/pt\/#website\",\"url\":\"https:\/\/iberoid-shop.com\/pt\/\",\"name\":\"Ester\u00f3ides Online\",\"description\":\"Compre ester\u00f3ides online hoje em Espanha e Portugal. Temos o melhor servi\u00e7o ao cliente do setor e produtos da mais alta qualidade\",\"potentialAction\":[{\"@type\":\"SearchAction\",\"target\":{\"@type\":\"EntryPoint\",\"urlTemplate\":\"https:\/\/iberoid-shop.com\/pt\/?s={search_term_string}\"},\"query-input\":{\"@type\":\"PropertyValueSpecification\",\"valueRequired\":true,\"valueName\":\"search_term_string\"}}],\"inLanguage\":\"pt-PT\"}]}<\/script>\n<meta property=\"product:brand\" content=\"Genetic Life Science\" \/>\n<meta property=\"product:price:amount\" content=\"90.00\" \/>\n<meta property=\"product:price:currency\" content=\"EUR\" \/>\n<meta property=\"og:availability\" content=\"out of stock\" \/>\n<meta property=\"product:availability\" content=\"out of stock\" \/>\n<meta property=\"product:condition\" content=\"new\" \/>\n<!-- \/ Yoast SEO Premium plugin. -->","yoast_head_json":{"title":"PACK 3 STANOZOLOL water suspension - Ester\u00f3ides Online","description":"Stanozolol 50 mg: Eficaz para anemia, angioedema e uso atl\u00e9tico. Dispon\u00edvel em formas oral e injet\u00e1vel. Promove o crescimento muscular com reten\u00e7\u00e3o m\u00ednima de \u00e1gua.","robots":{"index":"index","follow":"follow","max-snippet":"max-snippet:-1","max-image-preview":"max-image-preview:large","max-video-preview":"max-video-preview:-1"},"canonical":"https:\/\/iberoid-shop.com\/pt\/product\/pack3-stanozolol-suspension-water-genetic\/","og_locale":"pt_PT","og_type":"article","og_title":"PACK 3 STANOZOLOL water suspension","og_description":"Stanozolol 50 mg: Eficaz para anemia, angioedema e uso atl\u00e9tico. Dispon\u00edvel em formas oral e injet\u00e1vel. Promove o crescimento muscular com reten\u00e7\u00e3o m\u00ednima de \u00e1gua.","og_url":"https:\/\/iberoid-shop.com\/pt\/product\/pack3-stanozolol-suspension-water-genetic\/","og_site_name":"Ester\u00f3ides Online","article_modified_time":"2025-06-13T12:12:26+00:00","og_image":[{"width":2200,"height":1540,"url":"https:\/\/iberoid-shop.com\/wp-content\/uploads\/2025\/01\/stan-gene.jpg?v=1737898379","type":"image\/jpeg"}],"twitter_card":"summary_large_image","twitter_misc":{"pre\u00e7o":"&euro;90.00","Disponibilidade":"Esgotado"},"schema":{"@context":"https:\/\/schema.org","@graph":[{"@type":"WebPage","@id":"https:\/\/iberoid-shop.com\/pt\/product\/pack3-stanozolol-suspension-water-genetic\/","url":"https:\/\/iberoid-shop.com\/pt\/product\/pack3-stanozolol-suspension-water-genetic\/","name":"PACK 3 STANOZOLOL water suspension - Ester\u00f3ides Online","isPartOf":{"@id":"https:\/\/iberoid-shop.com\/pt\/#website"},"primaryImageOfPage":{"@id":"https:\/\/iberoid-shop.com\/pt\/product\/pack3-stanozolol-suspension-water-genetic\/#primaryimage"},"image":{"@id":"https:\/\/iberoid-shop.com\/pt\/product\/pack3-stanozolol-suspension-water-genetic\/#primaryimage"},"thumbnailUrl":"https:\/\/iberoid-shop.com\/wp-content\/uploads\/2025\/01\/stan-gene.jpg?v=1737898379","datePublished":"2025-02-16T09:07:21+00:00","dateModified":"2025-06-13T12:12:26+00:00","description":"Stanozolol 50 mg: Eficaz para anemia, angioedema e uso atl\u00e9tico. Dispon\u00edvel em formas oral e injet\u00e1vel. Promove o crescimento muscular com reten\u00e7\u00e3o m\u00ednima de \u00e1gua.","breadcrumb":{"@id":"https:\/\/iberoid-shop.com\/pt\/product\/pack3-stanozolol-suspension-water-genetic\/#breadcrumb"},"inLanguage":"pt-PT","potentialAction":[{"@type":"ReadAction","target":[["https:\/\/iberoid-shop.com\/pt\/product\/pack3-stanozolol-suspension-water-genetic\/"]]}]},{"@type":"ImageObject","inLanguage":"pt-PT","@id":"https:\/\/iberoid-shop.com\/pt\/product\/pack3-stanozolol-suspension-water-genetic\/#primaryimage","url":"https:\/\/iberoid-shop.com\/wp-content\/uploads\/2025\/01\/stan-gene.jpg?v=1737898379","contentUrl":"https:\/\/iberoid-shop.com\/wp-content\/uploads\/2025\/01\/stan-gene.jpg?v=1737898379","width":2200,"height":1540},{"@type":"BreadcrumbList","@id":"https:\/\/iberoid-shop.com\/pt\/product\/pack3-stanozolol-suspension-water-genetic\/#breadcrumb","itemListElement":[{"@type":"ListItem","position":1,"name":"Portada","item":"https:\/\/iberoid-shop.com\/pt\/"},{"@type":"ListItem","position":2,"name":"Loja","item":"https:\/\/iberoid-shop.com\/pt\/shop\/"},{"@type":"ListItem","position":3,"name":"PACK 3 STANOZOLOL water suspension"}]},{"@type":"WebSite","@id":"https:\/\/iberoid-shop.com\/pt\/#website","url":"https:\/\/iberoid-shop.com\/pt\/","name":"Ester\u00f3ides Online","description":"Compre ester\u00f3ides online hoje em Espanha e Portugal. Temos o melhor servi\u00e7o ao cliente do setor e produtos da mais alta qualidade","potentialAction":[{"@type":"SearchAction","target":{"@type":"EntryPoint","urlTemplate":"https:\/\/iberoid-shop.com\/pt\/?s={search_term_string}"},"query-input":{"@type":"PropertyValueSpecification","valueRequired":true,"valueName":"search_term_string"}}],"inLanguage":"pt-PT"}]},"product_brand":"Genetic Life Science","product_price_amount":"90.00","product_price_currency":"EUR","og_availability":"out of stock","product_availability":"out of stock","product_condition":"new"},"_links":{"self":[{"href":"https:\/\/iberoid-shop.com\/pt\/wp-json\/wp\/v2\/product\/9936","targetHints":{"allow":["GET"]}}],"collection":[{"href":"https:\/\/iberoid-shop.com\/pt\/wp-json\/wp\/v2\/product"}],"about":[{"href":"https:\/\/iberoid-shop.com\/pt\/wp-json\/wp\/v2\/types\/product"}],"replies":[{"embeddable":true,"href":"https:\/\/iberoid-shop.com\/pt\/wp-json\/wp\/v2\/comments?post=9936"}],"wp:featuredmedia":[{"embeddable":true,"href":"https:\/\/iberoid-shop.com\/pt\/wp-json\/wp\/v2\/media\/9901"}],"wp:attachment":[{"href":"https:\/\/iberoid-shop.com\/pt\/wp-json\/wp\/v2\/media?parent=9936"}],"wp:term":[{"taxonomy":"product_brand","embeddable":true,"href":"https:\/\/iberoid-shop.com\/pt\/wp-json\/wp\/v2\/product_brand?post=9936"},{"taxonomy":"product_cat","embeddable":true,"href":"https:\/\/iberoid-shop.com\/pt\/wp-json\/wp\/v2\/product_cat?post=9936"},{"taxonomy":"product_tag","embeddable":true,"href":"https:\/\/iberoid-shop.com\/pt\/wp-json\/wp\/v2\/product_tag?post=9936"}],"curies":[{"name":"wp","href":"https:\/\/api.w.org\/{rel}","templated":true}]}}