{"id":9905,"date":"2025-01-26T13:46:49","date_gmt":"2025-01-26T13:46:49","guid":{"rendered":"https:\/\/iberoid-shop.com\/?post_type=product&#038;p=9905"},"modified":"2026-01-11T17:33:27","modified_gmt":"2026-01-11T17:33:27","slug":"somatogen-100-ui-hormona-somatogen","status":"publish","type":"product","link":"https:\/\/iberoid-shop.com\/pt\/product\/somatogen-100-ui-hormona-somatogen\/","title":{"rendered":"SOMATOGEN 100 UI"},"content":{"rendered":"<p>SOMATROPINA 100 \u00e9 um dos poucos produtos de horm\u00f4nio de crescimento humano 100% aut\u00eanticos, puros e de grau farmac\u00eautico dispon\u00edveis no mercado hoje em dia. Desenvolvido por cientistas de ponta, SOMATROPINA 100 foi formulado especificamente para proporcionar os melhores resultados. Cada kit de SOMATROPINA 100 cont\u00e9m 10 frascos de 10 UI de HGH.<\/p>\n<p>POR QUE VOC\u00ca DEVE COMPRAR SOMATROPINA 100?<\/p>\n<p>As inje\u00e7\u00f5es de SOMATROPINA 100 podem ajudar as pessoas a:<\/p>\n<p>\u2013 Acelerar o metabolismo para queimar gordura corporal \u2013 Aumentar a massa muscular \u2013 Aumentar o n\u00edvel geral de energia e acelerar a recupera\u00e7\u00e3o ap\u00f3s o exerc\u00edcio \u2013 Aumentar a densidade \u00f3ssea<\/p>\n<p>Devido a esses benef\u00edcios, muitas pessoas usam SOMATROPINA 100 para melhorar sua capacidade atl\u00e9tica. \u00c0s vezes \u00e9 usado em combina\u00e7\u00e3o com esteroides anab\u00f3licos para aumentar a massa muscular e melhorar o desempenho atl\u00e9tico.<\/p>","protected":false},"excerpt":{"rendered":"<p>SOMATROPINA 100 \u00e9 um dos poucos produtos de horm\u00f4nio de crescimento humano 100% aut\u00eanticos, puros e de grau farmac\u00eautico dispon\u00edveis<\/p>\n","protected":false},"featured_media":9906,"comment_status":"open","ping_status":"closed","template":"","meta":[],"product_brand":[],"product_cat":[76],"product_tag":[],"class_list":{"0":"post-9905","1":"product","2":"type-product","3":"status-publish","4":"has-post-thumbnail","6":"product_cat-hgh_peptido","8":"first","9":"outofstock","10":"sale","11":"shipping-taxable","12":"purchasable","13":"product-type-simple"},"yoast_head":"<!-- This site is optimized with the Yoast SEO Premium plugin v24.4 (Yoast SEO v27.3) - https:\/\/yoast.com\/product\/yoast-seo-premium-wordpress\/ -->\n<title>SOMATOGEN 100 UI - Ester\u00f3ides Online<\/title>\n<meta name=\"description\" content=\"SOMATROPIN 100: HGH aut\u00eantico e puro de grau farmac\u00eautico (10 frascos de 10 UI). Acelera o metabolismo para queimar gordura, aumenta a massa muscular, a energia, a recupera\u00e7\u00e3o e a densidade \u00f3ssea. Usado por atletas, \u00e0s vezes com esteroides.\" \/>\n<meta name=\"robots\" content=\"index, follow, max-snippet:-1, max-image-preview:large, max-video-preview:-1\" \/>\n<link rel=\"canonical\" href=\"https:\/\/iberoid-shop.com\/pt\/product\/somatogen-100-ui-hormona-somatogen\/\" \/>\n<meta property=\"og:locale\" content=\"pt_PT\" \/>\n<meta property=\"og:type\" content=\"article\" \/>\n<meta property=\"og:title\" content=\"SOMATOGEN 100 UI\" \/>\n<meta property=\"og:description\" content=\"SOMATROPIN 100: HGH aut\u00eantico e puro de grau farmac\u00eautico (10 frascos de 10 UI). Acelera o metabolismo para queimar gordura, aumenta a massa muscular, a energia, a recupera\u00e7\u00e3o e a densidade \u00f3ssea. Usado por atletas, \u00e0s vezes com esteroides.\" \/>\n<meta property=\"og:url\" content=\"https:\/\/iberoid-shop.com\/pt\/product\/somatogen-100-ui-hormona-somatogen\/\" \/>\n<meta property=\"og:site_name\" content=\"Ester\u00f3ides Online\" \/>\n<meta property=\"article:modified_time\" content=\"2026-01-11T17:33:27+00:00\" \/>\n<meta property=\"og:image\" content=\"https:\/\/iberoid-shop.com\/wp-content\/uploads\/2025\/01\/somatogen.jpg?v=1737899204\" \/>\n\t<meta property=\"og:image:width\" content=\"1100\" \/>\n\t<meta property=\"og:image:height\" content=\"1100\" \/>\n\t<meta property=\"og:image:type\" content=\"image\/jpeg\" \/>\n<meta name=\"twitter:card\" content=\"summary_large_image\" \/>\n<meta name=\"twitter:label1\" content=\"pre\u00e7o\" \/>\n\t<meta name=\"twitter:data1\" content=\"&euro;120.00\" \/>\n\t<meta name=\"twitter:label2\" content=\"Disponibilidade\" \/>\n\t<meta name=\"twitter:data2\" content=\"Esgotado\" \/>\n<script type=\"application\/ld+json\" class=\"yoast-schema-graph\">{\"@context\":\"https:\\\/\\\/schema.org\",\"@graph\":[{\"@type\":\"WebPage\",\"@id\":\"https:\\\/\\\/iberoid-shop.com\\\/pt\\\/product\\\/somatogen-100-ui-hormona-somatogen\\\/\",\"url\":\"https:\\\/\\\/iberoid-shop.com\\\/pt\\\/product\\\/somatogen-100-ui-hormona-somatogen\\\/\",\"name\":\"SOMATOGEN 100 UI - Ester\u00f3ides Online\",\"isPartOf\":{\"@id\":\"https:\\\/\\\/iberoid-shop.com\\\/pt\\\/#website\"},\"primaryImageOfPage\":{\"@id\":\"https:\\\/\\\/iberoid-shop.com\\\/pt\\\/product\\\/somatogen-100-ui-hormona-somatogen\\\/#primaryimage\"},\"image\":{\"@id\":\"https:\\\/\\\/iberoid-shop.com\\\/pt\\\/product\\\/somatogen-100-ui-hormona-somatogen\\\/#primaryimage\"},\"thumbnailUrl\":\"https:\\\/\\\/iberoid-shop.com\\\/wp-content\\\/uploads\\\/2025\\\/01\\\/somatogen.jpg?v=1737899204\",\"datePublished\":\"2025-01-26T13:46:49+00:00\",\"dateModified\":\"2026-01-11T17:33:27+00:00\",\"description\":\"SOMATROPIN 100: HGH aut\u00eantico e puro de grau farmac\u00eautico (10 frascos de 10 UI). Acelera o metabolismo para queimar gordura, aumenta a massa muscular, a energia, a recupera\u00e7\u00e3o e a densidade \u00f3ssea. Usado por atletas, \u00e0s vezes com esteroides.\",\"breadcrumb\":{\"@id\":\"https:\\\/\\\/iberoid-shop.com\\\/pt\\\/product\\\/somatogen-100-ui-hormona-somatogen\\\/#breadcrumb\"},\"inLanguage\":\"pt-PT\",\"potentialAction\":[{\"@type\":\"ReadAction\",\"target\":[[\"https:\\\/\\\/iberoid-shop.com\\\/pt\\\/product\\\/somatogen-100-ui-hormona-somatogen\\\/\"]]}]},{\"@type\":\"ImageObject\",\"inLanguage\":\"pt-PT\",\"@id\":\"https:\\\/\\\/iberoid-shop.com\\\/pt\\\/product\\\/somatogen-100-ui-hormona-somatogen\\\/#primaryimage\",\"url\":\"https:\\\/\\\/iberoid-shop.com\\\/wp-content\\\/uploads\\\/2025\\\/01\\\/somatogen.jpg?v=1737899204\",\"contentUrl\":\"https:\\\/\\\/iberoid-shop.com\\\/wp-content\\\/uploads\\\/2025\\\/01\\\/somatogen.jpg?v=1737899204\",\"width\":1100,\"height\":1100},{\"@type\":\"BreadcrumbList\",\"@id\":\"https:\\\/\\\/iberoid-shop.com\\\/pt\\\/product\\\/somatogen-100-ui-hormona-somatogen\\\/#breadcrumb\",\"itemListElement\":[{\"@type\":\"ListItem\",\"position\":1,\"name\":\"Portada\",\"item\":\"https:\\\/\\\/iberoid-shop.com\\\/pt\\\/\"},{\"@type\":\"ListItem\",\"position\":2,\"name\":\"Loja\",\"item\":\"https:\\\/\\\/iberoid-shop.com\\\/pt\\\/shop\\\/\"},{\"@type\":\"ListItem\",\"position\":3,\"name\":\"SOMATOGEN 100 UI\"}]},{\"@type\":\"WebSite\",\"@id\":\"https:\\\/\\\/iberoid-shop.com\\\/pt\\\/#website\",\"url\":\"https:\\\/\\\/iberoid-shop.com\\\/pt\\\/\",\"name\":\"Ester\u00f3ides Online\",\"description\":\"Compre ester\u00f3ides online hoje em Espanha e Portugal. Temos o melhor servi\u00e7o ao cliente do setor e produtos da mais alta qualidade\",\"potentialAction\":[{\"@type\":\"SearchAction\",\"target\":{\"@type\":\"EntryPoint\",\"urlTemplate\":\"https:\\\/\\\/iberoid-shop.com\\\/pt\\\/?s={search_term_string}\"},\"query-input\":{\"@type\":\"PropertyValueSpecification\",\"valueRequired\":true,\"valueName\":\"search_term_string\"}}],\"inLanguage\":\"pt-PT\"}]}<\/script>\n<meta property=\"product:price:amount\" content=\"120.00\" \/>\n<meta property=\"product:price:currency\" content=\"EUR\" \/>\n<meta property=\"og:availability\" content=\"out of stock\" \/>\n<meta property=\"product:availability\" content=\"out of stock\" \/>\n<meta property=\"product:condition\" content=\"new\" \/>\n<!-- \/ Yoast SEO Premium plugin. -->","yoast_head_json":{"title":"SOMATOGEN 100 UI - Ester\u00f3ides Online","description":"SOMATROPIN 100: HGH aut\u00eantico e puro de grau farmac\u00eautico (10 frascos de 10 UI). Acelera o metabolismo para queimar gordura, aumenta a massa muscular, a energia, a recupera\u00e7\u00e3o e a densidade \u00f3ssea. Usado por atletas, \u00e0s vezes com esteroides.","robots":{"index":"index","follow":"follow","max-snippet":"max-snippet:-1","max-image-preview":"max-image-preview:large","max-video-preview":"max-video-preview:-1"},"canonical":"https:\/\/iberoid-shop.com\/pt\/product\/somatogen-100-ui-hormona-somatogen\/","og_locale":"pt_PT","og_type":"article","og_title":"SOMATOGEN 100 UI","og_description":"SOMATROPIN 100: HGH aut\u00eantico e puro de grau farmac\u00eautico (10 frascos de 10 UI). Acelera o metabolismo para queimar gordura, aumenta a massa muscular, a energia, a recupera\u00e7\u00e3o e a densidade \u00f3ssea. Usado por atletas, \u00e0s vezes com esteroides.","og_url":"https:\/\/iberoid-shop.com\/pt\/product\/somatogen-100-ui-hormona-somatogen\/","og_site_name":"Ester\u00f3ides Online","article_modified_time":"2026-01-11T17:33:27+00:00","og_image":[{"width":1100,"height":1100,"url":"https:\/\/iberoid-shop.com\/wp-content\/uploads\/2025\/01\/somatogen.jpg?v=1737899204","type":"image\/jpeg"}],"twitter_card":"summary_large_image","twitter_misc":{"pre\u00e7o":"&euro;120.00","Disponibilidade":"Esgotado"},"schema":{"@context":"https:\/\/schema.org","@graph":[{"@type":"WebPage","@id":"https:\/\/iberoid-shop.com\/pt\/product\/somatogen-100-ui-hormona-somatogen\/","url":"https:\/\/iberoid-shop.com\/pt\/product\/somatogen-100-ui-hormona-somatogen\/","name":"SOMATOGEN 100 UI - Ester\u00f3ides Online","isPartOf":{"@id":"https:\/\/iberoid-shop.com\/pt\/#website"},"primaryImageOfPage":{"@id":"https:\/\/iberoid-shop.com\/pt\/product\/somatogen-100-ui-hormona-somatogen\/#primaryimage"},"image":{"@id":"https:\/\/iberoid-shop.com\/pt\/product\/somatogen-100-ui-hormona-somatogen\/#primaryimage"},"thumbnailUrl":"https:\/\/iberoid-shop.com\/wp-content\/uploads\/2025\/01\/somatogen.jpg?v=1737899204","datePublished":"2025-01-26T13:46:49+00:00","dateModified":"2026-01-11T17:33:27+00:00","description":"SOMATROPIN 100: HGH aut\u00eantico e puro de grau farmac\u00eautico (10 frascos de 10 UI). Acelera o metabolismo para queimar gordura, aumenta a massa muscular, a energia, a recupera\u00e7\u00e3o e a densidade \u00f3ssea. Usado por atletas, \u00e0s vezes com esteroides.","breadcrumb":{"@id":"https:\/\/iberoid-shop.com\/pt\/product\/somatogen-100-ui-hormona-somatogen\/#breadcrumb"},"inLanguage":"pt-PT","potentialAction":[{"@type":"ReadAction","target":[["https:\/\/iberoid-shop.com\/pt\/product\/somatogen-100-ui-hormona-somatogen\/"]]}]},{"@type":"ImageObject","inLanguage":"pt-PT","@id":"https:\/\/iberoid-shop.com\/pt\/product\/somatogen-100-ui-hormona-somatogen\/#primaryimage","url":"https:\/\/iberoid-shop.com\/wp-content\/uploads\/2025\/01\/somatogen.jpg?v=1737899204","contentUrl":"https:\/\/iberoid-shop.com\/wp-content\/uploads\/2025\/01\/somatogen.jpg?v=1737899204","width":1100,"height":1100},{"@type":"BreadcrumbList","@id":"https:\/\/iberoid-shop.com\/pt\/product\/somatogen-100-ui-hormona-somatogen\/#breadcrumb","itemListElement":[{"@type":"ListItem","position":1,"name":"Portada","item":"https:\/\/iberoid-shop.com\/pt\/"},{"@type":"ListItem","position":2,"name":"Loja","item":"https:\/\/iberoid-shop.com\/pt\/shop\/"},{"@type":"ListItem","position":3,"name":"SOMATOGEN 100 UI"}]},{"@type":"WebSite","@id":"https:\/\/iberoid-shop.com\/pt\/#website","url":"https:\/\/iberoid-shop.com\/pt\/","name":"Ester\u00f3ides Online","description":"Compre ester\u00f3ides online hoje em Espanha e Portugal. Temos o melhor servi\u00e7o ao cliente do setor e produtos da mais alta qualidade","potentialAction":[{"@type":"SearchAction","target":{"@type":"EntryPoint","urlTemplate":"https:\/\/iberoid-shop.com\/pt\/?s={search_term_string}"},"query-input":{"@type":"PropertyValueSpecification","valueRequired":true,"valueName":"search_term_string"}}],"inLanguage":"pt-PT"}]},"product_price_amount":"120.00","product_price_currency":"EUR","og_availability":"out of stock","product_availability":"out of stock","product_condition":"new"},"_links":{"self":[{"href":"https:\/\/iberoid-shop.com\/pt\/wp-json\/wp\/v2\/product\/9905","targetHints":{"allow":["GET"]}}],"collection":[{"href":"https:\/\/iberoid-shop.com\/pt\/wp-json\/wp\/v2\/product"}],"about":[{"href":"https:\/\/iberoid-shop.com\/pt\/wp-json\/wp\/v2\/types\/product"}],"replies":[{"embeddable":true,"href":"https:\/\/iberoid-shop.com\/pt\/wp-json\/wp\/v2\/comments?post=9905"}],"wp:featuredmedia":[{"embeddable":true,"href":"https:\/\/iberoid-shop.com\/pt\/wp-json\/wp\/v2\/media\/9906"}],"wp:attachment":[{"href":"https:\/\/iberoid-shop.com\/pt\/wp-json\/wp\/v2\/media?parent=9905"}],"wp:term":[{"taxonomy":"product_brand","embeddable":true,"href":"https:\/\/iberoid-shop.com\/pt\/wp-json\/wp\/v2\/product_brand?post=9905"},{"taxonomy":"product_cat","embeddable":true,"href":"https:\/\/iberoid-shop.com\/pt\/wp-json\/wp\/v2\/product_cat?post=9905"},{"taxonomy":"product_tag","embeddable":true,"href":"https:\/\/iberoid-shop.com\/pt\/wp-json\/wp\/v2\/product_tag?post=9905"}],"curies":[{"name":"wp","href":"https:\/\/api.w.org\/{rel}","templated":true}]}}