{"id":9900,"date":"2025-01-26T13:33:14","date_gmt":"2025-01-26T13:33:14","guid":{"rendered":"https:\/\/iberoid-shop.com\/?post_type=product&#038;p=9900"},"modified":"2025-06-13T12:14:40","modified_gmt":"2025-06-13T12:14:40","slug":"winstrol-stanozolol-supension-agua-genetic","status":"publish","type":"product","link":"https:\/\/iberoid-shop.com\/pt\/product\/winstrol-stanozolol-supension-agua-genetic\/","title":{"rendered":"stanozolol supension agua (WINSTROL)"},"content":{"rendered":"<p>Winstrol (esteroides anab\u00f3licos) \u00e9 um esteroide sint\u00e9tico, semelhante \u00e0 testosterona, utilizado no tratamento do angioedema heredit\u00e1rio, que causa epis\u00f3dios de incha\u00e7o no rosto, extremidades, genitais, parede intestinal e garganta. Winstrol pode diminuir a frequ\u00eancia e a gravidade desses ataques.<\/p>\n<p><strong>Dosagem de Winstrol<\/strong><\/p>\n<p>O uso de esteroides anab\u00f3licos como o Winstrol pode estar associado a rea\u00e7\u00f5es adversas graves, muitas das quais est\u00e3o relacionadas \u00e0 dose. Os pacientes devem ser tratados com a dose eficaz mais baixa poss\u00edvel.<\/p>\n<p><strong>Quais medicamentos, subst\u00e2ncias ou suplementos interagem com Winstrol?<\/strong><\/p>\n<p>Medicamentos que podem interagir com o Winstrol incluem anticoagulantes (anticoagulantes sangu\u00edneos), insulina ou medicamentos orais para diabetes.<\/p>","protected":false},"excerpt":{"rendered":"<p>Winstrol (esteroides anab\u00f3licos) \u00e9 um esteroide sint\u00e9tico, semelhante \u00e0 testosterona, utilizado no tratamento do angioedema heredit\u00e1rio, que causa epis\u00f3dios de<\/p>\n","protected":false},"featured_media":9901,"comment_status":"open","ping_status":"closed","template":"","meta":[],"product_brand":[],"product_cat":[69],"product_tag":[],"class_list":{"0":"post-9900","1":"product","2":"type-product","3":"status-publish","4":"has-post-thumbnail","6":"product_cat-esteroides_inyectables","8":"first","9":"outofstock","10":"shipping-taxable","11":"purchasable","12":"product-type-simple"},"yoast_head":"<!-- This site is optimized with the Yoast SEO Premium plugin v24.4 (Yoast SEO v27.0) - https:\/\/yoast.com\/product\/yoast-seo-premium-wordpress\/ -->\n<title>stanozolol supension agua (WINSTROL) - Ester\u00f3ides Online<\/title>\n<meta name=\"description\" content=\"O estanozolol, um esteroide anab\u00f3lico sint\u00e9tico, trata o angioedema heredit\u00e1rio reduzindo os epis\u00f3dios de incha\u00e7o. Use a dose efetiva mais baixa; interage com anticoagulantes, insulina e medicamentos para diabetes.\" \/>\n<meta name=\"robots\" content=\"index, follow, max-snippet:-1, max-image-preview:large, max-video-preview:-1\" \/>\n<link rel=\"canonical\" href=\"https:\/\/iberoid-shop.com\/pt\/product\/winstrol-stanozolol-supension-agua-genetic\/\" \/>\n<meta property=\"og:locale\" content=\"pt_PT\" \/>\n<meta property=\"og:type\" content=\"article\" \/>\n<meta property=\"og:title\" content=\"stanozolol supension agua (WINSTROL)\" \/>\n<meta property=\"og:description\" content=\"O estanozolol, um esteroide anab\u00f3lico sint\u00e9tico, trata o angioedema heredit\u00e1rio reduzindo os epis\u00f3dios de incha\u00e7o. Use a dose efetiva mais baixa; interage com anticoagulantes, insulina e medicamentos para diabetes.\" \/>\n<meta property=\"og:url\" content=\"https:\/\/iberoid-shop.com\/pt\/product\/winstrol-stanozolol-supension-agua-genetic\/\" \/>\n<meta property=\"og:site_name\" content=\"Ester\u00f3ides Online\" \/>\n<meta property=\"article:modified_time\" content=\"2025-06-13T12:14:40+00:00\" \/>\n<meta property=\"og:image\" content=\"https:\/\/iberoid-shop.com\/wp-content\/uploads\/2025\/01\/stan-gene.jpg?v=1737898379\" \/>\n\t<meta property=\"og:image:width\" content=\"2200\" \/>\n\t<meta property=\"og:image:height\" content=\"1540\" \/>\n\t<meta property=\"og:image:type\" content=\"image\/jpeg\" \/>\n<meta name=\"twitter:card\" content=\"summary_large_image\" \/>\n<meta name=\"twitter:label1\" content=\"pre\u00e7o\" \/>\n\t<meta name=\"twitter:data1\" content=\"&euro;45.00\" \/>\n\t<meta name=\"twitter:label2\" content=\"Disponibilidade\" \/>\n\t<meta name=\"twitter:data2\" content=\"Esgotado\" \/>\n<script type=\"application\/ld+json\" class=\"yoast-schema-graph\">{\"@context\":\"https:\/\/schema.org\",\"@graph\":[{\"@type\":\"WebPage\",\"@id\":\"https:\/\/iberoid-shop.com\/pt\/product\/winstrol-stanozolol-supension-agua-genetic\/\",\"url\":\"https:\/\/iberoid-shop.com\/pt\/product\/winstrol-stanozolol-supension-agua-genetic\/\",\"name\":\"stanozolol supension agua (WINSTROL) - Ester\u00f3ides Online\",\"isPartOf\":{\"@id\":\"https:\/\/iberoid-shop.com\/pt\/#website\"},\"primaryImageOfPage\":{\"@id\":\"https:\/\/iberoid-shop.com\/pt\/product\/winstrol-stanozolol-supension-agua-genetic\/#primaryimage\"},\"image\":{\"@id\":\"https:\/\/iberoid-shop.com\/pt\/product\/winstrol-stanozolol-supension-agua-genetic\/#primaryimage\"},\"thumbnailUrl\":\"https:\/\/iberoid-shop.com\/wp-content\/uploads\/2025\/01\/stan-gene.jpg?v=1737898379\",\"datePublished\":\"2025-01-26T13:33:14+00:00\",\"dateModified\":\"2025-06-13T12:14:40+00:00\",\"description\":\"O estanozolol, um esteroide anab\u00f3lico sint\u00e9tico, trata o angioedema heredit\u00e1rio reduzindo os epis\u00f3dios de incha\u00e7o. Use a dose efetiva mais baixa; interage com anticoagulantes, insulina e medicamentos para diabetes.\",\"breadcrumb\":{\"@id\":\"https:\/\/iberoid-shop.com\/pt\/product\/winstrol-stanozolol-supension-agua-genetic\/#breadcrumb\"},\"inLanguage\":\"pt-PT\",\"potentialAction\":[{\"@type\":\"ReadAction\",\"target\":[[\"https:\/\/iberoid-shop.com\/pt\/product\/winstrol-stanozolol-supension-agua-genetic\/\"]]}]},{\"@type\":\"ImageObject\",\"inLanguage\":\"pt-PT\",\"@id\":\"https:\/\/iberoid-shop.com\/pt\/product\/winstrol-stanozolol-supension-agua-genetic\/#primaryimage\",\"url\":\"https:\/\/iberoid-shop.com\/wp-content\/uploads\/2025\/01\/stan-gene.jpg?v=1737898379\",\"contentUrl\":\"https:\/\/iberoid-shop.com\/wp-content\/uploads\/2025\/01\/stan-gene.jpg?v=1737898379\",\"width\":2200,\"height\":1540},{\"@type\":\"BreadcrumbList\",\"@id\":\"https:\/\/iberoid-shop.com\/pt\/product\/winstrol-stanozolol-supension-agua-genetic\/#breadcrumb\",\"itemListElement\":[{\"@type\":\"ListItem\",\"position\":1,\"name\":\"Portada\",\"item\":\"https:\/\/iberoid-shop.com\/pt\/\"},{\"@type\":\"ListItem\",\"position\":2,\"name\":\"Loja\",\"item\":\"https:\/\/iberoid-shop.com\/pt\/shop\/\"},{\"@type\":\"ListItem\",\"position\":3,\"name\":\"stanozolol supension agua (WINSTROL)\"}]},{\"@type\":\"WebSite\",\"@id\":\"https:\/\/iberoid-shop.com\/pt\/#website\",\"url\":\"https:\/\/iberoid-shop.com\/pt\/\",\"name\":\"Ester\u00f3ides Online\",\"description\":\"Compre ester\u00f3ides online hoje em Espanha e Portugal. Temos o melhor servi\u00e7o ao cliente do setor e produtos da mais alta qualidade\",\"potentialAction\":[{\"@type\":\"SearchAction\",\"target\":{\"@type\":\"EntryPoint\",\"urlTemplate\":\"https:\/\/iberoid-shop.com\/pt\/?s={search_term_string}\"},\"query-input\":{\"@type\":\"PropertyValueSpecification\",\"valueRequired\":true,\"valueName\":\"search_term_string\"}}],\"inLanguage\":\"pt-PT\"}]}<\/script>\n<meta property=\"product:brand\" content=\"Genetic Life Science\" \/>\n<meta property=\"product:price:amount\" content=\"45.00\" \/>\n<meta property=\"product:price:currency\" content=\"EUR\" \/>\n<meta property=\"og:availability\" content=\"out of stock\" \/>\n<meta property=\"product:availability\" content=\"out of stock\" \/>\n<meta property=\"product:condition\" content=\"new\" \/>\n<!-- \/ Yoast SEO Premium plugin. -->","yoast_head_json":{"title":"stanozolol supension agua (WINSTROL) - Ester\u00f3ides Online","description":"O estanozolol, um esteroide anab\u00f3lico sint\u00e9tico, trata o angioedema heredit\u00e1rio reduzindo os epis\u00f3dios de incha\u00e7o. Use a dose efetiva mais baixa; interage com anticoagulantes, insulina e medicamentos para diabetes.","robots":{"index":"index","follow":"follow","max-snippet":"max-snippet:-1","max-image-preview":"max-image-preview:large","max-video-preview":"max-video-preview:-1"},"canonical":"https:\/\/iberoid-shop.com\/pt\/product\/winstrol-stanozolol-supension-agua-genetic\/","og_locale":"pt_PT","og_type":"article","og_title":"stanozolol supension agua (WINSTROL)","og_description":"O estanozolol, um esteroide anab\u00f3lico sint\u00e9tico, trata o angioedema heredit\u00e1rio reduzindo os epis\u00f3dios de incha\u00e7o. Use a dose efetiva mais baixa; interage com anticoagulantes, insulina e medicamentos para diabetes.","og_url":"https:\/\/iberoid-shop.com\/pt\/product\/winstrol-stanozolol-supension-agua-genetic\/","og_site_name":"Ester\u00f3ides Online","article_modified_time":"2025-06-13T12:14:40+00:00","og_image":[{"width":2200,"height":1540,"url":"https:\/\/iberoid-shop.com\/wp-content\/uploads\/2025\/01\/stan-gene.jpg?v=1737898379","type":"image\/jpeg"}],"twitter_card":"summary_large_image","twitter_misc":{"pre\u00e7o":"&euro;45.00","Disponibilidade":"Esgotado"},"schema":{"@context":"https:\/\/schema.org","@graph":[{"@type":"WebPage","@id":"https:\/\/iberoid-shop.com\/pt\/product\/winstrol-stanozolol-supension-agua-genetic\/","url":"https:\/\/iberoid-shop.com\/pt\/product\/winstrol-stanozolol-supension-agua-genetic\/","name":"stanozolol supension agua (WINSTROL) - Ester\u00f3ides Online","isPartOf":{"@id":"https:\/\/iberoid-shop.com\/pt\/#website"},"primaryImageOfPage":{"@id":"https:\/\/iberoid-shop.com\/pt\/product\/winstrol-stanozolol-supension-agua-genetic\/#primaryimage"},"image":{"@id":"https:\/\/iberoid-shop.com\/pt\/product\/winstrol-stanozolol-supension-agua-genetic\/#primaryimage"},"thumbnailUrl":"https:\/\/iberoid-shop.com\/wp-content\/uploads\/2025\/01\/stan-gene.jpg?v=1737898379","datePublished":"2025-01-26T13:33:14+00:00","dateModified":"2025-06-13T12:14:40+00:00","description":"O estanozolol, um esteroide anab\u00f3lico sint\u00e9tico, trata o angioedema heredit\u00e1rio reduzindo os epis\u00f3dios de incha\u00e7o. Use a dose efetiva mais baixa; interage com anticoagulantes, insulina e medicamentos para diabetes.","breadcrumb":{"@id":"https:\/\/iberoid-shop.com\/pt\/product\/winstrol-stanozolol-supension-agua-genetic\/#breadcrumb"},"inLanguage":"pt-PT","potentialAction":[{"@type":"ReadAction","target":[["https:\/\/iberoid-shop.com\/pt\/product\/winstrol-stanozolol-supension-agua-genetic\/"]]}]},{"@type":"ImageObject","inLanguage":"pt-PT","@id":"https:\/\/iberoid-shop.com\/pt\/product\/winstrol-stanozolol-supension-agua-genetic\/#primaryimage","url":"https:\/\/iberoid-shop.com\/wp-content\/uploads\/2025\/01\/stan-gene.jpg?v=1737898379","contentUrl":"https:\/\/iberoid-shop.com\/wp-content\/uploads\/2025\/01\/stan-gene.jpg?v=1737898379","width":2200,"height":1540},{"@type":"BreadcrumbList","@id":"https:\/\/iberoid-shop.com\/pt\/product\/winstrol-stanozolol-supension-agua-genetic\/#breadcrumb","itemListElement":[{"@type":"ListItem","position":1,"name":"Portada","item":"https:\/\/iberoid-shop.com\/pt\/"},{"@type":"ListItem","position":2,"name":"Loja","item":"https:\/\/iberoid-shop.com\/pt\/shop\/"},{"@type":"ListItem","position":3,"name":"stanozolol supension agua (WINSTROL)"}]},{"@type":"WebSite","@id":"https:\/\/iberoid-shop.com\/pt\/#website","url":"https:\/\/iberoid-shop.com\/pt\/","name":"Ester\u00f3ides Online","description":"Compre ester\u00f3ides online hoje em Espanha e Portugal. Temos o melhor servi\u00e7o ao cliente do setor e produtos da mais alta qualidade","potentialAction":[{"@type":"SearchAction","target":{"@type":"EntryPoint","urlTemplate":"https:\/\/iberoid-shop.com\/pt\/?s={search_term_string}"},"query-input":{"@type":"PropertyValueSpecification","valueRequired":true,"valueName":"search_term_string"}}],"inLanguage":"pt-PT"}]},"product_brand":"Genetic Life Science","product_price_amount":"45.00","product_price_currency":"EUR","og_availability":"out of stock","product_availability":"out of stock","product_condition":"new"},"_links":{"self":[{"href":"https:\/\/iberoid-shop.com\/pt\/wp-json\/wp\/v2\/product\/9900","targetHints":{"allow":["GET"]}}],"collection":[{"href":"https:\/\/iberoid-shop.com\/pt\/wp-json\/wp\/v2\/product"}],"about":[{"href":"https:\/\/iberoid-shop.com\/pt\/wp-json\/wp\/v2\/types\/product"}],"replies":[{"embeddable":true,"href":"https:\/\/iberoid-shop.com\/pt\/wp-json\/wp\/v2\/comments?post=9900"}],"wp:featuredmedia":[{"embeddable":true,"href":"https:\/\/iberoid-shop.com\/pt\/wp-json\/wp\/v2\/media\/9901"}],"wp:attachment":[{"href":"https:\/\/iberoid-shop.com\/pt\/wp-json\/wp\/v2\/media?parent=9900"}],"wp:term":[{"taxonomy":"product_brand","embeddable":true,"href":"https:\/\/iberoid-shop.com\/pt\/wp-json\/wp\/v2\/product_brand?post=9900"},{"taxonomy":"product_cat","embeddable":true,"href":"https:\/\/iberoid-shop.com\/pt\/wp-json\/wp\/v2\/product_cat?post=9900"},{"taxonomy":"product_tag","embeddable":true,"href":"https:\/\/iberoid-shop.com\/pt\/wp-json\/wp\/v2\/product_tag?post=9900"}],"curies":[{"name":"wp","href":"https:\/\/api.w.org\/{rel}","templated":true}]}}