{"id":9870,"date":"2025-01-02T13:52:25","date_gmt":"2025-01-02T13:52:25","guid":{"rendered":"https:\/\/iberoid-shop.com\/?post_type=product&#038;p=9870"},"modified":"2026-03-22T11:48:21","modified_gmt":"2026-03-22T11:48:21","slug":"pack3boldenon-premium-boldoged-epf","status":"publish","type":"product","link":"https:\/\/iberoid-shop.com\/pt\/product\/pack3boldenon-premium-boldoged-epf\/","title":{"rendered":"PACK 3 BOLDENON PREMIUM (BOLDOGED)"},"content":{"rendered":"<p>Boldenona undecilenato \u00e9 um esteroide veterin\u00e1rio injet\u00e1vel que apresenta fortes propriedades anab\u00f3licas e moderadamente androg\u00eanicas. O \u00e9ster undecilenato prolonga consideravelmente a atividade do f\u00e1rmaco (o \u00e9ster undecilenato possui apenas um \u00e1tomo de carbono a mais que o decanoato), de modo que as inje\u00e7\u00f5es precisam ser repetidas apenas uma vez a cada 3 ou 4 semanas. As propriedades anab\u00f3licas e androg\u00eanicas bem equilibradas deste f\u00e1rmaco s\u00e3o muito valorizadas pelos atletas, que geralmente o consideram uma alternativa mais forte e ligeiramente mais androg\u00eanica ao DecaDurabolin\u00ae. \u00c9 geralmente mais econ\u00f4mico e pode substituir o Deca na maioria dos ciclos sem alterar significativamente o resultado final.<\/p>\n<p>Boldenona undecilenato tamb\u00e9m \u00e9 amplamente conhecido como um f\u00e1rmaco capaz de aumentar a produ\u00e7\u00e3o de gl\u00f3bulos vermelhos, embora n\u00e3o deva haver confus\u00e3o de que este \u00e9 um efeito caracter\u00edstico de quase todos os esteroides anab\u00f3licos\/androg\u00eanicos.<\/p>","protected":false},"excerpt":{"rendered":"<p>Boldenona undecilenato \u00e9 um esteroide veterin\u00e1rio injet\u00e1vel que apresenta fortes propriedades anab\u00f3licas e moderadamente androg\u00eanicas. O \u00e9ster undecilenato prolonga consideravelmente<\/p>\n","protected":false},"featured_media":9325,"comment_status":"open","ping_status":"closed","template":"","meta":[],"product_brand":[],"product_cat":[3474],"product_tag":[],"class_list":{"0":"post-9870","1":"product","2":"type-product","3":"status-publish","4":"has-post-thumbnail","6":"product_cat-packs","8":"first","9":"instock","10":"sale","11":"shipping-taxable","12":"purchasable","13":"product-type-simple"},"yoast_head":"<!-- This site is optimized with the Yoast SEO Premium plugin v24.4 (Yoast SEO v27.3) - https:\/\/yoast.com\/product\/yoast-seo-premium-wordpress\/ -->\n<title>PACK 3 BOLDENON PREMIUM (BOLDOGED) - Ester\u00f3ides Online<\/title>\n<meta name=\"description\" content=\"O boldenona undecilenato \u00e9 um esteroide veterin\u00e1rio com fortes efeitos anab\u00f3licos e efeitos androg\u00eanicos moderados. Popular entre atletas, ele aumenta a produ\u00e7\u00e3o de gl\u00f3bulos vermelhos e oferece resultados duradouros com menos inje\u00e7\u00f5es.\" \/>\n<meta name=\"robots\" content=\"index, follow, max-snippet:-1, max-image-preview:large, max-video-preview:-1\" \/>\n<link rel=\"canonical\" href=\"https:\/\/iberoid-shop.com\/pt\/product\/pack3boldenon-premium-boldoged-epf\/\" \/>\n<meta property=\"og:locale\" content=\"pt_PT\" \/>\n<meta property=\"og:type\" content=\"article\" \/>\n<meta property=\"og:title\" content=\"PACK 3 BOLDENON PREMIUM (BOLDOGED)\" \/>\n<meta property=\"og:description\" content=\"O boldenona undecilenato \u00e9 um esteroide veterin\u00e1rio com fortes efeitos anab\u00f3licos e efeitos androg\u00eanicos moderados. Popular entre atletas, ele aumenta a produ\u00e7\u00e3o de gl\u00f3bulos vermelhos e oferece resultados duradouros com menos inje\u00e7\u00f5es.\" \/>\n<meta property=\"og:url\" content=\"https:\/\/iberoid-shop.com\/pt\/product\/pack3boldenon-premium-boldoged-epf\/\" \/>\n<meta property=\"og:site_name\" content=\"Ester\u00f3ides Online\" \/>\n<meta property=\"article:modified_time\" content=\"2026-03-22T11:48:21+00:00\" \/>\n<meta property=\"og:image\" content=\"https:\/\/iberoid-shop.com\/wp-content\/uploads\/2024\/04\/boldp.jpg?v=1712263998\" \/>\n\t<meta property=\"og:image:width\" content=\"1280\" \/>\n\t<meta property=\"og:image:height\" content=\"1280\" \/>\n\t<meta property=\"og:image:type\" content=\"image\/jpeg\" \/>\n<meta name=\"twitter:card\" content=\"summary_large_image\" \/>\n<meta name=\"twitter:label1\" content=\"pre\u00e7o\" \/>\n\t<meta name=\"twitter:data1\" content=\"&euro;100.00\" \/>\n\t<meta name=\"twitter:label2\" content=\"Disponibilidade\" \/>\n\t<meta name=\"twitter:data2\" content=\"Em stock\" \/>\n<script type=\"application\/ld+json\" class=\"yoast-schema-graph\">{\"@context\":\"https:\\\/\\\/schema.org\",\"@graph\":[{\"@type\":\"WebPage\",\"@id\":\"https:\\\/\\\/iberoid-shop.com\\\/pt\\\/product\\\/pack3boldenon-premium-boldoged-epf\\\/\",\"url\":\"https:\\\/\\\/iberoid-shop.com\\\/pt\\\/product\\\/pack3boldenon-premium-boldoged-epf\\\/\",\"name\":\"PACK 3 BOLDENON PREMIUM (BOLDOGED) - Ester\u00f3ides Online\",\"isPartOf\":{\"@id\":\"https:\\\/\\\/iberoid-shop.com\\\/pt\\\/#website\"},\"primaryImageOfPage\":{\"@id\":\"https:\\\/\\\/iberoid-shop.com\\\/pt\\\/product\\\/pack3boldenon-premium-boldoged-epf\\\/#primaryimage\"},\"image\":{\"@id\":\"https:\\\/\\\/iberoid-shop.com\\\/pt\\\/product\\\/pack3boldenon-premium-boldoged-epf\\\/#primaryimage\"},\"thumbnailUrl\":\"https:\\\/\\\/iberoid-shop.com\\\/wp-content\\\/uploads\\\/2024\\\/04\\\/boldp.jpg?v=1712263998\",\"datePublished\":\"2025-01-02T13:52:25+00:00\",\"dateModified\":\"2026-03-22T11:48:21+00:00\",\"description\":\"O boldenona undecilenato \u00e9 um esteroide veterin\u00e1rio com fortes efeitos anab\u00f3licos e efeitos androg\u00eanicos moderados. Popular entre atletas, ele aumenta a produ\u00e7\u00e3o de gl\u00f3bulos vermelhos e oferece resultados duradouros com menos inje\u00e7\u00f5es.\",\"breadcrumb\":{\"@id\":\"https:\\\/\\\/iberoid-shop.com\\\/pt\\\/product\\\/pack3boldenon-premium-boldoged-epf\\\/#breadcrumb\"},\"inLanguage\":\"pt-PT\",\"potentialAction\":[{\"@type\":\"ReadAction\",\"target\":[[\"https:\\\/\\\/iberoid-shop.com\\\/pt\\\/product\\\/pack3boldenon-premium-boldoged-epf\\\/\"]]}]},{\"@type\":\"ImageObject\",\"inLanguage\":\"pt-PT\",\"@id\":\"https:\\\/\\\/iberoid-shop.com\\\/pt\\\/product\\\/pack3boldenon-premium-boldoged-epf\\\/#primaryimage\",\"url\":\"https:\\\/\\\/iberoid-shop.com\\\/wp-content\\\/uploads\\\/2024\\\/04\\\/boldp.jpg?v=1712263998\",\"contentUrl\":\"https:\\\/\\\/iberoid-shop.com\\\/wp-content\\\/uploads\\\/2024\\\/04\\\/boldp.jpg?v=1712263998\",\"width\":1280,\"height\":1280,\"caption\":\"BOLDOGED PREMIUM LINE\"},{\"@type\":\"BreadcrumbList\",\"@id\":\"https:\\\/\\\/iberoid-shop.com\\\/pt\\\/product\\\/pack3boldenon-premium-boldoged-epf\\\/#breadcrumb\",\"itemListElement\":[{\"@type\":\"ListItem\",\"position\":1,\"name\":\"Portada\",\"item\":\"https:\\\/\\\/iberoid-shop.com\\\/pt\\\/\"},{\"@type\":\"ListItem\",\"position\":2,\"name\":\"Loja\",\"item\":\"https:\\\/\\\/iberoid-shop.com\\\/pt\\\/shop\\\/\"},{\"@type\":\"ListItem\",\"position\":3,\"name\":\"PACK 3 BOLDENON PREMIUM (BOLDOGED)\"}]},{\"@type\":\"WebSite\",\"@id\":\"https:\\\/\\\/iberoid-shop.com\\\/pt\\\/#website\",\"url\":\"https:\\\/\\\/iberoid-shop.com\\\/pt\\\/\",\"name\":\"Ester\u00f3ides Online\",\"description\":\"Compre ester\u00f3ides online hoje em Espanha e Portugal. Temos o melhor servi\u00e7o ao cliente do setor e produtos da mais alta qualidade\",\"potentialAction\":[{\"@type\":\"SearchAction\",\"target\":{\"@type\":\"EntryPoint\",\"urlTemplate\":\"https:\\\/\\\/iberoid-shop.com\\\/pt\\\/?s={search_term_string}\"},\"query-input\":{\"@type\":\"PropertyValueSpecification\",\"valueRequired\":true,\"valueName\":\"search_term_string\"}}],\"inLanguage\":\"pt-PT\"}]}<\/script>\n<meta property=\"product:brand\" content=\"Euro Prime Pharmaceuticals (EPF)\" \/>\n<meta property=\"product:price:amount\" content=\"100.00\" \/>\n<meta property=\"product:price:currency\" content=\"EUR\" \/>\n<meta property=\"og:availability\" content=\"instock\" \/>\n<meta property=\"product:availability\" content=\"instock\" \/>\n<meta property=\"product:condition\" content=\"new\" \/>\n<!-- \/ Yoast SEO Premium plugin. -->","yoast_head_json":{"title":"PACK 3 BOLDENON PREMIUM (BOLDOGED) - Ester\u00f3ides Online","description":"O boldenona undecilenato \u00e9 um esteroide veterin\u00e1rio com fortes efeitos anab\u00f3licos e efeitos androg\u00eanicos moderados. Popular entre atletas, ele aumenta a produ\u00e7\u00e3o de gl\u00f3bulos vermelhos e oferece resultados duradouros com menos inje\u00e7\u00f5es.","robots":{"index":"index","follow":"follow","max-snippet":"max-snippet:-1","max-image-preview":"max-image-preview:large","max-video-preview":"max-video-preview:-1"},"canonical":"https:\/\/iberoid-shop.com\/pt\/product\/pack3boldenon-premium-boldoged-epf\/","og_locale":"pt_PT","og_type":"article","og_title":"PACK 3 BOLDENON PREMIUM (BOLDOGED)","og_description":"O boldenona undecilenato \u00e9 um esteroide veterin\u00e1rio com fortes efeitos anab\u00f3licos e efeitos androg\u00eanicos moderados. Popular entre atletas, ele aumenta a produ\u00e7\u00e3o de gl\u00f3bulos vermelhos e oferece resultados duradouros com menos inje\u00e7\u00f5es.","og_url":"https:\/\/iberoid-shop.com\/pt\/product\/pack3boldenon-premium-boldoged-epf\/","og_site_name":"Ester\u00f3ides Online","article_modified_time":"2026-03-22T11:48:21+00:00","og_image":[{"width":1280,"height":1280,"url":"https:\/\/iberoid-shop.com\/wp-content\/uploads\/2024\/04\/boldp.jpg?v=1712263998","type":"image\/jpeg"}],"twitter_card":"summary_large_image","twitter_misc":{"pre\u00e7o":"&euro;100.00","Disponibilidade":"Em stock"},"schema":{"@context":"https:\/\/schema.org","@graph":[{"@type":"WebPage","@id":"https:\/\/iberoid-shop.com\/pt\/product\/pack3boldenon-premium-boldoged-epf\/","url":"https:\/\/iberoid-shop.com\/pt\/product\/pack3boldenon-premium-boldoged-epf\/","name":"PACK 3 BOLDENON PREMIUM (BOLDOGED) - Ester\u00f3ides Online","isPartOf":{"@id":"https:\/\/iberoid-shop.com\/pt\/#website"},"primaryImageOfPage":{"@id":"https:\/\/iberoid-shop.com\/pt\/product\/pack3boldenon-premium-boldoged-epf\/#primaryimage"},"image":{"@id":"https:\/\/iberoid-shop.com\/pt\/product\/pack3boldenon-premium-boldoged-epf\/#primaryimage"},"thumbnailUrl":"https:\/\/iberoid-shop.com\/wp-content\/uploads\/2024\/04\/boldp.jpg?v=1712263998","datePublished":"2025-01-02T13:52:25+00:00","dateModified":"2026-03-22T11:48:21+00:00","description":"O boldenona undecilenato \u00e9 um esteroide veterin\u00e1rio com fortes efeitos anab\u00f3licos e efeitos androg\u00eanicos moderados. Popular entre atletas, ele aumenta a produ\u00e7\u00e3o de gl\u00f3bulos vermelhos e oferece resultados duradouros com menos inje\u00e7\u00f5es.","breadcrumb":{"@id":"https:\/\/iberoid-shop.com\/pt\/product\/pack3boldenon-premium-boldoged-epf\/#breadcrumb"},"inLanguage":"pt-PT","potentialAction":[{"@type":"ReadAction","target":[["https:\/\/iberoid-shop.com\/pt\/product\/pack3boldenon-premium-boldoged-epf\/"]]}]},{"@type":"ImageObject","inLanguage":"pt-PT","@id":"https:\/\/iberoid-shop.com\/pt\/product\/pack3boldenon-premium-boldoged-epf\/#primaryimage","url":"https:\/\/iberoid-shop.com\/wp-content\/uploads\/2024\/04\/boldp.jpg?v=1712263998","contentUrl":"https:\/\/iberoid-shop.com\/wp-content\/uploads\/2024\/04\/boldp.jpg?v=1712263998","width":1280,"height":1280,"caption":"BOLDOGED PREMIUM LINE"},{"@type":"BreadcrumbList","@id":"https:\/\/iberoid-shop.com\/pt\/product\/pack3boldenon-premium-boldoged-epf\/#breadcrumb","itemListElement":[{"@type":"ListItem","position":1,"name":"Portada","item":"https:\/\/iberoid-shop.com\/pt\/"},{"@type":"ListItem","position":2,"name":"Loja","item":"https:\/\/iberoid-shop.com\/pt\/shop\/"},{"@type":"ListItem","position":3,"name":"PACK 3 BOLDENON PREMIUM (BOLDOGED)"}]},{"@type":"WebSite","@id":"https:\/\/iberoid-shop.com\/pt\/#website","url":"https:\/\/iberoid-shop.com\/pt\/","name":"Ester\u00f3ides Online","description":"Compre ester\u00f3ides online hoje em Espanha e Portugal. Temos o melhor servi\u00e7o ao cliente do setor e produtos da mais alta qualidade","potentialAction":[{"@type":"SearchAction","target":{"@type":"EntryPoint","urlTemplate":"https:\/\/iberoid-shop.com\/pt\/?s={search_term_string}"},"query-input":{"@type":"PropertyValueSpecification","valueRequired":true,"valueName":"search_term_string"}}],"inLanguage":"pt-PT"}]},"product_brand":"Euro Prime Pharmaceuticals (EPF)","product_price_amount":"100.00","product_price_currency":"EUR","og_availability":"instock","product_availability":"instock","product_condition":"new"},"_links":{"self":[{"href":"https:\/\/iberoid-shop.com\/pt\/wp-json\/wp\/v2\/product\/9870","targetHints":{"allow":["GET"]}}],"collection":[{"href":"https:\/\/iberoid-shop.com\/pt\/wp-json\/wp\/v2\/product"}],"about":[{"href":"https:\/\/iberoid-shop.com\/pt\/wp-json\/wp\/v2\/types\/product"}],"replies":[{"embeddable":true,"href":"https:\/\/iberoid-shop.com\/pt\/wp-json\/wp\/v2\/comments?post=9870"}],"wp:featuredmedia":[{"embeddable":true,"href":"https:\/\/iberoid-shop.com\/pt\/wp-json\/wp\/v2\/media\/9325"}],"wp:attachment":[{"href":"https:\/\/iberoid-shop.com\/pt\/wp-json\/wp\/v2\/media?parent=9870"}],"wp:term":[{"taxonomy":"product_brand","embeddable":true,"href":"https:\/\/iberoid-shop.com\/pt\/wp-json\/wp\/v2\/product_brand?post=9870"},{"taxonomy":"product_cat","embeddable":true,"href":"https:\/\/iberoid-shop.com\/pt\/wp-json\/wp\/v2\/product_cat?post=9870"},{"taxonomy":"product_tag","embeddable":true,"href":"https:\/\/iberoid-shop.com\/pt\/wp-json\/wp\/v2\/product_tag?post=9870"}],"curies":[{"name":"wp","href":"https:\/\/api.w.org\/{rel}","templated":true}]}}