{"id":9847,"date":"2024-12-14T11:00:10","date_gmt":"2024-12-14T11:00:10","guid":{"rendered":"https:\/\/iberoid-shop.com\/?post_type=product&#038;p=9847"},"modified":"2026-03-29T16:00:17","modified_gmt":"2026-03-29T16:00:17","slug":"pack3stanozolol10-mg-epfpremium","status":"publish","type":"product","link":"https:\/\/iberoid-shop.com\/pt\/product\/pack3stanozolol10-mg-epfpremium\/","title":{"rendered":"PACK 3 Stanozolol 10 mg"},"content":{"rendered":"<p>Stanozolol da EPF \u00e9 um produto muito procurado no mercado farmacol\u00f3gico moderno. Os produtos desta empresa moldava s\u00e3o altamente populares entre atletas de diversos pa\u00edses ao redor do mundo. A principal caracter\u00edstica deste esteroide anab\u00f3lico \u00e9 sua capacidade de melhorar significativamente a resist\u00eancia. Vale destacar que a maioria dos esteroides anab\u00f3lico-androg\u00eanicos estimula principalmente o aumento dos indicadores de for\u00e7a. Representantes de esportes c\u00edclicos podem adquirir o Stanozolol da EPF.<\/p>\n<p>Este produto se destaca por seu alto n\u00edvel de seguran\u00e7a. Por essa raz\u00e3o, atletas do sexo feminino tamb\u00e9m podem utiliz\u00e1-lo. As mulheres t\u00eam a oportunidade de usar este produto com riscos m\u00ednimos \u00e0 sa\u00fade.<\/p>\n<p><strong>Principais efeitos do Stanozolol EPF<\/strong><\/p>\n<p>O esteroide \u00e9 baseado na subst\u00e2ncia ativa de mesmo nome, que \u00e9 um derivado da diidrotestosterona. Assim como o horm\u00f4nio original, o Stanozolol n\u00e3o consegue interagir com a enzima aromatase. No entanto, sua atividade androg\u00eanica \u00e9 significativamente menor em compara\u00e7\u00e3o \u00e0 diidrotestosterona, situando-se em apenas 30%. Por outro lado, a atividade anab\u00f3lica do produto \u00e9 de 320%.<\/p>\n<p>Os principais efeitos positivos do anab\u00f3lico incluem:<\/p>\n<ul>\n<li>Fortes propriedades de queima de gordura;<\/li>\n<li>Melhoria na defini\u00e7\u00e3o muscular;<\/li>\n<li>Est\u00edmulo ao aumento de for\u00e7a, desempenho e resist\u00eancia;<\/li>\n<li>Acelera\u00e7\u00e3o na elimina\u00e7\u00e3o de l\u00edquidos do corpo;<\/li>\n<li>Atua\u00e7\u00e3o como um poderoso anticatab\u00f3lico.<\/li>\n<\/ul>\n<p><strong>Orienta\u00e7\u00f5es para um ciclo solo de Strombaged EPF<\/strong><\/p>\n<p>Como o ingrediente ativo do esteroide possui uma meia-vida curta, os comprimidos devem ser tomados diariamente. A dosagem di\u00e1ria depende do g\u00eanero do atleta. Recomenda-se fortemente que as mulheres n\u00e3o excedam uma dose di\u00e1ria de 20 mg. Para os homens, a dosagem m\u00e1xima di\u00e1ria \u00e9 de 60 mg.<\/p>\n<p>Os ciclos raramente ultrapassam dois meses de dura\u00e7\u00e3o. Isso ocorre porque todos os esteroides anab\u00f3licos orais t\u00eam um certo n\u00edvel de hepatotoxicidade, o que pode afetar a fun\u00e7\u00e3o do f\u00edgado. Para evitar isso, n\u00e3o utilize esteroides anab\u00f3licos orais por mais de 8 semanas. Al\u00e9m disso, recomenda-se realizar uma terapia p\u00f3s-ciclo ap\u00f3s a suspens\u00e3o do esteroide.<\/p>\n<p><strong>Caracter\u00edsticas da combina\u00e7\u00e3o de esteroides<\/strong><\/p>\n<p>A combina\u00e7\u00e3o de ciclos pode melhorar a efic\u00e1cia do uso farmacol\u00f3gico, enquanto os riscos de efeitos colaterais permanecem praticamente os mesmos. Como o Stanozolol \u00e9 um poderoso queimador de gordura, ele \u00e9 mais frequentemente utilizado por fisiculturistas durante as fases de defini\u00e7\u00e3o. Isso significa que ele \u00e9 comumente combinado com Fenilpropionato de Testosterona, Masteron, Primobolan, Propionato de Testosterona e Acetato de Trembolona. Essas combina\u00e7\u00f5es de Strombaged da EPF s\u00e3o altamente populares entre os atletas.<\/p>\n<p>Atletas experientes do sexo feminino tamb\u00e9m podem realizar ciclos combinados que incluam este esteroide. No entanto, elas devem combin\u00e1-lo apenas com Primobolan, pois o uso de outras combina\u00e7\u00f5es aumenta significativamente o risco de efeitos colaterais.<\/p>","protected":false},"excerpt":{"rendered":"<p>Stanozolol da EPF \u00e9 um produto muito procurado no mercado farmacol\u00f3gico moderno. Os produtos desta empresa moldava s\u00e3o altamente populares<\/p>\n","protected":false},"featured_media":9848,"comment_status":"open","ping_status":"closed","template":"","meta":[],"product_brand":[],"product_cat":[73,3474],"product_tag":[],"class_list":{"0":"post-9847","1":"product","2":"type-product","3":"status-publish","4":"has-post-thumbnail","6":"product_cat-ssteroides_orales","7":"product_cat-packs","9":"first","10":"instock","11":"sale","12":"shipping-taxable","13":"purchasable","14":"product-type-simple"},"yoast_head":"<!-- This site is optimized with the Yoast SEO Premium plugin v24.4 (Yoast SEO v27.0) - https:\/\/yoast.com\/product\/yoast-seo-premium-wordpress\/ -->\n<title>PACK 3 Stanozolol 10 mg - Ester\u00f3ides Online<\/title>\n<meta name=\"description\" content=\"Stanozolol da EPF: Aumenta a resist\u00eancia, queima gordura e melhora o desempenho. Popular entre os atletas por sua seguran\u00e7a e efic\u00e1cia.\" \/>\n<meta name=\"robots\" content=\"index, follow, max-snippet:-1, max-image-preview:large, max-video-preview:-1\" \/>\n<link rel=\"canonical\" href=\"https:\/\/iberoid-shop.com\/pt\/product\/pack3stanozolol10-mg-epfpremium\/\" \/>\n<meta property=\"og:locale\" content=\"pt_PT\" \/>\n<meta property=\"og:type\" content=\"article\" \/>\n<meta property=\"og:title\" content=\"PACK 3 Stanozolol 10 mg\" \/>\n<meta property=\"og:description\" content=\"Stanozolol da EPF: Aumenta a resist\u00eancia, queima gordura e melhora o desempenho. Popular entre os atletas por sua seguran\u00e7a e efic\u00e1cia.\" \/>\n<meta property=\"og:url\" content=\"https:\/\/iberoid-shop.com\/pt\/product\/pack3stanozolol10-mg-epfpremium\/\" \/>\n<meta property=\"og:site_name\" content=\"Ester\u00f3ides Online\" \/>\n<meta property=\"article:modified_time\" content=\"2026-03-29T16:00:17+00:00\" \/>\n<meta property=\"og:image\" content=\"https:\/\/iberoid-shop.com\/wp-content\/uploads\/2024\/12\/stromba3-scaled.jpeg?v=1734173928\" \/>\n\t<meta property=\"og:image:width\" content=\"2416\" \/>\n\t<meta property=\"og:image:height\" content=\"2560\" \/>\n\t<meta property=\"og:image:type\" content=\"image\/jpeg\" \/>\n<meta name=\"twitter:card\" content=\"summary_large_image\" \/>\n<meta name=\"twitter:label1\" content=\"pre\u00e7o\" \/>\n\t<meta name=\"twitter:data1\" content=\"&euro;55.00\" \/>\n\t<meta name=\"twitter:label2\" content=\"Disponibilidade\" \/>\n\t<meta name=\"twitter:data2\" content=\"Em stock\" \/>\n<script type=\"application\/ld+json\" class=\"yoast-schema-graph\">{\"@context\":\"https:\/\/schema.org\",\"@graph\":[{\"@type\":\"WebPage\",\"@id\":\"https:\/\/iberoid-shop.com\/pt\/product\/pack3stanozolol10-mg-epfpremium\/\",\"url\":\"https:\/\/iberoid-shop.com\/pt\/product\/pack3stanozolol10-mg-epfpremium\/\",\"name\":\"PACK 3 Stanozolol 10 mg - Ester\u00f3ides Online\",\"isPartOf\":{\"@id\":\"https:\/\/iberoid-shop.com\/pt\/#website\"},\"primaryImageOfPage\":{\"@id\":\"https:\/\/iberoid-shop.com\/pt\/product\/pack3stanozolol10-mg-epfpremium\/#primaryimage\"},\"image\":{\"@id\":\"https:\/\/iberoid-shop.com\/pt\/product\/pack3stanozolol10-mg-epfpremium\/#primaryimage\"},\"thumbnailUrl\":\"https:\/\/iberoid-shop.com\/wp-content\/uploads\/2024\/12\/stromba3-scaled.jpeg?v=1734173928\",\"datePublished\":\"2024-12-14T11:00:10+00:00\",\"dateModified\":\"2026-03-29T16:00:17+00:00\",\"description\":\"Stanozolol da EPF: Aumenta a resist\u00eancia, queima gordura e melhora o desempenho. Popular entre os atletas por sua seguran\u00e7a e efic\u00e1cia.\",\"breadcrumb\":{\"@id\":\"https:\/\/iberoid-shop.com\/pt\/product\/pack3stanozolol10-mg-epfpremium\/#breadcrumb\"},\"inLanguage\":\"pt-PT\",\"potentialAction\":[{\"@type\":\"ReadAction\",\"target\":[[\"https:\/\/iberoid-shop.com\/pt\/product\/pack3stanozolol10-mg-epfpremium\/\"]]}]},{\"@type\":\"ImageObject\",\"inLanguage\":\"pt-PT\",\"@id\":\"https:\/\/iberoid-shop.com\/pt\/product\/pack3stanozolol10-mg-epfpremium\/#primaryimage\",\"url\":\"https:\/\/iberoid-shop.com\/wp-content\/uploads\/2024\/12\/stromba3-scaled.jpeg?v=1734173928\",\"contentUrl\":\"https:\/\/iberoid-shop.com\/wp-content\/uploads\/2024\/12\/stromba3-scaled.jpeg?v=1734173928\",\"width\":2416,\"height\":2560},{\"@type\":\"BreadcrumbList\",\"@id\":\"https:\/\/iberoid-shop.com\/pt\/product\/pack3stanozolol10-mg-epfpremium\/#breadcrumb\",\"itemListElement\":[{\"@type\":\"ListItem\",\"position\":1,\"name\":\"Portada\",\"item\":\"https:\/\/iberoid-shop.com\/pt\/\"},{\"@type\":\"ListItem\",\"position\":2,\"name\":\"Loja\",\"item\":\"https:\/\/iberoid-shop.com\/pt\/shop\/\"},{\"@type\":\"ListItem\",\"position\":3,\"name\":\"PACK 3 Stanozolol 10 mg\"}]},{\"@type\":\"WebSite\",\"@id\":\"https:\/\/iberoid-shop.com\/pt\/#website\",\"url\":\"https:\/\/iberoid-shop.com\/pt\/\",\"name\":\"Ester\u00f3ides Online\",\"description\":\"Compre ester\u00f3ides online hoje em Espanha e Portugal. Temos o melhor servi\u00e7o ao cliente do setor e produtos da mais alta qualidade\",\"potentialAction\":[{\"@type\":\"SearchAction\",\"target\":{\"@type\":\"EntryPoint\",\"urlTemplate\":\"https:\/\/iberoid-shop.com\/pt\/?s={search_term_string}\"},\"query-input\":{\"@type\":\"PropertyValueSpecification\",\"valueRequired\":true,\"valueName\":\"search_term_string\"}}],\"inLanguage\":\"pt-PT\"}]}<\/script>\n<meta property=\"product:brand\" content=\"Euro Prime Pharmaceuticals (EPF)\" \/>\n<meta property=\"product:price:amount\" content=\"55.00\" \/>\n<meta property=\"product:price:currency\" content=\"EUR\" \/>\n<meta property=\"og:availability\" content=\"instock\" \/>\n<meta property=\"product:availability\" content=\"instock\" \/>\n<meta property=\"product:condition\" content=\"new\" \/>\n<!-- \/ Yoast SEO Premium plugin. -->","yoast_head_json":{"title":"PACK 3 Stanozolol 10 mg - Ester\u00f3ides Online","description":"Stanozolol da EPF: Aumenta a resist\u00eancia, queima gordura e melhora o desempenho. Popular entre os atletas por sua seguran\u00e7a e efic\u00e1cia.","robots":{"index":"index","follow":"follow","max-snippet":"max-snippet:-1","max-image-preview":"max-image-preview:large","max-video-preview":"max-video-preview:-1"},"canonical":"https:\/\/iberoid-shop.com\/pt\/product\/pack3stanozolol10-mg-epfpremium\/","og_locale":"pt_PT","og_type":"article","og_title":"PACK 3 Stanozolol 10 mg","og_description":"Stanozolol da EPF: Aumenta a resist\u00eancia, queima gordura e melhora o desempenho. Popular entre os atletas por sua seguran\u00e7a e efic\u00e1cia.","og_url":"https:\/\/iberoid-shop.com\/pt\/product\/pack3stanozolol10-mg-epfpremium\/","og_site_name":"Ester\u00f3ides Online","article_modified_time":"2026-03-29T16:00:17+00:00","og_image":[{"width":2416,"height":2560,"url":"https:\/\/iberoid-shop.com\/wp-content\/uploads\/2024\/12\/stromba3-scaled.jpeg?v=1734173928","type":"image\/jpeg"}],"twitter_card":"summary_large_image","twitter_misc":{"pre\u00e7o":"&euro;55.00","Disponibilidade":"Em stock"},"schema":{"@context":"https:\/\/schema.org","@graph":[{"@type":"WebPage","@id":"https:\/\/iberoid-shop.com\/pt\/product\/pack3stanozolol10-mg-epfpremium\/","url":"https:\/\/iberoid-shop.com\/pt\/product\/pack3stanozolol10-mg-epfpremium\/","name":"PACK 3 Stanozolol 10 mg - Ester\u00f3ides Online","isPartOf":{"@id":"https:\/\/iberoid-shop.com\/pt\/#website"},"primaryImageOfPage":{"@id":"https:\/\/iberoid-shop.com\/pt\/product\/pack3stanozolol10-mg-epfpremium\/#primaryimage"},"image":{"@id":"https:\/\/iberoid-shop.com\/pt\/product\/pack3stanozolol10-mg-epfpremium\/#primaryimage"},"thumbnailUrl":"https:\/\/iberoid-shop.com\/wp-content\/uploads\/2024\/12\/stromba3-scaled.jpeg?v=1734173928","datePublished":"2024-12-14T11:00:10+00:00","dateModified":"2026-03-29T16:00:17+00:00","description":"Stanozolol da EPF: Aumenta a resist\u00eancia, queima gordura e melhora o desempenho. Popular entre os atletas por sua seguran\u00e7a e efic\u00e1cia.","breadcrumb":{"@id":"https:\/\/iberoid-shop.com\/pt\/product\/pack3stanozolol10-mg-epfpremium\/#breadcrumb"},"inLanguage":"pt-PT","potentialAction":[{"@type":"ReadAction","target":[["https:\/\/iberoid-shop.com\/pt\/product\/pack3stanozolol10-mg-epfpremium\/"]]}]},{"@type":"ImageObject","inLanguage":"pt-PT","@id":"https:\/\/iberoid-shop.com\/pt\/product\/pack3stanozolol10-mg-epfpremium\/#primaryimage","url":"https:\/\/iberoid-shop.com\/wp-content\/uploads\/2024\/12\/stromba3-scaled.jpeg?v=1734173928","contentUrl":"https:\/\/iberoid-shop.com\/wp-content\/uploads\/2024\/12\/stromba3-scaled.jpeg?v=1734173928","width":2416,"height":2560},{"@type":"BreadcrumbList","@id":"https:\/\/iberoid-shop.com\/pt\/product\/pack3stanozolol10-mg-epfpremium\/#breadcrumb","itemListElement":[{"@type":"ListItem","position":1,"name":"Portada","item":"https:\/\/iberoid-shop.com\/pt\/"},{"@type":"ListItem","position":2,"name":"Loja","item":"https:\/\/iberoid-shop.com\/pt\/shop\/"},{"@type":"ListItem","position":3,"name":"PACK 3 Stanozolol 10 mg"}]},{"@type":"WebSite","@id":"https:\/\/iberoid-shop.com\/pt\/#website","url":"https:\/\/iberoid-shop.com\/pt\/","name":"Ester\u00f3ides Online","description":"Compre ester\u00f3ides online hoje em Espanha e Portugal. Temos o melhor servi\u00e7o ao cliente do setor e produtos da mais alta qualidade","potentialAction":[{"@type":"SearchAction","target":{"@type":"EntryPoint","urlTemplate":"https:\/\/iberoid-shop.com\/pt\/?s={search_term_string}"},"query-input":{"@type":"PropertyValueSpecification","valueRequired":true,"valueName":"search_term_string"}}],"inLanguage":"pt-PT"}]},"product_brand":"Euro Prime Pharmaceuticals (EPF)","product_price_amount":"55.00","product_price_currency":"EUR","og_availability":"instock","product_availability":"instock","product_condition":"new"},"_links":{"self":[{"href":"https:\/\/iberoid-shop.com\/pt\/wp-json\/wp\/v2\/product\/9847","targetHints":{"allow":["GET"]}}],"collection":[{"href":"https:\/\/iberoid-shop.com\/pt\/wp-json\/wp\/v2\/product"}],"about":[{"href":"https:\/\/iberoid-shop.com\/pt\/wp-json\/wp\/v2\/types\/product"}],"replies":[{"embeddable":true,"href":"https:\/\/iberoid-shop.com\/pt\/wp-json\/wp\/v2\/comments?post=9847"}],"wp:featuredmedia":[{"embeddable":true,"href":"https:\/\/iberoid-shop.com\/pt\/wp-json\/wp\/v2\/media\/9848"}],"wp:attachment":[{"href":"https:\/\/iberoid-shop.com\/pt\/wp-json\/wp\/v2\/media?parent=9847"}],"wp:term":[{"taxonomy":"product_brand","embeddable":true,"href":"https:\/\/iberoid-shop.com\/pt\/wp-json\/wp\/v2\/product_brand?post=9847"},{"taxonomy":"product_cat","embeddable":true,"href":"https:\/\/iberoid-shop.com\/pt\/wp-json\/wp\/v2\/product_cat?post=9847"},{"taxonomy":"product_tag","embeddable":true,"href":"https:\/\/iberoid-shop.com\/pt\/wp-json\/wp\/v2\/product_tag?post=9847"}],"curies":[{"name":"wp","href":"https:\/\/api.w.org\/{rel}","templated":true}]}}