{"id":9785,"date":"2024-10-27T11:51:49","date_gmt":"2024-10-27T11:51:49","guid":{"rendered":"https:\/\/iberoid-shop.com\/?post_type=product&#038;p=9785"},"modified":"2026-03-29T16:01:46","modified_gmt":"2026-03-29T16:01:46","slug":"anastrozol1mg-28tabs-teva","status":"publish","type":"product","link":"https:\/\/iberoid-shop.com\/pt\/product\/anastrozol1mg-28tabs-teva\/","title":{"rendered":"ANASTROZOL &#8211; 1mg \/ 28tabs"},"content":{"rendered":"<p><\/p>\n<h2><span>Mecanismo de a\u00e7\u00e3o<\/span><br \/>\n<span>do anastrozol<\/span><\/h2>\n<p><span>Reduz os n\u00edveis circulantes de estradiol ao inibir a aromatase, uma enzima envolvida na s\u00edntese de estrog\u00eanio a partir de precursores androg\u00eanicos.<\/span><\/p>\n<h2><span>Indica\u00e7\u00f5es terap\u00eauticas<\/span><br \/>\n<span>Anastrozol<\/span><\/h2>\n<p><span>Tratamento do c\u00e2ncer de mama avan\u00e7ado com receptor hormonal positivo em mulheres na p\u00f3s-menopausa.<\/span><br \/>\n<span>Tratamento adjuvante de mulheres na p\u00f3s-menopausa que apresentam c\u00e2ncer de mama invasivo em est\u00e1gios iniciais com receptor hormonal positivo.<\/span><br \/>\n<span>Tratamento adjuvante de mulheres na p\u00f3s-menopausa com c\u00e2ncer de mama invasivo em est\u00e1gio inicial com status de receptor hormonal positivo, que receberam tratamento adjuvante com tamoxifeno por um per\u00edodo de 2 a 3 anos.<\/span><\/p>\n<h2><span>Modo de administra\u00e7\u00e3o<\/span><br \/>\n<span>Anastrozol<\/span><\/h2>\n<p><span>Oralmente. Administrar todos os dias \u00e0 mesma hora, independentemente da alimenta\u00e7\u00e3o.<\/span><\/p>\n<h2><span>Contra-indica\u00e7\u00f5es<\/span><br \/>\n<span>Anastrozol<\/span><\/h2>\n<p><span>Hipersensibilidade ao anastrozol. Mulheres gr\u00e1vidas ou amamentando.<\/span><\/p>\n<h2><span>Advert\u00eancias e precau\u00e7\u00f5es<\/span><br \/>\n<span>Anastrozol<\/span><\/h2>\n<p><span>IH moderado-grave (avaliar risco\/benef\u00edcio), IR grave.<\/span><br \/>\n<span>Evite em mulheres na pr\u00e9-menopausa.<\/span><br \/>\n<span>Risco de redu\u00e7\u00e3o da densidade mineral \u00f3ssea (avaliar a densidade mineral \u00f3ssea no in\u00edcio do tratamento e em intervalos regulares a partir de ent\u00e3o).<\/span><br \/>\n<span>Evite o uso concomitante de tamoxifeno ou terapias que incluam estrog\u00eanio.<\/span><br \/>\n<span>N\u00e3o recomendado para crian\u00e7as e adolescentes. N\u00e3o administre junto com tto. de horm\u00f4nio do crescimento para crian\u00e7as com defici\u00eancia de horm\u00f4nio do crescimento.<\/span><\/p>","protected":false},"excerpt":{"rendered":"<p>Mecanismo de a\u00e7\u00e3o do anastrozol Reduz os n\u00edveis circulantes de estradiol ao inibir a aromatase, uma enzima envolvida na s\u00edntese<\/p>\n","protected":false},"featured_media":9787,"comment_status":"open","ping_status":"closed","template":"","meta":[],"product_brand":[],"product_cat":[73,3533],"product_tag":[],"class_list":{"0":"post-9785","1":"product","2":"type-product","3":"status-publish","4":"has-post-thumbnail","6":"product_cat-ssteroides_orales","7":"product_cat-sales-rebajas","9":"first","10":"instock","11":"sale","12":"shipping-taxable","13":"purchasable","14":"product-type-simple"},"yoast_head":"<!-- This site is optimized with the Yoast SEO Premium plugin v24.4 (Yoast SEO v27.0) - https:\/\/yoast.com\/product\/yoast-seo-premium-wordpress\/ -->\n<title>ANASTROZOL - 1mg \/ 28tabs - Ester\u00f3ides Online<\/title>\n<meta name=\"description\" content=\"Anastrozol: Inibidor da aromatase que reduz o estradiol em mulheres p\u00f3s-menop\u00e1usicas com c\u00e2ncer de mama receptor hormonal positivo (tratamento adjuvante em est\u00e1gios avan\u00e7ado e inicial). Uso oral, di\u00e1rio. Contraindicado na gravidez\/amamenta\u00e7\u00e3o.\" \/>\n<meta name=\"robots\" content=\"index, follow, max-snippet:-1, max-image-preview:large, max-video-preview:-1\" \/>\n<link rel=\"canonical\" href=\"https:\/\/iberoid-shop.com\/pt\/product\/anastrozol1mg-28tabs-teva\/\" \/>\n<meta property=\"og:locale\" content=\"pt_PT\" \/>\n<meta property=\"og:type\" content=\"article\" \/>\n<meta property=\"og:title\" content=\"ANASTROZOL - 1mg \/ 28tabs\" \/>\n<meta property=\"og:description\" content=\"Anastrozol: Inibidor da aromatase que reduz o estradiol em mulheres p\u00f3s-menop\u00e1usicas com c\u00e2ncer de mama receptor hormonal positivo (tratamento adjuvante em est\u00e1gios avan\u00e7ado e inicial). Uso oral, di\u00e1rio. Contraindicado na gravidez\/amamenta\u00e7\u00e3o.\" \/>\n<meta property=\"og:url\" content=\"https:\/\/iberoid-shop.com\/pt\/product\/anastrozol1mg-28tabs-teva\/\" \/>\n<meta property=\"og:site_name\" content=\"Ester\u00f3ides Online\" \/>\n<meta property=\"article:modified_time\" content=\"2026-03-29T16:01:46+00:00\" \/>\n<meta property=\"og:image\" content=\"https:\/\/iberoid-shop.com\/wp-content\/uploads\/2024\/10\/teva-anastrozole-1mgtab-28tabsbox-3516519754-400x400-1.jpg?v=1730029887\" \/>\n\t<meta property=\"og:image:width\" content=\"400\" \/>\n\t<meta property=\"og:image:height\" content=\"400\" \/>\n\t<meta property=\"og:image:type\" content=\"image\/jpeg\" \/>\n<meta name=\"twitter:card\" content=\"summary_large_image\" \/>\n<meta name=\"twitter:label1\" content=\"pre\u00e7o\" \/>\n\t<meta name=\"twitter:data1\" content=\"&euro;30.00\" \/>\n\t<meta name=\"twitter:label2\" content=\"Disponibilidade\" \/>\n\t<meta name=\"twitter:data2\" content=\"Em stock\" \/>\n<script type=\"application\/ld+json\" class=\"yoast-schema-graph\">{\"@context\":\"https:\/\/schema.org\",\"@graph\":[{\"@type\":\"WebPage\",\"@id\":\"https:\/\/iberoid-shop.com\/pt\/product\/anastrozol1mg-28tabs-teva\/\",\"url\":\"https:\/\/iberoid-shop.com\/pt\/product\/anastrozol1mg-28tabs-teva\/\",\"name\":\"ANASTROZOL - 1mg \/ 28tabs - Ester\u00f3ides Online\",\"isPartOf\":{\"@id\":\"https:\/\/iberoid-shop.com\/pt\/#website\"},\"primaryImageOfPage\":{\"@id\":\"https:\/\/iberoid-shop.com\/pt\/product\/anastrozol1mg-28tabs-teva\/#primaryimage\"},\"image\":{\"@id\":\"https:\/\/iberoid-shop.com\/pt\/product\/anastrozol1mg-28tabs-teva\/#primaryimage\"},\"thumbnailUrl\":\"https:\/\/iberoid-shop.com\/wp-content\/uploads\/2024\/10\/teva-anastrozole-1mgtab-28tabsbox-3516519754-400x400-1.jpg?v=1730029887\",\"datePublished\":\"2024-10-27T11:51:49+00:00\",\"dateModified\":\"2026-03-29T16:01:46+00:00\",\"description\":\"Anastrozol: Inibidor da aromatase que reduz o estradiol em mulheres p\u00f3s-menop\u00e1usicas com c\u00e2ncer de mama receptor hormonal positivo (tratamento adjuvante em est\u00e1gios avan\u00e7ado e inicial). Uso oral, di\u00e1rio. Contraindicado na gravidez\/amamenta\u00e7\u00e3o.\",\"breadcrumb\":{\"@id\":\"https:\/\/iberoid-shop.com\/pt\/product\/anastrozol1mg-28tabs-teva\/#breadcrumb\"},\"inLanguage\":\"pt-PT\",\"potentialAction\":[{\"@type\":\"ReadAction\",\"target\":[[\"https:\/\/iberoid-shop.com\/pt\/product\/anastrozol1mg-28tabs-teva\/\"]]}]},{\"@type\":\"ImageObject\",\"inLanguage\":\"pt-PT\",\"@id\":\"https:\/\/iberoid-shop.com\/pt\/product\/anastrozol1mg-28tabs-teva\/#primaryimage\",\"url\":\"https:\/\/iberoid-shop.com\/wp-content\/uploads\/2024\/10\/teva-anastrozole-1mgtab-28tabsbox-3516519754-400x400-1.jpg?v=1730029887\",\"contentUrl\":\"https:\/\/iberoid-shop.com\/wp-content\/uploads\/2024\/10\/teva-anastrozole-1mgtab-28tabsbox-3516519754-400x400-1.jpg?v=1730029887\",\"width\":400,\"height\":400},{\"@type\":\"BreadcrumbList\",\"@id\":\"https:\/\/iberoid-shop.com\/pt\/product\/anastrozol1mg-28tabs-teva\/#breadcrumb\",\"itemListElement\":[{\"@type\":\"ListItem\",\"position\":1,\"name\":\"Portada\",\"item\":\"https:\/\/iberoid-shop.com\/pt\/\"},{\"@type\":\"ListItem\",\"position\":2,\"name\":\"Loja\",\"item\":\"https:\/\/iberoid-shop.com\/pt\/shop\/\"},{\"@type\":\"ListItem\",\"position\":3,\"name\":\"ANASTROZOL &#8211; 1mg \/ 28tabs\"}]},{\"@type\":\"WebSite\",\"@id\":\"https:\/\/iberoid-shop.com\/pt\/#website\",\"url\":\"https:\/\/iberoid-shop.com\/pt\/\",\"name\":\"Ester\u00f3ides Online\",\"description\":\"Compre ester\u00f3ides online hoje em Espanha e Portugal. Temos o melhor servi\u00e7o ao cliente do setor e produtos da mais alta qualidade\",\"potentialAction\":[{\"@type\":\"SearchAction\",\"target\":{\"@type\":\"EntryPoint\",\"urlTemplate\":\"https:\/\/iberoid-shop.com\/pt\/?s={search_term_string}\"},\"query-input\":{\"@type\":\"PropertyValueSpecification\",\"valueRequired\":true,\"valueName\":\"search_term_string\"}}],\"inLanguage\":\"pt-PT\"}]}<\/script>\n<meta property=\"product:brand\" content=\"Teva\" \/>\n<meta property=\"product:price:amount\" content=\"30.00\" \/>\n<meta property=\"product:price:currency\" content=\"EUR\" \/>\n<meta property=\"og:availability\" content=\"instock\" \/>\n<meta property=\"product:availability\" content=\"instock\" \/>\n<meta property=\"product:condition\" content=\"new\" \/>\n<!-- \/ Yoast SEO Premium plugin. -->","yoast_head_json":{"title":"ANASTROZOL - 1mg \/ 28tabs - Ester\u00f3ides Online","description":"Anastrozol: Inibidor da aromatase que reduz o estradiol em mulheres p\u00f3s-menop\u00e1usicas com c\u00e2ncer de mama receptor hormonal positivo (tratamento adjuvante em est\u00e1gios avan\u00e7ado e inicial). Uso oral, di\u00e1rio. Contraindicado na gravidez\/amamenta\u00e7\u00e3o.","robots":{"index":"index","follow":"follow","max-snippet":"max-snippet:-1","max-image-preview":"max-image-preview:large","max-video-preview":"max-video-preview:-1"},"canonical":"https:\/\/iberoid-shop.com\/pt\/product\/anastrozol1mg-28tabs-teva\/","og_locale":"pt_PT","og_type":"article","og_title":"ANASTROZOL - 1mg \/ 28tabs","og_description":"Anastrozol: Inibidor da aromatase que reduz o estradiol em mulheres p\u00f3s-menop\u00e1usicas com c\u00e2ncer de mama receptor hormonal positivo (tratamento adjuvante em est\u00e1gios avan\u00e7ado e inicial). Uso oral, di\u00e1rio. Contraindicado na gravidez\/amamenta\u00e7\u00e3o.","og_url":"https:\/\/iberoid-shop.com\/pt\/product\/anastrozol1mg-28tabs-teva\/","og_site_name":"Ester\u00f3ides Online","article_modified_time":"2026-03-29T16:01:46+00:00","og_image":[{"width":400,"height":400,"url":"https:\/\/iberoid-shop.com\/wp-content\/uploads\/2024\/10\/teva-anastrozole-1mgtab-28tabsbox-3516519754-400x400-1.jpg?v=1730029887","type":"image\/jpeg"}],"twitter_card":"summary_large_image","twitter_misc":{"pre\u00e7o":"&euro;30.00","Disponibilidade":"Em stock"},"schema":{"@context":"https:\/\/schema.org","@graph":[{"@type":"WebPage","@id":"https:\/\/iberoid-shop.com\/pt\/product\/anastrozol1mg-28tabs-teva\/","url":"https:\/\/iberoid-shop.com\/pt\/product\/anastrozol1mg-28tabs-teva\/","name":"ANASTROZOL - 1mg \/ 28tabs - Ester\u00f3ides Online","isPartOf":{"@id":"https:\/\/iberoid-shop.com\/pt\/#website"},"primaryImageOfPage":{"@id":"https:\/\/iberoid-shop.com\/pt\/product\/anastrozol1mg-28tabs-teva\/#primaryimage"},"image":{"@id":"https:\/\/iberoid-shop.com\/pt\/product\/anastrozol1mg-28tabs-teva\/#primaryimage"},"thumbnailUrl":"https:\/\/iberoid-shop.com\/wp-content\/uploads\/2024\/10\/teva-anastrozole-1mgtab-28tabsbox-3516519754-400x400-1.jpg?v=1730029887","datePublished":"2024-10-27T11:51:49+00:00","dateModified":"2026-03-29T16:01:46+00:00","description":"Anastrozol: Inibidor da aromatase que reduz o estradiol em mulheres p\u00f3s-menop\u00e1usicas com c\u00e2ncer de mama receptor hormonal positivo (tratamento adjuvante em est\u00e1gios avan\u00e7ado e inicial). Uso oral, di\u00e1rio. Contraindicado na gravidez\/amamenta\u00e7\u00e3o.","breadcrumb":{"@id":"https:\/\/iberoid-shop.com\/pt\/product\/anastrozol1mg-28tabs-teva\/#breadcrumb"},"inLanguage":"pt-PT","potentialAction":[{"@type":"ReadAction","target":[["https:\/\/iberoid-shop.com\/pt\/product\/anastrozol1mg-28tabs-teva\/"]]}]},{"@type":"ImageObject","inLanguage":"pt-PT","@id":"https:\/\/iberoid-shop.com\/pt\/product\/anastrozol1mg-28tabs-teva\/#primaryimage","url":"https:\/\/iberoid-shop.com\/wp-content\/uploads\/2024\/10\/teva-anastrozole-1mgtab-28tabsbox-3516519754-400x400-1.jpg?v=1730029887","contentUrl":"https:\/\/iberoid-shop.com\/wp-content\/uploads\/2024\/10\/teva-anastrozole-1mgtab-28tabsbox-3516519754-400x400-1.jpg?v=1730029887","width":400,"height":400},{"@type":"BreadcrumbList","@id":"https:\/\/iberoid-shop.com\/pt\/product\/anastrozol1mg-28tabs-teva\/#breadcrumb","itemListElement":[{"@type":"ListItem","position":1,"name":"Portada","item":"https:\/\/iberoid-shop.com\/pt\/"},{"@type":"ListItem","position":2,"name":"Loja","item":"https:\/\/iberoid-shop.com\/pt\/shop\/"},{"@type":"ListItem","position":3,"name":"ANASTROZOL &#8211; 1mg \/ 28tabs"}]},{"@type":"WebSite","@id":"https:\/\/iberoid-shop.com\/pt\/#website","url":"https:\/\/iberoid-shop.com\/pt\/","name":"Ester\u00f3ides Online","description":"Compre ester\u00f3ides online hoje em Espanha e Portugal. Temos o melhor servi\u00e7o ao cliente do setor e produtos da mais alta qualidade","potentialAction":[{"@type":"SearchAction","target":{"@type":"EntryPoint","urlTemplate":"https:\/\/iberoid-shop.com\/pt\/?s={search_term_string}"},"query-input":{"@type":"PropertyValueSpecification","valueRequired":true,"valueName":"search_term_string"}}],"inLanguage":"pt-PT"}]},"product_brand":"Teva","product_price_amount":"30.00","product_price_currency":"EUR","og_availability":"instock","product_availability":"instock","product_condition":"new"},"_links":{"self":[{"href":"https:\/\/iberoid-shop.com\/pt\/wp-json\/wp\/v2\/product\/9785","targetHints":{"allow":["GET"]}}],"collection":[{"href":"https:\/\/iberoid-shop.com\/pt\/wp-json\/wp\/v2\/product"}],"about":[{"href":"https:\/\/iberoid-shop.com\/pt\/wp-json\/wp\/v2\/types\/product"}],"replies":[{"embeddable":true,"href":"https:\/\/iberoid-shop.com\/pt\/wp-json\/wp\/v2\/comments?post=9785"}],"wp:featuredmedia":[{"embeddable":true,"href":"https:\/\/iberoid-shop.com\/pt\/wp-json\/wp\/v2\/media\/9787"}],"wp:attachment":[{"href":"https:\/\/iberoid-shop.com\/pt\/wp-json\/wp\/v2\/media?parent=9785"}],"wp:term":[{"taxonomy":"product_brand","embeddable":true,"href":"https:\/\/iberoid-shop.com\/pt\/wp-json\/wp\/v2\/product_brand?post=9785"},{"taxonomy":"product_cat","embeddable":true,"href":"https:\/\/iberoid-shop.com\/pt\/wp-json\/wp\/v2\/product_cat?post=9785"},{"taxonomy":"product_tag","embeddable":true,"href":"https:\/\/iberoid-shop.com\/pt\/wp-json\/wp\/v2\/product_tag?post=9785"}],"curies":[{"name":"wp","href":"https:\/\/api.w.org\/{rel}","templated":true}]}}