{"id":9769,"date":"2024-10-26T09:51:12","date_gmt":"2024-10-26T09:51:12","guid":{"rendered":"https:\/\/iberoid-shop.com\/?post_type=product&#038;p=9769"},"modified":"2025-12-01T09:40:15","modified_gmt":"2025-12-01T09:40:15","slug":"clomiphene-citrate-anpharm-hellas","status":"publish","type":"product","link":"https:\/\/iberoid-shop.com\/pt\/product\/clomiphene-citrate-anpharm-hellas\/","title":{"rendered":"Clomiphene Citrate 50mg"},"content":{"rendered":"<p>O citrato de clomifeno \u00e9 representado por uma subst\u00e2ncia antiestrog\u00eanica n\u00e3o ester\u00f3ide sint\u00e9tica. Abreviadamente chamado de Clomid, o citrato de clomifeno \u00e9 uma subst\u00e2ncia usada na medicina. O citrato de clomifeno \u00e9 bem conhecido no tratamento de mulheres inf\u00e9rteis anovulat\u00f3rias com s\u00edndrome polic\u00edstica, especialmente no diagn\u00f3stico de ov\u00e1rio seco. Nos esportes e na muscula\u00e7\u00e3o, o citrato de clomifeno tamb\u00e9m \u00e9 bem conhecido. O Clomid \u00e9 frequentemente comparado ao Nolvadex, porque tem a mesma a\u00e7\u00e3o no corpo humano e nos m\u00fasculos. Sendo ambos bloqueadores de estrog\u00eanio, Clomid est\u00e1 considerando ligeiramente o citrato de clomifeno do que o Nolvadex.Clomifeno O citrato de clomifeno \u00e9 caracterizado por propriedades agonistas\/antagonistas. Alguns atletas tomam clomifeno durante seus ciclos de ester\u00f3ides, a fim de manter o n\u00edvel de testosterona e n\u00e3o deix\u00e1-lo diminuir. Clomid minimiza notavelmente a atividade do estrog\u00eanio no corpo, bloqueando os efeitos e a possibilidade de efeitos colaterais secos, como reten\u00e7\u00e3o de \u00e1gua. \u00c9 tamb\u00e9m para ajudar a evitar a ginecomastia. Atualmente, o citrato de clomifeno \u00e9 considerado um medicamento de terapia p\u00f3s-ciclo (PCT). Ao tomar esta subst\u00e2ncia, os fisiculturistas notam que a eleva\u00e7\u00e3o do horm\u00f4nio fol\u00edculo estimulante e luteinizante causa o crescimento da produ\u00e7\u00e3o natural do horm\u00f4nio testosterona.<\/p>\n<h2><span class=\"short_text\" lang=\"es\" xml:lang=\"es\">Dosagem<\/span><\/h2>\n<p>Recomenda-se que os fisiculturistas tomem uma dose de 50-100 mg (1-2 comprimidos) por dia de citrato de clomifeno durante 4-6 semanas. Isso o ajudar\u00e1 a atingir os objetivos desejados e a produ\u00e7\u00e3o hormonal no n\u00edvel normal. Atletas e fisiculturistas de citrato de clomifeno precisam se lembrar de n\u00e3o exceder a dosagem. Para um melhor resultado, alguns atletas preferem o stack com gonadotrofina cori\u00f4nica humana (HCG). Mas tome cuidado com isso tamb\u00e9m, o HCG n\u00e3o deve ser usado por mais de duas ou tr\u00eas semanas. Os efeitos colaterais que podem ocorrer s\u00e3o: problemas de vis\u00e3o, ondas de calor, n\u00e1useas, tonturas, dores de cabe\u00e7a e outros.<\/p>","protected":false},"excerpt":{"rendered":"<p>O citrato de clomifeno \u00e9 representado por uma subst\u00e2ncia antiestrog\u00eanica n\u00e3o ester\u00f3ide sint\u00e9tica. Abreviadamente chamado de Clomid, o citrato de<\/p>\n","protected":false},"featured_media":9770,"comment_status":"open","ping_status":"closed","template":"","meta":[],"product_brand":[],"product_cat":[73],"product_tag":[],"class_list":{"0":"post-9769","1":"product","2":"type-product","3":"status-publish","4":"has-post-thumbnail","6":"product_cat-ssteroides_orales","8":"first","9":"outofstock","10":"shipping-taxable","11":"purchasable","12":"product-type-simple"},"yoast_head":"<!-- This site is optimized with the Yoast SEO Premium plugin v24.4 (Yoast SEO v27.3) - https:\/\/yoast.com\/product\/yoast-seo-premium-wordpress\/ -->\n<title>Clomiphene Citrate 50mg - Ester\u00f3ides Online<\/title>\n<meta name=\"description\" content=\"Clomifeno Citrato 50 mg da Anfarm Hellas \u00e9 um antiestrog\u00eanio usado na terapia p\u00f3s-ciclo (PCT) para restaurar a testosterona, prevenir efeitos colaterais como ginecomastia e manter a massa muscular ap\u00f3s ciclos de esteroides.\" \/>\n<meta name=\"robots\" content=\"index, follow, max-snippet:-1, max-image-preview:large, max-video-preview:-1\" \/>\n<link rel=\"canonical\" href=\"https:\/\/iberoid-shop.com\/pt\/product\/clomiphene-citrate-anpharm-hellas\/\" \/>\n<meta property=\"og:locale\" content=\"pt_PT\" \/>\n<meta property=\"og:type\" content=\"article\" \/>\n<meta property=\"og:title\" content=\"Clomiphene Citrate 50mg\" \/>\n<meta property=\"og:description\" content=\"Clomifeno Citrato 50 mg da Anfarm Hellas \u00e9 um antiestrog\u00eanio usado na terapia p\u00f3s-ciclo (PCT) para restaurar a testosterona, prevenir efeitos colaterais como ginecomastia e manter a massa muscular ap\u00f3s ciclos de esteroides.\" \/>\n<meta property=\"og:url\" content=\"https:\/\/iberoid-shop.com\/pt\/product\/clomiphene-citrate-anpharm-hellas\/\" \/>\n<meta property=\"og:site_name\" content=\"Ester\u00f3ides Online\" \/>\n<meta property=\"article:modified_time\" content=\"2025-12-01T09:40:15+00:00\" \/>\n<meta property=\"og:image\" content=\"https:\/\/iberoid-shop.com\/wp-content\/uploads\/2024\/10\/clomiphene-citrate-1.jpg?v=1729936265\" \/>\n\t<meta property=\"og:image:width\" content=\"1000\" \/>\n\t<meta property=\"og:image:height\" content=\"1000\" \/>\n\t<meta property=\"og:image:type\" content=\"image\/jpeg\" \/>\n<meta name=\"twitter:card\" content=\"summary_large_image\" \/>\n<meta name=\"twitter:label1\" content=\"pre\u00e7o\" \/>\n\t<meta name=\"twitter:data1\" content=\"&euro;20.00\" \/>\n\t<meta name=\"twitter:label2\" content=\"Disponibilidade\" \/>\n\t<meta name=\"twitter:data2\" content=\"Esgotado\" \/>\n<script type=\"application\/ld+json\" class=\"yoast-schema-graph\">{\"@context\":\"https:\\\/\\\/schema.org\",\"@graph\":[{\"@type\":\"WebPage\",\"@id\":\"https:\\\/\\\/iberoid-shop.com\\\/pt\\\/product\\\/clomiphene-citrate-anpharm-hellas\\\/\",\"url\":\"https:\\\/\\\/iberoid-shop.com\\\/pt\\\/product\\\/clomiphene-citrate-anpharm-hellas\\\/\",\"name\":\"Clomiphene Citrate 50mg - Ester\u00f3ides Online\",\"isPartOf\":{\"@id\":\"https:\\\/\\\/iberoid-shop.com\\\/pt\\\/#website\"},\"primaryImageOfPage\":{\"@id\":\"https:\\\/\\\/iberoid-shop.com\\\/pt\\\/product\\\/clomiphene-citrate-anpharm-hellas\\\/#primaryimage\"},\"image\":{\"@id\":\"https:\\\/\\\/iberoid-shop.com\\\/pt\\\/product\\\/clomiphene-citrate-anpharm-hellas\\\/#primaryimage\"},\"thumbnailUrl\":\"https:\\\/\\\/iberoid-shop.com\\\/wp-content\\\/uploads\\\/2024\\\/10\\\/clomiphene-citrate-1.jpg?v=1729936265\",\"datePublished\":\"2024-10-26T09:51:12+00:00\",\"dateModified\":\"2025-12-01T09:40:15+00:00\",\"description\":\"Clomifeno Citrato 50 mg da Anfarm Hellas \u00e9 um antiestrog\u00eanio usado na terapia p\u00f3s-ciclo (PCT) para restaurar a testosterona, prevenir efeitos colaterais como ginecomastia e manter a massa muscular ap\u00f3s ciclos de esteroides.\",\"breadcrumb\":{\"@id\":\"https:\\\/\\\/iberoid-shop.com\\\/pt\\\/product\\\/clomiphene-citrate-anpharm-hellas\\\/#breadcrumb\"},\"inLanguage\":\"pt-PT\",\"potentialAction\":[{\"@type\":\"ReadAction\",\"target\":[[\"https:\\\/\\\/iberoid-shop.com\\\/pt\\\/product\\\/clomiphene-citrate-anpharm-hellas\\\/\"]]}]},{\"@type\":\"ImageObject\",\"inLanguage\":\"pt-PT\",\"@id\":\"https:\\\/\\\/iberoid-shop.com\\\/pt\\\/product\\\/clomiphene-citrate-anpharm-hellas\\\/#primaryimage\",\"url\":\"https:\\\/\\\/iberoid-shop.com\\\/wp-content\\\/uploads\\\/2024\\\/10\\\/clomiphene-citrate-1.jpg?v=1729936265\",\"contentUrl\":\"https:\\\/\\\/iberoid-shop.com\\\/wp-content\\\/uploads\\\/2024\\\/10\\\/clomiphene-citrate-1.jpg?v=1729936265\",\"width\":1000,\"height\":1000},{\"@type\":\"BreadcrumbList\",\"@id\":\"https:\\\/\\\/iberoid-shop.com\\\/pt\\\/product\\\/clomiphene-citrate-anpharm-hellas\\\/#breadcrumb\",\"itemListElement\":[{\"@type\":\"ListItem\",\"position\":1,\"name\":\"Portada\",\"item\":\"https:\\\/\\\/iberoid-shop.com\\\/pt\\\/\"},{\"@type\":\"ListItem\",\"position\":2,\"name\":\"Loja\",\"item\":\"https:\\\/\\\/iberoid-shop.com\\\/pt\\\/shop\\\/\"},{\"@type\":\"ListItem\",\"position\":3,\"name\":\"Clomiphene Citrate 50mg\"}]},{\"@type\":\"WebSite\",\"@id\":\"https:\\\/\\\/iberoid-shop.com\\\/pt\\\/#website\",\"url\":\"https:\\\/\\\/iberoid-shop.com\\\/pt\\\/\",\"name\":\"Ester\u00f3ides Online\",\"description\":\"Compre ester\u00f3ides online hoje em Espanha e Portugal. Temos o melhor servi\u00e7o ao cliente do setor e produtos da mais alta qualidade\",\"potentialAction\":[{\"@type\":\"SearchAction\",\"target\":{\"@type\":\"EntryPoint\",\"urlTemplate\":\"https:\\\/\\\/iberoid-shop.com\\\/pt\\\/?s={search_term_string}\"},\"query-input\":{\"@type\":\"PropertyValueSpecification\",\"valueRequired\":true,\"valueName\":\"search_term_string\"}}],\"inLanguage\":\"pt-PT\"}]}<\/script>\n<meta property=\"product:brand\" content=\"Anfarm\" \/>\n<meta property=\"product:price:amount\" content=\"20.00\" \/>\n<meta property=\"product:price:currency\" content=\"EUR\" \/>\n<meta property=\"og:availability\" content=\"out of stock\" \/>\n<meta property=\"product:availability\" content=\"out of stock\" \/>\n<meta property=\"product:condition\" content=\"new\" \/>\n<!-- \/ Yoast SEO Premium plugin. -->","yoast_head_json":{"title":"Clomiphene Citrate 50mg - Ester\u00f3ides Online","description":"Clomifeno Citrato 50 mg da Anfarm Hellas \u00e9 um antiestrog\u00eanio usado na terapia p\u00f3s-ciclo (PCT) para restaurar a testosterona, prevenir efeitos colaterais como ginecomastia e manter a massa muscular ap\u00f3s ciclos de esteroides.","robots":{"index":"index","follow":"follow","max-snippet":"max-snippet:-1","max-image-preview":"max-image-preview:large","max-video-preview":"max-video-preview:-1"},"canonical":"https:\/\/iberoid-shop.com\/pt\/product\/clomiphene-citrate-anpharm-hellas\/","og_locale":"pt_PT","og_type":"article","og_title":"Clomiphene Citrate 50mg","og_description":"Clomifeno Citrato 50 mg da Anfarm Hellas \u00e9 um antiestrog\u00eanio usado na terapia p\u00f3s-ciclo (PCT) para restaurar a testosterona, prevenir efeitos colaterais como ginecomastia e manter a massa muscular ap\u00f3s ciclos de esteroides.","og_url":"https:\/\/iberoid-shop.com\/pt\/product\/clomiphene-citrate-anpharm-hellas\/","og_site_name":"Ester\u00f3ides Online","article_modified_time":"2025-12-01T09:40:15+00:00","og_image":[{"width":1000,"height":1000,"url":"https:\/\/iberoid-shop.com\/wp-content\/uploads\/2024\/10\/clomiphene-citrate-1.jpg?v=1729936265","type":"image\/jpeg"}],"twitter_card":"summary_large_image","twitter_misc":{"pre\u00e7o":"&euro;20.00","Disponibilidade":"Esgotado"},"schema":{"@context":"https:\/\/schema.org","@graph":[{"@type":"WebPage","@id":"https:\/\/iberoid-shop.com\/pt\/product\/clomiphene-citrate-anpharm-hellas\/","url":"https:\/\/iberoid-shop.com\/pt\/product\/clomiphene-citrate-anpharm-hellas\/","name":"Clomiphene Citrate 50mg - Ester\u00f3ides Online","isPartOf":{"@id":"https:\/\/iberoid-shop.com\/pt\/#website"},"primaryImageOfPage":{"@id":"https:\/\/iberoid-shop.com\/pt\/product\/clomiphene-citrate-anpharm-hellas\/#primaryimage"},"image":{"@id":"https:\/\/iberoid-shop.com\/pt\/product\/clomiphene-citrate-anpharm-hellas\/#primaryimage"},"thumbnailUrl":"https:\/\/iberoid-shop.com\/wp-content\/uploads\/2024\/10\/clomiphene-citrate-1.jpg?v=1729936265","datePublished":"2024-10-26T09:51:12+00:00","dateModified":"2025-12-01T09:40:15+00:00","description":"Clomifeno Citrato 50 mg da Anfarm Hellas \u00e9 um antiestrog\u00eanio usado na terapia p\u00f3s-ciclo (PCT) para restaurar a testosterona, prevenir efeitos colaterais como ginecomastia e manter a massa muscular ap\u00f3s ciclos de esteroides.","breadcrumb":{"@id":"https:\/\/iberoid-shop.com\/pt\/product\/clomiphene-citrate-anpharm-hellas\/#breadcrumb"},"inLanguage":"pt-PT","potentialAction":[{"@type":"ReadAction","target":[["https:\/\/iberoid-shop.com\/pt\/product\/clomiphene-citrate-anpharm-hellas\/"]]}]},{"@type":"ImageObject","inLanguage":"pt-PT","@id":"https:\/\/iberoid-shop.com\/pt\/product\/clomiphene-citrate-anpharm-hellas\/#primaryimage","url":"https:\/\/iberoid-shop.com\/wp-content\/uploads\/2024\/10\/clomiphene-citrate-1.jpg?v=1729936265","contentUrl":"https:\/\/iberoid-shop.com\/wp-content\/uploads\/2024\/10\/clomiphene-citrate-1.jpg?v=1729936265","width":1000,"height":1000},{"@type":"BreadcrumbList","@id":"https:\/\/iberoid-shop.com\/pt\/product\/clomiphene-citrate-anpharm-hellas\/#breadcrumb","itemListElement":[{"@type":"ListItem","position":1,"name":"Portada","item":"https:\/\/iberoid-shop.com\/pt\/"},{"@type":"ListItem","position":2,"name":"Loja","item":"https:\/\/iberoid-shop.com\/pt\/shop\/"},{"@type":"ListItem","position":3,"name":"Clomiphene Citrate 50mg"}]},{"@type":"WebSite","@id":"https:\/\/iberoid-shop.com\/pt\/#website","url":"https:\/\/iberoid-shop.com\/pt\/","name":"Ester\u00f3ides Online","description":"Compre ester\u00f3ides online hoje em Espanha e Portugal. Temos o melhor servi\u00e7o ao cliente do setor e produtos da mais alta qualidade","potentialAction":[{"@type":"SearchAction","target":{"@type":"EntryPoint","urlTemplate":"https:\/\/iberoid-shop.com\/pt\/?s={search_term_string}"},"query-input":{"@type":"PropertyValueSpecification","valueRequired":true,"valueName":"search_term_string"}}],"inLanguage":"pt-PT"}]},"product_brand":"Anfarm","product_price_amount":"20.00","product_price_currency":"EUR","og_availability":"out of stock","product_availability":"out of stock","product_condition":"new"},"_links":{"self":[{"href":"https:\/\/iberoid-shop.com\/pt\/wp-json\/wp\/v2\/product\/9769","targetHints":{"allow":["GET"]}}],"collection":[{"href":"https:\/\/iberoid-shop.com\/pt\/wp-json\/wp\/v2\/product"}],"about":[{"href":"https:\/\/iberoid-shop.com\/pt\/wp-json\/wp\/v2\/types\/product"}],"replies":[{"embeddable":true,"href":"https:\/\/iberoid-shop.com\/pt\/wp-json\/wp\/v2\/comments?post=9769"}],"wp:featuredmedia":[{"embeddable":true,"href":"https:\/\/iberoid-shop.com\/pt\/wp-json\/wp\/v2\/media\/9770"}],"wp:attachment":[{"href":"https:\/\/iberoid-shop.com\/pt\/wp-json\/wp\/v2\/media?parent=9769"}],"wp:term":[{"taxonomy":"product_brand","embeddable":true,"href":"https:\/\/iberoid-shop.com\/pt\/wp-json\/wp\/v2\/product_brand?post=9769"},{"taxonomy":"product_cat","embeddable":true,"href":"https:\/\/iberoid-shop.com\/pt\/wp-json\/wp\/v2\/product_cat?post=9769"},{"taxonomy":"product_tag","embeddable":true,"href":"https:\/\/iberoid-shop.com\/pt\/wp-json\/wp\/v2\/product_tag?post=9769"}],"curies":[{"name":"wp","href":"https:\/\/api.w.org\/{rel}","templated":true}]}}