{"id":9759,"date":"2024-10-20T11:32:44","date_gmt":"2024-10-20T11:32:44","guid":{"rendered":"https:\/\/iberoid-shop.com\/?post_type=product&#038;p=9759"},"modified":"2024-12-05T20:07:42","modified_gmt":"2024-12-05T20:07:42","slug":"testosteron-depot250mg-t-enanthate-imperialabs","status":"publish","type":"product","link":"https:\/\/iberoid-shop.com\/pt\/product\/testosteron-depot250mg-t-enanthate-imperialabs\/","title":{"rendered":"TESTOSTERON DEPOT (T. enanthate) 250mg"},"content":{"rendered":"<p>ron e Enantato \u00e9 talvez o ester\u00f3ide mais conhecido entre atletas e fisiculturistas de todos os n\u00edveis e modalidades esportivas. Conhecido no mercado desde 1937, o ron e Enantato tornou-se a forma de ron longo de testosterona mais utilizada na medicina e na muscula\u00e7\u00e3o atualmente.<\/p>\n<h2>Efeitos do Imperia Labs Testoste ron e Depot 250:<\/h2>\n<p>Ao usar Imperia Labs Testoste ron e Depot 250, os atletas podem aumentar os ganhos musculares, aumentar a for\u00e7a e elevar o oxig\u00eanio nas c\u00e9lulas sangu\u00edneas para estimular a regenera\u00e7\u00e3o mais r\u00e1pida do tecido muscular e \u00f3sseo. Al\u00e9m disso, promove o bem-estar sexual, estimula o contexto emocional positivo e acelera a queima de gordura.<\/p>\n<h2>Efeitos colaterais:<\/h2>\n<p>As rea\u00e7\u00f5es adversas mais comuns atribu\u00eddas ao ron e enantato s\u00e3o acne, interrup\u00e7\u00e3o tempor\u00e1ria da reprodu\u00e7\u00e3o da ron , aumento dos n\u00edveis de colesterol de baixa densidade (LDL) e aromatiza\u00e7\u00e3o.<\/p>\n<h2>Prote\u00e7\u00e3o:<\/h2>\n<p>Voc\u00ea deve considerar medicamentos para regula\u00e7\u00e3o do n\u00edvel de prolactina ao usar este produto. Al\u00e9m disso, considere incluir HGH, gonadotrofina, boldenona, letrozol, exemestano ou anastrozol para minimizar os efeitos colaterais.<\/p>\n<h2>Stacking :<\/h2>\n<p>Imperia Labs Testoste ron e Depot 250 apresenta excelentes resultados e pode ser aplicado com seguran\u00e7a com \u00e9steres longos e HGH.<\/p>\n<p>&nbsp;<\/p>\n<h3>Testoste ron e Enantato: Uma Vis\u00e3o Geral Abrangente do Testoste ron e de A\u00e7\u00e3o Longa<\/h3>\n<h4>Introdu\u00e7\u00e3o:<\/h4>\n<p>ron Enantato \u00e9 uma forma amplamente utilizada e de a\u00e7\u00e3o prolongada do horm\u00f4nio ron , classificado como \u00e9ster de ron . Este artigo tem como objetivo fornecer uma explora\u00e7\u00e3o aprofundada desta droga para melhorar o desempenho (PED), abrangendo suas caracter\u00edsticas, usos e considera\u00e7\u00f5es para indiv\u00edduos que contemplam sua inclus\u00e3o em suas rotinas de condicionamento f\u00edsico.<\/p>\n<h4>Compreendendo ron e Enantato:<\/h4>\n<p>Este ester\u00f3ide \u00e9 uma forma sint\u00e9tica de ron com um \u00e9ster enantato anexado. O \u00e9ster influencia a libera\u00e7\u00e3o e a dura\u00e7\u00e3o da atividade do ron no corpo. Como uma variante de a\u00e7\u00e3o prolongada, este PED tem um in\u00edcio mais lento, mas uma dura\u00e7\u00e3o de a\u00e7\u00e3o prolongada em compara\u00e7\u00e3o com as formas de ron com \u00e9steres mais curtos.<\/p>\n<h4>Constru\u00e7\u00e3o muscular e efeitos anab\u00f3licos:<\/h4>\n<p>Como outras formas de ron , esta promove o crescimento muscular atrav\u00e9s do aumento da reten\u00e7\u00e3o de nitrog\u00eanio e da s\u00edntese prot\u00e9ica aprimorada. Fisiculturistas e atletas costumam utilizar esse ron de a\u00e7\u00e3o prolongada durante ciclos de bulk para obter ganhos substanciais de massa muscular e for\u00e7a durante um per\u00edodo prolongado.<\/p>\n<h4>N\u00edveis est\u00e1veis \u200b\u200be consistentes:<\/h4>\n<p>Uma das vantagens deste medicamento para melhorar o desempenho (PED) \u00e9 a sua capacidade de manter n\u00edveis est\u00e1veis \u200b\u200be consistentes de ron na corrente sangu\u00ednea. Essa estabilidade reduz a frequ\u00eancia das inje\u00e7\u00f5es em compara\u00e7\u00e3o com as formas de ron de a\u00e7\u00e3o mais curta, proporcionando comodidade aos usu\u00e1rios.<\/p>\n<h4>Recupera\u00e7\u00e3o e bem-estar aprimorados:<\/h4>\n<p>O ron n\u00e3o \u00e9 apenas crucial para o desenvolvimento muscular, mas tamb\u00e9m desempenha um papel vital no bem-estar geral. Os usu\u00e1rios do Teste E geralmente relatam melhor recupera\u00e7\u00e3o entre os treinos, melhor humor e uma sensa\u00e7\u00e3o de bem-estar, o que pode impactar positivamente a intensidade e a consist\u00eancia do treinamento.<\/p>\n<h4>Considera\u00e7\u00f5es estrog\u00eanicas:<\/h4>\n<p>O teste E tem potencial para aromatizar, convertendo-se em estrog\u00eanio. Como resultado, os usu\u00e1rios devem estar atentos aos potenciais efeitos colaterais estrog\u00eanicos, como reten\u00e7\u00e3o de \u00e1gua e ginecomastia. O gerenciamento dos n\u00edveis de estrog\u00eanio por meio de medicamentos auxiliares, se necess\u00e1rio, torna-se um aspecto crucial de seu uso.<\/p>\n<h4>Considera\u00e7\u00f5es e potenciais efeitos colaterais:<\/h4>\n<p>Embora o Testo E seja bem tolerado por muitos usu\u00e1rios, os poss\u00edveis efeitos colaterais incluem efeitos androg\u00eanicos, como acne e queda acelerada de cabelo. Al\u00e9m disso, \u00e9 aconselh\u00e1vel o monitoramento regular da sa\u00fade cardiovascular e dos n\u00edveis hormonais durante seu uso.<\/p>\n<h4>Conclus\u00e3o:<\/h4>\n<p>Este medicamento para melhorar o desempenho (PED), com a sua natureza de a\u00e7\u00e3o prolongada e efic\u00e1cia bem estabelecida, continua a ser uma pedra angular no mundo da melhoria do desempenho. Seja para constru\u00e7\u00e3o muscular, bem-estar geral ou terapia de reposi\u00e7\u00e3o hormonal, os indiv\u00edduos recorrem frequentemente a esta variante do ron por sua confiabilidade e conveni\u00eancia. Tal como acontece com qualquer subst\u00e2ncia que melhore o desempenho, o uso respons\u00e1vel, a ades\u00e3o \u00e0s dosagens recomendadas e a consulta com profissionais de sa\u00fade garantem uma experi\u00eancia segura e eficaz para aqueles que consideram este ester\u00f3ide como parte da sua jornada de fitness.<\/p>","protected":false},"excerpt":{"rendered":"<p>ron e Enantato \u00e9 talvez o ester\u00f3ide mais conhecido entre atletas e fisiculturistas de todos os n\u00edveis e modalidades esportivas.<\/p>\n","protected":false},"featured_media":9760,"comment_status":"open","ping_status":"closed","template":"","meta":[],"product_brand":[],"product_cat":[69],"product_tag":[],"class_list":{"0":"post-9759","1":"product","2":"type-product","3":"status-publish","4":"has-post-thumbnail","6":"product_cat-esteroides_inyectables","8":"first","9":"outofstock","10":"shipping-taxable","11":"purchasable","12":"product-type-simple"},"yoast_head":"<!-- This site is optimized with the Yoast SEO Premium plugin v24.4 (Yoast SEO v27.3) - https:\/\/yoast.com\/product\/yoast-seo-premium-wordpress\/ -->\n<title>TESTOSTERON DEPOT (T. enanthate) 250mg - Ester\u00f3ides Online<\/title>\n<meta name=\"robots\" content=\"index, follow, max-snippet:-1, max-image-preview:large, max-video-preview:-1\" \/>\n<link rel=\"canonical\" href=\"https:\/\/iberoid-shop.com\/pt\/product\/testosteron-depot250mg-t-enanthate-imperialabs\/\" \/>\n<meta property=\"og:locale\" content=\"pt_PT\" \/>\n<meta property=\"og:type\" content=\"article\" \/>\n<meta property=\"og:title\" content=\"TESTOSTERON DEPOT (T. enanthate) 250mg\" \/>\n<meta property=\"og:description\" content=\"ron e Enantato \u00e9 talvez o ester\u00f3ide mais conhecido entre atletas e fisiculturistas de todos os n\u00edveis e modalidades esportivas.\" \/>\n<meta property=\"og:url\" content=\"https:\/\/iberoid-shop.com\/pt\/product\/testosteron-depot250mg-t-enanthate-imperialabs\/\" \/>\n<meta property=\"og:site_name\" content=\"Ester\u00f3ides Online\" \/>\n<meta property=\"article:modified_time\" content=\"2024-12-05T20:07:42+00:00\" \/>\n<meta property=\"og:image\" content=\"https:\/\/iberoid-shop.com\/wp-content\/uploads\/2024\/10\/Testosterone-Dep-imp.png?v=1729423916\" \/>\n\t<meta property=\"og:image:width\" content=\"2048\" \/>\n\t<meta property=\"og:image:height\" content=\"1810\" \/>\n\t<meta property=\"og:image:type\" content=\"image\/png\" \/>\n<meta name=\"twitter:card\" content=\"summary_large_image\" \/>\n<meta name=\"twitter:label1\" content=\"pre\u00e7o\" \/>\n\t<meta name=\"twitter:data1\" content=\"&euro;50.00\" \/>\n\t<meta name=\"twitter:label2\" content=\"Disponibilidade\" \/>\n\t<meta name=\"twitter:data2\" content=\"Esgotado\" \/>\n<script type=\"application\/ld+json\" class=\"yoast-schema-graph\">{\"@context\":\"https:\\\/\\\/schema.org\",\"@graph\":[{\"@type\":\"WebPage\",\"@id\":\"https:\\\/\\\/iberoid-shop.com\\\/pt\\\/product\\\/testosteron-depot250mg-t-enanthate-imperialabs\\\/\",\"url\":\"https:\\\/\\\/iberoid-shop.com\\\/pt\\\/product\\\/testosteron-depot250mg-t-enanthate-imperialabs\\\/\",\"name\":\"TESTOSTERON DEPOT (T. enanthate) 250mg - Ester\u00f3ides Online\",\"isPartOf\":{\"@id\":\"https:\\\/\\\/iberoid-shop.com\\\/pt\\\/#website\"},\"primaryImageOfPage\":{\"@id\":\"https:\\\/\\\/iberoid-shop.com\\\/pt\\\/product\\\/testosteron-depot250mg-t-enanthate-imperialabs\\\/#primaryimage\"},\"image\":{\"@id\":\"https:\\\/\\\/iberoid-shop.com\\\/pt\\\/product\\\/testosteron-depot250mg-t-enanthate-imperialabs\\\/#primaryimage\"},\"thumbnailUrl\":\"https:\\\/\\\/iberoid-shop.com\\\/wp-content\\\/uploads\\\/2024\\\/10\\\/Testosterone-Dep-imp.png?v=1729423916\",\"datePublished\":\"2024-10-20T11:32:44+00:00\",\"dateModified\":\"2024-12-05T20:07:42+00:00\",\"breadcrumb\":{\"@id\":\"https:\\\/\\\/iberoid-shop.com\\\/pt\\\/product\\\/testosteron-depot250mg-t-enanthate-imperialabs\\\/#breadcrumb\"},\"inLanguage\":\"pt-PT\",\"potentialAction\":[{\"@type\":\"ReadAction\",\"target\":[[\"https:\\\/\\\/iberoid-shop.com\\\/pt\\\/product\\\/testosteron-depot250mg-t-enanthate-imperialabs\\\/\"]]}]},{\"@type\":\"ImageObject\",\"inLanguage\":\"pt-PT\",\"@id\":\"https:\\\/\\\/iberoid-shop.com\\\/pt\\\/product\\\/testosteron-depot250mg-t-enanthate-imperialabs\\\/#primaryimage\",\"url\":\"https:\\\/\\\/iberoid-shop.com\\\/wp-content\\\/uploads\\\/2024\\\/10\\\/Testosterone-Dep-imp.png?v=1729423916\",\"contentUrl\":\"https:\\\/\\\/iberoid-shop.com\\\/wp-content\\\/uploads\\\/2024\\\/10\\\/Testosterone-Dep-imp.png?v=1729423916\",\"width\":2048,\"height\":1810},{\"@type\":\"BreadcrumbList\",\"@id\":\"https:\\\/\\\/iberoid-shop.com\\\/pt\\\/product\\\/testosteron-depot250mg-t-enanthate-imperialabs\\\/#breadcrumb\",\"itemListElement\":[{\"@type\":\"ListItem\",\"position\":1,\"name\":\"Portada\",\"item\":\"https:\\\/\\\/iberoid-shop.com\\\/pt\\\/\"},{\"@type\":\"ListItem\",\"position\":2,\"name\":\"Loja\",\"item\":\"https:\\\/\\\/iberoid-shop.com\\\/pt\\\/shop\\\/\"},{\"@type\":\"ListItem\",\"position\":3,\"name\":\"TESTOSTERON DEPOT (T. enanthate) 250mg\"}]},{\"@type\":\"WebSite\",\"@id\":\"https:\\\/\\\/iberoid-shop.com\\\/pt\\\/#website\",\"url\":\"https:\\\/\\\/iberoid-shop.com\\\/pt\\\/\",\"name\":\"Ester\u00f3ides Online\",\"description\":\"Compre ester\u00f3ides online hoje em Espanha e Portugal. Temos o melhor servi\u00e7o ao cliente do setor e produtos da mais alta qualidade\",\"potentialAction\":[{\"@type\":\"SearchAction\",\"target\":{\"@type\":\"EntryPoint\",\"urlTemplate\":\"https:\\\/\\\/iberoid-shop.com\\\/pt\\\/?s={search_term_string}\"},\"query-input\":{\"@type\":\"PropertyValueSpecification\",\"valueRequired\":true,\"valueName\":\"search_term_string\"}}],\"inLanguage\":\"pt-PT\"}]}<\/script>\n<meta property=\"product:brand\" content=\"IMPERIA LABS\" \/>\n<meta property=\"product:price:amount\" content=\"50.00\" \/>\n<meta property=\"product:price:currency\" content=\"EUR\" \/>\n<meta property=\"og:availability\" content=\"out of stock\" \/>\n<meta property=\"product:availability\" content=\"out of stock\" \/>\n<meta property=\"product:condition\" content=\"new\" \/>\n<!-- \/ Yoast SEO Premium plugin. -->","yoast_head_json":{"title":"TESTOSTERON DEPOT (T. enanthate) 250mg - Ester\u00f3ides Online","robots":{"index":"index","follow":"follow","max-snippet":"max-snippet:-1","max-image-preview":"max-image-preview:large","max-video-preview":"max-video-preview:-1"},"canonical":"https:\/\/iberoid-shop.com\/pt\/product\/testosteron-depot250mg-t-enanthate-imperialabs\/","og_locale":"pt_PT","og_type":"article","og_title":"TESTOSTERON DEPOT (T. enanthate) 250mg","og_description":"ron e Enantato \u00e9 talvez o ester\u00f3ide mais conhecido entre atletas e fisiculturistas de todos os n\u00edveis e modalidades esportivas.","og_url":"https:\/\/iberoid-shop.com\/pt\/product\/testosteron-depot250mg-t-enanthate-imperialabs\/","og_site_name":"Ester\u00f3ides Online","article_modified_time":"2024-12-05T20:07:42+00:00","og_image":[{"width":2048,"height":1810,"url":"https:\/\/iberoid-shop.com\/wp-content\/uploads\/2024\/10\/Testosterone-Dep-imp.png?v=1729423916","type":"image\/png"}],"twitter_card":"summary_large_image","twitter_misc":{"pre\u00e7o":"&euro;50.00","Disponibilidade":"Esgotado"},"schema":{"@context":"https:\/\/schema.org","@graph":[{"@type":"WebPage","@id":"https:\/\/iberoid-shop.com\/pt\/product\/testosteron-depot250mg-t-enanthate-imperialabs\/","url":"https:\/\/iberoid-shop.com\/pt\/product\/testosteron-depot250mg-t-enanthate-imperialabs\/","name":"TESTOSTERON DEPOT (T. enanthate) 250mg - Ester\u00f3ides Online","isPartOf":{"@id":"https:\/\/iberoid-shop.com\/pt\/#website"},"primaryImageOfPage":{"@id":"https:\/\/iberoid-shop.com\/pt\/product\/testosteron-depot250mg-t-enanthate-imperialabs\/#primaryimage"},"image":{"@id":"https:\/\/iberoid-shop.com\/pt\/product\/testosteron-depot250mg-t-enanthate-imperialabs\/#primaryimage"},"thumbnailUrl":"https:\/\/iberoid-shop.com\/wp-content\/uploads\/2024\/10\/Testosterone-Dep-imp.png?v=1729423916","datePublished":"2024-10-20T11:32:44+00:00","dateModified":"2024-12-05T20:07:42+00:00","breadcrumb":{"@id":"https:\/\/iberoid-shop.com\/pt\/product\/testosteron-depot250mg-t-enanthate-imperialabs\/#breadcrumb"},"inLanguage":"pt-PT","potentialAction":[{"@type":"ReadAction","target":[["https:\/\/iberoid-shop.com\/pt\/product\/testosteron-depot250mg-t-enanthate-imperialabs\/"]]}]},{"@type":"ImageObject","inLanguage":"pt-PT","@id":"https:\/\/iberoid-shop.com\/pt\/product\/testosteron-depot250mg-t-enanthate-imperialabs\/#primaryimage","url":"https:\/\/iberoid-shop.com\/wp-content\/uploads\/2024\/10\/Testosterone-Dep-imp.png?v=1729423916","contentUrl":"https:\/\/iberoid-shop.com\/wp-content\/uploads\/2024\/10\/Testosterone-Dep-imp.png?v=1729423916","width":2048,"height":1810},{"@type":"BreadcrumbList","@id":"https:\/\/iberoid-shop.com\/pt\/product\/testosteron-depot250mg-t-enanthate-imperialabs\/#breadcrumb","itemListElement":[{"@type":"ListItem","position":1,"name":"Portada","item":"https:\/\/iberoid-shop.com\/pt\/"},{"@type":"ListItem","position":2,"name":"Loja","item":"https:\/\/iberoid-shop.com\/pt\/shop\/"},{"@type":"ListItem","position":3,"name":"TESTOSTERON DEPOT (T. enanthate) 250mg"}]},{"@type":"WebSite","@id":"https:\/\/iberoid-shop.com\/pt\/#website","url":"https:\/\/iberoid-shop.com\/pt\/","name":"Ester\u00f3ides Online","description":"Compre ester\u00f3ides online hoje em Espanha e Portugal. Temos o melhor servi\u00e7o ao cliente do setor e produtos da mais alta qualidade","potentialAction":[{"@type":"SearchAction","target":{"@type":"EntryPoint","urlTemplate":"https:\/\/iberoid-shop.com\/pt\/?s={search_term_string}"},"query-input":{"@type":"PropertyValueSpecification","valueRequired":true,"valueName":"search_term_string"}}],"inLanguage":"pt-PT"}]},"product_brand":"IMPERIA LABS","product_price_amount":"50.00","product_price_currency":"EUR","og_availability":"out of stock","product_availability":"out of stock","product_condition":"new"},"_links":{"self":[{"href":"https:\/\/iberoid-shop.com\/pt\/wp-json\/wp\/v2\/product\/9759","targetHints":{"allow":["GET"]}}],"collection":[{"href":"https:\/\/iberoid-shop.com\/pt\/wp-json\/wp\/v2\/product"}],"about":[{"href":"https:\/\/iberoid-shop.com\/pt\/wp-json\/wp\/v2\/types\/product"}],"replies":[{"embeddable":true,"href":"https:\/\/iberoid-shop.com\/pt\/wp-json\/wp\/v2\/comments?post=9759"}],"wp:featuredmedia":[{"embeddable":true,"href":"https:\/\/iberoid-shop.com\/pt\/wp-json\/wp\/v2\/media\/9760"}],"wp:attachment":[{"href":"https:\/\/iberoid-shop.com\/pt\/wp-json\/wp\/v2\/media?parent=9759"}],"wp:term":[{"taxonomy":"product_brand","embeddable":true,"href":"https:\/\/iberoid-shop.com\/pt\/wp-json\/wp\/v2\/product_brand?post=9759"},{"taxonomy":"product_cat","embeddable":true,"href":"https:\/\/iberoid-shop.com\/pt\/wp-json\/wp\/v2\/product_cat?post=9759"},{"taxonomy":"product_tag","embeddable":true,"href":"https:\/\/iberoid-shop.com\/pt\/wp-json\/wp\/v2\/product_tag?post=9759"}],"curies":[{"name":"wp","href":"https:\/\/api.w.org\/{rel}","templated":true}]}}