{"id":9757,"date":"2024-10-20T11:29:59","date_gmt":"2024-10-20T11:29:59","guid":{"rendered":"https:\/\/iberoid-shop.com\/?post_type=product&#038;p=9757"},"modified":"2026-01-25T13:54:17","modified_gmt":"2026-01-25T13:54:17","slug":"winstrol-agua50mg-imperialabs","status":"publish","type":"product","link":"https:\/\/iberoid-shop.com\/pt\/product\/winstrol-agua50mg-imperialabs\/","title":{"rendered":"WINSTROL AGUA &#8211; 50mg"},"content":{"rendered":"<p>Ao usar Imperia Labs Winstrol 50, os atletas podem aumentar os ganhos de massa muscular magra, aumentar a for\u00e7a, estimular a regenera\u00e7\u00e3o mais r\u00e1pida do tecido muscular e acelerar significativamente a queima de gordura.<\/p>\n<h2>Efeitos colaterais:<\/h2>\n<p>As rea\u00e7\u00f5es adversas mais comuns atribu\u00eddas ao Stanozolol s\u00e3o acne, paralisa\u00e7\u00e3o tempor\u00e1ria da reprodu\u00e7\u00e3o do ron , aumento dos n\u00edveis de colesterol de baixa densidade (LDL) e impacto no aparelho \u00f3sseo-ligamentar.<\/p>\n<h2>Prote\u00e7\u00e3o:<\/h2>\n<p>\u00c9 necess\u00e1ria medica\u00e7\u00e3o para controlar os n\u00edveis do perfil lip\u00eddico. Considere a inclus\u00e3o de gonadotrofina ao usar este produto.<\/p>\n<h2>Stacking :<\/h2>\n<p>Imperia Labs Winstrol 50 apresenta excelentes resultados e pode ser aplicado com seguran\u00e7a com \u00e9steres longos e \u00e9steres curtos como Testoste ron Enanthate e HGH.<\/p>\n<p>&nbsp;<\/p>\n<h3>Revelando Winstrol: um guia abrangente para o popular ester\u00f3ide<\/h3>\n<h4>Introdu\u00e7\u00e3o:<\/h4>\n<p>Winstrol \u00e9 um ester\u00f3ide anabolizante sint\u00e9tico amplamente reconhecido que ganhou popularidade no mundo do fisiculturismo e do atletismo. Com as suas propriedades e benef\u00edcios \u00fanicos, o Winstrol tornou-se um suplemento procurado por indiv\u00edduos que procuram melhorar o seu desempenho e alcan\u00e7ar um f\u00edsico magro e esculpido.<\/p>\n<h4>O b\u00e1sico:<\/h4>\n<p>Derivado do diidrotestoster ron e (DHT), o Winstrol est\u00e1 dispon\u00edvel nas formas oral e injet\u00e1vel. Destaca-se entre outros ester\u00f3ides pela sua capacidade de proporcionar ganhos significativos de massa muscular sem reten\u00e7\u00e3o excessiva de \u00e1gua, tornando-o uma escolha popular para quem procura uma apar\u00eancia magra e vascular.<\/p>\n<h4>Melhoria de performance:<\/h4>\n<p>Uma das principais raz\u00f5es pelas quais atletas e fisiculturistas recorrem a este PED \u00e9 a sua not\u00e1vel capacidade de melhoria de desempenho. O ester\u00f3ide promove a produ\u00e7\u00e3o de gl\u00f3bulos vermelhos, levando a um melhor fornecimento de oxig\u00eanio aos m\u00fasculos. Essa oxigena\u00e7\u00e3o aprimorada se traduz em maior resist\u00eancia e resist\u00eancia, permitindo que os indiv\u00edduos ultrapassem seus limites durante treinos intensos.<\/p>\n<h4>Cut e perda de gordura:<\/h4>\n<p>Winstrol \u00e9 especialmente conhecido pela sua efic\u00e1cia em ciclos de cut . Ao promover a perda de gordura e ao mesmo tempo preservar a massa muscular magra, este ester\u00f3ide ajuda os usu\u00e1rios a alcan\u00e7ar um f\u00edsico esculpido com m\u00fasculos bem definidos. Sua capacidade de se ligar aos receptores andr\u00f3genos ajuda a reduzir a gordura corporal sem sacrificar os m\u00fasculos conquistados com dificuldade, tornando-o um recurso valioso para quem deseja esculpir o corpo.<\/p>\n<h4>Natureza anab\u00f3lica com efeitos androg\u00eanicos limitados:<\/h4>\n<p>As propriedades anab\u00f3licas do Winstrol contribuem para o crescimento e repara\u00e7\u00e3o muscular, mas o que o diferencia \u00e9 o seu impacto androg\u00eanico relativamente baixo. Esta caracter\u00edstica faz do Winstrol uma escolha preferida tanto para atletas masculinos como femininos, minimizando o risco de viriliza\u00e7\u00e3o nas mulheres. No entanto, os usu\u00e1rios ainda devem ter cautela e seguir as dosagens recomendadas para evitar poss\u00edveis efeitos colaterais.<\/p>\n<h4>Potenciais efeitos colaterais:<\/h4>\n<p>Como qualquer ester\u00f3ide, isso tem seus potenciais efeitos colaterais. Os usu\u00e1rios podem sentir tens\u00e3o no f\u00edgado, desconforto nas articula\u00e7\u00f5es e flutua\u00e7\u00f5es nos n\u00edveis de colesterol. \u00c9 crucial consultar um profissional de sa\u00fade antes de incorporar este AAS em qualquer regime e monitorizar de perto a sua utiliza\u00e7\u00e3o para mitigar estes riscos.<\/p>\n<h4>Conclus\u00e3o:<\/h4>\n<p>Este AAS continua a ser uma escolha popular no mundo do aprimoramento de desempenho, conhecido por sua combina\u00e7\u00e3o \u00fanica de propriedades de constru\u00e7\u00e3o muscular e cut gordura. Embora ofere\u00e7a benef\u00edcios not\u00e1veis, os utilizadores devem abordar a sua utiliza\u00e7\u00e3o de forma respons\u00e1vel, aderindo \u00e0s dosagens recomendadas e procurando orienta\u00e7\u00e3o profissional para garantir uma experi\u00eancia segura e eficaz. Tal como acontece com qualquer suplemento ou ester\u00f3ide, compreender as suas propriedades e riscos potenciais \u00e9 essencial para maximizar os benef\u00edcios e minimizar os efeitos adversos.<\/p>","protected":false},"excerpt":{"rendered":"<p>Ao usar Imperia Labs Winstrol 50, os atletas podem aumentar os ganhos de massa muscular magra, aumentar a for\u00e7a, estimular<\/p>\n","protected":false},"featured_media":9758,"comment_status":"open","ping_status":"closed","template":"","meta":[],"product_brand":[],"product_cat":[69],"product_tag":[],"class_list":{"0":"post-9757","1":"product","2":"type-product","3":"status-publish","4":"has-post-thumbnail","6":"product_cat-esteroides_inyectables","8":"first","9":"outofstock","10":"shipping-taxable","11":"purchasable","12":"product-type-simple"},"yoast_head":"<!-- This site is optimized with the Yoast SEO Premium plugin v24.4 (Yoast SEO v27.3) - https:\/\/yoast.com\/product\/yoast-seo-premium-wordpress\/ -->\n<title>WINSTROL AGUA - 50mg - Ester\u00f3ides Online<\/title>\n<meta name=\"description\" content=\"Imperia Labs Winstrol 50 aumenta a massa muscular magra, a for\u00e7a e a queima de gordura, acelerando a recupera\u00e7\u00e3o. Requer controle lip\u00eddico e combina bem com Test Enantato e HGH.\" \/>\n<meta name=\"robots\" content=\"index, follow, max-snippet:-1, max-image-preview:large, max-video-preview:-1\" \/>\n<link rel=\"canonical\" href=\"https:\/\/iberoid-shop.com\/pt\/product\/winstrol-agua50mg-imperialabs\/\" \/>\n<meta property=\"og:locale\" content=\"pt_PT\" \/>\n<meta property=\"og:type\" content=\"article\" \/>\n<meta property=\"og:title\" content=\"WINSTROL AGUA - 50mg\" \/>\n<meta property=\"og:description\" content=\"Imperia Labs Winstrol 50 aumenta a massa muscular magra, a for\u00e7a e a queima de gordura, acelerando a recupera\u00e7\u00e3o. Requer controle lip\u00eddico e combina bem com Test Enantato e HGH.\" \/>\n<meta property=\"og:url\" content=\"https:\/\/iberoid-shop.com\/pt\/product\/winstrol-agua50mg-imperialabs\/\" \/>\n<meta property=\"og:site_name\" content=\"Ester\u00f3ides Online\" \/>\n<meta property=\"article:modified_time\" content=\"2026-01-25T13:54:17+00:00\" \/>\n<meta property=\"og:image\" content=\"https:\/\/iberoid-shop.com\/wp-content\/uploads\/2024\/10\/win-imp.jpg?v=1729423785\" \/>\n\t<meta property=\"og:image:width\" content=\"1000\" \/>\n\t<meta property=\"og:image:height\" content=\"1000\" \/>\n\t<meta property=\"og:image:type\" content=\"image\/jpeg\" \/>\n<meta name=\"twitter:card\" content=\"summary_large_image\" \/>\n<meta name=\"twitter:label1\" content=\"pre\u00e7o\" \/>\n\t<meta name=\"twitter:data1\" content=\"&euro;50.00\" \/>\n\t<meta name=\"twitter:label2\" content=\"Disponibilidade\" \/>\n\t<meta name=\"twitter:data2\" content=\"Esgotado\" \/>\n<script type=\"application\/ld+json\" class=\"yoast-schema-graph\">{\"@context\":\"https:\\\/\\\/schema.org\",\"@graph\":[{\"@type\":\"WebPage\",\"@id\":\"https:\\\/\\\/iberoid-shop.com\\\/pt\\\/product\\\/winstrol-agua50mg-imperialabs\\\/\",\"url\":\"https:\\\/\\\/iberoid-shop.com\\\/pt\\\/product\\\/winstrol-agua50mg-imperialabs\\\/\",\"name\":\"WINSTROL AGUA - 50mg - Ester\u00f3ides Online\",\"isPartOf\":{\"@id\":\"https:\\\/\\\/iberoid-shop.com\\\/pt\\\/#website\"},\"primaryImageOfPage\":{\"@id\":\"https:\\\/\\\/iberoid-shop.com\\\/pt\\\/product\\\/winstrol-agua50mg-imperialabs\\\/#primaryimage\"},\"image\":{\"@id\":\"https:\\\/\\\/iberoid-shop.com\\\/pt\\\/product\\\/winstrol-agua50mg-imperialabs\\\/#primaryimage\"},\"thumbnailUrl\":\"https:\\\/\\\/iberoid-shop.com\\\/wp-content\\\/uploads\\\/2024\\\/10\\\/win-imp.jpg?v=1729423785\",\"datePublished\":\"2024-10-20T11:29:59+00:00\",\"dateModified\":\"2026-01-25T13:54:17+00:00\",\"description\":\"Imperia Labs Winstrol 50 aumenta a massa muscular magra, a for\u00e7a e a queima de gordura, acelerando a recupera\u00e7\u00e3o. Requer controle lip\u00eddico e combina bem com Test Enantato e HGH.\",\"breadcrumb\":{\"@id\":\"https:\\\/\\\/iberoid-shop.com\\\/pt\\\/product\\\/winstrol-agua50mg-imperialabs\\\/#breadcrumb\"},\"inLanguage\":\"pt-PT\",\"potentialAction\":[{\"@type\":\"ReadAction\",\"target\":[[\"https:\\\/\\\/iberoid-shop.com\\\/pt\\\/product\\\/winstrol-agua50mg-imperialabs\\\/\"]]}]},{\"@type\":\"ImageObject\",\"inLanguage\":\"pt-PT\",\"@id\":\"https:\\\/\\\/iberoid-shop.com\\\/pt\\\/product\\\/winstrol-agua50mg-imperialabs\\\/#primaryimage\",\"url\":\"https:\\\/\\\/iberoid-shop.com\\\/wp-content\\\/uploads\\\/2024\\\/10\\\/win-imp.jpg?v=1729423785\",\"contentUrl\":\"https:\\\/\\\/iberoid-shop.com\\\/wp-content\\\/uploads\\\/2024\\\/10\\\/win-imp.jpg?v=1729423785\",\"width\":1000,\"height\":1000},{\"@type\":\"BreadcrumbList\",\"@id\":\"https:\\\/\\\/iberoid-shop.com\\\/pt\\\/product\\\/winstrol-agua50mg-imperialabs\\\/#breadcrumb\",\"itemListElement\":[{\"@type\":\"ListItem\",\"position\":1,\"name\":\"Portada\",\"item\":\"https:\\\/\\\/iberoid-shop.com\\\/pt\\\/\"},{\"@type\":\"ListItem\",\"position\":2,\"name\":\"Loja\",\"item\":\"https:\\\/\\\/iberoid-shop.com\\\/pt\\\/shop\\\/\"},{\"@type\":\"ListItem\",\"position\":3,\"name\":\"WINSTROL AGUA &#8211; 50mg\"}]},{\"@type\":\"WebSite\",\"@id\":\"https:\\\/\\\/iberoid-shop.com\\\/pt\\\/#website\",\"url\":\"https:\\\/\\\/iberoid-shop.com\\\/pt\\\/\",\"name\":\"Ester\u00f3ides Online\",\"description\":\"Compre ester\u00f3ides online hoje em Espanha e Portugal. Temos o melhor servi\u00e7o ao cliente do setor e produtos da mais alta qualidade\",\"potentialAction\":[{\"@type\":\"SearchAction\",\"target\":{\"@type\":\"EntryPoint\",\"urlTemplate\":\"https:\\\/\\\/iberoid-shop.com\\\/pt\\\/?s={search_term_string}\"},\"query-input\":{\"@type\":\"PropertyValueSpecification\",\"valueRequired\":true,\"valueName\":\"search_term_string\"}}],\"inLanguage\":\"pt-PT\"}]}<\/script>\n<meta property=\"product:brand\" content=\"IMPERIA LABS\" \/>\n<meta property=\"product:price:amount\" content=\"50.00\" \/>\n<meta property=\"product:price:currency\" content=\"EUR\" \/>\n<meta property=\"og:availability\" content=\"out of stock\" \/>\n<meta property=\"product:availability\" content=\"out of stock\" \/>\n<meta property=\"product:condition\" content=\"new\" \/>\n<!-- \/ Yoast SEO Premium plugin. -->","yoast_head_json":{"title":"WINSTROL AGUA - 50mg - Ester\u00f3ides Online","description":"Imperia Labs Winstrol 50 aumenta a massa muscular magra, a for\u00e7a e a queima de gordura, acelerando a recupera\u00e7\u00e3o. Requer controle lip\u00eddico e combina bem com Test Enantato e HGH.","robots":{"index":"index","follow":"follow","max-snippet":"max-snippet:-1","max-image-preview":"max-image-preview:large","max-video-preview":"max-video-preview:-1"},"canonical":"https:\/\/iberoid-shop.com\/pt\/product\/winstrol-agua50mg-imperialabs\/","og_locale":"pt_PT","og_type":"article","og_title":"WINSTROL AGUA - 50mg","og_description":"Imperia Labs Winstrol 50 aumenta a massa muscular magra, a for\u00e7a e a queima de gordura, acelerando a recupera\u00e7\u00e3o. Requer controle lip\u00eddico e combina bem com Test Enantato e HGH.","og_url":"https:\/\/iberoid-shop.com\/pt\/product\/winstrol-agua50mg-imperialabs\/","og_site_name":"Ester\u00f3ides Online","article_modified_time":"2026-01-25T13:54:17+00:00","og_image":[{"width":1000,"height":1000,"url":"https:\/\/iberoid-shop.com\/wp-content\/uploads\/2024\/10\/win-imp.jpg?v=1729423785","type":"image\/jpeg"}],"twitter_card":"summary_large_image","twitter_misc":{"pre\u00e7o":"&euro;50.00","Disponibilidade":"Esgotado"},"schema":{"@context":"https:\/\/schema.org","@graph":[{"@type":"WebPage","@id":"https:\/\/iberoid-shop.com\/pt\/product\/winstrol-agua50mg-imperialabs\/","url":"https:\/\/iberoid-shop.com\/pt\/product\/winstrol-agua50mg-imperialabs\/","name":"WINSTROL AGUA - 50mg - Ester\u00f3ides Online","isPartOf":{"@id":"https:\/\/iberoid-shop.com\/pt\/#website"},"primaryImageOfPage":{"@id":"https:\/\/iberoid-shop.com\/pt\/product\/winstrol-agua50mg-imperialabs\/#primaryimage"},"image":{"@id":"https:\/\/iberoid-shop.com\/pt\/product\/winstrol-agua50mg-imperialabs\/#primaryimage"},"thumbnailUrl":"https:\/\/iberoid-shop.com\/wp-content\/uploads\/2024\/10\/win-imp.jpg?v=1729423785","datePublished":"2024-10-20T11:29:59+00:00","dateModified":"2026-01-25T13:54:17+00:00","description":"Imperia Labs Winstrol 50 aumenta a massa muscular magra, a for\u00e7a e a queima de gordura, acelerando a recupera\u00e7\u00e3o. Requer controle lip\u00eddico e combina bem com Test Enantato e HGH.","breadcrumb":{"@id":"https:\/\/iberoid-shop.com\/pt\/product\/winstrol-agua50mg-imperialabs\/#breadcrumb"},"inLanguage":"pt-PT","potentialAction":[{"@type":"ReadAction","target":[["https:\/\/iberoid-shop.com\/pt\/product\/winstrol-agua50mg-imperialabs\/"]]}]},{"@type":"ImageObject","inLanguage":"pt-PT","@id":"https:\/\/iberoid-shop.com\/pt\/product\/winstrol-agua50mg-imperialabs\/#primaryimage","url":"https:\/\/iberoid-shop.com\/wp-content\/uploads\/2024\/10\/win-imp.jpg?v=1729423785","contentUrl":"https:\/\/iberoid-shop.com\/wp-content\/uploads\/2024\/10\/win-imp.jpg?v=1729423785","width":1000,"height":1000},{"@type":"BreadcrumbList","@id":"https:\/\/iberoid-shop.com\/pt\/product\/winstrol-agua50mg-imperialabs\/#breadcrumb","itemListElement":[{"@type":"ListItem","position":1,"name":"Portada","item":"https:\/\/iberoid-shop.com\/pt\/"},{"@type":"ListItem","position":2,"name":"Loja","item":"https:\/\/iberoid-shop.com\/pt\/shop\/"},{"@type":"ListItem","position":3,"name":"WINSTROL AGUA &#8211; 50mg"}]},{"@type":"WebSite","@id":"https:\/\/iberoid-shop.com\/pt\/#website","url":"https:\/\/iberoid-shop.com\/pt\/","name":"Ester\u00f3ides Online","description":"Compre ester\u00f3ides online hoje em Espanha e Portugal. Temos o melhor servi\u00e7o ao cliente do setor e produtos da mais alta qualidade","potentialAction":[{"@type":"SearchAction","target":{"@type":"EntryPoint","urlTemplate":"https:\/\/iberoid-shop.com\/pt\/?s={search_term_string}"},"query-input":{"@type":"PropertyValueSpecification","valueRequired":true,"valueName":"search_term_string"}}],"inLanguage":"pt-PT"}]},"product_brand":"IMPERIA LABS","product_price_amount":"50.00","product_price_currency":"EUR","og_availability":"out of stock","product_availability":"out of stock","product_condition":"new"},"_links":{"self":[{"href":"https:\/\/iberoid-shop.com\/pt\/wp-json\/wp\/v2\/product\/9757","targetHints":{"allow":["GET"]}}],"collection":[{"href":"https:\/\/iberoid-shop.com\/pt\/wp-json\/wp\/v2\/product"}],"about":[{"href":"https:\/\/iberoid-shop.com\/pt\/wp-json\/wp\/v2\/types\/product"}],"replies":[{"embeddable":true,"href":"https:\/\/iberoid-shop.com\/pt\/wp-json\/wp\/v2\/comments?post=9757"}],"wp:featuredmedia":[{"embeddable":true,"href":"https:\/\/iberoid-shop.com\/pt\/wp-json\/wp\/v2\/media\/9758"}],"wp:attachment":[{"href":"https:\/\/iberoid-shop.com\/pt\/wp-json\/wp\/v2\/media?parent=9757"}],"wp:term":[{"taxonomy":"product_brand","embeddable":true,"href":"https:\/\/iberoid-shop.com\/pt\/wp-json\/wp\/v2\/product_brand?post=9757"},{"taxonomy":"product_cat","embeddable":true,"href":"https:\/\/iberoid-shop.com\/pt\/wp-json\/wp\/v2\/product_cat?post=9757"},{"taxonomy":"product_tag","embeddable":true,"href":"https:\/\/iberoid-shop.com\/pt\/wp-json\/wp\/v2\/product_tag?post=9757"}],"curies":[{"name":"wp","href":"https:\/\/api.w.org\/{rel}","templated":true}]}}