{"id":9753,"date":"2024-10-20T11:06:46","date_gmt":"2024-10-20T11:06:46","guid":{"rendered":"https:\/\/iberoid-shop.com\/?post_type=product&#038;p=9753"},"modified":"2026-02-13T16:02:19","modified_gmt":"2026-02-13T16:02:19","slug":"oxymetholon50mg-50tabs-impwrialabs","status":"publish","type":"product","link":"https:\/\/iberoid-shop.com\/pt\/product\/oxymetholon50mg-50tabs-impwrialabs\/","title":{"rendered":"Anadrol 50 \/ OXYMETHOLON &#8211; 50mg \/ 50tabs"},"content":{"rendered":"<p>ao usar Imperia Labs Anadrol 50, os atletas podem aumentar os ganhos musculares, aumentar a for\u00e7a, criar ossos mais r\u00edgidos e elevar o oxig\u00eanio nas c\u00e9lulas sangu\u00edneas para estimular uma regenera\u00e7\u00e3o corporal mais r\u00e1pida.<\/p>\n<h2>Efeitos colaterais:<\/h2>\n<p>As rea\u00e7\u00f5es adversas mais comuns atribu\u00eddas ao Oxy s\u00e3o acne, interrup\u00e7\u00e3o tempor\u00e1ria da reprodu\u00e7\u00e3o do ron , n\u00edveis elevados de colesterol de baixa densidade (LDL) e aumento das enzimas hep\u00e1ticas.<\/p>\n<h2>Prote\u00e7\u00e3o:<\/h2>\n<p>Ao usar OXITOL, considere a inclus\u00e3o de gonadotrofina para minimizar os efeitos colaterais. N\u00e3o use oximetolona em combina\u00e7\u00e3o com outros ester\u00f3ides anabolizantes orais, ou voc\u00ea tem alguma doen\u00e7a do trato gastrointestinal. Como resultado do aumento da carga no f\u00edgado, recomendamos dividir a dosagem pela metade e n\u00e3o usar este PED por mais de 8 a 12 semanas.<\/p>\n<h2>Stacking :<\/h2>\n<p>N\u00e3o use OXYTHOL em combina\u00e7\u00e3o com outros ester\u00f3ides anabolizantes orais devido \u00e0 carga no f\u00edgado. Pode ser combinado com injet\u00e1veis \u200b\u200bcomo\u00a0Trenbolon Acetat\u00a0.<\/p>\n<p>&nbsp;<\/p>\n<h3>Oximetolona: revelando o potente poder anab\u00f3lico<\/h3>\n<h4>Introdu\u00e7\u00e3o:<\/h4>\n<p>A oximetolona, \u200b\u200bcomumente conhecida como Anadrol, \u00e9 um poderoso ester\u00f3ide anabolizante que tem chamado a aten\u00e7\u00e3o no mundo do fisiculturismo por seu impacto significativo no crescimento e na for\u00e7a muscular. Este artigo fornece uma explora\u00e7\u00e3o aprofundada do Oxy, abrangendo suas caracter\u00edsticas, usos e considera\u00e7\u00f5es para aqueles que contemplam sua integra\u00e7\u00e3o em seus regimes de condicionamento f\u00edsico.<\/p>\n<h4>Compreendendo a oximetolona:<\/h4>\n<p>Este PED pertence \u00e0 classe de horm\u00f4nios masculinos sint\u00e9ticos conhecidos como ester\u00f3ides anabolizantes. Desenvolvido na d\u00e9cada de 1960 para tratar condi\u00e7\u00f5es de perda muscular, o Anadrol encontrou desde ent\u00e3o o seu lugar entre fisiculturistas e atletas que buscam ganhos r\u00e1pidos e substanciais de massa e for\u00e7a muscular.<\/p>\n<h4>Constru\u00e7\u00e3o muscular e efeitos anab\u00f3licos:<\/h4>\n<p>Este medicamento para melhorar o desempenho (PED) \u00e9 conhecido pela sua capacidade incompar\u00e1vel de promover o crescimento muscular r\u00e1pido e massivo. Aumenta a reten\u00e7\u00e3o de nitrog\u00eanio e a s\u00edntese de prote\u00ednas, criando um ron intensamente anab\u00f3lico nos tecidos musculares. Os fisiculturistas recorrem frequentemente a esta droga durante os ciclos de bulk para obter ganhos dram\u00e1ticos e imediatos, tornando-a uma escolha eficaz para aqueles com objetivos espec\u00edficos de tamanho e for\u00e7a.<\/p>\n<h4>Aumento da produ\u00e7\u00e3o de gl\u00f3bulos vermelhos:<\/h4>\n<p>Uma das caracter\u00edsticas distintivas deste AAS \u00e9 o seu impacto na produ\u00e7\u00e3o de gl\u00f3bulos vermelhos. Este PED aumenta a produ\u00e7\u00e3o de gl\u00f3bulos vermelhos, levando a um melhor fornecimento de oxig\u00eanio aos m\u00fasculos. Esta oxigena\u00e7\u00e3o elevada aumenta a resist\u00eancia e a resist\u00eancia, permitindo aos utilizadores praticar treinos mais intensos e prolongados.<\/p>\n<h4>Aumento de for\u00e7a:<\/h4>\n<p>Este PED \u00e9 altamente considerado pelo seu potente impacto na for\u00e7a. Os usu\u00e1rios frequentemente experimentam aumentos significativos na pot\u00eancia, permitindo levantamentos mais pesados \u200b\u200be sess\u00f5es de treinamento mais robustas. Este aumento de for\u00e7a \u00e9 um fator chave na popularidade do Anadrol entre atletas de for\u00e7a e fisiculturistas que buscam romper patamares.<\/p>\n<h4>Considera\u00e7\u00f5es e potenciais efeitos colaterais:<\/h4>\n<p>Embora o Oxy ofere\u00e7a benef\u00edcios substanciais, os usu\u00e1rios devem estar atentos aos poss\u00edveis efeitos colaterais. Anadrol \u00e9 conhecido por sua hepatotoxicidade, e o monitoramento regular da fun\u00e7\u00e3o hep\u00e1tica \u00e9 crucial durante seu uso. Efeitos androg\u00eanicos como acne, pele oleosa e queda de cabelo tamb\u00e9m podem ocorrer. O gerenciamento da dosagem e a incorpora\u00e7\u00e3o da terapia p\u00f3s-ciclo s\u00e3o considera\u00e7\u00f5es essenciais para mitigar esses riscos.<\/p>\n<h4>Conclus\u00e3o:<\/h4>\n<p>Oxys, com seus potentes efeitos anab\u00f3licos e r\u00e1pida capacidade de constru\u00e7\u00e3o muscular, \u00e9 uma op\u00e7\u00e3o formid\u00e1vel para aqueles que buscam ganhos significativos de tamanho e for\u00e7a. No entanto, os usu\u00e1rios devem abordar o Anadrol com cautela, compreendendo os riscos potenciais e incorporando as precau\u00e7\u00f5es necess\u00e1rias para um uso respons\u00e1vel. A consulta com profissionais de sa\u00fade \u00e9 crucial para indiv\u00edduos que consideram o Oxy como parte da sua jornada de fitness, garantindo uma abordagem equilibrada e informada para alcan\u00e7ar os seus objetivos de muscula\u00e7\u00e3o.<\/p>","protected":false},"excerpt":{"rendered":"<p>ao usar Imperia Labs Anadrol 50, os atletas podem aumentar os ganhos musculares, aumentar a for\u00e7a, criar ossos mais r\u00edgidos<\/p>\n","protected":false},"featured_media":9754,"comment_status":"open","ping_status":"closed","template":"","meta":[],"product_brand":[3532],"product_cat":[73],"product_tag":[],"class_list":{"0":"post-9753","1":"product","2":"type-product","3":"status-publish","4":"has-post-thumbnail","6":"product_brand-imperia-labs","7":"product_cat-ssteroides_orales","9":"first","10":"outofstock","11":"sale","12":"shipping-taxable","13":"purchasable","14":"product-type-simple"},"yoast_head":"<!-- This site is optimized with the Yoast SEO Premium plugin v24.4 (Yoast SEO v27.3) - https:\/\/yoast.com\/product\/yoast-seo-premium-wordpress\/ -->\n<title>Anadrol 50 \/ OXYMETHOLON - 50mg \/ 50tabs - Ester\u00f3ides Online<\/title>\n<meta name=\"description\" content=\"Imperia Labs Anadrol 50 aumenta o ganho muscular, a for\u00e7a e os n\u00edveis de oxig\u00eanio para uma recupera\u00e7\u00e3o r\u00e1pida. Use com cautela; monitore os efeitos colaterais e evite combin\u00e1-lo com outros orais.\" \/>\n<meta name=\"robots\" content=\"index, follow, max-snippet:-1, max-image-preview:large, max-video-preview:-1\" \/>\n<link rel=\"canonical\" href=\"https:\/\/iberoid-shop.com\/pt\/product\/oxymetholon50mg-50tabs-impwrialabs\/\" \/>\n<meta property=\"og:locale\" content=\"pt_PT\" \/>\n<meta property=\"og:type\" content=\"article\" \/>\n<meta property=\"og:title\" content=\"Anadrol 50 \/ OXYMETHOLON - 50mg \/ 50tabs\" \/>\n<meta property=\"og:description\" content=\"Imperia Labs Anadrol 50 aumenta o ganho muscular, a for\u00e7a e os n\u00edveis de oxig\u00eanio para uma recupera\u00e7\u00e3o r\u00e1pida. Use com cautela; monitore os efeitos colaterais e evite combin\u00e1-lo com outros orais.\" \/>\n<meta property=\"og:url\" content=\"https:\/\/iberoid-shop.com\/pt\/product\/oxymetholon50mg-50tabs-impwrialabs\/\" \/>\n<meta property=\"og:site_name\" content=\"Ester\u00f3ides Online\" \/>\n<meta property=\"article:modified_time\" content=\"2026-02-13T16:02:19+00:00\" \/>\n<meta property=\"og:image\" content=\"https:\/\/iberoid-shop.com\/wp-content\/uploads\/2024\/10\/oxymetolon-imp.jpeg?v=1729422396\" \/>\n\t<meta property=\"og:image:width\" content=\"2560\" \/>\n\t<meta property=\"og:image:height\" content=\"1707\" \/>\n\t<meta property=\"og:image:type\" content=\"image\/jpeg\" \/>\n<meta name=\"twitter:card\" content=\"summary_large_image\" \/>\n<meta name=\"twitter:label1\" content=\"pre\u00e7o\" \/>\n\t<meta name=\"twitter:data1\" content=\"&euro;70.00\" \/>\n\t<meta name=\"twitter:label2\" content=\"Disponibilidade\" \/>\n\t<meta name=\"twitter:data2\" content=\"Esgotado\" \/>\n<script type=\"application\/ld+json\" class=\"yoast-schema-graph\">{\"@context\":\"https:\\\/\\\/schema.org\",\"@graph\":[{\"@type\":\"WebPage\",\"@id\":\"https:\\\/\\\/iberoid-shop.com\\\/pt\\\/product\\\/oxymetholon50mg-50tabs-impwrialabs\\\/\",\"url\":\"https:\\\/\\\/iberoid-shop.com\\\/pt\\\/product\\\/oxymetholon50mg-50tabs-impwrialabs\\\/\",\"name\":\"Anadrol 50 \\\/ OXYMETHOLON - 50mg \\\/ 50tabs - Ester\u00f3ides Online\",\"isPartOf\":{\"@id\":\"https:\\\/\\\/iberoid-shop.com\\\/pt\\\/#website\"},\"primaryImageOfPage\":{\"@id\":\"https:\\\/\\\/iberoid-shop.com\\\/pt\\\/product\\\/oxymetholon50mg-50tabs-impwrialabs\\\/#primaryimage\"},\"image\":{\"@id\":\"https:\\\/\\\/iberoid-shop.com\\\/pt\\\/product\\\/oxymetholon50mg-50tabs-impwrialabs\\\/#primaryimage\"},\"thumbnailUrl\":\"https:\\\/\\\/iberoid-shop.com\\\/wp-content\\\/uploads\\\/2024\\\/10\\\/oxymetolon-imp.jpeg?v=1729422396\",\"datePublished\":\"2024-10-20T11:06:46+00:00\",\"dateModified\":\"2026-02-13T16:02:19+00:00\",\"description\":\"Imperia Labs Anadrol 50 aumenta o ganho muscular, a for\u00e7a e os n\u00edveis de oxig\u00eanio para uma recupera\u00e7\u00e3o r\u00e1pida. Use com cautela; monitore os efeitos colaterais e evite combin\u00e1-lo com outros orais.\",\"breadcrumb\":{\"@id\":\"https:\\\/\\\/iberoid-shop.com\\\/pt\\\/product\\\/oxymetholon50mg-50tabs-impwrialabs\\\/#breadcrumb\"},\"inLanguage\":\"pt-PT\",\"potentialAction\":[{\"@type\":\"ReadAction\",\"target\":[[\"https:\\\/\\\/iberoid-shop.com\\\/pt\\\/product\\\/oxymetholon50mg-50tabs-impwrialabs\\\/\"]]}]},{\"@type\":\"ImageObject\",\"inLanguage\":\"pt-PT\",\"@id\":\"https:\\\/\\\/iberoid-shop.com\\\/pt\\\/product\\\/oxymetholon50mg-50tabs-impwrialabs\\\/#primaryimage\",\"url\":\"https:\\\/\\\/iberoid-shop.com\\\/wp-content\\\/uploads\\\/2024\\\/10\\\/oxymetolon-imp.jpeg?v=1729422396\",\"contentUrl\":\"https:\\\/\\\/iberoid-shop.com\\\/wp-content\\\/uploads\\\/2024\\\/10\\\/oxymetolon-imp.jpeg?v=1729422396\",\"width\":2560,\"height\":1707},{\"@type\":\"BreadcrumbList\",\"@id\":\"https:\\\/\\\/iberoid-shop.com\\\/pt\\\/product\\\/oxymetholon50mg-50tabs-impwrialabs\\\/#breadcrumb\",\"itemListElement\":[{\"@type\":\"ListItem\",\"position\":1,\"name\":\"Portada\",\"item\":\"https:\\\/\\\/iberoid-shop.com\\\/pt\\\/\"},{\"@type\":\"ListItem\",\"position\":2,\"name\":\"Loja\",\"item\":\"https:\\\/\\\/iberoid-shop.com\\\/pt\\\/shop\\\/\"},{\"@type\":\"ListItem\",\"position\":3,\"name\":\"Anadrol 50 \\\/ OXYMETHOLON &#8211; 50mg \\\/ 50tabs\"}]},{\"@type\":\"WebSite\",\"@id\":\"https:\\\/\\\/iberoid-shop.com\\\/pt\\\/#website\",\"url\":\"https:\\\/\\\/iberoid-shop.com\\\/pt\\\/\",\"name\":\"Ester\u00f3ides Online\",\"description\":\"Compre ester\u00f3ides online hoje em Espanha e Portugal. Temos o melhor servi\u00e7o ao cliente do setor e produtos da mais alta qualidade\",\"potentialAction\":[{\"@type\":\"SearchAction\",\"target\":{\"@type\":\"EntryPoint\",\"urlTemplate\":\"https:\\\/\\\/iberoid-shop.com\\\/pt\\\/?s={search_term_string}\"},\"query-input\":{\"@type\":\"PropertyValueSpecification\",\"valueRequired\":true,\"valueName\":\"search_term_string\"}}],\"inLanguage\":\"pt-PT\"}]}<\/script>\n<meta property=\"product:brand\" content=\"IMPERIA LABS\" \/>\n<meta property=\"product:price:amount\" content=\"70.00\" \/>\n<meta property=\"product:price:currency\" content=\"EUR\" \/>\n<meta property=\"og:availability\" content=\"out of stock\" \/>\n<meta property=\"product:availability\" content=\"out of stock\" \/>\n<meta property=\"product:condition\" content=\"new\" \/>\n<!-- \/ Yoast SEO Premium plugin. -->","yoast_head_json":{"title":"Anadrol 50 \/ OXYMETHOLON - 50mg \/ 50tabs - Ester\u00f3ides Online","description":"Imperia Labs Anadrol 50 aumenta o ganho muscular, a for\u00e7a e os n\u00edveis de oxig\u00eanio para uma recupera\u00e7\u00e3o r\u00e1pida. Use com cautela; monitore os efeitos colaterais e evite combin\u00e1-lo com outros orais.","robots":{"index":"index","follow":"follow","max-snippet":"max-snippet:-1","max-image-preview":"max-image-preview:large","max-video-preview":"max-video-preview:-1"},"canonical":"https:\/\/iberoid-shop.com\/pt\/product\/oxymetholon50mg-50tabs-impwrialabs\/","og_locale":"pt_PT","og_type":"article","og_title":"Anadrol 50 \/ OXYMETHOLON - 50mg \/ 50tabs","og_description":"Imperia Labs Anadrol 50 aumenta o ganho muscular, a for\u00e7a e os n\u00edveis de oxig\u00eanio para uma recupera\u00e7\u00e3o r\u00e1pida. Use com cautela; monitore os efeitos colaterais e evite combin\u00e1-lo com outros orais.","og_url":"https:\/\/iberoid-shop.com\/pt\/product\/oxymetholon50mg-50tabs-impwrialabs\/","og_site_name":"Ester\u00f3ides Online","article_modified_time":"2026-02-13T16:02:19+00:00","og_image":[{"width":2560,"height":1707,"url":"https:\/\/iberoid-shop.com\/wp-content\/uploads\/2024\/10\/oxymetolon-imp.jpeg?v=1729422396","type":"image\/jpeg"}],"twitter_card":"summary_large_image","twitter_misc":{"pre\u00e7o":"&euro;70.00","Disponibilidade":"Esgotado"},"schema":{"@context":"https:\/\/schema.org","@graph":[{"@type":"WebPage","@id":"https:\/\/iberoid-shop.com\/pt\/product\/oxymetholon50mg-50tabs-impwrialabs\/","url":"https:\/\/iberoid-shop.com\/pt\/product\/oxymetholon50mg-50tabs-impwrialabs\/","name":"Anadrol 50 \/ OXYMETHOLON - 50mg \/ 50tabs - Ester\u00f3ides Online","isPartOf":{"@id":"https:\/\/iberoid-shop.com\/pt\/#website"},"primaryImageOfPage":{"@id":"https:\/\/iberoid-shop.com\/pt\/product\/oxymetholon50mg-50tabs-impwrialabs\/#primaryimage"},"image":{"@id":"https:\/\/iberoid-shop.com\/pt\/product\/oxymetholon50mg-50tabs-impwrialabs\/#primaryimage"},"thumbnailUrl":"https:\/\/iberoid-shop.com\/wp-content\/uploads\/2024\/10\/oxymetolon-imp.jpeg?v=1729422396","datePublished":"2024-10-20T11:06:46+00:00","dateModified":"2026-02-13T16:02:19+00:00","description":"Imperia Labs Anadrol 50 aumenta o ganho muscular, a for\u00e7a e os n\u00edveis de oxig\u00eanio para uma recupera\u00e7\u00e3o r\u00e1pida. Use com cautela; monitore os efeitos colaterais e evite combin\u00e1-lo com outros orais.","breadcrumb":{"@id":"https:\/\/iberoid-shop.com\/pt\/product\/oxymetholon50mg-50tabs-impwrialabs\/#breadcrumb"},"inLanguage":"pt-PT","potentialAction":[{"@type":"ReadAction","target":[["https:\/\/iberoid-shop.com\/pt\/product\/oxymetholon50mg-50tabs-impwrialabs\/"]]}]},{"@type":"ImageObject","inLanguage":"pt-PT","@id":"https:\/\/iberoid-shop.com\/pt\/product\/oxymetholon50mg-50tabs-impwrialabs\/#primaryimage","url":"https:\/\/iberoid-shop.com\/wp-content\/uploads\/2024\/10\/oxymetolon-imp.jpeg?v=1729422396","contentUrl":"https:\/\/iberoid-shop.com\/wp-content\/uploads\/2024\/10\/oxymetolon-imp.jpeg?v=1729422396","width":2560,"height":1707},{"@type":"BreadcrumbList","@id":"https:\/\/iberoid-shop.com\/pt\/product\/oxymetholon50mg-50tabs-impwrialabs\/#breadcrumb","itemListElement":[{"@type":"ListItem","position":1,"name":"Portada","item":"https:\/\/iberoid-shop.com\/pt\/"},{"@type":"ListItem","position":2,"name":"Loja","item":"https:\/\/iberoid-shop.com\/pt\/shop\/"},{"@type":"ListItem","position":3,"name":"Anadrol 50 \/ OXYMETHOLON &#8211; 50mg \/ 50tabs"}]},{"@type":"WebSite","@id":"https:\/\/iberoid-shop.com\/pt\/#website","url":"https:\/\/iberoid-shop.com\/pt\/","name":"Ester\u00f3ides Online","description":"Compre ester\u00f3ides online hoje em Espanha e Portugal. Temos o melhor servi\u00e7o ao cliente do setor e produtos da mais alta qualidade","potentialAction":[{"@type":"SearchAction","target":{"@type":"EntryPoint","urlTemplate":"https:\/\/iberoid-shop.com\/pt\/?s={search_term_string}"},"query-input":{"@type":"PropertyValueSpecification","valueRequired":true,"valueName":"search_term_string"}}],"inLanguage":"pt-PT"}]},"product_brand":"IMPERIA LABS","product_price_amount":"70.00","product_price_currency":"EUR","og_availability":"out of stock","product_availability":"out of stock","product_condition":"new"},"_links":{"self":[{"href":"https:\/\/iberoid-shop.com\/pt\/wp-json\/wp\/v2\/product\/9753","targetHints":{"allow":["GET"]}}],"collection":[{"href":"https:\/\/iberoid-shop.com\/pt\/wp-json\/wp\/v2\/product"}],"about":[{"href":"https:\/\/iberoid-shop.com\/pt\/wp-json\/wp\/v2\/types\/product"}],"replies":[{"embeddable":true,"href":"https:\/\/iberoid-shop.com\/pt\/wp-json\/wp\/v2\/comments?post=9753"}],"wp:featuredmedia":[{"embeddable":true,"href":"https:\/\/iberoid-shop.com\/pt\/wp-json\/wp\/v2\/media\/9754"}],"wp:attachment":[{"href":"https:\/\/iberoid-shop.com\/pt\/wp-json\/wp\/v2\/media?parent=9753"}],"wp:term":[{"taxonomy":"product_brand","embeddable":true,"href":"https:\/\/iberoid-shop.com\/pt\/wp-json\/wp\/v2\/product_brand?post=9753"},{"taxonomy":"product_cat","embeddable":true,"href":"https:\/\/iberoid-shop.com\/pt\/wp-json\/wp\/v2\/product_cat?post=9753"},{"taxonomy":"product_tag","embeddable":true,"href":"https:\/\/iberoid-shop.com\/pt\/wp-json\/wp\/v2\/product_tag?post=9753"}],"curies":[{"name":"wp","href":"https:\/\/api.w.org\/{rel}","templated":true}]}}