{"id":9749,"date":"2024-10-20T11:02:57","date_gmt":"2024-10-20T11:02:57","guid":{"rendered":"https:\/\/iberoid-shop.com\/?post_type=product&#038;p=9749"},"modified":"2025-02-14T08:50:16","modified_gmt":"2025-02-14T08:50:16","slug":"masteron100mg-imperialabs","status":"publish","type":"product","link":"https:\/\/iberoid-shop.com\/pt\/product\/masteron100mg-imperialabs\/","title":{"rendered":"MASTERON 100mg"},"content":{"rendered":"<p>Usando esta droga, os atletas podem aumentar os ganhos de massa muscular magra, aumentar a for\u00e7a e elevar o oxig\u00eanio nas c\u00e9lulas sangu\u00edneas para estimular uma regenera\u00e7\u00e3o mais r\u00e1pida do corpo. Al\u00e9m disso, promove o bem-estar sexual, estimula o contexto emocional positivo e acelera a queima de gordura.<\/p>\n<h2>Efeitos colaterais:<\/h2>\n<p>As rea\u00e7\u00f5es adversas mais comuns atribu\u00eddas ao Drostanolon Propionat s\u00e3o acne, paralisa\u00e7\u00e3o tempor\u00e1ria da reprodu\u00e7\u00e3o do ron , n\u00edveis elevados de colesterol de baixa densidade (LDL) e aumento da pr\u00f3stata (PSA).<\/p>\n<h2>Prote\u00e7\u00e3o:<\/h2>\n<p>Medicamentos que reduzem o aumento da pr\u00f3stata e gonadotrofina s\u00e3o recomendados ao usar este produto.<\/p>\n<h2>Stacking :<\/h2>\n<p>Imperia Labs Maste ron 100 apresenta excelentes resultados e pode ser aplicado com seguran\u00e7a com \u00e9steres curtos como Sustanon e HGH.<\/p>\n<p>&nbsp;<\/p>\n<h3>Esculpindo o f\u00edsico ideal: uma vis\u00e3o abrangente do Drostanolon Propionat<\/h3>\n<h3>Introdu\u00e7\u00e3o:<\/h3>\n<p>No dom\u00ednio do fisiculturismo, um ester\u00f3ide anabolizante em particular ganhou aclama\u00e7\u00e3o pelas suas propriedades \u00fanicas e resultados not\u00e1veis. Reconhecido pela sua a\u00e7\u00e3o r\u00e1pida e efic\u00e1cia nos ciclos de cut , este composto tornou-se uma pedra angular para indiv\u00edduos que procuram maior defini\u00e7\u00e3o muscular e um f\u00edsico magro.<\/p>\n<h3>Revelando a Potente Variante Estered:<\/h3>\n<p>Este not\u00e1vel ester\u00f3ide possui um \u00e9ster curto, garantindo r\u00e1pida absor\u00e7\u00e3o na corrente sangu\u00ednea e proporcionando resultados r\u00e1pidos. A sua estrutura molecular permite aos utilizadores experimentar os efeitos sem suportar o per\u00edodo de espera prolongado associado a algumas outras subst\u00e2ncias que melhoram o desempenho.<\/p>\n<h3>Defini\u00e7\u00e3o e dureza muscular:<\/h3>\n<p>Uma das caracter\u00edsticas mais procuradas deste ester\u00f3ide \u00e9 a sua capacidade de elevar a defini\u00e7\u00e3o e a dureza muscular. Particularmente ben\u00e9fico nas fases finais da prepara\u00e7\u00e3o para competi\u00e7\u00f5es de fisiculturismo, auxilia na redu\u00e7\u00e3o da reten\u00e7\u00e3o de \u00e1gua e na cut da gordura corporal, resultando num aspecto esculpido e vascular que real\u00e7a os m\u00fasculos bem definidos.<\/p>\n<h3>Efeitos androg\u00eanicos para desempenho m\u00e1ximo:<\/h3>\n<p>Drostanolon Propionat , tamb\u00e9m chamado de Maste ron , apresenta propriedades androg\u00eanicas robustas, contribuindo para o aumento da for\u00e7a e resist\u00eancia durante as sess\u00f5es de treinamento. Os atletas apreciam o seu papel na melhoria do desempenho sem comprometer a qualidade dos m\u00fasculos conquistados com tanto esfor\u00e7o. Os efeitos androg\u00eanicos tamb\u00e9m desempenham um papel fundamental na promo\u00e7\u00e3o de uma sensa\u00e7\u00e3o de bem-estar e concentra\u00e7\u00e3o durante treinos intensos.<\/p>\n<h3>Stacking estrat\u00e9gico para resultados ideais:<\/h3>\n<p>Para amplificar os benef\u00edcios deste formid\u00e1vel ester\u00f3ide, os indiv\u00edduos muitas vezes incorporam-no em pilhas com subst\u00e2ncias compat\u00edveis, criando efeitos sin\u00e9rgicos. Combina\u00e7\u00f5es comuns podem incluir este composto com outros, aumentando os ganhos musculares e minimizando potenciais efeitos colaterais.<\/p>\n<h3>Considera\u00e7\u00f5es e Mitiga\u00e7\u00e3o de Riscos:<\/h3>\n<p>Embora celebrado pelo seu impacto positivo, os utilizadores devem ter cautela em rela\u00e7\u00e3o aos potenciais efeitos secund\u00e1rios. Podem ocorrer efeitos androg\u00eanicos, como pele oleosa, acne e queda acelerada de cabelo, especialmente naqueles com predisposi\u00e7\u00e3o \u00e0 calv\u00edcie de padr\u00e3o masculino. Manter uma dosagem adequada e um regime de monitoramento \u00e9 crucial para mitigar esses riscos potenciais.<\/p>\n<h3>Conclus\u00e3o:<\/h3>\n<p>Este composto anab\u00f3lico de elite solidificou o seu lugar como uma ferramenta indispens\u00e1vel para alcan\u00e7ar um f\u00edsico esculpido e bem definido. A sua a\u00e7\u00e3o r\u00e1pida e a capacidade de aumentar a dureza e defini\u00e7\u00e3o muscular fazem dele a escolha preferida para quem procura uma vantagem competitiva no fisiculturismo. O uso respons\u00e1vel e a ades\u00e3o \u00e0s dosagens recomendadas s\u00e3o fundamentais para uma experi\u00eancia segura e eficaz. Aconselha-se consultar um profissional de sa\u00fade antes de incorporar esta potente subst\u00e2ncia em qualquer regime de condicionamento f\u00edsico, garantindo uma jornada em dire\u00e7\u00e3o ao f\u00edsico ideal com seguran\u00e7a e efic\u00e1cia ideais.<\/p>","protected":false},"excerpt":{"rendered":"<p>Usando esta droga, os atletas podem aumentar os ganhos de massa muscular magra, aumentar a for\u00e7a e elevar o oxig\u00eanio<\/p>\n","protected":false},"featured_media":9750,"comment_status":"open","ping_status":"closed","template":"","meta":[],"product_brand":[],"product_cat":[69],"product_tag":[],"class_list":{"0":"post-9749","1":"product","2":"type-product","3":"status-publish","4":"has-post-thumbnail","6":"product_cat-esteroides_inyectables","8":"first","9":"outofstock","10":"sale","11":"shipping-taxable","12":"purchasable","13":"product-type-simple"},"yoast_head":"<!-- This site is optimized with the Yoast SEO Premium plugin v24.4 (Yoast SEO v27.3) - https:\/\/yoast.com\/product\/yoast-seo-premium-wordpress\/ -->\n<title>MASTERON 100mg - Ester\u00f3ides Online<\/title>\n<meta name=\"robots\" content=\"index, follow, max-snippet:-1, max-image-preview:large, max-video-preview:-1\" \/>\n<link rel=\"canonical\" href=\"https:\/\/iberoid-shop.com\/pt\/product\/masteron100mg-imperialabs\/\" \/>\n<meta property=\"og:locale\" content=\"pt_PT\" \/>\n<meta property=\"og:type\" content=\"article\" \/>\n<meta property=\"og:title\" content=\"MASTERON 100mg\" \/>\n<meta property=\"og:description\" content=\"Usando esta droga, os atletas podem aumentar os ganhos de massa muscular magra, aumentar a for\u00e7a e elevar o oxig\u00eanio\" \/>\n<meta property=\"og:url\" content=\"https:\/\/iberoid-shop.com\/pt\/product\/masteron100mg-imperialabs\/\" \/>\n<meta property=\"og:site_name\" content=\"Ester\u00f3ides Online\" \/>\n<meta property=\"article:modified_time\" content=\"2025-02-14T08:50:16+00:00\" \/>\n<meta property=\"og:image\" content=\"https:\/\/iberoid-shop.com\/wp-content\/uploads\/2024\/10\/masteron-imp.jpeg?v=1729422163\" \/>\n\t<meta property=\"og:image:width\" content=\"1920\" \/>\n\t<meta property=\"og:image:height\" content=\"2560\" \/>\n\t<meta property=\"og:image:type\" content=\"image\/jpeg\" \/>\n<meta name=\"twitter:card\" content=\"summary_large_image\" \/>\n<meta name=\"twitter:label1\" content=\"pre\u00e7o\" \/>\n\t<meta name=\"twitter:data1\" content=\"&euro;55.00\" \/>\n\t<meta name=\"twitter:label2\" content=\"Disponibilidade\" \/>\n\t<meta name=\"twitter:data2\" content=\"Esgotado\" \/>\n<script type=\"application\/ld+json\" class=\"yoast-schema-graph\">{\"@context\":\"https:\\\/\\\/schema.org\",\"@graph\":[{\"@type\":\"WebPage\",\"@id\":\"https:\\\/\\\/iberoid-shop.com\\\/pt\\\/product\\\/masteron100mg-imperialabs\\\/\",\"url\":\"https:\\\/\\\/iberoid-shop.com\\\/pt\\\/product\\\/masteron100mg-imperialabs\\\/\",\"name\":\"MASTERON 100mg - Ester\u00f3ides Online\",\"isPartOf\":{\"@id\":\"https:\\\/\\\/iberoid-shop.com\\\/pt\\\/#website\"},\"primaryImageOfPage\":{\"@id\":\"https:\\\/\\\/iberoid-shop.com\\\/pt\\\/product\\\/masteron100mg-imperialabs\\\/#primaryimage\"},\"image\":{\"@id\":\"https:\\\/\\\/iberoid-shop.com\\\/pt\\\/product\\\/masteron100mg-imperialabs\\\/#primaryimage\"},\"thumbnailUrl\":\"https:\\\/\\\/iberoid-shop.com\\\/wp-content\\\/uploads\\\/2024\\\/10\\\/masteron-imp.jpeg?v=1729422163\",\"datePublished\":\"2024-10-20T11:02:57+00:00\",\"dateModified\":\"2025-02-14T08:50:16+00:00\",\"breadcrumb\":{\"@id\":\"https:\\\/\\\/iberoid-shop.com\\\/pt\\\/product\\\/masteron100mg-imperialabs\\\/#breadcrumb\"},\"inLanguage\":\"pt-PT\",\"potentialAction\":[{\"@type\":\"ReadAction\",\"target\":[[\"https:\\\/\\\/iberoid-shop.com\\\/pt\\\/product\\\/masteron100mg-imperialabs\\\/\"]]}]},{\"@type\":\"ImageObject\",\"inLanguage\":\"pt-PT\",\"@id\":\"https:\\\/\\\/iberoid-shop.com\\\/pt\\\/product\\\/masteron100mg-imperialabs\\\/#primaryimage\",\"url\":\"https:\\\/\\\/iberoid-shop.com\\\/wp-content\\\/uploads\\\/2024\\\/10\\\/masteron-imp.jpeg?v=1729422163\",\"contentUrl\":\"https:\\\/\\\/iberoid-shop.com\\\/wp-content\\\/uploads\\\/2024\\\/10\\\/masteron-imp.jpeg?v=1729422163\",\"width\":1920,\"height\":2560},{\"@type\":\"BreadcrumbList\",\"@id\":\"https:\\\/\\\/iberoid-shop.com\\\/pt\\\/product\\\/masteron100mg-imperialabs\\\/#breadcrumb\",\"itemListElement\":[{\"@type\":\"ListItem\",\"position\":1,\"name\":\"Portada\",\"item\":\"https:\\\/\\\/iberoid-shop.com\\\/pt\\\/\"},{\"@type\":\"ListItem\",\"position\":2,\"name\":\"Loja\",\"item\":\"https:\\\/\\\/iberoid-shop.com\\\/pt\\\/shop\\\/\"},{\"@type\":\"ListItem\",\"position\":3,\"name\":\"MASTERON 100mg\"}]},{\"@type\":\"WebSite\",\"@id\":\"https:\\\/\\\/iberoid-shop.com\\\/pt\\\/#website\",\"url\":\"https:\\\/\\\/iberoid-shop.com\\\/pt\\\/\",\"name\":\"Ester\u00f3ides Online\",\"description\":\"Compre ester\u00f3ides online hoje em Espanha e Portugal. Temos o melhor servi\u00e7o ao cliente do setor e produtos da mais alta qualidade\",\"potentialAction\":[{\"@type\":\"SearchAction\",\"target\":{\"@type\":\"EntryPoint\",\"urlTemplate\":\"https:\\\/\\\/iberoid-shop.com\\\/pt\\\/?s={search_term_string}\"},\"query-input\":{\"@type\":\"PropertyValueSpecification\",\"valueRequired\":true,\"valueName\":\"search_term_string\"}}],\"inLanguage\":\"pt-PT\"}]}<\/script>\n<meta property=\"product:brand\" content=\"IMPERIA LABS\" \/>\n<meta property=\"product:price:amount\" content=\"55.00\" \/>\n<meta property=\"product:price:currency\" content=\"EUR\" \/>\n<meta property=\"og:availability\" content=\"out of stock\" \/>\n<meta property=\"product:availability\" content=\"out of stock\" \/>\n<meta property=\"product:condition\" content=\"new\" \/>\n<!-- \/ Yoast SEO Premium plugin. -->","yoast_head_json":{"title":"MASTERON 100mg - Ester\u00f3ides Online","robots":{"index":"index","follow":"follow","max-snippet":"max-snippet:-1","max-image-preview":"max-image-preview:large","max-video-preview":"max-video-preview:-1"},"canonical":"https:\/\/iberoid-shop.com\/pt\/product\/masteron100mg-imperialabs\/","og_locale":"pt_PT","og_type":"article","og_title":"MASTERON 100mg","og_description":"Usando esta droga, os atletas podem aumentar os ganhos de massa muscular magra, aumentar a for\u00e7a e elevar o oxig\u00eanio","og_url":"https:\/\/iberoid-shop.com\/pt\/product\/masteron100mg-imperialabs\/","og_site_name":"Ester\u00f3ides Online","article_modified_time":"2025-02-14T08:50:16+00:00","og_image":[{"width":1920,"height":2560,"url":"https:\/\/iberoid-shop.com\/wp-content\/uploads\/2024\/10\/masteron-imp.jpeg?v=1729422163","type":"image\/jpeg"}],"twitter_card":"summary_large_image","twitter_misc":{"pre\u00e7o":"&euro;55.00","Disponibilidade":"Esgotado"},"schema":{"@context":"https:\/\/schema.org","@graph":[{"@type":"WebPage","@id":"https:\/\/iberoid-shop.com\/pt\/product\/masteron100mg-imperialabs\/","url":"https:\/\/iberoid-shop.com\/pt\/product\/masteron100mg-imperialabs\/","name":"MASTERON 100mg - Ester\u00f3ides Online","isPartOf":{"@id":"https:\/\/iberoid-shop.com\/pt\/#website"},"primaryImageOfPage":{"@id":"https:\/\/iberoid-shop.com\/pt\/product\/masteron100mg-imperialabs\/#primaryimage"},"image":{"@id":"https:\/\/iberoid-shop.com\/pt\/product\/masteron100mg-imperialabs\/#primaryimage"},"thumbnailUrl":"https:\/\/iberoid-shop.com\/wp-content\/uploads\/2024\/10\/masteron-imp.jpeg?v=1729422163","datePublished":"2024-10-20T11:02:57+00:00","dateModified":"2025-02-14T08:50:16+00:00","breadcrumb":{"@id":"https:\/\/iberoid-shop.com\/pt\/product\/masteron100mg-imperialabs\/#breadcrumb"},"inLanguage":"pt-PT","potentialAction":[{"@type":"ReadAction","target":[["https:\/\/iberoid-shop.com\/pt\/product\/masteron100mg-imperialabs\/"]]}]},{"@type":"ImageObject","inLanguage":"pt-PT","@id":"https:\/\/iberoid-shop.com\/pt\/product\/masteron100mg-imperialabs\/#primaryimage","url":"https:\/\/iberoid-shop.com\/wp-content\/uploads\/2024\/10\/masteron-imp.jpeg?v=1729422163","contentUrl":"https:\/\/iberoid-shop.com\/wp-content\/uploads\/2024\/10\/masteron-imp.jpeg?v=1729422163","width":1920,"height":2560},{"@type":"BreadcrumbList","@id":"https:\/\/iberoid-shop.com\/pt\/product\/masteron100mg-imperialabs\/#breadcrumb","itemListElement":[{"@type":"ListItem","position":1,"name":"Portada","item":"https:\/\/iberoid-shop.com\/pt\/"},{"@type":"ListItem","position":2,"name":"Loja","item":"https:\/\/iberoid-shop.com\/pt\/shop\/"},{"@type":"ListItem","position":3,"name":"MASTERON 100mg"}]},{"@type":"WebSite","@id":"https:\/\/iberoid-shop.com\/pt\/#website","url":"https:\/\/iberoid-shop.com\/pt\/","name":"Ester\u00f3ides Online","description":"Compre ester\u00f3ides online hoje em Espanha e Portugal. Temos o melhor servi\u00e7o ao cliente do setor e produtos da mais alta qualidade","potentialAction":[{"@type":"SearchAction","target":{"@type":"EntryPoint","urlTemplate":"https:\/\/iberoid-shop.com\/pt\/?s={search_term_string}"},"query-input":{"@type":"PropertyValueSpecification","valueRequired":true,"valueName":"search_term_string"}}],"inLanguage":"pt-PT"}]},"product_brand":"IMPERIA LABS","product_price_amount":"55.00","product_price_currency":"EUR","og_availability":"out of stock","product_availability":"out of stock","product_condition":"new"},"_links":{"self":[{"href":"https:\/\/iberoid-shop.com\/pt\/wp-json\/wp\/v2\/product\/9749","targetHints":{"allow":["GET"]}}],"collection":[{"href":"https:\/\/iberoid-shop.com\/pt\/wp-json\/wp\/v2\/product"}],"about":[{"href":"https:\/\/iberoid-shop.com\/pt\/wp-json\/wp\/v2\/types\/product"}],"replies":[{"embeddable":true,"href":"https:\/\/iberoid-shop.com\/pt\/wp-json\/wp\/v2\/comments?post=9749"}],"wp:featuredmedia":[{"embeddable":true,"href":"https:\/\/iberoid-shop.com\/pt\/wp-json\/wp\/v2\/media\/9750"}],"wp:attachment":[{"href":"https:\/\/iberoid-shop.com\/pt\/wp-json\/wp\/v2\/media?parent=9749"}],"wp:term":[{"taxonomy":"product_brand","embeddable":true,"href":"https:\/\/iberoid-shop.com\/pt\/wp-json\/wp\/v2\/product_brand?post=9749"},{"taxonomy":"product_cat","embeddable":true,"href":"https:\/\/iberoid-shop.com\/pt\/wp-json\/wp\/v2\/product_cat?post=9749"},{"taxonomy":"product_tag","embeddable":true,"href":"https:\/\/iberoid-shop.com\/pt\/wp-json\/wp\/v2\/product_tag?post=9749"}],"curies":[{"name":"wp","href":"https:\/\/api.w.org\/{rel}","templated":true}]}}