{"id":9740,"date":"2024-10-20T10:54:22","date_gmt":"2024-10-20T10:54:22","guid":{"rendered":"https:\/\/iberoid-shop.com\/?post_type=product&#038;p=9740"},"modified":"2025-01-26T13:59:18","modified_gmt":"2025-01-26T13:59:18","slug":"testosteron-propionat-imperia-labs","status":"publish","type":"product","link":"https:\/\/iberoid-shop.com\/pt\/product\/testosteron-propionat-imperia-labs\/","title":{"rendered":"TESTOSTERONE PROPIONATE 100mg"},"content":{"rendered":"<p>Ao usar este produto, os atletas podem aumentar os ganhos musculares, aumentar a for\u00e7a e elevar o oxig\u00eanio nas c\u00e9lulas sangu\u00edneas para estimular uma regenera\u00e7\u00e3o mais r\u00e1pida do tecido muscular e \u00f3sseo. Al\u00e9m disso, promove o bem-estar sexual, estimula o contexto emocional positivo e acelera a queima de gordura.<\/p>\n<h2>Efeitos colaterais:<\/h2>\n<p>As rea\u00e7\u00f5es adversas mais comuns atribu\u00eddas a este ester\u00f3ide s\u00e3o acne, paralisa\u00e7\u00e3o tempor\u00e1ria da reprodu\u00e7\u00e3o do ron , aumento dos n\u00edveis de colesterol de baixa densidade (LDL) e aromatiza\u00e7\u00e3o.<\/p>\n<h2>Prote\u00e7\u00e3o:<\/h2>\n<p>Voc\u00ea deve considerar medicamentos para regula\u00e7\u00e3o do n\u00edvel de prolactina ao usar este produto. Al\u00e9m disso, considere incluir HGH, gonadotrofina, boldenona, letrozol, exemestano ou anastrozol para minimizar os efeitos colaterais.<\/p>\n<h2>Stacking :<\/h2>\n<p>Imperia Labs Testoste ron e Propionate 100 apresenta excelentes resultados e pode ser aplicado com seguran\u00e7a com \u00e9steres curtos e HGH.<\/p>\n<p>&nbsp;<\/p>\n<h3>Testoste ron e Propionate: Um guia abrangente para o curto Ester Testoste ron e<\/h3>\n<h4>Introdu\u00e7\u00e3o:<\/h4>\n<p>Testo P \u00e9 uma variante popular e de a\u00e7\u00e3o r\u00e1pida do horm\u00f4nio testoste ron e, classificado como um \u00e9ster curto de testoste ron e. Este artigo fornece uma explora\u00e7\u00e3o aprofundada deste PED, abrangendo suas caracter\u00edsticas, usos e considera\u00e7\u00f5es para indiv\u00edduos que contemplam sua inclus\u00e3o em seus regimes de condicionamento f\u00edsico.<\/p>\n<h4>Compreendendo o Teste P:<\/h4>\n<p>ron e Propionato \u00e9 uma forma sint\u00e9tica de ron com um \u00e9ster de propionato anexado, que influencia sua libera\u00e7\u00e3o e dura\u00e7\u00e3o da atividade no corpo. Este \u00e9ster curto permite um in\u00edcio de a\u00e7\u00e3o mais r\u00e1pido em compara\u00e7\u00e3o com variantes de testosterona ron \u00e9steres mais longos, tornando-o uma escolha preferida para certas aplica\u00e7\u00f5es.<\/p>\n<h4>Constru\u00e7\u00e3o muscular e efeitos anab\u00f3licos:<\/h4>\n<p>Como variante ron testosterona, o propionato de ron promove o crescimento muscular atrav\u00e9s do aumento da reten\u00e7\u00e3o de nitrog\u00eanio e da s\u00edntese prot\u00e9ica aprimorada. Os fisiculturistas recorrem frequentemente a este ron curto de testosterona durante as fases bulk e cut . Embora possa n\u00e3o levar a tanta reten\u00e7\u00e3o de \u00e1gua quanto as formas de ron com \u00e9steres mais longos, o Propionato de ron ainda oferece ganhos substanciais em massa e for\u00e7a muscular.<\/p>\n<h4>Natureza de a\u00e7\u00e3o r\u00e1pida:<\/h4>\n<p>Uma das principais vantagens deste PED \u00e9 o seu r\u00e1pido in\u00edcio de a\u00e7\u00e3o. Os usu\u00e1rios normalmente experimentam resultados poucos dias ap\u00f3s a administra\u00e7\u00e3o, tornando-o adequado para indiv\u00edduos que procuram mudan\u00e7as r\u00e1pidas em seu f\u00edsico ou para aqueles com requisitos de tempo espec\u00edficos para competi\u00e7\u00f5es ou eventos.<\/p>\n<h4>Efeitos estrog\u00eanicos reduzidos:<\/h4>\n<p>Em compara\u00e7\u00e3o com variantes de ron com \u00e9steres mais longos, o Teste P tem menos probabilidade de causar efeitos colaterais estrog\u00eanicos, como reten\u00e7\u00e3o de \u00e1gua e ginecomastia. Isto o torna uma escolha favor\u00e1vel para indiv\u00edduos sens\u00edveis a quest\u00f5es relacionadas ao estrog\u00eanio.<\/p>\n<h4>Considera\u00e7\u00f5es e potenciais efeitos colaterais:<\/h4>\n<p>Embora este medicamento para melhorar o desempenho (PED) ofere\u00e7a vantagens, os usu\u00e1rios devem estar cientes dos poss\u00edveis efeitos colaterais. Podem ocorrer efeitos androg\u00eanicos, como acne, pele oleosa e queda acelerada de cabelo. Al\u00e9m disso, os efeitos estrog\u00eanicos e a potencial supress\u00e3o de ron s\u00e3o considera\u00e7\u00f5es que requerem manejo cuidadoso, muitas vezes envolvendo medicamentos auxiliares e terapia p\u00f3s-ciclo.<\/p>\n<h4>Conclus\u00e3o:<\/h4>\n<p>Este esteroide, com sua natureza de a\u00e7\u00e3o r\u00e1pida e efeitos anab\u00f3licos, ocupa um lugar significativo no mundo da melhoria de desempenho. Seja para constru\u00e7\u00e3o muscular, ganho de for\u00e7a ou uma r\u00e1pida transforma\u00e7\u00e3o est\u00e9tica, os indiv\u00edduos recorrem frequentemente a este ron curto de testosteron e pelas suas vantagens espec\u00edficas. Tal como acontece com qualquer subst\u00e2ncia que melhore o desempenho, o uso respons\u00e1vel, a ades\u00e3o \u00e0s dosagens recomendadas e a consulta com profissionais de sa\u00fade garantem uma experi\u00eancia segura e eficaz para aqueles que consideram este ester\u00f3ide como parte da sua jornada de fitness.<\/p>","protected":false},"excerpt":{"rendered":"<p>Ao usar este produto, os atletas podem aumentar os ganhos musculares, aumentar a for\u00e7a e elevar o oxig\u00eanio nas c\u00e9lulas<\/p>\n","protected":false},"featured_media":9741,"comment_status":"open","ping_status":"closed","template":"","meta":[],"product_brand":[],"product_cat":[69],"product_tag":[],"class_list":{"0":"post-9740","1":"product","2":"type-product","3":"status-publish","4":"has-post-thumbnail","6":"product_cat-esteroides_inyectables","8":"first","9":"outofstock","10":"sale","11":"shipping-taxable","12":"purchasable","13":"product-type-simple"},"yoast_head":"<!-- This site is optimized with the Yoast SEO Premium plugin v24.4 (Yoast SEO v27.3) - https:\/\/yoast.com\/product\/yoast-seo-premium-wordpress\/ -->\n<title>TESTOSTERONE PROPIONATE 100mg - Ester\u00f3ides Online<\/title>\n<meta name=\"robots\" content=\"index, follow, max-snippet:-1, max-image-preview:large, max-video-preview:-1\" \/>\n<link rel=\"canonical\" href=\"https:\/\/iberoid-shop.com\/pt\/product\/testosteron-propionat-imperia-labs\/\" \/>\n<meta property=\"og:locale\" content=\"pt_PT\" \/>\n<meta property=\"og:type\" content=\"article\" \/>\n<meta property=\"og:title\" content=\"TESTOSTERONE PROPIONATE 100mg\" \/>\n<meta property=\"og:description\" content=\"Ao usar este produto, os atletas podem aumentar os ganhos musculares, aumentar a for\u00e7a e elevar o oxig\u00eanio nas c\u00e9lulas\" \/>\n<meta property=\"og:url\" content=\"https:\/\/iberoid-shop.com\/pt\/product\/testosteron-propionat-imperia-labs\/\" \/>\n<meta property=\"og:site_name\" content=\"Ester\u00f3ides Online\" \/>\n<meta property=\"article:modified_time\" content=\"2025-01-26T13:59:18+00:00\" \/>\n<meta property=\"og:image\" content=\"https:\/\/iberoid-shop.com\/wp-content\/uploads\/2024\/10\/tp-imp.jpeg?v=1729421656\" \/>\n\t<meta property=\"og:image:width\" content=\"2560\" \/>\n\t<meta property=\"og:image:height\" content=\"1920\" \/>\n\t<meta property=\"og:image:type\" content=\"image\/jpeg\" \/>\n<meta name=\"twitter:card\" content=\"summary_large_image\" \/>\n<meta name=\"twitter:label1\" content=\"pre\u00e7o\" \/>\n\t<meta name=\"twitter:data1\" content=\"&euro;35.00\" \/>\n\t<meta name=\"twitter:label2\" content=\"Disponibilidade\" \/>\n\t<meta name=\"twitter:data2\" content=\"Esgotado\" \/>\n<script type=\"application\/ld+json\" class=\"yoast-schema-graph\">{\"@context\":\"https:\\\/\\\/schema.org\",\"@graph\":[{\"@type\":\"WebPage\",\"@id\":\"https:\\\/\\\/iberoid-shop.com\\\/pt\\\/product\\\/testosteron-propionat-imperia-labs\\\/\",\"url\":\"https:\\\/\\\/iberoid-shop.com\\\/pt\\\/product\\\/testosteron-propionat-imperia-labs\\\/\",\"name\":\"TESTOSTERONE PROPIONATE 100mg - Ester\u00f3ides Online\",\"isPartOf\":{\"@id\":\"https:\\\/\\\/iberoid-shop.com\\\/pt\\\/#website\"},\"primaryImageOfPage\":{\"@id\":\"https:\\\/\\\/iberoid-shop.com\\\/pt\\\/product\\\/testosteron-propionat-imperia-labs\\\/#primaryimage\"},\"image\":{\"@id\":\"https:\\\/\\\/iberoid-shop.com\\\/pt\\\/product\\\/testosteron-propionat-imperia-labs\\\/#primaryimage\"},\"thumbnailUrl\":\"https:\\\/\\\/iberoid-shop.com\\\/wp-content\\\/uploads\\\/2024\\\/10\\\/tp-imp.jpeg?v=1729421656\",\"datePublished\":\"2024-10-20T10:54:22+00:00\",\"dateModified\":\"2025-01-26T13:59:18+00:00\",\"breadcrumb\":{\"@id\":\"https:\\\/\\\/iberoid-shop.com\\\/pt\\\/product\\\/testosteron-propionat-imperia-labs\\\/#breadcrumb\"},\"inLanguage\":\"pt-PT\",\"potentialAction\":[{\"@type\":\"ReadAction\",\"target\":[[\"https:\\\/\\\/iberoid-shop.com\\\/pt\\\/product\\\/testosteron-propionat-imperia-labs\\\/\"]]}]},{\"@type\":\"ImageObject\",\"inLanguage\":\"pt-PT\",\"@id\":\"https:\\\/\\\/iberoid-shop.com\\\/pt\\\/product\\\/testosteron-propionat-imperia-labs\\\/#primaryimage\",\"url\":\"https:\\\/\\\/iberoid-shop.com\\\/wp-content\\\/uploads\\\/2024\\\/10\\\/tp-imp.jpeg?v=1729421656\",\"contentUrl\":\"https:\\\/\\\/iberoid-shop.com\\\/wp-content\\\/uploads\\\/2024\\\/10\\\/tp-imp.jpeg?v=1729421656\",\"width\":2560,\"height\":1920},{\"@type\":\"BreadcrumbList\",\"@id\":\"https:\\\/\\\/iberoid-shop.com\\\/pt\\\/product\\\/testosteron-propionat-imperia-labs\\\/#breadcrumb\",\"itemListElement\":[{\"@type\":\"ListItem\",\"position\":1,\"name\":\"Portada\",\"item\":\"https:\\\/\\\/iberoid-shop.com\\\/pt\\\/\"},{\"@type\":\"ListItem\",\"position\":2,\"name\":\"Loja\",\"item\":\"https:\\\/\\\/iberoid-shop.com\\\/pt\\\/shop\\\/\"},{\"@type\":\"ListItem\",\"position\":3,\"name\":\"TESTOSTERONE PROPIONATE 100mg\"}]},{\"@type\":\"WebSite\",\"@id\":\"https:\\\/\\\/iberoid-shop.com\\\/pt\\\/#website\",\"url\":\"https:\\\/\\\/iberoid-shop.com\\\/pt\\\/\",\"name\":\"Ester\u00f3ides Online\",\"description\":\"Compre ester\u00f3ides online hoje em Espanha e Portugal. Temos o melhor servi\u00e7o ao cliente do setor e produtos da mais alta qualidade\",\"potentialAction\":[{\"@type\":\"SearchAction\",\"target\":{\"@type\":\"EntryPoint\",\"urlTemplate\":\"https:\\\/\\\/iberoid-shop.com\\\/pt\\\/?s={search_term_string}\"},\"query-input\":{\"@type\":\"PropertyValueSpecification\",\"valueRequired\":true,\"valueName\":\"search_term_string\"}}],\"inLanguage\":\"pt-PT\"}]}<\/script>\n<meta property=\"product:brand\" content=\"IMPERIA LABS\" \/>\n<meta property=\"product:price:amount\" content=\"35.00\" \/>\n<meta property=\"product:price:currency\" content=\"EUR\" \/>\n<meta property=\"og:availability\" content=\"out of stock\" \/>\n<meta property=\"product:availability\" content=\"out of stock\" \/>\n<meta property=\"product:condition\" content=\"new\" \/>\n<!-- \/ Yoast SEO Premium plugin. -->","yoast_head_json":{"title":"TESTOSTERONE PROPIONATE 100mg - Ester\u00f3ides Online","robots":{"index":"index","follow":"follow","max-snippet":"max-snippet:-1","max-image-preview":"max-image-preview:large","max-video-preview":"max-video-preview:-1"},"canonical":"https:\/\/iberoid-shop.com\/pt\/product\/testosteron-propionat-imperia-labs\/","og_locale":"pt_PT","og_type":"article","og_title":"TESTOSTERONE PROPIONATE 100mg","og_description":"Ao usar este produto, os atletas podem aumentar os ganhos musculares, aumentar a for\u00e7a e elevar o oxig\u00eanio nas c\u00e9lulas","og_url":"https:\/\/iberoid-shop.com\/pt\/product\/testosteron-propionat-imperia-labs\/","og_site_name":"Ester\u00f3ides Online","article_modified_time":"2025-01-26T13:59:18+00:00","og_image":[{"width":2560,"height":1920,"url":"https:\/\/iberoid-shop.com\/wp-content\/uploads\/2024\/10\/tp-imp.jpeg?v=1729421656","type":"image\/jpeg"}],"twitter_card":"summary_large_image","twitter_misc":{"pre\u00e7o":"&euro;35.00","Disponibilidade":"Esgotado"},"schema":{"@context":"https:\/\/schema.org","@graph":[{"@type":"WebPage","@id":"https:\/\/iberoid-shop.com\/pt\/product\/testosteron-propionat-imperia-labs\/","url":"https:\/\/iberoid-shop.com\/pt\/product\/testosteron-propionat-imperia-labs\/","name":"TESTOSTERONE PROPIONATE 100mg - Ester\u00f3ides Online","isPartOf":{"@id":"https:\/\/iberoid-shop.com\/pt\/#website"},"primaryImageOfPage":{"@id":"https:\/\/iberoid-shop.com\/pt\/product\/testosteron-propionat-imperia-labs\/#primaryimage"},"image":{"@id":"https:\/\/iberoid-shop.com\/pt\/product\/testosteron-propionat-imperia-labs\/#primaryimage"},"thumbnailUrl":"https:\/\/iberoid-shop.com\/wp-content\/uploads\/2024\/10\/tp-imp.jpeg?v=1729421656","datePublished":"2024-10-20T10:54:22+00:00","dateModified":"2025-01-26T13:59:18+00:00","breadcrumb":{"@id":"https:\/\/iberoid-shop.com\/pt\/product\/testosteron-propionat-imperia-labs\/#breadcrumb"},"inLanguage":"pt-PT","potentialAction":[{"@type":"ReadAction","target":[["https:\/\/iberoid-shop.com\/pt\/product\/testosteron-propionat-imperia-labs\/"]]}]},{"@type":"ImageObject","inLanguage":"pt-PT","@id":"https:\/\/iberoid-shop.com\/pt\/product\/testosteron-propionat-imperia-labs\/#primaryimage","url":"https:\/\/iberoid-shop.com\/wp-content\/uploads\/2024\/10\/tp-imp.jpeg?v=1729421656","contentUrl":"https:\/\/iberoid-shop.com\/wp-content\/uploads\/2024\/10\/tp-imp.jpeg?v=1729421656","width":2560,"height":1920},{"@type":"BreadcrumbList","@id":"https:\/\/iberoid-shop.com\/pt\/product\/testosteron-propionat-imperia-labs\/#breadcrumb","itemListElement":[{"@type":"ListItem","position":1,"name":"Portada","item":"https:\/\/iberoid-shop.com\/pt\/"},{"@type":"ListItem","position":2,"name":"Loja","item":"https:\/\/iberoid-shop.com\/pt\/shop\/"},{"@type":"ListItem","position":3,"name":"TESTOSTERONE PROPIONATE 100mg"}]},{"@type":"WebSite","@id":"https:\/\/iberoid-shop.com\/pt\/#website","url":"https:\/\/iberoid-shop.com\/pt\/","name":"Ester\u00f3ides Online","description":"Compre ester\u00f3ides online hoje em Espanha e Portugal. Temos o melhor servi\u00e7o ao cliente do setor e produtos da mais alta qualidade","potentialAction":[{"@type":"SearchAction","target":{"@type":"EntryPoint","urlTemplate":"https:\/\/iberoid-shop.com\/pt\/?s={search_term_string}"},"query-input":{"@type":"PropertyValueSpecification","valueRequired":true,"valueName":"search_term_string"}}],"inLanguage":"pt-PT"}]},"product_brand":"IMPERIA LABS","product_price_amount":"35.00","product_price_currency":"EUR","og_availability":"out of stock","product_availability":"out of stock","product_condition":"new"},"_links":{"self":[{"href":"https:\/\/iberoid-shop.com\/pt\/wp-json\/wp\/v2\/product\/9740","targetHints":{"allow":["GET"]}}],"collection":[{"href":"https:\/\/iberoid-shop.com\/pt\/wp-json\/wp\/v2\/product"}],"about":[{"href":"https:\/\/iberoid-shop.com\/pt\/wp-json\/wp\/v2\/types\/product"}],"replies":[{"embeddable":true,"href":"https:\/\/iberoid-shop.com\/pt\/wp-json\/wp\/v2\/comments?post=9740"}],"wp:featuredmedia":[{"embeddable":true,"href":"https:\/\/iberoid-shop.com\/pt\/wp-json\/wp\/v2\/media\/9741"}],"wp:attachment":[{"href":"https:\/\/iberoid-shop.com\/pt\/wp-json\/wp\/v2\/media?parent=9740"}],"wp:term":[{"taxonomy":"product_brand","embeddable":true,"href":"https:\/\/iberoid-shop.com\/pt\/wp-json\/wp\/v2\/product_brand?post=9740"},{"taxonomy":"product_cat","embeddable":true,"href":"https:\/\/iberoid-shop.com\/pt\/wp-json\/wp\/v2\/product_cat?post=9740"},{"taxonomy":"product_tag","embeddable":true,"href":"https:\/\/iberoid-shop.com\/pt\/wp-json\/wp\/v2\/product_tag?post=9740"}],"curies":[{"name":"wp","href":"https:\/\/api.w.org\/{rel}","templated":true}]}}