{"id":9734,"date":"2024-10-20T10:40:59","date_gmt":"2024-10-20T10:40:59","guid":{"rendered":"https:\/\/iberoid-shop.com\/?post_type=product&#038;p=9734"},"modified":"2026-04-10T08:05:54","modified_gmt":"2026-04-10T08:05:54","slug":"masteron-drostanolone-propionat-driada","status":"publish","type":"product","link":"https:\/\/iberoid-shop.com\/pt\/product\/masteron-drostanolone-propionat-driada\/","title":{"rendered":"Mastelad 100 mg\/ml (Drostanolone Propionate)"},"content":{"rendered":"<p><\/p>\n<ul>\n<li><span>Ingrediente Ativo: Propionato de Drostanolona<\/span><\/li>\n<li><span>Tipo: ester\u00f3ide anabolizante (derivado de DHT)<\/span><\/li>\n<li><span>Formul\u00e1rio: Injet\u00e1vel<\/span><\/li>\n<li><b><span>\u00d3leo transportador:<\/span><\/b><span>\u00a0\u00f3leo de gergelim<\/span><\/li>\n<\/ul>\n<h2><b><span>Descri\u00e7\u00e3o<\/span><\/b><\/h2>\n<p><span>Drostanolona, \u200b\u200bcomumente conhecida como Masteron, exibe um alto efeito androg\u00eanico e um efeito anab\u00f3lico moderado. N\u00e3o aromatiza no corpo, agindo como um inibidor suave da aromatase. Sendo um derivado da diidrotestosterona (DHT), compartilha a\u00e7\u00f5es biol\u00f3gicas semelhantes. Apesar do seu uso m\u00e9dico no tratamento do cancro da mama em mulheres, o seu elevado potencial de viriliza\u00e7\u00e3o limita a sua utiliza\u00e7\u00e3o atual. A aus\u00eancia da a\u00e7\u00e3o da aromatase impede a convers\u00e3o em estradiol.<\/span><\/p>\n<p><span>A drostanolona demonstra uma forte afinidade pelos receptores andr\u00f3genos nos m\u00fasculos, pr\u00f3stata e couro cabeludo, o que pode levar a efeitos colaterais como calv\u00edcie, aumento da pr\u00f3stata e crescimento de pelos no corpo. Como derivado do DHT, inibe indiretamente a atividade do estradiol, apresentando propriedades antiestrog\u00eanicas. \u00c9 not\u00e1vel que os atletas em dietas de corte valorizem o impulso motivacional proporcionado pela drostanolona, \u200b\u200bneutralizando o decl\u00ednio da for\u00e7a e da psicologia devido \u00e0 defici\u00eancia de carboidratos.<\/span><\/p>\n<p><span>Na muscula\u00e7\u00e3o, a drostanolona \u00e9 valorizada pela sua capacidade de promover a defini\u00e7\u00e3o muscular sem reten\u00e7\u00e3o de l\u00edquidos. O seu leve efeito diur\u00e9tico ajuda a alcan\u00e7ar uma forma atl\u00e9tica definida, enquanto as suas propriedades de queima de gordura contribuem para reduzir a massa gorda em 5-10%. Por\u00e9m, seu \u00edndice anab\u00f3lico \u00e9 menor comparado ao da testosterona, o que aumenta o risco de efeitos colaterais androg\u00eanicos como agressividade, acne, calv\u00edcie, hipertrofia prost\u00e1tica e viriliza\u00e7\u00e3o nas mulheres.<\/span><\/p>\n<h3><b><span>Dosagem<\/span><\/b><\/h3>\n<p><span>O efeito ideal da drostanolona \u00e9 alcan\u00e7ado com uma dose semanal variando entre 300-500 mg. Pessoas submetidas \u00e0 terapia de reposi\u00e7\u00e3o hormonal podem us\u00e1-lo para reduzir a globulina de liga\u00e7\u00e3o aos horm\u00f4nios sexuais (SHBG) e aumentar os n\u00edveis de testosterona livre. Em compara\u00e7\u00e3o com outros derivados de DHT que reduzem o SHBG, como o estanozolol, a drostanolona \u00e9 considerada mais dif\u00edcil de detectar no controle antidoping. As doses normalmente variam de 75 a 200 mg por semana, dependendo da finalidade pretendida. As seguintes faixas de dosagem s\u00e3o comumente usadas:<\/span><\/p>\n<ul>\n<li><span>Iniciante: 50 mg em dias alternados (EOD)<\/span><\/li>\n<li><span>Dose m\u00e9dia: 100 mg EOD<\/span><\/li>\n<li><span>Dose alta: 50+ mg todos os dias (DE)<\/span><\/li>\n<\/ul>\n<h3><b><span>Efeitos<\/span><\/b><\/h3>\n<ul>\n<li><span>Aumento de for\u00e7a e massa muscular magra<\/span><\/li>\n<li><span>Recupera\u00e7\u00e3o melhorada<\/span><\/li>\n<li><span>Melhor queima de gordura<\/span><\/li>\n<li><span>Aus\u00eancia de aromatiza\u00e7\u00e3o<\/span><\/li>\n<\/ul>\n<h3><b><span>Efeitos colaterais<\/span><\/b><\/h3>\n<ul>\n<li><span>Supress\u00e3o da produ\u00e7\u00e3o end\u00f3gena de testosterona<\/span><\/li>\n<li><span>Fertilidade reduzida<\/span><\/li>\n<li><span>N\u00edveis elevados de hemat\u00f3crito<\/span><\/li>\n<li><span>Aumento da press\u00e3o arterial<\/span><\/li>\n<li><span>Acne<\/span><\/li>\n<li><span>Calv\u00edcie<\/span><\/li>\n<li><span>Efeitos adversos no perfil lip\u00eddico<\/span><\/li>\n<\/ul>\n<h3><b><span>Perfil<\/span><\/b><\/h3>\n<ul>\n<li><span>Meia-vida: 20 horas<\/span><\/li>\n<li><span>Frequ\u00eancia de inje\u00e7\u00e3o: A cada 1-2 dias<\/span><\/li>\n<\/ul>\n<p><span>O propionato de drostanolona \u00e9 formulado como uma solu\u00e7\u00e3o oleosa para inje\u00e7\u00e3o intramuscular.<\/span><\/p>","protected":false},"excerpt":{"rendered":"<p>Ingrediente Ativo: Propionato de Drostanolona Tipo: ester\u00f3ide anabolizante (derivado de DHT) Formul\u00e1rio: Injet\u00e1vel \u00d3leo transportador:\u00a0\u00f3leo de gergelim Descri\u00e7\u00e3o Drostanolona, \u200b\u200bcomumente<\/p>\n","protected":false},"featured_media":9735,"comment_status":"open","ping_status":"closed","template":"","meta":[],"product_brand":[],"product_cat":[69],"product_tag":[],"class_list":{"0":"post-9734","1":"product","2":"type-product","3":"status-publish","4":"has-post-thumbnail","6":"product_cat-esteroides_inyectables","8":"first","9":"instock","10":"sale","11":"shipping-taxable","12":"purchasable","13":"product-type-simple"},"yoast_head":"<!-- This site is optimized with the Yoast SEO Premium plugin v24.4 (Yoast SEO v27.3) - https:\/\/yoast.com\/product\/yoast-seo-premium-wordpress\/ -->\n<title>Mastelad 100 mg\/ml (Drostanolone Propionate) - Ester\u00f3ides Online<\/title>\n<meta name=\"description\" content=\"Propionato de Drostanolona (Masteron) \u00e9 um esteroide injet\u00e1vel derivado de DHT que melhora a defini\u00e7\u00e3o muscular, queima gordura e aumenta a for\u00e7a sem aromatiza\u00e7\u00e3o.\" \/>\n<meta name=\"robots\" content=\"index, follow, max-snippet:-1, max-image-preview:large, max-video-preview:-1\" \/>\n<link rel=\"canonical\" href=\"https:\/\/iberoid-shop.com\/pt\/product\/masteron-drostanolone-propionat-driada\/\" \/>\n<meta property=\"og:locale\" content=\"pt_PT\" \/>\n<meta property=\"og:type\" content=\"article\" \/>\n<meta property=\"og:title\" content=\"Mastelad 100 mg\/ml (Drostanolone Propionate)\" \/>\n<meta property=\"og:description\" content=\"Propionato de Drostanolona (Masteron) \u00e9 um esteroide injet\u00e1vel derivado de DHT que melhora a defini\u00e7\u00e3o muscular, queima gordura e aumenta a for\u00e7a sem aromatiza\u00e7\u00e3o.\" \/>\n<meta property=\"og:url\" content=\"https:\/\/iberoid-shop.com\/pt\/product\/masteron-drostanolone-propionat-driada\/\" \/>\n<meta property=\"og:site_name\" content=\"Ester\u00f3ides Online\" \/>\n<meta property=\"article:modified_time\" content=\"2026-04-10T08:05:54+00:00\" \/>\n<meta property=\"og:image\" content=\"https:\/\/iberoid-shop.com\/wp-content\/uploads\/2024\/10\/mastelad-driada-medical.webp\" \/>\n\t<meta property=\"og:image:width\" content=\"1000\" \/>\n\t<meta property=\"og:image:height\" content=\"1000\" \/>\n\t<meta property=\"og:image:type\" content=\"image\/webp\" \/>\n<meta name=\"twitter:card\" content=\"summary_large_image\" \/>\n<meta name=\"twitter:label1\" content=\"pre\u00e7o\" \/>\n\t<meta name=\"twitter:data1\" content=\"&euro;30.00\" \/>\n\t<meta name=\"twitter:label2\" content=\"Disponibilidade\" \/>\n\t<meta name=\"twitter:data2\" content=\"Em stock\" \/>\n<script type=\"application\/ld+json\" class=\"yoast-schema-graph\">{\"@context\":\"https:\\\/\\\/schema.org\",\"@graph\":[{\"@type\":\"WebPage\",\"@id\":\"https:\\\/\\\/iberoid-shop.com\\\/pt\\\/product\\\/masteron-drostanolone-propionat-driada\\\/\",\"url\":\"https:\\\/\\\/iberoid-shop.com\\\/pt\\\/product\\\/masteron-drostanolone-propionat-driada\\\/\",\"name\":\"Mastelad 100 mg\\\/ml (Drostanolone Propionate) - Ester\u00f3ides Online\",\"isPartOf\":{\"@id\":\"https:\\\/\\\/iberoid-shop.com\\\/pt\\\/#website\"},\"primaryImageOfPage\":{\"@id\":\"https:\\\/\\\/iberoid-shop.com\\\/pt\\\/product\\\/masteron-drostanolone-propionat-driada\\\/#primaryimage\"},\"image\":{\"@id\":\"https:\\\/\\\/iberoid-shop.com\\\/pt\\\/product\\\/masteron-drostanolone-propionat-driada\\\/#primaryimage\"},\"thumbnailUrl\":\"https:\\\/\\\/iberoid-shop.com\\\/wp-content\\\/uploads\\\/2024\\\/10\\\/mastelad-driada-medical.webp\",\"datePublished\":\"2024-10-20T10:40:59+00:00\",\"dateModified\":\"2026-04-10T08:05:54+00:00\",\"description\":\"Propionato de Drostanolona (Masteron) \u00e9 um esteroide injet\u00e1vel derivado de DHT que melhora a defini\u00e7\u00e3o muscular, queima gordura e aumenta a for\u00e7a sem aromatiza\u00e7\u00e3o.\",\"breadcrumb\":{\"@id\":\"https:\\\/\\\/iberoid-shop.com\\\/pt\\\/product\\\/masteron-drostanolone-propionat-driada\\\/#breadcrumb\"},\"inLanguage\":\"pt-PT\",\"potentialAction\":[{\"@type\":\"ReadAction\",\"target\":[[\"https:\\\/\\\/iberoid-shop.com\\\/pt\\\/product\\\/masteron-drostanolone-propionat-driada\\\/\"]]}]},{\"@type\":\"ImageObject\",\"inLanguage\":\"pt-PT\",\"@id\":\"https:\\\/\\\/iberoid-shop.com\\\/pt\\\/product\\\/masteron-drostanolone-propionat-driada\\\/#primaryimage\",\"url\":\"https:\\\/\\\/iberoid-shop.com\\\/wp-content\\\/uploads\\\/2024\\\/10\\\/mastelad-driada-medical.webp\",\"contentUrl\":\"https:\\\/\\\/iberoid-shop.com\\\/wp-content\\\/uploads\\\/2024\\\/10\\\/mastelad-driada-medical.webp\",\"width\":1000,\"height\":1000},{\"@type\":\"BreadcrumbList\",\"@id\":\"https:\\\/\\\/iberoid-shop.com\\\/pt\\\/product\\\/masteron-drostanolone-propionat-driada\\\/#breadcrumb\",\"itemListElement\":[{\"@type\":\"ListItem\",\"position\":1,\"name\":\"Portada\",\"item\":\"https:\\\/\\\/iberoid-shop.com\\\/pt\\\/\"},{\"@type\":\"ListItem\",\"position\":2,\"name\":\"Loja\",\"item\":\"https:\\\/\\\/iberoid-shop.com\\\/pt\\\/shop\\\/\"},{\"@type\":\"ListItem\",\"position\":3,\"name\":\"Mastelad 100 mg\\\/ml (Drostanolone Propionate)\"}]},{\"@type\":\"WebSite\",\"@id\":\"https:\\\/\\\/iberoid-shop.com\\\/pt\\\/#website\",\"url\":\"https:\\\/\\\/iberoid-shop.com\\\/pt\\\/\",\"name\":\"Ester\u00f3ides Online\",\"description\":\"Compre ester\u00f3ides online hoje em Espanha e Portugal. Temos o melhor servi\u00e7o ao cliente do setor e produtos da mais alta qualidade\",\"potentialAction\":[{\"@type\":\"SearchAction\",\"target\":{\"@type\":\"EntryPoint\",\"urlTemplate\":\"https:\\\/\\\/iberoid-shop.com\\\/pt\\\/?s={search_term_string}\"},\"query-input\":{\"@type\":\"PropertyValueSpecification\",\"valueRequired\":true,\"valueName\":\"search_term_string\"}}],\"inLanguage\":\"pt-PT\"}]}<\/script>\n<meta property=\"product:brand\" content=\"Driada\" \/>\n<meta property=\"product:price:amount\" content=\"30.00\" \/>\n<meta property=\"product:price:currency\" content=\"EUR\" \/>\n<meta property=\"og:availability\" content=\"instock\" \/>\n<meta property=\"product:availability\" content=\"instock\" \/>\n<meta property=\"product:condition\" content=\"new\" \/>\n<!-- \/ Yoast SEO Premium plugin. -->","yoast_head_json":{"title":"Mastelad 100 mg\/ml (Drostanolone Propionate) - Ester\u00f3ides Online","description":"Propionato de Drostanolona (Masteron) \u00e9 um esteroide injet\u00e1vel derivado de DHT que melhora a defini\u00e7\u00e3o muscular, queima gordura e aumenta a for\u00e7a sem aromatiza\u00e7\u00e3o.","robots":{"index":"index","follow":"follow","max-snippet":"max-snippet:-1","max-image-preview":"max-image-preview:large","max-video-preview":"max-video-preview:-1"},"canonical":"https:\/\/iberoid-shop.com\/pt\/product\/masteron-drostanolone-propionat-driada\/","og_locale":"pt_PT","og_type":"article","og_title":"Mastelad 100 mg\/ml (Drostanolone Propionate)","og_description":"Propionato de Drostanolona (Masteron) \u00e9 um esteroide injet\u00e1vel derivado de DHT que melhora a defini\u00e7\u00e3o muscular, queima gordura e aumenta a for\u00e7a sem aromatiza\u00e7\u00e3o.","og_url":"https:\/\/iberoid-shop.com\/pt\/product\/masteron-drostanolone-propionat-driada\/","og_site_name":"Ester\u00f3ides Online","article_modified_time":"2026-04-10T08:05:54+00:00","og_image":[{"width":1000,"height":1000,"url":"https:\/\/iberoid-shop.com\/wp-content\/uploads\/2024\/10\/mastelad-driada-medical.webp","type":"image\/webp"}],"twitter_card":"summary_large_image","twitter_misc":{"pre\u00e7o":"&euro;30.00","Disponibilidade":"Em stock"},"schema":{"@context":"https:\/\/schema.org","@graph":[{"@type":"WebPage","@id":"https:\/\/iberoid-shop.com\/pt\/product\/masteron-drostanolone-propionat-driada\/","url":"https:\/\/iberoid-shop.com\/pt\/product\/masteron-drostanolone-propionat-driada\/","name":"Mastelad 100 mg\/ml (Drostanolone Propionate) - Ester\u00f3ides Online","isPartOf":{"@id":"https:\/\/iberoid-shop.com\/pt\/#website"},"primaryImageOfPage":{"@id":"https:\/\/iberoid-shop.com\/pt\/product\/masteron-drostanolone-propionat-driada\/#primaryimage"},"image":{"@id":"https:\/\/iberoid-shop.com\/pt\/product\/masteron-drostanolone-propionat-driada\/#primaryimage"},"thumbnailUrl":"https:\/\/iberoid-shop.com\/wp-content\/uploads\/2024\/10\/mastelad-driada-medical.webp","datePublished":"2024-10-20T10:40:59+00:00","dateModified":"2026-04-10T08:05:54+00:00","description":"Propionato de Drostanolona (Masteron) \u00e9 um esteroide injet\u00e1vel derivado de DHT que melhora a defini\u00e7\u00e3o muscular, queima gordura e aumenta a for\u00e7a sem aromatiza\u00e7\u00e3o.","breadcrumb":{"@id":"https:\/\/iberoid-shop.com\/pt\/product\/masteron-drostanolone-propionat-driada\/#breadcrumb"},"inLanguage":"pt-PT","potentialAction":[{"@type":"ReadAction","target":[["https:\/\/iberoid-shop.com\/pt\/product\/masteron-drostanolone-propionat-driada\/"]]}]},{"@type":"ImageObject","inLanguage":"pt-PT","@id":"https:\/\/iberoid-shop.com\/pt\/product\/masteron-drostanolone-propionat-driada\/#primaryimage","url":"https:\/\/iberoid-shop.com\/wp-content\/uploads\/2024\/10\/mastelad-driada-medical.webp","contentUrl":"https:\/\/iberoid-shop.com\/wp-content\/uploads\/2024\/10\/mastelad-driada-medical.webp","width":1000,"height":1000},{"@type":"BreadcrumbList","@id":"https:\/\/iberoid-shop.com\/pt\/product\/masteron-drostanolone-propionat-driada\/#breadcrumb","itemListElement":[{"@type":"ListItem","position":1,"name":"Portada","item":"https:\/\/iberoid-shop.com\/pt\/"},{"@type":"ListItem","position":2,"name":"Loja","item":"https:\/\/iberoid-shop.com\/pt\/shop\/"},{"@type":"ListItem","position":3,"name":"Mastelad 100 mg\/ml (Drostanolone Propionate)"}]},{"@type":"WebSite","@id":"https:\/\/iberoid-shop.com\/pt\/#website","url":"https:\/\/iberoid-shop.com\/pt\/","name":"Ester\u00f3ides Online","description":"Compre ester\u00f3ides online hoje em Espanha e Portugal. Temos o melhor servi\u00e7o ao cliente do setor e produtos da mais alta qualidade","potentialAction":[{"@type":"SearchAction","target":{"@type":"EntryPoint","urlTemplate":"https:\/\/iberoid-shop.com\/pt\/?s={search_term_string}"},"query-input":{"@type":"PropertyValueSpecification","valueRequired":true,"valueName":"search_term_string"}}],"inLanguage":"pt-PT"}]},"product_brand":"Driada","product_price_amount":"30.00","product_price_currency":"EUR","og_availability":"instock","product_availability":"instock","product_condition":"new"},"_links":{"self":[{"href":"https:\/\/iberoid-shop.com\/pt\/wp-json\/wp\/v2\/product\/9734","targetHints":{"allow":["GET"]}}],"collection":[{"href":"https:\/\/iberoid-shop.com\/pt\/wp-json\/wp\/v2\/product"}],"about":[{"href":"https:\/\/iberoid-shop.com\/pt\/wp-json\/wp\/v2\/types\/product"}],"replies":[{"embeddable":true,"href":"https:\/\/iberoid-shop.com\/pt\/wp-json\/wp\/v2\/comments?post=9734"}],"wp:featuredmedia":[{"embeddable":true,"href":"https:\/\/iberoid-shop.com\/pt\/wp-json\/wp\/v2\/media\/9735"}],"wp:attachment":[{"href":"https:\/\/iberoid-shop.com\/pt\/wp-json\/wp\/v2\/media?parent=9734"}],"wp:term":[{"taxonomy":"product_brand","embeddable":true,"href":"https:\/\/iberoid-shop.com\/pt\/wp-json\/wp\/v2\/product_brand?post=9734"},{"taxonomy":"product_cat","embeddable":true,"href":"https:\/\/iberoid-shop.com\/pt\/wp-json\/wp\/v2\/product_cat?post=9734"},{"taxonomy":"product_tag","embeddable":true,"href":"https:\/\/iberoid-shop.com\/pt\/wp-json\/wp\/v2\/product_tag?post=9734"}],"curies":[{"name":"wp","href":"https:\/\/api.w.org\/{rel}","templated":true}]}}