{"id":9721,"date":"2024-10-20T10:16:16","date_gmt":"2024-10-20T10:16:16","guid":{"rendered":"https:\/\/iberoid-shop.com\/?post_type=product&#038;p=9721"},"modified":"2025-04-05T08:46:16","modified_gmt":"2025-04-05T08:46:16","slug":"primos-primobolan-driada","status":"publish","type":"product","link":"https:\/\/iberoid-shop.com\/pt\/product\/primos-primobolan-driada\/","title":{"rendered":"Primos 100 mg\/ml (Methenolone Enanthate)"},"content":{"rendered":"<p><\/p>\n<ul>\n<li><span>Componente ativo principal:\u00a0<\/span><strong><span>Enantato de Metenolona<\/span><\/strong><\/li>\n<li><span>Tipo: subst\u00e2ncia ester\u00f3ide anabolizante (derivada do DHT)<\/span><\/li>\n<li><span>Apresenta\u00e7\u00e3o:\u00a0<\/span><strong><span>Injet\u00e1vel<\/span><\/strong><\/li>\n<li><b><span>\u00d3leo transportador:\u00a0<\/span><\/b><span>\u00a0\u00a0\u00d3leo de gergelim + MCT<\/span><\/li>\n<\/ul>\n<h2><strong><span>O que \u00e9 Primos?<\/span><\/strong><\/h2>\n<p><span>Primobolan (tamb\u00e9m conhecido como Primo) \u00e9 o nome comercial do\u00a0<\/span><strong><span>ester\u00f3ide anab\u00f3lico androg\u00eanico Metenolona<\/span><\/strong><span>\u00a0. Apresenta-se em duas formas:\u00a0<\/span><strong><span>Enantato de Metenolona<\/span><\/strong><span>\u00a0, \u200b\u200bem sua forma injet\u00e1vel, e\u00a0<\/span><strong><span>Acetato de Metenolona<\/span><\/strong><span>\u00a0em comprimidos. \u00c9 um ester\u00f3ide relativamente suave com baixa atividade androg\u00eanica. Primo \u00e9 um\u00a0derivado\u00a0<\/span><strong><span>da diidrotestosterona (DHT)<\/span><\/strong><span>\u00a0que minimiza os efeitos colaterais indesejados de outros ester\u00f3ides com os quais \u00e9 combinado, ao mesmo tempo que aumenta seus efeitos. Isto faz do Primo a escolha preferida para atletas e fisiculturistas que procuram aumentar a massa muscular e a for\u00e7a com menor risco de efeitos secund\u00e1rios, optando por alternativas mais suaves aos ester\u00f3ides mais potentes.<\/span><\/p>\n<p><span>Os atletas usam Primobolan durante a fase de defini\u00e7\u00e3o para manter a massa muscular ou para um processo de crescimento muscular gradual, mas de alta qualidade.<\/span><\/p>\n<h2><strong><span>Benef\u00edcios Primobolan<\/span><\/strong><\/h2>\n<h3><strong><span>Desenvolvimento e preserva\u00e7\u00e3o muscular<\/span><\/strong><\/h3>\n<p><span>Primobolan \u00e9 conhecido pela sua efic\u00e1cia no desenvolvimento de massa muscular magra e \u00e9 especialmente valorizado pela sua capacidade de reter massa muscular durante ciclos de corte, quando as restri\u00e7\u00f5es cal\u00f3ricas podem levar \u00e0 perda muscular.<\/span><\/p>\n<h3><strong><span>Sem efeitos estrog\u00eanicos<\/span><\/strong><\/h3>\n<p><span>N\u00e3o aromatiza nem se converte em estrog\u00eanio, o que significa que tem menor risco de causar reten\u00e7\u00e3o de \u00e1gua e ginecomastia (crescimento de tecido mam\u00e1rio em homens), sendo a escolha preferida para quem busca manter um corpo esguio.<\/span><\/p>\n<h3><strong><span>Redu\u00e7\u00e3o dos efeitos androg\u00eanicos<\/span><\/strong><\/h3>\n<p><span>Devido \u00e0 sua atividade androg\u00eanica reduzida em compara\u00e7\u00e3o com outros ester\u00f3ides anabolizantes, Primobolan tem menor risco de induzir efeitos colaterais como acne, queda de cabelo e aumento de pelos no corpo, tornando-o uma op\u00e7\u00e3o mais adequada para mulheres e homens suscet\u00edveis a tais preocupa\u00e7\u00f5es. .<\/span><\/p>\n<h3><strong><span>Redu\u00e7\u00e3o de gordura<\/span><\/strong><\/h3>\n<p><span>Embora Primobolan seja usado principalmente como queimador de gordura, ele pode auxiliar na perda de gordura, preservando a massa muscular durante per\u00edodos de d\u00e9ficit cal\u00f3rico, melhorando assim a composi\u00e7\u00e3o corporal geral.<\/span><\/p>\n<h3><strong><span>N\u00e3o \u00e9 t\u00f3xico para o f\u00edgado<\/span><\/strong><\/h3>\n<p><span>A forma injet\u00e1vel de Primobolan (\u00a0<\/span><span>Enantato de Metenolona<\/span><span>\u00a0) n\u00e3o apresenta toxicidade hep\u00e1tica, o que \u00e9 uma vantagem significativa sobre muitos ester\u00f3ides anabolizantes orais. No entanto, a forma oral (\u00a0<\/span><span>acetato de metenolona<\/span><span>\u00a0) pode ter algum impacto nas enzimas hep\u00e1ticas, mas \u00e9 geralmente considerada menor em compara\u00e7\u00e3o com outros ester\u00f3ides orais.<\/span><\/p>\n<h3><strong><span>Recupera\u00e7\u00e3o melhorada<\/span><\/strong><\/h3>\n<p><span>Primobolan \u00e9 ben\u00e9fico na redu\u00e7\u00e3o dos per\u00edodos de recupera\u00e7\u00e3o entre as sess\u00f5es de treino, minimizando a degrada\u00e7\u00e3o muscular e promovendo a s\u00edntese proteica, essencial para atletas e fisiculturistas que realizam rotinas de treino rigorosas.<\/span><\/p>\n<h3><strong><span>Adequado para ciclos de defini\u00e7\u00e3o<\/span><\/strong><\/h3>\n<p><span>A sua capacidade de ajudar a manter o tecido muscular magro sem reten\u00e7\u00e3o de \u00e1gua torna-o especialmente \u00fatil para ciclos de corte, onde o objetivo \u00e9 perder gordura preservando a massa muscular.<\/span><\/p>\n<h3><strong><span>Versatilidade<\/span><\/strong><\/h3>\n<p><span>Primobolan pode ser usado efetivamente tanto em ciclos de aumento quanto de corte, dependendo da dieta e da combina\u00e7\u00e3o com outros ester\u00f3ides. Muitas vezes \u00e9 combinado com outros ester\u00f3ides para aumentar os ganhos musculares sem aumentar os efeitos colaterais.<\/span><\/p>\n<h3><strong><span>Seguro para uso feminino<\/span><\/strong><\/h3>\n<p><span>Devido \u00e0 sua natureza suave, Primobolan \u00e9 uma escolha mais segura entre os ester\u00f3ides anabolizantes para mulheres. Apresenta menor risco de sintomas de viriliza\u00e7\u00e3o (como o desenvolvimento de tra\u00e7os masculinos) quando tomado em doses mais baixas.<\/span><\/p>\n<h2><strong><span>Efeitos adversos<\/span><\/strong><\/h2>\n<p><span>A lista de potenciais efeitos colaterais do Primobolan \u00e9 semelhante \u00e0 da maioria dos ester\u00f3ides: aumento do risco de hipertens\u00e3o, altera\u00e7\u00f5es nos n\u00edveis de colesterol, acne e pele oleosa, hirsutismo, engrossamento da voz (em mulheres), agressividade e altera\u00e7\u00f5es de humor, etc. .<\/span><\/p>\n<p><span>A principal diferen\u00e7a \u00e9 que a incid\u00eancia desses efeitos colaterais \u00e9 muito menos frequente, por isso o Primobolan \u00e9 considerado um dos esteroides mais seguros do mercado.<\/span><\/p>\n<h2><strong><span>Ciclos e dosagem<\/span><\/strong><\/h2>\n<ul>\n<li><strong><span>Ciclo Iniciante<\/span><\/strong><span>\u00a0: Para aqueles que s\u00e3o novos no uso de ester\u00f3ides, um ciclo pode durar de 8 a 12 semanas, com doses variando de 300-400 mg por semana. Isto proporciona um equil\u00edbrio entre a minimiza\u00e7\u00e3o dos efeitos colaterais e a obten\u00e7\u00e3o de preserva\u00e7\u00e3o ou ganho muscular eficaz.<\/span><\/li>\n<li><strong><span>Ciclo intermedi\u00e1rio<\/span><\/strong><span>\u00a0: Os usu\u00e1rios intermedi\u00e1rios podem aumentar a dosagem para 400-700 mg por semana, muitas vezes combinando Primobolan com outros ester\u00f3ides, como a testosterona, para efeitos aprimorados. A dura\u00e7\u00e3o do ciclo ainda \u00e9 de cerca de 8 a 12 semanas.<\/span><\/li>\n<li><strong><span>Ciclo Avan\u00e7ado<\/span><\/strong><span>\u00a0: Usu\u00e1rios avan\u00e7ados podem usar doses de at\u00e9 800-1.000 mg por semana, embora essas doses altas aumentem o risco de efeitos colaterais. Os ciclos avan\u00e7ados tamb\u00e9m podem envolver pilhas mais complexas e de dura\u00e7\u00e3o mais longa, de 12 a 20 semanas.<\/span><\/li>\n<li><strong><span>Mulheres<\/span><\/strong><span>\u00a0: Uma dosagem comum para mulheres seria na faixa de 50-100 mg por semana. Esta dose relativamente baixa ajuda a minimizar o risco de viriliza\u00e7\u00e3o, ao mesmo tempo que proporciona benef\u00edcios de preserva\u00e7\u00e3o e crescimento muscular. A dura\u00e7\u00e3o do ciclo deve ser mais curta do que a normalmente recomendada para homens, para reduzir ainda mais o risco de efeitos colaterais. Um ciclo t\u00edpico pode durar de 6 a 8 semanas.<\/span><\/li>\n<li><strong><span>Combina\u00e7\u00e3o<\/span><\/strong><span>\u00a0: Primobolan \u00e9 frequentemente combinado com outros ester\u00f3ides para aumentar seus efeitos. Para defini\u00e7\u00e3o, \u00e9 comumente combinado com andr\u00f3genos n\u00e3o aromatizantes, como\u00a0<\/span><span>Winstrol<\/span><span>\u00a0ou\u00a0<\/span><span>Anavar<\/span><span>\u00a0. Para aumentar o volume, os usu\u00e1rios podem adicionar uma forma de\u00a0<\/span><span>testosterona<\/span><span>\u00a0ou\u00a0<\/span><span>Dianabol<\/span><span>\u00a0, embora isso aumente o risco de efeitos colaterais.<\/span><\/li>\n<li><strong><span>Terapia P\u00f3s-Ciclo (CPT)<\/span><\/strong><span>\u00a0: Depois de completar um ciclo de Primobolan, iniciar a Terapia P\u00f3s-Ciclo (CPT) \u00e9 essencial para auxiliar na restaura\u00e7\u00e3o dos n\u00edveis naturais de testosterona. A CPT geralmente come\u00e7a algumas semanas ap\u00f3s a \u00faltima dose de ester\u00f3ide e pode envolver medicamentos como\u00a0<\/span><span>Clomid<\/span><span>\u00a0ou\u00a0<\/span><span>Nolvadex<\/span><span>\u00a0.<\/span><\/li>\n<\/ul>\n<p><\/p>","protected":false},"excerpt":{"rendered":"<p>Componente ativo principal:\u00a0Enantato de Metenolona Tipo: subst\u00e2ncia ester\u00f3ide anabolizante (derivada do DHT) Apresenta\u00e7\u00e3o:\u00a0Injet\u00e1vel \u00d3leo transportador:\u00a0\u00a0\u00a0\u00d3leo de gergelim + MCT O<\/p>\n","protected":false},"featured_media":9722,"comment_status":"open","ping_status":"closed","template":"","meta":[],"product_brand":[],"product_cat":[69],"product_tag":[],"class_list":{"0":"post-9721","1":"product","2":"type-product","3":"status-publish","4":"has-post-thumbnail","6":"product_cat-esteroides_inyectables","8":"first","9":"outofstock","10":"sale","11":"shipping-taxable","12":"purchasable","13":"product-type-simple"},"yoast_head":"<!-- This site is optimized with the Yoast SEO Premium plugin v24.4 (Yoast SEO v27.3) - https:\/\/yoast.com\/product\/yoast-seo-premium-wordpress\/ -->\n<title>Primos 100 mg\/ml (Methenolone Enanthate) - Ester\u00f3ides Online<\/title>\n<meta name=\"description\" content=\"Primobolan (Methenolone Enanthate) \u00e9 um esteroide anab\u00f3lico leve usado para o crescimento muscular magro, ciclos de defini\u00e7\u00e3o e preserva\u00e7\u00e3o muscular com m\u00ednimos efeitos androg\u00eanicos.\" \/>\n<meta name=\"robots\" content=\"index, follow, max-snippet:-1, max-image-preview:large, max-video-preview:-1\" \/>\n<link rel=\"canonical\" href=\"https:\/\/iberoid-shop.com\/pt\/product\/primos-primobolan-driada\/\" \/>\n<meta property=\"og:locale\" content=\"pt_PT\" \/>\n<meta property=\"og:type\" content=\"article\" \/>\n<meta property=\"og:title\" content=\"Primos 100 mg\/ml (Methenolone Enanthate)\" \/>\n<meta property=\"og:description\" content=\"Primobolan (Methenolone Enanthate) \u00e9 um esteroide anab\u00f3lico leve usado para o crescimento muscular magro, ciclos de defini\u00e7\u00e3o e preserva\u00e7\u00e3o muscular com m\u00ednimos efeitos androg\u00eanicos.\" \/>\n<meta property=\"og:url\" content=\"https:\/\/iberoid-shop.com\/pt\/product\/primos-primobolan-driada\/\" \/>\n<meta property=\"og:site_name\" content=\"Ester\u00f3ides Online\" \/>\n<meta property=\"article:modified_time\" content=\"2025-04-05T08:46:16+00:00\" \/>\n<meta property=\"og:image\" content=\"https:\/\/iberoid-shop.com\/wp-content\/uploads\/2024\/10\/primos-driada-scaled.webp\" \/>\n\t<meta property=\"og:image:width\" content=\"2560\" \/>\n\t<meta property=\"og:image:height\" content=\"2560\" \/>\n\t<meta property=\"og:image:type\" content=\"image\/webp\" \/>\n<meta name=\"twitter:card\" content=\"summary_large_image\" \/>\n<meta name=\"twitter:label1\" content=\"pre\u00e7o\" \/>\n\t<meta name=\"twitter:data1\" content=\"&euro;75.00\" \/>\n\t<meta name=\"twitter:label2\" content=\"Disponibilidade\" \/>\n\t<meta name=\"twitter:data2\" content=\"Esgotado\" \/>\n<script type=\"application\/ld+json\" class=\"yoast-schema-graph\">{\"@context\":\"https:\\\/\\\/schema.org\",\"@graph\":[{\"@type\":\"WebPage\",\"@id\":\"https:\\\/\\\/iberoid-shop.com\\\/pt\\\/product\\\/primos-primobolan-driada\\\/\",\"url\":\"https:\\\/\\\/iberoid-shop.com\\\/pt\\\/product\\\/primos-primobolan-driada\\\/\",\"name\":\"Primos 100 mg\\\/ml (Methenolone Enanthate) - Ester\u00f3ides Online\",\"isPartOf\":{\"@id\":\"https:\\\/\\\/iberoid-shop.com\\\/pt\\\/#website\"},\"primaryImageOfPage\":{\"@id\":\"https:\\\/\\\/iberoid-shop.com\\\/pt\\\/product\\\/primos-primobolan-driada\\\/#primaryimage\"},\"image\":{\"@id\":\"https:\\\/\\\/iberoid-shop.com\\\/pt\\\/product\\\/primos-primobolan-driada\\\/#primaryimage\"},\"thumbnailUrl\":\"https:\\\/\\\/iberoid-shop.com\\\/wp-content\\\/uploads\\\/2024\\\/10\\\/primos-driada-scaled.webp\",\"datePublished\":\"2024-10-20T10:16:16+00:00\",\"dateModified\":\"2025-04-05T08:46:16+00:00\",\"description\":\"Primobolan (Methenolone Enanthate) \u00e9 um esteroide anab\u00f3lico leve usado para o crescimento muscular magro, ciclos de defini\u00e7\u00e3o e preserva\u00e7\u00e3o muscular com m\u00ednimos efeitos androg\u00eanicos.\",\"breadcrumb\":{\"@id\":\"https:\\\/\\\/iberoid-shop.com\\\/pt\\\/product\\\/primos-primobolan-driada\\\/#breadcrumb\"},\"inLanguage\":\"pt-PT\",\"potentialAction\":[{\"@type\":\"ReadAction\",\"target\":[[\"https:\\\/\\\/iberoid-shop.com\\\/pt\\\/product\\\/primos-primobolan-driada\\\/\"]]}]},{\"@type\":\"ImageObject\",\"inLanguage\":\"pt-PT\",\"@id\":\"https:\\\/\\\/iberoid-shop.com\\\/pt\\\/product\\\/primos-primobolan-driada\\\/#primaryimage\",\"url\":\"https:\\\/\\\/iberoid-shop.com\\\/wp-content\\\/uploads\\\/2024\\\/10\\\/primos-driada-scaled.webp\",\"contentUrl\":\"https:\\\/\\\/iberoid-shop.com\\\/wp-content\\\/uploads\\\/2024\\\/10\\\/primos-driada-scaled.webp\",\"width\":2560,\"height\":2560},{\"@type\":\"BreadcrumbList\",\"@id\":\"https:\\\/\\\/iberoid-shop.com\\\/pt\\\/product\\\/primos-primobolan-driada\\\/#breadcrumb\",\"itemListElement\":[{\"@type\":\"ListItem\",\"position\":1,\"name\":\"Portada\",\"item\":\"https:\\\/\\\/iberoid-shop.com\\\/pt\\\/\"},{\"@type\":\"ListItem\",\"position\":2,\"name\":\"Loja\",\"item\":\"https:\\\/\\\/iberoid-shop.com\\\/pt\\\/shop\\\/\"},{\"@type\":\"ListItem\",\"position\":3,\"name\":\"Primos 100 mg\\\/ml (Methenolone Enanthate)\"}]},{\"@type\":\"WebSite\",\"@id\":\"https:\\\/\\\/iberoid-shop.com\\\/pt\\\/#website\",\"url\":\"https:\\\/\\\/iberoid-shop.com\\\/pt\\\/\",\"name\":\"Ester\u00f3ides Online\",\"description\":\"Compre ester\u00f3ides online hoje em Espanha e Portugal. Temos o melhor servi\u00e7o ao cliente do setor e produtos da mais alta qualidade\",\"potentialAction\":[{\"@type\":\"SearchAction\",\"target\":{\"@type\":\"EntryPoint\",\"urlTemplate\":\"https:\\\/\\\/iberoid-shop.com\\\/pt\\\/?s={search_term_string}\"},\"query-input\":{\"@type\":\"PropertyValueSpecification\",\"valueRequired\":true,\"valueName\":\"search_term_string\"}}],\"inLanguage\":\"pt-PT\"}]}<\/script>\n<meta property=\"product:brand\" content=\"Driada\" \/>\n<meta property=\"product:price:amount\" content=\"75.00\" \/>\n<meta property=\"product:price:currency\" content=\"EUR\" \/>\n<meta property=\"og:availability\" content=\"out of stock\" \/>\n<meta property=\"product:availability\" content=\"out of stock\" \/>\n<meta property=\"product:condition\" content=\"new\" \/>\n<!-- \/ Yoast SEO Premium plugin. -->","yoast_head_json":{"title":"Primos 100 mg\/ml (Methenolone Enanthate) - Ester\u00f3ides Online","description":"Primobolan (Methenolone Enanthate) \u00e9 um esteroide anab\u00f3lico leve usado para o crescimento muscular magro, ciclos de defini\u00e7\u00e3o e preserva\u00e7\u00e3o muscular com m\u00ednimos efeitos androg\u00eanicos.","robots":{"index":"index","follow":"follow","max-snippet":"max-snippet:-1","max-image-preview":"max-image-preview:large","max-video-preview":"max-video-preview:-1"},"canonical":"https:\/\/iberoid-shop.com\/pt\/product\/primos-primobolan-driada\/","og_locale":"pt_PT","og_type":"article","og_title":"Primos 100 mg\/ml (Methenolone Enanthate)","og_description":"Primobolan (Methenolone Enanthate) \u00e9 um esteroide anab\u00f3lico leve usado para o crescimento muscular magro, ciclos de defini\u00e7\u00e3o e preserva\u00e7\u00e3o muscular com m\u00ednimos efeitos androg\u00eanicos.","og_url":"https:\/\/iberoid-shop.com\/pt\/product\/primos-primobolan-driada\/","og_site_name":"Ester\u00f3ides Online","article_modified_time":"2025-04-05T08:46:16+00:00","og_image":[{"width":2560,"height":2560,"url":"https:\/\/iberoid-shop.com\/wp-content\/uploads\/2024\/10\/primos-driada-scaled.webp","type":"image\/webp"}],"twitter_card":"summary_large_image","twitter_misc":{"pre\u00e7o":"&euro;75.00","Disponibilidade":"Esgotado"},"schema":{"@context":"https:\/\/schema.org","@graph":[{"@type":"WebPage","@id":"https:\/\/iberoid-shop.com\/pt\/product\/primos-primobolan-driada\/","url":"https:\/\/iberoid-shop.com\/pt\/product\/primos-primobolan-driada\/","name":"Primos 100 mg\/ml (Methenolone Enanthate) - Ester\u00f3ides Online","isPartOf":{"@id":"https:\/\/iberoid-shop.com\/pt\/#website"},"primaryImageOfPage":{"@id":"https:\/\/iberoid-shop.com\/pt\/product\/primos-primobolan-driada\/#primaryimage"},"image":{"@id":"https:\/\/iberoid-shop.com\/pt\/product\/primos-primobolan-driada\/#primaryimage"},"thumbnailUrl":"https:\/\/iberoid-shop.com\/wp-content\/uploads\/2024\/10\/primos-driada-scaled.webp","datePublished":"2024-10-20T10:16:16+00:00","dateModified":"2025-04-05T08:46:16+00:00","description":"Primobolan (Methenolone Enanthate) \u00e9 um esteroide anab\u00f3lico leve usado para o crescimento muscular magro, ciclos de defini\u00e7\u00e3o e preserva\u00e7\u00e3o muscular com m\u00ednimos efeitos androg\u00eanicos.","breadcrumb":{"@id":"https:\/\/iberoid-shop.com\/pt\/product\/primos-primobolan-driada\/#breadcrumb"},"inLanguage":"pt-PT","potentialAction":[{"@type":"ReadAction","target":[["https:\/\/iberoid-shop.com\/pt\/product\/primos-primobolan-driada\/"]]}]},{"@type":"ImageObject","inLanguage":"pt-PT","@id":"https:\/\/iberoid-shop.com\/pt\/product\/primos-primobolan-driada\/#primaryimage","url":"https:\/\/iberoid-shop.com\/wp-content\/uploads\/2024\/10\/primos-driada-scaled.webp","contentUrl":"https:\/\/iberoid-shop.com\/wp-content\/uploads\/2024\/10\/primos-driada-scaled.webp","width":2560,"height":2560},{"@type":"BreadcrumbList","@id":"https:\/\/iberoid-shop.com\/pt\/product\/primos-primobolan-driada\/#breadcrumb","itemListElement":[{"@type":"ListItem","position":1,"name":"Portada","item":"https:\/\/iberoid-shop.com\/pt\/"},{"@type":"ListItem","position":2,"name":"Loja","item":"https:\/\/iberoid-shop.com\/pt\/shop\/"},{"@type":"ListItem","position":3,"name":"Primos 100 mg\/ml (Methenolone Enanthate)"}]},{"@type":"WebSite","@id":"https:\/\/iberoid-shop.com\/pt\/#website","url":"https:\/\/iberoid-shop.com\/pt\/","name":"Ester\u00f3ides Online","description":"Compre ester\u00f3ides online hoje em Espanha e Portugal. Temos o melhor servi\u00e7o ao cliente do setor e produtos da mais alta qualidade","potentialAction":[{"@type":"SearchAction","target":{"@type":"EntryPoint","urlTemplate":"https:\/\/iberoid-shop.com\/pt\/?s={search_term_string}"},"query-input":{"@type":"PropertyValueSpecification","valueRequired":true,"valueName":"search_term_string"}}],"inLanguage":"pt-PT"}]},"product_brand":"Driada","product_price_amount":"75.00","product_price_currency":"EUR","og_availability":"out of stock","product_availability":"out of stock","product_condition":"new"},"_links":{"self":[{"href":"https:\/\/iberoid-shop.com\/pt\/wp-json\/wp\/v2\/product\/9721","targetHints":{"allow":["GET"]}}],"collection":[{"href":"https:\/\/iberoid-shop.com\/pt\/wp-json\/wp\/v2\/product"}],"about":[{"href":"https:\/\/iberoid-shop.com\/pt\/wp-json\/wp\/v2\/types\/product"}],"replies":[{"embeddable":true,"href":"https:\/\/iberoid-shop.com\/pt\/wp-json\/wp\/v2\/comments?post=9721"}],"wp:featuredmedia":[{"embeddable":true,"href":"https:\/\/iberoid-shop.com\/pt\/wp-json\/wp\/v2\/media\/9722"}],"wp:attachment":[{"href":"https:\/\/iberoid-shop.com\/pt\/wp-json\/wp\/v2\/media?parent=9721"}],"wp:term":[{"taxonomy":"product_brand","embeddable":true,"href":"https:\/\/iberoid-shop.com\/pt\/wp-json\/wp\/v2\/product_brand?post=9721"},{"taxonomy":"product_cat","embeddable":true,"href":"https:\/\/iberoid-shop.com\/pt\/wp-json\/wp\/v2\/product_cat?post=9721"},{"taxonomy":"product_tag","embeddable":true,"href":"https:\/\/iberoid-shop.com\/pt\/wp-json\/wp\/v2\/product_tag?post=9721"}],"curies":[{"name":"wp","href":"https:\/\/api.w.org\/{rel}","templated":true}]}}