{"id":9717,"date":"2024-10-20T10:12:34","date_gmt":"2024-10-20T10:12:34","guid":{"rendered":"https:\/\/iberoid-shop.com\/?post_type=product&#038;p=9717"},"modified":"2024-11-18T15:13:02","modified_gmt":"2024-11-18T15:13:02","slug":"testosteron-cypionate-driada","status":"publish","type":"product","link":"https:\/\/iberoid-shop.com\/pt\/product\/testosteron-cypionate-driada\/","title":{"rendered":"Cypilos 250 mg\/ml (Testosterone Cypionate)"},"content":{"rendered":"<p><\/p>\n<ul>\n<li><strong><span>Princ\u00edpio ativo:<\/span><\/strong><span>\u00a0Cipionato de Testosterona<\/span><\/li>\n<li><strong><span>Tipo:<\/span><\/strong><span>\u00a0Ester\u00f3ide anabolizante (derivado da testosterona)<\/span><\/li>\n<li><strong><span>Formul\u00e1rio:<\/span><\/strong><span>\u00a0Inje\u00e7\u00f5es<\/span><\/li>\n<li><strong><span>\u00d3leo transportador:<\/span><\/strong><span>\u00a0\u00f3leo de gergelim<\/span><\/li>\n<\/ul>\n<h2><span>O que \u00e9 cipionato de testosterona?<\/span><\/h2>\n<p><span>O Cipionato de Testosterona 250 mg \u00e9 um \u00e9ster longo de testosterona, principal horm\u00f4nio masculino, cuja defici\u00eancia leva \u00e0 perda de massa muscular, pot\u00eancia e problemas psicol\u00f3gicos, al\u00e9m de outros problemas de sa\u00fade. Para compensar a defici\u00eancia de testosterona relacionada \u00e0 idade, vale a pena reabastec\u00ea-la com medicamentos injet\u00e1veis.<\/span><\/p>\n<p><strong><span>O cipionato<\/span><\/strong><span>\u00a0de testosterona\u00a0\u00e9 uma vers\u00e3o sint\u00e9tica do horm\u00f4nio natural testosterona, usado principalmente na terapia hormonal. \u00c9 administrado por inje\u00e7\u00e3o para tratar doen\u00e7as causadas por baixos n\u00edveis de testosterona, como hipogonadismo e outros desequil\u00edbrios hormonais. \u00c9 eficaz na promo\u00e7\u00e3o do desenvolvimento sexual masculino e no combate a doen\u00e7as de perda muscular. Este medicamento geralmente \u00e9 prescrito para pessoas com diagn\u00f3stico de baixos n\u00edveis de testosterona, especialmente homens que apresentam sintomas como redu\u00e7\u00e3o da libido, fadiga e perda de massa muscular. \u00c9 importante que os pacientes utilizem este medicamento sob supervis\u00e3o m\u00e9dica devido aos seus efeitos poderosos e \u00e0 possibilidade de efeitos colaterais.<\/span><\/p>\n<p><span>Cipionato de Testosterona 250 mg \u00e9 um medicamento muito eficiente, mas hoje em dia \u00e9 dif\u00edcil encontr\u00e1-lo nas farm\u00e1cias, mas voc\u00ea sempre pode encomendar Cipionato de Testosterona 250 mg online na loja m\u00e9dica Driada ou em distribuidores oficiais.<\/span><\/p>\n<h2><span>O que o cipionato de testosterona faz?<\/span><\/h2>\n<p><span>O Cipionato de Testosterona rep\u00f5e a falta de testosterona no corpo ativando os receptores correspondentes. Uma vez injetado, o cipionato de testosterona \u00e9 liberado lentamente na corrente sangu\u00ednea. \u00c9 convertido em testosterona pela enzima esterase.<\/span><\/p>\n<p><span>A testosterona ent\u00e3o viaja pelo sangue e entra em v\u00e1rios tecidos do corpo. Nestes tecidos, liga-se a receptores androg\u00eanicos espec\u00edficos nas c\u00e9lulas.<\/span><\/p>\n<p><span>A liga\u00e7\u00e3o da testosterona a esses receptores desencadeia modifica\u00e7\u00f5es na express\u00e3o gen\u00e9tica. Isto significa que pode ativar ou desativar certos genes que s\u00e3o cruciais para processos como a s\u00edntese de prote\u00ednas e o crescimento celular.<\/span><\/p>\n<p><span>Al\u00e9m de influenciar a express\u00e3o gen\u00e9tica, a testosterona tamb\u00e9m pode ativar vias que levam a altera\u00e7\u00f5es imediatas na fun\u00e7\u00e3o celular que n\u00e3o envolvem altera\u00e7\u00f5es no DNA.<\/span><\/p>\n<p><span>Os efeitos gerais dessas a\u00e7\u00f5es s\u00e3o o aumento da s\u00edntese prot\u00e9ica, que auxilia no crescimento e recupera\u00e7\u00e3o muscular; reten\u00e7\u00e3o de nitrog\u00eanio, f\u00f3sforo e pot\u00e1ssio; melhor produ\u00e7\u00e3o de gl\u00f3bulos vermelhos; e melhorias gerais na massa muscular, densidade \u00f3ssea e fun\u00e7\u00e3o sexual. Al\u00e9m disso, afeta o humor e os n\u00edveis de energia, contribuindo para a redu\u00e7\u00e3o da sensa\u00e7\u00e3o de fadiga e depress\u00e3o em pessoas com baixos n\u00edveis de testosterona.<\/span><\/p>\n<h2><span>Pr\u00f3s e contras do cipionato de testosterona<\/span><\/h2>\n<p><span>O Cipionato de Testosterona \u00e9 popular nas comunidades de fisiculturistas: promove ganho muscular saud\u00e1vel e auxilia na perda de gordura, especialmente em homens que t\u00eam dificuldade em ver os benef\u00edcios m\u00e1ximos do exerc\u00edcio devido aos baixos n\u00edveis hormonais.<\/span><\/p>\n<p><span>E tenha em mente que o uso deste ester\u00f3ide s\u00f3 faz sentido com um estilo de vida saud\u00e1vel.<\/span><\/p>\n<p><span>Outros benef\u00edcios do Cipionato de Testosterona:<\/span><\/p>\n<ul>\n<li><span>Aumento da libido.<\/span><\/li>\n<li><span>Aten\u00e7\u00e3o melhorada.<\/span><\/li>\n<li><span>Alta for\u00e7a, pot\u00eancia e tamanho muscular.<\/span><\/li>\n<li><span>Melhor desempenho atl\u00e9tico.<\/span><\/li>\n<li><span>Melhor densidade \u00f3ssea.<\/span><\/li>\n<li><span>Melhor humor e bem-estar mental.<\/span><\/li>\n<\/ul>\n<p><span>A lista de efeitos colaterais da testosterona \u00e9 bastante longa, mas isso n\u00e3o indica nenhum perigo particular desta droga. \u00c9 o mais estudado e natural de todos os andr\u00f3genos e horm\u00f4nios anab\u00f3licos. A incid\u00eancia de efeitos colaterais em doses terap\u00eauticas varia de raro a muito raro, e todos os poss\u00edveis efeitos colaterais foram conhecidos e estudados tanto quanto poss\u00edvel:<\/span><\/p>\n<ul>\n<li><span>Efeitos colaterais estrog\u00eanicos (causados \u200b\u200bpela aromatiza\u00e7\u00e3o).<\/span><\/li>\n<li><span>Aumento do LDL.<\/span><\/li>\n<li><span>Acne.<\/span><\/li>\n<li><span>Perda de cabelo.<\/span><\/li>\n<li><span>Assalto.<\/span><\/li>\n<li><span>Ansiedade.<\/span><\/li>\n<li><span>Depress\u00e3o.<\/span><\/li>\n<li><span>Dist\u00farbios do sono.<\/span><\/li>\n<li><span>Mudan\u00e7as de humor.<\/span><\/li>\n<li><span>Co\u00e1gulos sangu\u00edneos.<\/span><\/li>\n<li><span>Problemas de pr\u00f3stata.<\/span><\/li>\n<li><span>Sensibilidade mam\u00e1ria.<\/span><\/li>\n<li><span>Ondas de calor.<\/span><\/li>\n<\/ul>\n<p><span>Efeitos colaterais como reten\u00e7\u00e3o h\u00eddrica, ginecomastia e ac\u00famulo de gordura corporal podem ser eliminados com a aplica\u00e7\u00e3o de Antiestrog\u00eanios.<\/span><\/p>\n<p><span>Acne, pele oleosa e aumento de pelos corporais e faciais podem ser tratados por meio de limpeza regular para controlar espinhas e oleosidade e cinco medicamentos inibidores da alfa redutase.<\/span><\/p>\n<p><span>Se ocorrer um ou mais efeitos colaterais, consulte seu m\u00e9dico imediatamente!<\/span><\/p>\n<h2><span>Como usar cipionato de testosterona<\/span><\/h2>\n<p><span>Aqui est\u00e3o alguns pontos sobre como usar o Cipionato de Testosterona:<\/span><\/p>\n<ul>\n<li><span>O Cipionato de Testosterona cont\u00e9m \u00e9steres longos, por isso \u00e9 mais aplic\u00e1vel em ciclos longos de 6 a 12 semanas ou mais. As doses, dependendo das tarefas, podem variar de 250 mg a v\u00e1rios gramas.<\/span><\/li>\n<li><span>O Cipionato de Testosterona possui diversas contraindica\u00e7\u00f5es e cuidados que devem ser considerados antes do uso. \u00c9 contraindicado em pessoas com c\u00e2ncer de pr\u00f3stata ou de mama, pois a testosterona pode agravar o crescimento do tumor.\u00a0<\/span><strong><span>Pessoas gr\u00e1vidas ou amamentando devem evitar o Cipionato de Testosterona devido a poss\u00edveis danos ao feto ou ao beb\u00ea.<\/span><\/strong><span>\u00a0Al\u00e9m disso, aqueles com hipersensibilidade a qualquer componente do Cipionato de Testosterona devem abster-se de us\u00e1-lo. O monitoramento regular e a supervis\u00e3o m\u00e9dica s\u00e3o cruciais para mitigar riscos potenciais.<\/span><\/li>\n<li><span>O Cipionato de Testosterona deve ser armazenado em temperatura ambiente, normalmente entre 15\u00b0C e 25\u00b0C. Evite a exposi\u00e7\u00e3o a temperaturas extremas. Armazenar em local escuro para proteger da luz e umidade, que pode degradar o Cipionato de Testosterona. Evite congelar e mantenha fora do alcance de crian\u00e7as e animais de estima\u00e7\u00e3o.<\/span><\/li>\n<\/ul>\n<p><span>Portanto, se o seu objetivo \u00e9 comprar testosterona de boa qualidade para terapia de reposi\u00e7\u00e3o hormonal ou muscula\u00e7\u00e3o, ent\u00e3o voc\u00ea deve ficar atento ao produto Driada, cuja qualidade foi comprovada por in\u00fameros testes laboratoriais.<\/span><\/p>\n<p><span>Driada \u00e9 uma loja online confi\u00e1vel baseada na confian\u00e7a. Ao come\u00e7armos a trabalhar juntos, saiba que nossa principal prioridade \u00e9 criar uma parceria duradoura e de confian\u00e7a com voc\u00ea. Prometemos manter a honestidade e a integridade em todas as nossas intera\u00e7\u00f5es. Ficar\u00edamos honrados se voc\u00ea escolhesse confiar em n\u00f3s para ajud\u00e1-lo a atingir seus objetivos.<\/span><\/p>\n<p><span>Voc\u00ea pode encontrar Cipionato de Testosterona para muscula\u00e7\u00e3o \u00e0 venda online, mas apenas os produtos Driada s\u00e3o testados em laborat\u00f3rio e merecem sua confian\u00e7a. Voc\u00ea pode encontrar testes de laborat\u00f3rio em nosso site na p\u00e1gina do produto.<\/span><\/p>","protected":false},"excerpt":{"rendered":"<p>Princ\u00edpio ativo:\u00a0Cipionato de Testosterona Tipo:\u00a0Ester\u00f3ide anabolizante (derivado da testosterona) Formul\u00e1rio:\u00a0Inje\u00e7\u00f5es \u00d3leo transportador:\u00a0\u00f3leo de gergelim O que \u00e9 cipionato de testosterona?<\/p>\n","protected":false},"featured_media":9719,"comment_status":"open","ping_status":"closed","template":"","meta":[],"product_brand":[],"product_cat":[69],"product_tag":[],"class_list":{"0":"post-9717","1":"product","2":"type-product","3":"status-publish","4":"has-post-thumbnail","6":"product_cat-esteroides_inyectables","8":"first","9":"outofstock","10":"sale","11":"shipping-taxable","12":"purchasable","13":"product-type-simple"},"yoast_head":"<!-- This site is optimized with the Yoast SEO Premium plugin v24.4 (Yoast SEO v27.3) - https:\/\/yoast.com\/product\/yoast-seo-premium-wordpress\/ -->\n<title>Cypilos 250 mg\/ml (Testosterone Cypionate) - Ester\u00f3ides Online<\/title>\n<meta name=\"robots\" content=\"index, follow, max-snippet:-1, max-image-preview:large, max-video-preview:-1\" \/>\n<link rel=\"canonical\" href=\"https:\/\/iberoid-shop.com\/pt\/product\/testosteron-cypionate-driada\/\" \/>\n<meta property=\"og:locale\" content=\"pt_PT\" \/>\n<meta property=\"og:type\" content=\"article\" \/>\n<meta property=\"og:title\" content=\"Cypilos 250 mg\/ml (Testosterone Cypionate)\" \/>\n<meta property=\"og:description\" content=\"Princ\u00edpio ativo:\u00a0Cipionato de Testosterona Tipo:\u00a0Ester\u00f3ide anabolizante (derivado da testosterona) Formul\u00e1rio:\u00a0Inje\u00e7\u00f5es \u00d3leo transportador:\u00a0\u00f3leo de gergelim O que \u00e9 cipionato de testosterona?\" \/>\n<meta property=\"og:url\" content=\"https:\/\/iberoid-shop.com\/pt\/product\/testosteron-cypionate-driada\/\" \/>\n<meta property=\"og:site_name\" content=\"Ester\u00f3ides Online\" \/>\n<meta property=\"article:modified_time\" content=\"2024-11-18T15:13:02+00:00\" \/>\n<meta property=\"og:image\" content=\"https:\/\/iberoid-shop.com\/wp-content\/uploads\/2024\/10\/driada-cipi.webp\" \/>\n\t<meta property=\"og:image:width\" content=\"2000\" \/>\n\t<meta property=\"og:image:height\" content=\"2000\" \/>\n\t<meta property=\"og:image:type\" content=\"image\/webp\" \/>\n<meta name=\"twitter:card\" content=\"summary_large_image\" \/>\n<meta name=\"twitter:label1\" content=\"pre\u00e7o\" \/>\n\t<meta name=\"twitter:data1\" content=\"&euro;40.00\" \/>\n\t<meta name=\"twitter:label2\" content=\"Disponibilidade\" \/>\n\t<meta name=\"twitter:data2\" content=\"Esgotado\" \/>\n<script type=\"application\/ld+json\" class=\"yoast-schema-graph\">{\"@context\":\"https:\\\/\\\/schema.org\",\"@graph\":[{\"@type\":\"WebPage\",\"@id\":\"https:\\\/\\\/iberoid-shop.com\\\/pt\\\/product\\\/testosteron-cypionate-driada\\\/\",\"url\":\"https:\\\/\\\/iberoid-shop.com\\\/pt\\\/product\\\/testosteron-cypionate-driada\\\/\",\"name\":\"Cypilos 250 mg\\\/ml (Testosterone Cypionate) - Ester\u00f3ides Online\",\"isPartOf\":{\"@id\":\"https:\\\/\\\/iberoid-shop.com\\\/pt\\\/#website\"},\"primaryImageOfPage\":{\"@id\":\"https:\\\/\\\/iberoid-shop.com\\\/pt\\\/product\\\/testosteron-cypionate-driada\\\/#primaryimage\"},\"image\":{\"@id\":\"https:\\\/\\\/iberoid-shop.com\\\/pt\\\/product\\\/testosteron-cypionate-driada\\\/#primaryimage\"},\"thumbnailUrl\":\"https:\\\/\\\/iberoid-shop.com\\\/wp-content\\\/uploads\\\/2024\\\/10\\\/driada-cipi.webp\",\"datePublished\":\"2024-10-20T10:12:34+00:00\",\"dateModified\":\"2024-11-18T15:13:02+00:00\",\"breadcrumb\":{\"@id\":\"https:\\\/\\\/iberoid-shop.com\\\/pt\\\/product\\\/testosteron-cypionate-driada\\\/#breadcrumb\"},\"inLanguage\":\"pt-PT\",\"potentialAction\":[{\"@type\":\"ReadAction\",\"target\":[[\"https:\\\/\\\/iberoid-shop.com\\\/pt\\\/product\\\/testosteron-cypionate-driada\\\/\"]]}]},{\"@type\":\"ImageObject\",\"inLanguage\":\"pt-PT\",\"@id\":\"https:\\\/\\\/iberoid-shop.com\\\/pt\\\/product\\\/testosteron-cypionate-driada\\\/#primaryimage\",\"url\":\"https:\\\/\\\/iberoid-shop.com\\\/wp-content\\\/uploads\\\/2024\\\/10\\\/driada-cipi.webp\",\"contentUrl\":\"https:\\\/\\\/iberoid-shop.com\\\/wp-content\\\/uploads\\\/2024\\\/10\\\/driada-cipi.webp\",\"width\":2000,\"height\":2000},{\"@type\":\"BreadcrumbList\",\"@id\":\"https:\\\/\\\/iberoid-shop.com\\\/pt\\\/product\\\/testosteron-cypionate-driada\\\/#breadcrumb\",\"itemListElement\":[{\"@type\":\"ListItem\",\"position\":1,\"name\":\"Portada\",\"item\":\"https:\\\/\\\/iberoid-shop.com\\\/pt\\\/\"},{\"@type\":\"ListItem\",\"position\":2,\"name\":\"Loja\",\"item\":\"https:\\\/\\\/iberoid-shop.com\\\/pt\\\/shop\\\/\"},{\"@type\":\"ListItem\",\"position\":3,\"name\":\"Cypilos 250 mg\\\/ml (Testosterone Cypionate)\"}]},{\"@type\":\"WebSite\",\"@id\":\"https:\\\/\\\/iberoid-shop.com\\\/pt\\\/#website\",\"url\":\"https:\\\/\\\/iberoid-shop.com\\\/pt\\\/\",\"name\":\"Ester\u00f3ides Online\",\"description\":\"Compre ester\u00f3ides online hoje em Espanha e Portugal. Temos o melhor servi\u00e7o ao cliente do setor e produtos da mais alta qualidade\",\"potentialAction\":[{\"@type\":\"SearchAction\",\"target\":{\"@type\":\"EntryPoint\",\"urlTemplate\":\"https:\\\/\\\/iberoid-shop.com\\\/pt\\\/?s={search_term_string}\"},\"query-input\":{\"@type\":\"PropertyValueSpecification\",\"valueRequired\":true,\"valueName\":\"search_term_string\"}}],\"inLanguage\":\"pt-PT\"}]}<\/script>\n<meta property=\"product:brand\" content=\"Driada\" \/>\n<meta property=\"product:price:amount\" content=\"40.00\" \/>\n<meta property=\"product:price:currency\" content=\"EUR\" \/>\n<meta property=\"og:availability\" content=\"out of stock\" \/>\n<meta property=\"product:availability\" content=\"out of stock\" \/>\n<meta property=\"product:condition\" content=\"new\" \/>\n<!-- \/ Yoast SEO Premium plugin. -->","yoast_head_json":{"title":"Cypilos 250 mg\/ml (Testosterone Cypionate) - Ester\u00f3ides Online","robots":{"index":"index","follow":"follow","max-snippet":"max-snippet:-1","max-image-preview":"max-image-preview:large","max-video-preview":"max-video-preview:-1"},"canonical":"https:\/\/iberoid-shop.com\/pt\/product\/testosteron-cypionate-driada\/","og_locale":"pt_PT","og_type":"article","og_title":"Cypilos 250 mg\/ml (Testosterone Cypionate)","og_description":"Princ\u00edpio ativo:\u00a0Cipionato de Testosterona Tipo:\u00a0Ester\u00f3ide anabolizante (derivado da testosterona) Formul\u00e1rio:\u00a0Inje\u00e7\u00f5es \u00d3leo transportador:\u00a0\u00f3leo de gergelim O que \u00e9 cipionato de testosterona?","og_url":"https:\/\/iberoid-shop.com\/pt\/product\/testosteron-cypionate-driada\/","og_site_name":"Ester\u00f3ides Online","article_modified_time":"2024-11-18T15:13:02+00:00","og_image":[{"width":2000,"height":2000,"url":"https:\/\/iberoid-shop.com\/wp-content\/uploads\/2024\/10\/driada-cipi.webp","type":"image\/webp"}],"twitter_card":"summary_large_image","twitter_misc":{"pre\u00e7o":"&euro;40.00","Disponibilidade":"Esgotado"},"schema":{"@context":"https:\/\/schema.org","@graph":[{"@type":"WebPage","@id":"https:\/\/iberoid-shop.com\/pt\/product\/testosteron-cypionate-driada\/","url":"https:\/\/iberoid-shop.com\/pt\/product\/testosteron-cypionate-driada\/","name":"Cypilos 250 mg\/ml (Testosterone Cypionate) - Ester\u00f3ides Online","isPartOf":{"@id":"https:\/\/iberoid-shop.com\/pt\/#website"},"primaryImageOfPage":{"@id":"https:\/\/iberoid-shop.com\/pt\/product\/testosteron-cypionate-driada\/#primaryimage"},"image":{"@id":"https:\/\/iberoid-shop.com\/pt\/product\/testosteron-cypionate-driada\/#primaryimage"},"thumbnailUrl":"https:\/\/iberoid-shop.com\/wp-content\/uploads\/2024\/10\/driada-cipi.webp","datePublished":"2024-10-20T10:12:34+00:00","dateModified":"2024-11-18T15:13:02+00:00","breadcrumb":{"@id":"https:\/\/iberoid-shop.com\/pt\/product\/testosteron-cypionate-driada\/#breadcrumb"},"inLanguage":"pt-PT","potentialAction":[{"@type":"ReadAction","target":[["https:\/\/iberoid-shop.com\/pt\/product\/testosteron-cypionate-driada\/"]]}]},{"@type":"ImageObject","inLanguage":"pt-PT","@id":"https:\/\/iberoid-shop.com\/pt\/product\/testosteron-cypionate-driada\/#primaryimage","url":"https:\/\/iberoid-shop.com\/wp-content\/uploads\/2024\/10\/driada-cipi.webp","contentUrl":"https:\/\/iberoid-shop.com\/wp-content\/uploads\/2024\/10\/driada-cipi.webp","width":2000,"height":2000},{"@type":"BreadcrumbList","@id":"https:\/\/iberoid-shop.com\/pt\/product\/testosteron-cypionate-driada\/#breadcrumb","itemListElement":[{"@type":"ListItem","position":1,"name":"Portada","item":"https:\/\/iberoid-shop.com\/pt\/"},{"@type":"ListItem","position":2,"name":"Loja","item":"https:\/\/iberoid-shop.com\/pt\/shop\/"},{"@type":"ListItem","position":3,"name":"Cypilos 250 mg\/ml (Testosterone Cypionate)"}]},{"@type":"WebSite","@id":"https:\/\/iberoid-shop.com\/pt\/#website","url":"https:\/\/iberoid-shop.com\/pt\/","name":"Ester\u00f3ides Online","description":"Compre ester\u00f3ides online hoje em Espanha e Portugal. Temos o melhor servi\u00e7o ao cliente do setor e produtos da mais alta qualidade","potentialAction":[{"@type":"SearchAction","target":{"@type":"EntryPoint","urlTemplate":"https:\/\/iberoid-shop.com\/pt\/?s={search_term_string}"},"query-input":{"@type":"PropertyValueSpecification","valueRequired":true,"valueName":"search_term_string"}}],"inLanguage":"pt-PT"}]},"product_brand":"Driada","product_price_amount":"40.00","product_price_currency":"EUR","og_availability":"out of stock","product_availability":"out of stock","product_condition":"new"},"_links":{"self":[{"href":"https:\/\/iberoid-shop.com\/pt\/wp-json\/wp\/v2\/product\/9717","targetHints":{"allow":["GET"]}}],"collection":[{"href":"https:\/\/iberoid-shop.com\/pt\/wp-json\/wp\/v2\/product"}],"about":[{"href":"https:\/\/iberoid-shop.com\/pt\/wp-json\/wp\/v2\/types\/product"}],"replies":[{"embeddable":true,"href":"https:\/\/iberoid-shop.com\/pt\/wp-json\/wp\/v2\/comments?post=9717"}],"wp:featuredmedia":[{"embeddable":true,"href":"https:\/\/iberoid-shop.com\/pt\/wp-json\/wp\/v2\/media\/9719"}],"wp:attachment":[{"href":"https:\/\/iberoid-shop.com\/pt\/wp-json\/wp\/v2\/media?parent=9717"}],"wp:term":[{"taxonomy":"product_brand","embeddable":true,"href":"https:\/\/iberoid-shop.com\/pt\/wp-json\/wp\/v2\/product_brand?post=9717"},{"taxonomy":"product_cat","embeddable":true,"href":"https:\/\/iberoid-shop.com\/pt\/wp-json\/wp\/v2\/product_cat?post=9717"},{"taxonomy":"product_tag","embeddable":true,"href":"https:\/\/iberoid-shop.com\/pt\/wp-json\/wp\/v2\/product_tag?post=9717"}],"curies":[{"name":"wp","href":"https:\/\/api.w.org\/{rel}","templated":true}]}}