{"id":9646,"date":"2024-09-15T12:19:08","date_gmt":"2024-09-15T12:19:08","guid":{"rendered":"https:\/\/iberoid-shop.com\/?post_type=product&#038;p=9646"},"modified":"2026-02-16T11:35:02","modified_gmt":"2026-02-16T11:35:02","slug":"oxandrolone-10mg-imperia-labs","status":"publish","type":"product","link":"https:\/\/iberoid-shop.com\/pt\/product\/oxandrolone-10mg-imperia-labs\/","title":{"rendered":"Oxandrolone 10mg"},"content":{"rendered":"<p>A oxandrolona \u00e9 um ester\u00f3ide artificial, semelhante \u00e0 hormona testosterona no corpo humano. A subst\u00e2ncia ativa deste medicamento \u00e9, na verdade, a oxandrolona, \u200b\u200bque \u00e9 utilizada em medicina para ajudar as pessoas que n\u00e3o conseguem ganhar ou manter uma quantidade razo\u00e1vel de peso por raz\u00f5es m\u00e9dicas. Este medicamento pode ajudar na recupera\u00e7\u00e3o do peso perdido ap\u00f3s opera\u00e7\u00f5es cl\u00ednicas, les\u00f5es graves ou doen\u00e7as persistentes. \u00c9 utilizado de forma semelhante para interromper a atrofia muscular e reduzir o enfraquecimento \u00f3sseo em pessoas com osteoporose.<\/p>\n<p>Efeitos da Oxandrolona<\/p>\n<p>A oxandrolona \u00e9 considerada um dos melhores medicamentos para uso feminino, pois em doses moderadas n\u00e3o provoca masculiniza\u00e7\u00e3o. A oxandrolona \u00e9 mais adequada para quem pretende aumentar as suas capacidades de for\u00e7a e adquirir alguns quilos de boa massa muscular. O aumento dos indicadores de for\u00e7a \u00e9 explicado pela s\u00edntese de fosfato de creatina. Os m\u00fasculos do atleta n\u00e3o acumulam \u00e1gua durante a utiliza\u00e7\u00e3o da Oxandrolona, \u200b\u200b\u200b\u200bo que possibilita o aumento de for\u00e7a sem aumento repentino de massa. Para muitos atletas isto \u00e9 muito importante, pois permite aumentar a for\u00e7a sem alterar a categoria de peso.<\/p>\n<p>O m\u00e9todo adequado de tomar oxandrolona<\/p>\n<p>A oxandrolona \u00e9 normalmente tomada por um per\u00edodo m\u00e1ximo de 4-6 semanas. A dose inicial recomendada \u00e9 de 40-50 mg por dia, dividida em duas tomas, para que possa sentir o efeito da toma de Anavar. Pode ser utilizado por mulheres em dosagens de 10-20mg por dia. N\u00e3o \u00e9 aconselh\u00e1vel tomar Oxandrolona em dosagens mais elevadas ou durante mais tempo do que o recomendado. N\u00e3o aumentar\u00e1 a efic\u00e1cia, mas apenas aumentar\u00e1 os efeitos secund\u00e1rios. A oxandrolona em ciclo solo \u00e9 capaz de provocar um aumento de peso bastante forte, mas apenas em principiantes cujo organismo ainda n\u00e3o est\u00e1 habituado ao uso de ester\u00f3ides. No entanto, se combinar adequadamente a Oxandrolona com outros medicamentos, poder\u00e1 fortalecer mutuamente o seu efeito e obter um excelente resultado sob a forma de aumento do peso corporal.<\/p>\n<p>Ciclos combinados<\/p>\n<p>A oxandrolona combina perfeitamente com quase todos os ester\u00f3ides, ao mesmo tempo que proporciona um forte efeito sin\u00e9rgico (aumenta o efeito de outro ester\u00f3ide no processo de ganho de massa, por sua vez, outro ester\u00f3ide aumenta o efeito da Oxandrolona no aumento de for\u00e7a). Se \u00e9 principiante, uma combina\u00e7\u00e3o de Oxandrolona + Primobolan (ou Boldenona) ser\u00e1 uma excelente combina\u00e7\u00e3o para si. Esta combina\u00e7\u00e3o aumentar\u00e1 as capacidades energ\u00e9ticas e com a sua ajuda poder\u00e1 ganhar um peso significativo. Al\u00e9m disso, ser\u00e1 relativamente seguro em termos de efeitos secund\u00e1rios. Aqueles que j\u00e1 tomaram ester\u00f3ides (em particular, Oxandrolona) podem fazer um ciclo combinado de Durateston (250-500mg por semana) e Oxandrolona (30-40mg por dia). Muitos olhar\u00e3o para tal combina\u00e7\u00e3o com ironia, acreditando que a Oxandrolona n\u00e3o tem lugar em combina\u00e7\u00e3o com um ester\u00f3ide t\u00e3o forte como o Sustanon, mas com tal combina\u00e7\u00e3o, a Oxandrolona revela o seu potencial de poder, ao mesmo tempo que ajuda o Sustanon a funcionar de forma mais eficiente. N\u00e3o \u00e9 dif\u00edcil compreender que nesta dupla o Sustanon \u00e9 respons\u00e1vel pelo crescimento da fibra muscular, processos de recupera\u00e7\u00e3o e indicadores de for\u00e7a, sendo que a Oxandrolona potencia v\u00e1rias vezes estes efeitos.<\/p>","protected":false},"excerpt":{"rendered":"<p>A oxandrolona \u00e9 um ester\u00f3ide artificial, semelhante \u00e0 hormona testosterona no corpo humano. A subst\u00e2ncia ativa deste medicamento \u00e9, na<\/p>\n","protected":false},"featured_media":9647,"comment_status":"open","ping_status":"closed","template":"","meta":[],"product_brand":[3532],"product_cat":[73],"product_tag":[],"class_list":{"0":"post-9646","1":"product","2":"type-product","3":"status-publish","4":"has-post-thumbnail","6":"product_brand-imperia-labs","7":"product_cat-ssteroides_orales","9":"first","10":"instock","11":"sale","12":"shipping-taxable","13":"purchasable","14":"product-type-simple"},"yoast_head":"<!-- This site is optimized with the Yoast SEO Premium plugin v24.4 (Yoast SEO v27.0) - https:\/\/yoast.com\/product\/yoast-seo-premium-wordpress\/ -->\n<title>Oxandrolone 10mg - Ester\u00f3ides Online<\/title>\n<meta name=\"description\" content=\"Oxandrolona, um esteroide sint\u00e9tico semelhante \u00e0 testosterona, ajuda a ganhar peso, previne a perda muscular e aumenta a for\u00e7a sem reten\u00e7\u00e3o de \u00e1gua, ideal para atletas.\" \/>\n<meta name=\"robots\" content=\"index, follow, max-snippet:-1, max-image-preview:large, max-video-preview:-1\" \/>\n<link rel=\"canonical\" href=\"https:\/\/iberoid-shop.com\/pt\/product\/oxandrolone-10mg-imperia-labs\/\" \/>\n<meta property=\"og:locale\" content=\"pt_PT\" \/>\n<meta property=\"og:type\" content=\"article\" \/>\n<meta property=\"og:title\" content=\"Oxandrolone 10mg\" \/>\n<meta property=\"og:description\" content=\"Oxandrolona, um esteroide sint\u00e9tico semelhante \u00e0 testosterona, ajuda a ganhar peso, previne a perda muscular e aumenta a for\u00e7a sem reten\u00e7\u00e3o de \u00e1gua, ideal para atletas.\" \/>\n<meta property=\"og:url\" content=\"https:\/\/iberoid-shop.com\/pt\/product\/oxandrolone-10mg-imperia-labs\/\" \/>\n<meta property=\"og:site_name\" content=\"Ester\u00f3ides Online\" \/>\n<meta property=\"article:modified_time\" content=\"2026-02-16T11:35:02+00:00\" \/>\n<meta property=\"og:image\" content=\"https:\/\/iberoid-shop.com\/wp-content\/uploads\/2024\/09\/Imperia-Labs-Oxandrolone-10.jpg?v=1726402738\" \/>\n\t<meta property=\"og:image:width\" content=\"2560\" \/>\n\t<meta property=\"og:image:height\" content=\"1707\" \/>\n\t<meta property=\"og:image:type\" content=\"image\/jpeg\" \/>\n<meta name=\"twitter:card\" content=\"summary_large_image\" \/>\n<meta name=\"twitter:label1\" content=\"pre\u00e7o\" \/>\n\t<meta name=\"twitter:data1\" content=\"&euro;75.00\" \/>\n\t<meta name=\"twitter:label2\" content=\"Disponibilidade\" \/>\n\t<meta name=\"twitter:data2\" content=\"Em stock\" \/>\n<script type=\"application\/ld+json\" class=\"yoast-schema-graph\">{\"@context\":\"https:\/\/schema.org\",\"@graph\":[{\"@type\":\"WebPage\",\"@id\":\"https:\/\/iberoid-shop.com\/pt\/product\/oxandrolone-10mg-imperia-labs\/\",\"url\":\"https:\/\/iberoid-shop.com\/pt\/product\/oxandrolone-10mg-imperia-labs\/\",\"name\":\"Oxandrolone 10mg - Ester\u00f3ides Online\",\"isPartOf\":{\"@id\":\"https:\/\/iberoid-shop.com\/pt\/#website\"},\"primaryImageOfPage\":{\"@id\":\"https:\/\/iberoid-shop.com\/pt\/product\/oxandrolone-10mg-imperia-labs\/#primaryimage\"},\"image\":{\"@id\":\"https:\/\/iberoid-shop.com\/pt\/product\/oxandrolone-10mg-imperia-labs\/#primaryimage\"},\"thumbnailUrl\":\"https:\/\/iberoid-shop.com\/wp-content\/uploads\/2024\/09\/Imperia-Labs-Oxandrolone-10.jpg?v=1726402738\",\"datePublished\":\"2024-09-15T12:19:08+00:00\",\"dateModified\":\"2026-02-16T11:35:02+00:00\",\"description\":\"Oxandrolona, um esteroide sint\u00e9tico semelhante \u00e0 testosterona, ajuda a ganhar peso, previne a perda muscular e aumenta a for\u00e7a sem reten\u00e7\u00e3o de \u00e1gua, ideal para atletas.\",\"breadcrumb\":{\"@id\":\"https:\/\/iberoid-shop.com\/pt\/product\/oxandrolone-10mg-imperia-labs\/#breadcrumb\"},\"inLanguage\":\"pt-PT\",\"potentialAction\":[{\"@type\":\"ReadAction\",\"target\":[[\"https:\/\/iberoid-shop.com\/pt\/product\/oxandrolone-10mg-imperia-labs\/\"]]}]},{\"@type\":\"ImageObject\",\"inLanguage\":\"pt-PT\",\"@id\":\"https:\/\/iberoid-shop.com\/pt\/product\/oxandrolone-10mg-imperia-labs\/#primaryimage\",\"url\":\"https:\/\/iberoid-shop.com\/wp-content\/uploads\/2024\/09\/Imperia-Labs-Oxandrolone-10.jpg?v=1726402738\",\"contentUrl\":\"https:\/\/iberoid-shop.com\/wp-content\/uploads\/2024\/09\/Imperia-Labs-Oxandrolone-10.jpg?v=1726402738\",\"width\":2560,\"height\":1707},{\"@type\":\"BreadcrumbList\",\"@id\":\"https:\/\/iberoid-shop.com\/pt\/product\/oxandrolone-10mg-imperia-labs\/#breadcrumb\",\"itemListElement\":[{\"@type\":\"ListItem\",\"position\":1,\"name\":\"Portada\",\"item\":\"https:\/\/iberoid-shop.com\/pt\/\"},{\"@type\":\"ListItem\",\"position\":2,\"name\":\"Loja\",\"item\":\"https:\/\/iberoid-shop.com\/pt\/shop\/\"},{\"@type\":\"ListItem\",\"position\":3,\"name\":\"Oxandrolone 10mg\"}]},{\"@type\":\"WebSite\",\"@id\":\"https:\/\/iberoid-shop.com\/pt\/#website\",\"url\":\"https:\/\/iberoid-shop.com\/pt\/\",\"name\":\"Ester\u00f3ides Online\",\"description\":\"Compre ester\u00f3ides online hoje em Espanha e Portugal. Temos o melhor servi\u00e7o ao cliente do setor e produtos da mais alta qualidade\",\"potentialAction\":[{\"@type\":\"SearchAction\",\"target\":{\"@type\":\"EntryPoint\",\"urlTemplate\":\"https:\/\/iberoid-shop.com\/pt\/?s={search_term_string}\"},\"query-input\":{\"@type\":\"PropertyValueSpecification\",\"valueRequired\":true,\"valueName\":\"search_term_string\"}}],\"inLanguage\":\"pt-PT\"}]}<\/script>\n<meta property=\"product:brand\" content=\"IMPERIA LABS\" \/>\n<meta property=\"product:price:amount\" content=\"75.00\" \/>\n<meta property=\"product:price:currency\" content=\"EUR\" \/>\n<meta property=\"og:availability\" content=\"instock\" \/>\n<meta property=\"product:availability\" content=\"instock\" \/>\n<meta property=\"product:condition\" content=\"new\" \/>\n<!-- \/ Yoast SEO Premium plugin. -->","yoast_head_json":{"title":"Oxandrolone 10mg - Ester\u00f3ides Online","description":"Oxandrolona, um esteroide sint\u00e9tico semelhante \u00e0 testosterona, ajuda a ganhar peso, previne a perda muscular e aumenta a for\u00e7a sem reten\u00e7\u00e3o de \u00e1gua, ideal para atletas.","robots":{"index":"index","follow":"follow","max-snippet":"max-snippet:-1","max-image-preview":"max-image-preview:large","max-video-preview":"max-video-preview:-1"},"canonical":"https:\/\/iberoid-shop.com\/pt\/product\/oxandrolone-10mg-imperia-labs\/","og_locale":"pt_PT","og_type":"article","og_title":"Oxandrolone 10mg","og_description":"Oxandrolona, um esteroide sint\u00e9tico semelhante \u00e0 testosterona, ajuda a ganhar peso, previne a perda muscular e aumenta a for\u00e7a sem reten\u00e7\u00e3o de \u00e1gua, ideal para atletas.","og_url":"https:\/\/iberoid-shop.com\/pt\/product\/oxandrolone-10mg-imperia-labs\/","og_site_name":"Ester\u00f3ides Online","article_modified_time":"2026-02-16T11:35:02+00:00","og_image":[{"width":2560,"height":1707,"url":"https:\/\/iberoid-shop.com\/wp-content\/uploads\/2024\/09\/Imperia-Labs-Oxandrolone-10.jpg?v=1726402738","type":"image\/jpeg"}],"twitter_card":"summary_large_image","twitter_misc":{"pre\u00e7o":"&euro;75.00","Disponibilidade":"Em stock"},"schema":{"@context":"https:\/\/schema.org","@graph":[{"@type":"WebPage","@id":"https:\/\/iberoid-shop.com\/pt\/product\/oxandrolone-10mg-imperia-labs\/","url":"https:\/\/iberoid-shop.com\/pt\/product\/oxandrolone-10mg-imperia-labs\/","name":"Oxandrolone 10mg - Ester\u00f3ides Online","isPartOf":{"@id":"https:\/\/iberoid-shop.com\/pt\/#website"},"primaryImageOfPage":{"@id":"https:\/\/iberoid-shop.com\/pt\/product\/oxandrolone-10mg-imperia-labs\/#primaryimage"},"image":{"@id":"https:\/\/iberoid-shop.com\/pt\/product\/oxandrolone-10mg-imperia-labs\/#primaryimage"},"thumbnailUrl":"https:\/\/iberoid-shop.com\/wp-content\/uploads\/2024\/09\/Imperia-Labs-Oxandrolone-10.jpg?v=1726402738","datePublished":"2024-09-15T12:19:08+00:00","dateModified":"2026-02-16T11:35:02+00:00","description":"Oxandrolona, um esteroide sint\u00e9tico semelhante \u00e0 testosterona, ajuda a ganhar peso, previne a perda muscular e aumenta a for\u00e7a sem reten\u00e7\u00e3o de \u00e1gua, ideal para atletas.","breadcrumb":{"@id":"https:\/\/iberoid-shop.com\/pt\/product\/oxandrolone-10mg-imperia-labs\/#breadcrumb"},"inLanguage":"pt-PT","potentialAction":[{"@type":"ReadAction","target":[["https:\/\/iberoid-shop.com\/pt\/product\/oxandrolone-10mg-imperia-labs\/"]]}]},{"@type":"ImageObject","inLanguage":"pt-PT","@id":"https:\/\/iberoid-shop.com\/pt\/product\/oxandrolone-10mg-imperia-labs\/#primaryimage","url":"https:\/\/iberoid-shop.com\/wp-content\/uploads\/2024\/09\/Imperia-Labs-Oxandrolone-10.jpg?v=1726402738","contentUrl":"https:\/\/iberoid-shop.com\/wp-content\/uploads\/2024\/09\/Imperia-Labs-Oxandrolone-10.jpg?v=1726402738","width":2560,"height":1707},{"@type":"BreadcrumbList","@id":"https:\/\/iberoid-shop.com\/pt\/product\/oxandrolone-10mg-imperia-labs\/#breadcrumb","itemListElement":[{"@type":"ListItem","position":1,"name":"Portada","item":"https:\/\/iberoid-shop.com\/pt\/"},{"@type":"ListItem","position":2,"name":"Loja","item":"https:\/\/iberoid-shop.com\/pt\/shop\/"},{"@type":"ListItem","position":3,"name":"Oxandrolone 10mg"}]},{"@type":"WebSite","@id":"https:\/\/iberoid-shop.com\/pt\/#website","url":"https:\/\/iberoid-shop.com\/pt\/","name":"Ester\u00f3ides Online","description":"Compre ester\u00f3ides online hoje em Espanha e Portugal. Temos o melhor servi\u00e7o ao cliente do setor e produtos da mais alta qualidade","potentialAction":[{"@type":"SearchAction","target":{"@type":"EntryPoint","urlTemplate":"https:\/\/iberoid-shop.com\/pt\/?s={search_term_string}"},"query-input":{"@type":"PropertyValueSpecification","valueRequired":true,"valueName":"search_term_string"}}],"inLanguage":"pt-PT"}]},"product_brand":"IMPERIA LABS","product_price_amount":"75.00","product_price_currency":"EUR","og_availability":"instock","product_availability":"instock","product_condition":"new"},"_links":{"self":[{"href":"https:\/\/iberoid-shop.com\/pt\/wp-json\/wp\/v2\/product\/9646","targetHints":{"allow":["GET"]}}],"collection":[{"href":"https:\/\/iberoid-shop.com\/pt\/wp-json\/wp\/v2\/product"}],"about":[{"href":"https:\/\/iberoid-shop.com\/pt\/wp-json\/wp\/v2\/types\/product"}],"replies":[{"embeddable":true,"href":"https:\/\/iberoid-shop.com\/pt\/wp-json\/wp\/v2\/comments?post=9646"}],"wp:featuredmedia":[{"embeddable":true,"href":"https:\/\/iberoid-shop.com\/pt\/wp-json\/wp\/v2\/media\/9647"}],"wp:attachment":[{"href":"https:\/\/iberoid-shop.com\/pt\/wp-json\/wp\/v2\/media?parent=9646"}],"wp:term":[{"taxonomy":"product_brand","embeddable":true,"href":"https:\/\/iberoid-shop.com\/pt\/wp-json\/wp\/v2\/product_brand?post=9646"},{"taxonomy":"product_cat","embeddable":true,"href":"https:\/\/iberoid-shop.com\/pt\/wp-json\/wp\/v2\/product_cat?post=9646"},{"taxonomy":"product_tag","embeddable":true,"href":"https:\/\/iberoid-shop.com\/pt\/wp-json\/wp\/v2\/product_tag?post=9646"}],"curies":[{"name":"wp","href":"https:\/\/api.w.org\/{rel}","templated":true}]}}