{"id":9617,"date":"2024-08-06T19:45:14","date_gmt":"2024-08-06T19:45:14","guid":{"rendered":"https:\/\/iberoid-shop.com\/?post_type=product&#038;p=9617"},"modified":"2026-04-04T09:23:28","modified_gmt":"2026-04-04T09:23:28","slug":"soma-160-somatropine","status":"publish","type":"product","link":"https:\/\/iberoid-shop.com\/pt\/product\/soma-160-somatropine\/","title":{"rendered":"SOMA 160 \/ SOMATROPINA"},"content":{"rendered":"<p><strong>SOMA 160 \/ SOMATROPINA <\/strong>\u00e9 uma forma de horm\u00f4nio do crescimento humano importante para o crescimento dos ossos e m\u00fasculos.<\/p>\n<p>SOMA 160 \/ SOMATROPINA \u00e9 usado para tratar defici\u00eancia de crescimento em crian\u00e7as e adultos com falta de horm\u00f4nio de crescimento natural. Isto inclui pessoas com baixa estatura devido \u00e0 s\u00edndrome de Noonan, s\u00edndrome de Turner, s\u00edndrome de Prader-Willi, baixa estatura ao nascer sem recupera\u00e7\u00e3o de crescimento e outras causas.<\/p>\n<p>A somatropina tamb\u00e9m \u00e9 usada em adultos para tratar a s\u00edndrome do intestino curto ou para prevenir a perda grave de peso relacionada \u00e0 AIDS.<\/p>\n<p>A somatropina tamb\u00e9m pode ser usada para fins n\u00e3o listados neste guia de medica\u00e7\u00e3o.<\/p>\n<p><strong>Efeitos colaterais de SOMA 160 \/ SOMATROPINA<\/strong><\/p>\n<p>Obtenha ajuda m\u00e9dica de emerg\u00eancia se tiver <strong>sinais de rea\u00e7\u00e3o al\u00e9rgica <\/strong>: urtic\u00e1ria; respira\u00e7\u00e3o dif\u00edcil; incha\u00e7o do rosto, l\u00e1bios, l\u00edngua ou garganta.<\/p>\n<p>Podem ocorrer problemas respirat\u00f3rios graves em pacientes com s\u00edndrome de Prader-Willi que usam somatropina. <strong>Se voc\u00ea tem s\u00edndrome de Prader-Willi <\/strong>, ligue para seu m\u00e9dico imediatamente se desenvolver sinais de problemas pulmonares ou respirat\u00f3rios, como falta de ar, tosse ou ronco novo ou aumentado.<\/p>\n<p>Ligue tamb\u00e9m para o seu m\u00e9dico imediatamente se voc\u00ea tiver:<\/p>\n<ul>\n<li>dor nos joelhos ou quadris, andar mancando;<\/li>\n<li>dor de ouvido, incha\u00e7o, calor ou drenagem;<\/li>\n<li>dorm\u00eancia ou formigamento no pulso, m\u00e3o ou dedos;<\/li>\n<li>incha\u00e7o grave ou incha\u00e7o nas m\u00e3os e p\u00e9s;<\/li>\n<li>mudan\u00e7as de comportamento;<\/li>\n<li>problemas de vis\u00e3o, dores de cabe\u00e7a incomuns;<\/li>\n<li>mudan\u00e7as na forma ou tamanho de uma toupeira;<\/li>\n<li>dor ou incha\u00e7o nas articula\u00e7\u00f5es;<\/li>\n<li>pancreatite \u2013 dor intensa na parte superior do est\u00f4mago que se espalha para as costas, n\u00e1useas e v\u00f4mitos;<\/li>\n<li>a\u00e7\u00facar elevado no sangue \u2013 aumento da sede, aumento da mic\u00e7\u00e3o, boca seca, h\u00e1lito frutado;<\/li>\n<li>aumento da press\u00e3o dentro do cr\u00e2nio \u2013 fortes dores de cabe\u00e7a, zumbidos nos ouvidos, tonturas, n\u00e1useas, problemas de vis\u00e3o, dor atr\u00e1s dos olhos; ou<\/li>\n<li>sinais de problema na gl\u00e2ndula adrenal \u2013 fraqueza extrema, tontura intensa, perda de peso, altera\u00e7\u00f5es na cor da pele, sensa\u00e7\u00e3o de fraqueza ou cansa\u00e7o.<\/li>\n<\/ul>\n<p><strong>Os efeitos colaterais comuns da somatropina podem incluir:<\/strong><\/p>\n<ul>\n<li>dor, coceira ou altera\u00e7\u00f5es na pele no local onde o medicamento foi injetado;<\/li>\n<li>incha\u00e7o, r\u00e1pido ganho de peso;<\/li>\n<li>dores musculares ou articulares;<\/li>\n<li>dorm\u00eancia ou formigamento;<\/li>\n<li>dor de est\u00f4mago, gases;<\/li>\n<li>dor de cabe\u00e7a, dor nas costas; ou<\/li>\n<li>sintomas de resfriado ou gripe, nariz entupido, espirros, dor de garganta, dor de ouvido.<\/li>\n<\/ul>\n<p>Esta n\u00e3o \u00e9 uma lista completa de efeitos colaterais e outros podem ocorrer. Ligue para seu m\u00e9dico para aconselhamento m\u00e9dico sobre os efeitos colaterais. Voc\u00ea pode relatar efeitos colaterais ao FDA pelo telefone 1-800-FDA-1088.<\/p>\n<p><strong>Avisos<\/strong><\/p>\n<p>Voc\u00ea n\u00e3o deve usar somatropina se tiver c\u00e2ncer, retinopatia diab\u00e9tica ou se estiver em tratamento para a s\u00edndrome de Prader-Willi e estiver acima do peso ou tiver problemas respirat\u00f3rios graves. Voc\u00ea n\u00e3o deve usar somatropina se tiver uma doen\u00e7a grave devido a insufici\u00eancia pulmonar ou complica\u00e7\u00f5es de cirurgia, les\u00e3o ou trauma m\u00e9dico recente.<\/p>\n<p><strong>Antes de tomar este medicamento<\/strong><\/p>\n<p>Voc\u00ea n\u00e3o deve usar somatropina se for al\u00e9rgico \u00e0 somatropina ou ao \u00e1lcool benz\u00edlico, ou se tiver:<\/p>\n<ul>\n<li>uma doen\u00e7a grave devido a insufici\u00eancia pulmonar ou complica\u00e7\u00f5es de cirurgia, les\u00e3o ou trauma m\u00e9dico recente;<\/li>\n<li>ep\u00edfises fechadas;<\/li>\n<li>c\u00e2ncer ativo;<\/li>\n<li>problemas oculares causados por diabetes (retinopatia diab\u00e9tica); ou<\/li>\n<li>voc\u00ea est\u00e1 sendo tratado para a s\u00edndrome de Prader-Willi e est\u00e1 acima do peso ou tem problemas respirat\u00f3rios graves (incluindo apn\u00e9ia do sono).<\/li>\n<\/ul>\n<p>Informe o seu m\u00e9dico se voc\u00ea j\u00e1 teve:<\/p>\n<ul>\n<li>c\u00e2ncer (especialmente durante a inf\u00e2ncia);<\/li>\n<li>diabetes;<\/li>\n<li>problemas respirat\u00f3rios, apneia do sono (a respira\u00e7\u00e3o p\u00e1ra durante o sono);<\/li>\n<li>um dist\u00farbio da gl\u00e2ndula pituit\u00e1ria;<\/li>\n<li>curvatura anormal da coluna vertebral (escoliose);<\/li>\n<li>tireoide hipoativa;<\/li>\n<li>um ferimento na cabe\u00e7a ou tumor cerebral; ou<\/li>\n<li>c\u00e2ncer cerebral infantil e tratamento com radia\u00e7\u00e3o.<\/li>\n<\/ul>\n<p>Em alguns casos, a somatropina n\u00e3o deve ser usada em crian\u00e7as. Certas marcas de somatropina cont\u00eam um ingrediente que pode causar efeitos colaterais graves ou morte em beb\u00eas muito pequenos ou prematuros. <strong>N\u00e3o d\u00ea este medicamento a uma crian\u00e7a sem orienta\u00e7\u00e3o m\u00e9dica.<\/strong><\/p>\n<p>Informe o seu m\u00e9dico se estiver gr\u00e1vida ou amamentando.<\/p>\n<p><strong>Como devo usar SOMA 160 \/ SOMATROPINA?<\/strong><\/p>\n<p>A sua dose e marca de somatropina, e a frequ\u00eancia com que a utiliza, depender\u00e3o da doen\u00e7a que est\u00e1 a tratar. Siga todas as instru\u00e7\u00f5es no r\u00f3tulo da prescri\u00e7\u00e3o e leia todos os guias de medicamentos ou folhas de instru\u00e7\u00f5es. Use o medicamento exatamente como indicado.<\/p>\n<p>A somatropina \u00e9 injetada no m\u00fasculo ou sob a pele. Um profissional de sa\u00fade pode ensin\u00e1-lo a usar o medicamento corretamente por conta pr\u00f3pria.<\/p>\n<p>N\u00e3o injete a inje\u00e7\u00e3o subcut\u00e2nea (sob a pele) no mesmo local duas vezes seguidas.<\/p>\n<p>Leia e siga cuidadosamente as instru\u00e7\u00f5es de uso fornecidas com o seu medicamento. N\u00e3o use somatropina se n\u00e3o compreender todas as instru\u00e7\u00f5es para uso adequado. Pergunte ao seu m\u00e9dico ou farmac\u00eautico se tiver d\u00favidas.<\/p>\n<p>Prepare a sua inje\u00e7\u00e3o apenas quando estiver pronto para administr\u00e1-la. N\u00e3o agite o medicamento. N\u00e3o use se o medicamento parecer turvo, tiver mudado de cor ou contiver part\u00edculas. Ligue para o seu farmac\u00eautico para obter novos medicamentos.<\/p>\n<p>Se o seu medicamento vier com uma seringa, cartucho ou caneta injet\u00e1vel, use apenas esse dispositivo para administrar o medicamento.<\/p>\n<p>Voc\u00ea pode precisar de exames m\u00e9dicos frequentes.<\/p>\n<p>Siga qualquer plano de dieta criado para voc\u00ea pelo seu m\u00e9dico ou conselheiro nutricional para ajudar a controlar sua condi\u00e7\u00e3o.<\/p>\n<p><strong>A forma como voc\u00ea armazena este medicamento depender\u00e1 da marca da somatropina e do diluente que voc\u00ea est\u00e1 usando. <\/strong>Pergunte ao seu farmac\u00eautico se tiver alguma d\u00favida sobre o armazenamento adequado do seu medicamento.<\/p>\n<p>Jogue fora qualquer somatropina que sobrar ap\u00f3s o prazo de validade indicado no r\u00f3tulo.<\/p>\n<p>Use uma agulha e seringa apenas uma vez e, em seguida, coloque-as em um recipiente para objetos cortantes \u00e0 prova de perfura\u00e7\u00f5es. Siga as leis estaduais ou locais sobre como descartar este recipiente. Mantenha-o fora do alcance de crian\u00e7as e animais de estima\u00e7\u00e3o.<\/p>","protected":false},"excerpt":{"rendered":"<p>SOMA 160 \/ SOMATROPINA \u00e9 uma forma de horm\u00f4nio do crescimento humano importante para o crescimento dos ossos e m\u00fasculos.<\/p>\n","protected":false},"featured_media":9618,"comment_status":"open","ping_status":"closed","template":"","meta":[],"product_brand":[],"product_cat":[76],"product_tag":[],"class_list":{"0":"post-9617","1":"product","2":"type-product","3":"status-publish","4":"has-post-thumbnail","6":"product_cat-hgh_peptido","8":"first","9":"instock","10":"sale","11":"shipping-taxable","12":"purchasable","13":"product-type-simple"},"yoast_head":"<!-- This site is optimized with the Yoast SEO Premium plugin v24.4 (Yoast SEO v27.3) - https:\/\/yoast.com\/product\/yoast-seo-premium-wordpress\/ -->\n<title>SOMA 160 \/ SOMATROPINA - Ester\u00f3ides Online<\/title>\n<meta name=\"description\" content=\"SOMA 160 \/ SOMATROPINA \u00e9 utilizado para tratar a defici\u00eancia de crescimento em crian\u00e7as e adultos que n\u00e3o t\u00eam hormona de crescimento natural. Isto inclui pessoas com baixa estatura devido\" \/>\n<meta name=\"robots\" content=\"index, follow, max-snippet:-1, max-image-preview:large, max-video-preview:-1\" \/>\n<link rel=\"canonical\" href=\"https:\/\/iberoid-shop.com\/pt\/product\/soma-160-somatropine\/\" \/>\n<meta property=\"og:locale\" content=\"pt_PT\" \/>\n<meta property=\"og:type\" content=\"article\" \/>\n<meta property=\"og:title\" content=\"SOMA 160 \/ SOMATROPINA\" \/>\n<meta property=\"og:description\" content=\"SOMA 160 \/ SOMATROPINA \u00e9 utilizado para tratar a defici\u00eancia de crescimento em crian\u00e7as e adultos que n\u00e3o t\u00eam hormona de crescimento natural. Isto inclui pessoas com baixa estatura devido\" \/>\n<meta property=\"og:url\" content=\"https:\/\/iberoid-shop.com\/pt\/product\/soma-160-somatropine\/\" \/>\n<meta property=\"og:site_name\" content=\"Ester\u00f3ides Online\" \/>\n<meta property=\"article:modified_time\" content=\"2026-04-04T09:23:28+00:00\" \/>\n<meta property=\"og:image\" content=\"https:\/\/iberoid-shop.com\/wp-content\/uploads\/2024\/08\/soma160.jpg?v=1722973485\" \/>\n\t<meta property=\"og:image:width\" content=\"1000\" \/>\n\t<meta property=\"og:image:height\" content=\"941\" \/>\n\t<meta property=\"og:image:type\" content=\"image\/jpeg\" \/>\n<meta name=\"twitter:card\" content=\"summary_large_image\" \/>\n<meta name=\"twitter:label1\" content=\"pre\u00e7o\" \/>\n\t<meta name=\"twitter:data1\" content=\"&euro;175.00\" \/>\n\t<meta name=\"twitter:label2\" content=\"Disponibilidade\" \/>\n\t<meta name=\"twitter:data2\" content=\"Em stock\" \/>\n<script type=\"application\/ld+json\" class=\"yoast-schema-graph\">{\"@context\":\"https:\\\/\\\/schema.org\",\"@graph\":[{\"@type\":\"WebPage\",\"@id\":\"https:\\\/\\\/iberoid-shop.com\\\/pt\\\/product\\\/soma-160-somatropine\\\/\",\"url\":\"https:\\\/\\\/iberoid-shop.com\\\/pt\\\/product\\\/soma-160-somatropine\\\/\",\"name\":\"SOMA 160 \\\/ SOMATROPINA - Ester\u00f3ides Online\",\"isPartOf\":{\"@id\":\"https:\\\/\\\/iberoid.com\\\/#website\"},\"primaryImageOfPage\":{\"@id\":\"https:\\\/\\\/iberoid-shop.com\\\/pt\\\/product\\\/soma-160-somatropine\\\/#primaryimage\"},\"image\":{\"@id\":\"https:\\\/\\\/iberoid-shop.com\\\/pt\\\/product\\\/soma-160-somatropine\\\/#primaryimage\"},\"thumbnailUrl\":\"https:\\\/\\\/iberoid-shop.com\\\/wp-content\\\/uploads\\\/2024\\\/08\\\/soma160.jpg?v=1722973485\",\"datePublished\":\"2024-08-06T19:45:14+00:00\",\"dateModified\":\"2026-04-04T09:23:28+00:00\",\"description\":\"SOMA 160 \\\/ SOMATROPINA \u00e9 utilizado para tratar a defici\u00eancia de crescimento em crian\u00e7as e adultos que n\u00e3o t\u00eam hormona de crescimento natural. Isto inclui pessoas com baixa estatura devido\",\"breadcrumb\":{\"@id\":\"https:\\\/\\\/iberoid-shop.com\\\/pt\\\/product\\\/soma-160-somatropine\\\/#breadcrumb\"},\"inLanguage\":\"pt-PT\",\"potentialAction\":[{\"@type\":\"ReadAction\",\"target\":[[\"https:\\\/\\\/iberoid-shop.com\\\/pt\\\/product\\\/soma-160-somatropine\\\/\"]]}]},{\"@type\":\"ImageObject\",\"inLanguage\":\"pt-PT\",\"@id\":\"https:\\\/\\\/iberoid-shop.com\\\/pt\\\/product\\\/soma-160-somatropine\\\/#primaryimage\",\"url\":\"https:\\\/\\\/iberoid-shop.com\\\/wp-content\\\/uploads\\\/2024\\\/08\\\/soma160.jpg?v=1722973485\",\"contentUrl\":\"https:\\\/\\\/iberoid-shop.com\\\/wp-content\\\/uploads\\\/2024\\\/08\\\/soma160.jpg?v=1722973485\",\"width\":1000,\"height\":941,\"caption\":\"SOMA 160 \\\/ SOMATROPINE\"},{\"@type\":\"BreadcrumbList\",\"@id\":\"https:\\\/\\\/iberoid-shop.com\\\/pt\\\/product\\\/soma-160-somatropine\\\/#breadcrumb\",\"itemListElement\":[{\"@type\":\"ListItem\",\"position\":1,\"name\":\"Portada\",\"item\":\"https:\\\/\\\/iberoid.com\\\/\"},{\"@type\":\"ListItem\",\"position\":2,\"name\":\"Loja\",\"item\":\"https:\\\/\\\/iberoid-shop.com\\\/pt\\\/shop\\\/\"},{\"@type\":\"ListItem\",\"position\":3,\"name\":\"SOMA 160 \\\/ SOMATROPINA\"}]},{\"@type\":\"WebSite\",\"@id\":\"https:\\\/\\\/iberoid.com\\\/#website\",\"url\":\"https:\\\/\\\/iberoid.com\\\/\",\"name\":\"Ester\u00f3ides Online\",\"description\":\"Compre ester\u00f3ides online hoje em Espanha e Portugal. Temos o melhor servi\u00e7o ao cliente do setor e produtos da mais alta qualidade\",\"potentialAction\":[{\"@type\":\"SearchAction\",\"target\":{\"@type\":\"EntryPoint\",\"urlTemplate\":\"https:\\\/\\\/iberoid.com\\\/?s={search_term_string}\"},\"query-input\":{\"@type\":\"PropertyValueSpecification\",\"valueRequired\":true,\"valueName\":\"search_term_string\"}}],\"inLanguage\":\"pt-PT\"}]}<\/script>\n<meta property=\"product:brand\" content=\"AdamLabs\" \/>\n<meta property=\"product:price:amount\" content=\"175.00\" \/>\n<meta property=\"product:price:currency\" content=\"EUR\" \/>\n<meta property=\"og:availability\" content=\"instock\" \/>\n<meta property=\"product:availability\" content=\"instock\" \/>\n<meta property=\"product:condition\" content=\"new\" \/>\n<!-- \/ Yoast SEO Premium plugin. -->","yoast_head_json":{"title":"SOMA 160 \/ SOMATROPINA - Ester\u00f3ides Online","description":"SOMA 160 \/ SOMATROPINA \u00e9 utilizado para tratar a defici\u00eancia de crescimento em crian\u00e7as e adultos que n\u00e3o t\u00eam hormona de crescimento natural. Isto inclui pessoas com baixa estatura devido","robots":{"index":"index","follow":"follow","max-snippet":"max-snippet:-1","max-image-preview":"max-image-preview:large","max-video-preview":"max-video-preview:-1"},"canonical":"https:\/\/iberoid-shop.com\/pt\/product\/soma-160-somatropine\/","og_locale":"pt_PT","og_type":"article","og_title":"SOMA 160 \/ SOMATROPINA","og_description":"SOMA 160 \/ SOMATROPINA \u00e9 utilizado para tratar a defici\u00eancia de crescimento em crian\u00e7as e adultos que n\u00e3o t\u00eam hormona de crescimento natural. Isto inclui pessoas com baixa estatura devido","og_url":"https:\/\/iberoid-shop.com\/pt\/product\/soma-160-somatropine\/","og_site_name":"Ester\u00f3ides Online","article_modified_time":"2026-04-04T09:23:28+00:00","og_image":[{"width":1000,"height":941,"url":"https:\/\/iberoid-shop.com\/wp-content\/uploads\/2024\/08\/soma160.jpg?v=1722973485","type":"image\/jpeg"}],"twitter_card":"summary_large_image","twitter_misc":{"pre\u00e7o":"&euro;175.00","Disponibilidade":"Em stock"},"schema":{"@context":"https:\/\/schema.org","@graph":[{"@type":"WebPage","@id":"https:\/\/iberoid-shop.com\/pt\/product\/soma-160-somatropine\/","url":"https:\/\/iberoid-shop.com\/pt\/product\/soma-160-somatropine\/","name":"SOMA 160 \/ SOMATROPINA - Ester\u00f3ides Online","isPartOf":{"@id":"https:\/\/iberoid.com\/#website"},"primaryImageOfPage":{"@id":"https:\/\/iberoid-shop.com\/pt\/product\/soma-160-somatropine\/#primaryimage"},"image":{"@id":"https:\/\/iberoid-shop.com\/pt\/product\/soma-160-somatropine\/#primaryimage"},"thumbnailUrl":"https:\/\/iberoid-shop.com\/wp-content\/uploads\/2024\/08\/soma160.jpg?v=1722973485","datePublished":"2024-08-06T19:45:14+00:00","dateModified":"2026-04-04T09:23:28+00:00","description":"SOMA 160 \/ SOMATROPINA \u00e9 utilizado para tratar a defici\u00eancia de crescimento em crian\u00e7as e adultos que n\u00e3o t\u00eam hormona de crescimento natural. Isto inclui pessoas com baixa estatura devido","breadcrumb":{"@id":"https:\/\/iberoid-shop.com\/pt\/product\/soma-160-somatropine\/#breadcrumb"},"inLanguage":"pt-PT","potentialAction":[{"@type":"ReadAction","target":[["https:\/\/iberoid-shop.com\/pt\/product\/soma-160-somatropine\/"]]}]},{"@type":"ImageObject","inLanguage":"pt-PT","@id":"https:\/\/iberoid-shop.com\/pt\/product\/soma-160-somatropine\/#primaryimage","url":"https:\/\/iberoid-shop.com\/wp-content\/uploads\/2024\/08\/soma160.jpg?v=1722973485","contentUrl":"https:\/\/iberoid-shop.com\/wp-content\/uploads\/2024\/08\/soma160.jpg?v=1722973485","width":1000,"height":941,"caption":"SOMA 160 \/ SOMATROPINE"},{"@type":"BreadcrumbList","@id":"https:\/\/iberoid-shop.com\/pt\/product\/soma-160-somatropine\/#breadcrumb","itemListElement":[{"@type":"ListItem","position":1,"name":"Portada","item":"https:\/\/iberoid.com\/"},{"@type":"ListItem","position":2,"name":"Loja","item":"https:\/\/iberoid-shop.com\/pt\/shop\/"},{"@type":"ListItem","position":3,"name":"SOMA 160 \/ SOMATROPINA"}]},{"@type":"WebSite","@id":"https:\/\/iberoid.com\/#website","url":"https:\/\/iberoid.com\/","name":"Ester\u00f3ides Online","description":"Compre ester\u00f3ides online hoje em Espanha e Portugal. Temos o melhor servi\u00e7o ao cliente do setor e produtos da mais alta qualidade","potentialAction":[{"@type":"SearchAction","target":{"@type":"EntryPoint","urlTemplate":"https:\/\/iberoid.com\/?s={search_term_string}"},"query-input":{"@type":"PropertyValueSpecification","valueRequired":true,"valueName":"search_term_string"}}],"inLanguage":"pt-PT"}]},"product_brand":"AdamLabs","product_price_amount":"175.00","product_price_currency":"EUR","og_availability":"instock","product_availability":"instock","product_condition":"new"},"_links":{"self":[{"href":"https:\/\/iberoid-shop.com\/pt\/wp-json\/wp\/v2\/product\/9617","targetHints":{"allow":["GET"]}}],"collection":[{"href":"https:\/\/iberoid-shop.com\/pt\/wp-json\/wp\/v2\/product"}],"about":[{"href":"https:\/\/iberoid-shop.com\/pt\/wp-json\/wp\/v2\/types\/product"}],"replies":[{"embeddable":true,"href":"https:\/\/iberoid-shop.com\/pt\/wp-json\/wp\/v2\/comments?post=9617"}],"wp:featuredmedia":[{"embeddable":true,"href":"https:\/\/iberoid-shop.com\/pt\/wp-json\/wp\/v2\/media\/9618"}],"wp:attachment":[{"href":"https:\/\/iberoid-shop.com\/pt\/wp-json\/wp\/v2\/media?parent=9617"}],"wp:term":[{"taxonomy":"product_brand","embeddable":true,"href":"https:\/\/iberoid-shop.com\/pt\/wp-json\/wp\/v2\/product_brand?post=9617"},{"taxonomy":"product_cat","embeddable":true,"href":"https:\/\/iberoid-shop.com\/pt\/wp-json\/wp\/v2\/product_cat?post=9617"},{"taxonomy":"product_tag","embeddable":true,"href":"https:\/\/iberoid-shop.com\/pt\/wp-json\/wp\/v2\/product_tag?post=9617"}],"curies":[{"name":"wp","href":"https:\/\/api.w.org\/{rel}","templated":true}]}}