{"id":9615,"date":"2024-08-06T19:42:41","date_gmt":"2024-08-06T19:42:41","guid":{"rendered":"https:\/\/iberoid-shop.com\/?post_type=product&#038;p=9615"},"modified":"2026-03-22T11:59:06","modified_gmt":"2026-03-22T11:59:06","slug":"eurotropin-100-iu","status":"publish","type":"product","link":"https:\/\/iberoid-shop.com\/pt\/product\/eurotropin-100-iu\/","title":{"rendered":"EUROTROPIN 100 IU"},"content":{"rendered":"<p><strong>EUROTROPIN 100 UI <\/strong>de Euro Prime Pharmaceuticals \u00e9 um daqueles medicamentos que, em combina\u00e7\u00e3o com ester\u00f3ides, podem transform\u00e1-lo num verdadeiro monstro muscular! A prote\u00e7\u00e3o contra falsifica\u00e7\u00e3o est\u00e1 presente. Comprar Eurotropin \u00e9 simplesmente necess\u00e1rio se voc\u00ea deseja fortalecer ossos, ligamentos e articula\u00e7\u00f5es, fortalecer a imunidade e ganhar massa muscular de qualidade.<\/p>\n<p><strong>Benef\u00edcios de usar EUROTROPIN EPF<\/strong><\/p>\n<ul>\n<li>reduz os dep\u00f3sitos de gordura, catalisa a lip\u00f3lise,<\/li>\n<li>aumenta a for\u00e7a f\u00edsica e aumenta a massa muscular,<\/li>\n<li>d\u00e1 uma sensa\u00e7\u00e3o de bem-estar,<\/li>\n<li>estabiliza e melhora o funcionamento do sistema cardiovascular,<\/li>\n<li>tem efeito fortalecedor, rejuvenesce o corpo,<\/li>\n<li>melhora a atividade cerebral,<\/li>\n<li>leva \u00e0 retomada da regenera\u00e7\u00e3o e desenvolvimento de alguns \u00f3rg\u00e3os que podem atrofiar com a idade,<\/li>\n<li>melhorar a condi\u00e7\u00e3o da pele, reduzir rugas,<\/li>\n<li>estimula a produ\u00e7\u00e3o de c\u00e9lulas da medula \u00f3ssea que produzem gl\u00f3bulos vermelhos,<\/li>\n<li>melhora a condi\u00e7\u00e3o do tecido \u00f3sseo,<\/li>\n<li>fortalece a imunidade.<\/li>\n<\/ul>\n<p><strong>Como usar EUROTROPIN 100 UI EPF?<\/strong><\/p>\n<p><strong>\u00c9 tomado 3 unidades por dia, pelo menos 3-4 meses.<\/strong><\/p>\n<p>N\u00e3o encontrou a resposta? A raz\u00e3o pode ser que durante os primeiros dois meses, um n\u00famero significativo de casos apresenta \u201cefeitos colaterais\u201d, e o uso de grandes dosagens tende a exacerbar esses efeitos.<\/p>\n<p>Especificamente, os efeitos colaterais incluem \u201cinfus\u00e3o\u201d (reten\u00e7\u00e3o de l\u00edquidos no corpo) e \u201cs\u00edndrome do t\u00fanel\u201d (menores sensa\u00e7\u00f5es de dor na articula\u00e7\u00e3o do punho e nos dedos). Conseq\u00fcentemente, \u00e9 improv\u00e1vel que seja sensato usar um horm\u00f4nio de crescimento barato se ele fizer com que sua m\u00e3o fique inchada e dolorida.<\/p>\n<p>No entanto, ap\u00f3s dois meses (embora \u00e0s vezes mais cedo ou mais tarde), estes efeitos secund\u00e1rios normalmente desaparecem. Nesse ponto, todo o efeito do horm\u00f4nio pode ser sentido.<\/p>\n<p>&nbsp;<\/p>","protected":false},"excerpt":{"rendered":"<p>EUROTROPIN 100 UI de Euro Prime Pharmaceuticals \u00e9 um daqueles medicamentos que, em combina\u00e7\u00e3o com ester\u00f3ides, podem transform\u00e1-lo num verdadeiro<\/p>\n","protected":false},"featured_media":9616,"comment_status":"open","ping_status":"closed","template":"","meta":[],"product_brand":[],"product_cat":[76],"product_tag":[],"class_list":{"0":"post-9615","1":"product","2":"type-product","3":"status-publish","4":"has-post-thumbnail","6":"product_cat-hgh_peptido","8":"first","9":"instock","10":"sale","11":"shipping-taxable","12":"purchasable","13":"product-type-simple"},"yoast_head":"<!-- This site is optimized with the Yoast SEO Premium plugin v24.4 (Yoast SEO v27.0) - https:\/\/yoast.com\/product\/yoast-seo-premium-wordpress\/ -->\n<title>EUROTROPIN 100 IU - Ester\u00f3ides Online<\/title>\n<meta name=\"description\" content=\"EUROTROPIN 100 IU from Euro Prime Pharmaceuticals is one of those drugs that, in combination with steroids, can turn you into a real muscle monster!\" \/>\n<meta name=\"robots\" content=\"index, follow, max-snippet:-1, max-image-preview:large, max-video-preview:-1\" \/>\n<link rel=\"canonical\" href=\"https:\/\/iberoid-shop.com\/pt\/product\/eurotropin-100-iu\/\" \/>\n<meta property=\"og:locale\" content=\"pt_PT\" \/>\n<meta property=\"og:type\" content=\"article\" \/>\n<meta property=\"og:title\" content=\"EUROTROPIN 100 IU\" \/>\n<meta property=\"og:description\" content=\"EUROTROPIN 100 IU from Euro Prime Pharmaceuticals is one of those drugs that, in combination with steroids, can turn you into a real muscle monster!\" \/>\n<meta property=\"og:url\" content=\"https:\/\/iberoid-shop.com\/pt\/product\/eurotropin-100-iu\/\" \/>\n<meta property=\"og:site_name\" content=\"Ester\u00f3ides Online\" \/>\n<meta property=\"article:modified_time\" content=\"2026-03-22T11:59:06+00:00\" \/>\n<meta property=\"og:image\" content=\"https:\/\/iberoid-shop.com\/wp-content\/uploads\/2024\/08\/eurotropin.jpg?v=1722973330\" \/>\n\t<meta property=\"og:image:width\" content=\"1000\" \/>\n\t<meta property=\"og:image:height\" content=\"941\" \/>\n\t<meta property=\"og:image:type\" content=\"image\/jpeg\" \/>\n<meta name=\"twitter:card\" content=\"summary_large_image\" \/>\n<meta name=\"twitter:label1\" content=\"pre\u00e7o\" \/>\n\t<meta name=\"twitter:data1\" content=\"&euro;150.00\" \/>\n\t<meta name=\"twitter:label2\" content=\"Disponibilidade\" \/>\n\t<meta name=\"twitter:data2\" content=\"Em stock\" \/>\n<script type=\"application\/ld+json\" class=\"yoast-schema-graph\">{\"@context\":\"https:\/\/schema.org\",\"@graph\":[{\"@type\":\"WebPage\",\"@id\":\"https:\/\/iberoid-shop.com\/pt\/product\/eurotropin-100-iu\/\",\"url\":\"https:\/\/iberoid-shop.com\/pt\/product\/eurotropin-100-iu\/\",\"name\":\"EUROTROPIN 100 IU - Ester\u00f3ides Online\",\"isPartOf\":{\"@id\":\"https:\/\/iberoid-shop.com\/pt\/#website\"},\"primaryImageOfPage\":{\"@id\":\"https:\/\/iberoid-shop.com\/pt\/product\/eurotropin-100-iu\/#primaryimage\"},\"image\":{\"@id\":\"https:\/\/iberoid-shop.com\/product\/eurotropin-100-iu\/#primaryimage\"},\"thumbnailUrl\":\"https:\/\/iberoid-shop.com\/wp-content\/uploads\/2024\/08\/eurotropin.jpg?v=1722973330\",\"datePublished\":\"2024-08-06T19:42:41+00:00\",\"dateModified\":\"2026-03-22T11:59:06+00:00\",\"description\":\"EUROTROPIN 100 IU from Euro Prime Pharmaceuticals is one of those drugs that, in combination with steroids, can turn you into a real muscle monster!\",\"breadcrumb\":{\"@id\":\"https:\/\/iberoid-shop.com\/pt\/product\/eurotropin-100-iu\/#breadcrumb\"},\"inLanguage\":\"pt-PT\",\"potentialAction\":[{\"@type\":\"ReadAction\",\"target\":[[\"https:\/\/iberoid-shop.com\/pt\/product\/eurotropin-100-iu\/\"]]}]},{\"@type\":\"ImageObject\",\"inLanguage\":\"pt-PT\",\"@id\":\"https:\/\/iberoid-shop.com\/pt\/product\/eurotropin-100-iu\/#primaryimage\",\"url\":\"https:\/\/iberoid-shop.com\/wp-content\/uploads\/2024\/08\/eurotropin.jpg?v=1722973330\",\"contentUrl\":\"https:\/\/iberoid-shop.com\/wp-content\/uploads\/2024\/08\/eurotropin.jpg?v=1722973330\",\"width\":1000,\"height\":941,\"caption\":\"EUROTROPIN 100 IU\"},{\"@type\":\"BreadcrumbList\",\"@id\":\"https:\/\/iberoid-shop.com\/pt\/product\/eurotropin-100-iu\/#breadcrumb\",\"itemListElement\":[{\"@type\":\"ListItem\",\"position\":1,\"name\":\"Portada\",\"item\":\"https:\/\/iberoid-shop.com\/pt\/\"},{\"@type\":\"ListItem\",\"position\":2,\"name\":\"Loja\",\"item\":\"https:\/\/iberoid-shop.com\/pt\/shop\/\"},{\"@type\":\"ListItem\",\"position\":3,\"name\":\"EUROTROPIN 100 IU\"}]},{\"@type\":\"WebSite\",\"@id\":\"https:\/\/iberoid-shop.com\/pt\/#website\",\"url\":\"https:\/\/iberoid-shop.com\/pt\/\",\"name\":\"Ester\u00f3ides Online\",\"description\":\"Compre ester\u00f3ides online hoje em Espanha e Portugal. Temos o melhor servi\u00e7o ao cliente do setor e produtos da mais alta qualidade\",\"potentialAction\":[{\"@type\":\"SearchAction\",\"target\":{\"@type\":\"EntryPoint\",\"urlTemplate\":\"https:\/\/iberoid-shop.com\/pt\/?s={search_term_string}\"},\"query-input\":{\"@type\":\"PropertyValueSpecification\",\"valueRequired\":true,\"valueName\":\"search_term_string\"}}],\"inLanguage\":\"pt-PT\"}]}<\/script>\n<meta property=\"product:brand\" content=\"Euro Prime Pharmaceuticals (EPF)\" \/>\n<meta property=\"product:price:amount\" content=\"150.00\" \/>\n<meta property=\"product:price:currency\" content=\"EUR\" \/>\n<meta property=\"og:availability\" content=\"instock\" \/>\n<meta property=\"product:availability\" content=\"instock\" \/>\n<meta property=\"product:condition\" content=\"new\" \/>\n<!-- \/ Yoast SEO Premium plugin. -->","yoast_head_json":{"title":"EUROTROPIN 100 IU - Ester\u00f3ides Online","description":"EUROTROPIN 100 IU from Euro Prime Pharmaceuticals is one of those drugs that, in combination with steroids, can turn you into a real muscle monster!","robots":{"index":"index","follow":"follow","max-snippet":"max-snippet:-1","max-image-preview":"max-image-preview:large","max-video-preview":"max-video-preview:-1"},"canonical":"https:\/\/iberoid-shop.com\/pt\/product\/eurotropin-100-iu\/","og_locale":"pt_PT","og_type":"article","og_title":"EUROTROPIN 100 IU","og_description":"EUROTROPIN 100 IU from Euro Prime Pharmaceuticals is one of those drugs that, in combination with steroids, can turn you into a real muscle monster!","og_url":"https:\/\/iberoid-shop.com\/pt\/product\/eurotropin-100-iu\/","og_site_name":"Ester\u00f3ides Online","article_modified_time":"2026-03-22T11:59:06+00:00","og_image":[{"width":1000,"height":941,"url":"https:\/\/iberoid-shop.com\/wp-content\/uploads\/2024\/08\/eurotropin.jpg?v=1722973330","type":"image\/jpeg"}],"twitter_card":"summary_large_image","twitter_misc":{"pre\u00e7o":"&euro;150.00","Disponibilidade":"Em stock"},"schema":{"@context":"https:\/\/schema.org","@graph":[{"@type":"WebPage","@id":"https:\/\/iberoid-shop.com\/pt\/product\/eurotropin-100-iu\/","url":"https:\/\/iberoid-shop.com\/pt\/product\/eurotropin-100-iu\/","name":"EUROTROPIN 100 IU - Ester\u00f3ides Online","isPartOf":{"@id":"https:\/\/iberoid-shop.com\/pt\/#website"},"primaryImageOfPage":{"@id":"https:\/\/iberoid-shop.com\/pt\/product\/eurotropin-100-iu\/#primaryimage"},"image":{"@id":"https:\/\/iberoid-shop.com\/product\/eurotropin-100-iu\/#primaryimage"},"thumbnailUrl":"https:\/\/iberoid-shop.com\/wp-content\/uploads\/2024\/08\/eurotropin.jpg?v=1722973330","datePublished":"2024-08-06T19:42:41+00:00","dateModified":"2026-03-22T11:59:06+00:00","description":"EUROTROPIN 100 IU from Euro Prime Pharmaceuticals is one of those drugs that, in combination with steroids, can turn you into a real muscle monster!","breadcrumb":{"@id":"https:\/\/iberoid-shop.com\/pt\/product\/eurotropin-100-iu\/#breadcrumb"},"inLanguage":"pt-PT","potentialAction":[{"@type":"ReadAction","target":[["https:\/\/iberoid-shop.com\/pt\/product\/eurotropin-100-iu\/"]]}]},{"@type":"ImageObject","inLanguage":"pt-PT","@id":"https:\/\/iberoid-shop.com\/pt\/product\/eurotropin-100-iu\/#primaryimage","url":"https:\/\/iberoid-shop.com\/wp-content\/uploads\/2024\/08\/eurotropin.jpg?v=1722973330","contentUrl":"https:\/\/iberoid-shop.com\/wp-content\/uploads\/2024\/08\/eurotropin.jpg?v=1722973330","width":1000,"height":941,"caption":"EUROTROPIN 100 IU"},{"@type":"BreadcrumbList","@id":"https:\/\/iberoid-shop.com\/pt\/product\/eurotropin-100-iu\/#breadcrumb","itemListElement":[{"@type":"ListItem","position":1,"name":"Portada","item":"https:\/\/iberoid-shop.com\/pt\/"},{"@type":"ListItem","position":2,"name":"Loja","item":"https:\/\/iberoid-shop.com\/pt\/shop\/"},{"@type":"ListItem","position":3,"name":"EUROTROPIN 100 IU"}]},{"@type":"WebSite","@id":"https:\/\/iberoid-shop.com\/pt\/#website","url":"https:\/\/iberoid-shop.com\/pt\/","name":"Ester\u00f3ides Online","description":"Compre ester\u00f3ides online hoje em Espanha e Portugal. Temos o melhor servi\u00e7o ao cliente do setor e produtos da mais alta qualidade","potentialAction":[{"@type":"SearchAction","target":{"@type":"EntryPoint","urlTemplate":"https:\/\/iberoid-shop.com\/pt\/?s={search_term_string}"},"query-input":{"@type":"PropertyValueSpecification","valueRequired":true,"valueName":"search_term_string"}}],"inLanguage":"pt-PT"}]},"product_brand":"Euro Prime Pharmaceuticals (EPF)","product_price_amount":"150.00","product_price_currency":"EUR","og_availability":"instock","product_availability":"instock","product_condition":"new"},"_links":{"self":[{"href":"https:\/\/iberoid-shop.com\/pt\/wp-json\/wp\/v2\/product\/9615","targetHints":{"allow":["GET"]}}],"collection":[{"href":"https:\/\/iberoid-shop.com\/pt\/wp-json\/wp\/v2\/product"}],"about":[{"href":"https:\/\/iberoid-shop.com\/pt\/wp-json\/wp\/v2\/types\/product"}],"replies":[{"embeddable":true,"href":"https:\/\/iberoid-shop.com\/pt\/wp-json\/wp\/v2\/comments?post=9615"}],"wp:featuredmedia":[{"embeddable":true,"href":"https:\/\/iberoid-shop.com\/pt\/wp-json\/wp\/v2\/media\/9616"}],"wp:attachment":[{"href":"https:\/\/iberoid-shop.com\/pt\/wp-json\/wp\/v2\/media?parent=9615"}],"wp:term":[{"taxonomy":"product_brand","embeddable":true,"href":"https:\/\/iberoid-shop.com\/pt\/wp-json\/wp\/v2\/product_brand?post=9615"},{"taxonomy":"product_cat","embeddable":true,"href":"https:\/\/iberoid-shop.com\/pt\/wp-json\/wp\/v2\/product_cat?post=9615"},{"taxonomy":"product_tag","embeddable":true,"href":"https:\/\/iberoid-shop.com\/pt\/wp-json\/wp\/v2\/product_tag?post=9615"}],"curies":[{"name":"wp","href":"https:\/\/api.w.org\/{rel}","templated":true}]}}