{"id":9601,"date":"2024-08-02T10:11:17","date_gmt":"2024-08-02T10:11:17","guid":{"rendered":"https:\/\/iberoid-shop.com\/?post_type=product&#038;p=9601"},"modified":"2026-01-21T10:15:30","modified_gmt":"2026-01-21T10:15:30","slug":"vidalista-black-100-tabs","status":"publish","type":"product","link":"https:\/\/iberoid-shop.com\/pt\/product\/vidalista-black-100-tabs\/","title":{"rendered":"VIDALISTA BLACK 100 tabs"},"content":{"rendered":"<p>CAJA VIDALISTA BLACK 80 mg \/ tadalafil 100 comprimidos<\/p>\n<p>VIDALISTA BLACK 100 tabs \u00e9 um medicamento usado principalmente para o tratamento da disfun\u00e7\u00e3o er\u00e9til (DE) em homens. Cont\u00e9m 80 mg de tadalafil, um potente inibidor da fosfodiesterase tipo 5 (PDE5). Tadalafil ajuda a aumentar o fluxo sangu\u00edneo para o p\u00eanis durante a estimula\u00e7\u00e3o sexual, auxiliando na obten\u00e7\u00e3o e manuten\u00e7\u00e3o de uma ere\u00e7\u00e3o.<\/p>\n<p><strong>Principais recursos:<\/strong><\/p>\n<ul>\n<li><strong>Ingrediente Ativo: <\/strong>Tadalafila (80mg)<\/li>\n<li><strong>Mecanismo de a\u00e7\u00e3o: <\/strong>Tadalafil atua relaxando os vasos sangu\u00edneos do p\u00eanis, aumentando o fluxo sangu\u00edneo e facilitando a ere\u00e7\u00e3o quando excitado sexualmente.<\/li>\n<li><strong>In\u00edcio de a\u00e7\u00e3o: <\/strong>Normalmente entra em vigor dentro de 30 minutos a uma hora ap\u00f3s a ingest\u00e3o.<\/li>\n<li><strong>Dura\u00e7\u00e3o: <\/strong>Os efeitos podem durar at\u00e9 36 horas, raz\u00e3o pela qual o tadalafil \u00e9 frequentemente chamado de \u201cp\u00edlula de fim de semana\u201d.<\/li>\n<li><strong>Uso: <\/strong>Deve ser tomado conforme orienta\u00e7\u00e3o de um profissional de sa\u00fade. Geralmente \u00e9 recomendado tom\u00e1-lo cerca de 30 minutos antes de iniciar atividade sexual.<\/li>\n<li><strong>Dosagem:<\/strong> Vidalista Black 80mg \u00e9 uma dose mais elevada e geralmente \u00e9 prescrita quando doses mais baixas n\u00e3o s\u00e3o eficazes. Os ajustes posol\u00f3gicos devem ser feitos com base na resposta e toler\u00e2ncia individual.<\/li>\n<li><strong>Efeitos colaterais: <\/strong>Os efeitos colaterais comuns podem incluir dores de cabe\u00e7a, tontura, rubor, congest\u00e3o nasal e indigest\u00e3o. Consulte um profissional de sa\u00fade para obter uma lista completa de poss\u00edveis efeitos colaterais e intera\u00e7\u00f5es.<\/li>\n<\/ul>\n<p><strong>Considera\u00e7\u00f5es importantes sobre Vidalista Black 80 mg Tadalafil:<\/strong><\/p>\n<ul>\n<li><strong>Consulte um m\u00e9dico : <\/strong>\u00c9 essencial consultar um profissional de sa\u00fade antes de usar Vidalista Black 80mg para garantir que \u00e9 apropriado para voc\u00ea, especialmente se voc\u00ea tiver problemas de sa\u00fade subjacentes ou estiver tomando outros medicamentos.<\/li>\n<li><strong>N\u00e3o para todos: <\/strong>Este medicamento n\u00e3o \u00e9 adequado para indiv\u00edduos que tomam nitratos ou que tenham certos problemas de sa\u00fade, como doen\u00e7as card\u00edacas graves.<\/li>\n<\/ul>\n<p>Siga sempre a dosagem prescrita e as orienta\u00e7\u00f5es fornecidas pelo seu m\u00e9dico para garantir um uso seguro e eficaz.<\/p>","protected":false},"excerpt":{"rendered":"<p>CAJA VIDALISTA BLACK 80 mg \/ tadalafil 100 comprimidos VIDALISTA BLACK 100 tabs \u00e9 um medicamento usado principalmente para o<\/p>\n","protected":false},"featured_media":9609,"comment_status":"open","ping_status":"closed","template":"","meta":[],"product_brand":[],"product_cat":[73],"product_tag":[],"class_list":{"0":"post-9601","1":"product","2":"type-product","3":"status-publish","4":"has-post-thumbnail","6":"product_cat-ssteroides_orales","8":"first","9":"outofstock","10":"shipping-taxable","11":"purchasable","12":"product-type-simple"},"yoast_head":"<!-- This site is optimized with the Yoast SEO Premium plugin v24.4 (Yoast SEO v27.0) - https:\/\/yoast.com\/product\/yoast-seo-premium-wordpress\/ -->\n<title>VIDALISTA BLACK 100 tabs - Ester\u00f3ides Online<\/title>\n<meta name=\"description\" content=\"VIDALISTA BLACK 100 tabs is a medication used primarily for the treatment of erectile dysfunction (ED) in men. It contains 80mg of tadalafil\" \/>\n<meta name=\"robots\" content=\"index, follow, max-snippet:-1, max-image-preview:large, max-video-preview:-1\" \/>\n<link rel=\"canonical\" href=\"https:\/\/iberoid-shop.com\/pt\/product\/vidalista-black-100-tabs\/\" \/>\n<meta property=\"og:locale\" content=\"pt_PT\" \/>\n<meta property=\"og:type\" content=\"article\" \/>\n<meta property=\"og:title\" content=\"VIDALISTA BLACK 100 tabs\" \/>\n<meta property=\"og:description\" content=\"VIDALISTA BLACK 100 tabs is a medication used primarily for the treatment of erectile dysfunction (ED) in men. It contains 80mg of tadalafil\" \/>\n<meta property=\"og:url\" content=\"https:\/\/iberoid-shop.com\/pt\/product\/vidalista-black-100-tabs\/\" \/>\n<meta property=\"og:site_name\" content=\"Ester\u00f3ides Online\" \/>\n<meta property=\"article:modified_time\" content=\"2026-01-21T10:15:30+00:00\" \/>\n<meta property=\"og:image\" content=\"https:\/\/iberoid-shop.com\/wp-content\/uploads\/2024\/08\/cutie-vida80.jpg?v=1722596665\" \/>\n\t<meta property=\"og:image:width\" content=\"424\" \/>\n\t<meta property=\"og:image:height\" content=\"429\" \/>\n\t<meta property=\"og:image:type\" content=\"image\/jpeg\" \/>\n<meta name=\"twitter:card\" content=\"summary_large_image\" \/>\n<meta name=\"twitter:label1\" content=\"pre\u00e7o\" \/>\n\t<meta name=\"twitter:data1\" content=\"&euro;160.00\" \/>\n\t<meta name=\"twitter:label2\" content=\"Disponibilidade\" \/>\n\t<meta name=\"twitter:data2\" content=\"Esgotado\" \/>\n<script type=\"application\/ld+json\" class=\"yoast-schema-graph\">{\"@context\":\"https:\/\/schema.org\",\"@graph\":[{\"@type\":\"WebPage\",\"@id\":\"https:\/\/iberoid-shop.com\/pt\/product\/vidalista-black-100-tabs\/\",\"url\":\"https:\/\/iberoid-shop.com\/pt\/product\/vidalista-black-100-tabs\/\",\"name\":\"VIDALISTA BLACK 100 tabs - Ester\u00f3ides Online\",\"isPartOf\":{\"@id\":\"https:\/\/iberoid-shop.com\/pt\/#website\"},\"primaryImageOfPage\":{\"@id\":\"https:\/\/iberoid-shop.com\/pt\/product\/vidalista-black-100-tabs\/#primaryimage\"},\"image\":{\"@id\":\"https:\/\/iberoid-shop.com\/pt\/product\/vidalista-black-100-tabs\/#primaryimage\"},\"thumbnailUrl\":\"https:\/\/iberoid-shop.com\/wp-content\/uploads\/2024\/08\/cutie-vida80.jpg?v=1722596665\",\"datePublished\":\"2024-08-02T10:11:17+00:00\",\"dateModified\":\"2026-01-21T10:15:30+00:00\",\"description\":\"VIDALISTA BLACK 100 tabs is a medication used primarily for the treatment of erectile dysfunction (ED) in men. It contains 80mg of tadalafil\",\"breadcrumb\":{\"@id\":\"https:\/\/iberoid-shop.com\/pt\/product\/vidalista-black-100-tabs\/#breadcrumb\"},\"inLanguage\":\"pt-PT\",\"potentialAction\":[{\"@type\":\"ReadAction\",\"target\":[[\"https:\/\/iberoid-shop.com\/pt\/product\/vidalista-black-100-tabs\/\"]]}]},{\"@type\":\"ImageObject\",\"inLanguage\":\"pt-PT\",\"@id\":\"https:\/\/iberoid-shop.com\/pt\/product\/vidalista-black-100-tabs\/#primaryimage\",\"url\":\"https:\/\/iberoid-shop.com\/wp-content\/uploads\/2024\/08\/cutie-vida80.jpg?v=1722596665\",\"contentUrl\":\"https:\/\/iberoid-shop.com\/wp-content\/uploads\/2024\/08\/cutie-vida80.jpg?v=1722596665\",\"width\":424,\"height\":429,\"caption\":\"VIDALISTA BLACK 100 tabs\"},{\"@type\":\"BreadcrumbList\",\"@id\":\"https:\/\/iberoid-shop.com\/pt\/product\/vidalista-black-100-tabs\/#breadcrumb\",\"itemListElement\":[{\"@type\":\"ListItem\",\"position\":1,\"name\":\"Portada\",\"item\":\"https:\/\/iberoid-shop.com\/pt\/\"},{\"@type\":\"ListItem\",\"position\":2,\"name\":\"Loja\",\"item\":\"https:\/\/iberoid-shop.com\/pt\/shop\/\"},{\"@type\":\"ListItem\",\"position\":3,\"name\":\"VIDALISTA BLACK 100 tabs\"}]},{\"@type\":\"WebSite\",\"@id\":\"https:\/\/iberoid-shop.com\/pt\/#website\",\"url\":\"https:\/\/iberoid-shop.com\/pt\/\",\"name\":\"Ester\u00f3ides Online\",\"description\":\"Compre ester\u00f3ides online hoje em Espanha e Portugal. Temos o melhor servi\u00e7o ao cliente do setor e produtos da mais alta qualidade\",\"potentialAction\":[{\"@type\":\"SearchAction\",\"target\":{\"@type\":\"EntryPoint\",\"urlTemplate\":\"https:\/\/iberoid-shop.com\/pt\/?s={search_term_string}\"},\"query-input\":{\"@type\":\"PropertyValueSpecification\",\"valueRequired\":true,\"valueName\":\"search_term_string\"}}],\"inLanguage\":\"pt-PT\"}]}<\/script>\n<meta property=\"product:price:amount\" content=\"160.00\" \/>\n<meta property=\"product:price:currency\" content=\"EUR\" \/>\n<meta property=\"og:availability\" content=\"out of stock\" \/>\n<meta property=\"product:availability\" content=\"out of stock\" \/>\n<meta property=\"product:condition\" content=\"new\" \/>\n<!-- \/ Yoast SEO Premium plugin. -->","yoast_head_json":{"title":"VIDALISTA BLACK 100 tabs - Ester\u00f3ides Online","description":"VIDALISTA BLACK 100 tabs is a medication used primarily for the treatment of erectile dysfunction (ED) in men. It contains 80mg of tadalafil","robots":{"index":"index","follow":"follow","max-snippet":"max-snippet:-1","max-image-preview":"max-image-preview:large","max-video-preview":"max-video-preview:-1"},"canonical":"https:\/\/iberoid-shop.com\/pt\/product\/vidalista-black-100-tabs\/","og_locale":"pt_PT","og_type":"article","og_title":"VIDALISTA BLACK 100 tabs","og_description":"VIDALISTA BLACK 100 tabs is a medication used primarily for the treatment of erectile dysfunction (ED) in men. It contains 80mg of tadalafil","og_url":"https:\/\/iberoid-shop.com\/pt\/product\/vidalista-black-100-tabs\/","og_site_name":"Ester\u00f3ides Online","article_modified_time":"2026-01-21T10:15:30+00:00","og_image":[{"width":424,"height":429,"url":"https:\/\/iberoid-shop.com\/wp-content\/uploads\/2024\/08\/cutie-vida80.jpg?v=1722596665","type":"image\/jpeg"}],"twitter_card":"summary_large_image","twitter_misc":{"pre\u00e7o":"&euro;160.00","Disponibilidade":"Esgotado"},"schema":{"@context":"https:\/\/schema.org","@graph":[{"@type":"WebPage","@id":"https:\/\/iberoid-shop.com\/pt\/product\/vidalista-black-100-tabs\/","url":"https:\/\/iberoid-shop.com\/pt\/product\/vidalista-black-100-tabs\/","name":"VIDALISTA BLACK 100 tabs - Ester\u00f3ides Online","isPartOf":{"@id":"https:\/\/iberoid-shop.com\/pt\/#website"},"primaryImageOfPage":{"@id":"https:\/\/iberoid-shop.com\/pt\/product\/vidalista-black-100-tabs\/#primaryimage"},"image":{"@id":"https:\/\/iberoid-shop.com\/pt\/product\/vidalista-black-100-tabs\/#primaryimage"},"thumbnailUrl":"https:\/\/iberoid-shop.com\/wp-content\/uploads\/2024\/08\/cutie-vida80.jpg?v=1722596665","datePublished":"2024-08-02T10:11:17+00:00","dateModified":"2026-01-21T10:15:30+00:00","description":"VIDALISTA BLACK 100 tabs is a medication used primarily for the treatment of erectile dysfunction (ED) in men. It contains 80mg of tadalafil","breadcrumb":{"@id":"https:\/\/iberoid-shop.com\/pt\/product\/vidalista-black-100-tabs\/#breadcrumb"},"inLanguage":"pt-PT","potentialAction":[{"@type":"ReadAction","target":[["https:\/\/iberoid-shop.com\/pt\/product\/vidalista-black-100-tabs\/"]]}]},{"@type":"ImageObject","inLanguage":"pt-PT","@id":"https:\/\/iberoid-shop.com\/pt\/product\/vidalista-black-100-tabs\/#primaryimage","url":"https:\/\/iberoid-shop.com\/wp-content\/uploads\/2024\/08\/cutie-vida80.jpg?v=1722596665","contentUrl":"https:\/\/iberoid-shop.com\/wp-content\/uploads\/2024\/08\/cutie-vida80.jpg?v=1722596665","width":424,"height":429,"caption":"VIDALISTA BLACK 100 tabs"},{"@type":"BreadcrumbList","@id":"https:\/\/iberoid-shop.com\/pt\/product\/vidalista-black-100-tabs\/#breadcrumb","itemListElement":[{"@type":"ListItem","position":1,"name":"Portada","item":"https:\/\/iberoid-shop.com\/pt\/"},{"@type":"ListItem","position":2,"name":"Loja","item":"https:\/\/iberoid-shop.com\/pt\/shop\/"},{"@type":"ListItem","position":3,"name":"VIDALISTA BLACK 100 tabs"}]},{"@type":"WebSite","@id":"https:\/\/iberoid-shop.com\/pt\/#website","url":"https:\/\/iberoid-shop.com\/pt\/","name":"Ester\u00f3ides Online","description":"Compre ester\u00f3ides online hoje em Espanha e Portugal. Temos o melhor servi\u00e7o ao cliente do setor e produtos da mais alta qualidade","potentialAction":[{"@type":"SearchAction","target":{"@type":"EntryPoint","urlTemplate":"https:\/\/iberoid-shop.com\/pt\/?s={search_term_string}"},"query-input":{"@type":"PropertyValueSpecification","valueRequired":true,"valueName":"search_term_string"}}],"inLanguage":"pt-PT"}]},"product_price_amount":"160.00","product_price_currency":"EUR","og_availability":"out of stock","product_availability":"out of stock","product_condition":"new"},"_links":{"self":[{"href":"https:\/\/iberoid-shop.com\/pt\/wp-json\/wp\/v2\/product\/9601","targetHints":{"allow":["GET"]}}],"collection":[{"href":"https:\/\/iberoid-shop.com\/pt\/wp-json\/wp\/v2\/product"}],"about":[{"href":"https:\/\/iberoid-shop.com\/pt\/wp-json\/wp\/v2\/types\/product"}],"replies":[{"embeddable":true,"href":"https:\/\/iberoid-shop.com\/pt\/wp-json\/wp\/v2\/comments?post=9601"}],"wp:featuredmedia":[{"embeddable":true,"href":"https:\/\/iberoid-shop.com\/pt\/wp-json\/wp\/v2\/media\/9609"}],"wp:attachment":[{"href":"https:\/\/iberoid-shop.com\/pt\/wp-json\/wp\/v2\/media?parent=9601"}],"wp:term":[{"taxonomy":"product_brand","embeddable":true,"href":"https:\/\/iberoid-shop.com\/pt\/wp-json\/wp\/v2\/product_brand?post=9601"},{"taxonomy":"product_cat","embeddable":true,"href":"https:\/\/iberoid-shop.com\/pt\/wp-json\/wp\/v2\/product_cat?post=9601"},{"taxonomy":"product_tag","embeddable":true,"href":"https:\/\/iberoid-shop.com\/pt\/wp-json\/wp\/v2\/product_tag?post=9601"}],"curies":[{"name":"wp","href":"https:\/\/api.w.org\/{rel}","templated":true}]}}