{"id":9578,"date":"2024-07-28T18:35:40","date_gmt":"2024-07-28T18:35:40","guid":{"rendered":"https:\/\/iberoid-shop.com\/?post_type=product&#038;p=9578"},"modified":"2026-01-11T17:38:42","modified_gmt":"2026-01-11T17:38:42","slug":"sustanon-aspen","status":"publish","type":"product","link":"https:\/\/iberoid-shop.com\/pt\/product\/sustanon-aspen\/","title":{"rendered":"SUSTANON ASPEN"},"content":{"rendered":"<p><strong>SUSTANON ASPEN \/ 1x1ml<\/strong><\/p>\n<p>Cada mL cont\u00e9m o seguinte:<\/p>\n<ul>\n<li>Propionato de testosterona BP 30mg,<\/li>\n<li>Fenilpropionato de testosterona BP 60mg,<\/li>\n<li>Isocaproato de testosterona BP 60mg e<\/li>\n<li>Decanoato de testosterona BP 100mg<\/li>\n<\/ul>\n<p>O undecanoato de testosterona \u00e9 um \u00e9ster de \u00e1cido gordo da hormona natural testosterona. Ap\u00f3s a administra\u00e7\u00e3o oral, \u00e9 co-absorvido com o \u00f3leo de r\u00edcino do intestino para o sistema linf\u00e1tico, contornando assim o sistema hep\u00e1tico para evitar a inactiva\u00e7\u00e3o da testosterona pelo f\u00edgado.<\/p>\n<p>Do sistema linf\u00e1tico, \u00e9 libertado para o sangue por uma veia. Uma \u00fanica administra\u00e7\u00e3o de Testanon 250 aumenta a testosterona plasm\u00e1tica total. No interior da c\u00e9lula, esta hormona passa pelo processo de s\u00edntese proteica e, assim, traduz a prote\u00edna e enzima estrutural necess\u00e1ria.<\/p>\n<p>Os benef\u00edcios gerais da utiliza\u00e7\u00e3o do Sustanon 250 durante um ciclo s\u00e3o os mesmos que a utiliza\u00e7\u00e3o de qualquer testosterona, al\u00e9m de alguns b\u00f3nus extra devido \u00e0 mistura de \u00e9steres. O Sustanon pode ser utilizado com menos frequ\u00eancia do que outras vers\u00f5es de testosterona, embora ainda colha os principais benef\u00edcios. Benef\u00edcios como o aumento da massa muscular, aumento da for\u00e7a, aumento da libido e melhor recupera\u00e7\u00e3o ap\u00f3s cada sess\u00e3o de treino.<\/p>\n<p>Como o SUSTANON ASPEN \u00e9 composto por quatro cadeias de \u00e9steres diferentes que s\u00e3o libertadas em momentos diferentes, o utilizador n\u00e3o experimenta o mesmo pico abrupto e decl\u00ednio acentuado quando comparado com outros \u00e9steres. A consist\u00eancia nos n\u00edveis de testosterona ajuda a minimizar as hip\u00f3teses de picos de estrog\u00e9nio e supress\u00e3o grave de HPTA (eixo hipot\u00e1lamo-hip\u00f3fise-gonadal).<\/p>\n<p>&nbsp;<\/p>","protected":false},"excerpt":{"rendered":"<p>SUSTANON ASPEN \/ 1x1ml Cada mL cont\u00e9m o seguinte: Propionato de testosterona BP 30mg, Fenilpropionato de testosterona BP 60mg, Isocaproato<\/p>\n","protected":false},"featured_media":9579,"comment_status":"open","ping_status":"closed","template":"","meta":[],"product_brand":[],"product_cat":[69],"product_tag":[],"class_list":{"0":"post-9578","1":"product","2":"type-product","3":"status-publish","4":"has-post-thumbnail","6":"product_cat-esteroides_inyectables","8":"first","9":"outofstock","10":"shipping-taxable","11":"purchasable","12":"product-type-simple"},"yoast_head":"<!-- This site is optimized with the Yoast SEO Premium plugin v24.4 (Yoast SEO v27.3) - https:\/\/yoast.com\/product\/yoast-seo-premium-wordpress\/ -->\n<title>SUSTANON ASPEN - Ester\u00f3ides Online<\/title>\n<meta name=\"description\" content=\"SUSTANON ASPEN contains the following: Testosterone Propionate ,Testosterone Phenylpropionate BP ,Testosterone Isocaproate and Testosterone Decanoate BP\" \/>\n<meta name=\"robots\" content=\"index, follow, max-snippet:-1, max-image-preview:large, max-video-preview:-1\" \/>\n<link rel=\"canonical\" href=\"https:\/\/iberoid-shop.com\/pt\/product\/sustanon-aspen\/\" \/>\n<meta property=\"og:locale\" content=\"pt_PT\" \/>\n<meta property=\"og:type\" content=\"article\" \/>\n<meta property=\"og:title\" content=\"SUSTANON ASPEN\" \/>\n<meta property=\"og:description\" content=\"SUSTANON ASPEN contains the following: Testosterone Propionate ,Testosterone Phenylpropionate BP ,Testosterone Isocaproate and Testosterone Decanoate BP\" \/>\n<meta property=\"og:url\" content=\"https:\/\/iberoid-shop.com\/pt\/product\/sustanon-aspen\/\" \/>\n<meta property=\"og:site_name\" content=\"Ester\u00f3ides Online\" \/>\n<meta property=\"article:modified_time\" content=\"2026-01-11T17:38:42+00:00\" \/>\n<meta property=\"og:image\" content=\"https:\/\/iberoid-shop.com\/wp-content\/uploads\/2024\/07\/susta-aspen.jpeg?v=1722191606\" \/>\n\t<meta property=\"og:image:width\" content=\"1413\" \/>\n\t<meta property=\"og:image:height\" content=\"1413\" \/>\n\t<meta property=\"og:image:type\" content=\"image\/jpeg\" \/>\n<meta name=\"twitter:card\" content=\"summary_large_image\" \/>\n<meta name=\"twitter:label1\" content=\"pre\u00e7o\" \/>\n\t<meta name=\"twitter:data1\" content=\"&euro;10.00\" \/>\n\t<meta name=\"twitter:label2\" content=\"Disponibilidade\" \/>\n\t<meta name=\"twitter:data2\" content=\"Esgotado\" \/>\n<script type=\"application\/ld+json\" class=\"yoast-schema-graph\">{\"@context\":\"https:\\\/\\\/schema.org\",\"@graph\":[{\"@type\":\"WebPage\",\"@id\":\"https:\\\/\\\/iberoid-shop.com\\\/pt\\\/product\\\/sustanon-aspen\\\/\",\"url\":\"https:\\\/\\\/iberoid-shop.com\\\/pt\\\/product\\\/sustanon-aspen\\\/\",\"name\":\"SUSTANON ASPEN - Ester\u00f3ides Online\",\"isPartOf\":{\"@id\":\"https:\\\/\\\/iberoid-shop.com\\\/pt\\\/#website\"},\"primaryImageOfPage\":{\"@id\":\"https:\\\/\\\/iberoid-shop.com\\\/pt\\\/product\\\/sustanon-aspen\\\/#primaryimage\"},\"image\":{\"@id\":\"https:\\\/\\\/iberoid-shop.com\\\/pt\\\/product\\\/sustanon-aspen\\\/#primaryimage\"},\"thumbnailUrl\":\"https:\\\/\\\/iberoid-shop.com\\\/wp-content\\\/uploads\\\/2024\\\/07\\\/susta-aspen.jpeg?v=1722191606\",\"datePublished\":\"2024-07-28T18:35:40+00:00\",\"dateModified\":\"2026-01-11T17:38:42+00:00\",\"description\":\"SUSTANON ASPEN contains the following: Testosterone Propionate ,Testosterone Phenylpropionate BP ,Testosterone Isocaproate and Testosterone Decanoate BP\",\"breadcrumb\":{\"@id\":\"https:\\\/\\\/iberoid-shop.com\\\/pt\\\/product\\\/sustanon-aspen\\\/#breadcrumb\"},\"inLanguage\":\"pt-PT\",\"potentialAction\":[{\"@type\":\"ReadAction\",\"target\":[[\"https:\\\/\\\/iberoid-shop.com\\\/pt\\\/product\\\/sustanon-aspen\\\/\"]]}]},{\"@type\":\"ImageObject\",\"inLanguage\":\"pt-PT\",\"@id\":\"https:\\\/\\\/iberoid-shop.com\\\/pt\\\/product\\\/sustanon-aspen\\\/#primaryimage\",\"url\":\"https:\\\/\\\/iberoid-shop.com\\\/wp-content\\\/uploads\\\/2024\\\/07\\\/susta-aspen.jpeg?v=1722191606\",\"contentUrl\":\"https:\\\/\\\/iberoid-shop.com\\\/wp-content\\\/uploads\\\/2024\\\/07\\\/susta-aspen.jpeg?v=1722191606\",\"width\":1413,\"height\":1413,\"caption\":\"SUSTANON ASPEN\"},{\"@type\":\"BreadcrumbList\",\"@id\":\"https:\\\/\\\/iberoid-shop.com\\\/pt\\\/product\\\/sustanon-aspen\\\/#breadcrumb\",\"itemListElement\":[{\"@type\":\"ListItem\",\"position\":1,\"name\":\"Portada\",\"item\":\"https:\\\/\\\/iberoid-shop.com\\\/pt\\\/\"},{\"@type\":\"ListItem\",\"position\":2,\"name\":\"Loja\",\"item\":\"https:\\\/\\\/iberoid-shop.com\\\/pt\\\/shop\\\/\"},{\"@type\":\"ListItem\",\"position\":3,\"name\":\"SUSTANON ASPEN\"}]},{\"@type\":\"WebSite\",\"@id\":\"https:\\\/\\\/iberoid-shop.com\\\/pt\\\/#website\",\"url\":\"https:\\\/\\\/iberoid-shop.com\\\/pt\\\/\",\"name\":\"Ester\u00f3ides Online\",\"description\":\"Compre ester\u00f3ides online hoje em Espanha e Portugal. Temos o melhor servi\u00e7o ao cliente do setor e produtos da mais alta qualidade\",\"potentialAction\":[{\"@type\":\"SearchAction\",\"target\":{\"@type\":\"EntryPoint\",\"urlTemplate\":\"https:\\\/\\\/iberoid-shop.com\\\/pt\\\/?s={search_term_string}\"},\"query-input\":{\"@type\":\"PropertyValueSpecification\",\"valueRequired\":true,\"valueName\":\"search_term_string\"}}],\"inLanguage\":\"pt-PT\"}]}<\/script>\n<meta property=\"product:brand\" content=\"ASPEN\" \/>\n<meta property=\"product:price:amount\" content=\"10.00\" \/>\n<meta property=\"product:price:currency\" content=\"EUR\" \/>\n<meta property=\"og:availability\" content=\"out of stock\" \/>\n<meta property=\"product:availability\" content=\"out of stock\" \/>\n<meta property=\"product:condition\" content=\"new\" \/>\n<!-- \/ Yoast SEO Premium plugin. -->","yoast_head_json":{"title":"SUSTANON ASPEN - Ester\u00f3ides Online","description":"SUSTANON ASPEN contains the following: Testosterone Propionate ,Testosterone Phenylpropionate BP ,Testosterone Isocaproate and Testosterone Decanoate BP","robots":{"index":"index","follow":"follow","max-snippet":"max-snippet:-1","max-image-preview":"max-image-preview:large","max-video-preview":"max-video-preview:-1"},"canonical":"https:\/\/iberoid-shop.com\/pt\/product\/sustanon-aspen\/","og_locale":"pt_PT","og_type":"article","og_title":"SUSTANON ASPEN","og_description":"SUSTANON ASPEN contains the following: Testosterone Propionate ,Testosterone Phenylpropionate BP ,Testosterone Isocaproate and Testosterone Decanoate BP","og_url":"https:\/\/iberoid-shop.com\/pt\/product\/sustanon-aspen\/","og_site_name":"Ester\u00f3ides Online","article_modified_time":"2026-01-11T17:38:42+00:00","og_image":[{"width":1413,"height":1413,"url":"https:\/\/iberoid-shop.com\/wp-content\/uploads\/2024\/07\/susta-aspen.jpeg?v=1722191606","type":"image\/jpeg"}],"twitter_card":"summary_large_image","twitter_misc":{"pre\u00e7o":"&euro;10.00","Disponibilidade":"Esgotado"},"schema":{"@context":"https:\/\/schema.org","@graph":[{"@type":"WebPage","@id":"https:\/\/iberoid-shop.com\/pt\/product\/sustanon-aspen\/","url":"https:\/\/iberoid-shop.com\/pt\/product\/sustanon-aspen\/","name":"SUSTANON ASPEN - Ester\u00f3ides Online","isPartOf":{"@id":"https:\/\/iberoid-shop.com\/pt\/#website"},"primaryImageOfPage":{"@id":"https:\/\/iberoid-shop.com\/pt\/product\/sustanon-aspen\/#primaryimage"},"image":{"@id":"https:\/\/iberoid-shop.com\/pt\/product\/sustanon-aspen\/#primaryimage"},"thumbnailUrl":"https:\/\/iberoid-shop.com\/wp-content\/uploads\/2024\/07\/susta-aspen.jpeg?v=1722191606","datePublished":"2024-07-28T18:35:40+00:00","dateModified":"2026-01-11T17:38:42+00:00","description":"SUSTANON ASPEN contains the following: Testosterone Propionate ,Testosterone Phenylpropionate BP ,Testosterone Isocaproate and Testosterone Decanoate BP","breadcrumb":{"@id":"https:\/\/iberoid-shop.com\/pt\/product\/sustanon-aspen\/#breadcrumb"},"inLanguage":"pt-PT","potentialAction":[{"@type":"ReadAction","target":[["https:\/\/iberoid-shop.com\/pt\/product\/sustanon-aspen\/"]]}]},{"@type":"ImageObject","inLanguage":"pt-PT","@id":"https:\/\/iberoid-shop.com\/pt\/product\/sustanon-aspen\/#primaryimage","url":"https:\/\/iberoid-shop.com\/wp-content\/uploads\/2024\/07\/susta-aspen.jpeg?v=1722191606","contentUrl":"https:\/\/iberoid-shop.com\/wp-content\/uploads\/2024\/07\/susta-aspen.jpeg?v=1722191606","width":1413,"height":1413,"caption":"SUSTANON ASPEN"},{"@type":"BreadcrumbList","@id":"https:\/\/iberoid-shop.com\/pt\/product\/sustanon-aspen\/#breadcrumb","itemListElement":[{"@type":"ListItem","position":1,"name":"Portada","item":"https:\/\/iberoid-shop.com\/pt\/"},{"@type":"ListItem","position":2,"name":"Loja","item":"https:\/\/iberoid-shop.com\/pt\/shop\/"},{"@type":"ListItem","position":3,"name":"SUSTANON ASPEN"}]},{"@type":"WebSite","@id":"https:\/\/iberoid-shop.com\/pt\/#website","url":"https:\/\/iberoid-shop.com\/pt\/","name":"Ester\u00f3ides Online","description":"Compre ester\u00f3ides online hoje em Espanha e Portugal. Temos o melhor servi\u00e7o ao cliente do setor e produtos da mais alta qualidade","potentialAction":[{"@type":"SearchAction","target":{"@type":"EntryPoint","urlTemplate":"https:\/\/iberoid-shop.com\/pt\/?s={search_term_string}"},"query-input":{"@type":"PropertyValueSpecification","valueRequired":true,"valueName":"search_term_string"}}],"inLanguage":"pt-PT"}]},"product_brand":"ASPEN","product_price_amount":"10.00","product_price_currency":"EUR","og_availability":"out of stock","product_availability":"out of stock","product_condition":"new"},"_links":{"self":[{"href":"https:\/\/iberoid-shop.com\/pt\/wp-json\/wp\/v2\/product\/9578","targetHints":{"allow":["GET"]}}],"collection":[{"href":"https:\/\/iberoid-shop.com\/pt\/wp-json\/wp\/v2\/product"}],"about":[{"href":"https:\/\/iberoid-shop.com\/pt\/wp-json\/wp\/v2\/types\/product"}],"replies":[{"embeddable":true,"href":"https:\/\/iberoid-shop.com\/pt\/wp-json\/wp\/v2\/comments?post=9578"}],"wp:featuredmedia":[{"embeddable":true,"href":"https:\/\/iberoid-shop.com\/pt\/wp-json\/wp\/v2\/media\/9579"}],"wp:attachment":[{"href":"https:\/\/iberoid-shop.com\/pt\/wp-json\/wp\/v2\/media?parent=9578"}],"wp:term":[{"taxonomy":"product_brand","embeddable":true,"href":"https:\/\/iberoid-shop.com\/pt\/wp-json\/wp\/v2\/product_brand?post=9578"},{"taxonomy":"product_cat","embeddable":true,"href":"https:\/\/iberoid-shop.com\/pt\/wp-json\/wp\/v2\/product_cat?post=9578"},{"taxonomy":"product_tag","embeddable":true,"href":"https:\/\/iberoid-shop.com\/pt\/wp-json\/wp\/v2\/product_tag?post=9578"}],"curies":[{"name":"wp","href":"https:\/\/api.w.org\/{rel}","templated":true}]}}