{"id":9576,"date":"2024-07-28T18:32:21","date_gmt":"2024-07-28T18:32:21","guid":{"rendered":"https:\/\/iberoid-shop.com\/?post_type=product&#038;p=9576"},"modified":"2025-12-14T10:20:09","modified_gmt":"2025-12-14T10:20:09","slug":"primobolan-depot","status":"publish","type":"product","link":"https:\/\/iberoid-shop.com\/pt\/product\/primobolan-depot\/","title":{"rendered":"PRIMOBOLAN DEPOT"},"content":{"rendered":"<p><strong>PRIMOBOLAN DEPOT \/ 1x1ml <\/strong>\u00e9 utilizado no tratamento de dist\u00farbios de s\u00edntese prot\u00e9ica, caquexia de diversas causas, traumas, queimaduras extensas ap\u00f3s irradia\u00e7\u00e3o e doen\u00e7as infecciosas, distrofia muscular, osteoporose, balan\u00e7o de nitrog\u00eanio negativo da corticoterapia e anemia hipo ou apl\u00e1stica.<\/p>\n<p><strong>Contra-indica\u00e7\u00f5es:<\/strong><\/p>\n<p>Pacientes com hipersensibilidade, c\u00e2ncer de pr\u00f3stata, c\u00e2ncer de mama (em homens ou mulheres com hipercalcemia), IPC, aterosclerose grave, s\u00edndrome nefr\u00f3tica, doen\u00e7a hep\u00e1tica, nefrite, gravidez ou lacta\u00e7\u00e3o devem evitar este medicamento.<\/p>\n<p><strong>Administra\u00e7\u00e3o do PRIMOBOLAN DEPOT:<\/strong><\/p>\n<p>Administrar 1 ml do medicamento por via intramuscular profunda a cada 2 semanas. Depois de alcan\u00e7ar o resultado desejado, voc\u00ea pode passar a administrar 1 ml a cada 3-4 semanas.<\/p>\n<p><strong>A\u00e7\u00e3o m\u00e9dica:<\/strong><\/p>\n<p>A metenolona \u00e9 um ester\u00f3ide anabolizante que aumenta a s\u00edntese de DNA, RNA e prote\u00ednas, estimulando o aparato gen\u00e9tico da c\u00e9lula. Tamb\u00e9m melhora a respira\u00e7\u00e3o dos tecidos e, al\u00e9m disso, aumenta a fosforila\u00e7\u00e3o oxidativa, a s\u00edntese de ATP e a agrega\u00e7\u00e3o de macrorregi\u00f5es intracelulares . Estimula processos anab\u00f3licos e inibe o catab\u00f3lico causado pelos glicocortic\u00f3ides. A administra\u00e7\u00e3o de metenolona leva ao aumento da massa muscular, reduz os dep\u00f3sitos de gordura, melhora os tecidos tr\u00f3ficos, promove a deposi\u00e7\u00e3o de c\u00e1lcio nos ossos, ret\u00e9m s\u00f3dio e \u00e1gua no corpo. O aumento na s\u00edntese de eritropoietina determina a a\u00e7\u00e3o hematopoi\u00e9tica. A a\u00e7\u00e3o androg\u00eanica pode contribuir para o desenvolvimento das caracter\u00edsticas sexuais secund\u00e1rias masculinas.<\/p>\n<p><strong>Efeitos colaterais:<\/strong><\/p>\n<ul>\n<li>nas mulheres &#8211; sintomas virilizantes, dist\u00farbios do ciclo menstrual.<\/li>\n<li>nos homens, a droga pode causar sintomas de viriliza\u00e7\u00e3o pr\u00e9-puberal e interrup\u00e7\u00e3o do crescimento, enquanto na p\u00f3s-puberdade pode causar ginecomastia, priapismo e inibi\u00e7\u00e3o da espermatog\u00eanese.<\/li>\n<li>em homens e mulheres, pode progredir na aterosclerose, causar edema perif\u00e9rico, prejudicar a fun\u00e7\u00e3o hep\u00e1tica, alterar contagens sangu\u00edneas e induzir dor em ossos tubulares longos.<\/li>\n<\/ul>\n<p><strong>Sobredosagem:<\/strong><\/p>\n<p>Os m\u00e9dicos n\u00e3o relataram nenhum caso de sobredosagem.<\/p>","protected":false},"excerpt":{"rendered":"<p>PRIMOBOLAN DEPOT \/ 1x1ml \u00e9 utilizado no tratamento de dist\u00farbios de s\u00edntese prot\u00e9ica, caquexia de diversas causas, traumas, queimaduras extensas<\/p>\n","protected":false},"featured_media":9577,"comment_status":"open","ping_status":"closed","template":"","meta":[],"product_brand":[],"product_cat":[69],"product_tag":[],"class_list":{"0":"post-9576","1":"product","2":"type-product","3":"status-publish","4":"has-post-thumbnail","6":"product_cat-esteroides_inyectables","8":"first","9":"outofstock","10":"sale","11":"shipping-taxable","12":"purchasable","13":"product-type-simple"},"yoast_head":"<!-- This site is optimized with the Yoast SEO Premium plugin v24.4 (Yoast SEO v27.3) - https:\/\/yoast.com\/product\/yoast-seo-premium-wordpress\/ -->\n<title>PRIMOBOLAN DEPOT - Ester\u00f3ides Online<\/title>\n<meta name=\"description\" content=\"PRIMOBOLAN DEPOT is used in the treatment of protein synthesis disorders, cachexia of diverse genesis; trauma, extensive burns after irradiation and\" \/>\n<meta name=\"robots\" content=\"index, follow, max-snippet:-1, max-image-preview:large, max-video-preview:-1\" \/>\n<link rel=\"canonical\" href=\"https:\/\/iberoid-shop.com\/pt\/product\/primobolan-depot\/\" \/>\n<meta property=\"og:locale\" content=\"pt_PT\" \/>\n<meta property=\"og:type\" content=\"article\" \/>\n<meta property=\"og:title\" content=\"PRIMOBOLAN DEPOT\" \/>\n<meta property=\"og:description\" content=\"PRIMOBOLAN DEPOT is used in the treatment of protein synthesis disorders, cachexia of diverse genesis; trauma, extensive burns after irradiation and\" \/>\n<meta property=\"og:url\" content=\"https:\/\/iberoid-shop.com\/pt\/product\/primobolan-depot\/\" \/>\n<meta property=\"og:site_name\" content=\"Ester\u00f3ides Online\" \/>\n<meta property=\"article:modified_time\" content=\"2025-12-14T10:20:09+00:00\" \/>\n<meta property=\"og:image\" content=\"https:\/\/iberoid-shop.com\/wp-content\/uploads\/2024\/07\/primobolan-depot.jpg?v=1722191506\" \/>\n\t<meta property=\"og:image:width\" content=\"800\" \/>\n\t<meta property=\"og:image:height\" content=\"800\" \/>\n\t<meta property=\"og:image:type\" content=\"image\/jpeg\" \/>\n<meta name=\"twitter:card\" content=\"summary_large_image\" \/>\n<meta name=\"twitter:label1\" content=\"pre\u00e7o\" \/>\n\t<meta name=\"twitter:data1\" content=\"&euro;10.00\" \/>\n\t<meta name=\"twitter:label2\" content=\"Disponibilidade\" \/>\n\t<meta name=\"twitter:data2\" content=\"Esgotado\" \/>\n<script type=\"application\/ld+json\" class=\"yoast-schema-graph\">{\"@context\":\"https:\\\/\\\/schema.org\",\"@graph\":[{\"@type\":\"WebPage\",\"@id\":\"https:\\\/\\\/iberoid-shop.com\\\/pt\\\/product\\\/primobolan-depot\\\/\",\"url\":\"https:\\\/\\\/iberoid-shop.com\\\/pt\\\/product\\\/primobolan-depot\\\/\",\"name\":\"PRIMOBOLAN DEPOT - Ester\u00f3ides Online\",\"isPartOf\":{\"@id\":\"https:\\\/\\\/iberoid-shop.com\\\/pt\\\/#website\"},\"primaryImageOfPage\":{\"@id\":\"https:\\\/\\\/iberoid-shop.com\\\/pt\\\/product\\\/primobolan-depot\\\/#primaryimage\"},\"image\":{\"@id\":\"https:\\\/\\\/iberoid-shop.com\\\/pt\\\/product\\\/primobolan-depot\\\/#primaryimage\"},\"thumbnailUrl\":\"https:\\\/\\\/iberoid-shop.com\\\/wp-content\\\/uploads\\\/2024\\\/07\\\/primobolan-depot.jpg?v=1722191506\",\"datePublished\":\"2024-07-28T18:32:21+00:00\",\"dateModified\":\"2025-12-14T10:20:09+00:00\",\"description\":\"PRIMOBOLAN DEPOT is used in the treatment of protein synthesis disorders, cachexia of diverse genesis; trauma, extensive burns after irradiation and\",\"breadcrumb\":{\"@id\":\"https:\\\/\\\/iberoid-shop.com\\\/pt\\\/product\\\/primobolan-depot\\\/#breadcrumb\"},\"inLanguage\":\"pt-PT\",\"potentialAction\":[{\"@type\":\"ReadAction\",\"target\":[[\"https:\\\/\\\/iberoid-shop.com\\\/pt\\\/product\\\/primobolan-depot\\\/\"]]}]},{\"@type\":\"ImageObject\",\"inLanguage\":\"pt-PT\",\"@id\":\"https:\\\/\\\/iberoid-shop.com\\\/pt\\\/product\\\/primobolan-depot\\\/#primaryimage\",\"url\":\"https:\\\/\\\/iberoid-shop.com\\\/wp-content\\\/uploads\\\/2024\\\/07\\\/primobolan-depot.jpg?v=1722191506\",\"contentUrl\":\"https:\\\/\\\/iberoid-shop.com\\\/wp-content\\\/uploads\\\/2024\\\/07\\\/primobolan-depot.jpg?v=1722191506\",\"width\":800,\"height\":800,\"caption\":\"PRIMOBOLAN DEPOT\"},{\"@type\":\"BreadcrumbList\",\"@id\":\"https:\\\/\\\/iberoid-shop.com\\\/pt\\\/product\\\/primobolan-depot\\\/#breadcrumb\",\"itemListElement\":[{\"@type\":\"ListItem\",\"position\":1,\"name\":\"Portada\",\"item\":\"https:\\\/\\\/iberoid-shop.com\\\/pt\\\/\"},{\"@type\":\"ListItem\",\"position\":2,\"name\":\"Loja\",\"item\":\"https:\\\/\\\/iberoid-shop.com\\\/pt\\\/shop\\\/\"},{\"@type\":\"ListItem\",\"position\":3,\"name\":\"PRIMOBOLAN DEPOT\"}]},{\"@type\":\"WebSite\",\"@id\":\"https:\\\/\\\/iberoid-shop.com\\\/pt\\\/#website\",\"url\":\"https:\\\/\\\/iberoid-shop.com\\\/pt\\\/\",\"name\":\"Ester\u00f3ides Online\",\"description\":\"Compre ester\u00f3ides online hoje em Espanha e Portugal. Temos o melhor servi\u00e7o ao cliente do setor e produtos da mais alta qualidade\",\"potentialAction\":[{\"@type\":\"SearchAction\",\"target\":{\"@type\":\"EntryPoint\",\"urlTemplate\":\"https:\\\/\\\/iberoid-shop.com\\\/pt\\\/?s={search_term_string}\"},\"query-input\":{\"@type\":\"PropertyValueSpecification\",\"valueRequired\":true,\"valueName\":\"search_term_string\"}}],\"inLanguage\":\"pt-PT\"}]}<\/script>\n<meta property=\"product:brand\" content=\"Bayer\" \/>\n<meta property=\"product:price:amount\" content=\"10.00\" \/>\n<meta property=\"product:price:currency\" content=\"EUR\" \/>\n<meta property=\"og:availability\" content=\"out of stock\" \/>\n<meta property=\"product:availability\" content=\"out of stock\" \/>\n<meta property=\"product:condition\" content=\"new\" \/>\n<!-- \/ Yoast SEO Premium plugin. -->","yoast_head_json":{"title":"PRIMOBOLAN DEPOT - Ester\u00f3ides Online","description":"PRIMOBOLAN DEPOT is used in the treatment of protein synthesis disorders, cachexia of diverse genesis; trauma, extensive burns after irradiation and","robots":{"index":"index","follow":"follow","max-snippet":"max-snippet:-1","max-image-preview":"max-image-preview:large","max-video-preview":"max-video-preview:-1"},"canonical":"https:\/\/iberoid-shop.com\/pt\/product\/primobolan-depot\/","og_locale":"pt_PT","og_type":"article","og_title":"PRIMOBOLAN DEPOT","og_description":"PRIMOBOLAN DEPOT is used in the treatment of protein synthesis disorders, cachexia of diverse genesis; trauma, extensive burns after irradiation and","og_url":"https:\/\/iberoid-shop.com\/pt\/product\/primobolan-depot\/","og_site_name":"Ester\u00f3ides Online","article_modified_time":"2025-12-14T10:20:09+00:00","og_image":[{"width":800,"height":800,"url":"https:\/\/iberoid-shop.com\/wp-content\/uploads\/2024\/07\/primobolan-depot.jpg?v=1722191506","type":"image\/jpeg"}],"twitter_card":"summary_large_image","twitter_misc":{"pre\u00e7o":"&euro;10.00","Disponibilidade":"Esgotado"},"schema":{"@context":"https:\/\/schema.org","@graph":[{"@type":"WebPage","@id":"https:\/\/iberoid-shop.com\/pt\/product\/primobolan-depot\/","url":"https:\/\/iberoid-shop.com\/pt\/product\/primobolan-depot\/","name":"PRIMOBOLAN DEPOT - Ester\u00f3ides Online","isPartOf":{"@id":"https:\/\/iberoid-shop.com\/pt\/#website"},"primaryImageOfPage":{"@id":"https:\/\/iberoid-shop.com\/pt\/product\/primobolan-depot\/#primaryimage"},"image":{"@id":"https:\/\/iberoid-shop.com\/pt\/product\/primobolan-depot\/#primaryimage"},"thumbnailUrl":"https:\/\/iberoid-shop.com\/wp-content\/uploads\/2024\/07\/primobolan-depot.jpg?v=1722191506","datePublished":"2024-07-28T18:32:21+00:00","dateModified":"2025-12-14T10:20:09+00:00","description":"PRIMOBOLAN DEPOT is used in the treatment of protein synthesis disorders, cachexia of diverse genesis; trauma, extensive burns after irradiation and","breadcrumb":{"@id":"https:\/\/iberoid-shop.com\/pt\/product\/primobolan-depot\/#breadcrumb"},"inLanguage":"pt-PT","potentialAction":[{"@type":"ReadAction","target":[["https:\/\/iberoid-shop.com\/pt\/product\/primobolan-depot\/"]]}]},{"@type":"ImageObject","inLanguage":"pt-PT","@id":"https:\/\/iberoid-shop.com\/pt\/product\/primobolan-depot\/#primaryimage","url":"https:\/\/iberoid-shop.com\/wp-content\/uploads\/2024\/07\/primobolan-depot.jpg?v=1722191506","contentUrl":"https:\/\/iberoid-shop.com\/wp-content\/uploads\/2024\/07\/primobolan-depot.jpg?v=1722191506","width":800,"height":800,"caption":"PRIMOBOLAN DEPOT"},{"@type":"BreadcrumbList","@id":"https:\/\/iberoid-shop.com\/pt\/product\/primobolan-depot\/#breadcrumb","itemListElement":[{"@type":"ListItem","position":1,"name":"Portada","item":"https:\/\/iberoid-shop.com\/pt\/"},{"@type":"ListItem","position":2,"name":"Loja","item":"https:\/\/iberoid-shop.com\/pt\/shop\/"},{"@type":"ListItem","position":3,"name":"PRIMOBOLAN DEPOT"}]},{"@type":"WebSite","@id":"https:\/\/iberoid-shop.com\/pt\/#website","url":"https:\/\/iberoid-shop.com\/pt\/","name":"Ester\u00f3ides Online","description":"Compre ester\u00f3ides online hoje em Espanha e Portugal. Temos o melhor servi\u00e7o ao cliente do setor e produtos da mais alta qualidade","potentialAction":[{"@type":"SearchAction","target":{"@type":"EntryPoint","urlTemplate":"https:\/\/iberoid-shop.com\/pt\/?s={search_term_string}"},"query-input":{"@type":"PropertyValueSpecification","valueRequired":true,"valueName":"search_term_string"}}],"inLanguage":"pt-PT"}]},"product_brand":"Bayer","product_price_amount":"10.00","product_price_currency":"EUR","og_availability":"out of stock","product_availability":"out of stock","product_condition":"new"},"_links":{"self":[{"href":"https:\/\/iberoid-shop.com\/pt\/wp-json\/wp\/v2\/product\/9576","targetHints":{"allow":["GET"]}}],"collection":[{"href":"https:\/\/iberoid-shop.com\/pt\/wp-json\/wp\/v2\/product"}],"about":[{"href":"https:\/\/iberoid-shop.com\/pt\/wp-json\/wp\/v2\/types\/product"}],"replies":[{"embeddable":true,"href":"https:\/\/iberoid-shop.com\/pt\/wp-json\/wp\/v2\/comments?post=9576"}],"wp:featuredmedia":[{"embeddable":true,"href":"https:\/\/iberoid-shop.com\/pt\/wp-json\/wp\/v2\/media\/9577"}],"wp:attachment":[{"href":"https:\/\/iberoid-shop.com\/pt\/wp-json\/wp\/v2\/media?parent=9576"}],"wp:term":[{"taxonomy":"product_brand","embeddable":true,"href":"https:\/\/iberoid-shop.com\/pt\/wp-json\/wp\/v2\/product_brand?post=9576"},{"taxonomy":"product_cat","embeddable":true,"href":"https:\/\/iberoid-shop.com\/pt\/wp-json\/wp\/v2\/product_cat?post=9576"},{"taxonomy":"product_tag","embeddable":true,"href":"https:\/\/iberoid-shop.com\/pt\/wp-json\/wp\/v2\/product_tag?post=9576"}],"curies":[{"name":"wp","href":"https:\/\/api.w.org\/{rel}","templated":true}]}}