{"id":9559,"date":"2024-07-16T18:27:49","date_gmt":"2024-07-16T18:27:49","guid":{"rendered":"https:\/\/iberoid-shop.com\/?post_type=product&#038;p=9559"},"modified":"2024-09-25T11:46:54","modified_gmt":"2024-09-25T11:46:54","slug":"danamax-dianabol","status":"publish","type":"product","link":"https:\/\/iberoid-shop.com\/pt\/product\/danamax-dianabol\/","title":{"rendered":"DANAMAX ( DIANABOL )"},"content":{"rendered":"<p>DANAMAX (DIANABOL), tamb\u00e9m conhecido por Metano, \u00e9 um poderoso ester\u00f3ide oral de origem testosterona.<\/p>\n<p>Proporciona um aumento significativo da massa e for\u00e7a muscular gra\u00e7as \u00e0s suas fortes propriedades anab\u00f3licas e androg\u00e9nicas moderadas. o peso n\u00e3o \u00e9 um fator decisivo.<\/p>\n<p>Efeitos da utiliza\u00e7\u00e3o de DANAMAX (DIANABOL)<br \/>\nO Dianabol aumenta significativamente a for\u00e7a e a massa muscular, ao mesmo tempo que melhora o apetite e a s\u00edntese proteica, especialmente quando combinado com dietas ricas em prote\u00ednas.<\/p>\n<p>M\u00e9todo de utiliza\u00e7\u00e3o:<br \/>\nA dose di\u00e1ria recomendada de Dianabol situa-se entre os 30 e os 50 mg. Para evitar efeitos secund\u00e1rios como incha\u00e7o e reten\u00e7\u00e3o de \u00e1gua, \u00e9 importante seguir estas dosagens.<\/p>\n<p>O Dianabol pode ser combinado com sucesso com outros ester\u00f3ides anabolizantes em v\u00e1rios regimes para optimizar os resultados, tendo sempre em conta as necessidades e objectivos individuais do atleta.<\/p>","protected":false},"excerpt":{"rendered":"<p>DANAMAX (DIANABOL), tamb\u00e9m conhecido por Metano, \u00e9 um poderoso ester\u00f3ide oral de origem testosterona. Proporciona um aumento significativo da massa<\/p>\n","protected":false},"featured_media":9560,"comment_status":"open","ping_status":"closed","template":"","meta":[],"product_brand":[],"product_cat":[73,69],"product_tag":[],"class_list":{"0":"post-9559","1":"product","2":"type-product","3":"status-publish","4":"has-post-thumbnail","6":"product_cat-ssteroides_orales","7":"product_cat-esteroides_inyectables","9":"first","10":"outofstock","11":"shipping-taxable","12":"purchasable","13":"product-type-simple"},"yoast_head":"<!-- This site is optimized with the Yoast SEO Premium plugin v24.4 (Yoast SEO v27.0) - https:\/\/yoast.com\/product\/yoast-seo-premium-wordpress\/ -->\n<title>DANAMAX ( DIANABOL ) - Ester\u00f3ides Online<\/title>\n<meta name=\"description\" content=\"DANAMAX ( DIANABOL ) provides a significant increase in muscle mass and strength thanks to its strong anabolic and moderate androgenic properties.\" \/>\n<meta name=\"robots\" content=\"index, follow, max-snippet:-1, max-image-preview:large, max-video-preview:-1\" \/>\n<link rel=\"canonical\" href=\"https:\/\/iberoid-shop.com\/pt\/product\/danamax-dianabol\/\" \/>\n<meta property=\"og:locale\" content=\"pt_PT\" \/>\n<meta property=\"og:type\" content=\"article\" \/>\n<meta property=\"og:title\" content=\"DANAMAX ( DIANABOL )\" \/>\n<meta property=\"og:description\" content=\"DANAMAX ( DIANABOL ) provides a significant increase in muscle mass and strength thanks to its strong anabolic and moderate androgenic properties.\" \/>\n<meta property=\"og:url\" content=\"https:\/\/iberoid-shop.com\/pt\/product\/danamax-dianabol\/\" \/>\n<meta property=\"og:site_name\" content=\"Ester\u00f3ides Online\" \/>\n<meta property=\"article:modified_time\" content=\"2024-09-25T11:46:54+00:00\" \/>\n<meta property=\"og:image\" content=\"https:\/\/iberoid-shop.com\/wp-content\/uploads\/2024\/07\/danamax.jpg?v=1721154417\" \/>\n\t<meta property=\"og:image:width\" content=\"1928\" \/>\n\t<meta property=\"og:image:height\" content=\"1003\" \/>\n\t<meta property=\"og:image:type\" content=\"image\/jpeg\" \/>\n<meta name=\"twitter:card\" content=\"summary_large_image\" \/>\n<meta name=\"twitter:label1\" content=\"pre\u00e7o\" \/>\n\t<meta name=\"twitter:data1\" content=\"&euro;35.00\" \/>\n\t<meta name=\"twitter:label2\" content=\"Disponibilidade\" \/>\n\t<meta name=\"twitter:data2\" content=\"Esgotado\" \/>\n<script type=\"application\/ld+json\" class=\"yoast-schema-graph\">{\"@context\":\"https:\/\/schema.org\",\"@graph\":[{\"@type\":\"WebPage\",\"@id\":\"https:\/\/iberoid-shop.com\/pt\/product\/danamax-dianabol\/\",\"url\":\"https:\/\/iberoid-shop.com\/pt\/product\/danamax-dianabol\/\",\"name\":\"DANAMAX ( DIANABOL ) - Ester\u00f3ides Online\",\"isPartOf\":{\"@id\":\"https:\/\/iberoid-shop.com\/pt\/#website\"},\"primaryImageOfPage\":{\"@id\":\"https:\/\/iberoid-shop.com\/pt\/product\/danamax-dianabol\/#primaryimage\"},\"image\":{\"@id\":\"https:\/\/iberoid-shop.com\/pt\/product\/danamax-dianabol\/#primaryimage\"},\"thumbnailUrl\":\"https:\/\/iberoid-shop.com\/wp-content\/uploads\/2024\/07\/danamax.jpg?v=1721154417\",\"datePublished\":\"2024-07-16T18:27:49+00:00\",\"dateModified\":\"2024-09-25T11:46:54+00:00\",\"description\":\"DANAMAX ( DIANABOL ) provides a significant increase in muscle mass and strength thanks to its strong anabolic and moderate androgenic properties.\",\"breadcrumb\":{\"@id\":\"https:\/\/iberoid-shop.com\/pt\/product\/danamax-dianabol\/#breadcrumb\"},\"inLanguage\":\"pt-PT\",\"potentialAction\":[{\"@type\":\"ReadAction\",\"target\":[[\"https:\/\/iberoid-shop.com\/pt\/product\/danamax-dianabol\/\"]]}]},{\"@type\":\"ImageObject\",\"inLanguage\":\"pt-PT\",\"@id\":\"https:\/\/iberoid-shop.com\/pt\/product\/danamax-dianabol\/#primaryimage\",\"url\":\"https:\/\/iberoid-shop.com\/wp-content\/uploads\/2024\/07\/danamax.jpg?v=1721154417\",\"contentUrl\":\"https:\/\/iberoid-shop.com\/wp-content\/uploads\/2024\/07\/danamax.jpg?v=1721154417\",\"width\":1928,\"height\":1003,\"caption\":\"DANAMAX ( DIANABOL )\"},{\"@type\":\"BreadcrumbList\",\"@id\":\"https:\/\/iberoid-shop.com\/pt\/product\/danamax-dianabol\/#breadcrumb\",\"itemListElement\":[{\"@type\":\"ListItem\",\"position\":1,\"name\":\"Portada\",\"item\":\"https:\/\/iberoid-shop.com\/pt\/\"},{\"@type\":\"ListItem\",\"position\":2,\"name\":\"Loja\",\"item\":\"https:\/\/iberoid-shop.com\/pt\/shop\/\"},{\"@type\":\"ListItem\",\"position\":3,\"name\":\"DANAMAX ( DIANABOL )\"}]},{\"@type\":\"WebSite\",\"@id\":\"https:\/\/iberoid-shop.com\/pt\/#website\",\"url\":\"https:\/\/iberoid-shop.com\/pt\/\",\"name\":\"Ester\u00f3ides Online\",\"description\":\"Compre ester\u00f3ides online hoje em Espanha e Portugal. Temos o melhor servi\u00e7o ao cliente do setor e produtos da mais alta qualidade\",\"potentialAction\":[{\"@type\":\"SearchAction\",\"target\":{\"@type\":\"EntryPoint\",\"urlTemplate\":\"https:\/\/iberoid-shop.com\/pt\/?s={search_term_string}\"},\"query-input\":{\"@type\":\"PropertyValueSpecification\",\"valueRequired\":true,\"valueName\":\"search_term_string\"}}],\"inLanguage\":\"pt-PT\"}]}<\/script>\n<meta property=\"product:brand\" content=\"MaxLab\" \/>\n<meta property=\"product:price:amount\" content=\"35.00\" \/>\n<meta property=\"product:price:currency\" content=\"EUR\" \/>\n<meta property=\"og:availability\" content=\"out of stock\" \/>\n<meta property=\"product:availability\" content=\"out of stock\" \/>\n<meta property=\"product:condition\" content=\"new\" \/>\n<!-- \/ Yoast SEO Premium plugin. -->","yoast_head_json":{"title":"DANAMAX ( DIANABOL ) - Ester\u00f3ides Online","description":"DANAMAX ( DIANABOL ) provides a significant increase in muscle mass and strength thanks to its strong anabolic and moderate androgenic properties.","robots":{"index":"index","follow":"follow","max-snippet":"max-snippet:-1","max-image-preview":"max-image-preview:large","max-video-preview":"max-video-preview:-1"},"canonical":"https:\/\/iberoid-shop.com\/pt\/product\/danamax-dianabol\/","og_locale":"pt_PT","og_type":"article","og_title":"DANAMAX ( DIANABOL )","og_description":"DANAMAX ( DIANABOL ) provides a significant increase in muscle mass and strength thanks to its strong anabolic and moderate androgenic properties.","og_url":"https:\/\/iberoid-shop.com\/pt\/product\/danamax-dianabol\/","og_site_name":"Ester\u00f3ides Online","article_modified_time":"2024-09-25T11:46:54+00:00","og_image":[{"width":1928,"height":1003,"url":"https:\/\/iberoid-shop.com\/wp-content\/uploads\/2024\/07\/danamax.jpg?v=1721154417","type":"image\/jpeg"}],"twitter_card":"summary_large_image","twitter_misc":{"pre\u00e7o":"&euro;35.00","Disponibilidade":"Esgotado"},"schema":{"@context":"https:\/\/schema.org","@graph":[{"@type":"WebPage","@id":"https:\/\/iberoid-shop.com\/pt\/product\/danamax-dianabol\/","url":"https:\/\/iberoid-shop.com\/pt\/product\/danamax-dianabol\/","name":"DANAMAX ( DIANABOL ) - Ester\u00f3ides Online","isPartOf":{"@id":"https:\/\/iberoid-shop.com\/pt\/#website"},"primaryImageOfPage":{"@id":"https:\/\/iberoid-shop.com\/pt\/product\/danamax-dianabol\/#primaryimage"},"image":{"@id":"https:\/\/iberoid-shop.com\/pt\/product\/danamax-dianabol\/#primaryimage"},"thumbnailUrl":"https:\/\/iberoid-shop.com\/wp-content\/uploads\/2024\/07\/danamax.jpg?v=1721154417","datePublished":"2024-07-16T18:27:49+00:00","dateModified":"2024-09-25T11:46:54+00:00","description":"DANAMAX ( DIANABOL ) provides a significant increase in muscle mass and strength thanks to its strong anabolic and moderate androgenic properties.","breadcrumb":{"@id":"https:\/\/iberoid-shop.com\/pt\/product\/danamax-dianabol\/#breadcrumb"},"inLanguage":"pt-PT","potentialAction":[{"@type":"ReadAction","target":[["https:\/\/iberoid-shop.com\/pt\/product\/danamax-dianabol\/"]]}]},{"@type":"ImageObject","inLanguage":"pt-PT","@id":"https:\/\/iberoid-shop.com\/pt\/product\/danamax-dianabol\/#primaryimage","url":"https:\/\/iberoid-shop.com\/wp-content\/uploads\/2024\/07\/danamax.jpg?v=1721154417","contentUrl":"https:\/\/iberoid-shop.com\/wp-content\/uploads\/2024\/07\/danamax.jpg?v=1721154417","width":1928,"height":1003,"caption":"DANAMAX ( DIANABOL )"},{"@type":"BreadcrumbList","@id":"https:\/\/iberoid-shop.com\/pt\/product\/danamax-dianabol\/#breadcrumb","itemListElement":[{"@type":"ListItem","position":1,"name":"Portada","item":"https:\/\/iberoid-shop.com\/pt\/"},{"@type":"ListItem","position":2,"name":"Loja","item":"https:\/\/iberoid-shop.com\/pt\/shop\/"},{"@type":"ListItem","position":3,"name":"DANAMAX ( DIANABOL )"}]},{"@type":"WebSite","@id":"https:\/\/iberoid-shop.com\/pt\/#website","url":"https:\/\/iberoid-shop.com\/pt\/","name":"Ester\u00f3ides Online","description":"Compre ester\u00f3ides online hoje em Espanha e Portugal. Temos o melhor servi\u00e7o ao cliente do setor e produtos da mais alta qualidade","potentialAction":[{"@type":"SearchAction","target":{"@type":"EntryPoint","urlTemplate":"https:\/\/iberoid-shop.com\/pt\/?s={search_term_string}"},"query-input":{"@type":"PropertyValueSpecification","valueRequired":true,"valueName":"search_term_string"}}],"inLanguage":"pt-PT"}]},"product_brand":"MaxLab","product_price_amount":"35.00","product_price_currency":"EUR","og_availability":"out of stock","product_availability":"out of stock","product_condition":"new"},"_links":{"self":[{"href":"https:\/\/iberoid-shop.com\/pt\/wp-json\/wp\/v2\/product\/9559","targetHints":{"allow":["GET"]}}],"collection":[{"href":"https:\/\/iberoid-shop.com\/pt\/wp-json\/wp\/v2\/product"}],"about":[{"href":"https:\/\/iberoid-shop.com\/pt\/wp-json\/wp\/v2\/types\/product"}],"replies":[{"embeddable":true,"href":"https:\/\/iberoid-shop.com\/pt\/wp-json\/wp\/v2\/comments?post=9559"}],"wp:featuredmedia":[{"embeddable":true,"href":"https:\/\/iberoid-shop.com\/pt\/wp-json\/wp\/v2\/media\/9560"}],"wp:attachment":[{"href":"https:\/\/iberoid-shop.com\/pt\/wp-json\/wp\/v2\/media?parent=9559"}],"wp:term":[{"taxonomy":"product_brand","embeddable":true,"href":"https:\/\/iberoid-shop.com\/pt\/wp-json\/wp\/v2\/product_brand?post=9559"},{"taxonomy":"product_cat","embeddable":true,"href":"https:\/\/iberoid-shop.com\/pt\/wp-json\/wp\/v2\/product_cat?post=9559"},{"taxonomy":"product_tag","embeddable":true,"href":"https:\/\/iberoid-shop.com\/pt\/wp-json\/wp\/v2\/product_tag?post=9559"}],"curies":[{"name":"wp","href":"https:\/\/api.w.org\/{rel}","templated":true}]}}