{"id":9556,"date":"2024-07-16T18:25:00","date_gmt":"2024-07-16T18:25:00","guid":{"rendered":"https:\/\/iberoid-shop.com\/?post_type=product&#038;p=9556"},"modified":"2025-04-07T18:18:37","modified_gmt":"2025-04-07T18:18:37","slug":"andromax-oxymetholone-25-mg","status":"publish","type":"product","link":"https:\/\/iberoid-shop.com\/pt\/product\/andromax-oxymetholone-25-mg\/","title":{"rendered":"ANDROMAX (oxymetholone 25 mg)"},"content":{"rendered":"<p>ANDROMAX (oxymetholone 25 mg) , conhecido nos meios desportivos como Oximetolona, \u200b\u200b\u200b\u200b\u00e9 a escolha preferencial para atletas que procuram maior resist\u00eancia, recupera\u00e7\u00e3o r\u00e1pida e hipertrofia muscular.<\/p>\n<p>Este ester\u00f3ide \u00e9 especializado em aumentar os gl\u00f3bulos vermelhos, o que aumenta diretamente a concentra\u00e7\u00e3o de oxig\u00e9nio e apoia a atividade f\u00edsica. Os atletas utilizam-no principalmente durante os per\u00edodos de pico para obter ganhos maci\u00e7os de massa e for\u00e7a muscular, proporcionando resultados vis\u00edveis sem reten\u00e7\u00e3o excessiva de \u00e1gua.<\/p>\n<p>Efeitos e a\u00e7\u00e3o do ANDROMAX (oxymetholone 25 mg)<\/p>\n<p>O anapolon destaca-se como um dos ester\u00f3ides orais mais poderosos com propriedades anab\u00f3licas e androg\u00e9nicas pronunciadas. Os efeitos da ingest\u00e3o podem levar a um aumento da massa muscular at\u00e9 7 kg em apenas duas semanas. Mant\u00e9m a musculatura volumosa e tonificada, gra\u00e7as ao aumento da reten\u00e7\u00e3o de \u00e1gua, o que ajuda tamb\u00e9m a prevenir les\u00f5es articulares. Al\u00e9m disso, os m\u00fasculos recebem mais sangue e oxig\u00e9nio, o que leva a um bombeamento e recupera\u00e7\u00e3o mais intensos. A sua origem na dihidrotestosterona evita a aromatiza\u00e7\u00e3o em estrog\u00e9nio, evitando assim os efeitos secund\u00e1rios dos n\u00edveis elevados de estrog\u00e9nio.<\/p>\n<p>Aplica\u00e7\u00e3o em desportos<br \/>\nApesar da oximetolona n\u00e3o ser comum na prepara\u00e7\u00e3o pr\u00e9-competi\u00e7\u00e3o, muitos atletas utilizam o Anapolon para obter resultados m\u00e1ximos at\u00e9 ao fim, muitas vezes com antiestrog\u00e9nios e diur\u00e9ticos para controlar a reten\u00e7\u00e3o de \u00e1gua.<\/p>\n<p>M\u00e9todo de utiliza\u00e7\u00e3o<br \/>\nA dose de ingest\u00e3o depende da evolu\u00e7\u00e3o do atleta, do seu peso e dos objetivos. \u00c9 recomendado para principiantes de 10 a 15 mg, e os atletas mais avan\u00e7ados com ester\u00f3ides podem tomar doses de 50 mg ou mais por dia.<\/p>","protected":false},"excerpt":{"rendered":"<p>ANDROMAX (oxymetholone 25 mg) , conhecido nos meios desportivos como Oximetolona, \u200b\u200b\u200b\u200b\u00e9 a escolha preferencial para atletas que procuram maior<\/p>\n","protected":false},"featured_media":9557,"comment_status":"open","ping_status":"closed","template":"","meta":[],"product_brand":[],"product_cat":[73],"product_tag":[],"class_list":{"0":"post-9556","1":"product","2":"type-product","3":"status-publish","4":"has-post-thumbnail","6":"product_cat-ssteroides_orales","8":"first","9":"outofstock","10":"shipping-taxable","11":"purchasable","12":"product-type-simple"},"yoast_head":"<!-- This site is optimized with the Yoast SEO Premium plugin v24.4 (Yoast SEO v27.0) - https:\/\/yoast.com\/product\/yoast-seo-premium-wordpress\/ -->\n<title>ANDROMAX (oxymetholone 25 mg) - Ester\u00f3ides Online<\/title>\n<meta name=\"description\" content=\"ANDROMAX (oxymetholone 25 mg) is a preferred choice for athletes seeking improved endurance, rapid recovery, and muscle hypertrophy.\" \/>\n<meta name=\"robots\" content=\"index, follow, max-snippet:-1, max-image-preview:large, max-video-preview:-1\" \/>\n<link rel=\"canonical\" href=\"https:\/\/iberoid-shop.com\/pt\/product\/andromax-oxymetholone-25-mg\/\" \/>\n<meta property=\"og:locale\" content=\"pt_PT\" \/>\n<meta property=\"og:type\" content=\"article\" \/>\n<meta property=\"og:title\" content=\"ANDROMAX (oxymetholone 25 mg)\" \/>\n<meta property=\"og:description\" content=\"ANDROMAX (oxymetholone 25 mg) is a preferred choice for athletes seeking improved endurance, rapid recovery, and muscle hypertrophy.\" \/>\n<meta property=\"og:url\" content=\"https:\/\/iberoid-shop.com\/pt\/product\/andromax-oxymetholone-25-mg\/\" \/>\n<meta property=\"og:site_name\" content=\"Ester\u00f3ides Online\" \/>\n<meta property=\"article:modified_time\" content=\"2025-04-07T18:18:37+00:00\" \/>\n<meta property=\"og:image\" content=\"https:\/\/iberoid-shop.com\/wp-content\/uploads\/2024\/07\/andromax-max-lab.jpg?v=1721154235\" \/>\n\t<meta property=\"og:image:width\" content=\"1632\" \/>\n\t<meta property=\"og:image:height\" content=\"1159\" \/>\n\t<meta property=\"og:image:type\" content=\"image\/jpeg\" \/>\n<meta name=\"twitter:card\" content=\"summary_large_image\" \/>\n<meta name=\"twitter:label1\" content=\"pre\u00e7o\" \/>\n\t<meta name=\"twitter:data1\" content=\"&euro;65.00\" \/>\n\t<meta name=\"twitter:label2\" content=\"Disponibilidade\" \/>\n\t<meta name=\"twitter:data2\" content=\"Esgotado\" \/>\n<script type=\"application\/ld+json\" class=\"yoast-schema-graph\">{\"@context\":\"https:\/\/schema.org\",\"@graph\":[{\"@type\":\"WebPage\",\"@id\":\"https:\/\/iberoid-shop.com\/pt\/product\/andromax-oxymetholone-25-mg\/\",\"url\":\"https:\/\/iberoid-shop.com\/pt\/product\/andromax-oxymetholone-25-mg\/\",\"name\":\"ANDROMAX (oxymetholone 25 mg) - Ester\u00f3ides Online\",\"isPartOf\":{\"@id\":\"https:\/\/iberoid-shop.com\/pt\/#website\"},\"primaryImageOfPage\":{\"@id\":\"https:\/\/iberoid-shop.com\/pt\/product\/andromax-oxymetholone-25-mg\/#primaryimage\"},\"image\":{\"@id\":\"https:\/\/iberoid-shop.com\/pt\/product\/andromax-oxymetholone-25-mg\/#primaryimage\"},\"thumbnailUrl\":\"https:\/\/iberoid-shop.com\/wp-content\/uploads\/2024\/07\/andromax-max-lab.jpg?v=1721154235\",\"datePublished\":\"2024-07-16T18:25:00+00:00\",\"dateModified\":\"2025-04-07T18:18:37+00:00\",\"description\":\"ANDROMAX (oxymetholone 25 mg) is a preferred choice for athletes seeking improved endurance, rapid recovery, and muscle hypertrophy.\",\"breadcrumb\":{\"@id\":\"https:\/\/iberoid-shop.com\/pt\/product\/andromax-oxymetholone-25-mg\/#breadcrumb\"},\"inLanguage\":\"pt-PT\",\"potentialAction\":[{\"@type\":\"ReadAction\",\"target\":[[\"https:\/\/iberoid-shop.com\/pt\/product\/andromax-oxymetholone-25-mg\/\"]]}]},{\"@type\":\"ImageObject\",\"inLanguage\":\"pt-PT\",\"@id\":\"https:\/\/iberoid-shop.com\/pt\/product\/andromax-oxymetholone-25-mg\/#primaryimage\",\"url\":\"https:\/\/iberoid-shop.com\/wp-content\/uploads\/2024\/07\/andromax-max-lab.jpg?v=1721154235\",\"contentUrl\":\"https:\/\/iberoid-shop.com\/wp-content\/uploads\/2024\/07\/andromax-max-lab.jpg?v=1721154235\",\"width\":1632,\"height\":1159,\"caption\":\"ANDROMAX (oxymetholone 25 mg)\"},{\"@type\":\"BreadcrumbList\",\"@id\":\"https:\/\/iberoid-shop.com\/pt\/product\/andromax-oxymetholone-25-mg\/#breadcrumb\",\"itemListElement\":[{\"@type\":\"ListItem\",\"position\":1,\"name\":\"Portada\",\"item\":\"https:\/\/iberoid-shop.com\/pt\/\"},{\"@type\":\"ListItem\",\"position\":2,\"name\":\"Loja\",\"item\":\"https:\/\/iberoid-shop.com\/pt\/shop\/\"},{\"@type\":\"ListItem\",\"position\":3,\"name\":\"ANDROMAX (oxymetholone 25 mg)\"}]},{\"@type\":\"WebSite\",\"@id\":\"https:\/\/iberoid-shop.com\/pt\/#website\",\"url\":\"https:\/\/iberoid-shop.com\/pt\/\",\"name\":\"Ester\u00f3ides Online\",\"description\":\"Compre ester\u00f3ides online hoje em Espanha e Portugal. Temos o melhor servi\u00e7o ao cliente do setor e produtos da mais alta qualidade\",\"potentialAction\":[{\"@type\":\"SearchAction\",\"target\":{\"@type\":\"EntryPoint\",\"urlTemplate\":\"https:\/\/iberoid-shop.com\/pt\/?s={search_term_string}\"},\"query-input\":{\"@type\":\"PropertyValueSpecification\",\"valueRequired\":true,\"valueName\":\"search_term_string\"}}],\"inLanguage\":\"pt-PT\"}]}<\/script>\n<meta property=\"product:brand\" content=\"MaxLab\" \/>\n<meta property=\"product:price:amount\" content=\"65.00\" \/>\n<meta property=\"product:price:currency\" content=\"EUR\" \/>\n<meta property=\"og:availability\" content=\"out of stock\" \/>\n<meta property=\"product:availability\" content=\"out of stock\" \/>\n<meta property=\"product:condition\" content=\"new\" \/>\n<!-- \/ Yoast SEO Premium plugin. -->","yoast_head_json":{"title":"ANDROMAX (oxymetholone 25 mg) - Ester\u00f3ides Online","description":"ANDROMAX (oxymetholone 25 mg) is a preferred choice for athletes seeking improved endurance, rapid recovery, and muscle hypertrophy.","robots":{"index":"index","follow":"follow","max-snippet":"max-snippet:-1","max-image-preview":"max-image-preview:large","max-video-preview":"max-video-preview:-1"},"canonical":"https:\/\/iberoid-shop.com\/pt\/product\/andromax-oxymetholone-25-mg\/","og_locale":"pt_PT","og_type":"article","og_title":"ANDROMAX (oxymetholone 25 mg)","og_description":"ANDROMAX (oxymetholone 25 mg) is a preferred choice for athletes seeking improved endurance, rapid recovery, and muscle hypertrophy.","og_url":"https:\/\/iberoid-shop.com\/pt\/product\/andromax-oxymetholone-25-mg\/","og_site_name":"Ester\u00f3ides Online","article_modified_time":"2025-04-07T18:18:37+00:00","og_image":[{"width":1632,"height":1159,"url":"https:\/\/iberoid-shop.com\/wp-content\/uploads\/2024\/07\/andromax-max-lab.jpg?v=1721154235","type":"image\/jpeg"}],"twitter_card":"summary_large_image","twitter_misc":{"pre\u00e7o":"&euro;65.00","Disponibilidade":"Esgotado"},"schema":{"@context":"https:\/\/schema.org","@graph":[{"@type":"WebPage","@id":"https:\/\/iberoid-shop.com\/pt\/product\/andromax-oxymetholone-25-mg\/","url":"https:\/\/iberoid-shop.com\/pt\/product\/andromax-oxymetholone-25-mg\/","name":"ANDROMAX (oxymetholone 25 mg) - Ester\u00f3ides Online","isPartOf":{"@id":"https:\/\/iberoid-shop.com\/pt\/#website"},"primaryImageOfPage":{"@id":"https:\/\/iberoid-shop.com\/pt\/product\/andromax-oxymetholone-25-mg\/#primaryimage"},"image":{"@id":"https:\/\/iberoid-shop.com\/pt\/product\/andromax-oxymetholone-25-mg\/#primaryimage"},"thumbnailUrl":"https:\/\/iberoid-shop.com\/wp-content\/uploads\/2024\/07\/andromax-max-lab.jpg?v=1721154235","datePublished":"2024-07-16T18:25:00+00:00","dateModified":"2025-04-07T18:18:37+00:00","description":"ANDROMAX (oxymetholone 25 mg) is a preferred choice for athletes seeking improved endurance, rapid recovery, and muscle hypertrophy.","breadcrumb":{"@id":"https:\/\/iberoid-shop.com\/pt\/product\/andromax-oxymetholone-25-mg\/#breadcrumb"},"inLanguage":"pt-PT","potentialAction":[{"@type":"ReadAction","target":[["https:\/\/iberoid-shop.com\/pt\/product\/andromax-oxymetholone-25-mg\/"]]}]},{"@type":"ImageObject","inLanguage":"pt-PT","@id":"https:\/\/iberoid-shop.com\/pt\/product\/andromax-oxymetholone-25-mg\/#primaryimage","url":"https:\/\/iberoid-shop.com\/wp-content\/uploads\/2024\/07\/andromax-max-lab.jpg?v=1721154235","contentUrl":"https:\/\/iberoid-shop.com\/wp-content\/uploads\/2024\/07\/andromax-max-lab.jpg?v=1721154235","width":1632,"height":1159,"caption":"ANDROMAX (oxymetholone 25 mg)"},{"@type":"BreadcrumbList","@id":"https:\/\/iberoid-shop.com\/pt\/product\/andromax-oxymetholone-25-mg\/#breadcrumb","itemListElement":[{"@type":"ListItem","position":1,"name":"Portada","item":"https:\/\/iberoid-shop.com\/pt\/"},{"@type":"ListItem","position":2,"name":"Loja","item":"https:\/\/iberoid-shop.com\/pt\/shop\/"},{"@type":"ListItem","position":3,"name":"ANDROMAX (oxymetholone 25 mg)"}]},{"@type":"WebSite","@id":"https:\/\/iberoid-shop.com\/pt\/#website","url":"https:\/\/iberoid-shop.com\/pt\/","name":"Ester\u00f3ides Online","description":"Compre ester\u00f3ides online hoje em Espanha e Portugal. Temos o melhor servi\u00e7o ao cliente do setor e produtos da mais alta qualidade","potentialAction":[{"@type":"SearchAction","target":{"@type":"EntryPoint","urlTemplate":"https:\/\/iberoid-shop.com\/pt\/?s={search_term_string}"},"query-input":{"@type":"PropertyValueSpecification","valueRequired":true,"valueName":"search_term_string"}}],"inLanguage":"pt-PT"}]},"product_brand":"MaxLab","product_price_amount":"65.00","product_price_currency":"EUR","og_availability":"out of stock","product_availability":"out of stock","product_condition":"new"},"_links":{"self":[{"href":"https:\/\/iberoid-shop.com\/pt\/wp-json\/wp\/v2\/product\/9556","targetHints":{"allow":["GET"]}}],"collection":[{"href":"https:\/\/iberoid-shop.com\/pt\/wp-json\/wp\/v2\/product"}],"about":[{"href":"https:\/\/iberoid-shop.com\/pt\/wp-json\/wp\/v2\/types\/product"}],"replies":[{"embeddable":true,"href":"https:\/\/iberoid-shop.com\/pt\/wp-json\/wp\/v2\/comments?post=9556"}],"wp:featuredmedia":[{"embeddable":true,"href":"https:\/\/iberoid-shop.com\/pt\/wp-json\/wp\/v2\/media\/9557"}],"wp:attachment":[{"href":"https:\/\/iberoid-shop.com\/pt\/wp-json\/wp\/v2\/media?parent=9556"}],"wp:term":[{"taxonomy":"product_brand","embeddable":true,"href":"https:\/\/iberoid-shop.com\/pt\/wp-json\/wp\/v2\/product_brand?post=9556"},{"taxonomy":"product_cat","embeddable":true,"href":"https:\/\/iberoid-shop.com\/pt\/wp-json\/wp\/v2\/product_cat?post=9556"},{"taxonomy":"product_tag","embeddable":true,"href":"https:\/\/iberoid-shop.com\/pt\/wp-json\/wp\/v2\/product_tag?post=9556"}],"curies":[{"name":"wp","href":"https:\/\/api.w.org\/{rel}","templated":true}]}}