{"id":9550,"date":"2024-07-16T18:16:30","date_gmt":"2024-07-16T18:16:30","guid":{"rendered":"https:\/\/iberoid-shop.com\/?post_type=product&#038;p=9550"},"modified":"2026-03-29T16:21:27","modified_gmt":"2026-03-29T16:21:27","slug":"pack3-clenotech-clenbuterol","status":"publish","type":"product","link":"https:\/\/iberoid-shop.com\/pt\/product\/pack3-clenotech-clenbuterol\/","title":{"rendered":"PACK 3 CLENOTECH \/ clenbuterol"},"content":{"rendered":"<p><strong>PACK3 CLENOTECH \/ clenbuterol<\/strong> \u00e9 um medicamento para a queima de gordura que aumenta a sua taxa metab\u00f3lica. Mesmo que n\u00e3o esteja aprovado para utiliza\u00e7\u00e3o nos EUA, alguns atletas e culturistas utilizam o clenbuterol para os ajudar a atingir os seus objetivos de fitness.\u200cEis o que precisa de saber sobre este medicamento poderoso e arriscado.<br \/>\n<strong>O que \u00e9 o Clenbuterol?<\/strong><\/p>\n<p>O clembuterol \u00e9 um medicamento que n\u00e3o foi aprovado para uso humano nos EUA. Desde 1998 que a FDA permite o uso do clembuterol no tratamento de cavalos com asma. N\u00e3o \u00e9 permitido animais utilizados na produ\u00e7\u00e3o de alimentos.\u200c<\/p>\n<p>O clembuterol \u00e9 uma subst\u00e2ncia que tem efeitos semelhantes aos dos ester\u00f3ides e \u00e9 classificada como um agonista beta2-adren\u00e9rgico. Isto significa que estimula os recetores beta2-adren\u00e9rgicos na garganta. O medicamento ajuda a relaxar os m\u00fasculos e os pulm\u00f5es, facilitando a respira\u00e7\u00e3o se tiver asma ou outro problema respirat\u00f3rio. Pode permanecer no seu corpo at\u00e9 39 horas ap\u00f3s ser tomado.<\/p>\n<p><strong>Clenbuterol para muscula\u00e7\u00e3o<\/strong><\/p>\n<p>No entanto, o clenbuterol \u2013 tamb\u00e9m chamado de clen \u2013 \u00e9 abusado por atletas e culturistas pela sua capacidade de queimar gordura. Os mesmos recetores que s\u00e3o ativados quando se toma clembuterol para a asma tamb\u00e9m ajudam a queimar gordura e a aumentar a massa muscular magra. Os atletas que utilizam clenbuterol diariamente tomam normalmente 60 a 120 microgramas por dia. Normalmente, este \u00e9 tomado em combina\u00e7\u00e3o com outros medicamentos para melhorar o desempenho ou ester\u00f3ides anabolizantes.\u200c<\/p>\n<p>O clembuterol aumenta a\u00a0temperatura corporal\u00a0atrav\u00e9s de um processo chamado termog\u00e9nese. Quando a temperatura corporal aumenta, o seu metabolismo est\u00e1 preparado para queimar mais calorias. Como a gordura \u00e9 armazenada no corpo como energia, o seu corpo pode utilizar as calorias que j\u00e1 armazenou. Isto pode diminuir a gordura corporal e diminuir o peso geral.\u200c<\/p>\n<p>Como o clembuterol \u00e9 um broncodilatador, abre as vias respirat\u00f3rias quando o toma. Isto \u00e9 \u00fatil para quem tem asma. Para os atletas, isto permite aumentar a resist\u00eancia ao ter mais fluxo de ar a circular pelo corpo. Est\u00e1 dispon\u00edvel mais oxig\u00e9nio, para que possa ter um desempenho melhor e mais intenso.\u200c<\/p>\n<p>Mesmo que n\u00e3o seja legal nos EUA, os atletas e os culturistas continuam a abusar do clen para os ajudar a reduzir o peso e a aumentar a massa muscular. Muitos v\u00eaem-no como uma alternativa aos ester\u00f3ides anabolizantes \u2013 as drogas que normalmente v\u00eam \u00e0 mente quando se pensa em subst\u00e2ncias que melhoram o desempenho. Tem a reputa\u00e7\u00e3o de ser um \u201cester\u00f3ide n\u00e3o ester\u00f3ide\u201d devido \u00e0 sua capacidade de imitar os ester\u00f3ides. Como n\u00e3o \u00e9 tecnicamente um ester\u00f3ide, alguns atletas consideraram o clembuterol para muscula\u00e7\u00e3o uma abordagem mais \u201cnatural\u201d para a constru\u00e7\u00e3o muscular.<\/p>\n<p><strong>Benef\u00edcios da utiliza\u00e7\u00e3o de PACK3 CLENOTECH \/ clenbuterol<\/strong><\/p>\n<p>Embora seja ilegal e tenha v\u00e1rios efeitos secund\u00e1rios, muitos atletas ainda abusam do clen.\u200c<\/p>\n<p>Menos efeitos secund\u00e1rios androg\u00e9nicos.Pensa-se que o clenbuterol \u00e9 mais popular do que os ester\u00f3ides anabolizantes entre as mulheres culturistas porque h\u00e1 menos efeitos secund\u00e1rios androg\u00e9nicos. Os ester\u00f3ides causam frequentemente efeitos secund\u00e1rios, como aumento dos pelos faciais ou engrossamento da voz. O clembuterol n\u00e3o \u00e9 conhecido por causar isto.\u200c<\/p>\n<p>Perda de peso r\u00e1pida.Como referido, o clembuterol atua aumentando o metabolismo, ajudando-o a queimar gordura. Um estudo envolveu dois grupos de homens com excesso de peso que seguiram a mesma dieta rigorosa. Um grupo recebeu clembuterol e outro n\u00e3o. Ao longo de dez semanas, o grupo que recebeu clenbuterol perdeu em m\u00e9dia 11,4 quilos de gordura e o grupo de controlo perdeu 8,7 quilos de gordura.\u200c<\/p>\n<p>Supress\u00e3o do apetite.Muitos culturistas confiam no clembuterol antes de uma pr\u00f3xima apresenta\u00e7\u00e3o ou competi\u00e7\u00e3o para eliminar a gordura extra. Um efeito secund\u00e1rio deste medicamento \u00e9 que ajuda a reduzir o apetite, fazendo com que ingira menos calorias. Nem todas as pessoas experimentam este efeito, no entanto.<\/p>","protected":false},"excerpt":{"rendered":"<p>PACK3 CLENOTECH \/ clenbuterol \u00e9 um medicamento para a queima de gordura que aumenta a sua taxa metab\u00f3lica. Mesmo que<\/p>\n","protected":false},"featured_media":9551,"comment_status":"open","ping_status":"closed","template":"","meta":[],"product_brand":[],"product_cat":[3474],"product_tag":[],"class_list":{"0":"post-9550","1":"product","2":"type-product","3":"status-publish","4":"has-post-thumbnail","6":"product_cat-packs","8":"first","9":"outofstock","10":"sale","11":"shipping-taxable","12":"purchasable","13":"product-type-simple"},"yoast_head":"<!-- This site is optimized with the Yoast SEO Premium plugin v24.4 (Yoast SEO v27.3) - https:\/\/yoast.com\/product\/yoast-seo-premium-wordpress\/ -->\n<title>PACK 3 CLENOTECH \/ clenbuterol - buy online atEster\u00f3ides Online<\/title>\n<meta name=\"description\" content=\"PACK3 CLENOTECH \/ clenbuterol is a fat-burning drug that raises your metabolic rate. Even though it is not approved for use in the U.S., some athletes and\" \/>\n<meta name=\"robots\" content=\"index, follow, max-snippet:-1, max-image-preview:large, max-video-preview:-1\" \/>\n<link rel=\"canonical\" href=\"https:\/\/iberoid-shop.com\/pt\/product\/pack3-clenotech-clenbuterol\/\" \/>\n<meta property=\"og:locale\" content=\"pt_PT\" \/>\n<meta property=\"og:type\" content=\"article\" \/>\n<meta property=\"og:title\" content=\"PACK 3 CLENOTECH \/ clenbuterol\" \/>\n<meta property=\"og:description\" content=\"PACK3 CLENOTECH \/ clenbuterol is a fat-burning drug that raises your metabolic rate. Even though it is not approved for use in the U.S., some athletes and\" \/>\n<meta property=\"og:url\" content=\"https:\/\/iberoid-shop.com\/pt\/product\/pack3-clenotech-clenbuterol\/\" \/>\n<meta property=\"og:site_name\" content=\"Ester\u00f3ides Online\" \/>\n<meta property=\"article:modified_time\" content=\"2026-03-29T16:21:27+00:00\" \/>\n<meta property=\"og:image\" content=\"https:\/\/iberoid-shop.com\/wp-content\/uploads\/2024\/07\/3clenotech-scaled.jpg?v=1721153770\" \/>\n\t<meta property=\"og:image:width\" content=\"2560\" \/>\n\t<meta property=\"og:image:height\" content=\"1611\" \/>\n\t<meta property=\"og:image:type\" content=\"image\/jpeg\" \/>\n<meta name=\"twitter:card\" content=\"summary_large_image\" \/>\n<meta name=\"twitter:label1\" content=\"pre\u00e7o\" \/>\n\t<meta name=\"twitter:data1\" content=\"&euro;40.00\" \/>\n\t<meta name=\"twitter:label2\" content=\"Disponibilidade\" \/>\n\t<meta name=\"twitter:data2\" content=\"Esgotado\" \/>\n<script type=\"application\/ld+json\" class=\"yoast-schema-graph\">{\"@context\":\"https:\\\/\\\/schema.org\",\"@graph\":[{\"@type\":\"WebPage\",\"@id\":\"https:\\\/\\\/iberoid-shop.com\\\/pt\\\/product\\\/pack3-clenotech-clenbuterol\\\/\",\"url\":\"https:\\\/\\\/iberoid-shop.com\\\/pt\\\/product\\\/pack3-clenotech-clenbuterol\\\/\",\"name\":\"PACK 3 CLENOTECH \\\/ clenbuterol - buy online atEster\u00f3ides Online\",\"isPartOf\":{\"@id\":\"https:\\\/\\\/iberoid-shop.com\\\/pt\\\/#website\"},\"primaryImageOfPage\":{\"@id\":\"https:\\\/\\\/iberoid-shop.com\\\/pt\\\/product\\\/pack3-clenotech-clenbuterol\\\/#primaryimage\"},\"image\":{\"@id\":\"https:\\\/\\\/iberoid-shop.com\\\/pt\\\/product\\\/pack3-clenotech-clenbuterol\\\/#primaryimage\"},\"thumbnailUrl\":\"https:\\\/\\\/iberoid-shop.com\\\/wp-content\\\/uploads\\\/2024\\\/07\\\/3clenotech-scaled.jpg?v=1721153770\",\"datePublished\":\"2024-07-16T18:16:30+00:00\",\"dateModified\":\"2026-03-29T16:21:27+00:00\",\"description\":\"PACK3 CLENOTECH \\\/ clenbuterol is a fat-burning drug that raises your metabolic rate. Even though it is not approved for use in the U.S., some athletes and\",\"breadcrumb\":{\"@id\":\"https:\\\/\\\/iberoid-shop.com\\\/pt\\\/product\\\/pack3-clenotech-clenbuterol\\\/#breadcrumb\"},\"inLanguage\":\"pt-PT\",\"potentialAction\":[{\"@type\":\"ReadAction\",\"target\":[[\"https:\\\/\\\/iberoid-shop.com\\\/pt\\\/product\\\/pack3-clenotech-clenbuterol\\\/\"]]}]},{\"@type\":\"ImageObject\",\"inLanguage\":\"pt-PT\",\"@id\":\"https:\\\/\\\/iberoid-shop.com\\\/pt\\\/product\\\/pack3-clenotech-clenbuterol\\\/#primaryimage\",\"url\":\"https:\\\/\\\/iberoid-shop.com\\\/wp-content\\\/uploads\\\/2024\\\/07\\\/3clenotech-scaled.jpg?v=1721153770\",\"contentUrl\":\"https:\\\/\\\/iberoid-shop.com\\\/wp-content\\\/uploads\\\/2024\\\/07\\\/3clenotech-scaled.jpg?v=1721153770\",\"width\":2560,\"height\":1611,\"caption\":\"PACK3 CLENOTECH \\\/ clenbuterol\"},{\"@type\":\"BreadcrumbList\",\"@id\":\"https:\\\/\\\/iberoid-shop.com\\\/pt\\\/product\\\/pack3-clenotech-clenbuterol\\\/#breadcrumb\",\"itemListElement\":[{\"@type\":\"ListItem\",\"position\":1,\"name\":\"Portada\",\"item\":\"https:\\\/\\\/iberoid-shop.com\\\/pt\\\/\"},{\"@type\":\"ListItem\",\"position\":2,\"name\":\"Loja\",\"item\":\"https:\\\/\\\/iberoid-shop.com\\\/pt\\\/shop\\\/\"},{\"@type\":\"ListItem\",\"position\":3,\"name\":\"PACK 3 CLENOTECH \\\/ clenbuterol\"}]},{\"@type\":\"WebSite\",\"@id\":\"https:\\\/\\\/iberoid-shop.com\\\/pt\\\/#website\",\"url\":\"https:\\\/\\\/iberoid-shop.com\\\/pt\\\/\",\"name\":\"Ester\u00f3ides Online\",\"description\":\"Compre ester\u00f3ides online hoje em Espanha e Portugal. Temos o melhor servi\u00e7o ao cliente do setor e produtos da mais alta qualidade\",\"potentialAction\":[{\"@type\":\"SearchAction\",\"target\":{\"@type\":\"EntryPoint\",\"urlTemplate\":\"https:\\\/\\\/iberoid-shop.com\\\/pt\\\/?s={search_term_string}\"},\"query-input\":{\"@type\":\"PropertyValueSpecification\",\"valueRequired\":true,\"valueName\":\"search_term_string\"}}],\"inLanguage\":\"pt-PT\"}]}<\/script>\n<meta property=\"product:brand\" content=\"Canada Biotech Peptides\" \/>\n<meta property=\"product:price:amount\" content=\"40.00\" \/>\n<meta property=\"product:price:currency\" content=\"EUR\" \/>\n<meta property=\"og:availability\" content=\"out of stock\" \/>\n<meta property=\"product:availability\" content=\"out of stock\" \/>\n<meta property=\"product:condition\" content=\"new\" \/>\n<!-- \/ Yoast SEO Premium plugin. -->","yoast_head_json":{"title":"PACK 3 CLENOTECH \/ clenbuterol - buy online atEster\u00f3ides Online","description":"PACK3 CLENOTECH \/ clenbuterol is a fat-burning drug that raises your metabolic rate. Even though it is not approved for use in the U.S., some athletes and","robots":{"index":"index","follow":"follow","max-snippet":"max-snippet:-1","max-image-preview":"max-image-preview:large","max-video-preview":"max-video-preview:-1"},"canonical":"https:\/\/iberoid-shop.com\/pt\/product\/pack3-clenotech-clenbuterol\/","og_locale":"pt_PT","og_type":"article","og_title":"PACK 3 CLENOTECH \/ clenbuterol","og_description":"PACK3 CLENOTECH \/ clenbuterol is a fat-burning drug that raises your metabolic rate. Even though it is not approved for use in the U.S., some athletes and","og_url":"https:\/\/iberoid-shop.com\/pt\/product\/pack3-clenotech-clenbuterol\/","og_site_name":"Ester\u00f3ides Online","article_modified_time":"2026-03-29T16:21:27+00:00","og_image":[{"width":2560,"height":1611,"url":"https:\/\/iberoid-shop.com\/wp-content\/uploads\/2024\/07\/3clenotech-scaled.jpg?v=1721153770","type":"image\/jpeg"}],"twitter_card":"summary_large_image","twitter_misc":{"pre\u00e7o":"&euro;40.00","Disponibilidade":"Esgotado"},"schema":{"@context":"https:\/\/schema.org","@graph":[{"@type":"WebPage","@id":"https:\/\/iberoid-shop.com\/pt\/product\/pack3-clenotech-clenbuterol\/","url":"https:\/\/iberoid-shop.com\/pt\/product\/pack3-clenotech-clenbuterol\/","name":"PACK 3 CLENOTECH \/ clenbuterol - buy online atEster\u00f3ides Online","isPartOf":{"@id":"https:\/\/iberoid-shop.com\/pt\/#website"},"primaryImageOfPage":{"@id":"https:\/\/iberoid-shop.com\/pt\/product\/pack3-clenotech-clenbuterol\/#primaryimage"},"image":{"@id":"https:\/\/iberoid-shop.com\/pt\/product\/pack3-clenotech-clenbuterol\/#primaryimage"},"thumbnailUrl":"https:\/\/iberoid-shop.com\/wp-content\/uploads\/2024\/07\/3clenotech-scaled.jpg?v=1721153770","datePublished":"2024-07-16T18:16:30+00:00","dateModified":"2026-03-29T16:21:27+00:00","description":"PACK3 CLENOTECH \/ clenbuterol is a fat-burning drug that raises your metabolic rate. Even though it is not approved for use in the U.S., some athletes and","breadcrumb":{"@id":"https:\/\/iberoid-shop.com\/pt\/product\/pack3-clenotech-clenbuterol\/#breadcrumb"},"inLanguage":"pt-PT","potentialAction":[{"@type":"ReadAction","target":[["https:\/\/iberoid-shop.com\/pt\/product\/pack3-clenotech-clenbuterol\/"]]}]},{"@type":"ImageObject","inLanguage":"pt-PT","@id":"https:\/\/iberoid-shop.com\/pt\/product\/pack3-clenotech-clenbuterol\/#primaryimage","url":"https:\/\/iberoid-shop.com\/wp-content\/uploads\/2024\/07\/3clenotech-scaled.jpg?v=1721153770","contentUrl":"https:\/\/iberoid-shop.com\/wp-content\/uploads\/2024\/07\/3clenotech-scaled.jpg?v=1721153770","width":2560,"height":1611,"caption":"PACK3 CLENOTECH \/ clenbuterol"},{"@type":"BreadcrumbList","@id":"https:\/\/iberoid-shop.com\/pt\/product\/pack3-clenotech-clenbuterol\/#breadcrumb","itemListElement":[{"@type":"ListItem","position":1,"name":"Portada","item":"https:\/\/iberoid-shop.com\/pt\/"},{"@type":"ListItem","position":2,"name":"Loja","item":"https:\/\/iberoid-shop.com\/pt\/shop\/"},{"@type":"ListItem","position":3,"name":"PACK 3 CLENOTECH \/ clenbuterol"}]},{"@type":"WebSite","@id":"https:\/\/iberoid-shop.com\/pt\/#website","url":"https:\/\/iberoid-shop.com\/pt\/","name":"Ester\u00f3ides Online","description":"Compre ester\u00f3ides online hoje em Espanha e Portugal. Temos o melhor servi\u00e7o ao cliente do setor e produtos da mais alta qualidade","potentialAction":[{"@type":"SearchAction","target":{"@type":"EntryPoint","urlTemplate":"https:\/\/iberoid-shop.com\/pt\/?s={search_term_string}"},"query-input":{"@type":"PropertyValueSpecification","valueRequired":true,"valueName":"search_term_string"}}],"inLanguage":"pt-PT"}]},"product_brand":"Canada Biotech Peptides","product_price_amount":"40.00","product_price_currency":"EUR","og_availability":"out of stock","product_availability":"out of stock","product_condition":"new"},"_links":{"self":[{"href":"https:\/\/iberoid-shop.com\/pt\/wp-json\/wp\/v2\/product\/9550","targetHints":{"allow":["GET"]}}],"collection":[{"href":"https:\/\/iberoid-shop.com\/pt\/wp-json\/wp\/v2\/product"}],"about":[{"href":"https:\/\/iberoid-shop.com\/pt\/wp-json\/wp\/v2\/types\/product"}],"replies":[{"embeddable":true,"href":"https:\/\/iberoid-shop.com\/pt\/wp-json\/wp\/v2\/comments?post=9550"}],"wp:featuredmedia":[{"embeddable":true,"href":"https:\/\/iberoid-shop.com\/pt\/wp-json\/wp\/v2\/media\/9551"}],"wp:attachment":[{"href":"https:\/\/iberoid-shop.com\/pt\/wp-json\/wp\/v2\/media?parent=9550"}],"wp:term":[{"taxonomy":"product_brand","embeddable":true,"href":"https:\/\/iberoid-shop.com\/pt\/wp-json\/wp\/v2\/product_brand?post=9550"},{"taxonomy":"product_cat","embeddable":true,"href":"https:\/\/iberoid-shop.com\/pt\/wp-json\/wp\/v2\/product_cat?post=9550"},{"taxonomy":"product_tag","embeddable":true,"href":"https:\/\/iberoid-shop.com\/pt\/wp-json\/wp\/v2\/product_tag?post=9550"}],"curies":[{"name":"wp","href":"https:\/\/api.w.org\/{rel}","templated":true}]}}