{"id":9517,"date":"2024-07-06T15:38:14","date_gmt":"2024-07-06T15:38:14","guid":{"rendered":"https:\/\/iberoid-shop.com\/?post_type=product&#038;p=9517"},"modified":"2025-08-30T09:48:53","modified_gmt":"2025-08-30T09:48:53","slug":"bacteriostatic-water","status":"publish","type":"product","link":"https:\/\/iberoid-shop.com\/pt\/product\/bacteriostatic-water\/","title":{"rendered":"\u00c1gua bacteriost\u00e1tica"},"content":{"rendered":"<p><strong>\u00c1gua bacteriost\u00e1tica <\/strong>para inje\u00e7\u00e3o \u00e9 \u00e1gua est\u00e9ril e apirog\u00eanica que cont\u00e9m 0,9% de \u00e1lcool benz\u00edlico (9mg\/mL) adicionado como conservante bacteriost\u00e1tico.<\/p>\n<p>Esta prepara\u00e7\u00e3o de \u00e1gua est\u00e9ril e \u00e1lcool benz\u00edlico ( BnOH ) permite retiradas repetidas de um \u00fanico frasco pl\u00e1stico de 30mL.<\/p>\n<p>A diferen\u00e7a entre \u00e1gua bacteriost\u00e1tica e \u00e1gua est\u00e9ril \u00e9 que outras \u00e1guas est\u00e9reis para inje\u00e7\u00e3o n\u00e3o cont\u00eam agente bacteriost\u00e1tico. Portanto, s\u00e3o frascos de dose \u00fanica e devem ser descartados ap\u00f3s uso \u00fanico.<\/p>\n<p>A \u00e1gua \u00e9 um constituinte essencial de todos os tecidos do corpo e representa aproximadamente 70% do peso corporal total. A necessidade di\u00e1ria m\u00e9dia normal de um adulto varia de dois a tr\u00eas litros (1,0 a 1,5 litros cada para perda insens\u00edvel de \u00e1gua pela transpira\u00e7\u00e3o e produ\u00e7\u00e3o de urina).<\/p>\n<p>O equil\u00edbrio h\u00eddrico \u00e9 mantido por v\u00e1rios mecanismos reguladores. A distribui\u00e7\u00e3o de \u00e1gua depende principalmente da concentra\u00e7\u00e3o de eletr\u00f3litos nos compartimentos corporais e o s\u00f3dio (Na + ) desempenha um papel importante na manuten\u00e7\u00e3o do equil\u00edbrio fisiol\u00f3gico.<\/p>\n<h1>INDICA\u00c7\u00d5ES E USO de \u00c1gua Bacteriost\u00e1tica<\/h1>\n<p>Esta prepara\u00e7\u00e3o parenteral \u00e9 indicada apenas para dilui\u00e7\u00e3o ou dissolu\u00e7\u00e3o de medicamentos para inje\u00e7\u00e3o intravenosa, intramuscular ou subcut\u00e2nea, conforme instru\u00e7\u00f5es fornecidas pelo fabricante do medicamento a ser administrado.<\/p>\n<h1>CONTRA-INDICA\u00c7\u00d5ES<\/h1>\n<p>Devido \u00e0 potencial toxicidade do \u00e1lcool benz\u00edlico em neonatos, \u00e9 imperativo evitar o uso de solu\u00e7\u00f5es contendo \u00e1lcool benz\u00edlico nesta popula\u00e7\u00e3o de pacientes.<\/p>\n<p>N\u00e3o use prepara\u00e7\u00f5es parenterais com \u00e1lcool benz\u00edlico para reposi\u00e7\u00e3o de fluidos.<\/p>\n<p>Evite usar prepara\u00e7\u00f5es parenterais contendo \u00e1lcool benz\u00edlico em procedimentos de anestesia peridural ou raquidiana.<\/p>\n<p>A administra\u00e7\u00e3o intravenosa de \u00e1gua bacteriost\u00e1tica para inje\u00e7\u00e3o sem soluto pode resultar em hem\u00f3lise.<\/p>\n<h1>PRECAU\u00c7\u00d5ES<\/h1>\n<p>N\u00e3o injete inje\u00e7\u00e3o, USP por via intravenosa, a menos que os aditivos resultem em uma mistura isot\u00f4nica aproximada. Al\u00e9m disso,<\/p>\n<p>consulte as instru\u00e7\u00f5es do fabricante para a dissolu\u00e7\u00e3o adequada do medicamento, via de inje\u00e7\u00e3o e taxa. Adicionalmente,<\/p>\n<p>inspecionar os medicamentos reconstitu\u00eddos (dilu\u00eddos ou dissolvidos) quanto \u00e0 clareza (se sol\u00faveis) e aus\u00eancia de precipita\u00e7\u00e3o ou descolora\u00e7\u00e3o inesperada antes da administra\u00e7\u00e3o.<\/p>","protected":false},"excerpt":{"rendered":"<p>\u00c1gua bacteriost\u00e1tica para inje\u00e7\u00e3o \u00e9 \u00e1gua est\u00e9ril e apirog\u00eanica que cont\u00e9m 0,9% de \u00e1lcool benz\u00edlico (9mg\/mL) adicionado como conservante bacteriost\u00e1tico.<\/p>\n","protected":false},"featured_media":9519,"comment_status":"open","ping_status":"closed","template":"","meta":[],"product_brand":[],"product_cat":[69],"product_tag":[],"class_list":{"0":"post-9517","1":"product","2":"type-product","3":"status-publish","4":"has-post-thumbnail","6":"product_cat-esteroides_inyectables","8":"first","9":"outofstock","10":"shipping-taxable","11":"purchasable","12":"product-type-simple"},"yoast_head":"<!-- This site is optimized with the Yoast SEO Premium plugin v24.4 (Yoast SEO v27.0) - https:\/\/yoast.com\/product\/yoast-seo-premium-wordpress\/ -->\n<title>\u00c1gua bacteriost\u00e1tica - Ester\u00f3ides Online<\/title>\n<meta name=\"description\" content=\"Bacteriostatic Water\u00a0is sterile, non-pyrogenic water that contains 0.9% benzyl alcohol (9mg\/mL) added as a bacteriostatic preservative.\" \/>\n<meta name=\"robots\" content=\"index, follow, max-snippet:-1, max-image-preview:large, max-video-preview:-1\" \/>\n<link rel=\"canonical\" href=\"https:\/\/iberoid-shop.com\/pt\/product\/bacteriostatic-water\/\" \/>\n<meta property=\"og:locale\" content=\"pt_PT\" \/>\n<meta property=\"og:type\" content=\"article\" \/>\n<meta property=\"og:title\" content=\"\u00c1gua bacteriost\u00e1tica\" \/>\n<meta property=\"og:description\" content=\"Bacteriostatic Water\u00a0is sterile, non-pyrogenic water that contains 0.9% benzyl alcohol (9mg\/mL) added as a bacteriostatic preservative.\" \/>\n<meta property=\"og:url\" content=\"https:\/\/iberoid-shop.com\/pt\/product\/bacteriostatic-water\/\" \/>\n<meta property=\"og:site_name\" content=\"Ester\u00f3ides Online\" \/>\n<meta property=\"article:modified_time\" content=\"2025-08-30T09:48:53+00:00\" \/>\n<meta property=\"og:image\" content=\"https:\/\/iberoid-shop.com\/wp-content\/uploads\/2024\/07\/apa-1-scaled.jpg?v=1720280212\" \/>\n\t<meta property=\"og:image:width\" content=\"1920\" \/>\n\t<meta property=\"og:image:height\" content=\"2560\" \/>\n\t<meta property=\"og:image:type\" content=\"image\/jpeg\" \/>\n<meta name=\"twitter:card\" content=\"summary_large_image\" \/>\n<meta name=\"twitter:label1\" content=\"pre\u00e7o\" \/>\n\t<meta name=\"twitter:data1\" content=\"&euro;12.00\" \/>\n\t<meta name=\"twitter:label2\" content=\"Disponibilidade\" \/>\n\t<meta name=\"twitter:data2\" content=\"Esgotado\" \/>\n<script type=\"application\/ld+json\" class=\"yoast-schema-graph\">{\"@context\":\"https:\/\/schema.org\",\"@graph\":[{\"@type\":\"WebPage\",\"@id\":\"https:\/\/iberoid-shop.com\/pt\/product\/bacteriostatic-water\/\",\"url\":\"https:\/\/iberoid-shop.com\/pt\/product\/bacteriostatic-water\/\",\"name\":\"\u00c1gua bacteriost\u00e1tica - Ester\u00f3ides Online\",\"isPartOf\":{\"@id\":\"https:\/\/iberoid-shop.com\/pt\/#website\"},\"primaryImageOfPage\":{\"@id\":\"https:\/\/iberoid-shop.com\/pt\/product\/bacteriostatic-water\/#primaryimage\"},\"image\":{\"@id\":\"https:\/\/iberoid-shop.com\/pt\/product\/bacteriostatic-water\/#primaryimage\"},\"thumbnailUrl\":\"https:\/\/iberoid-shop.com\/wp-content\/uploads\/2024\/07\/apa-1-scaled.jpg?v=1720280212\",\"datePublished\":\"2024-07-06T15:38:14+00:00\",\"dateModified\":\"2025-08-30T09:48:53+00:00\",\"description\":\"Bacteriostatic Water\u00a0is sterile, non-pyrogenic water that contains 0.9% benzyl alcohol (9mg\/mL) added as a bacteriostatic preservative.\",\"breadcrumb\":{\"@id\":\"https:\/\/iberoid-shop.com\/pt\/product\/bacteriostatic-water\/#breadcrumb\"},\"inLanguage\":\"pt-PT\",\"potentialAction\":[{\"@type\":\"ReadAction\",\"target\":[[\"https:\/\/iberoid-shop.com\/pt\/product\/bacteriostatic-water\/\"]]}]},{\"@type\":\"ImageObject\",\"inLanguage\":\"pt-PT\",\"@id\":\"https:\/\/iberoid-shop.com\/pt\/product\/bacteriostatic-water\/#primaryimage\",\"url\":\"https:\/\/iberoid-shop.com\/wp-content\/uploads\/2024\/07\/apa-1-scaled.jpg?v=1720280212\",\"contentUrl\":\"https:\/\/iberoid-shop.com\/wp-content\/uploads\/2024\/07\/apa-1-scaled.jpg?v=1720280212\",\"width\":1920,\"height\":2560,\"caption\":\"Bacteriostatic Water\"},{\"@type\":\"BreadcrumbList\",\"@id\":\"https:\/\/iberoid-shop.com\/pt\/product\/bacteriostatic-water\/#breadcrumb\",\"itemListElement\":[{\"@type\":\"ListItem\",\"position\":1,\"name\":\"Portada\",\"item\":\"https:\/\/iberoid-shop.com\/pt\/\"},{\"@type\":\"ListItem\",\"position\":2,\"name\":\"Loja\",\"item\":\"https:\/\/iberoid-shop.com\/pt\/shop\/\"},{\"@type\":\"ListItem\",\"position\":3,\"name\":\"\u00c1gua bacteriost\u00e1tica\"}]},{\"@type\":\"WebSite\",\"@id\":\"https:\/\/iberoid-shop.com\/pt\/#website\",\"url\":\"https:\/\/iberoid-shop.com\/pt\/\",\"name\":\"Ester\u00f3ides Online\",\"description\":\"Compre ester\u00f3ides online hoje em Espanha e Portugal. Temos o melhor servi\u00e7o ao cliente do setor e produtos da mais alta qualidade\",\"potentialAction\":[{\"@type\":\"SearchAction\",\"target\":{\"@type\":\"EntryPoint\",\"urlTemplate\":\"https:\/\/iberoid-shop.com\/pt\/?s={search_term_string}\"},\"query-input\":{\"@type\":\"PropertyValueSpecification\",\"valueRequired\":true,\"valueName\":\"search_term_string\"}}],\"inLanguage\":\"pt-PT\"}]}<\/script>\n<meta property=\"product:brand\" content=\"AdamLabs\" \/>\n<meta property=\"product:price:amount\" content=\"12.00\" \/>\n<meta property=\"product:price:currency\" content=\"EUR\" \/>\n<meta property=\"og:availability\" content=\"out of stock\" \/>\n<meta property=\"product:availability\" content=\"out of stock\" \/>\n<meta property=\"product:condition\" content=\"new\" \/>\n<!-- \/ Yoast SEO Premium plugin. -->","yoast_head_json":{"title":"\u00c1gua bacteriost\u00e1tica - Ester\u00f3ides Online","description":"Bacteriostatic Water\u00a0is sterile, non-pyrogenic water that contains 0.9% benzyl alcohol (9mg\/mL) added as a bacteriostatic preservative.","robots":{"index":"index","follow":"follow","max-snippet":"max-snippet:-1","max-image-preview":"max-image-preview:large","max-video-preview":"max-video-preview:-1"},"canonical":"https:\/\/iberoid-shop.com\/pt\/product\/bacteriostatic-water\/","og_locale":"pt_PT","og_type":"article","og_title":"\u00c1gua bacteriost\u00e1tica","og_description":"Bacteriostatic Water\u00a0is sterile, non-pyrogenic water that contains 0.9% benzyl alcohol (9mg\/mL) added as a bacteriostatic preservative.","og_url":"https:\/\/iberoid-shop.com\/pt\/product\/bacteriostatic-water\/","og_site_name":"Ester\u00f3ides Online","article_modified_time":"2025-08-30T09:48:53+00:00","og_image":[{"width":1920,"height":2560,"url":"https:\/\/iberoid-shop.com\/wp-content\/uploads\/2024\/07\/apa-1-scaled.jpg?v=1720280212","type":"image\/jpeg"}],"twitter_card":"summary_large_image","twitter_misc":{"pre\u00e7o":"&euro;12.00","Disponibilidade":"Esgotado"},"schema":{"@context":"https:\/\/schema.org","@graph":[{"@type":"WebPage","@id":"https:\/\/iberoid-shop.com\/pt\/product\/bacteriostatic-water\/","url":"https:\/\/iberoid-shop.com\/pt\/product\/bacteriostatic-water\/","name":"\u00c1gua bacteriost\u00e1tica - Ester\u00f3ides Online","isPartOf":{"@id":"https:\/\/iberoid-shop.com\/pt\/#website"},"primaryImageOfPage":{"@id":"https:\/\/iberoid-shop.com\/pt\/product\/bacteriostatic-water\/#primaryimage"},"image":{"@id":"https:\/\/iberoid-shop.com\/pt\/product\/bacteriostatic-water\/#primaryimage"},"thumbnailUrl":"https:\/\/iberoid-shop.com\/wp-content\/uploads\/2024\/07\/apa-1-scaled.jpg?v=1720280212","datePublished":"2024-07-06T15:38:14+00:00","dateModified":"2025-08-30T09:48:53+00:00","description":"Bacteriostatic Water\u00a0is sterile, non-pyrogenic water that contains 0.9% benzyl alcohol (9mg\/mL) added as a bacteriostatic preservative.","breadcrumb":{"@id":"https:\/\/iberoid-shop.com\/pt\/product\/bacteriostatic-water\/#breadcrumb"},"inLanguage":"pt-PT","potentialAction":[{"@type":"ReadAction","target":[["https:\/\/iberoid-shop.com\/pt\/product\/bacteriostatic-water\/"]]}]},{"@type":"ImageObject","inLanguage":"pt-PT","@id":"https:\/\/iberoid-shop.com\/pt\/product\/bacteriostatic-water\/#primaryimage","url":"https:\/\/iberoid-shop.com\/wp-content\/uploads\/2024\/07\/apa-1-scaled.jpg?v=1720280212","contentUrl":"https:\/\/iberoid-shop.com\/wp-content\/uploads\/2024\/07\/apa-1-scaled.jpg?v=1720280212","width":1920,"height":2560,"caption":"Bacteriostatic Water"},{"@type":"BreadcrumbList","@id":"https:\/\/iberoid-shop.com\/pt\/product\/bacteriostatic-water\/#breadcrumb","itemListElement":[{"@type":"ListItem","position":1,"name":"Portada","item":"https:\/\/iberoid-shop.com\/pt\/"},{"@type":"ListItem","position":2,"name":"Loja","item":"https:\/\/iberoid-shop.com\/pt\/shop\/"},{"@type":"ListItem","position":3,"name":"\u00c1gua bacteriost\u00e1tica"}]},{"@type":"WebSite","@id":"https:\/\/iberoid-shop.com\/pt\/#website","url":"https:\/\/iberoid-shop.com\/pt\/","name":"Ester\u00f3ides Online","description":"Compre ester\u00f3ides online hoje em Espanha e Portugal. Temos o melhor servi\u00e7o ao cliente do setor e produtos da mais alta qualidade","potentialAction":[{"@type":"SearchAction","target":{"@type":"EntryPoint","urlTemplate":"https:\/\/iberoid-shop.com\/pt\/?s={search_term_string}"},"query-input":{"@type":"PropertyValueSpecification","valueRequired":true,"valueName":"search_term_string"}}],"inLanguage":"pt-PT"}]},"product_brand":"AdamLabs","product_price_amount":"12.00","product_price_currency":"EUR","og_availability":"out of stock","product_availability":"out of stock","product_condition":"new"},"_links":{"self":[{"href":"https:\/\/iberoid-shop.com\/pt\/wp-json\/wp\/v2\/product\/9517","targetHints":{"allow":["GET"]}}],"collection":[{"href":"https:\/\/iberoid-shop.com\/pt\/wp-json\/wp\/v2\/product"}],"about":[{"href":"https:\/\/iberoid-shop.com\/pt\/wp-json\/wp\/v2\/types\/product"}],"replies":[{"embeddable":true,"href":"https:\/\/iberoid-shop.com\/pt\/wp-json\/wp\/v2\/comments?post=9517"}],"wp:featuredmedia":[{"embeddable":true,"href":"https:\/\/iberoid-shop.com\/pt\/wp-json\/wp\/v2\/media\/9519"}],"wp:attachment":[{"href":"https:\/\/iberoid-shop.com\/pt\/wp-json\/wp\/v2\/media?parent=9517"}],"wp:term":[{"taxonomy":"product_brand","embeddable":true,"href":"https:\/\/iberoid-shop.com\/pt\/wp-json\/wp\/v2\/product_brand?post=9517"},{"taxonomy":"product_cat","embeddable":true,"href":"https:\/\/iberoid-shop.com\/pt\/wp-json\/wp\/v2\/product_cat?post=9517"},{"taxonomy":"product_tag","embeddable":true,"href":"https:\/\/iberoid-shop.com\/pt\/wp-json\/wp\/v2\/product_tag?post=9517"}],"curies":[{"name":"wp","href":"https:\/\/api.w.org\/{rel}","templated":true}]}}