{"id":9496,"date":"2024-06-19T12:15:25","date_gmt":"2024-06-19T12:15:25","guid":{"rendered":"https:\/\/iberoid-shop.com\/?post_type=product&#038;p=9496"},"modified":"2025-06-13T12:53:33","modified_gmt":"2025-06-13T12:53:33","slug":"sustanon","status":"publish","type":"product","link":"https:\/\/iberoid-shop.com\/pt\/product\/sustanon\/","title":{"rendered":"SUSTANON"},"content":{"rendered":"<p><strong>SUSTANON \/10 ampolas<\/strong><\/p>\n<p>Sustoged \u00e9 um medicamento ester\u00f3ide produzido pela Euro Prime Pharmaceuticals, uma empresa farmac\u00eautica da Mold\u00e1via. O medicamento apresenta-se sob a forma de inje\u00e7\u00f5es e cont\u00e9m ingredientes ativos: 30 mg de propionato de testosterona, 60 mg de fenilpropionato de testosterona, 60 mg de isocaproato de testosterona e 100 mg de decanoato de testosterona, juntamente com excipientes adicionais. Inicialmente, os m\u00e9dicos utilizaram o medicamento na medicina, onde o tratamento requer a administra\u00e7\u00e3o da hormona masculina testosterona para o normal funcionamento das fun\u00e7\u00f5es vitais do corpo humano.<\/p>\n<p>Nos desportos modernos, os atletas consideram-no uma droga essencial nos cursos de ester\u00f3ides para ganhar massa muscular qualitativamente e aumentar a for\u00e7a.<\/p>\n<p>O medicamento tem uma a\u00e7\u00e3o de longa dura\u00e7\u00e3o devido aos seus quatro \u00e9steres de testosterona diferentes, que come\u00e7am a atuar imediatamente ap\u00f3s a administra\u00e7\u00e3o. Os atletas podem obter resultados positivos injetando Sustanon EPF uma vez por semana em combina\u00e7\u00e3o com atividade f\u00edsica e uma nutri\u00e7\u00e3o desportiva devidamente equilibrada. \u00c9 utilizado na muscula\u00e7\u00e3o, levantamento de peso e levantamento de peso.<\/p>\n<p><strong>Que propriedades s\u00e3o inerentes ao SUSTANON<\/strong><\/p>\n<p>Sustoged caracteriza-se por um efeito positivo no organismo do atleta:<\/p>\n<p>eficaz na constru\u00e7\u00e3o muscular r\u00e1pida,<br \/>\najuda a aumentar a capacidade f\u00edsica,<br \/>\nmelhora o apetite,<br \/>\naumenta significativamente a libido durante o curso,<br \/>\najuda a restaurar a for\u00e7a e a energia ap\u00f3s o treino desportivo,<br \/>\nn\u00e3o ret\u00e9m l\u00edquidos no organismo.<\/p>\n<p>As cr\u00edticas sobre o Euro Prime Sustanon deixadas pelos atletas profissionais confirmam a racionalidade de fazer um curso com o Sustoged. A a\u00e7\u00e3o do medicamento visa a ativa\u00e7\u00e3o e forma\u00e7\u00e3o de an\u00e9is sangu\u00edneos e gl\u00f3bulos vermelhos, o que melhora a oxigena\u00e7\u00e3o das fibras musculares. Como resultado, o atleta tolera mais facilmente a atividade f\u00edsica. Devido \u00e0 a\u00e7\u00e3o prolongada, o aumento m\u00ednimo de massa muscular para um curso a solo \u00e9 de 4 quilos, e com uma dieta adequada e uma s\u00e9rie de exerc\u00edcios desportivos, pode adicionar 10 quilos de peso. Quando administrado, o medicamento n\u00e3o causa ardor, desconforto e incha\u00e7o no local da inje\u00e7\u00e3o.<\/p>\n<p><strong>Caracter\u00edsticas de tomar Sustoged<\/strong><\/p>\n<p>A dura\u00e7\u00e3o do curso e a dosagem ideal s\u00e3o definidas por um m\u00e9dico ou treinador desportivo qualificado, orientado pelos dados f\u00edsicos do atleta e pelos objetivos tra\u00e7ados.<\/p>\n<p>A dosagem ideal para um atleta principiante \u00e9 de 250 mg por via intramuscular uma vez por semana. Para atletas mais avan\u00e7ados, para aumentar a performance, a dose semanal \u00e9 de 500-750 mg.<\/p>\n<p>Os cursos combinados de Sustanon EPF com medicamentos ester\u00f3ides orais, como o Turinabol, s\u00e3o muito eficazes. Com a ajuda deles, pode obter m\u00fasculos de alta qualidade e aumentar a for\u00e7a. Funcionam muito bem em conjunto com Stanozolol ou Oxandrolona. As combina\u00e7\u00f5es com Danabol, Anabol e Metano devem ser tratadas com precau\u00e7\u00e3o, pois podem provocar a acumula\u00e7\u00e3o de excesso de l\u00edquidos e a forma\u00e7\u00e3o de uma camada de gordura.<\/p>","protected":false},"excerpt":{"rendered":"<p>SUSTANON \/10 ampolas Sustoged \u00e9 um medicamento ester\u00f3ide produzido pela Euro Prime Pharmaceuticals, uma empresa farmac\u00eautica da Mold\u00e1via. O medicamento<\/p>\n","protected":false},"featured_media":9498,"comment_status":"open","ping_status":"closed","template":"","meta":[],"product_brand":[],"product_cat":[69],"product_tag":[],"class_list":{"0":"post-9496","1":"product","2":"type-product","3":"status-publish","4":"has-post-thumbnail","6":"product_cat-esteroides_inyectables","8":"first","9":"outofstock","10":"sale","11":"shipping-taxable","12":"purchasable","13":"product-type-simple"},"yoast_head":"<!-- This site is optimized with the Yoast SEO Premium plugin v24.4 (Yoast SEO v27.0) - https:\/\/yoast.com\/product\/yoast-seo-premium-wordpress\/ -->\n<title>SUSTANON buy online - best price at Ester\u00f3ides Online<\/title>\n<meta name=\"description\" content=\"Sustanon is a steroid drug that Euro Prime Pharmaceuticals, a Moldovan pharmaceutical company, produces. The drug comes in the form of injections and\" \/>\n<meta name=\"robots\" content=\"index, follow, max-snippet:-1, max-image-preview:large, max-video-preview:-1\" \/>\n<link rel=\"canonical\" href=\"https:\/\/iberoid-shop.com\/pt\/product\/sustanon\/\" \/>\n<meta property=\"og:locale\" content=\"pt_PT\" \/>\n<meta property=\"og:type\" content=\"article\" \/>\n<meta property=\"og:title\" content=\"SUSTANON\" \/>\n<meta property=\"og:description\" content=\"Sustanon is a steroid drug that Euro Prime Pharmaceuticals, a Moldovan pharmaceutical company, produces. The drug comes in the form of injections and\" \/>\n<meta property=\"og:url\" content=\"https:\/\/iberoid-shop.com\/pt\/product\/sustanon\/\" \/>\n<meta property=\"og:site_name\" content=\"Ester\u00f3ides Online\" \/>\n<meta property=\"article:modified_time\" content=\"2025-06-13T12:53:33+00:00\" \/>\n<meta property=\"og:image\" content=\"https:\/\/iberoid-shop.com\/wp-content\/uploads\/2024\/06\/sus.jpg?v=1718799298\" \/>\n\t<meta property=\"og:image:width\" content=\"594\" \/>\n\t<meta property=\"og:image:height\" content=\"627\" \/>\n\t<meta property=\"og:image:type\" content=\"image\/jpeg\" \/>\n<meta name=\"twitter:card\" content=\"summary_large_image\" \/>\n<meta name=\"twitter:label1\" content=\"pre\u00e7o\" \/>\n\t<meta name=\"twitter:data1\" content=\"&euro;45.00\" \/>\n\t<meta name=\"twitter:label2\" content=\"Disponibilidade\" \/>\n\t<meta name=\"twitter:data2\" content=\"Esgotado\" \/>\n<script type=\"application\/ld+json\" class=\"yoast-schema-graph\">{\"@context\":\"https:\/\/schema.org\",\"@graph\":[{\"@type\":\"WebPage\",\"@id\":\"https:\/\/iberoid-shop.com\/pt\/product\/sustanon\/\",\"url\":\"https:\/\/iberoid-shop.com\/pt\/product\/sustanon\/\",\"name\":\"SUSTANON buy online - best price at Ester\u00f3ides Online\",\"isPartOf\":{\"@id\":\"https:\/\/iberoid-shop.com\/pt\/#website\"},\"primaryImageOfPage\":{\"@id\":\"https:\/\/iberoid-shop.com\/pt\/product\/sustanon\/#primaryimage\"},\"image\":{\"@id\":\"https:\/\/iberoid-shop.com\/pt\/product\/sustanon\/#primaryimage\"},\"thumbnailUrl\":\"https:\/\/iberoid-shop.com\/wp-content\/uploads\/2024\/06\/sus.jpg?v=1718799298\",\"datePublished\":\"2024-06-19T12:15:25+00:00\",\"dateModified\":\"2025-06-13T12:53:33+00:00\",\"description\":\"Sustanon is a steroid drug that Euro Prime Pharmaceuticals, a Moldovan pharmaceutical company, produces. The drug comes in the form of injections and\",\"breadcrumb\":{\"@id\":\"https:\/\/iberoid-shop.com\/pt\/product\/sustanon\/#breadcrumb\"},\"inLanguage\":\"pt-PT\",\"potentialAction\":[{\"@type\":\"ReadAction\",\"target\":[[\"https:\/\/iberoid-shop.com\/pt\/product\/sustanon\/\"]]}]},{\"@type\":\"ImageObject\",\"inLanguage\":\"pt-PT\",\"@id\":\"https:\/\/iberoid-shop.com\/pt\/product\/sustanon\/#primaryimage\",\"url\":\"https:\/\/iberoid-shop.com\/wp-content\/uploads\/2024\/06\/sus.jpg?v=1718799298\",\"contentUrl\":\"https:\/\/iberoid-shop.com\/wp-content\/uploads\/2024\/06\/sus.jpg?v=1718799298\",\"width\":594,\"height\":627,\"caption\":\"Sustanon , sustoged\"},{\"@type\":\"BreadcrumbList\",\"@id\":\"https:\/\/iberoid-shop.com\/pt\/product\/sustanon\/#breadcrumb\",\"itemListElement\":[{\"@type\":\"ListItem\",\"position\":1,\"name\":\"Portada\",\"item\":\"https:\/\/iberoid-shop.com\/pt\/\"},{\"@type\":\"ListItem\",\"position\":2,\"name\":\"Loja\",\"item\":\"https:\/\/iberoid-shop.com\/pt\/shop\/\"},{\"@type\":\"ListItem\",\"position\":3,\"name\":\"SUSTANON\"}]},{\"@type\":\"WebSite\",\"@id\":\"https:\/\/iberoid-shop.com\/pt\/#website\",\"url\":\"https:\/\/iberoid-shop.com\/pt\/\",\"name\":\"Ester\u00f3ides Online\",\"description\":\"Compre ester\u00f3ides online hoje em Espanha e Portugal. Temos o melhor servi\u00e7o ao cliente do setor e produtos da mais alta qualidade\",\"potentialAction\":[{\"@type\":\"SearchAction\",\"target\":{\"@type\":\"EntryPoint\",\"urlTemplate\":\"https:\/\/iberoid-shop.com\/pt\/?s={search_term_string}\"},\"query-input\":{\"@type\":\"PropertyValueSpecification\",\"valueRequired\":true,\"valueName\":\"search_term_string\"}}],\"inLanguage\":\"pt-PT\"}]}<\/script>\n<meta property=\"product:brand\" content=\"Euro Prime Pharmaceuticals (EPF)\" \/>\n<meta property=\"product:price:amount\" content=\"45.00\" \/>\n<meta property=\"product:price:currency\" content=\"EUR\" \/>\n<meta property=\"og:availability\" content=\"out of stock\" \/>\n<meta property=\"product:availability\" content=\"out of stock\" \/>\n<meta property=\"product:condition\" content=\"new\" \/>\n<!-- \/ Yoast SEO Premium plugin. -->","yoast_head_json":{"title":"SUSTANON buy online - best price at Ester\u00f3ides Online","description":"Sustanon is a steroid drug that Euro Prime Pharmaceuticals, a Moldovan pharmaceutical company, produces. The drug comes in the form of injections and","robots":{"index":"index","follow":"follow","max-snippet":"max-snippet:-1","max-image-preview":"max-image-preview:large","max-video-preview":"max-video-preview:-1"},"canonical":"https:\/\/iberoid-shop.com\/pt\/product\/sustanon\/","og_locale":"pt_PT","og_type":"article","og_title":"SUSTANON","og_description":"Sustanon is a steroid drug that Euro Prime Pharmaceuticals, a Moldovan pharmaceutical company, produces. The drug comes in the form of injections and","og_url":"https:\/\/iberoid-shop.com\/pt\/product\/sustanon\/","og_site_name":"Ester\u00f3ides Online","article_modified_time":"2025-06-13T12:53:33+00:00","og_image":[{"width":594,"height":627,"url":"https:\/\/iberoid-shop.com\/wp-content\/uploads\/2024\/06\/sus.jpg?v=1718799298","type":"image\/jpeg"}],"twitter_card":"summary_large_image","twitter_misc":{"pre\u00e7o":"&euro;45.00","Disponibilidade":"Esgotado"},"schema":{"@context":"https:\/\/schema.org","@graph":[{"@type":"WebPage","@id":"https:\/\/iberoid-shop.com\/pt\/product\/sustanon\/","url":"https:\/\/iberoid-shop.com\/pt\/product\/sustanon\/","name":"SUSTANON buy online - best price at Ester\u00f3ides Online","isPartOf":{"@id":"https:\/\/iberoid-shop.com\/pt\/#website"},"primaryImageOfPage":{"@id":"https:\/\/iberoid-shop.com\/pt\/product\/sustanon\/#primaryimage"},"image":{"@id":"https:\/\/iberoid-shop.com\/pt\/product\/sustanon\/#primaryimage"},"thumbnailUrl":"https:\/\/iberoid-shop.com\/wp-content\/uploads\/2024\/06\/sus.jpg?v=1718799298","datePublished":"2024-06-19T12:15:25+00:00","dateModified":"2025-06-13T12:53:33+00:00","description":"Sustanon is a steroid drug that Euro Prime Pharmaceuticals, a Moldovan pharmaceutical company, produces. The drug comes in the form of injections and","breadcrumb":{"@id":"https:\/\/iberoid-shop.com\/pt\/product\/sustanon\/#breadcrumb"},"inLanguage":"pt-PT","potentialAction":[{"@type":"ReadAction","target":[["https:\/\/iberoid-shop.com\/pt\/product\/sustanon\/"]]}]},{"@type":"ImageObject","inLanguage":"pt-PT","@id":"https:\/\/iberoid-shop.com\/pt\/product\/sustanon\/#primaryimage","url":"https:\/\/iberoid-shop.com\/wp-content\/uploads\/2024\/06\/sus.jpg?v=1718799298","contentUrl":"https:\/\/iberoid-shop.com\/wp-content\/uploads\/2024\/06\/sus.jpg?v=1718799298","width":594,"height":627,"caption":"Sustanon , sustoged"},{"@type":"BreadcrumbList","@id":"https:\/\/iberoid-shop.com\/pt\/product\/sustanon\/#breadcrumb","itemListElement":[{"@type":"ListItem","position":1,"name":"Portada","item":"https:\/\/iberoid-shop.com\/pt\/"},{"@type":"ListItem","position":2,"name":"Loja","item":"https:\/\/iberoid-shop.com\/pt\/shop\/"},{"@type":"ListItem","position":3,"name":"SUSTANON"}]},{"@type":"WebSite","@id":"https:\/\/iberoid-shop.com\/pt\/#website","url":"https:\/\/iberoid-shop.com\/pt\/","name":"Ester\u00f3ides Online","description":"Compre ester\u00f3ides online hoje em Espanha e Portugal. Temos o melhor servi\u00e7o ao cliente do setor e produtos da mais alta qualidade","potentialAction":[{"@type":"SearchAction","target":{"@type":"EntryPoint","urlTemplate":"https:\/\/iberoid-shop.com\/pt\/?s={search_term_string}"},"query-input":{"@type":"PropertyValueSpecification","valueRequired":true,"valueName":"search_term_string"}}],"inLanguage":"pt-PT"}]},"product_brand":"Euro Prime Pharmaceuticals (EPF)","product_price_amount":"45.00","product_price_currency":"EUR","og_availability":"out of stock","product_availability":"out of stock","product_condition":"new"},"_links":{"self":[{"href":"https:\/\/iberoid-shop.com\/pt\/wp-json\/wp\/v2\/product\/9496","targetHints":{"allow":["GET"]}}],"collection":[{"href":"https:\/\/iberoid-shop.com\/pt\/wp-json\/wp\/v2\/product"}],"about":[{"href":"https:\/\/iberoid-shop.com\/pt\/wp-json\/wp\/v2\/types\/product"}],"replies":[{"embeddable":true,"href":"https:\/\/iberoid-shop.com\/pt\/wp-json\/wp\/v2\/comments?post=9496"}],"wp:featuredmedia":[{"embeddable":true,"href":"https:\/\/iberoid-shop.com\/pt\/wp-json\/wp\/v2\/media\/9498"}],"wp:attachment":[{"href":"https:\/\/iberoid-shop.com\/pt\/wp-json\/wp\/v2\/media?parent=9496"}],"wp:term":[{"taxonomy":"product_brand","embeddable":true,"href":"https:\/\/iberoid-shop.com\/pt\/wp-json\/wp\/v2\/product_brand?post=9496"},{"taxonomy":"product_cat","embeddable":true,"href":"https:\/\/iberoid-shop.com\/pt\/wp-json\/wp\/v2\/product_cat?post=9496"},{"taxonomy":"product_tag","embeddable":true,"href":"https:\/\/iberoid-shop.com\/pt\/wp-json\/wp\/v2\/product_tag?post=9496"}],"curies":[{"name":"wp","href":"https:\/\/api.w.org\/{rel}","templated":true}]}}