{"id":9493,"date":"2024-06-19T12:13:50","date_gmt":"2024-06-19T12:13:50","guid":{"rendered":"https:\/\/iberoid-shop.com\/?post_type=product&#038;p=9493"},"modified":"2025-10-03T07:57:56","modified_gmt":"2025-10-03T07:57:56","slug":"testoged-e-testosteron-enanthate","status":"publish","type":"product","link":"https:\/\/iberoid-shop.com\/pt\/product\/testoged-e-testosteron-enanthate\/","title":{"rendered":"Testoged E\/ENANTATO DE TESTOSTERONA"},"content":{"rendered":"<p>Testoged E\/ENANTATO DE TESTOSTERONA\/10 ampolas<\/p>\n<p>Testoged E\/TESTOSTERON ENANTHATE \u00e9 um produto enantato de testosterona de alta qualidade fabricado pela EPF (Euro Prime Farmaceuticals). O enantato de testosterona \u00e9 uma hormona ester\u00f3ide injet\u00e1vel de a\u00e7\u00e3o prolongada que imita os efeitos da testosterona natural. \u00c9 amplamente utilizado na medicina para a terapia de reposi\u00e7\u00e3o de testosterona (TRT) e na muscula\u00e7\u00e3o e no atletismo para aumentar a massa muscular, a for\u00e7a e o desempenho atl\u00e9tico geral. A vers\u00e3o EPF Premium indica um produto de qualidade superior, garantindo resultados fi\u00e1veis \u200b\u200be eficazes para os utilizadores que procuram otimizar os seus n\u00edveis hormonais e desempenho f\u00edsico.<\/p>\n<p>Testoged E \u00e9 um ester\u00f3ide que, uma vez no organismo, se converte em estrog\u00e9nio. As pessoas usam Testoged E em curas para o aumento de peso. A dose recomendada varia entre 250 mg e 500 mg por semana, sendo que os indiv\u00edduos devem administrar a inje\u00e7\u00e3o uma vez a cada 3 dias no m\u00fasculo gl\u00fateo. Al\u00e9m disso, como o Testoged E pode interromper a secre\u00e7\u00e3o de testosterona do corpo, os m\u00e9dicos recomendam a terapia p\u00f3s-ciclo que consiste em Clomid e Tamoxifeno.<\/p>\n<p>Testoged E, se administrado nas doses recomendadas e com terapia p\u00f3s-ciclo, corrige ou previne o aparecimento de efeitos secund\u00e1rios. Esta terapia p\u00f3s-ciclo visa regular a produ\u00e7\u00e3o de testosterona do pr\u00f3prio corpo e come\u00e7a duas a tr\u00eas semanas ap\u00f3s a \u00faltima inje\u00e7\u00e3o de testosterona. A cura p\u00f3s-ciclo come\u00e7a ap\u00f3s este per\u00edodo porque a testosterona permanece ativa no corpo at\u00e9 tr\u00eas semanas.<\/p>\n<p>Em qualquer tratamento com ester\u00f3ides, \u00e9 importante seguir algumas regras essenciais para obter os resultados desejados. Respeitar as principais refei\u00e7\u00f5es do dia \u00e9 fundamental. Os alimentos devem ser ricos em prote\u00ednas, vitaminas, antioxidantes. Deve comer carne magra, como carne de vaca, peixe, frango. Os vegetais s\u00e3o importantes. As frutas cont\u00eam antioxidantes e d\u00e3o energia ao organismo.<\/p>","protected":false},"excerpt":{"rendered":"<p>Testoged E\/ENANTATO DE TESTOSTERONA\/10 ampolas Testoged E\/TESTOSTERON ENANTHATE \u00e9 um produto enantato de testosterona de alta qualidade fabricado pela EPF<\/p>\n","protected":false},"featured_media":9495,"comment_status":"open","ping_status":"closed","template":"","meta":[],"product_brand":[],"product_cat":[69],"product_tag":[],"class_list":{"0":"post-9493","1":"product","2":"type-product","3":"status-publish","4":"has-post-thumbnail","6":"product_cat-esteroides_inyectables","8":"first","9":"outofstock","10":"sale","11":"shipping-taxable","12":"purchasable","13":"product-type-simple"},"yoast_head":"<!-- This site is optimized with the Yoast SEO Premium plugin v24.4 (Yoast SEO v27.0) - https:\/\/yoast.com\/product\/yoast-seo-premium-wordpress\/ -->\n<title>Testoged E\/ENANTATO DE TESTOSTERONA - Ester\u00f3ides Online<\/title>\n<meta name=\"description\" content=\"Testoged E \/ TESTOSTERON ENANTHATE is a long-acting injectable steroid hormone that mimics the effects of natural testosterone. It is widely used in\" \/>\n<meta name=\"robots\" content=\"index, follow, max-snippet:-1, max-image-preview:large, max-video-preview:-1\" \/>\n<link rel=\"canonical\" href=\"https:\/\/iberoid-shop.com\/pt\/product\/testoged-e-testosteron-enanthate\/\" \/>\n<meta property=\"og:locale\" content=\"pt_PT\" \/>\n<meta property=\"og:type\" content=\"article\" \/>\n<meta property=\"og:title\" content=\"Testoged E\/ENANTATO DE TESTOSTERONA\" \/>\n<meta property=\"og:description\" content=\"Testoged E \/ TESTOSTERON ENANTHATE is a long-acting injectable steroid hormone that mimics the effects of natural testosterone. It is widely used in\" \/>\n<meta property=\"og:url\" content=\"https:\/\/iberoid-shop.com\/pt\/product\/testoged-e-testosteron-enanthate\/\" \/>\n<meta property=\"og:site_name\" content=\"Ester\u00f3ides Online\" \/>\n<meta property=\"article:modified_time\" content=\"2025-10-03T07:57:56+00:00\" \/>\n<meta property=\"og:image\" content=\"https:\/\/iberoid-shop.com\/wp-content\/uploads\/2024\/06\/te.jpg?v=1718799198\" \/>\n\t<meta property=\"og:image:width\" content=\"594\" \/>\n\t<meta property=\"og:image:height\" content=\"627\" \/>\n\t<meta property=\"og:image:type\" content=\"image\/jpeg\" \/>\n<meta name=\"twitter:card\" content=\"summary_large_image\" \/>\n<meta name=\"twitter:label1\" content=\"pre\u00e7o\" \/>\n\t<meta name=\"twitter:data1\" content=\"&euro;45.00\" \/>\n\t<meta name=\"twitter:label2\" content=\"Disponibilidade\" \/>\n\t<meta name=\"twitter:data2\" content=\"Esgotado\" \/>\n<script type=\"application\/ld+json\" class=\"yoast-schema-graph\">{\"@context\":\"https:\/\/schema.org\",\"@graph\":[{\"@type\":\"WebPage\",\"@id\":\"https:\/\/iberoid-shop.com\/pt\/product\/testoged-e-testosteron-enanthate\/\",\"url\":\"https:\/\/iberoid-shop.com\/pt\/product\/testoged-e-testosteron-enanthate\/\",\"name\":\"Testoged E\/ENANTATO DE TESTOSTERONA - Ester\u00f3ides Online\",\"isPartOf\":{\"@id\":\"https:\/\/iberoid-shop.com\/pt\/#website\"},\"primaryImageOfPage\":{\"@id\":\"https:\/\/iberoid-shop.com\/pt\/product\/testoged-e-testosteron-enanthate\/#primaryimage\"},\"image\":{\"@id\":\"https:\/\/iberoid-shop.com\/pt\/product\/testoged-e-testosteron-enanthate\/#primaryimage\"},\"thumbnailUrl\":\"https:\/\/iberoid-shop.com\/wp-content\/uploads\/2024\/06\/te.jpg?v=1718799198\",\"datePublished\":\"2024-06-19T12:13:50+00:00\",\"dateModified\":\"2025-10-03T07:57:56+00:00\",\"description\":\"Testoged E \/ TESTOSTERON ENANTHATE is a long-acting injectable steroid hormone that mimics the effects of natural testosterone. It is widely used in\",\"breadcrumb\":{\"@id\":\"https:\/\/iberoid-shop.com\/pt\/product\/testoged-e-testosteron-enanthate\/#breadcrumb\"},\"inLanguage\":\"pt-PT\",\"potentialAction\":[{\"@type\":\"ReadAction\",\"target\":[[\"https:\/\/iberoid-shop.com\/pt\/product\/testoged-e-testosteron-enanthate\/\"]]}]},{\"@type\":\"ImageObject\",\"inLanguage\":\"pt-PT\",\"@id\":\"https:\/\/iberoid-shop.com\/pt\/product\/testoged-e-testosteron-enanthate\/#primaryimage\",\"url\":\"https:\/\/iberoid-shop.com\/wp-content\/uploads\/2024\/06\/te.jpg?v=1718799198\",\"contentUrl\":\"https:\/\/iberoid-shop.com\/wp-content\/uploads\/2024\/06\/te.jpg?v=1718799198\",\"width\":594,\"height\":627,\"caption\":\"Testoged E \/ TESTOSTERON ENANTHATE\"},{\"@type\":\"BreadcrumbList\",\"@id\":\"https:\/\/iberoid-shop.com\/pt\/product\/testoged-e-testosteron-enanthate\/#breadcrumb\",\"itemListElement\":[{\"@type\":\"ListItem\",\"position\":1,\"name\":\"Portada\",\"item\":\"https:\/\/iberoid-shop.com\/pt\/\"},{\"@type\":\"ListItem\",\"position\":2,\"name\":\"Loja\",\"item\":\"https:\/\/iberoid-shop.com\/pt\/shop\/\"},{\"@type\":\"ListItem\",\"position\":3,\"name\":\"Testoged E\/ENANTATO DE TESTOSTERONA\"}]},{\"@type\":\"WebSite\",\"@id\":\"https:\/\/iberoid-shop.com\/pt\/#website\",\"url\":\"https:\/\/iberoid-shop.com\/pt\/\",\"name\":\"Ester\u00f3ides Online\",\"description\":\"Compre ester\u00f3ides online hoje em Espanha e Portugal. Temos o melhor servi\u00e7o ao cliente do setor e produtos da mais alta qualidade\",\"potentialAction\":[{\"@type\":\"SearchAction\",\"target\":{\"@type\":\"EntryPoint\",\"urlTemplate\":\"https:\/\/iberoid-shop.com\/pt\/?s={search_term_string}\"},\"query-input\":{\"@type\":\"PropertyValueSpecification\",\"valueRequired\":true,\"valueName\":\"search_term_string\"}}],\"inLanguage\":\"pt-PT\"}]}<\/script>\n<meta property=\"product:price:amount\" content=\"45.00\" \/>\n<meta property=\"product:price:currency\" content=\"EUR\" \/>\n<meta property=\"og:availability\" content=\"out of stock\" \/>\n<meta property=\"product:availability\" content=\"out of stock\" \/>\n<meta property=\"product:condition\" content=\"new\" \/>\n<!-- \/ Yoast SEO Premium plugin. -->","yoast_head_json":{"title":"Testoged E\/ENANTATO DE TESTOSTERONA - Ester\u00f3ides Online","description":"Testoged E \/ TESTOSTERON ENANTHATE is a long-acting injectable steroid hormone that mimics the effects of natural testosterone. It is widely used in","robots":{"index":"index","follow":"follow","max-snippet":"max-snippet:-1","max-image-preview":"max-image-preview:large","max-video-preview":"max-video-preview:-1"},"canonical":"https:\/\/iberoid-shop.com\/pt\/product\/testoged-e-testosteron-enanthate\/","og_locale":"pt_PT","og_type":"article","og_title":"Testoged E\/ENANTATO DE TESTOSTERONA","og_description":"Testoged E \/ TESTOSTERON ENANTHATE is a long-acting injectable steroid hormone that mimics the effects of natural testosterone. It is widely used in","og_url":"https:\/\/iberoid-shop.com\/pt\/product\/testoged-e-testosteron-enanthate\/","og_site_name":"Ester\u00f3ides Online","article_modified_time":"2025-10-03T07:57:56+00:00","og_image":[{"width":594,"height":627,"url":"https:\/\/iberoid-shop.com\/wp-content\/uploads\/2024\/06\/te.jpg?v=1718799198","type":"image\/jpeg"}],"twitter_card":"summary_large_image","twitter_misc":{"pre\u00e7o":"&euro;45.00","Disponibilidade":"Esgotado"},"schema":{"@context":"https:\/\/schema.org","@graph":[{"@type":"WebPage","@id":"https:\/\/iberoid-shop.com\/pt\/product\/testoged-e-testosteron-enanthate\/","url":"https:\/\/iberoid-shop.com\/pt\/product\/testoged-e-testosteron-enanthate\/","name":"Testoged E\/ENANTATO DE TESTOSTERONA - Ester\u00f3ides Online","isPartOf":{"@id":"https:\/\/iberoid-shop.com\/pt\/#website"},"primaryImageOfPage":{"@id":"https:\/\/iberoid-shop.com\/pt\/product\/testoged-e-testosteron-enanthate\/#primaryimage"},"image":{"@id":"https:\/\/iberoid-shop.com\/pt\/product\/testoged-e-testosteron-enanthate\/#primaryimage"},"thumbnailUrl":"https:\/\/iberoid-shop.com\/wp-content\/uploads\/2024\/06\/te.jpg?v=1718799198","datePublished":"2024-06-19T12:13:50+00:00","dateModified":"2025-10-03T07:57:56+00:00","description":"Testoged E \/ TESTOSTERON ENANTHATE is a long-acting injectable steroid hormone that mimics the effects of natural testosterone. It is widely used in","breadcrumb":{"@id":"https:\/\/iberoid-shop.com\/pt\/product\/testoged-e-testosteron-enanthate\/#breadcrumb"},"inLanguage":"pt-PT","potentialAction":[{"@type":"ReadAction","target":[["https:\/\/iberoid-shop.com\/pt\/product\/testoged-e-testosteron-enanthate\/"]]}]},{"@type":"ImageObject","inLanguage":"pt-PT","@id":"https:\/\/iberoid-shop.com\/pt\/product\/testoged-e-testosteron-enanthate\/#primaryimage","url":"https:\/\/iberoid-shop.com\/wp-content\/uploads\/2024\/06\/te.jpg?v=1718799198","contentUrl":"https:\/\/iberoid-shop.com\/wp-content\/uploads\/2024\/06\/te.jpg?v=1718799198","width":594,"height":627,"caption":"Testoged E \/ TESTOSTERON ENANTHATE"},{"@type":"BreadcrumbList","@id":"https:\/\/iberoid-shop.com\/pt\/product\/testoged-e-testosteron-enanthate\/#breadcrumb","itemListElement":[{"@type":"ListItem","position":1,"name":"Portada","item":"https:\/\/iberoid-shop.com\/pt\/"},{"@type":"ListItem","position":2,"name":"Loja","item":"https:\/\/iberoid-shop.com\/pt\/shop\/"},{"@type":"ListItem","position":3,"name":"Testoged E\/ENANTATO DE TESTOSTERONA"}]},{"@type":"WebSite","@id":"https:\/\/iberoid-shop.com\/pt\/#website","url":"https:\/\/iberoid-shop.com\/pt\/","name":"Ester\u00f3ides Online","description":"Compre ester\u00f3ides online hoje em Espanha e Portugal. Temos o melhor servi\u00e7o ao cliente do setor e produtos da mais alta qualidade","potentialAction":[{"@type":"SearchAction","target":{"@type":"EntryPoint","urlTemplate":"https:\/\/iberoid-shop.com\/pt\/?s={search_term_string}"},"query-input":{"@type":"PropertyValueSpecification","valueRequired":true,"valueName":"search_term_string"}}],"inLanguage":"pt-PT"}]},"product_price_amount":"45.00","product_price_currency":"EUR","og_availability":"out of stock","product_availability":"out of stock","product_condition":"new"},"_links":{"self":[{"href":"https:\/\/iberoid-shop.com\/pt\/wp-json\/wp\/v2\/product\/9493","targetHints":{"allow":["GET"]}}],"collection":[{"href":"https:\/\/iberoid-shop.com\/pt\/wp-json\/wp\/v2\/product"}],"about":[{"href":"https:\/\/iberoid-shop.com\/pt\/wp-json\/wp\/v2\/types\/product"}],"replies":[{"embeddable":true,"href":"https:\/\/iberoid-shop.com\/pt\/wp-json\/wp\/v2\/comments?post=9493"}],"wp:featuredmedia":[{"embeddable":true,"href":"https:\/\/iberoid-shop.com\/pt\/wp-json\/wp\/v2\/media\/9495"}],"wp:attachment":[{"href":"https:\/\/iberoid-shop.com\/pt\/wp-json\/wp\/v2\/media?parent=9493"}],"wp:term":[{"taxonomy":"product_brand","embeddable":true,"href":"https:\/\/iberoid-shop.com\/pt\/wp-json\/wp\/v2\/product_brand?post=9493"},{"taxonomy":"product_cat","embeddable":true,"href":"https:\/\/iberoid-shop.com\/pt\/wp-json\/wp\/v2\/product_cat?post=9493"},{"taxonomy":"product_tag","embeddable":true,"href":"https:\/\/iberoid-shop.com\/pt\/wp-json\/wp\/v2\/product_tag?post=9493"}],"curies":[{"name":"wp","href":"https:\/\/api.w.org\/{rel}","templated":true}]}}