{"id":9461,"date":"2024-05-26T11:38:34","date_gmt":"2024-05-26T11:38:34","guid":{"rendered":"https:\/\/iberoid-shop.com\/?post_type=product&#038;p=9461"},"modified":"2025-05-11T13:11:21","modified_gmt":"2025-05-11T13:11:21","slug":"trenbolone-enanthate","status":"publish","type":"product","link":"https:\/\/iberoid-shop.com\/pt\/product\/trenbolone-enanthate\/","title":{"rendered":"TRENBOLONE ENANTHATE"},"content":{"rendered":"<p><strong>TRENBOLONE ENANTHATE <\/strong>\u00e9 um poderoso medicamento farmacol\u00f3gico esportivo sem aromatiza\u00e7\u00e3o. O principal ingrediente ativo \u00e9 o \u00e9ster ester\u00f3ide enantato de trembolona. A droga \u00e9 amplamente procurada na \u00e1rea de muscula\u00e7\u00e3o.<\/p>\n<p><strong>Descri\u00e7\u00e3o do TRENBOLONE ENANTHATE<\/strong><\/p>\n<p>A trembolona \u00e9 um ester\u00f3ide de alta qualidade com alta atividade anab\u00f3lica. \u00c9 semelhante em poder \u00e0 testosterona, mas n\u00e3o tem tend\u00eancia a aromatizar. O atleta n\u00e3o estar\u00e1 sujeito a efeitos colaterais como convers\u00e3o de testosterona em estrog\u00eanio ou ginecomastia. A subst\u00e2ncia tamb\u00e9m n\u00e3o \u00e9 t\u00f3xica para o f\u00edgado ou os rins. \u00c9 encontrado no mercado em tr\u00eas formas de \u00e9ter: carbonato de hexahidrobenzila , acetato e enantato. A dura\u00e7\u00e3o da a\u00e7\u00e3o depende do tipo de cadeia de \u00e9steres, mas o efeito de cada uma \u00e9 semelhante, uma vez que a trembolona \u00e9 separada do \u00e9ster no corpo.<\/p>\n<p>O enantato de trembolona \u00e9 a segunda forma de \u00e9ster de maior dura\u00e7\u00e3o. O per\u00edodo de a\u00e7\u00e3o da subst\u00e2ncia no organismo leva de 7 a 10 dias. Basta que um atleta injete a droga 1 a 2 vezes por semana para manter sua concentra\u00e7\u00e3o em n\u00edveis constantemente elevados. As propriedades farmacol\u00f3gicas do hexahidrobenzilcarbonato s\u00e3o semelhantes \u00e0s da trembolona.<\/p>\n<p>Os medicamentos \u00e0 base de trembolona s\u00e3o muito procurados na ind\u00fastria esportiva. Eles s\u00e3o usados ativamente para corte e ganho de peso. A subst\u00e2ncia provoca um aumento ativo da massa muscular, for\u00e7a, resist\u00eancia, ao mesmo tempo que proporciona uma secagem de alta qualidade da massa j\u00e1 adquirida, aumentando o seu relevo e densidade.<\/p>\n<p><strong>Efeito do uso<\/strong><\/p>\n<p>A chave para um efeito de alta qualidade sem interfer\u00eancia negativa \u00e9 um curso devidamente selecionado. Inicialmente, voc\u00ea precisa passar por uma consulta e exame com um m\u00e9dico. Verifique seu corpo quanto a compatibilidade e contra-indica\u00e7\u00f5es. Depois disso, o especialista seleciona um curso individual.<\/p>\n<ul>\n<li>Aumento da for\u00e7a e resist\u00eancia f\u00edsica;<\/li>\n<li>Crescimento muscular ativo;<\/li>\n<li>Redu\u00e7\u00e3o da gordura corporal;<\/li>\n<li>Remo\u00e7\u00e3o de cortisol;<\/li>\n<li>Aumento da libido;<\/li>\n<li>Al\u00edvio e densidade muscular;<\/li>\n<li>Aumento das concentra\u00e7\u00f5es de fator de crescimento semelhante \u00e0 insulina e horm\u00f4nio do crescimento.<\/li>\n<\/ul>\n<p><strong>Efeitos colaterais<\/strong><\/p>\n<p>A droga tende a apresentar efeitos colaterais menores quando sobredosada. Neste caso, recomenda-se reduzir a dose ou parar de tom\u00e1-la.<\/p>\n<ul>\n<li>Calv\u00edcie;<\/li>\n<li>Crescimento capilar de padr\u00e3o masculino;<\/li>\n<li>Acne;<\/li>\n<li>Pele oleosa;<\/li>\n<li>Problemas de sono;<\/li>\n<li>Aumento da press\u00e3o arterial;<\/li>\n<li>Agress\u00e3o.<\/li>\n<\/ul>\n<p><strong>Aplicativo<\/strong><\/p>\n<p>A dura\u00e7\u00e3o do curso \u00e9 de no m\u00ednimo 4 semanas. Se o curso durar mais de 6 semanas, \u00e9 acompanhado pela ingest\u00e3o de gonadotrofina. A dosagem ideal do medicamento \u00e9 de 200-300 mg por semana. \u00c9 obrigat\u00f3rio fazer PCT ap\u00f3s terminar o curso de ester\u00f3ides.<\/p>","protected":false},"excerpt":{"rendered":"<p>TRENBOLONE ENANTHATE \u00e9 um poderoso medicamento farmacol\u00f3gico esportivo sem aromatiza\u00e7\u00e3o. O principal ingrediente ativo \u00e9 o \u00e9ster ester\u00f3ide enantato de<\/p>\n","protected":false},"featured_media":9463,"comment_status":"open","ping_status":"closed","template":"","meta":[],"product_brand":[],"product_cat":[69],"product_tag":[],"class_list":{"0":"post-9461","1":"product","2":"type-product","3":"status-publish","4":"has-post-thumbnail","6":"product_cat-esteroides_inyectables","8":"first","9":"outofstock","10":"shipping-taxable","11":"purchasable","12":"product-type-simple"},"yoast_head":"<!-- This site is optimized with the Yoast SEO Premium plugin v24.4 (Yoast SEO v27.0) - https:\/\/yoast.com\/product\/yoast-seo-premium-wordpress\/ -->\n<title>TRENBOLONE ENANTHATE - Ester\u00f3ides Online<\/title>\n<meta name=\"description\" content=\"Trenbolone Enanthate is a powerful sports pharmacological drug without aromatization. The main active ingredient is the ester steroid trenbolone enanthate.\" \/>\n<meta name=\"robots\" content=\"index, follow, max-snippet:-1, max-image-preview:large, max-video-preview:-1\" \/>\n<link rel=\"canonical\" href=\"https:\/\/iberoid-shop.com\/pt\/product\/trenbolone-enanthate\/\" \/>\n<meta property=\"og:locale\" content=\"pt_PT\" \/>\n<meta property=\"og:type\" content=\"article\" \/>\n<meta property=\"og:title\" content=\"TRENBOLONE ENANTHATE\" \/>\n<meta property=\"og:description\" content=\"Trenbolone Enanthate is a powerful sports pharmacological drug without aromatization. The main active ingredient is the ester steroid trenbolone enanthate.\" \/>\n<meta property=\"og:url\" content=\"https:\/\/iberoid-shop.com\/pt\/product\/trenbolone-enanthate\/\" \/>\n<meta property=\"og:site_name\" content=\"Ester\u00f3ides Online\" \/>\n<meta property=\"article:modified_time\" content=\"2025-05-11T13:11:21+00:00\" \/>\n<meta property=\"og:image\" content=\"https:\/\/iberoid-shop.com\/wp-content\/uploads\/2024\/05\/TE-scaled.jpg?v=1716723478\" \/>\n\t<meta property=\"og:image:width\" content=\"1948\" \/>\n\t<meta property=\"og:image:height\" content=\"2560\" \/>\n\t<meta property=\"og:image:type\" content=\"image\/jpeg\" \/>\n<meta name=\"twitter:card\" content=\"summary_large_image\" \/>\n<meta name=\"twitter:label1\" content=\"pre\u00e7o\" \/>\n\t<meta name=\"twitter:data1\" content=\"&euro;55.00\" \/>\n\t<meta name=\"twitter:label2\" content=\"Disponibilidade\" \/>\n\t<meta name=\"twitter:data2\" content=\"Esgotado\" \/>\n<script type=\"application\/ld+json\" class=\"yoast-schema-graph\">{\"@context\":\"https:\/\/schema.org\",\"@graph\":[{\"@type\":\"WebPage\",\"@id\":\"https:\/\/iberoid-shop.com\/pt\/product\/trenbolone-enanthate\/\",\"url\":\"https:\/\/iberoid-shop.com\/pt\/product\/trenbolone-enanthate\/\",\"name\":\"TRENBOLONE ENANTHATE - Ester\u00f3ides Online\",\"isPartOf\":{\"@id\":\"https:\/\/iberoid-shop.com\/pt\/#website\"},\"primaryImageOfPage\":{\"@id\":\"https:\/\/iberoid-shop.com\/pt\/product\/trenbolone-enanthate\/#primaryimage\"},\"image\":{\"@id\":\"https:\/\/iberoid-shop.com\/pt\/product\/trenbolone-enanthate\/#primaryimage\"},\"thumbnailUrl\":\"https:\/\/iberoid-shop.com\/wp-content\/uploads\/2024\/05\/TE-scaled.jpg?v=1716723478\",\"datePublished\":\"2024-05-26T11:38:34+00:00\",\"dateModified\":\"2025-05-11T13:11:21+00:00\",\"description\":\"Trenbolone Enanthate is a powerful sports pharmacological drug without aromatization. The main active ingredient is the ester steroid trenbolone enanthate.\",\"breadcrumb\":{\"@id\":\"https:\/\/iberoid-shop.com\/pt\/product\/trenbolone-enanthate\/#breadcrumb\"},\"inLanguage\":\"pt-PT\",\"potentialAction\":[{\"@type\":\"ReadAction\",\"target\":[[\"https:\/\/iberoid-shop.com\/pt\/product\/trenbolone-enanthate\/\"]]}]},{\"@type\":\"ImageObject\",\"inLanguage\":\"pt-PT\",\"@id\":\"https:\/\/iberoid-shop.com\/pt\/product\/trenbolone-enanthate\/#primaryimage\",\"url\":\"https:\/\/iberoid-shop.com\/wp-content\/uploads\/2024\/05\/TE-scaled.jpg?v=1716723478\",\"contentUrl\":\"https:\/\/iberoid-shop.com\/wp-content\/uploads\/2024\/05\/TE-scaled.jpg?v=1716723478\",\"width\":1948,\"height\":2560,\"caption\":\"TRENBOLONE ENANTHATE\"},{\"@type\":\"BreadcrumbList\",\"@id\":\"https:\/\/iberoid-shop.com\/pt\/product\/trenbolone-enanthate\/#breadcrumb\",\"itemListElement\":[{\"@type\":\"ListItem\",\"position\":1,\"name\":\"Portada\",\"item\":\"https:\/\/iberoid-shop.com\/pt\/\"},{\"@type\":\"ListItem\",\"position\":2,\"name\":\"Loja\",\"item\":\"https:\/\/iberoid-shop.com\/pt\/shop\/\"},{\"@type\":\"ListItem\",\"position\":3,\"name\":\"TRENBOLONE ENANTHATE\"}]},{\"@type\":\"WebSite\",\"@id\":\"https:\/\/iberoid-shop.com\/pt\/#website\",\"url\":\"https:\/\/iberoid-shop.com\/pt\/\",\"name\":\"Ester\u00f3ides Online\",\"description\":\"Compre ester\u00f3ides online hoje em Espanha e Portugal. Temos o melhor servi\u00e7o ao cliente do setor e produtos da mais alta qualidade\",\"potentialAction\":[{\"@type\":\"SearchAction\",\"target\":{\"@type\":\"EntryPoint\",\"urlTemplate\":\"https:\/\/iberoid-shop.com\/pt\/?s={search_term_string}\"},\"query-input\":{\"@type\":\"PropertyValueSpecification\",\"valueRequired\":true,\"valueName\":\"search_term_string\"}}],\"inLanguage\":\"pt-PT\"}]}<\/script>\n<meta property=\"product:brand\" content=\"Vitality Meds\" \/>\n<meta property=\"product:price:amount\" content=\"55.00\" \/>\n<meta property=\"product:price:currency\" content=\"EUR\" \/>\n<meta property=\"og:availability\" content=\"out of stock\" \/>\n<meta property=\"product:availability\" content=\"out of stock\" \/>\n<meta property=\"product:condition\" content=\"new\" \/>\n<!-- \/ Yoast SEO Premium plugin. -->","yoast_head_json":{"title":"TRENBOLONE ENANTHATE - Ester\u00f3ides Online","description":"Trenbolone Enanthate is a powerful sports pharmacological drug without aromatization. The main active ingredient is the ester steroid trenbolone enanthate.","robots":{"index":"index","follow":"follow","max-snippet":"max-snippet:-1","max-image-preview":"max-image-preview:large","max-video-preview":"max-video-preview:-1"},"canonical":"https:\/\/iberoid-shop.com\/pt\/product\/trenbolone-enanthate\/","og_locale":"pt_PT","og_type":"article","og_title":"TRENBOLONE ENANTHATE","og_description":"Trenbolone Enanthate is a powerful sports pharmacological drug without aromatization. The main active ingredient is the ester steroid trenbolone enanthate.","og_url":"https:\/\/iberoid-shop.com\/pt\/product\/trenbolone-enanthate\/","og_site_name":"Ester\u00f3ides Online","article_modified_time":"2025-05-11T13:11:21+00:00","og_image":[{"width":1948,"height":2560,"url":"https:\/\/iberoid-shop.com\/wp-content\/uploads\/2024\/05\/TE-scaled.jpg?v=1716723478","type":"image\/jpeg"}],"twitter_card":"summary_large_image","twitter_misc":{"pre\u00e7o":"&euro;55.00","Disponibilidade":"Esgotado"},"schema":{"@context":"https:\/\/schema.org","@graph":[{"@type":"WebPage","@id":"https:\/\/iberoid-shop.com\/pt\/product\/trenbolone-enanthate\/","url":"https:\/\/iberoid-shop.com\/pt\/product\/trenbolone-enanthate\/","name":"TRENBOLONE ENANTHATE - Ester\u00f3ides Online","isPartOf":{"@id":"https:\/\/iberoid-shop.com\/pt\/#website"},"primaryImageOfPage":{"@id":"https:\/\/iberoid-shop.com\/pt\/product\/trenbolone-enanthate\/#primaryimage"},"image":{"@id":"https:\/\/iberoid-shop.com\/pt\/product\/trenbolone-enanthate\/#primaryimage"},"thumbnailUrl":"https:\/\/iberoid-shop.com\/wp-content\/uploads\/2024\/05\/TE-scaled.jpg?v=1716723478","datePublished":"2024-05-26T11:38:34+00:00","dateModified":"2025-05-11T13:11:21+00:00","description":"Trenbolone Enanthate is a powerful sports pharmacological drug without aromatization. The main active ingredient is the ester steroid trenbolone enanthate.","breadcrumb":{"@id":"https:\/\/iberoid-shop.com\/pt\/product\/trenbolone-enanthate\/#breadcrumb"},"inLanguage":"pt-PT","potentialAction":[{"@type":"ReadAction","target":[["https:\/\/iberoid-shop.com\/pt\/product\/trenbolone-enanthate\/"]]}]},{"@type":"ImageObject","inLanguage":"pt-PT","@id":"https:\/\/iberoid-shop.com\/pt\/product\/trenbolone-enanthate\/#primaryimage","url":"https:\/\/iberoid-shop.com\/wp-content\/uploads\/2024\/05\/TE-scaled.jpg?v=1716723478","contentUrl":"https:\/\/iberoid-shop.com\/wp-content\/uploads\/2024\/05\/TE-scaled.jpg?v=1716723478","width":1948,"height":2560,"caption":"TRENBOLONE ENANTHATE"},{"@type":"BreadcrumbList","@id":"https:\/\/iberoid-shop.com\/pt\/product\/trenbolone-enanthate\/#breadcrumb","itemListElement":[{"@type":"ListItem","position":1,"name":"Portada","item":"https:\/\/iberoid-shop.com\/pt\/"},{"@type":"ListItem","position":2,"name":"Loja","item":"https:\/\/iberoid-shop.com\/pt\/shop\/"},{"@type":"ListItem","position":3,"name":"TRENBOLONE ENANTHATE"}]},{"@type":"WebSite","@id":"https:\/\/iberoid-shop.com\/pt\/#website","url":"https:\/\/iberoid-shop.com\/pt\/","name":"Ester\u00f3ides Online","description":"Compre ester\u00f3ides online hoje em Espanha e Portugal. Temos o melhor servi\u00e7o ao cliente do setor e produtos da mais alta qualidade","potentialAction":[{"@type":"SearchAction","target":{"@type":"EntryPoint","urlTemplate":"https:\/\/iberoid-shop.com\/pt\/?s={search_term_string}"},"query-input":{"@type":"PropertyValueSpecification","valueRequired":true,"valueName":"search_term_string"}}],"inLanguage":"pt-PT"}]},"product_brand":"Vitality Meds","product_price_amount":"55.00","product_price_currency":"EUR","og_availability":"out of stock","product_availability":"out of stock","product_condition":"new"},"_links":{"self":[{"href":"https:\/\/iberoid-shop.com\/pt\/wp-json\/wp\/v2\/product\/9461","targetHints":{"allow":["GET"]}}],"collection":[{"href":"https:\/\/iberoid-shop.com\/pt\/wp-json\/wp\/v2\/product"}],"about":[{"href":"https:\/\/iberoid-shop.com\/pt\/wp-json\/wp\/v2\/types\/product"}],"replies":[{"embeddable":true,"href":"https:\/\/iberoid-shop.com\/pt\/wp-json\/wp\/v2\/comments?post=9461"}],"wp:featuredmedia":[{"embeddable":true,"href":"https:\/\/iberoid-shop.com\/pt\/wp-json\/wp\/v2\/media\/9463"}],"wp:attachment":[{"href":"https:\/\/iberoid-shop.com\/pt\/wp-json\/wp\/v2\/media?parent=9461"}],"wp:term":[{"taxonomy":"product_brand","embeddable":true,"href":"https:\/\/iberoid-shop.com\/pt\/wp-json\/wp\/v2\/product_brand?post=9461"},{"taxonomy":"product_cat","embeddable":true,"href":"https:\/\/iberoid-shop.com\/pt\/wp-json\/wp\/v2\/product_cat?post=9461"},{"taxonomy":"product_tag","embeddable":true,"href":"https:\/\/iberoid-shop.com\/pt\/wp-json\/wp\/v2\/product_tag?post=9461"}],"curies":[{"name":"wp","href":"https:\/\/api.w.org\/{rel}","templated":true}]}}