{"id":9455,"date":"2024-05-26T11:30:52","date_gmt":"2024-05-26T11:30:52","guid":{"rendered":"https:\/\/iberoid-shop.com\/?post_type=product&#038;p=9455"},"modified":"2025-05-11T13:11:40","modified_gmt":"2025-05-11T13:11:40","slug":"trenbolone-acetate","status":"publish","type":"product","link":"https:\/\/iberoid-shop.com\/pt\/product\/trenbolone-acetate\/","title":{"rendered":"TRENBOLONE ACETATE"},"content":{"rendered":"<p><strong>O acetato de trembolona <\/strong>\u00e9 usado para tratar o ganho de peso ap\u00f3s cirurgia extensa, infec\u00e7\u00e3o cr\u00f4nica ou trauma grave. Eles tamb\u00e9m o utilizam para minimizar a distrofia muscular causada pelo tratamento com corticoster\u00f3ides e para reduzir a dor \u00f3ssea causada pela osteoporose. Como ester\u00f3ide anabolizante, o acetato de trembolona causa menos efeitos colaterais. N\u00e3o aromatiza e liga-se de forma muito eficaz ao receptor andr\u00f3geno.<\/p>\n<p>Este medicamento \u00e9 um ester\u00f3ide de a\u00e7\u00e3o prolongada, dispon\u00edvel na forma de inje\u00e7\u00e3o . O metabolismo das prote\u00ednas \u00e9 fortemente afetado por este medicamento. <strong>O acetato de trembolona <\/strong>ajuda a promover a s\u00edntese prot\u00e9ica e tamb\u00e9m equilibra o n\u00edvel de nitrog\u00eanio no corpo. O metabolismo aumenta e melhora a convers\u00e3o das prote\u00ednas.<\/p>\n<p><strong>Contra-indica\u00e7\u00f5es:<\/strong><\/p>\n<p><strong>O acetato de trembolona <\/strong>n\u00e3o deve ser usado se:<\/p>\n<ul>\n<li>voc\u00ea \u00e9 al\u00e9rgico a qualquer ingrediente da trembolona<\/li>\n<li>se voc\u00ea est\u00e1 gr\u00e1vida, planejando ter um filho ou amamentando<\/li>\n<li>voc\u00ea tem c\u00e2ncer de mama e \u00e9 homem; c\u00e2ncer de pr\u00f3stata conhecido ou suspeito; ou problemas graves de cora\u00e7\u00e3o, f\u00edgado ou rins<\/li>\n<\/ul>\n<p><strong>Precau\u00e7\u00f5es:<\/strong><\/p>\n<p>A trembolona n\u00e3o deve ser usada se:<\/p>\n<ul>\n<li>Voc\u00ea \u00e9 al\u00e9rgico a qualquer ingrediente da Trembolona<\/li>\n<li>Se voc\u00ea est\u00e1 gr\u00e1vida, planejando engravidar ou amamentando<\/li>\n<li>Voc\u00ea tem c\u00e2ncer de mama e \u00e9 homem;<\/li>\n<li>c\u00e2ncer de pr\u00f3stata conhecido ou suspeito; ou problemas graves de cora\u00e7\u00e3o, f\u00edgado ou rins<\/li>\n<\/ul>\n<p>Contacte o seu m\u00e9dico ou profissional de sa\u00fade imediatamente se alguma destas situa\u00e7\u00f5es se aplicar a voc\u00ea.<\/p>\n<p><strong>Efeitos colaterais do acetato de trembolona:<\/strong><\/p>\n<p>Se administrado em dose normal, <strong>o acetato de trembolona <\/strong>n\u00e3o pode causar efeitos colaterais. Contacte o seu m\u00e9dico se algum destes efeitos secund\u00e1rios persistir ou se tornar inc\u00f3modo: Acne; gosto amargo ou estranho na boca; mudan\u00e7a no desejo sexual; fadiga; irrita\u00e7\u00e3o nas gengivas ou na boca; dor nas gengivas; sensibilidade ou incha\u00e7o nas gengivas; perda de cabelo; dor de cabe\u00e7a.<\/p>\n<p>Procure atendimento m\u00e9dico imediatamente se ocorrer algum destes efeitos colaterais graves:<\/p>\n<p>Podem ocorrer rea\u00e7\u00f5es al\u00e9rgicas graves, como erup\u00e7\u00e3o cut\u00e2nea, urtic\u00e1ria, coceira, dificuldade em respirar, aperto no peito e incha\u00e7o da boca, rosto, l\u00e1bios ou l\u00edngua. Al\u00e9m disso, voc\u00ea pode sentir crescimento ou dor nos seios, altera\u00e7\u00f5es no tamanho ou formato dos test\u00edculos e urina escura ou evacua\u00e7\u00f5es de cor clara. Al\u00e9m disso, podem surgir sintomas como depress\u00e3o ou altera\u00e7\u00f5es de humor, tonturas e gengivite.<\/p>\n<p>Al\u00e9m disso, voc\u00ea pode ter respira\u00e7\u00e3o interrompida durante o sono, perda de apetite, n\u00e1usea e ere\u00e7\u00e3o dolorosa ou prolongada. Al\u00e9m disso, voc\u00ea pode sentir dor de est\u00f4mago, incha\u00e7o nos tornozelos ou pernas, problemas ao urinar e ganho de peso. Al\u00e9m disso, preste aten\u00e7\u00e3o ao amarelecimento da pele ou dos olhos.<\/p>\n<p>Em homens e mulheres &#8211; progress\u00e3o da aterosclerose, edema perif\u00e9rico, insufici\u00eancia hep\u00e1tica, altera\u00e7\u00f5es no hemograma, dor nos ossos tubulares longos.<\/p>","protected":false},"excerpt":{"rendered":"<p>O acetato de trembolona \u00e9 usado para tratar o ganho de peso ap\u00f3s cirurgia extensa, infec\u00e7\u00e3o cr\u00f4nica ou trauma grave.<\/p>\n","protected":false},"featured_media":9457,"comment_status":"open","ping_status":"closed","template":"","meta":[],"product_brand":[],"product_cat":[69],"product_tag":[],"class_list":{"0":"post-9455","1":"product","2":"type-product","3":"status-publish","4":"has-post-thumbnail","6":"product_cat-esteroides_inyectables","8":"first","9":"outofstock","10":"sale","11":"shipping-taxable","12":"purchasable","13":"product-type-simple"},"yoast_head":"<!-- This site is optimized with the Yoast SEO Premium plugin v24.4 (Yoast SEO v27.3) - https:\/\/yoast.com\/product\/yoast-seo-premium-wordpress\/ -->\n<title>TRENBOLONE ACETATE - Ester\u00f3ides Online<\/title>\n<meta name=\"description\" content=\"Trenbolone Acetate is used to treat weight gain following extensive surgery, chronic infection, or severe trauma.\" \/>\n<meta name=\"robots\" content=\"index, follow, max-snippet:-1, max-image-preview:large, max-video-preview:-1\" \/>\n<link rel=\"canonical\" href=\"https:\/\/iberoid-shop.com\/pt\/product\/trenbolone-acetate\/\" \/>\n<meta property=\"og:locale\" content=\"pt_PT\" \/>\n<meta property=\"og:type\" content=\"article\" \/>\n<meta property=\"og:title\" content=\"TRENBOLONE ACETATE\" \/>\n<meta property=\"og:description\" content=\"Trenbolone Acetate is used to treat weight gain following extensive surgery, chronic infection, or severe trauma.\" \/>\n<meta property=\"og:url\" content=\"https:\/\/iberoid-shop.com\/pt\/product\/trenbolone-acetate\/\" \/>\n<meta property=\"og:site_name\" content=\"Ester\u00f3ides Online\" \/>\n<meta property=\"article:modified_time\" content=\"2025-05-11T13:11:40+00:00\" \/>\n<meta property=\"og:image\" content=\"https:\/\/iberoid-shop.com\/wp-content\/uploads\/2024\/05\/TA-scaled.jpg?v=1716723002\" \/>\n\t<meta property=\"og:image:width\" content=\"1588\" \/>\n\t<meta property=\"og:image:height\" content=\"2560\" \/>\n\t<meta property=\"og:image:type\" content=\"image\/jpeg\" \/>\n<meta name=\"twitter:card\" content=\"summary_large_image\" \/>\n<meta name=\"twitter:label1\" content=\"pre\u00e7o\" \/>\n\t<meta name=\"twitter:data1\" content=\"&euro;45.00\" \/>\n\t<meta name=\"twitter:label2\" content=\"Disponibilidade\" \/>\n\t<meta name=\"twitter:data2\" content=\"Esgotado\" \/>\n<script type=\"application\/ld+json\" class=\"yoast-schema-graph\">{\"@context\":\"https:\\\/\\\/schema.org\",\"@graph\":[{\"@type\":\"WebPage\",\"@id\":\"https:\\\/\\\/iberoid-shop.com\\\/pt\\\/product\\\/trenbolone-acetate\\\/\",\"url\":\"https:\\\/\\\/iberoid-shop.com\\\/pt\\\/product\\\/trenbolone-acetate\\\/\",\"name\":\"TRENBOLONE ACETATE - Ester\u00f3ides Online\",\"isPartOf\":{\"@id\":\"https:\\\/\\\/iberoid-shop.com\\\/pt\\\/#website\"},\"primaryImageOfPage\":{\"@id\":\"https:\\\/\\\/iberoid-shop.com\\\/pt\\\/product\\\/trenbolone-acetate\\\/#primaryimage\"},\"image\":{\"@id\":\"https:\\\/\\\/iberoid-shop.com\\\/pt\\\/product\\\/trenbolone-acetate\\\/#primaryimage\"},\"thumbnailUrl\":\"https:\\\/\\\/iberoid-shop.com\\\/wp-content\\\/uploads\\\/2024\\\/05\\\/TA-scaled.jpg?v=1716723002\",\"datePublished\":\"2024-05-26T11:30:52+00:00\",\"dateModified\":\"2025-05-11T13:11:40+00:00\",\"description\":\"Trenbolone Acetate is used to treat weight gain following extensive surgery, chronic infection, or severe trauma.\",\"breadcrumb\":{\"@id\":\"https:\\\/\\\/iberoid-shop.com\\\/pt\\\/product\\\/trenbolone-acetate\\\/#breadcrumb\"},\"inLanguage\":\"pt-PT\",\"potentialAction\":[{\"@type\":\"ReadAction\",\"target\":[[\"https:\\\/\\\/iberoid-shop.com\\\/pt\\\/product\\\/trenbolone-acetate\\\/\"]]}]},{\"@type\":\"ImageObject\",\"inLanguage\":\"pt-PT\",\"@id\":\"https:\\\/\\\/iberoid-shop.com\\\/pt\\\/product\\\/trenbolone-acetate\\\/#primaryimage\",\"url\":\"https:\\\/\\\/iberoid-shop.com\\\/wp-content\\\/uploads\\\/2024\\\/05\\\/TA-scaled.jpg?v=1716723002\",\"contentUrl\":\"https:\\\/\\\/iberoid-shop.com\\\/wp-content\\\/uploads\\\/2024\\\/05\\\/TA-scaled.jpg?v=1716723002\",\"width\":1588,\"height\":2560,\"caption\":\"TRENBOLONE ACETATE\"},{\"@type\":\"BreadcrumbList\",\"@id\":\"https:\\\/\\\/iberoid-shop.com\\\/pt\\\/product\\\/trenbolone-acetate\\\/#breadcrumb\",\"itemListElement\":[{\"@type\":\"ListItem\",\"position\":1,\"name\":\"Portada\",\"item\":\"https:\\\/\\\/iberoid-shop.com\\\/pt\\\/\"},{\"@type\":\"ListItem\",\"position\":2,\"name\":\"Loja\",\"item\":\"https:\\\/\\\/iberoid-shop.com\\\/pt\\\/shop\\\/\"},{\"@type\":\"ListItem\",\"position\":3,\"name\":\"TRENBOLONE ACETATE\"}]},{\"@type\":\"WebSite\",\"@id\":\"https:\\\/\\\/iberoid-shop.com\\\/pt\\\/#website\",\"url\":\"https:\\\/\\\/iberoid-shop.com\\\/pt\\\/\",\"name\":\"Ester\u00f3ides Online\",\"description\":\"Compre ester\u00f3ides online hoje em Espanha e Portugal. Temos o melhor servi\u00e7o ao cliente do setor e produtos da mais alta qualidade\",\"potentialAction\":[{\"@type\":\"SearchAction\",\"target\":{\"@type\":\"EntryPoint\",\"urlTemplate\":\"https:\\\/\\\/iberoid-shop.com\\\/pt\\\/?s={search_term_string}\"},\"query-input\":{\"@type\":\"PropertyValueSpecification\",\"valueRequired\":true,\"valueName\":\"search_term_string\"}}],\"inLanguage\":\"pt-PT\"}]}<\/script>\n<meta property=\"product:price:amount\" content=\"45.00\" \/>\n<meta property=\"product:price:currency\" content=\"EUR\" \/>\n<meta property=\"og:availability\" content=\"out of stock\" \/>\n<meta property=\"product:availability\" content=\"out of stock\" \/>\n<meta property=\"product:condition\" content=\"new\" \/>\n<!-- \/ Yoast SEO Premium plugin. -->","yoast_head_json":{"title":"TRENBOLONE ACETATE - Ester\u00f3ides Online","description":"Trenbolone Acetate is used to treat weight gain following extensive surgery, chronic infection, or severe trauma.","robots":{"index":"index","follow":"follow","max-snippet":"max-snippet:-1","max-image-preview":"max-image-preview:large","max-video-preview":"max-video-preview:-1"},"canonical":"https:\/\/iberoid-shop.com\/pt\/product\/trenbolone-acetate\/","og_locale":"pt_PT","og_type":"article","og_title":"TRENBOLONE ACETATE","og_description":"Trenbolone Acetate is used to treat weight gain following extensive surgery, chronic infection, or severe trauma.","og_url":"https:\/\/iberoid-shop.com\/pt\/product\/trenbolone-acetate\/","og_site_name":"Ester\u00f3ides Online","article_modified_time":"2025-05-11T13:11:40+00:00","og_image":[{"width":1588,"height":2560,"url":"https:\/\/iberoid-shop.com\/wp-content\/uploads\/2024\/05\/TA-scaled.jpg?v=1716723002","type":"image\/jpeg"}],"twitter_card":"summary_large_image","twitter_misc":{"pre\u00e7o":"&euro;45.00","Disponibilidade":"Esgotado"},"schema":{"@context":"https:\/\/schema.org","@graph":[{"@type":"WebPage","@id":"https:\/\/iberoid-shop.com\/pt\/product\/trenbolone-acetate\/","url":"https:\/\/iberoid-shop.com\/pt\/product\/trenbolone-acetate\/","name":"TRENBOLONE ACETATE - Ester\u00f3ides Online","isPartOf":{"@id":"https:\/\/iberoid-shop.com\/pt\/#website"},"primaryImageOfPage":{"@id":"https:\/\/iberoid-shop.com\/pt\/product\/trenbolone-acetate\/#primaryimage"},"image":{"@id":"https:\/\/iberoid-shop.com\/pt\/product\/trenbolone-acetate\/#primaryimage"},"thumbnailUrl":"https:\/\/iberoid-shop.com\/wp-content\/uploads\/2024\/05\/TA-scaled.jpg?v=1716723002","datePublished":"2024-05-26T11:30:52+00:00","dateModified":"2025-05-11T13:11:40+00:00","description":"Trenbolone Acetate is used to treat weight gain following extensive surgery, chronic infection, or severe trauma.","breadcrumb":{"@id":"https:\/\/iberoid-shop.com\/pt\/product\/trenbolone-acetate\/#breadcrumb"},"inLanguage":"pt-PT","potentialAction":[{"@type":"ReadAction","target":[["https:\/\/iberoid-shop.com\/pt\/product\/trenbolone-acetate\/"]]}]},{"@type":"ImageObject","inLanguage":"pt-PT","@id":"https:\/\/iberoid-shop.com\/pt\/product\/trenbolone-acetate\/#primaryimage","url":"https:\/\/iberoid-shop.com\/wp-content\/uploads\/2024\/05\/TA-scaled.jpg?v=1716723002","contentUrl":"https:\/\/iberoid-shop.com\/wp-content\/uploads\/2024\/05\/TA-scaled.jpg?v=1716723002","width":1588,"height":2560,"caption":"TRENBOLONE ACETATE"},{"@type":"BreadcrumbList","@id":"https:\/\/iberoid-shop.com\/pt\/product\/trenbolone-acetate\/#breadcrumb","itemListElement":[{"@type":"ListItem","position":1,"name":"Portada","item":"https:\/\/iberoid-shop.com\/pt\/"},{"@type":"ListItem","position":2,"name":"Loja","item":"https:\/\/iberoid-shop.com\/pt\/shop\/"},{"@type":"ListItem","position":3,"name":"TRENBOLONE ACETATE"}]},{"@type":"WebSite","@id":"https:\/\/iberoid-shop.com\/pt\/#website","url":"https:\/\/iberoid-shop.com\/pt\/","name":"Ester\u00f3ides Online","description":"Compre ester\u00f3ides online hoje em Espanha e Portugal. Temos o melhor servi\u00e7o ao cliente do setor e produtos da mais alta qualidade","potentialAction":[{"@type":"SearchAction","target":{"@type":"EntryPoint","urlTemplate":"https:\/\/iberoid-shop.com\/pt\/?s={search_term_string}"},"query-input":{"@type":"PropertyValueSpecification","valueRequired":true,"valueName":"search_term_string"}}],"inLanguage":"pt-PT"}]},"product_price_amount":"45.00","product_price_currency":"EUR","og_availability":"out of stock","product_availability":"out of stock","product_condition":"new"},"_links":{"self":[{"href":"https:\/\/iberoid-shop.com\/pt\/wp-json\/wp\/v2\/product\/9455","targetHints":{"allow":["GET"]}}],"collection":[{"href":"https:\/\/iberoid-shop.com\/pt\/wp-json\/wp\/v2\/product"}],"about":[{"href":"https:\/\/iberoid-shop.com\/pt\/wp-json\/wp\/v2\/types\/product"}],"replies":[{"embeddable":true,"href":"https:\/\/iberoid-shop.com\/pt\/wp-json\/wp\/v2\/comments?post=9455"}],"wp:featuredmedia":[{"embeddable":true,"href":"https:\/\/iberoid-shop.com\/pt\/wp-json\/wp\/v2\/media\/9457"}],"wp:attachment":[{"href":"https:\/\/iberoid-shop.com\/pt\/wp-json\/wp\/v2\/media?parent=9455"}],"wp:term":[{"taxonomy":"product_brand","embeddable":true,"href":"https:\/\/iberoid-shop.com\/pt\/wp-json\/wp\/v2\/product_brand?post=9455"},{"taxonomy":"product_cat","embeddable":true,"href":"https:\/\/iberoid-shop.com\/pt\/wp-json\/wp\/v2\/product_cat?post=9455"},{"taxonomy":"product_tag","embeddable":true,"href":"https:\/\/iberoid-shop.com\/pt\/wp-json\/wp\/v2\/product_tag?post=9455"}],"curies":[{"name":"wp","href":"https:\/\/api.w.org\/{rel}","templated":true}]}}