{"id":9371,"date":"2024-04-14T12:14:26","date_gmt":"2024-04-14T12:14:26","guid":{"rendered":"https:\/\/iberoid-shop.com\/?post_type=product&#038;p=9371"},"modified":"2024-09-07T18:32:39","modified_gmt":"2024-09-07T18:32:39","slug":"susto-meds-250-sustanon","status":"publish","type":"product","link":"https:\/\/iberoid-shop.com\/pt\/product\/susto-meds-250-sustanon\/","title":{"rendered":"Susto Meds 250 ( SUSTANON )"},"content":{"rendered":"<p>SUSTANON 250mg \/ TESTOMIX \/ 10ampollas<\/p>\n<p>Susto Meds 250 \u00e9 um medicamento combinado utilizado no tratamento do hipogonadismo masculino. Aumenta os n\u00edveis de testosterona em homens adultos e ajuda a melhorar v\u00e1rios problemas de sa\u00fade, incluindo impot\u00eancia, infertilidade, baixo desejo sexual, cansa\u00e7o e depress\u00e3o.<\/p>\n<p>Susto Meds 250 \u00e9 administrado por um m\u00e9dico ou enfermeiro. Voc\u00ea n\u00e3o deve autoadministrar este medicamento em casa. Use-o regularmente para obter o m\u00e1ximo benef\u00edcio do medicamento. Pode levar algum tempo para que o medicamento fa\u00e7a efeito. O curso do tratamento deve ser conclu\u00eddo para melhor efic\u00e1cia do medicamento.<\/p>\n<p>O uso deste medicamento pode causar alguns efeitos colaterais comuns, como aumento na contagem de gl\u00f3bulos vermelhos e hemoglobina no sangue. Algumas pessoas tamb\u00e9m podem apresentar rea\u00e7\u00f5es al\u00e9rgicas, como coceira, erup\u00e7\u00f5es cut\u00e2neas e incha\u00e7o dos l\u00e1bios ou rosto. Se sentir algum destes efeitos secund\u00e1rios, consulte o seu m\u00e9dico imediatamente. O seu m\u00e9dico pode ajud\u00e1-lo com formas de prevenir ou reduzir os efeitos colaterais.<\/p>\n<p>Este medicamento pode n\u00e3o ser adequado para todas as pessoas. Antes de usar o medicamento, voc\u00ea deve informar o seu m\u00e9dico se tiver algum problema de cora\u00e7\u00e3o, f\u00edgado ou rins. Al\u00e9m disso, informe o seu m\u00e9dico sobre todos os outros medicamentos que voc\u00ea est\u00e1 tomando.<\/p>\n<p>Usos do Susto Meds 250<\/p>\n<ul>\n<li>Hipogonadismo masculino<\/li>\n<\/ul>\n<p>Efeitos colaterais do Susto Meds 250<\/p>\n<p>A maioria dos efeitos colaterais n\u00e3o requer aten\u00e7\u00e3o m\u00e9dica e desaparece \u00e0 medida que seu corpo se adapta ao medicamento. Consulte o seu m\u00e9dico se eles persistirem ou se voc\u00ea estiver preocupado com eles<\/p>\n<p>Efeitos colaterais comuns do Susto Meds 250<\/p>\n<ul>\n<li>Aumentar o hemat\u00f3crito<\/li>\n<li>Aumento de gl\u00f3bulos vermelhos<\/li>\n<li>Aumento da hemoglobina<\/li>\n<\/ul>\n<p>Como usar o Susto Meds 250<\/p>\n<p>O seu m\u00e9dico ou enfermeiro administrar-lhe-\u00e1 este medicamento. Por favor, n\u00e3o se autoadministre .<\/p>\n<p>Como funciona o Susto Meds 250<\/p>\n<p>Susto Meds 250 \u00e9 semelhante ao horm\u00f4nio masculino natural, a testosterona. Funciona repondo os n\u00edveis deficientes de testosterona em homens adultos. A falta de testosterona pode causar v\u00e1rios problemas de sa\u00fade, incluindo impot\u00eancia, infertilidade, baixo desejo sexual, cansa\u00e7o, humor depressivo e perda \u00f3ssea.<\/p>\n<p>A inje\u00e7\u00e3o \u00e9 um medicamento combinado usado no tratamento do hipogonadismo masculino. Aumenta os n\u00edveis de testosterona em homens adultos e ajuda a melhorar v\u00e1rios problemas de sa\u00fade, incluindo impot\u00eancia, infertilidade, baixo desejo sexual, cansa\u00e7o e depress\u00e3o.<\/p>\n<p>Susto Meds 250 \u00e9 administrado por um m\u00e9dico ou enfermeiro. Voc\u00ea n\u00e3o deve autoadministrar este medicamento em casa. Use-o regularmente para obter o m\u00e1ximo benef\u00edcio do medicamento. Pode levar algum tempo para que o medicamento fa\u00e7a efeito. O curso do tratamento deve ser conclu\u00eddo para melhor efic\u00e1cia do medicamento.<\/p>\n<p>O uso deste medicamento pode causar alguns efeitos colaterais comuns, como aumento na contagem de gl\u00f3bulos vermelhos e hemoglobina no sangue. Algumas pessoas tamb\u00e9m podem apresentar rea\u00e7\u00f5es al\u00e9rgicas, como coceira, erup\u00e7\u00f5es cut\u00e2neas e incha\u00e7o dos l\u00e1bios ou rosto. Se sentir algum destes efeitos secund\u00e1rios, consulte o seu m\u00e9dico imediatamente. O seu m\u00e9dico pode ajud\u00e1-lo com formas de prevenir ou reduzir os efeitos colaterais.<\/p>\n<p>Este medicamento pode n\u00e3o ser adequado para todas as pessoas. Antes de usar o medicamento, voc\u00ea deve informar o seu m\u00e9dico se tiver algum problema de cora\u00e7\u00e3o, f\u00edgado ou rins. Al\u00e9m disso, informe o seu m\u00e9dico sobre todos os outros medicamentos que voc\u00ea est\u00e1 tomando.<\/p>","protected":false},"excerpt":{"rendered":"<p>SUSTANON 250mg \/ TESTOMIX \/ 10ampollas Susto Meds 250 \u00e9 um medicamento combinado utilizado no tratamento do hipogonadismo masculino. Aumenta<\/p>\n","protected":false},"featured_media":9373,"comment_status":"open","ping_status":"closed","template":"","meta":[],"product_brand":[],"product_cat":[69],"product_tag":[],"class_list":{"0":"post-9371","1":"product","2":"type-product","3":"status-publish","4":"has-post-thumbnail","6":"product_cat-esteroides_inyectables","8":"first","9":"outofstock","10":"sale","11":"shipping-taxable","12":"purchasable","13":"product-type-simple"},"yoast_head":"<!-- This site is optimized with the Yoast SEO Premium plugin v24.4 (Yoast SEO v27.0) - https:\/\/yoast.com\/product\/yoast-seo-premium-wordpress\/ -->\n<title>Susto Meds 250 ( SUSTANON ) - buy online at Ester\u00f3ides Online<\/title>\n<meta name=\"description\" content=\"Susto Meds 250 ( SUSTANON ) is a combination medicine used in the treatment of male hypogonadism. It increases the testosterone levels in adult men and\" \/>\n<meta name=\"robots\" content=\"index, follow, max-snippet:-1, max-image-preview:large, max-video-preview:-1\" \/>\n<link rel=\"canonical\" href=\"https:\/\/iberoid-shop.com\/pt\/product\/susto-meds-250-sustanon\/\" \/>\n<meta property=\"og:locale\" content=\"pt_PT\" \/>\n<meta property=\"og:type\" content=\"article\" \/>\n<meta property=\"og:title\" content=\"Susto Meds 250 ( SUSTANON )\" \/>\n<meta property=\"og:description\" content=\"Susto Meds 250 ( SUSTANON ) is a combination medicine used in the treatment of male hypogonadism. It increases the testosterone levels in adult men and\" \/>\n<meta property=\"og:url\" content=\"https:\/\/iberoid-shop.com\/pt\/product\/susto-meds-250-sustanon\/\" \/>\n<meta property=\"og:site_name\" content=\"Ester\u00f3ides Online\" \/>\n<meta property=\"article:modified_time\" content=\"2024-09-07T18:32:39+00:00\" \/>\n<meta property=\"og:image\" content=\"https:\/\/iberoid-shop.com\/wp-content\/uploads\/2024\/04\/1sus.jpg?v=1713096831\" \/>\n\t<meta property=\"og:image:width\" content=\"2048\" \/>\n\t<meta property=\"og:image:height\" content=\"1536\" \/>\n\t<meta property=\"og:image:type\" content=\"image\/jpeg\" \/>\n<meta name=\"twitter:card\" content=\"summary_large_image\" \/>\n<meta name=\"twitter:label1\" content=\"pre\u00e7o\" \/>\n\t<meta name=\"twitter:data1\" content=\"&euro;30.00\" \/>\n\t<meta name=\"twitter:label2\" content=\"Disponibilidade\" \/>\n\t<meta name=\"twitter:data2\" content=\"Esgotado\" \/>\n<script type=\"application\/ld+json\" class=\"yoast-schema-graph\">{\"@context\":\"https:\/\/schema.org\",\"@graph\":[{\"@type\":\"WebPage\",\"@id\":\"https:\/\/iberoid-shop.com\/pt\/product\/susto-meds-250-sustanon\/\",\"url\":\"https:\/\/iberoid-shop.com\/pt\/product\/susto-meds-250-sustanon\/\",\"name\":\"Susto Meds 250 ( SUSTANON ) - buy online at Ester\u00f3ides Online\",\"isPartOf\":{\"@id\":\"https:\/\/iberoid-shop.com\/pt\/#website\"},\"primaryImageOfPage\":{\"@id\":\"https:\/\/iberoid-shop.com\/pt\/product\/susto-meds-250-sustanon\/#primaryimage\"},\"image\":{\"@id\":\"https:\/\/iberoid-shop.com\/pt\/product\/susto-meds-250-sustanon\/#primaryimage\"},\"thumbnailUrl\":\"https:\/\/iberoid-shop.com\/wp-content\/uploads\/2024\/04\/1sus.jpg?v=1713096831\",\"datePublished\":\"2024-04-14T12:14:26+00:00\",\"dateModified\":\"2024-09-07T18:32:39+00:00\",\"description\":\"Susto Meds 250 ( SUSTANON ) is a combination medicine used in the treatment of male hypogonadism. It increases the testosterone levels in adult men and\",\"breadcrumb\":{\"@id\":\"https:\/\/iberoid-shop.com\/pt\/product\/susto-meds-250-sustanon\/#breadcrumb\"},\"inLanguage\":\"pt-PT\",\"potentialAction\":[{\"@type\":\"ReadAction\",\"target\":[[\"https:\/\/iberoid-shop.com\/pt\/product\/susto-meds-250-sustanon\/\"]]}]},{\"@type\":\"ImageObject\",\"inLanguage\":\"pt-PT\",\"@id\":\"https:\/\/iberoid-shop.com\/pt\/product\/susto-meds-250-sustanon\/#primaryimage\",\"url\":\"https:\/\/iberoid-shop.com\/wp-content\/uploads\/2024\/04\/1sus.jpg?v=1713096831\",\"contentUrl\":\"https:\/\/iberoid-shop.com\/wp-content\/uploads\/2024\/04\/1sus.jpg?v=1713096831\",\"width\":2048,\"height\":1536,\"caption\":\"Susto Meds 250 ( SUSTANON )\"},{\"@type\":\"BreadcrumbList\",\"@id\":\"https:\/\/iberoid-shop.com\/pt\/product\/susto-meds-250-sustanon\/#breadcrumb\",\"itemListElement\":[{\"@type\":\"ListItem\",\"position\":1,\"name\":\"Portada\",\"item\":\"https:\/\/iberoid-shop.com\/pt\/\"},{\"@type\":\"ListItem\",\"position\":2,\"name\":\"Loja\",\"item\":\"https:\/\/iberoid-shop.com\/pt\/shop\/\"},{\"@type\":\"ListItem\",\"position\":3,\"name\":\"Susto Meds 250 ( SUSTANON )\"}]},{\"@type\":\"WebSite\",\"@id\":\"https:\/\/iberoid-shop.com\/pt\/#website\",\"url\":\"https:\/\/iberoid-shop.com\/pt\/\",\"name\":\"Ester\u00f3ides Online\",\"description\":\"Compre ester\u00f3ides online hoje em Espanha e Portugal. Temos o melhor servi\u00e7o ao cliente do setor e produtos da mais alta qualidade\",\"potentialAction\":[{\"@type\":\"SearchAction\",\"target\":{\"@type\":\"EntryPoint\",\"urlTemplate\":\"https:\/\/iberoid-shop.com\/pt\/?s={search_term_string}\"},\"query-input\":{\"@type\":\"PropertyValueSpecification\",\"valueRequired\":true,\"valueName\":\"search_term_string\"}}],\"inLanguage\":\"pt-PT\"}]}<\/script>\n<meta property=\"product:brand\" content=\"Vitality Meds\" \/>\n<meta property=\"product:price:amount\" content=\"30.00\" \/>\n<meta property=\"product:price:currency\" content=\"EUR\" \/>\n<meta property=\"og:availability\" content=\"out of stock\" \/>\n<meta property=\"product:availability\" content=\"out of stock\" \/>\n<meta property=\"product:condition\" content=\"new\" \/>\n<!-- \/ Yoast SEO Premium plugin. -->","yoast_head_json":{"title":"Susto Meds 250 ( SUSTANON ) - buy online at Ester\u00f3ides Online","description":"Susto Meds 250 ( SUSTANON ) is a combination medicine used in the treatment of male hypogonadism. It increases the testosterone levels in adult men and","robots":{"index":"index","follow":"follow","max-snippet":"max-snippet:-1","max-image-preview":"max-image-preview:large","max-video-preview":"max-video-preview:-1"},"canonical":"https:\/\/iberoid-shop.com\/pt\/product\/susto-meds-250-sustanon\/","og_locale":"pt_PT","og_type":"article","og_title":"Susto Meds 250 ( SUSTANON )","og_description":"Susto Meds 250 ( SUSTANON ) is a combination medicine used in the treatment of male hypogonadism. It increases the testosterone levels in adult men and","og_url":"https:\/\/iberoid-shop.com\/pt\/product\/susto-meds-250-sustanon\/","og_site_name":"Ester\u00f3ides Online","article_modified_time":"2024-09-07T18:32:39+00:00","og_image":[{"width":2048,"height":1536,"url":"https:\/\/iberoid-shop.com\/wp-content\/uploads\/2024\/04\/1sus.jpg?v=1713096831","type":"image\/jpeg"}],"twitter_card":"summary_large_image","twitter_misc":{"pre\u00e7o":"&euro;30.00","Disponibilidade":"Esgotado"},"schema":{"@context":"https:\/\/schema.org","@graph":[{"@type":"WebPage","@id":"https:\/\/iberoid-shop.com\/pt\/product\/susto-meds-250-sustanon\/","url":"https:\/\/iberoid-shop.com\/pt\/product\/susto-meds-250-sustanon\/","name":"Susto Meds 250 ( SUSTANON ) - buy online at Ester\u00f3ides Online","isPartOf":{"@id":"https:\/\/iberoid-shop.com\/pt\/#website"},"primaryImageOfPage":{"@id":"https:\/\/iberoid-shop.com\/pt\/product\/susto-meds-250-sustanon\/#primaryimage"},"image":{"@id":"https:\/\/iberoid-shop.com\/pt\/product\/susto-meds-250-sustanon\/#primaryimage"},"thumbnailUrl":"https:\/\/iberoid-shop.com\/wp-content\/uploads\/2024\/04\/1sus.jpg?v=1713096831","datePublished":"2024-04-14T12:14:26+00:00","dateModified":"2024-09-07T18:32:39+00:00","description":"Susto Meds 250 ( SUSTANON ) is a combination medicine used in the treatment of male hypogonadism. It increases the testosterone levels in adult men and","breadcrumb":{"@id":"https:\/\/iberoid-shop.com\/pt\/product\/susto-meds-250-sustanon\/#breadcrumb"},"inLanguage":"pt-PT","potentialAction":[{"@type":"ReadAction","target":[["https:\/\/iberoid-shop.com\/pt\/product\/susto-meds-250-sustanon\/"]]}]},{"@type":"ImageObject","inLanguage":"pt-PT","@id":"https:\/\/iberoid-shop.com\/pt\/product\/susto-meds-250-sustanon\/#primaryimage","url":"https:\/\/iberoid-shop.com\/wp-content\/uploads\/2024\/04\/1sus.jpg?v=1713096831","contentUrl":"https:\/\/iberoid-shop.com\/wp-content\/uploads\/2024\/04\/1sus.jpg?v=1713096831","width":2048,"height":1536,"caption":"Susto Meds 250 ( SUSTANON )"},{"@type":"BreadcrumbList","@id":"https:\/\/iberoid-shop.com\/pt\/product\/susto-meds-250-sustanon\/#breadcrumb","itemListElement":[{"@type":"ListItem","position":1,"name":"Portada","item":"https:\/\/iberoid-shop.com\/pt\/"},{"@type":"ListItem","position":2,"name":"Loja","item":"https:\/\/iberoid-shop.com\/pt\/shop\/"},{"@type":"ListItem","position":3,"name":"Susto Meds 250 ( SUSTANON )"}]},{"@type":"WebSite","@id":"https:\/\/iberoid-shop.com\/pt\/#website","url":"https:\/\/iberoid-shop.com\/pt\/","name":"Ester\u00f3ides Online","description":"Compre ester\u00f3ides online hoje em Espanha e Portugal. Temos o melhor servi\u00e7o ao cliente do setor e produtos da mais alta qualidade","potentialAction":[{"@type":"SearchAction","target":{"@type":"EntryPoint","urlTemplate":"https:\/\/iberoid-shop.com\/pt\/?s={search_term_string}"},"query-input":{"@type":"PropertyValueSpecification","valueRequired":true,"valueName":"search_term_string"}}],"inLanguage":"pt-PT"}]},"product_brand":"Vitality Meds","product_price_amount":"30.00","product_price_currency":"EUR","og_availability":"out of stock","product_availability":"out of stock","product_condition":"new"},"_links":{"self":[{"href":"https:\/\/iberoid-shop.com\/pt\/wp-json\/wp\/v2\/product\/9371","targetHints":{"allow":["GET"]}}],"collection":[{"href":"https:\/\/iberoid-shop.com\/pt\/wp-json\/wp\/v2\/product"}],"about":[{"href":"https:\/\/iberoid-shop.com\/pt\/wp-json\/wp\/v2\/types\/product"}],"replies":[{"embeddable":true,"href":"https:\/\/iberoid-shop.com\/pt\/wp-json\/wp\/v2\/comments?post=9371"}],"wp:featuredmedia":[{"embeddable":true,"href":"https:\/\/iberoid-shop.com\/pt\/wp-json\/wp\/v2\/media\/9373"}],"wp:attachment":[{"href":"https:\/\/iberoid-shop.com\/pt\/wp-json\/wp\/v2\/media?parent=9371"}],"wp:term":[{"taxonomy":"product_brand","embeddable":true,"href":"https:\/\/iberoid-shop.com\/pt\/wp-json\/wp\/v2\/product_brand?post=9371"},{"taxonomy":"product_cat","embeddable":true,"href":"https:\/\/iberoid-shop.com\/pt\/wp-json\/wp\/v2\/product_cat?post=9371"},{"taxonomy":"product_tag","embeddable":true,"href":"https:\/\/iberoid-shop.com\/pt\/wp-json\/wp\/v2\/product_tag?post=9371"}],"curies":[{"name":"wp","href":"https:\/\/api.w.org\/{rel}","templated":true}]}}