{"id":9323,"date":"2024-04-04T20:54:01","date_gmt":"2024-04-04T20:54:01","guid":{"rendered":"https:\/\/iberoid-shop.com\/?post_type=product&#038;p=9323"},"modified":"2026-01-25T14:05:03","modified_gmt":"2026-01-25T14:05:03","slug":"boldoged-premium-line","status":"publish","type":"product","link":"https:\/\/iberoid-shop.com\/pt\/product\/boldoged-premium-line\/","title":{"rendered":"BOLDOGED PREMIUM LINE"},"content":{"rendered":"<p>BOLDOGED PREMIUM LINE , \u00e9 a boldenona produzida pela EPF, \u00e9 um produto que pode ser facilmente combinado com outros esteroides, dependendo da vontade de cada um. Nos ciclos para aumento de massa muscular \u00e9 combinado com Anapolon, Turanabol ou Testosterona e nos ciclos para defini\u00e7\u00e3o pode ser combinado com Parabolan, Winstrol, Primobolan ou Tremboloneb.<\/p>\n<p>A dose recomendada varia entre 300 mg e 600 mg por semana. Devido aos tr\u00eas \u00e9steres de boldenona a partir dos quais \u00e9 formada, a Boldenona aumenta consideravelmente o apetite. Isto se deve \u00e0 estimula\u00e7\u00e3o da secre\u00e7\u00e3o de insulina que a Boldenona causa.<\/p>\n<p>Como efeito colateral, interrompe a secre\u00e7\u00e3o de testosterona no organismo, por isso \u00e9 recomendada a terapia p\u00f3s-ciclo, composta por Clomid e Tamoxifeno. Se for administrado nas doses recomendadas e com terapia p\u00f3s-ciclo, os efeitos colaterais s\u00e3o fixos ou nem aparecem.<\/p>\n<p>Esta terapia p\u00f3s-ciclo visa regular a produ\u00e7\u00e3o de testosterona do pr\u00f3prio corpo. \u00c9 importante que em qualquer outro tratamento com ester\u00f3ides sejam seguidas algumas regras essenciais para obter os resultados desejados.<\/p>\n<p>As principais refei\u00e7\u00f5es do dia s\u00e3o importantes e devem ser respeitadas. Os alimentos devem ser ricos em prote\u00ednas, vitaminas, antioxidantes. Voc\u00ea deve comer carne magra, como carne bovina, peixe, peito de frango. Os vegetais s\u00e3o importantes. As frutas cont\u00eam antioxidantes e d\u00e3o energia ao corpo.<\/p>","protected":false},"excerpt":{"rendered":"<p>BOLDOGED PREMIUM LINE , \u00e9 a boldenona produzida pela EPF, \u00e9 um produto que pode ser facilmente combinado com outros<\/p>\n","protected":false},"featured_media":9325,"comment_status":"open","ping_status":"closed","template":"","meta":[],"product_brand":[],"product_cat":[69],"product_tag":[],"class_list":{"0":"post-9323","1":"product","2":"type-product","3":"status-publish","4":"has-post-thumbnail","6":"product_cat-esteroides_inyectables","8":"first","9":"instock","10":"shipping-taxable","11":"purchasable","12":"product-type-simple"},"yoast_head":"<!-- This site is optimized with the Yoast SEO Premium plugin v24.4 (Yoast SEO v27.0) - https:\/\/yoast.com\/product\/yoast-seo-premium-wordpress\/ -->\n<title>BOLDOGED PREMIUM LINE - Ester\u00f3ides Online<\/title>\n<meta name=\"description\" content=\"BOLDOGED PREMIUM LINE, produced by EPF, is a boldenone product that users can easily combine with other steroids, depending on their goals.\" \/>\n<meta name=\"robots\" content=\"index, follow, max-snippet:-1, max-image-preview:large, max-video-preview:-1\" \/>\n<link rel=\"canonical\" href=\"https:\/\/iberoid-shop.com\/pt\/product\/boldoged-premium-line\/\" \/>\n<meta property=\"og:locale\" content=\"pt_PT\" \/>\n<meta property=\"og:type\" content=\"article\" \/>\n<meta property=\"og:title\" content=\"BOLDOGED PREMIUM LINE\" \/>\n<meta property=\"og:description\" content=\"BOLDOGED PREMIUM LINE, produced by EPF, is a boldenone product that users can easily combine with other steroids, depending on their goals.\" \/>\n<meta property=\"og:url\" content=\"https:\/\/iberoid-shop.com\/pt\/product\/boldoged-premium-line\/\" \/>\n<meta property=\"og:site_name\" content=\"Ester\u00f3ides Online\" \/>\n<meta property=\"article:modified_time\" content=\"2026-01-25T14:05:03+00:00\" \/>\n<meta property=\"og:image\" content=\"https:\/\/iberoid-shop.com\/wp-content\/uploads\/2024\/04\/boldp.jpg?v=1712263998\" \/>\n\t<meta property=\"og:image:width\" content=\"1280\" \/>\n\t<meta property=\"og:image:height\" content=\"1280\" \/>\n\t<meta property=\"og:image:type\" content=\"image\/jpeg\" \/>\n<meta name=\"twitter:card\" content=\"summary_large_image\" \/>\n<meta name=\"twitter:label1\" content=\"pre\u00e7o\" \/>\n\t<meta name=\"twitter:data1\" content=\"&euro;45.00\" \/>\n\t<meta name=\"twitter:label2\" content=\"Disponibilidade\" \/>\n\t<meta name=\"twitter:data2\" content=\"Em stock\" \/>\n<script type=\"application\/ld+json\" class=\"yoast-schema-graph\">{\"@context\":\"https:\/\/schema.org\",\"@graph\":[{\"@type\":\"WebPage\",\"@id\":\"https:\/\/iberoid-shop.com\/pt\/product\/boldoged-premium-line\/\",\"url\":\"https:\/\/iberoid-shop.com\/pt\/product\/boldoged-premium-line\/\",\"name\":\"BOLDOGED PREMIUM LINE - Ester\u00f3ides Online\",\"isPartOf\":{\"@id\":\"https:\/\/iberoid-shop.com\/pt\/#website\"},\"primaryImageOfPage\":{\"@id\":\"https:\/\/iberoid-shop.com\/pt\/product\/boldoged-premium-line\/#primaryimage\"},\"image\":{\"@id\":\"https:\/\/iberoid-shop.com\/pt\/product\/boldoged-premium-line\/#primaryimage\"},\"thumbnailUrl\":\"https:\/\/iberoid-shop.com\/wp-content\/uploads\/2024\/04\/boldp.jpg?v=1712263998\",\"datePublished\":\"2024-04-04T20:54:01+00:00\",\"dateModified\":\"2026-01-25T14:05:03+00:00\",\"description\":\"BOLDOGED PREMIUM LINE, produced by EPF, is a boldenone product that users can easily combine with other steroids, depending on their goals.\",\"breadcrumb\":{\"@id\":\"https:\/\/iberoid-shop.com\/pt\/product\/boldoged-premium-line\/#breadcrumb\"},\"inLanguage\":\"pt-PT\",\"potentialAction\":[{\"@type\":\"ReadAction\",\"target\":[[\"https:\/\/iberoid-shop.com\/pt\/product\/boldoged-premium-line\/\"]]}]},{\"@type\":\"ImageObject\",\"inLanguage\":\"pt-PT\",\"@id\":\"https:\/\/iberoid-shop.com\/pt\/product\/boldoged-premium-line\/#primaryimage\",\"url\":\"https:\/\/iberoid-shop.com\/wp-content\/uploads\/2024\/04\/boldp.jpg?v=1712263998\",\"contentUrl\":\"https:\/\/iberoid-shop.com\/wp-content\/uploads\/2024\/04\/boldp.jpg?v=1712263998\",\"width\":1280,\"height\":1280,\"caption\":\"BOLDOGED PREMIUM LINE\"},{\"@type\":\"BreadcrumbList\",\"@id\":\"https:\/\/iberoid-shop.com\/pt\/product\/boldoged-premium-line\/#breadcrumb\",\"itemListElement\":[{\"@type\":\"ListItem\",\"position\":1,\"name\":\"Portada\",\"item\":\"https:\/\/iberoid-shop.com\/pt\/\"},{\"@type\":\"ListItem\",\"position\":2,\"name\":\"Loja\",\"item\":\"https:\/\/iberoid-shop.com\/pt\/shop\/\"},{\"@type\":\"ListItem\",\"position\":3,\"name\":\"BOLDOGED PREMIUM LINE\"}]},{\"@type\":\"WebSite\",\"@id\":\"https:\/\/iberoid-shop.com\/pt\/#website\",\"url\":\"https:\/\/iberoid-shop.com\/pt\/\",\"name\":\"Ester\u00f3ides Online\",\"description\":\"Compre ester\u00f3ides online hoje em Espanha e Portugal. Temos o melhor servi\u00e7o ao cliente do setor e produtos da mais alta qualidade\",\"potentialAction\":[{\"@type\":\"SearchAction\",\"target\":{\"@type\":\"EntryPoint\",\"urlTemplate\":\"https:\/\/iberoid-shop.com\/pt\/?s={search_term_string}\"},\"query-input\":{\"@type\":\"PropertyValueSpecification\",\"valueRequired\":true,\"valueName\":\"search_term_string\"}}],\"inLanguage\":\"pt-PT\"}]}<\/script>\n<meta property=\"product:brand\" content=\"Euro Prime Pharmaceuticals (EPF)\" \/>\n<meta property=\"product:price:amount\" content=\"45.00\" \/>\n<meta property=\"product:price:currency\" content=\"EUR\" \/>\n<meta property=\"og:availability\" content=\"instock\" \/>\n<meta property=\"product:availability\" content=\"instock\" \/>\n<meta property=\"product:condition\" content=\"new\" \/>\n<!-- \/ Yoast SEO Premium plugin. -->","yoast_head_json":{"title":"BOLDOGED PREMIUM LINE - Ester\u00f3ides Online","description":"BOLDOGED PREMIUM LINE, produced by EPF, is a boldenone product that users can easily combine with other steroids, depending on their goals.","robots":{"index":"index","follow":"follow","max-snippet":"max-snippet:-1","max-image-preview":"max-image-preview:large","max-video-preview":"max-video-preview:-1"},"canonical":"https:\/\/iberoid-shop.com\/pt\/product\/boldoged-premium-line\/","og_locale":"pt_PT","og_type":"article","og_title":"BOLDOGED PREMIUM LINE","og_description":"BOLDOGED PREMIUM LINE, produced by EPF, is a boldenone product that users can easily combine with other steroids, depending on their goals.","og_url":"https:\/\/iberoid-shop.com\/pt\/product\/boldoged-premium-line\/","og_site_name":"Ester\u00f3ides Online","article_modified_time":"2026-01-25T14:05:03+00:00","og_image":[{"width":1280,"height":1280,"url":"https:\/\/iberoid-shop.com\/wp-content\/uploads\/2024\/04\/boldp.jpg?v=1712263998","type":"image\/jpeg"}],"twitter_card":"summary_large_image","twitter_misc":{"pre\u00e7o":"&euro;45.00","Disponibilidade":"Em stock"},"schema":{"@context":"https:\/\/schema.org","@graph":[{"@type":"WebPage","@id":"https:\/\/iberoid-shop.com\/pt\/product\/boldoged-premium-line\/","url":"https:\/\/iberoid-shop.com\/pt\/product\/boldoged-premium-line\/","name":"BOLDOGED PREMIUM LINE - Ester\u00f3ides Online","isPartOf":{"@id":"https:\/\/iberoid-shop.com\/pt\/#website"},"primaryImageOfPage":{"@id":"https:\/\/iberoid-shop.com\/pt\/product\/boldoged-premium-line\/#primaryimage"},"image":{"@id":"https:\/\/iberoid-shop.com\/pt\/product\/boldoged-premium-line\/#primaryimage"},"thumbnailUrl":"https:\/\/iberoid-shop.com\/wp-content\/uploads\/2024\/04\/boldp.jpg?v=1712263998","datePublished":"2024-04-04T20:54:01+00:00","dateModified":"2026-01-25T14:05:03+00:00","description":"BOLDOGED PREMIUM LINE, produced by EPF, is a boldenone product that users can easily combine with other steroids, depending on their goals.","breadcrumb":{"@id":"https:\/\/iberoid-shop.com\/pt\/product\/boldoged-premium-line\/#breadcrumb"},"inLanguage":"pt-PT","potentialAction":[{"@type":"ReadAction","target":[["https:\/\/iberoid-shop.com\/pt\/product\/boldoged-premium-line\/"]]}]},{"@type":"ImageObject","inLanguage":"pt-PT","@id":"https:\/\/iberoid-shop.com\/pt\/product\/boldoged-premium-line\/#primaryimage","url":"https:\/\/iberoid-shop.com\/wp-content\/uploads\/2024\/04\/boldp.jpg?v=1712263998","contentUrl":"https:\/\/iberoid-shop.com\/wp-content\/uploads\/2024\/04\/boldp.jpg?v=1712263998","width":1280,"height":1280,"caption":"BOLDOGED PREMIUM LINE"},{"@type":"BreadcrumbList","@id":"https:\/\/iberoid-shop.com\/pt\/product\/boldoged-premium-line\/#breadcrumb","itemListElement":[{"@type":"ListItem","position":1,"name":"Portada","item":"https:\/\/iberoid-shop.com\/pt\/"},{"@type":"ListItem","position":2,"name":"Loja","item":"https:\/\/iberoid-shop.com\/pt\/shop\/"},{"@type":"ListItem","position":3,"name":"BOLDOGED PREMIUM LINE"}]},{"@type":"WebSite","@id":"https:\/\/iberoid-shop.com\/pt\/#website","url":"https:\/\/iberoid-shop.com\/pt\/","name":"Ester\u00f3ides Online","description":"Compre ester\u00f3ides online hoje em Espanha e Portugal. Temos o melhor servi\u00e7o ao cliente do setor e produtos da mais alta qualidade","potentialAction":[{"@type":"SearchAction","target":{"@type":"EntryPoint","urlTemplate":"https:\/\/iberoid-shop.com\/pt\/?s={search_term_string}"},"query-input":{"@type":"PropertyValueSpecification","valueRequired":true,"valueName":"search_term_string"}}],"inLanguage":"pt-PT"}]},"product_brand":"Euro Prime Pharmaceuticals (EPF)","product_price_amount":"45.00","product_price_currency":"EUR","og_availability":"instock","product_availability":"instock","product_condition":"new"},"_links":{"self":[{"href":"https:\/\/iberoid-shop.com\/pt\/wp-json\/wp\/v2\/product\/9323","targetHints":{"allow":["GET"]}}],"collection":[{"href":"https:\/\/iberoid-shop.com\/pt\/wp-json\/wp\/v2\/product"}],"about":[{"href":"https:\/\/iberoid-shop.com\/pt\/wp-json\/wp\/v2\/types\/product"}],"replies":[{"embeddable":true,"href":"https:\/\/iberoid-shop.com\/pt\/wp-json\/wp\/v2\/comments?post=9323"}],"wp:featuredmedia":[{"embeddable":true,"href":"https:\/\/iberoid-shop.com\/pt\/wp-json\/wp\/v2\/media\/9325"}],"wp:attachment":[{"href":"https:\/\/iberoid-shop.com\/pt\/wp-json\/wp\/v2\/media?parent=9323"}],"wp:term":[{"taxonomy":"product_brand","embeddable":true,"href":"https:\/\/iberoid-shop.com\/pt\/wp-json\/wp\/v2\/product_brand?post=9323"},{"taxonomy":"product_cat","embeddable":true,"href":"https:\/\/iberoid-shop.com\/pt\/wp-json\/wp\/v2\/product_cat?post=9323"},{"taxonomy":"product_tag","embeddable":true,"href":"https:\/\/iberoid-shop.com\/pt\/wp-json\/wp\/v2\/product_tag?post=9323"}],"curies":[{"name":"wp","href":"https:\/\/api.w.org\/{rel}","templated":true}]}}