{"id":9296,"date":"2024-03-24T18:47:27","date_gmt":"2024-03-24T18:47:27","guid":{"rendered":"https:\/\/iberoid-shop.com\/?post_type=product&#038;p=9296"},"modified":"2026-03-29T16:25:26","modified_gmt":"2026-03-29T16:25:26","slug":"tamoxitech-20","status":"publish","type":"product","link":"https:\/\/iberoid-shop.com\/pt\/product\/tamoxitech-20\/","title":{"rendered":"TAMOXITECH 20"},"content":{"rendered":"<p>TAMOXITECH \/ TAMOXIFENO \/ 20MG \/ 100tabs<\/p>\n<p>TAMOXITECH 20 \u00e9 usado para tratar o c\u00e2ncer de mama que se espalhou para outras partes do corpo (c\u00e2ncer de mama metast\u00e1tico), para tratar o c\u00e2ncer de mama em alguns pacientes ap\u00f3s cirurgia e radia\u00e7\u00e3o e para reduzir o risco de c\u00e2ncer de mama em pacientes de alto risco.<\/p>\n<p>Este medicamento pode bloquear o crescimento do c\u00e2ncer de mama. Funciona interferindo nos efeitos do estrog\u00eanio no tecido mam\u00e1rio.<\/p>\n<p>COMO USAR TAMOXITECH 20<\/p>\n<p>Leia o Guia de Medicamentos fornecido pelo seu farmac\u00eautico antes de come\u00e7ar a tomar citrato de Tamoxifeno (Nolvadex) e cada vez que receber uma recarga. Se tiver d\u00favidas, fale com o seu m\u00e9dico ou farmac\u00eautico.<\/p>\n<p>Tome este medicamento por via oral com ou sem alimentos, geralmente uma ou duas vezes por dia durante 5 anos ou conforme indicado pelo seu m\u00e9dico. Doses di\u00e1rias acima de 20 miligramas geralmente s\u00e3o divididas ao meio e tomadas duas vezes ao dia, de manh\u00e3 e \u00e0 noite, ou conforme orienta\u00e7\u00e3o do m\u00e9dico. Se usar o l\u00edquido, me\u00e7a cuidadosamente a dose com um medidor\/colher especial. N\u00e3o use uma colher dom\u00e9stica porque pode n\u00e3o receber a dose certa.<\/p>","protected":false},"excerpt":{"rendered":"<p>TAMOXITECH \/ TAMOXIFENO \/ 20MG \/ 100tabs TAMOXITECH 20 \u00e9 usado para tratar o c\u00e2ncer de mama que se espalhou<\/p>\n","protected":false},"featured_media":9298,"comment_status":"open","ping_status":"closed","template":"","meta":[],"product_brand":[],"product_cat":[73],"product_tag":[],"class_list":{"0":"post-9296","1":"product","2":"type-product","3":"status-publish","4":"has-post-thumbnail","6":"product_cat-ssteroides_orales","8":"first","9":"instock","10":"sale","11":"shipping-taxable","12":"purchasable","13":"product-type-simple"},"yoast_head":"<!-- This site is optimized with the Yoast SEO Premium plugin v24.4 (Yoast SEO v27.3) - https:\/\/yoast.com\/product\/yoast-seo-premium-wordpress\/ -->\n<title>TAMOXITECH 20 - Buy online at Ester\u00f3ides Online<\/title>\n<meta name=\"description\" content=\"TAMOXITECH 20 treats metastatic breast cancer, post-surgery and radiation breast cancer, and reduces breast cancer risk in high-risk patients.\" \/>\n<meta name=\"robots\" content=\"index, follow, max-snippet:-1, max-image-preview:large, max-video-preview:-1\" \/>\n<link rel=\"canonical\" href=\"https:\/\/iberoid-shop.com\/pt\/product\/tamoxitech-20\/\" \/>\n<meta property=\"og:locale\" content=\"pt_PT\" \/>\n<meta property=\"og:type\" content=\"article\" \/>\n<meta property=\"og:title\" content=\"TAMOXITECH 20\" \/>\n<meta property=\"og:description\" content=\"TAMOXITECH 20 treats metastatic breast cancer, post-surgery and radiation breast cancer, and reduces breast cancer risk in high-risk patients.\" \/>\n<meta property=\"og:url\" content=\"https:\/\/iberoid-shop.com\/pt\/product\/tamoxitech-20\/\" \/>\n<meta property=\"og:site_name\" content=\"Ester\u00f3ides Online\" \/>\n<meta property=\"article:modified_time\" content=\"2026-03-29T16:25:26+00:00\" \/>\n<meta property=\"og:image\" content=\"https:\/\/iberoid-shop.com\/wp-content\/uploads\/2024\/03\/tamobi.jpg?v=1711306023\" \/>\n\t<meta property=\"og:image:width\" content=\"1748\" \/>\n\t<meta property=\"og:image:height\" content=\"2048\" \/>\n\t<meta property=\"og:image:type\" content=\"image\/jpeg\" \/>\n<meta name=\"twitter:card\" content=\"summary_large_image\" \/>\n<meta name=\"twitter:label1\" content=\"pre\u00e7o\" \/>\n\t<meta name=\"twitter:data1\" content=\"&euro;25.00\" \/>\n\t<meta name=\"twitter:label2\" content=\"Disponibilidade\" \/>\n\t<meta name=\"twitter:data2\" content=\"Em stock\" \/>\n<script type=\"application\/ld+json\" class=\"yoast-schema-graph\">{\"@context\":\"https:\\\/\\\/schema.org\",\"@graph\":[{\"@type\":\"WebPage\",\"@id\":\"https:\\\/\\\/iberoid-shop.com\\\/pt\\\/product\\\/tamoxitech-20\\\/\",\"url\":\"https:\\\/\\\/iberoid-shop.com\\\/pt\\\/product\\\/tamoxitech-20\\\/\",\"name\":\"TAMOXITECH 20 - Buy online at Ester\u00f3ides Online\",\"isPartOf\":{\"@id\":\"https:\\\/\\\/iberoid.com\\\/#website\"},\"primaryImageOfPage\":{\"@id\":\"https:\\\/\\\/iberoid-shop.com\\\/pt\\\/product\\\/tamoxitech-20\\\/#primaryimage\"},\"image\":{\"@id\":\"https:\\\/\\\/iberoid-shop.com\\\/pt\\\/product\\\/tamoxitech-20\\\/#primaryimage\"},\"thumbnailUrl\":\"https:\\\/\\\/iberoid-shop.com\\\/wp-content\\\/uploads\\\/2024\\\/03\\\/tamobi.jpg?v=1711306023\",\"datePublished\":\"2024-03-24T18:47:27+00:00\",\"dateModified\":\"2026-03-29T16:25:26+00:00\",\"description\":\"TAMOXITECH 20 treats metastatic breast cancer, post-surgery and radiation breast cancer, and reduces breast cancer risk in high-risk patients.\",\"breadcrumb\":{\"@id\":\"https:\\\/\\\/iberoid-shop.com\\\/pt\\\/product\\\/tamoxitech-20\\\/#breadcrumb\"},\"inLanguage\":\"pt-PT\",\"potentialAction\":[{\"@type\":\"ReadAction\",\"target\":[[\"https:\\\/\\\/iberoid-shop.com\\\/pt\\\/product\\\/tamoxitech-20\\\/\"]]}]},{\"@type\":\"ImageObject\",\"inLanguage\":\"pt-PT\",\"@id\":\"https:\\\/\\\/iberoid-shop.com\\\/pt\\\/product\\\/tamoxitech-20\\\/#primaryimage\",\"url\":\"https:\\\/\\\/iberoid-shop.com\\\/wp-content\\\/uploads\\\/2024\\\/03\\\/tamobi.jpg?v=1711306023\",\"contentUrl\":\"https:\\\/\\\/iberoid-shop.com\\\/wp-content\\\/uploads\\\/2024\\\/03\\\/tamobi.jpg?v=1711306023\",\"width\":1748,\"height\":2048,\"caption\":\"TAMOXITECH 20\"},{\"@type\":\"BreadcrumbList\",\"@id\":\"https:\\\/\\\/iberoid-shop.com\\\/pt\\\/product\\\/tamoxitech-20\\\/#breadcrumb\",\"itemListElement\":[{\"@type\":\"ListItem\",\"position\":1,\"name\":\"Portada\",\"item\":\"https:\\\/\\\/iberoid.com\\\/\"},{\"@type\":\"ListItem\",\"position\":2,\"name\":\"Loja\",\"item\":\"https:\\\/\\\/iberoid-shop.com\\\/pt\\\/shop\\\/\"},{\"@type\":\"ListItem\",\"position\":3,\"name\":\"TAMOXITECH 20\"}]},{\"@type\":\"WebSite\",\"@id\":\"https:\\\/\\\/iberoid.com\\\/#website\",\"url\":\"https:\\\/\\\/iberoid.com\\\/\",\"name\":\"Ester\u00f3ides Online\",\"description\":\"Compre ester\u00f3ides online hoje em Espanha e Portugal. Temos o melhor servi\u00e7o ao cliente do setor e produtos da mais alta qualidade\",\"potentialAction\":[{\"@type\":\"SearchAction\",\"target\":{\"@type\":\"EntryPoint\",\"urlTemplate\":\"https:\\\/\\\/iberoid.com\\\/?s={search_term_string}\"},\"query-input\":{\"@type\":\"PropertyValueSpecification\",\"valueRequired\":true,\"valueName\":\"search_term_string\"}}],\"inLanguage\":\"pt-PT\"}]}<\/script>\n<meta property=\"product:brand\" content=\"Biotech Peptides\" \/>\n<meta property=\"product:price:amount\" content=\"25.00\" \/>\n<meta property=\"product:price:currency\" content=\"EUR\" \/>\n<meta property=\"og:availability\" content=\"instock\" \/>\n<meta property=\"product:availability\" content=\"instock\" \/>\n<meta property=\"product:condition\" content=\"new\" \/>\n<!-- \/ Yoast SEO Premium plugin. -->","yoast_head_json":{"title":"TAMOXITECH 20 - Buy online at Ester\u00f3ides Online","description":"TAMOXITECH 20 treats metastatic breast cancer, post-surgery and radiation breast cancer, and reduces breast cancer risk in high-risk patients.","robots":{"index":"index","follow":"follow","max-snippet":"max-snippet:-1","max-image-preview":"max-image-preview:large","max-video-preview":"max-video-preview:-1"},"canonical":"https:\/\/iberoid-shop.com\/pt\/product\/tamoxitech-20\/","og_locale":"pt_PT","og_type":"article","og_title":"TAMOXITECH 20","og_description":"TAMOXITECH 20 treats metastatic breast cancer, post-surgery and radiation breast cancer, and reduces breast cancer risk in high-risk patients.","og_url":"https:\/\/iberoid-shop.com\/pt\/product\/tamoxitech-20\/","og_site_name":"Ester\u00f3ides Online","article_modified_time":"2026-03-29T16:25:26+00:00","og_image":[{"width":1748,"height":2048,"url":"https:\/\/iberoid-shop.com\/wp-content\/uploads\/2024\/03\/tamobi.jpg?v=1711306023","type":"image\/jpeg"}],"twitter_card":"summary_large_image","twitter_misc":{"pre\u00e7o":"&euro;25.00","Disponibilidade":"Em stock"},"schema":{"@context":"https:\/\/schema.org","@graph":[{"@type":"WebPage","@id":"https:\/\/iberoid-shop.com\/pt\/product\/tamoxitech-20\/","url":"https:\/\/iberoid-shop.com\/pt\/product\/tamoxitech-20\/","name":"TAMOXITECH 20 - Buy online at Ester\u00f3ides Online","isPartOf":{"@id":"https:\/\/iberoid.com\/#website"},"primaryImageOfPage":{"@id":"https:\/\/iberoid-shop.com\/pt\/product\/tamoxitech-20\/#primaryimage"},"image":{"@id":"https:\/\/iberoid-shop.com\/pt\/product\/tamoxitech-20\/#primaryimage"},"thumbnailUrl":"https:\/\/iberoid-shop.com\/wp-content\/uploads\/2024\/03\/tamobi.jpg?v=1711306023","datePublished":"2024-03-24T18:47:27+00:00","dateModified":"2026-03-29T16:25:26+00:00","description":"TAMOXITECH 20 treats metastatic breast cancer, post-surgery and radiation breast cancer, and reduces breast cancer risk in high-risk patients.","breadcrumb":{"@id":"https:\/\/iberoid-shop.com\/pt\/product\/tamoxitech-20\/#breadcrumb"},"inLanguage":"pt-PT","potentialAction":[{"@type":"ReadAction","target":[["https:\/\/iberoid-shop.com\/pt\/product\/tamoxitech-20\/"]]}]},{"@type":"ImageObject","inLanguage":"pt-PT","@id":"https:\/\/iberoid-shop.com\/pt\/product\/tamoxitech-20\/#primaryimage","url":"https:\/\/iberoid-shop.com\/wp-content\/uploads\/2024\/03\/tamobi.jpg?v=1711306023","contentUrl":"https:\/\/iberoid-shop.com\/wp-content\/uploads\/2024\/03\/tamobi.jpg?v=1711306023","width":1748,"height":2048,"caption":"TAMOXITECH 20"},{"@type":"BreadcrumbList","@id":"https:\/\/iberoid-shop.com\/pt\/product\/tamoxitech-20\/#breadcrumb","itemListElement":[{"@type":"ListItem","position":1,"name":"Portada","item":"https:\/\/iberoid.com\/"},{"@type":"ListItem","position":2,"name":"Loja","item":"https:\/\/iberoid-shop.com\/pt\/shop\/"},{"@type":"ListItem","position":3,"name":"TAMOXITECH 20"}]},{"@type":"WebSite","@id":"https:\/\/iberoid.com\/#website","url":"https:\/\/iberoid.com\/","name":"Ester\u00f3ides Online","description":"Compre ester\u00f3ides online hoje em Espanha e Portugal. Temos o melhor servi\u00e7o ao cliente do setor e produtos da mais alta qualidade","potentialAction":[{"@type":"SearchAction","target":{"@type":"EntryPoint","urlTemplate":"https:\/\/iberoid.com\/?s={search_term_string}"},"query-input":{"@type":"PropertyValueSpecification","valueRequired":true,"valueName":"search_term_string"}}],"inLanguage":"pt-PT"}]},"product_brand":"Biotech Peptides","product_price_amount":"25.00","product_price_currency":"EUR","og_availability":"instock","product_availability":"instock","product_condition":"new"},"_links":{"self":[{"href":"https:\/\/iberoid-shop.com\/pt\/wp-json\/wp\/v2\/product\/9296","targetHints":{"allow":["GET"]}}],"collection":[{"href":"https:\/\/iberoid-shop.com\/pt\/wp-json\/wp\/v2\/product"}],"about":[{"href":"https:\/\/iberoid-shop.com\/pt\/wp-json\/wp\/v2\/types\/product"}],"replies":[{"embeddable":true,"href":"https:\/\/iberoid-shop.com\/pt\/wp-json\/wp\/v2\/comments?post=9296"}],"wp:featuredmedia":[{"embeddable":true,"href":"https:\/\/iberoid-shop.com\/pt\/wp-json\/wp\/v2\/media\/9298"}],"wp:attachment":[{"href":"https:\/\/iberoid-shop.com\/pt\/wp-json\/wp\/v2\/media?parent=9296"}],"wp:term":[{"taxonomy":"product_brand","embeddable":true,"href":"https:\/\/iberoid-shop.com\/pt\/wp-json\/wp\/v2\/product_brand?post=9296"},{"taxonomy":"product_cat","embeddable":true,"href":"https:\/\/iberoid-shop.com\/pt\/wp-json\/wp\/v2\/product_cat?post=9296"},{"taxonomy":"product_tag","embeddable":true,"href":"https:\/\/iberoid-shop.com\/pt\/wp-json\/wp\/v2\/product_tag?post=9296"}],"curies":[{"name":"wp","href":"https:\/\/api.w.org\/{rel}","templated":true}]}}