{"id":9245,"date":"2024-03-03T19:07:57","date_gmt":"2024-03-03T19:07:57","guid":{"rendered":"https:\/\/iberoid-shop.com\/?post_type=product&#038;p=9245"},"modified":"2026-03-29T12:41:03","modified_gmt":"2026-03-29T12:41:03","slug":"pack3-lipo-fire-gold-dragon","status":"publish","type":"product","link":"https:\/\/iberoid-shop.com\/pt\/product\/pack3-lipo-fire-gold-dragon\/","title":{"rendered":"PACK 3 LIPO FIRE"},"content":{"rendered":"<p>Solu\u00e7\u00e3o para uso subcut\u00e2neo, com efeito termog\u00eanico.<\/p>\n<p>mistura de<\/p>\n<p>-L-CARNITINA 200MG\/ML<\/p>\n<p>-CLENBUTEROLHCL 40MCG\/ML<\/p>\n<p>-YOIMBINA HCL\u00a0 5MG\/ML<\/p>\n<h2>O que \u00e9 L-carnitina?<\/h2>\n<p>A L-carnitina \u00e9 uma subst\u00e2ncia qu\u00edmica produzida no c\u00e9rebro, f\u00edgado e rins humanos. Ajuda o corpo a transformar\u00a0gordura\u00a0em energia.<\/p>\n<p>A L-carnitina \u00e9 importante para a fun\u00e7\u00e3o card\u00edaca e cerebral, movimento muscular e muitos outros processos corporais. O corpo pode converter L-carnitina em outros produtos qu\u00edmicos chamados acetil-L-carnitina e propionil-L-carnitina. Mas n\u00e3o est\u00e1 claro se os benef\u00edcios destas outras carnitinas s\u00e3o os mesmos.<\/p>\n<p>A L-carnitina \u00e9 usada para aumentar os n\u00edveis de L-carnitina em pessoas cujo n\u00edvel natural de L-carnitina \u00e9 muito baixo. Algumas pessoas tamb\u00e9m usam L-carnitina para problemas do cora\u00e7\u00e3o e dos vasos sangu\u00edneos, doen\u00e7as renais graves e muitas outras condi\u00e7\u00f5es, mas n\u00e3o h\u00e1 boas evid\u00eancias cient\u00edficas para apoiar esses usos.<\/p>\n<h2>O que \u00e9 Clenbuterol?<\/h2>\n<p>O Clenbuterol foi criado inicialmente para tratar a asma, ajudando a abrir as vias respirat\u00f3rias de uma pessoa durante um ataque. Tamb\u00e9m foi administrado ao gado para aumentar a massa corporal magra. Os agricultores fazem isso para aumentar a carne de seus animais, para que possam obter lucros maiores.<\/p>\n<p>Embora o clenbuterol seja comprovado para construir m\u00fasculos em animais, n\u00e3o \u00e9 t\u00e3o eficaz em humanos quando se tenta aumentar o volume. Clenbuterol tem atributos anab\u00f3licos ou poupadores de m\u00fasculos \u2013 mas \u00e9 predominantemente um queimador de gordura e eficaz apenas para perda de peso.<\/p>\n<p>Os efeitos do Clenbuterol\u00a0s\u00e3o intensos e r\u00e1pidos. Primeiramente o sistema nervoso simp\u00e1tico \u00e9 estimulado, estimulando a libera\u00e7\u00e3o de adrenalina. Como resultado, o metabolismo de uma pessoa aumenta, fazendo com que ela queime mais calorias ao longo do dia. Alguns usu\u00e1rios podem experimentar pensamentos acelerados, comportamento impulsivo e ins\u00f4nia devido aos efeitos estimulantes que o clen tem. Tudo isso decorre da acelera\u00e7\u00e3o dos batimentos card\u00edacos.<\/p>\n<h2>O que \u00e9 YOIMBINA ?<\/h2>\n<p>A YOIMBINA \u00e9 derivada da casca de v\u00e1rias \u00e1rvores (incluindo\u00a0pausinystalia\u00a0e\u00a0corynanthe\u00a0). A ioimbina \u00e9 muito eficaz na queima de gordura, mas o j\u00fari ainda n\u00e3o decidiu quando se trata de sua seguran\u00e7a a longo prazo.<\/p>\n<p>A YOIMBINA \u00e9 de natureza semelhante \u00e0 cafe\u00edna ou ao clenbuterol no sentido de que \u00e9 um estimulante, mas tamb\u00e9m tem propriedades antioxidantes e dilata os vasos sangu\u00edneos, permitindo que mais sangue flua livremente. Tamb\u00e9m estabiliza os n\u00edveis de a\u00e7\u00facar no sangue e reduz o cortisol, ajudando a queimar gordura em \u00e1reas teimosas. Nos homens, isso geralmente ocorre na parte inferior do abd\u00f4men e nas mulheres, nas coxas e quadris. Essas \u00e1reas geralmente s\u00e3o os \u00faltimos locais a perder gordura, mas a ioimbina pode acelerar isso.<\/p>\n<p>A ioimbina tamb\u00e9m \u00e9 um afrodis\u00edaco, eficaz para aumentar a libido e o desempenho sexual do usu\u00e1rio.<\/p>\n<p>\u2026Ent\u00e3o voc\u00ea pode avisar sua esposa antes de come\u00e7ar a tom\u00e1-lo!<\/p>\n<h2>Clenbuterol e ioimbina juntos = perda de gordura insana?<\/h2>\n<p>A ioimbina \u00e9 um antagonista do receptor alfa. Os receptores alfa reduzem a queima de gordura, ent\u00e3o quando voc\u00ea combina um antagonista do receptor alfa (ioimbina) com um agonista do receptor beta (clembuterol), voc\u00ea acaba de criar um ambiente qu\u00edmico poderoso para queimar gordura.<\/p>\n<p>A \u00fanica desvantagem de usar esses dois poderosos agentes de corte juntos \u00e9 que h\u00e1 uma boa chance de voc\u00ea sentir efeitos colaterais. Como acontece com qualquer droga no fisiculturismo, se funcionar excepcionalmente bem, sempre h\u00e1 um problema. E isso geralmente ocorre na forma de efeitos colaterais.<\/p>\n<p>Quando voc\u00ea toma clenbuterol e ioimbina estes efeitos colaterais s\u00e3o comuns:<\/p>\n<p>Ansiedade<br \/>\nInquieta\u00e7\u00e3o<br \/>\nDores de cabe\u00e7a<br \/>\nIns\u00f4nia<br \/>\nNervosismo<br \/>\nSuando<br \/>\nPress\u00e3o alta<\/p>\n<p>Todos ter\u00e3o os seguintes efeitos colaterais em graus diferentes. No entanto, pessoas com problemas card\u00edacos ou press\u00e3o alta devem ficar longe desses suplementos.<\/p>\n<p>Voc\u00ea pode tomar suplementos para neutralizar esses efeitos colaterais, mas se voc\u00ea eliminar o efeito estimulante, tamb\u00e9m eliminar\u00e1 os efeitos de queima de gordura que eles ter\u00e3o no seu metabolismo. Um suplemento que recomendo para manter a press\u00e3o arterial sob controle \u00e9 o espinheiro. Isso n\u00e3o acalmar\u00e1 o sistema nervoso e reduzir\u00e1 a termog\u00eanese, mas evitar\u00e1 que a press\u00e3o arterial suba muito.<\/p>\n<p>Para minimizar os efeitos colaterais, voc\u00ea pode executar ciclos curtos que duram apenas 2 semanas por vez. Ap\u00f3s este per\u00edodo, o risco de desenvolver efeitos secund\u00e1rios mais graves aumenta. Al\u00e9m disso, a efic\u00e1cia do clenbuterol diminui ap\u00f3s 2 semanas, por isso n\u00e3o faria muito sentido executar ciclos mais longos, pois n\u00e3o lhe causaria mais perda de gordura.<\/p>","protected":false},"excerpt":{"rendered":"<p>Solu\u00e7\u00e3o para uso subcut\u00e2neo, com efeito termog\u00eanico. mistura de -L-CARNITINA 200MG\/ML -CLENBUTEROLHCL 40MCG\/ML -YOIMBINA HCL\u00a0 5MG\/ML O que \u00e9 L-carnitina?<\/p>\n","protected":false},"featured_media":9247,"comment_status":"open","ping_status":"closed","template":"","meta":[],"product_brand":[],"product_cat":[69,3474],"product_tag":[],"class_list":{"0":"post-9245","1":"product","2":"type-product","3":"status-publish","4":"has-post-thumbnail","6":"product_cat-esteroides_inyectables","7":"product_cat-packs","9":"first","10":"instock","11":"sale","12":"shipping-taxable","13":"purchasable","14":"product-type-simple"},"yoast_head":"<!-- This site is optimized with the Yoast SEO Premium plugin v24.4 (Yoast SEO v27.0) - https:\/\/yoast.com\/product\/yoast-seo-premium-wordpress\/ -->\n<title>PACK 3 LIPO FIRE - Ester\u00f3ides Online<\/title>\n<meta name=\"description\" content=\"Poderosa mistura subcut\u00e2nea de L-Carnitina, Clenbuterol e Ioimbina para perda intensa de gordura e efeito termog\u00eanico.\" \/>\n<meta name=\"robots\" content=\"index, follow, max-snippet:-1, max-image-preview:large, max-video-preview:-1\" \/>\n<link rel=\"canonical\" href=\"https:\/\/iberoid-shop.com\/pt\/product\/pack3-lipo-fire-gold-dragon\/\" \/>\n<meta property=\"og:locale\" content=\"pt_PT\" \/>\n<meta property=\"og:type\" content=\"article\" \/>\n<meta property=\"og:title\" content=\"PACK 3 LIPO FIRE\" \/>\n<meta property=\"og:description\" content=\"Poderosa mistura subcut\u00e2nea de L-Carnitina, Clenbuterol e Ioimbina para perda intensa de gordura e efeito termog\u00eanico.\" \/>\n<meta property=\"og:url\" content=\"https:\/\/iberoid-shop.com\/pt\/product\/pack3-lipo-fire-gold-dragon\/\" \/>\n<meta property=\"og:site_name\" content=\"Ester\u00f3ides Online\" \/>\n<meta property=\"article:modified_time\" content=\"2026-03-29T12:41:03+00:00\" \/>\n<meta property=\"og:image\" content=\"https:\/\/iberoid-shop.com\/wp-content\/uploads\/2024\/03\/lipo2.jpg?v=1709492795\" \/>\n\t<meta property=\"og:image:width\" content=\"1200\" \/>\n\t<meta property=\"og:image:height\" content=\"1600\" \/>\n\t<meta property=\"og:image:type\" content=\"image\/jpeg\" \/>\n<meta name=\"twitter:card\" content=\"summary_large_image\" \/>\n<meta name=\"twitter:label1\" content=\"pre\u00e7o\" \/>\n\t<meta name=\"twitter:data1\" content=\"&euro;55.00\" \/>\n\t<meta name=\"twitter:label2\" content=\"Disponibilidade\" \/>\n\t<meta name=\"twitter:data2\" content=\"Em stock\" \/>\n<script type=\"application\/ld+json\" class=\"yoast-schema-graph\">{\"@context\":\"https:\/\/schema.org\",\"@graph\":[{\"@type\":\"WebPage\",\"@id\":\"https:\/\/iberoid-shop.com\/pt\/product\/pack3-lipo-fire-gold-dragon\/\",\"url\":\"https:\/\/iberoid-shop.com\/pt\/product\/pack3-lipo-fire-gold-dragon\/\",\"name\":\"PACK 3 LIPO FIRE - Ester\u00f3ides Online\",\"isPartOf\":{\"@id\":\"https:\/\/iberoid-shop.com\/pt\/#website\"},\"primaryImageOfPage\":{\"@id\":\"https:\/\/iberoid-shop.com\/pt\/product\/pack3-lipo-fire-gold-dragon\/#primaryimage\"},\"image\":{\"@id\":\"https:\/\/iberoid-shop.com\/pt\/product\/pack3-lipo-fire-gold-dragon\/#primaryimage\"},\"thumbnailUrl\":\"https:\/\/iberoid-shop.com\/wp-content\/uploads\/2024\/03\/lipo2.jpg?v=1709492795\",\"datePublished\":\"2024-03-03T19:07:57+00:00\",\"dateModified\":\"2026-03-29T12:41:03+00:00\",\"description\":\"Poderosa mistura subcut\u00e2nea de L-Carnitina, Clenbuterol e Ioimbina para perda intensa de gordura e efeito termog\u00eanico.\",\"breadcrumb\":{\"@id\":\"https:\/\/iberoid-shop.com\/pt\/product\/pack3-lipo-fire-gold-dragon\/#breadcrumb\"},\"inLanguage\":\"pt-PT\",\"potentialAction\":[{\"@type\":\"ReadAction\",\"target\":[[\"https:\/\/iberoid-shop.com\/pt\/product\/pack3-lipo-fire-gold-dragon\/\"]]}]},{\"@type\":\"ImageObject\",\"inLanguage\":\"pt-PT\",\"@id\":\"https:\/\/iberoid-shop.com\/pt\/product\/pack3-lipo-fire-gold-dragon\/#primaryimage\",\"url\":\"https:\/\/iberoid-shop.com\/wp-content\/uploads\/2024\/03\/lipo2.jpg?v=1709492795\",\"contentUrl\":\"https:\/\/iberoid-shop.com\/wp-content\/uploads\/2024\/03\/lipo2.jpg?v=1709492795\",\"width\":1200,\"height\":1600},{\"@type\":\"BreadcrumbList\",\"@id\":\"https:\/\/iberoid-shop.com\/pt\/product\/pack3-lipo-fire-gold-dragon\/#breadcrumb\",\"itemListElement\":[{\"@type\":\"ListItem\",\"position\":1,\"name\":\"Portada\",\"item\":\"https:\/\/iberoid-shop.com\/pt\/\"},{\"@type\":\"ListItem\",\"position\":2,\"name\":\"Loja\",\"item\":\"https:\/\/iberoid-shop.com\/pt\/shop\/\"},{\"@type\":\"ListItem\",\"position\":3,\"name\":\"PACK 3 LIPO FIRE\"}]},{\"@type\":\"WebSite\",\"@id\":\"https:\/\/iberoid-shop.com\/pt\/#website\",\"url\":\"https:\/\/iberoid-shop.com\/pt\/\",\"name\":\"Ester\u00f3ides Online\",\"description\":\"Compre ester\u00f3ides online hoje em Espanha e Portugal. Temos o melhor servi\u00e7o ao cliente do setor e produtos da mais alta qualidade\",\"potentialAction\":[{\"@type\":\"SearchAction\",\"target\":{\"@type\":\"EntryPoint\",\"urlTemplate\":\"https:\/\/iberoid-shop.com\/pt\/?s={search_term_string}\"},\"query-input\":{\"@type\":\"PropertyValueSpecification\",\"valueRequired\":true,\"valueName\":\"search_term_string\"}}],\"inLanguage\":\"pt-PT\"}]}<\/script>\n<meta property=\"product:brand\" content=\"Golden Dragon\" \/>\n<meta property=\"product:price:amount\" content=\"55.00\" \/>\n<meta property=\"product:price:currency\" content=\"EUR\" \/>\n<meta property=\"og:availability\" content=\"instock\" \/>\n<meta property=\"product:availability\" content=\"instock\" \/>\n<meta property=\"product:condition\" content=\"new\" \/>\n<!-- \/ Yoast SEO Premium plugin. -->","yoast_head_json":{"title":"PACK 3 LIPO FIRE - Ester\u00f3ides Online","description":"Poderosa mistura subcut\u00e2nea de L-Carnitina, Clenbuterol e Ioimbina para perda intensa de gordura e efeito termog\u00eanico.","robots":{"index":"index","follow":"follow","max-snippet":"max-snippet:-1","max-image-preview":"max-image-preview:large","max-video-preview":"max-video-preview:-1"},"canonical":"https:\/\/iberoid-shop.com\/pt\/product\/pack3-lipo-fire-gold-dragon\/","og_locale":"pt_PT","og_type":"article","og_title":"PACK 3 LIPO FIRE","og_description":"Poderosa mistura subcut\u00e2nea de L-Carnitina, Clenbuterol e Ioimbina para perda intensa de gordura e efeito termog\u00eanico.","og_url":"https:\/\/iberoid-shop.com\/pt\/product\/pack3-lipo-fire-gold-dragon\/","og_site_name":"Ester\u00f3ides Online","article_modified_time":"2026-03-29T12:41:03+00:00","og_image":[{"width":1200,"height":1600,"url":"https:\/\/iberoid-shop.com\/wp-content\/uploads\/2024\/03\/lipo2.jpg?v=1709492795","type":"image\/jpeg"}],"twitter_card":"summary_large_image","twitter_misc":{"pre\u00e7o":"&euro;55.00","Disponibilidade":"Em stock"},"schema":{"@context":"https:\/\/schema.org","@graph":[{"@type":"WebPage","@id":"https:\/\/iberoid-shop.com\/pt\/product\/pack3-lipo-fire-gold-dragon\/","url":"https:\/\/iberoid-shop.com\/pt\/product\/pack3-lipo-fire-gold-dragon\/","name":"PACK 3 LIPO FIRE - Ester\u00f3ides Online","isPartOf":{"@id":"https:\/\/iberoid-shop.com\/pt\/#website"},"primaryImageOfPage":{"@id":"https:\/\/iberoid-shop.com\/pt\/product\/pack3-lipo-fire-gold-dragon\/#primaryimage"},"image":{"@id":"https:\/\/iberoid-shop.com\/pt\/product\/pack3-lipo-fire-gold-dragon\/#primaryimage"},"thumbnailUrl":"https:\/\/iberoid-shop.com\/wp-content\/uploads\/2024\/03\/lipo2.jpg?v=1709492795","datePublished":"2024-03-03T19:07:57+00:00","dateModified":"2026-03-29T12:41:03+00:00","description":"Poderosa mistura subcut\u00e2nea de L-Carnitina, Clenbuterol e Ioimbina para perda intensa de gordura e efeito termog\u00eanico.","breadcrumb":{"@id":"https:\/\/iberoid-shop.com\/pt\/product\/pack3-lipo-fire-gold-dragon\/#breadcrumb"},"inLanguage":"pt-PT","potentialAction":[{"@type":"ReadAction","target":[["https:\/\/iberoid-shop.com\/pt\/product\/pack3-lipo-fire-gold-dragon\/"]]}]},{"@type":"ImageObject","inLanguage":"pt-PT","@id":"https:\/\/iberoid-shop.com\/pt\/product\/pack3-lipo-fire-gold-dragon\/#primaryimage","url":"https:\/\/iberoid-shop.com\/wp-content\/uploads\/2024\/03\/lipo2.jpg?v=1709492795","contentUrl":"https:\/\/iberoid-shop.com\/wp-content\/uploads\/2024\/03\/lipo2.jpg?v=1709492795","width":1200,"height":1600},{"@type":"BreadcrumbList","@id":"https:\/\/iberoid-shop.com\/pt\/product\/pack3-lipo-fire-gold-dragon\/#breadcrumb","itemListElement":[{"@type":"ListItem","position":1,"name":"Portada","item":"https:\/\/iberoid-shop.com\/pt\/"},{"@type":"ListItem","position":2,"name":"Loja","item":"https:\/\/iberoid-shop.com\/pt\/shop\/"},{"@type":"ListItem","position":3,"name":"PACK 3 LIPO FIRE"}]},{"@type":"WebSite","@id":"https:\/\/iberoid-shop.com\/pt\/#website","url":"https:\/\/iberoid-shop.com\/pt\/","name":"Ester\u00f3ides Online","description":"Compre ester\u00f3ides online hoje em Espanha e Portugal. Temos o melhor servi\u00e7o ao cliente do setor e produtos da mais alta qualidade","potentialAction":[{"@type":"SearchAction","target":{"@type":"EntryPoint","urlTemplate":"https:\/\/iberoid-shop.com\/pt\/?s={search_term_string}"},"query-input":{"@type":"PropertyValueSpecification","valueRequired":true,"valueName":"search_term_string"}}],"inLanguage":"pt-PT"}]},"product_brand":"Golden Dragon","product_price_amount":"55.00","product_price_currency":"EUR","og_availability":"instock","product_availability":"instock","product_condition":"new"},"_links":{"self":[{"href":"https:\/\/iberoid-shop.com\/pt\/wp-json\/wp\/v2\/product\/9245","targetHints":{"allow":["GET"]}}],"collection":[{"href":"https:\/\/iberoid-shop.com\/pt\/wp-json\/wp\/v2\/product"}],"about":[{"href":"https:\/\/iberoid-shop.com\/pt\/wp-json\/wp\/v2\/types\/product"}],"replies":[{"embeddable":true,"href":"https:\/\/iberoid-shop.com\/pt\/wp-json\/wp\/v2\/comments?post=9245"}],"wp:featuredmedia":[{"embeddable":true,"href":"https:\/\/iberoid-shop.com\/pt\/wp-json\/wp\/v2\/media\/9247"}],"wp:attachment":[{"href":"https:\/\/iberoid-shop.com\/pt\/wp-json\/wp\/v2\/media?parent=9245"}],"wp:term":[{"taxonomy":"product_brand","embeddable":true,"href":"https:\/\/iberoid-shop.com\/pt\/wp-json\/wp\/v2\/product_brand?post=9245"},{"taxonomy":"product_cat","embeddable":true,"href":"https:\/\/iberoid-shop.com\/pt\/wp-json\/wp\/v2\/product_cat?post=9245"},{"taxonomy":"product_tag","embeddable":true,"href":"https:\/\/iberoid-shop.com\/pt\/wp-json\/wp\/v2\/product_tag?post=9245"}],"curies":[{"name":"wp","href":"https:\/\/api.w.org\/{rel}","templated":true}]}}