{"id":9171,"date":"2024-01-25T22:32:20","date_gmt":"2024-01-25T22:32:20","guid":{"rendered":"https:\/\/iberoid-shop.com\/?post_type=product&#038;p=9171"},"modified":"2026-02-08T12:06:14","modified_gmt":"2026-02-08T12:06:14","slug":"pack3testoged-c-testosteron-cypionate-epf-base","status":"publish","type":"product","link":"https:\/\/iberoid-shop.com\/pt\/product\/pack3testoged-c-testosteron-cypionate-epf-base\/","title":{"rendered":"PACK 3 TESTOGED C &#8211; TESTOSTERON CYPIONATE"},"content":{"rendered":"<p><\/p>\n<p data-sourcepos=\"3:1-5:199\">A inje\u00e7\u00e3o de Cipionato de Testosterona \u00e9 um andr\u00f3geno de prescri\u00e7\u00e3o m\u00e9dica usado para tratar os sintomas de baixa testosterona em homens que t\u00eam hipogonadismo (uma condi\u00e7\u00e3o na qual o corpo n\u00e3o produz testosterona natural suficiente). O Cipionato de Testosterona \u00e9 usado apenas em homens com baixos n\u00edveis de testosterona causados por certas condi\u00e7\u00f5es m\u00e9dicas, incluindo doen\u00e7as dos test\u00edculos, gl\u00e2ndula pituit\u00e1ria ou hipot\u00e1lamo que causam hipogonadismo. Este medicamento n\u00e3o se destina ao tratamento dos sintomas de baixa testosterona em homens associados ao envelhecimento (hipogonadismo relacionado \u00e0 idade). Pode haver outros usos para o cipionato de testosterona \u2014 o seu profissional de sa\u00fade ou farmac\u00eautico pode fornecer aconselhamento m\u00e9dico e dar-lhe mais informa\u00e7\u00f5es sobre o cipionato de testosterona.<\/p>\n<p data-sourcepos=\"7:1-8:188\"><strong>Mecanismo de A\u00e7\u00e3o do Cipionato de Testosterona<\/strong> O cipionato de testosterona (Depo-Testosterona) \u00e9 uma terapia de reposi\u00e7\u00e3o de testosterona que funciona no hipogonadismo, substituindo a testosterona que o seu corpo \u00e9 incapaz de produzir.<\/p>\n<p data-sourcepos=\"10:1-12:359\"><strong>Doses de Cipionato de Testosterona<\/strong> O Cipionato de Testosterona (Depo-Testosterona) est\u00e1 dispon\u00edvel como uma solu\u00e7\u00e3o injet\u00e1vel de 100 mg\/mL e 200 mg\/mL. A dosagem recomendada da Inje\u00e7\u00e3o de Cipionato de Testosterona \u00e9 de 50 mg a 400 mg, administrada a cada 2 a 4 semanas como uma inje\u00e7\u00e3o intramuscular profunda no m\u00fasculo gl\u00fateo. O seu profissional de sa\u00fade trabalhar\u00e1 consigo para encontrar a dosagem apropriada de cipionato de testosterona (Depo-Testosterona) para si, pois depende da sua idade e da doen\u00e7a que est\u00e1 a ser tratada. O seu prestador de cuidados de sa\u00fade pode ajustar a sua dosagem com base nos seus n\u00edveis de testosterona no sangue, resposta \u00e0 medica\u00e7\u00e3o e efeitos adversos.<\/p>\n<p data-sourcepos=\"14:1-14:43\"><strong>Instru\u00e7\u00f5es do Cipionato de Testosterona<\/strong><\/p>\n<p data-sourcepos=\"16:1-23:233\"><strong>Como Usar o Cipionato de Testosterona<\/strong> O Cipionato de Testosterona (Depo-Testosterona) vem como uma solu\u00e7\u00e3o (l\u00edquido) para ser injetada no m\u00fasculo da n\u00e1dega, geralmente a cada 2 a 4 semanas por uma enfermeira ou m\u00e9dico num consult\u00f3rio ou cl\u00ednica. Este medicamento \u00e9 geralmente administrado numa cl\u00ednica ou hospital. Se estiver a administrar este medicamento a si mesmo em casa, aprenda todas as instru\u00e7\u00f5es de prepara\u00e7\u00e3o e administra\u00e7\u00e3o com o seu prestador de cuidados de sa\u00fade antecipadamente. Inspecione visualmente o produto quanto a quaisquer part\u00edculas ou descolora\u00e7\u00e3o antes de usar. O l\u00edquido n\u00e3o deve ser usado se alguma delas estiver presente. Aprenda as medidas adequadas de descarte e armazenamento para suprimentos m\u00e9dicos. O seu farmac\u00eautico fornecer-lhe-\u00e1 um guia de medica\u00e7\u00e3o juntamente com cada prescri\u00e7\u00e3o e recarga. De cada vez, certifique-se de ler estas informa\u00e7\u00f5es cuidadosamente. Use este medicamento regularmente para obter o m\u00e1ximo benef\u00edcio dele. Marque os dias em que receber\u00e1 uma inje\u00e7\u00e3o num calend\u00e1rio para se ajudar a lembrar. Pergunte \u00e0 sua equipa de cuidados de sa\u00fade sobre o uso de cipionato de testosterona em crian\u00e7as. Embora este medicamento possa ser recomendado para crian\u00e7as a partir dos 12 anos para condi\u00e7\u00f5es espec\u00edficas, aplicam-se precau\u00e7\u00f5es. <strong>Dose em falta:<\/strong> Se se esquecer de tomar uma dose de cipionato de testosterona, ligue para o seu m\u00e9dico e diga-lhe h\u00e1 quanto tempo n\u00e3o injeta cipionato de testosterona. O seu m\u00e9dico ajud\u00e1-lo-\u00e1 a definir um novo esquema de dosagem. N\u00e3o tome duas doses de cipionato de testosterona para compensar uma dose em falta. <strong>Armazenamento:<\/strong> Armazene o cipionato de testosterona \u00e0 temperatura ambiente (entre 15-30\u00b0C ou 59-86\u00b0F) longe da humidade, calor e luz solar direta. Mantenha todos os medicamentos fora do alcance de crian\u00e7as e animais de estima\u00e7\u00e3o.<\/p>\n<p><\/p>","protected":false},"excerpt":{"rendered":"<p>A inje\u00e7\u00e3o de Cipionato de Testosterona \u00e9 um andr\u00f3geno de prescri\u00e7\u00e3o m\u00e9dica usado para tratar os sintomas de baixa testosterona<\/p>\n","protected":false},"featured_media":3082,"comment_status":"open","ping_status":"closed","template":"","meta":[],"product_brand":[],"product_cat":[69],"product_tag":[],"class_list":{"0":"post-9171","1":"product","2":"type-product","3":"status-publish","4":"has-post-thumbnail","6":"product_cat-esteroides_inyectables","8":"first","9":"instock","10":"sale","11":"shipping-taxable","12":"purchasable","13":"product-type-simple"},"yoast_head":"<!-- This site is optimized with the Yoast SEO Premium plugin v24.4 (Yoast SEO v27.0) - https:\/\/yoast.com\/product\/yoast-seo-premium-wordpress\/ -->\n<title>PACK 3 TESTOGED C - TESTOSTERON CYPIONATE - Ester\u00f3ides Online<\/title>\n<meta name=\"description\" content=\"Cipionato de Testosterona: andr\u00f3geno injet\u00e1vel para hipogonadismo masculino. Substitui a testosterona natural n\u00e3o produzida.\" \/>\n<meta name=\"robots\" content=\"index, follow, max-snippet:-1, max-image-preview:large, max-video-preview:-1\" \/>\n<link rel=\"canonical\" href=\"https:\/\/iberoid-shop.com\/pt\/product\/pack3testoged-c-testosteron-cypionate-epf-base\/\" \/>\n<meta property=\"og:locale\" content=\"pt_PT\" \/>\n<meta property=\"og:type\" content=\"article\" \/>\n<meta property=\"og:title\" content=\"PACK 3 TESTOGED C - TESTOSTERON CYPIONATE\" \/>\n<meta property=\"og:description\" content=\"Cipionato de Testosterona: andr\u00f3geno injet\u00e1vel para hipogonadismo masculino. Substitui a testosterona natural n\u00e3o produzida.\" \/>\n<meta property=\"og:url\" content=\"https:\/\/iberoid-shop.com\/pt\/product\/pack3testoged-c-testosteron-cypionate-epf-base\/\" \/>\n<meta property=\"og:site_name\" content=\"Ester\u00f3ides Online\" \/>\n<meta property=\"article:modified_time\" content=\"2026-02-08T12:06:14+00:00\" \/>\n<meta property=\"og:image\" content=\"https:\/\/iberoid-shop.com\/wp-content\/uploads\/2019\/11\/testoged_c.jpg?v=1756397789\" \/>\n\t<meta property=\"og:image:width\" content=\"700\" \/>\n\t<meta property=\"og:image:height\" content=\"700\" \/>\n\t<meta property=\"og:image:type\" content=\"image\/jpeg\" \/>\n<meta name=\"twitter:card\" content=\"summary_large_image\" \/>\n<meta name=\"twitter:label1\" content=\"pre\u00e7o\" \/>\n\t<meta name=\"twitter:data1\" content=\"&euro;80.00\" \/>\n\t<meta name=\"twitter:label2\" content=\"Disponibilidade\" \/>\n\t<meta name=\"twitter:data2\" content=\"Em stock\" \/>\n<script type=\"application\/ld+json\" class=\"yoast-schema-graph\">{\"@context\":\"https:\/\/schema.org\",\"@graph\":[{\"@type\":\"WebPage\",\"@id\":\"https:\/\/iberoid-shop.com\/pt\/product\/pack3testoged-c-testosteron-cypionate-epf-base\/\",\"url\":\"https:\/\/iberoid-shop.com\/pt\/product\/pack3testoged-c-testosteron-cypionate-epf-base\/\",\"name\":\"PACK 3 TESTOGED C - TESTOSTERON CYPIONATE - Ester\u00f3ides Online\",\"isPartOf\":{\"@id\":\"https:\/\/iberoid-shop.com\/pt\/#website\"},\"primaryImageOfPage\":{\"@id\":\"https:\/\/iberoid-shop.com\/pt\/product\/pack3testoged-c-testosteron-cypionate-epf-base\/#primaryimage\"},\"image\":{\"@id\":\"https:\/\/iberoid-shop.com\/pt\/product\/pack3testoged-c-testosteron-cypionate-epf-base\/#primaryimage\"},\"thumbnailUrl\":\"https:\/\/iberoid-shop.com\/wp-content\/uploads\/2019\/11\/testoged_c.jpg?v=1756397789\",\"datePublished\":\"2024-01-25T22:32:20+00:00\",\"dateModified\":\"2026-02-08T12:06:14+00:00\",\"description\":\"Cipionato de Testosterona: andr\u00f3geno injet\u00e1vel para hipogonadismo masculino. Substitui a testosterona natural n\u00e3o produzida.\",\"breadcrumb\":{\"@id\":\"https:\/\/iberoid-shop.com\/pt\/product\/pack3testoged-c-testosteron-cypionate-epf-base\/#breadcrumb\"},\"inLanguage\":\"pt-PT\",\"potentialAction\":[{\"@type\":\"ReadAction\",\"target\":[[\"https:\/\/iberoid-shop.com\/pt\/product\/pack3testoged-c-testosteron-cypionate-epf-base\/\"]]}]},{\"@type\":\"ImageObject\",\"inLanguage\":\"pt-PT\",\"@id\":\"https:\/\/iberoid-shop.com\/pt\/product\/pack3testoged-c-testosteron-cypionate-epf-base\/#primaryimage\",\"url\":\"https:\/\/iberoid-shop.com\/wp-content\/uploads\/2019\/11\/testoged_c.jpg?v=1756397789\",\"contentUrl\":\"https:\/\/iberoid-shop.com\/wp-content\/uploads\/2019\/11\/testoged_c.jpg?v=1756397789\",\"width\":700,\"height\":700},{\"@type\":\"BreadcrumbList\",\"@id\":\"https:\/\/iberoid-shop.com\/pt\/product\/pack3testoged-c-testosteron-cypionate-epf-base\/#breadcrumb\",\"itemListElement\":[{\"@type\":\"ListItem\",\"position\":1,\"name\":\"Portada\",\"item\":\"https:\/\/iberoid-shop.com\/pt\/\"},{\"@type\":\"ListItem\",\"position\":2,\"name\":\"Loja\",\"item\":\"https:\/\/iberoid-shop.com\/pt\/shop\/\"},{\"@type\":\"ListItem\",\"position\":3,\"name\":\"PACK 3 TESTOGED C &#8211; TESTOSTERON CYPIONATE\"}]},{\"@type\":\"WebSite\",\"@id\":\"https:\/\/iberoid-shop.com\/pt\/#website\",\"url\":\"https:\/\/iberoid-shop.com\/pt\/\",\"name\":\"Ester\u00f3ides Online\",\"description\":\"Compre ester\u00f3ides online hoje em Espanha e Portugal. Temos o melhor servi\u00e7o ao cliente do setor e produtos da mais alta qualidade\",\"potentialAction\":[{\"@type\":\"SearchAction\",\"target\":{\"@type\":\"EntryPoint\",\"urlTemplate\":\"https:\/\/iberoid-shop.com\/pt\/?s={search_term_string}\"},\"query-input\":{\"@type\":\"PropertyValueSpecification\",\"valueRequired\":true,\"valueName\":\"search_term_string\"}}],\"inLanguage\":\"pt-PT\"}]}<\/script>\n<meta property=\"product:brand\" content=\"Euro Prime Pharmaceuticals (EPF)\" \/>\n<meta property=\"product:price:amount\" content=\"80.00\" \/>\n<meta property=\"product:price:currency\" content=\"EUR\" \/>\n<meta property=\"og:availability\" content=\"instock\" \/>\n<meta property=\"product:availability\" content=\"instock\" \/>\n<meta property=\"product:condition\" content=\"new\" \/>\n<!-- \/ Yoast SEO Premium plugin. -->","yoast_head_json":{"title":"PACK 3 TESTOGED C - TESTOSTERON CYPIONATE - Ester\u00f3ides Online","description":"Cipionato de Testosterona: andr\u00f3geno injet\u00e1vel para hipogonadismo masculino. Substitui a testosterona natural n\u00e3o produzida.","robots":{"index":"index","follow":"follow","max-snippet":"max-snippet:-1","max-image-preview":"max-image-preview:large","max-video-preview":"max-video-preview:-1"},"canonical":"https:\/\/iberoid-shop.com\/pt\/product\/pack3testoged-c-testosteron-cypionate-epf-base\/","og_locale":"pt_PT","og_type":"article","og_title":"PACK 3 TESTOGED C - TESTOSTERON CYPIONATE","og_description":"Cipionato de Testosterona: andr\u00f3geno injet\u00e1vel para hipogonadismo masculino. Substitui a testosterona natural n\u00e3o produzida.","og_url":"https:\/\/iberoid-shop.com\/pt\/product\/pack3testoged-c-testosteron-cypionate-epf-base\/","og_site_name":"Ester\u00f3ides Online","article_modified_time":"2026-02-08T12:06:14+00:00","og_image":[{"width":700,"height":700,"url":"https:\/\/iberoid-shop.com\/wp-content\/uploads\/2019\/11\/testoged_c.jpg?v=1756397789","type":"image\/jpeg"}],"twitter_card":"summary_large_image","twitter_misc":{"pre\u00e7o":"&euro;80.00","Disponibilidade":"Em stock"},"schema":{"@context":"https:\/\/schema.org","@graph":[{"@type":"WebPage","@id":"https:\/\/iberoid-shop.com\/pt\/product\/pack3testoged-c-testosteron-cypionate-epf-base\/","url":"https:\/\/iberoid-shop.com\/pt\/product\/pack3testoged-c-testosteron-cypionate-epf-base\/","name":"PACK 3 TESTOGED C - TESTOSTERON CYPIONATE - Ester\u00f3ides Online","isPartOf":{"@id":"https:\/\/iberoid-shop.com\/pt\/#website"},"primaryImageOfPage":{"@id":"https:\/\/iberoid-shop.com\/pt\/product\/pack3testoged-c-testosteron-cypionate-epf-base\/#primaryimage"},"image":{"@id":"https:\/\/iberoid-shop.com\/pt\/product\/pack3testoged-c-testosteron-cypionate-epf-base\/#primaryimage"},"thumbnailUrl":"https:\/\/iberoid-shop.com\/wp-content\/uploads\/2019\/11\/testoged_c.jpg?v=1756397789","datePublished":"2024-01-25T22:32:20+00:00","dateModified":"2026-02-08T12:06:14+00:00","description":"Cipionato de Testosterona: andr\u00f3geno injet\u00e1vel para hipogonadismo masculino. Substitui a testosterona natural n\u00e3o produzida.","breadcrumb":{"@id":"https:\/\/iberoid-shop.com\/pt\/product\/pack3testoged-c-testosteron-cypionate-epf-base\/#breadcrumb"},"inLanguage":"pt-PT","potentialAction":[{"@type":"ReadAction","target":[["https:\/\/iberoid-shop.com\/pt\/product\/pack3testoged-c-testosteron-cypionate-epf-base\/"]]}]},{"@type":"ImageObject","inLanguage":"pt-PT","@id":"https:\/\/iberoid-shop.com\/pt\/product\/pack3testoged-c-testosteron-cypionate-epf-base\/#primaryimage","url":"https:\/\/iberoid-shop.com\/wp-content\/uploads\/2019\/11\/testoged_c.jpg?v=1756397789","contentUrl":"https:\/\/iberoid-shop.com\/wp-content\/uploads\/2019\/11\/testoged_c.jpg?v=1756397789","width":700,"height":700},{"@type":"BreadcrumbList","@id":"https:\/\/iberoid-shop.com\/pt\/product\/pack3testoged-c-testosteron-cypionate-epf-base\/#breadcrumb","itemListElement":[{"@type":"ListItem","position":1,"name":"Portada","item":"https:\/\/iberoid-shop.com\/pt\/"},{"@type":"ListItem","position":2,"name":"Loja","item":"https:\/\/iberoid-shop.com\/pt\/shop\/"},{"@type":"ListItem","position":3,"name":"PACK 3 TESTOGED C &#8211; TESTOSTERON CYPIONATE"}]},{"@type":"WebSite","@id":"https:\/\/iberoid-shop.com\/pt\/#website","url":"https:\/\/iberoid-shop.com\/pt\/","name":"Ester\u00f3ides Online","description":"Compre ester\u00f3ides online hoje em Espanha e Portugal. Temos o melhor servi\u00e7o ao cliente do setor e produtos da mais alta qualidade","potentialAction":[{"@type":"SearchAction","target":{"@type":"EntryPoint","urlTemplate":"https:\/\/iberoid-shop.com\/pt\/?s={search_term_string}"},"query-input":{"@type":"PropertyValueSpecification","valueRequired":true,"valueName":"search_term_string"}}],"inLanguage":"pt-PT"}]},"product_brand":"Euro Prime Pharmaceuticals (EPF)","product_price_amount":"80.00","product_price_currency":"EUR","og_availability":"instock","product_availability":"instock","product_condition":"new"},"_links":{"self":[{"href":"https:\/\/iberoid-shop.com\/pt\/wp-json\/wp\/v2\/product\/9171","targetHints":{"allow":["GET"]}}],"collection":[{"href":"https:\/\/iberoid-shop.com\/pt\/wp-json\/wp\/v2\/product"}],"about":[{"href":"https:\/\/iberoid-shop.com\/pt\/wp-json\/wp\/v2\/types\/product"}],"replies":[{"embeddable":true,"href":"https:\/\/iberoid-shop.com\/pt\/wp-json\/wp\/v2\/comments?post=9171"}],"wp:featuredmedia":[{"embeddable":true,"href":"https:\/\/iberoid-shop.com\/pt\/wp-json\/wp\/v2\/media\/3082"}],"wp:attachment":[{"href":"https:\/\/iberoid-shop.com\/pt\/wp-json\/wp\/v2\/media?parent=9171"}],"wp:term":[{"taxonomy":"product_brand","embeddable":true,"href":"https:\/\/iberoid-shop.com\/pt\/wp-json\/wp\/v2\/product_brand?post=9171"},{"taxonomy":"product_cat","embeddable":true,"href":"https:\/\/iberoid-shop.com\/pt\/wp-json\/wp\/v2\/product_cat?post=9171"},{"taxonomy":"product_tag","embeddable":true,"href":"https:\/\/iberoid-shop.com\/pt\/wp-json\/wp\/v2\/product_tag?post=9171"}],"curies":[{"name":"wp","href":"https:\/\/api.w.org\/{rel}","templated":true}]}}