{"id":9169,"date":"2024-01-25T22:22:08","date_gmt":"2024-01-25T22:22:08","guid":{"rendered":"https:\/\/iberoid-shop.com\/?post_type=product&#038;p=9169"},"modified":"2026-03-29T16:29:57","modified_gmt":"2026-03-29T16:29:57","slug":"pack3-nandroged","status":"publish","type":"product","link":"https:\/\/iberoid-shop.com\/pt\/product\/pack3-nandroged\/","title":{"rendered":"PACK 3 NANDROGED"},"content":{"rendered":"<p>PACK 3 NANDROGED \/ NANDROLONE \/ EPF premiuma<\/p>\n<p><strong>NANDROGED<\/strong> \u00e9 um ester\u00f3ide cl\u00e1ssico com alto efeito anab\u00f3lico.<\/p>\n<p><strong>Princ\u00edpio ativo:<\/strong> Decanoato de nandrolona.<\/p>\n<p>A droga foi sintetizada no s\u00e9culo passado para fins m\u00e9dicos. Foi utilizado com sucesso no tratamento de pacientes com dist\u00farbios do tecido \u00f3sseo. Depois de algum tempo, come\u00e7aram a us\u00e1-lo em cursos contra a infec\u00e7\u00e3o pelo HIV. Os atletas imediatamente chamaram a aten\u00e7\u00e3o para a droga e sua ampla gama de efeitos. Popular em todos os pa\u00edses do mundo e utilizado em todos os esportes. O corpo de cada pessoa produz nandrolona apenas em quantidades m\u00ednimas. Portanto, o medicamento \u00e9 facilmente absorvido e n\u00e3o causa efeitos colaterais. Uma caracter\u00edstica distintiva do ester\u00f3ide \u00e9 a aus\u00eancia de um \u00e1tomo de carbono na 19\u00aa posi\u00e7\u00e3o. Tamb\u00e9m n\u00e3o \u00e9 capaz de convers\u00e3o em estrog\u00eanios como a testosterona.<\/p>\n<p>Vantagens do Nandroged<\/p>\n<p>Aumento da massa muscular de 8 a 10 kg, dependendo da dosagem e individualidade do corpo.<\/p>\n<p>Secagem do tecido muscular.<br \/>\nNenhuma revers\u00e3o ap\u00f3s a conclus\u00e3o do curso.<br \/>\nTem um efeito ben\u00e9fico nas fun\u00e7\u00f5es motoras das articula\u00e7\u00f5es.<br \/>\nFortalece m\u00fasculos e ligamentos.<br \/>\nPermite que voc\u00ea se recupere rapidamente entre os treinos.<br \/>\nEstimula as c\u00e9lulas imunol\u00f3gicas.<br \/>\nAumenta o trabalho de outras drogas ester\u00f3ides.<\/p>\n<p>O Nandroged atua no corpo de maneira suave e gradual, o que evita alguns efeitos colaterais. O medicamento tem a\u00e7\u00e3o prolongada e isso deve ser levado em considera\u00e7\u00e3o durante as inje\u00e7\u00f5es. O medicamento \u00e9 eficaz por 15 dias, portanto n\u00e3o se deve aplicar mais do que 1 inje\u00e7\u00e3o por semana. A subst\u00e2ncia est\u00e1 presente no corpo h\u00e1 cerca de 1,5 anos. Os atletas profissionais precisam saber disso antes das grandes competi\u00e7\u00f5es. Para esconder este ester\u00f3ide, existem agentes mascarantes.<\/p>\n<p>Como tomar um ester\u00f3ide anabolizante.<\/p>\n<p>Antes da primeira utiliza\u00e7\u00e3o, certifique-se de que n\u00e3o \u00e9 al\u00e9rgico \u00e0 subst\u00e2ncia ativa. Al\u00e9m disso, se poss\u00edvel, consulte um m\u00e9dico ou treinador. O resultado final depende da dosagem correta. Depende do tipo de esporte e de quanto tempo voc\u00ea usou ester\u00f3ides.<\/p>\n<p>Para atletas iniciantes, a dosagem \u00e9 de 200 mg por semana. Atletas e qu\u00edmicos experientes aumentam para 600 mg por semana. N\u00e3o \u00e9 recomendado ultrapassar esses padr\u00f5es, nem estender o curso. Se um atleta deseja aumentar sua for\u00e7a ou massa, deve recorrer a um curso combinado com Testosterona ou Trembolona. Ap\u00f3s a conclus\u00e3o, fa\u00e7a um curso para restaurar a produ\u00e7\u00e3o natural de sua pr\u00f3pria testosterona.<\/p>\n<p>Rea\u00e7\u00f5es negativas.<\/p>\n<p>\u00c9 claro que, como qualquer medicamento, o medicamento pode causar efeitos colaterais em caso de overdose. Neste caso, podem ocorrer sintomas desagrad\u00e1veis:<\/p>\n<p>N\u00e1useas, v\u00f4mitos, dist\u00farbios intestinais.<br \/>\nGinecomastia, rara.<br \/>\nAcne.<br \/>\nAnemia.<br \/>\nDor de cabe\u00e7a, press\u00e3o arterial inst\u00e1vel.<br \/>\nDor nas articula\u00e7\u00f5es e m\u00fasculos.<br \/>\nVoc\u00ea precisar\u00e1 consultar um m\u00e9dico e reduzir a dosagem ao m\u00ednimo. N\u00e3o h\u00e1 necessidade de ignorar as recomenda\u00e7\u00f5es dos especialistas; isso pode levar \u00e0 interrup\u00e7\u00e3o do funcionamento de todo o corpo.<\/p>","protected":false},"excerpt":{"rendered":"<p>PACK 3 NANDROGED \/ NANDROLONE \/ EPF premiuma NANDROGED \u00e9 um ester\u00f3ide cl\u00e1ssico com alto efeito anab\u00f3lico. Princ\u00edpio ativo: Decanoato<\/p>\n","protected":false},"featured_media":9179,"comment_status":"open","ping_status":"closed","template":"","meta":[],"product_brand":[],"product_cat":[3474],"product_tag":[],"class_list":{"0":"post-9169","1":"product","2":"type-product","3":"status-publish","4":"has-post-thumbnail","6":"product_cat-packs","8":"first","9":"instock","10":"sale","11":"shipping-taxable","12":"purchasable","13":"product-type-simple"},"yoast_head":"<!-- This site is optimized with the Yoast SEO Premium plugin v24.4 (Yoast SEO v27.0) - https:\/\/yoast.com\/product\/yoast-seo-premium-wordpress\/ -->\n<title>PACK 3 NANDROGED - Ester\u00f3ides Online<\/title>\n<meta name=\"description\" content=\"NANDROGED (Decanoato de Nandrolona) \u00e9 um potente esteroide anab\u00f3lico que aumenta a massa muscular, for\u00e7a e recupera\u00e7\u00e3o, com efeitos colaterais m\u00ednimos e sem convers\u00e3o em estrog\u00eanio.\" \/>\n<meta name=\"robots\" content=\"index, follow, max-snippet:-1, max-image-preview:large, max-video-preview:-1\" \/>\n<link rel=\"canonical\" href=\"https:\/\/iberoid-shop.com\/pt\/product\/pack3-nandroged\/\" \/>\n<meta property=\"og:locale\" content=\"pt_PT\" \/>\n<meta property=\"og:type\" content=\"article\" \/>\n<meta property=\"og:title\" content=\"PACK 3 NANDROGED\" \/>\n<meta property=\"og:description\" content=\"NANDROGED (Decanoato de Nandrolona) \u00e9 um potente esteroide anab\u00f3lico que aumenta a massa muscular, for\u00e7a e recupera\u00e7\u00e3o, com efeitos colaterais m\u00ednimos e sem convers\u00e3o em estrog\u00eanio.\" \/>\n<meta property=\"og:url\" content=\"https:\/\/iberoid-shop.com\/pt\/product\/pack3-nandroged\/\" \/>\n<meta property=\"og:site_name\" content=\"Ester\u00f3ides Online\" \/>\n<meta property=\"article:modified_time\" content=\"2026-03-29T16:29:57+00:00\" \/>\n<meta property=\"og:image\" content=\"https:\/\/iberoid-shop.com\/wp-content\/uploads\/2024\/01\/deca-scaled.jpg?v=1706371305\" \/>\n\t<meta property=\"og:image:width\" content=\"2560\" \/>\n\t<meta property=\"og:image:height\" content=\"1942\" \/>\n\t<meta property=\"og:image:type\" content=\"image\/jpeg\" \/>\n<meta name=\"twitter:card\" content=\"summary_large_image\" \/>\n<meta name=\"twitter:label1\" content=\"pre\u00e7o\" \/>\n\t<meta name=\"twitter:data1\" content=\"&euro;110.00\" \/>\n\t<meta name=\"twitter:label2\" content=\"Disponibilidade\" \/>\n\t<meta name=\"twitter:data2\" content=\"Em stock\" \/>\n<script type=\"application\/ld+json\" class=\"yoast-schema-graph\">{\"@context\":\"https:\/\/schema.org\",\"@graph\":[{\"@type\":\"WebPage\",\"@id\":\"https:\/\/iberoid-shop.com\/pt\/product\/pack3-nandroged\/\",\"url\":\"https:\/\/iberoid-shop.com\/pt\/product\/pack3-nandroged\/\",\"name\":\"PACK 3 NANDROGED - Ester\u00f3ides Online\",\"isPartOf\":{\"@id\":\"https:\/\/iberoid-shop.com\/pt\/#website\"},\"primaryImageOfPage\":{\"@id\":\"https:\/\/iberoid-shop.com\/pt\/product\/pack3-nandroged\/#primaryimage\"},\"image\":{\"@id\":\"https:\/\/iberoid-shop.com\/pt\/product\/pack3-nandroged\/#primaryimage\"},\"thumbnailUrl\":\"https:\/\/iberoid-shop.com\/wp-content\/uploads\/2024\/01\/deca-scaled.jpg?v=1706371305\",\"datePublished\":\"2024-01-25T22:22:08+00:00\",\"dateModified\":\"2026-03-29T16:29:57+00:00\",\"description\":\"NANDROGED (Decanoato de Nandrolona) \u00e9 um potente esteroide anab\u00f3lico que aumenta a massa muscular, for\u00e7a e recupera\u00e7\u00e3o, com efeitos colaterais m\u00ednimos e sem convers\u00e3o em estrog\u00eanio.\",\"breadcrumb\":{\"@id\":\"https:\/\/iberoid-shop.com\/pt\/product\/pack3-nandroged\/#breadcrumb\"},\"inLanguage\":\"pt-PT\",\"potentialAction\":[{\"@type\":\"ReadAction\",\"target\":[[\"https:\/\/iberoid-shop.com\/pt\/product\/pack3-nandroged\/\"]]}]},{\"@type\":\"ImageObject\",\"inLanguage\":\"pt-PT\",\"@id\":\"https:\/\/iberoid-shop.com\/pt\/product\/pack3-nandroged\/#primaryimage\",\"url\":\"https:\/\/iberoid-shop.com\/wp-content\/uploads\/2024\/01\/deca-scaled.jpg?v=1706371305\",\"contentUrl\":\"https:\/\/iberoid-shop.com\/wp-content\/uploads\/2024\/01\/deca-scaled.jpg?v=1706371305\",\"width\":2560,\"height\":1942},{\"@type\":\"BreadcrumbList\",\"@id\":\"https:\/\/iberoid-shop.com\/pt\/product\/pack3-nandroged\/#breadcrumb\",\"itemListElement\":[{\"@type\":\"ListItem\",\"position\":1,\"name\":\"Portada\",\"item\":\"https:\/\/iberoid-shop.com\/pt\/\"},{\"@type\":\"ListItem\",\"position\":2,\"name\":\"Loja\",\"item\":\"https:\/\/iberoid-shop.com\/pt\/shop\/\"},{\"@type\":\"ListItem\",\"position\":3,\"name\":\"PACK 3 NANDROGED\"}]},{\"@type\":\"WebSite\",\"@id\":\"https:\/\/iberoid-shop.com\/pt\/#website\",\"url\":\"https:\/\/iberoid-shop.com\/pt\/\",\"name\":\"Ester\u00f3ides Online\",\"description\":\"Compre ester\u00f3ides online hoje em Espanha e Portugal. Temos o melhor servi\u00e7o ao cliente do setor e produtos da mais alta qualidade\",\"potentialAction\":[{\"@type\":\"SearchAction\",\"target\":{\"@type\":\"EntryPoint\",\"urlTemplate\":\"https:\/\/iberoid-shop.com\/pt\/?s={search_term_string}\"},\"query-input\":{\"@type\":\"PropertyValueSpecification\",\"valueRequired\":true,\"valueName\":\"search_term_string\"}}],\"inLanguage\":\"pt-PT\"}]}<\/script>\n<meta property=\"product:brand\" content=\"Euro Prime Pharmaceuticals (EPF)\" \/>\n<meta property=\"product:price:amount\" content=\"110.00\" \/>\n<meta property=\"product:price:currency\" content=\"EUR\" \/>\n<meta property=\"og:availability\" content=\"instock\" \/>\n<meta property=\"product:availability\" content=\"instock\" \/>\n<meta property=\"product:condition\" content=\"new\" \/>\n<!-- \/ Yoast SEO Premium plugin. -->","yoast_head_json":{"title":"PACK 3 NANDROGED - Ester\u00f3ides Online","description":"NANDROGED (Decanoato de Nandrolona) \u00e9 um potente esteroide anab\u00f3lico que aumenta a massa muscular, for\u00e7a e recupera\u00e7\u00e3o, com efeitos colaterais m\u00ednimos e sem convers\u00e3o em estrog\u00eanio.","robots":{"index":"index","follow":"follow","max-snippet":"max-snippet:-1","max-image-preview":"max-image-preview:large","max-video-preview":"max-video-preview:-1"},"canonical":"https:\/\/iberoid-shop.com\/pt\/product\/pack3-nandroged\/","og_locale":"pt_PT","og_type":"article","og_title":"PACK 3 NANDROGED","og_description":"NANDROGED (Decanoato de Nandrolona) \u00e9 um potente esteroide anab\u00f3lico que aumenta a massa muscular, for\u00e7a e recupera\u00e7\u00e3o, com efeitos colaterais m\u00ednimos e sem convers\u00e3o em estrog\u00eanio.","og_url":"https:\/\/iberoid-shop.com\/pt\/product\/pack3-nandroged\/","og_site_name":"Ester\u00f3ides Online","article_modified_time":"2026-03-29T16:29:57+00:00","og_image":[{"width":2560,"height":1942,"url":"https:\/\/iberoid-shop.com\/wp-content\/uploads\/2024\/01\/deca-scaled.jpg?v=1706371305","type":"image\/jpeg"}],"twitter_card":"summary_large_image","twitter_misc":{"pre\u00e7o":"&euro;110.00","Disponibilidade":"Em stock"},"schema":{"@context":"https:\/\/schema.org","@graph":[{"@type":"WebPage","@id":"https:\/\/iberoid-shop.com\/pt\/product\/pack3-nandroged\/","url":"https:\/\/iberoid-shop.com\/pt\/product\/pack3-nandroged\/","name":"PACK 3 NANDROGED - Ester\u00f3ides Online","isPartOf":{"@id":"https:\/\/iberoid-shop.com\/pt\/#website"},"primaryImageOfPage":{"@id":"https:\/\/iberoid-shop.com\/pt\/product\/pack3-nandroged\/#primaryimage"},"image":{"@id":"https:\/\/iberoid-shop.com\/pt\/product\/pack3-nandroged\/#primaryimage"},"thumbnailUrl":"https:\/\/iberoid-shop.com\/wp-content\/uploads\/2024\/01\/deca-scaled.jpg?v=1706371305","datePublished":"2024-01-25T22:22:08+00:00","dateModified":"2026-03-29T16:29:57+00:00","description":"NANDROGED (Decanoato de Nandrolona) \u00e9 um potente esteroide anab\u00f3lico que aumenta a massa muscular, for\u00e7a e recupera\u00e7\u00e3o, com efeitos colaterais m\u00ednimos e sem convers\u00e3o em estrog\u00eanio.","breadcrumb":{"@id":"https:\/\/iberoid-shop.com\/pt\/product\/pack3-nandroged\/#breadcrumb"},"inLanguage":"pt-PT","potentialAction":[{"@type":"ReadAction","target":[["https:\/\/iberoid-shop.com\/pt\/product\/pack3-nandroged\/"]]}]},{"@type":"ImageObject","inLanguage":"pt-PT","@id":"https:\/\/iberoid-shop.com\/pt\/product\/pack3-nandroged\/#primaryimage","url":"https:\/\/iberoid-shop.com\/wp-content\/uploads\/2024\/01\/deca-scaled.jpg?v=1706371305","contentUrl":"https:\/\/iberoid-shop.com\/wp-content\/uploads\/2024\/01\/deca-scaled.jpg?v=1706371305","width":2560,"height":1942},{"@type":"BreadcrumbList","@id":"https:\/\/iberoid-shop.com\/pt\/product\/pack3-nandroged\/#breadcrumb","itemListElement":[{"@type":"ListItem","position":1,"name":"Portada","item":"https:\/\/iberoid-shop.com\/pt\/"},{"@type":"ListItem","position":2,"name":"Loja","item":"https:\/\/iberoid-shop.com\/pt\/shop\/"},{"@type":"ListItem","position":3,"name":"PACK 3 NANDROGED"}]},{"@type":"WebSite","@id":"https:\/\/iberoid-shop.com\/pt\/#website","url":"https:\/\/iberoid-shop.com\/pt\/","name":"Ester\u00f3ides Online","description":"Compre ester\u00f3ides online hoje em Espanha e Portugal. Temos o melhor servi\u00e7o ao cliente do setor e produtos da mais alta qualidade","potentialAction":[{"@type":"SearchAction","target":{"@type":"EntryPoint","urlTemplate":"https:\/\/iberoid-shop.com\/pt\/?s={search_term_string}"},"query-input":{"@type":"PropertyValueSpecification","valueRequired":true,"valueName":"search_term_string"}}],"inLanguage":"pt-PT"}]},"product_brand":"Euro Prime Pharmaceuticals (EPF)","product_price_amount":"110.00","product_price_currency":"EUR","og_availability":"instock","product_availability":"instock","product_condition":"new"},"_links":{"self":[{"href":"https:\/\/iberoid-shop.com\/pt\/wp-json\/wp\/v2\/product\/9169","targetHints":{"allow":["GET"]}}],"collection":[{"href":"https:\/\/iberoid-shop.com\/pt\/wp-json\/wp\/v2\/product"}],"about":[{"href":"https:\/\/iberoid-shop.com\/pt\/wp-json\/wp\/v2\/types\/product"}],"replies":[{"embeddable":true,"href":"https:\/\/iberoid-shop.com\/pt\/wp-json\/wp\/v2\/comments?post=9169"}],"wp:featuredmedia":[{"embeddable":true,"href":"https:\/\/iberoid-shop.com\/pt\/wp-json\/wp\/v2\/media\/9179"}],"wp:attachment":[{"href":"https:\/\/iberoid-shop.com\/pt\/wp-json\/wp\/v2\/media?parent=9169"}],"wp:term":[{"taxonomy":"product_brand","embeddable":true,"href":"https:\/\/iberoid-shop.com\/pt\/wp-json\/wp\/v2\/product_brand?post=9169"},{"taxonomy":"product_cat","embeddable":true,"href":"https:\/\/iberoid-shop.com\/pt\/wp-json\/wp\/v2\/product_cat?post=9169"},{"taxonomy":"product_tag","embeddable":true,"href":"https:\/\/iberoid-shop.com\/pt\/wp-json\/wp\/v2\/product_tag?post=9169"}],"curies":[{"name":"wp","href":"https:\/\/api.w.org\/{rel}","templated":true}]}}