{"id":9074,"date":"2023-11-23T14:33:47","date_gmt":"2023-11-23T14:33:47","guid":{"rendered":"https:\/\/iberoid-shop.com\/?post_type=product&#038;p=9074"},"modified":"2026-04-04T09:25:11","modified_gmt":"2026-04-04T09:25:11","slug":"jintropin-100-ui","status":"publish","type":"product","link":"https:\/\/iberoid-shop.com\/pt\/product\/jintropin-100-ui\/","title":{"rendered":"JINTROPIN 100 UI"},"content":{"rendered":"<p><strong>JINTROPIN 100 UI<\/strong> \u00e9 um horm\u00f4nio de crescimento geneticamente modificado (HGH). Estimula o crescimento esquel\u00e9tico e som\u00e1tico e tem um efeito pronunciado nos processos metab\u00f3licos. Estimula o crescimento dos ossos, afeta as placas epifis\u00e1rias dos ossos longos e o metabolismo \u00f3sseo. Promove a normaliza\u00e7\u00e3o da estrutura do corpo, aumentando a massa muscular e diminuindo a gordura corporal. Em pacientes com defici\u00eancia de horm\u00f4nio do crescimento e terapia de reposi\u00e7\u00e3o para osteoporose leva \u00e0 normaliza\u00e7\u00e3o da composi\u00e7\u00e3o mineral e da densidade \u00f3ssea.<\/p>\n<p><strong>USOS<\/strong><\/p>\n<p>Aumentar a massa muscular.<br \/>\nMelhore a densidade e a for\u00e7a \u00f3ssea.<br \/>\nDiminuir a gordura corporal.<br \/>\nPromove o transporte de amino\u00e1cidos.<br \/>\nReduz a perda de insulina.<br \/>\nAumenta a resist\u00eancia da carga de trabalho muscular.<br \/>\nMelhora a for\u00e7a e a energia.<\/p>\n<p><strong>JINTROPIN 100 UI<\/strong> aumenta o n\u00famero e tamanho das c\u00e9lulas musculares, f\u00edgado, timo, gl\u00e2ndulas sexuais, gl\u00e2ndulas supra-renais e gl\u00e2ndula tire\u00f3ide. Estimula o transporte de amino\u00e1cidos para o interior da c\u00e9lula e a s\u00edntese proteica, reduz os n\u00edveis de colesterol, afetando o perfil de lip\u00eddios e lipoprote\u00ednas. Inibe a libera\u00e7\u00e3o de insulina. Promove reten\u00e7\u00e3o de s\u00f3dio, pot\u00e1ssio e f\u00f3sforo. Jintropin aumenta a massa muscular e a atividade e a resist\u00eancia f\u00edsica.<\/p>","protected":false},"excerpt":{"rendered":"<p>JINTROPIN 100 UI \u00e9 um horm\u00f4nio de crescimento geneticamente modificado (HGH). Estimula o crescimento esquel\u00e9tico e som\u00e1tico e tem um<\/p>\n","protected":false},"featured_media":9076,"comment_status":"open","ping_status":"closed","template":"","meta":[],"product_brand":[],"product_cat":[76,69],"product_tag":[],"class_list":{"0":"post-9074","1":"product","2":"type-product","3":"status-publish","4":"has-post-thumbnail","6":"product_cat-hgh_peptido","7":"product_cat-esteroides_inyectables","9":"first","10":"instock","11":"sale","12":"shipping-taxable","13":"purchasable","14":"product-type-simple"},"yoast_head":"<!-- This site is optimized with the Yoast SEO Premium plugin v24.4 (Yoast SEO v27.0) - https:\/\/yoast.com\/product\/yoast-seo-premium-wordpress\/ -->\n<title>JINTROPIN 100 UI - Ester\u00f3ides Online<\/title>\n<meta name=\"description\" content=\"JINTROPIN 100 UI: HGH geneticamente modificado para crescimento muscular, densidade \u00f3ssea e perda de gordura. Melhora energia e recupera\u00e7\u00e3o. Afeta metabolismo e horm\u00f4nios.\" \/>\n<meta name=\"robots\" content=\"index, follow, max-snippet:-1, max-image-preview:large, max-video-preview:-1\" \/>\n<link rel=\"canonical\" href=\"https:\/\/iberoid-shop.com\/pt\/product\/jintropin-100-ui\/\" \/>\n<meta property=\"og:locale\" content=\"pt_PT\" \/>\n<meta property=\"og:type\" content=\"article\" \/>\n<meta property=\"og:title\" content=\"JINTROPIN 100 UI\" \/>\n<meta property=\"og:description\" content=\"JINTROPIN 100 UI: HGH geneticamente modificado para crescimento muscular, densidade \u00f3ssea e perda de gordura. Melhora energia e recupera\u00e7\u00e3o. Afeta metabolismo e horm\u00f4nios.\" \/>\n<meta property=\"og:url\" content=\"https:\/\/iberoid-shop.com\/pt\/product\/jintropin-100-ui\/\" \/>\n<meta property=\"og:site_name\" content=\"Ester\u00f3ides Online\" \/>\n<meta property=\"article:modified_time\" content=\"2026-04-04T09:25:11+00:00\" \/>\n<meta property=\"og:image\" content=\"https:\/\/iberoid-shop.com\/wp-content\/uploads\/2023\/11\/735b4614-db04-ba90-268b-838c71b3162d.jpg?v=1700749942\" \/>\n\t<meta property=\"og:image:width\" content=\"300\" \/>\n\t<meta property=\"og:image:height\" content=\"200\" \/>\n\t<meta property=\"og:image:type\" content=\"image\/jpeg\" \/>\n<meta name=\"twitter:card\" content=\"summary_large_image\" \/>\n<meta name=\"twitter:label1\" content=\"pre\u00e7o\" \/>\n\t<meta name=\"twitter:data1\" content=\"&euro;120.00\" \/>\n\t<meta name=\"twitter:label2\" content=\"Disponibilidade\" \/>\n\t<meta name=\"twitter:data2\" content=\"Em stock\" \/>\n<script type=\"application\/ld+json\" class=\"yoast-schema-graph\">{\"@context\":\"https:\/\/schema.org\",\"@graph\":[{\"@type\":\"WebPage\",\"@id\":\"https:\/\/iberoid-shop.com\/pt\/product\/jintropin-100-ui\/\",\"url\":\"https:\/\/iberoid-shop.com\/pt\/product\/jintropin-100-ui\/\",\"name\":\"JINTROPIN 100 UI - Ester\u00f3ides Online\",\"isPartOf\":{\"@id\":\"https:\/\/iberoid-shop.com\/pt\/#website\"},\"primaryImageOfPage\":{\"@id\":\"https:\/\/iberoid-shop.com\/pt\/product\/jintropin-100-ui\/#primaryimage\"},\"image\":{\"@id\":\"https:\/\/iberoid-shop.com\/product\/jintropin-100-ui\/#primaryimage\"},\"thumbnailUrl\":\"https:\/\/iberoid-shop.com\/wp-content\/uploads\/2023\/11\/735b4614-db04-ba90-268b-838c71b3162d.jpg?v=1700749942\",\"datePublished\":\"2023-11-23T14:33:47+00:00\",\"dateModified\":\"2026-04-04T09:25:11+00:00\",\"description\":\"JINTROPIN 100 UI: HGH geneticamente modificado para crescimento muscular, densidade \u00f3ssea e perda de gordura. Melhora energia e recupera\u00e7\u00e3o. Afeta metabolismo e horm\u00f4nios.\",\"breadcrumb\":{\"@id\":\"https:\/\/iberoid-shop.com\/pt\/product\/jintropin-100-ui\/#breadcrumb\"},\"inLanguage\":\"pt-PT\",\"potentialAction\":[{\"@type\":\"ReadAction\",\"target\":[[\"https:\/\/iberoid-shop.com\/pt\/product\/jintropin-100-ui\/\"]]}]},{\"@type\":\"ImageObject\",\"inLanguage\":\"pt-PT\",\"@id\":\"https:\/\/iberoid-shop.com\/pt\/product\/jintropin-100-ui\/#primaryimage\",\"url\":\"https:\/\/iberoid-shop.com\/wp-content\/uploads\/2023\/11\/735b4614-db04-ba90-268b-838c71b3162d.jpg?v=1700749942\",\"contentUrl\":\"https:\/\/iberoid-shop.com\/wp-content\/uploads\/2023\/11\/735b4614-db04-ba90-268b-838c71b3162d.jpg?v=1700749942\",\"width\":300,\"height\":200},{\"@type\":\"BreadcrumbList\",\"@id\":\"https:\/\/iberoid-shop.com\/pt\/product\/jintropin-100-ui\/#breadcrumb\",\"itemListElement\":[{\"@type\":\"ListItem\",\"position\":1,\"name\":\"Portada\",\"item\":\"https:\/\/iberoid-shop.com\/pt\/\"},{\"@type\":\"ListItem\",\"position\":2,\"name\":\"Loja\",\"item\":\"https:\/\/iberoid-shop.com\/pt\/shop\/\"},{\"@type\":\"ListItem\",\"position\":3,\"name\":\"JINTROPIN 100 UI\"}]},{\"@type\":\"WebSite\",\"@id\":\"https:\/\/iberoid-shop.com\/pt\/#website\",\"url\":\"https:\/\/iberoid-shop.com\/pt\/\",\"name\":\"Ester\u00f3ides Online\",\"description\":\"Compre ester\u00f3ides online hoje em Espanha e Portugal. Temos o melhor servi\u00e7o ao cliente do setor e produtos da mais alta qualidade\",\"potentialAction\":[{\"@type\":\"SearchAction\",\"target\":{\"@type\":\"EntryPoint\",\"urlTemplate\":\"https:\/\/iberoid-shop.com\/pt\/?s={search_term_string}\"},\"query-input\":{\"@type\":\"PropertyValueSpecification\",\"valueRequired\":true,\"valueName\":\"search_term_string\"}}],\"inLanguage\":\"pt-PT\"}]}<\/script>\n<meta property=\"product:brand\" content=\"EUROPHARM RUSIA\" \/>\n<meta property=\"product:price:amount\" content=\"120.00\" \/>\n<meta property=\"product:price:currency\" content=\"EUR\" \/>\n<meta property=\"og:availability\" content=\"instock\" \/>\n<meta property=\"product:availability\" content=\"instock\" \/>\n<meta property=\"product:condition\" content=\"new\" \/>\n<!-- \/ Yoast SEO Premium plugin. -->","yoast_head_json":{"title":"JINTROPIN 100 UI - Ester\u00f3ides Online","description":"JINTROPIN 100 UI: HGH geneticamente modificado para crescimento muscular, densidade \u00f3ssea e perda de gordura. Melhora energia e recupera\u00e7\u00e3o. Afeta metabolismo e horm\u00f4nios.","robots":{"index":"index","follow":"follow","max-snippet":"max-snippet:-1","max-image-preview":"max-image-preview:large","max-video-preview":"max-video-preview:-1"},"canonical":"https:\/\/iberoid-shop.com\/pt\/product\/jintropin-100-ui\/","og_locale":"pt_PT","og_type":"article","og_title":"JINTROPIN 100 UI","og_description":"JINTROPIN 100 UI: HGH geneticamente modificado para crescimento muscular, densidade \u00f3ssea e perda de gordura. Melhora energia e recupera\u00e7\u00e3o. Afeta metabolismo e horm\u00f4nios.","og_url":"https:\/\/iberoid-shop.com\/pt\/product\/jintropin-100-ui\/","og_site_name":"Ester\u00f3ides Online","article_modified_time":"2026-04-04T09:25:11+00:00","og_image":[{"width":300,"height":200,"url":"https:\/\/iberoid-shop.com\/wp-content\/uploads\/2023\/11\/735b4614-db04-ba90-268b-838c71b3162d.jpg?v=1700749942","type":"image\/jpeg"}],"twitter_card":"summary_large_image","twitter_misc":{"pre\u00e7o":"&euro;120.00","Disponibilidade":"Em stock"},"schema":{"@context":"https:\/\/schema.org","@graph":[{"@type":"WebPage","@id":"https:\/\/iberoid-shop.com\/pt\/product\/jintropin-100-ui\/","url":"https:\/\/iberoid-shop.com\/pt\/product\/jintropin-100-ui\/","name":"JINTROPIN 100 UI - Ester\u00f3ides Online","isPartOf":{"@id":"https:\/\/iberoid-shop.com\/pt\/#website"},"primaryImageOfPage":{"@id":"https:\/\/iberoid-shop.com\/pt\/product\/jintropin-100-ui\/#primaryimage"},"image":{"@id":"https:\/\/iberoid-shop.com\/product\/jintropin-100-ui\/#primaryimage"},"thumbnailUrl":"https:\/\/iberoid-shop.com\/wp-content\/uploads\/2023\/11\/735b4614-db04-ba90-268b-838c71b3162d.jpg?v=1700749942","datePublished":"2023-11-23T14:33:47+00:00","dateModified":"2026-04-04T09:25:11+00:00","description":"JINTROPIN 100 UI: HGH geneticamente modificado para crescimento muscular, densidade \u00f3ssea e perda de gordura. Melhora energia e recupera\u00e7\u00e3o. Afeta metabolismo e horm\u00f4nios.","breadcrumb":{"@id":"https:\/\/iberoid-shop.com\/pt\/product\/jintropin-100-ui\/#breadcrumb"},"inLanguage":"pt-PT","potentialAction":[{"@type":"ReadAction","target":[["https:\/\/iberoid-shop.com\/pt\/product\/jintropin-100-ui\/"]]}]},{"@type":"ImageObject","inLanguage":"pt-PT","@id":"https:\/\/iberoid-shop.com\/pt\/product\/jintropin-100-ui\/#primaryimage","url":"https:\/\/iberoid-shop.com\/wp-content\/uploads\/2023\/11\/735b4614-db04-ba90-268b-838c71b3162d.jpg?v=1700749942","contentUrl":"https:\/\/iberoid-shop.com\/wp-content\/uploads\/2023\/11\/735b4614-db04-ba90-268b-838c71b3162d.jpg?v=1700749942","width":300,"height":200},{"@type":"BreadcrumbList","@id":"https:\/\/iberoid-shop.com\/pt\/product\/jintropin-100-ui\/#breadcrumb","itemListElement":[{"@type":"ListItem","position":1,"name":"Portada","item":"https:\/\/iberoid-shop.com\/pt\/"},{"@type":"ListItem","position":2,"name":"Loja","item":"https:\/\/iberoid-shop.com\/pt\/shop\/"},{"@type":"ListItem","position":3,"name":"JINTROPIN 100 UI"}]},{"@type":"WebSite","@id":"https:\/\/iberoid-shop.com\/pt\/#website","url":"https:\/\/iberoid-shop.com\/pt\/","name":"Ester\u00f3ides Online","description":"Compre ester\u00f3ides online hoje em Espanha e Portugal. Temos o melhor servi\u00e7o ao cliente do setor e produtos da mais alta qualidade","potentialAction":[{"@type":"SearchAction","target":{"@type":"EntryPoint","urlTemplate":"https:\/\/iberoid-shop.com\/pt\/?s={search_term_string}"},"query-input":{"@type":"PropertyValueSpecification","valueRequired":true,"valueName":"search_term_string"}}],"inLanguage":"pt-PT"}]},"product_brand":"EUROPHARM RUSIA","product_price_amount":"120.00","product_price_currency":"EUR","og_availability":"instock","product_availability":"instock","product_condition":"new"},"_links":{"self":[{"href":"https:\/\/iberoid-shop.com\/pt\/wp-json\/wp\/v2\/product\/9074","targetHints":{"allow":["GET"]}}],"collection":[{"href":"https:\/\/iberoid-shop.com\/pt\/wp-json\/wp\/v2\/product"}],"about":[{"href":"https:\/\/iberoid-shop.com\/pt\/wp-json\/wp\/v2\/types\/product"}],"replies":[{"embeddable":true,"href":"https:\/\/iberoid-shop.com\/pt\/wp-json\/wp\/v2\/comments?post=9074"}],"wp:featuredmedia":[{"embeddable":true,"href":"https:\/\/iberoid-shop.com\/pt\/wp-json\/wp\/v2\/media\/9076"}],"wp:attachment":[{"href":"https:\/\/iberoid-shop.com\/pt\/wp-json\/wp\/v2\/media?parent=9074"}],"wp:term":[{"taxonomy":"product_brand","embeddable":true,"href":"https:\/\/iberoid-shop.com\/pt\/wp-json\/wp\/v2\/product_brand?post=9074"},{"taxonomy":"product_cat","embeddable":true,"href":"https:\/\/iberoid-shop.com\/pt\/wp-json\/wp\/v2\/product_cat?post=9074"},{"taxonomy":"product_tag","embeddable":true,"href":"https:\/\/iberoid-shop.com\/pt\/wp-json\/wp\/v2\/product_tag?post=9074"}],"curies":[{"name":"wp","href":"https:\/\/api.w.org\/{rel}","templated":true}]}}