{"id":9009,"date":"2023-10-07T12:26:29","date_gmt":"2023-10-07T12:26:29","guid":{"rendered":"https:\/\/iberoid-shop.com\/?post_type=product&#038;p=9009"},"modified":"2025-08-17T10:45:44","modified_gmt":"2025-08-17T10:45:44","slug":"pack-10-kamagra-oral-jelly-vol-iv-pack","status":"publish","type":"product","link":"https:\/\/iberoid-shop.com\/pt\/product\/pack-10-kamagra-oral-jelly-vol-iv-pack\/","title":{"rendered":"pack 10 Kamagra Oral Jelly"},"content":{"rendered":"<p>O <strong>Kamagra Oral Jelly<\/strong> \u00e9 um medicamento utilizado para <strong>tratar a disfun\u00e7\u00e3o er\u00e9til<\/strong> e melhorar o desempenho sexual. Ele vem na forma de um <strong>gel dissolv\u00edvel em sach\u00ea<\/strong>, que se dissolve na boca. De acordo com o fabricante, <strong>Ajanta Pharma<\/strong>, cada sach\u00ea cont\u00e9m <strong>100 mg de citrato de sildenafil<\/strong>, o mesmo princ\u00edpio ativo presente em tratamentos para disfun\u00e7\u00e3o er\u00e9til como o <strong>Viagra<\/strong> e o <strong>Viagra Connect<\/strong>.<\/p>\n<h3><strong>Como tomar o Kamagra Oral Jelly<\/strong><\/h3>\n<p>O fabricante recomenda que o <strong>Kamagra Jelly<\/strong> seja tomado <strong>30 minutos antes da rela\u00e7\u00e3o sexual<\/strong>. Basta colocar o gel na boca, onde ele <strong>se dissolve e \u00e9 absorvido<\/strong>.<\/p>\n<h3><strong>O que \u00e9 um oral jelly?<\/strong><\/h3>\n<p>Um <strong>oral jelly<\/strong> \u00e9 um <strong>gel dissolv\u00edvel<\/strong> desenvolvido para ser mais f\u00e1cil de engolir do que um comprimido. Medicamentos considerados <strong>&#8220;potencializadores sexuais&#8221;<\/strong> s\u00e3o frequentemente comercializados como oral jelly, com alega\u00e7\u00f5es de que <strong>agem mais rapidamente<\/strong> e s\u00e3o <strong>mais f\u00e1ceis de tomar<\/strong> do que os tratamentos convencionais.<\/p>","protected":false},"excerpt":{"rendered":"<p>O Kamagra Oral Jelly \u00e9 um medicamento utilizado para tratar a disfun\u00e7\u00e3o er\u00e9til e melhorar o desempenho sexual. Ele vem<\/p>\n","protected":false},"featured_media":9011,"comment_status":"open","ping_status":"closed","template":"","meta":[],"product_brand":[],"product_cat":[3474],"product_tag":[],"class_list":{"0":"post-9009","1":"product","2":"type-product","3":"status-publish","4":"has-post-thumbnail","6":"product_cat-packs","8":"first","9":"outofstock","10":"sale","11":"shipping-taxable","12":"purchasable","13":"product-type-simple"},"yoast_head":"<!-- This site is optimized with the Yoast SEO Premium plugin v24.4 (Yoast SEO v27.0) - https:\/\/yoast.com\/product\/yoast-seo-premium-wordpress\/ -->\n<title>pack 10 Kamagra Oral Jelly - Ester\u00f3ides Online<\/title>\n<meta name=\"description\" content=\"Kamagra Oral Jelly \u00e9 um medicamento para disfun\u00e7\u00e3o er\u00e9til que se dissolve na boca, contendo 100 mg de citrato de sildenafil para melhorar o desempenho sexual.\" \/>\n<meta name=\"robots\" content=\"index, follow, max-snippet:-1, max-image-preview:large, max-video-preview:-1\" \/>\n<link rel=\"canonical\" href=\"https:\/\/iberoid-shop.com\/pt\/product\/pack-10-kamagra-oral-jelly-vol-iv-pack\/\" \/>\n<meta property=\"og:locale\" content=\"pt_PT\" \/>\n<meta property=\"og:type\" content=\"article\" \/>\n<meta property=\"og:title\" content=\"pack 10 Kamagra Oral Jelly\" \/>\n<meta property=\"og:description\" content=\"Kamagra Oral Jelly \u00e9 um medicamento para disfun\u00e7\u00e3o er\u00e9til que se dissolve na boca, contendo 100 mg de citrato de sildenafil para melhorar o desempenho sexual.\" \/>\n<meta property=\"og:url\" content=\"https:\/\/iberoid-shop.com\/pt\/product\/pack-10-kamagra-oral-jelly-vol-iv-pack\/\" \/>\n<meta property=\"og:site_name\" content=\"Ester\u00f3ides Online\" \/>\n<meta property=\"article:modified_time\" content=\"2025-08-17T10:45:44+00:00\" \/>\n<meta property=\"og:image\" content=\"https:\/\/iberoid-shop.com\/wp-content\/uploads\/2023\/10\/kama10.jpg?v=1696681529\" \/>\n\t<meta property=\"og:image:width\" content=\"960\" \/>\n\t<meta property=\"og:image:height\" content=\"1280\" \/>\n\t<meta property=\"og:image:type\" content=\"image\/jpeg\" \/>\n<meta name=\"twitter:card\" content=\"summary_large_image\" \/>\n<meta name=\"twitter:label1\" content=\"pre\u00e7o\" \/>\n\t<meta name=\"twitter:data1\" content=\"&euro;100.00\" \/>\n\t<meta name=\"twitter:label2\" content=\"Disponibilidade\" \/>\n\t<meta name=\"twitter:data2\" content=\"Esgotado\" \/>\n<script type=\"application\/ld+json\" class=\"yoast-schema-graph\">{\"@context\":\"https:\/\/schema.org\",\"@graph\":[{\"@type\":\"WebPage\",\"@id\":\"https:\/\/iberoid-shop.com\/pt\/product\/pack-10-kamagra-oral-jelly-vol-iv-pack\/\",\"url\":\"https:\/\/iberoid-shop.com\/pt\/product\/pack-10-kamagra-oral-jelly-vol-iv-pack\/\",\"name\":\"pack 10 Kamagra Oral Jelly - Ester\u00f3ides Online\",\"isPartOf\":{\"@id\":\"https:\/\/iberoid-shop.com\/pt\/#website\"},\"primaryImageOfPage\":{\"@id\":\"https:\/\/iberoid-shop.com\/pt\/product\/pack-10-kamagra-oral-jelly-vol-iv-pack\/#primaryimage\"},\"image\":{\"@id\":\"https:\/\/iberoid-shop.com\/pt\/product\/pack-10-kamagra-oral-jelly-vol-iv-pack\/#primaryimage\"},\"thumbnailUrl\":\"https:\/\/iberoid-shop.com\/wp-content\/uploads\/2023\/10\/kama10.jpg?v=1696681529\",\"datePublished\":\"2023-10-07T12:26:29+00:00\",\"dateModified\":\"2025-08-17T10:45:44+00:00\",\"description\":\"Kamagra Oral Jelly \u00e9 um medicamento para disfun\u00e7\u00e3o er\u00e9til que se dissolve na boca, contendo 100 mg de citrato de sildenafil para melhorar o desempenho sexual.\",\"breadcrumb\":{\"@id\":\"https:\/\/iberoid-shop.com\/pt\/product\/pack-10-kamagra-oral-jelly-vol-iv-pack\/#breadcrumb\"},\"inLanguage\":\"pt-PT\",\"potentialAction\":[{\"@type\":\"ReadAction\",\"target\":[[\"https:\/\/iberoid-shop.com\/pt\/product\/pack-10-kamagra-oral-jelly-vol-iv-pack\/\"]]}]},{\"@type\":\"ImageObject\",\"inLanguage\":\"pt-PT\",\"@id\":\"https:\/\/iberoid-shop.com\/pt\/product\/pack-10-kamagra-oral-jelly-vol-iv-pack\/#primaryimage\",\"url\":\"https:\/\/iberoid-shop.com\/wp-content\/uploads\/2023\/10\/kama10.jpg?v=1696681529\",\"contentUrl\":\"https:\/\/iberoid-shop.com\/wp-content\/uploads\/2023\/10\/kama10.jpg?v=1696681529\",\"width\":960,\"height\":1280},{\"@type\":\"BreadcrumbList\",\"@id\":\"https:\/\/iberoid-shop.com\/pt\/product\/pack-10-kamagra-oral-jelly-vol-iv-pack\/#breadcrumb\",\"itemListElement\":[{\"@type\":\"ListItem\",\"position\":1,\"name\":\"Portada\",\"item\":\"https:\/\/iberoid-shop.com\/pt\/\"},{\"@type\":\"ListItem\",\"position\":2,\"name\":\"Loja\",\"item\":\"https:\/\/iberoid-shop.com\/pt\/shop\/\"},{\"@type\":\"ListItem\",\"position\":3,\"name\":\"pack 10 Kamagra Oral Jelly\"}]},{\"@type\":\"WebSite\",\"@id\":\"https:\/\/iberoid-shop.com\/pt\/#website\",\"url\":\"https:\/\/iberoid-shop.com\/pt\/\",\"name\":\"Ester\u00f3ides Online\",\"description\":\"Compre ester\u00f3ides online hoje em Espanha e Portugal. Temos o melhor servi\u00e7o ao cliente do setor e produtos da mais alta qualidade\",\"potentialAction\":[{\"@type\":\"SearchAction\",\"target\":{\"@type\":\"EntryPoint\",\"urlTemplate\":\"https:\/\/iberoid-shop.com\/pt\/?s={search_term_string}\"},\"query-input\":{\"@type\":\"PropertyValueSpecification\",\"valueRequired\":true,\"valueName\":\"search_term_string\"}}],\"inLanguage\":\"pt-PT\"}]}<\/script>\n<meta property=\"product:brand\" content=\"Ajanta Pharma\" \/>\n<meta property=\"product:price:amount\" content=\"100.00\" \/>\n<meta property=\"product:price:currency\" content=\"EUR\" \/>\n<meta property=\"og:availability\" content=\"out of stock\" \/>\n<meta property=\"product:availability\" content=\"out of stock\" \/>\n<meta property=\"product:condition\" content=\"new\" \/>\n<!-- \/ Yoast SEO Premium plugin. -->","yoast_head_json":{"title":"pack 10 Kamagra Oral Jelly - Ester\u00f3ides Online","description":"Kamagra Oral Jelly \u00e9 um medicamento para disfun\u00e7\u00e3o er\u00e9til que se dissolve na boca, contendo 100 mg de citrato de sildenafil para melhorar o desempenho sexual.","robots":{"index":"index","follow":"follow","max-snippet":"max-snippet:-1","max-image-preview":"max-image-preview:large","max-video-preview":"max-video-preview:-1"},"canonical":"https:\/\/iberoid-shop.com\/pt\/product\/pack-10-kamagra-oral-jelly-vol-iv-pack\/","og_locale":"pt_PT","og_type":"article","og_title":"pack 10 Kamagra Oral Jelly","og_description":"Kamagra Oral Jelly \u00e9 um medicamento para disfun\u00e7\u00e3o er\u00e9til que se dissolve na boca, contendo 100 mg de citrato de sildenafil para melhorar o desempenho sexual.","og_url":"https:\/\/iberoid-shop.com\/pt\/product\/pack-10-kamagra-oral-jelly-vol-iv-pack\/","og_site_name":"Ester\u00f3ides Online","article_modified_time":"2025-08-17T10:45:44+00:00","og_image":[{"width":960,"height":1280,"url":"https:\/\/iberoid-shop.com\/wp-content\/uploads\/2023\/10\/kama10.jpg?v=1696681529","type":"image\/jpeg"}],"twitter_card":"summary_large_image","twitter_misc":{"pre\u00e7o":"&euro;100.00","Disponibilidade":"Esgotado"},"schema":{"@context":"https:\/\/schema.org","@graph":[{"@type":"WebPage","@id":"https:\/\/iberoid-shop.com\/pt\/product\/pack-10-kamagra-oral-jelly-vol-iv-pack\/","url":"https:\/\/iberoid-shop.com\/pt\/product\/pack-10-kamagra-oral-jelly-vol-iv-pack\/","name":"pack 10 Kamagra Oral Jelly - Ester\u00f3ides Online","isPartOf":{"@id":"https:\/\/iberoid-shop.com\/pt\/#website"},"primaryImageOfPage":{"@id":"https:\/\/iberoid-shop.com\/pt\/product\/pack-10-kamagra-oral-jelly-vol-iv-pack\/#primaryimage"},"image":{"@id":"https:\/\/iberoid-shop.com\/pt\/product\/pack-10-kamagra-oral-jelly-vol-iv-pack\/#primaryimage"},"thumbnailUrl":"https:\/\/iberoid-shop.com\/wp-content\/uploads\/2023\/10\/kama10.jpg?v=1696681529","datePublished":"2023-10-07T12:26:29+00:00","dateModified":"2025-08-17T10:45:44+00:00","description":"Kamagra Oral Jelly \u00e9 um medicamento para disfun\u00e7\u00e3o er\u00e9til que se dissolve na boca, contendo 100 mg de citrato de sildenafil para melhorar o desempenho sexual.","breadcrumb":{"@id":"https:\/\/iberoid-shop.com\/pt\/product\/pack-10-kamagra-oral-jelly-vol-iv-pack\/#breadcrumb"},"inLanguage":"pt-PT","potentialAction":[{"@type":"ReadAction","target":[["https:\/\/iberoid-shop.com\/pt\/product\/pack-10-kamagra-oral-jelly-vol-iv-pack\/"]]}]},{"@type":"ImageObject","inLanguage":"pt-PT","@id":"https:\/\/iberoid-shop.com\/pt\/product\/pack-10-kamagra-oral-jelly-vol-iv-pack\/#primaryimage","url":"https:\/\/iberoid-shop.com\/wp-content\/uploads\/2023\/10\/kama10.jpg?v=1696681529","contentUrl":"https:\/\/iberoid-shop.com\/wp-content\/uploads\/2023\/10\/kama10.jpg?v=1696681529","width":960,"height":1280},{"@type":"BreadcrumbList","@id":"https:\/\/iberoid-shop.com\/pt\/product\/pack-10-kamagra-oral-jelly-vol-iv-pack\/#breadcrumb","itemListElement":[{"@type":"ListItem","position":1,"name":"Portada","item":"https:\/\/iberoid-shop.com\/pt\/"},{"@type":"ListItem","position":2,"name":"Loja","item":"https:\/\/iberoid-shop.com\/pt\/shop\/"},{"@type":"ListItem","position":3,"name":"pack 10 Kamagra Oral Jelly"}]},{"@type":"WebSite","@id":"https:\/\/iberoid-shop.com\/pt\/#website","url":"https:\/\/iberoid-shop.com\/pt\/","name":"Ester\u00f3ides Online","description":"Compre ester\u00f3ides online hoje em Espanha e Portugal. Temos o melhor servi\u00e7o ao cliente do setor e produtos da mais alta qualidade","potentialAction":[{"@type":"SearchAction","target":{"@type":"EntryPoint","urlTemplate":"https:\/\/iberoid-shop.com\/pt\/?s={search_term_string}"},"query-input":{"@type":"PropertyValueSpecification","valueRequired":true,"valueName":"search_term_string"}}],"inLanguage":"pt-PT"}]},"product_brand":"Ajanta Pharma","product_price_amount":"100.00","product_price_currency":"EUR","og_availability":"out of stock","product_availability":"out of stock","product_condition":"new"},"_links":{"self":[{"href":"https:\/\/iberoid-shop.com\/pt\/wp-json\/wp\/v2\/product\/9009","targetHints":{"allow":["GET"]}}],"collection":[{"href":"https:\/\/iberoid-shop.com\/pt\/wp-json\/wp\/v2\/product"}],"about":[{"href":"https:\/\/iberoid-shop.com\/pt\/wp-json\/wp\/v2\/types\/product"}],"replies":[{"embeddable":true,"href":"https:\/\/iberoid-shop.com\/pt\/wp-json\/wp\/v2\/comments?post=9009"}],"wp:featuredmedia":[{"embeddable":true,"href":"https:\/\/iberoid-shop.com\/pt\/wp-json\/wp\/v2\/media\/9011"}],"wp:attachment":[{"href":"https:\/\/iberoid-shop.com\/pt\/wp-json\/wp\/v2\/media?parent=9009"}],"wp:term":[{"taxonomy":"product_brand","embeddable":true,"href":"https:\/\/iberoid-shop.com\/pt\/wp-json\/wp\/v2\/product_brand?post=9009"},{"taxonomy":"product_cat","embeddable":true,"href":"https:\/\/iberoid-shop.com\/pt\/wp-json\/wp\/v2\/product_cat?post=9009"},{"taxonomy":"product_tag","embeddable":true,"href":"https:\/\/iberoid-shop.com\/pt\/wp-json\/wp\/v2\/product_tag?post=9009"}],"curies":[{"name":"wp","href":"https:\/\/api.w.org\/{rel}","templated":true}]}}