{"id":9003,"date":"2023-10-06T19:11:59","date_gmt":"2023-10-06T19:11:59","guid":{"rendered":"https:\/\/iberoid-shop.com\/?post_type=product&#038;p=9003"},"modified":"2026-04-04T03:16:12","modified_gmt":"2026-04-04T03:16:12","slug":"pack10-blisters-cenforce-200-mg","status":"publish","type":"product","link":"https:\/\/iberoid-shop.com\/pt\/product\/pack10-blisters-cenforce-200-mg\/","title":{"rendered":"PACK 10 BLISTERS CENFORCE 200 MG"},"content":{"rendered":"<p><strong>PACK 10 BLISTERS CENFORCE 200 MG \/ 100 COMPRIMIDOS<\/strong><\/p>\n<p><strong>Cenforce 200 mg <\/strong>\u00e9 a dose mais alta usada para tratar a disfun\u00e7\u00e3o er\u00e9til (DE). \u00c9 utilizado nos casos em que as doses mais baixas n\u00e3o funcionam adequadamente. Funciona aumentando o fluxo sangu\u00edneo para o p\u00eanis, resultando em uma ere\u00e7\u00e3o dura. Sabe-se que uma ere\u00e7\u00e3o dura de 4 a 5 horas. Para melhores resultados, tome a p\u00edlula com o est\u00f4mago vazio e \u00e1gua. N\u00e3o tome mais de um comprimido em 24 horas. Tome exatamente uma hora antes de qualquer atividade sexual. Siga exatamente a prescri\u00e7\u00e3o do seu m\u00e9dico e aproveite ao m\u00e1ximo suas sess\u00f5es sexuais.<\/p>\n<p><strong>Como funciona o Cenforce 200 mg<\/strong><\/p>\n<p>Cenforce 200 mg pertence \u00e0 classe de medicamentos conhecidos como inibidores da PDE 5. Ele cont\u00e9m o ingrediente Citrato de Sildenafil, que atua aumentando o fluxo sangu\u00edneo por todo o corpo, incluindo o p\u00eanis. Quando um homem sofre de DE, uma enzima conhecida como fosfodiesterase tipo 5 (PDE 5) ataca o corpo do homem e n\u00e3o permite que o sangue flua adequadamente. Isso causa um estreitamento das art\u00e9rias e resulta no bloqueio das paredes do p\u00eanis. Como resultado, o sangue n\u00e3o chega adequadamente ao p\u00eanis e a ere\u00e7\u00e3o n\u00e3o ocorre. O Citrato de Sildenafil neste medicamento relaxa as paredes dos vasos sangu\u00edneos e permite que o sangue flua mais facilmente para o p\u00eanis. \u00c0 medida que mais e mais sangue flui, a press\u00e3o \u00e9 criada. Isso resulta em uma ere\u00e7\u00e3o.<\/p>\n<p><strong>Usos do Cenforce 200 mg<\/strong><\/p>\n<p>Tem sido utilizado no tratamento das seguintes condi\u00e7\u00f5es e problemas:<\/p>\n<ol>\n<li>Disfun\u00e7\u00e3o er\u00e9til (DE) \u2013 uma condi\u00e7\u00e3o na qual voc\u00ea n\u00e3o consegue atingir ou manter uma ere\u00e7\u00e3o, dificultando a rela\u00e7\u00e3o sexual.<\/li>\n<li>Hipertens\u00e3o Arterial Pulmonar (HAP) \u2013 press\u00e3o alta que afeta as art\u00e9rias dos pulm\u00f5es e do cora\u00e7\u00e3o.<\/li>\n<\/ol>\n<p><strong>Cenforce 200mg trata a Disfun\u00e7\u00e3o Er\u00e9til?<\/strong><\/p>\n<p>A disfun\u00e7\u00e3o er\u00e9til \u00e9 facilmente desencadeada por uma vida sexual deprimente. Em vez de usar a marca Viagra, que \u00e9 muito mais cara que a vers\u00e3o gen\u00e9rica com citrato de sildenafil, escolha algo que n\u00e3o s\u00f3 seja mais acess\u00edvel, mas tamb\u00e9m tenha um sabor muito melhor. Cenforce 200 mg mostra melhor ades\u00e3o do paciente com efic\u00e1cia incompar\u00e1vel. A ere\u00e7\u00e3o peniana nos homens est\u00e1 relacionada ao fluxo sangu\u00edneo para a \u00e1rea peniana. Essa ere\u00e7\u00e3o ocorre devido a um aumento no fluxo sangu\u00edneo para os m\u00fasculos lisos, o que faz com que eles relaxem e, eventualmente, o p\u00eanis fique em estado de ere\u00e7\u00e3o. Durante a estimula\u00e7\u00e3o sexual, o corpo cavernoso (parte do p\u00eanis) libera \u00f3xido n\u00edtrico, o que provoca um aumento na s\u00edntese do monofosfato de guanosina c\u00edclico, que aumenta o fluxo sangu\u00edneo para a regi\u00e3o peniana e consequentemente relaxa a musculatura lisa. Muitos homens mais velhos sofrem de problemas de ere\u00e7\u00e3o peniana quando o p\u00eanis n\u00e3o fica duro durante a estimula\u00e7\u00e3o sexual. Como resultado, eles n\u00e3o conseguem ter rela\u00e7\u00f5es sexuais adequadamente. Este relaxamento dos m\u00fasculos lisos provoca uma ere\u00e7\u00e3o do p\u00eanis. Uma enzima chamada enzima fosfodiesterase 5 (PDE 5) atua como um regulador de feedback nesse mecanismo. Como resultado, o GMP c\u00edclico no p\u00eanis \u00e9 decomposto ap\u00f3s algum tempo, de modo que n\u00e3o h\u00e1 ere\u00e7\u00e3o permanente. Cenforce \u00e9 um inibidor seletivo da fosfodiesterase tipo 5 (inibidor PDE-5). Isso significa que este medicamento atua inibindo o FDE5. Consequentemente, o cGMP n\u00e3o \u00e9 clivado no p\u00e9nis, resultando numa erec\u00e7\u00e3o peniana em homens que sofrem de disfun\u00e7\u00e3o er\u00e9ctil. Um homem deve estar sexualmente excitado para que a droga funcione.<\/p>\n<p><strong>Dosagem<\/strong><\/p>\n<p>de Cenforce 200 mg seja tomado uma vez a cada 24 horas. N\u00e3o deve ser tomado mais de uma vez a cada 24 horas. Esta p\u00edlula pode ser tomada com ou sem alimentos. Deve ser tomado cerca de 30 minutos a 1 hora antes da atividade sexual planejada. Os efeitos deste medicamento podem durar cerca de 4 a 5 horas.<\/p>\n<p><strong>Dose perdida<\/strong><\/p>\n<p>Com Cenforce 200 mg, geralmente \u00e9 seguido um esquema de dosagem sob demanda. Portanto, \u00e9 improv\u00e1vel que voc\u00ea esque\u00e7a uma dose. Por\u00e9m, se estiver tomando para tratamento de hipertens\u00e3o arterial pulmonar, tome a dose esquecida o mais r\u00e1pido poss\u00edvel. N\u00e3o pule nenhuma dose se estiver quase na hora da pr\u00f3xima dose. Converse com seu m\u00e9dico sobre o que fazer se voc\u00ea esquecer de uma dose.<\/p>\n<p>Sobredosagem: A sobredosagem pode causar efeitos secund\u00e1rios graves. Se os problemas persistirem, ligue para seu m\u00e9dico imediatamente.<\/p>\n<p><strong>Aviso importante<\/strong><\/p>\n<p>Antes de tomar 200 mg de Cenforce , informe o seu m\u00e9dico:<\/p>\n<ol>\n<li>Se voc\u00ea \u00e9 al\u00e9rgico a certos medicamentos.<\/li>\n<li>Se voc\u00ea toma nitratos para dores no peito.<\/li>\n<li>Se voc\u00ea tem hist\u00f3rico m\u00e9dico de acidente vascular cerebral, ataque card\u00edaco, batimento card\u00edaco irregular e dor no peito.<\/li>\n<li>Se voc\u00ea sofre de epilepsia ou convuls\u00f5es.<\/li>\n<li>Se voc\u00ea sofre de doen\u00e7as como diabetes, hipertens\u00e3o, etc.<\/li>\n<li>Se voc\u00ea tem uma deformidade f\u00edsica no p\u00eanis ou doen\u00e7a de Peyronie .<\/li>\n<li>Se voc\u00ea tem um dist\u00farbio da retina, como retinite pigmentosa.<\/li>\n<li>Se voc\u00ea tiver problemas de circula\u00e7\u00e3o sangu\u00ednea.<\/li>\n<\/ol>\n<p><strong>Efeitos colaterais<\/strong><\/p>\n<p>Alguns efeitos colaterais comuns do Cenforce 200 mg incluem:<\/p>\n<ol>\n<li>N\u00e1usea<\/li>\n<li>V\u00f4mito<\/li>\n<li>Enj\u00f4o<\/li>\n<li>Palpita\u00e7\u00f5es<\/li>\n<li>Tontura<\/li>\n<li>Lavagem<\/li>\n<li>Dores de cabe\u00e7a<\/li>\n<li>Diarr\u00e9ia<\/li>\n<li>Sangramento nasal<\/li>\n<li>Indigest\u00e3o<\/li>\n<\/ol>\n<p>Em alguns casos raros, podem ocorrer condi\u00e7\u00f5es como Priapismo (ere\u00e7\u00e3o prolongada de mais de 4 horas) e NAION (perda s\u00fabita de vis\u00e3o em um ou ambos os olhos).<\/p>\n<p><strong>Intera\u00e7\u00f5es medicamentosas<\/strong><\/p>\n<p>Voc\u00ea deve informar o seu m\u00e9dico se tomar qualquer forma de medicamento fitoter\u00e1pico, de venda livre, recreativo ou qualquer outra forma de medicamento. Esses medicamentos podem afetar o modo como o Cenforce 200 mg atua.<\/p>\n<ol>\n<li>Alfa-bloqueadores, como alfuzosina, doxazosina, prazosina, tansulosina e terazosina<\/li>\n<li>Amlodipina<\/li>\n<li>Medicamentos antif\u00fangicos, como itraconazol e cetoconazol<\/li>\n<li>Anticoagulantes, como varfarina<\/li>\n<li>Cimetidina<\/li>\n<li>Antibi\u00f3ticos como eritromicina e claritromicina<\/li>\n<li>Efavirenz<\/li>\n<li>Betabloqueadores como atenolol, labetalol, metoprolol e nadolol<\/li>\n<li>Inibidores da protease do HIV, como atazanavir, indinavir, darunavir, fosamprenavir , lopinavir, saquinavir e ritonavir<\/li>\n<li>Medicamentos para convuls\u00f5es, como carbamazepina e fenito\u00edna<\/li>\n<li>Outros medicamentos para disfun\u00e7\u00e3o er\u00e9til<\/li>\n<li>Medicamentos para press\u00e3o arterial<\/li>\n<\/ol>\n<p><strong>Intera\u00e7\u00e3o com \u00e1lcool<\/strong><\/p>\n<p>Sabe-se que o \u00e1lcool aumenta o efeito de redu\u00e7\u00e3o da press\u00e3o arterial quando tomado junto com Cenforce 200 mg. Evite consumir \u00e1lcool junto com este medicamento.<\/p>\n<p><strong>Instru\u00e7\u00f5es de armazenamento<\/strong><\/p>\n<p>de Cenforce 200 mg devem ser armazenados com seguran\u00e7a em sua embalagem original.<\/p>\n<ol>\n<li>Mantenha os comprimidos longe do calor, umidade e luz direta.<\/li>\n<li>Guarde a embalagem original do medicamento.<\/li>\n<li>Mantenha os comprimidos longe do alcance de crian\u00e7as e animais de estima\u00e7\u00e3o.<\/li>\n<li>Conservar em local fresco e seco, com temperatura controlada conforme mencionado na embalagem.<\/li>\n<\/ol>\n<p><\/p>","protected":false},"excerpt":{"rendered":"<p>PACK 10 BLISTERS CENFORCE 200 MG \/ 100 COMPRIMIDOS Cenforce 200 mg \u00e9 a dose mais alta usada para tratar<\/p>\n","protected":false},"featured_media":9005,"comment_status":"open","ping_status":"closed","template":"","meta":[],"product_brand":[],"product_cat":[3474,3533,3412],"product_tag":[],"class_list":{"0":"post-9003","1":"product","2":"type-product","3":"status-publish","4":"has-post-thumbnail","6":"product_cat-packs","7":"product_cat-sales-rebajas","8":"product_cat-varios","10":"first","11":"instock","12":"sale","13":"shipping-taxable","14":"purchasable","15":"product-type-simple"},"yoast_head":"<!-- This site is optimized with the Yoast SEO Premium plugin v24.4 (Yoast SEO v27.0) - https:\/\/yoast.com\/product\/yoast-seo-premium-wordpress\/ -->\n<title>PACK 10 BLISTERS CENFORCE 200 MG - Ester\u00f3ides Online<\/title>\n<meta name=\"description\" content=\"CENFORCE 200 MG \u00e9 um tratamento de DE em dose alta com Sildenafil que aumenta o fluxo sangu\u00edneo para ere\u00e7\u00f5es fortes de 4-5 horas.\" \/>\n<meta name=\"robots\" content=\"index, follow, max-snippet:-1, max-image-preview:large, max-video-preview:-1\" \/>\n<link rel=\"canonical\" href=\"https:\/\/iberoid-shop.com\/pt\/product\/pack10-blisters-cenforce-200-mg\/\" \/>\n<meta property=\"og:locale\" content=\"pt_PT\" \/>\n<meta property=\"og:type\" content=\"article\" \/>\n<meta property=\"og:title\" content=\"PACK 10 BLISTERS CENFORCE 200 MG\" \/>\n<meta property=\"og:description\" content=\"CENFORCE 200 MG \u00e9 um tratamento de DE em dose alta com Sildenafil que aumenta o fluxo sangu\u00edneo para ere\u00e7\u00f5es fortes de 4-5 horas.\" \/>\n<meta property=\"og:url\" content=\"https:\/\/iberoid-shop.com\/pt\/product\/pack10-blisters-cenforce-200-mg\/\" \/>\n<meta property=\"og:site_name\" content=\"Ester\u00f3ides Online\" \/>\n<meta property=\"article:modified_time\" content=\"2026-04-04T03:16:12+00:00\" \/>\n<meta property=\"og:image\" content=\"https:\/\/iberoid-shop.com\/wp-content\/uploads\/2023\/10\/cenforce-200-1000x1000-1.webp\" \/>\n\t<meta property=\"og:image:width\" content=\"1000\" \/>\n\t<meta property=\"og:image:height\" content=\"654\" \/>\n\t<meta property=\"og:image:type\" content=\"image\/webp\" \/>\n<meta name=\"twitter:card\" content=\"summary_large_image\" \/>\n<meta name=\"twitter:label1\" content=\"pre\u00e7o\" \/>\n\t<meta name=\"twitter:data1\" content=\"&euro;75.00\" \/>\n\t<meta name=\"twitter:label2\" content=\"Disponibilidade\" \/>\n\t<meta name=\"twitter:data2\" content=\"Em stock\" \/>\n<script type=\"application\/ld+json\" class=\"yoast-schema-graph\">{\"@context\":\"https:\/\/schema.org\",\"@graph\":[{\"@type\":\"WebPage\",\"@id\":\"https:\/\/iberoid-shop.com\/pt\/product\/pack10-blisters-cenforce-200-mg\/\",\"url\":\"https:\/\/iberoid-shop.com\/pt\/product\/pack10-blisters-cenforce-200-mg\/\",\"name\":\"PACK 10 BLISTERS CENFORCE 200 MG - Ester\u00f3ides Online\",\"isPartOf\":{\"@id\":\"https:\/\/iberoid-shop.com\/pt\/#website\"},\"primaryImageOfPage\":{\"@id\":\"https:\/\/iberoid-shop.com\/pt\/product\/pack10-blisters-cenforce-200-mg\/#primaryimage\"},\"image\":{\"@id\":\"https:\/\/iberoid-shop.com\/pt\/product\/pack10-blisters-cenforce-200-mg\/#primaryimage\"},\"thumbnailUrl\":\"https:\/\/iberoid-shop.com\/wp-content\/uploads\/2023\/10\/cenforce-200-1000x1000-1.webp\",\"datePublished\":\"2023-10-06T19:11:59+00:00\",\"dateModified\":\"2026-04-04T03:16:12+00:00\",\"description\":\"CENFORCE 200 MG \u00e9 um tratamento de DE em dose alta com Sildenafil que aumenta o fluxo sangu\u00edneo para ere\u00e7\u00f5es fortes de 4-5 horas.\",\"breadcrumb\":{\"@id\":\"https:\/\/iberoid-shop.com\/pt\/product\/pack10-blisters-cenforce-200-mg\/#breadcrumb\"},\"inLanguage\":\"pt-PT\",\"potentialAction\":[{\"@type\":\"ReadAction\",\"target\":[[\"https:\/\/iberoid-shop.com\/pt\/product\/pack10-blisters-cenforce-200-mg\/\"]]}]},{\"@type\":\"ImageObject\",\"inLanguage\":\"pt-PT\",\"@id\":\"https:\/\/iberoid-shop.com\/pt\/product\/pack10-blisters-cenforce-200-mg\/#primaryimage\",\"url\":\"https:\/\/iberoid-shop.com\/wp-content\/uploads\/2023\/10\/cenforce-200-1000x1000-1.webp\",\"contentUrl\":\"https:\/\/iberoid-shop.com\/wp-content\/uploads\/2023\/10\/cenforce-200-1000x1000-1.webp\",\"width\":1000,\"height\":654},{\"@type\":\"BreadcrumbList\",\"@id\":\"https:\/\/iberoid-shop.com\/pt\/product\/pack10-blisters-cenforce-200-mg\/#breadcrumb\",\"itemListElement\":[{\"@type\":\"ListItem\",\"position\":1,\"name\":\"Portada\",\"item\":\"https:\/\/iberoid-shop.com\/pt\/\"},{\"@type\":\"ListItem\",\"position\":2,\"name\":\"Loja\",\"item\":\"https:\/\/iberoid-shop.com\/pt\/shop\/\"},{\"@type\":\"ListItem\",\"position\":3,\"name\":\"PACK 10 BLISTERS CENFORCE 200 MG\"}]},{\"@type\":\"WebSite\",\"@id\":\"https:\/\/iberoid-shop.com\/pt\/#website\",\"url\":\"https:\/\/iberoid-shop.com\/pt\/\",\"name\":\"Ester\u00f3ides Online\",\"description\":\"Compre ester\u00f3ides online hoje em Espanha e Portugal. Temos o melhor servi\u00e7o ao cliente do setor e produtos da mais alta qualidade\",\"potentialAction\":[{\"@type\":\"SearchAction\",\"target\":{\"@type\":\"EntryPoint\",\"urlTemplate\":\"https:\/\/iberoid-shop.com\/pt\/?s={search_term_string}\"},\"query-input\":{\"@type\":\"PropertyValueSpecification\",\"valueRequired\":true,\"valueName\":\"search_term_string\"}}],\"inLanguage\":\"pt-PT\"}]}<\/script>\n<meta property=\"product:price:amount\" content=\"75.00\" \/>\n<meta property=\"product:price:currency\" content=\"EUR\" \/>\n<meta property=\"og:availability\" content=\"instock\" \/>\n<meta property=\"product:availability\" content=\"instock\" \/>\n<meta property=\"product:condition\" content=\"new\" \/>\n<!-- \/ Yoast SEO Premium plugin. -->","yoast_head_json":{"title":"PACK 10 BLISTERS CENFORCE 200 MG - Ester\u00f3ides Online","description":"CENFORCE 200 MG \u00e9 um tratamento de DE em dose alta com Sildenafil que aumenta o fluxo sangu\u00edneo para ere\u00e7\u00f5es fortes de 4-5 horas.","robots":{"index":"index","follow":"follow","max-snippet":"max-snippet:-1","max-image-preview":"max-image-preview:large","max-video-preview":"max-video-preview:-1"},"canonical":"https:\/\/iberoid-shop.com\/pt\/product\/pack10-blisters-cenforce-200-mg\/","og_locale":"pt_PT","og_type":"article","og_title":"PACK 10 BLISTERS CENFORCE 200 MG","og_description":"CENFORCE 200 MG \u00e9 um tratamento de DE em dose alta com Sildenafil que aumenta o fluxo sangu\u00edneo para ere\u00e7\u00f5es fortes de 4-5 horas.","og_url":"https:\/\/iberoid-shop.com\/pt\/product\/pack10-blisters-cenforce-200-mg\/","og_site_name":"Ester\u00f3ides Online","article_modified_time":"2026-04-04T03:16:12+00:00","og_image":[{"width":1000,"height":654,"url":"https:\/\/iberoid-shop.com\/wp-content\/uploads\/2023\/10\/cenforce-200-1000x1000-1.webp","type":"image\/webp"}],"twitter_card":"summary_large_image","twitter_misc":{"pre\u00e7o":"&euro;75.00","Disponibilidade":"Em stock"},"schema":{"@context":"https:\/\/schema.org","@graph":[{"@type":"WebPage","@id":"https:\/\/iberoid-shop.com\/pt\/product\/pack10-blisters-cenforce-200-mg\/","url":"https:\/\/iberoid-shop.com\/pt\/product\/pack10-blisters-cenforce-200-mg\/","name":"PACK 10 BLISTERS CENFORCE 200 MG - Ester\u00f3ides Online","isPartOf":{"@id":"https:\/\/iberoid-shop.com\/pt\/#website"},"primaryImageOfPage":{"@id":"https:\/\/iberoid-shop.com\/pt\/product\/pack10-blisters-cenforce-200-mg\/#primaryimage"},"image":{"@id":"https:\/\/iberoid-shop.com\/pt\/product\/pack10-blisters-cenforce-200-mg\/#primaryimage"},"thumbnailUrl":"https:\/\/iberoid-shop.com\/wp-content\/uploads\/2023\/10\/cenforce-200-1000x1000-1.webp","datePublished":"2023-10-06T19:11:59+00:00","dateModified":"2026-04-04T03:16:12+00:00","description":"CENFORCE 200 MG \u00e9 um tratamento de DE em dose alta com Sildenafil que aumenta o fluxo sangu\u00edneo para ere\u00e7\u00f5es fortes de 4-5 horas.","breadcrumb":{"@id":"https:\/\/iberoid-shop.com\/pt\/product\/pack10-blisters-cenforce-200-mg\/#breadcrumb"},"inLanguage":"pt-PT","potentialAction":[{"@type":"ReadAction","target":[["https:\/\/iberoid-shop.com\/pt\/product\/pack10-blisters-cenforce-200-mg\/"]]}]},{"@type":"ImageObject","inLanguage":"pt-PT","@id":"https:\/\/iberoid-shop.com\/pt\/product\/pack10-blisters-cenforce-200-mg\/#primaryimage","url":"https:\/\/iberoid-shop.com\/wp-content\/uploads\/2023\/10\/cenforce-200-1000x1000-1.webp","contentUrl":"https:\/\/iberoid-shop.com\/wp-content\/uploads\/2023\/10\/cenforce-200-1000x1000-1.webp","width":1000,"height":654},{"@type":"BreadcrumbList","@id":"https:\/\/iberoid-shop.com\/pt\/product\/pack10-blisters-cenforce-200-mg\/#breadcrumb","itemListElement":[{"@type":"ListItem","position":1,"name":"Portada","item":"https:\/\/iberoid-shop.com\/pt\/"},{"@type":"ListItem","position":2,"name":"Loja","item":"https:\/\/iberoid-shop.com\/pt\/shop\/"},{"@type":"ListItem","position":3,"name":"PACK 10 BLISTERS CENFORCE 200 MG"}]},{"@type":"WebSite","@id":"https:\/\/iberoid-shop.com\/pt\/#website","url":"https:\/\/iberoid-shop.com\/pt\/","name":"Ester\u00f3ides Online","description":"Compre ester\u00f3ides online hoje em Espanha e Portugal. Temos o melhor servi\u00e7o ao cliente do setor e produtos da mais alta qualidade","potentialAction":[{"@type":"SearchAction","target":{"@type":"EntryPoint","urlTemplate":"https:\/\/iberoid-shop.com\/pt\/?s={search_term_string}"},"query-input":{"@type":"PropertyValueSpecification","valueRequired":true,"valueName":"search_term_string"}}],"inLanguage":"pt-PT"}]},"product_price_amount":"75.00","product_price_currency":"EUR","og_availability":"instock","product_availability":"instock","product_condition":"new"},"_links":{"self":[{"href":"https:\/\/iberoid-shop.com\/pt\/wp-json\/wp\/v2\/product\/9003","targetHints":{"allow":["GET"]}}],"collection":[{"href":"https:\/\/iberoid-shop.com\/pt\/wp-json\/wp\/v2\/product"}],"about":[{"href":"https:\/\/iberoid-shop.com\/pt\/wp-json\/wp\/v2\/types\/product"}],"replies":[{"embeddable":true,"href":"https:\/\/iberoid-shop.com\/pt\/wp-json\/wp\/v2\/comments?post=9003"}],"wp:featuredmedia":[{"embeddable":true,"href":"https:\/\/iberoid-shop.com\/pt\/wp-json\/wp\/v2\/media\/9005"}],"wp:attachment":[{"href":"https:\/\/iberoid-shop.com\/pt\/wp-json\/wp\/v2\/media?parent=9003"}],"wp:term":[{"taxonomy":"product_brand","embeddable":true,"href":"https:\/\/iberoid-shop.com\/pt\/wp-json\/wp\/v2\/product_brand?post=9003"},{"taxonomy":"product_cat","embeddable":true,"href":"https:\/\/iberoid-shop.com\/pt\/wp-json\/wp\/v2\/product_cat?post=9003"},{"taxonomy":"product_tag","embeddable":true,"href":"https:\/\/iberoid-shop.com\/pt\/wp-json\/wp\/v2\/product_tag?post=9003"}],"curies":[{"name":"wp","href":"https:\/\/api.w.org\/{rel}","templated":true}]}}