{"id":8935,"date":"2023-09-23T14:26:02","date_gmt":"2023-09-23T14:26:02","guid":{"rendered":"https:\/\/iberoid-shop.com\/?post_type=product&#038;p=8935"},"modified":"2024-04-04T20:38:05","modified_gmt":"2024-04-04T20:38:05","slug":"testoged-p-testosteron-propionate","status":"publish","type":"product","link":"https:\/\/iberoid-shop.com\/pt\/product\/testoged-p-testosteron-propionate\/","title":{"rendered":"Testoged P \/ TESTOSTERON PROPIONATE"},"content":{"rendered":"<p><strong>Testoged P \/ TESTOSTERON PROPIONATE<\/strong> da Golden Dragon Pharmaceuticals \u00e9 um ester\u00f3ide \u00e0 base de propionato de testosterona. Dispon\u00edvel na forma de l\u00edquido para inje\u00e7\u00e3o. Uma ampola de 10 ml cont\u00e9m 100 mg\/ml de subst\u00e2ncia ativa.<\/p>\n<p>A base do Testoged P Golden Dragon \u00e9 o propionato de testosterona, que \u00e9 o ester\u00f3ide mais popular entre os fisiculturistas. Pelas caracter\u00edsticas estruturais da f\u00f3rmula qu\u00edmica, promove a constru\u00e7\u00e3o muscular eficaz sem o risco de ac\u00famulo excessivo de l\u00edquidos nos tecidos.<\/p>\n<p><strong>Efici\u00eancia<\/strong><\/p>\n<p>Durante o curso Testoged P Golden Dragon, os seguintes efeitos s\u00e3o observados:<\/p>\n<ul>\n<li>normaliza\u00e7\u00e3o do equil\u00edbrio de nitrog\u00eanio nas c\u00e9lulas dos tecidos;<\/li>\n<li>construir volume muscular em pouco tempo;<\/li>\n<li>estimular a produ\u00e7\u00e3o do horm\u00f4nio do crescimento semelhante \u00e0 insulina para desencadear hiperplasia muscular;<\/li>\n<li>redu\u00e7\u00e3o dos dep\u00f3sitos de gordura com libera\u00e7\u00e3o de por\u00e7\u00f5es de energia, que \u00e9 gasta nas necessidades atuais do corpo do atleta;<\/li>\n<li>melhora dos indicadores musculares b\u00e1sicos &#8211; densidade e al\u00edvio muscular;<\/li>\n<li>aumento do desejo sexual durante o curso;<\/li>\n<li>preven\u00e7\u00e3o de doen\u00e7as do sistema cardiovascular (doen\u00e7a coronariana, doen\u00e7a coronariana).<\/li>\n<\/ul>\n<p><strong>Testoged P<\/strong> n\u00e3o tem efeito t\u00f3xico no f\u00edgado, mas \u00e9 capaz de se converter em estrog\u00eanios e bloquear o eixo hipot\u00e1lamo-testicular-hip\u00f3fise.<\/p>","protected":false},"excerpt":{"rendered":"<p>Testoged P \/ TESTOSTERON PROPIONATE da Golden Dragon Pharmaceuticals \u00e9 um ester\u00f3ide \u00e0 base de propionato de testosterona. Dispon\u00edvel na<\/p>\n","protected":false},"featured_media":6690,"comment_status":"open","ping_status":"closed","template":"","meta":[],"product_brand":[],"product_cat":[69],"product_tag":[],"class_list":{"0":"post-8935","1":"product","2":"type-product","3":"status-publish","4":"has-post-thumbnail","6":"product_cat-esteroides_inyectables","8":"first","9":"outofstock","10":"featured","11":"shipping-taxable","12":"purchasable","13":"product-type-simple"},"yoast_head":"<!-- This site is optimized with the Yoast SEO Premium plugin v24.4 (Yoast SEO v27.3) - https:\/\/yoast.com\/product\/yoast-seo-premium-wordpress\/ -->\n<title>Testoged P \/ TESTOSTERON PROPIONATE - Ester\u00f3ides Online<\/title>\n<meta name=\"robots\" content=\"index, follow, max-snippet:-1, max-image-preview:large, max-video-preview:-1\" \/>\n<link rel=\"canonical\" href=\"https:\/\/iberoid-shop.com\/pt\/product\/testoged-p-testosteron-propionate\/\" \/>\n<meta property=\"og:locale\" content=\"pt_PT\" \/>\n<meta property=\"og:type\" content=\"article\" \/>\n<meta property=\"og:title\" content=\"Testoged P \/ TESTOSTERON PROPIONATE\" \/>\n<meta property=\"og:description\" content=\"Testoged P \/ TESTOSTERON PROPIONATE da Golden Dragon Pharmaceuticals \u00e9 um ester\u00f3ide \u00e0 base de propionato de testosterona. Dispon\u00edvel na\" \/>\n<meta property=\"og:url\" content=\"https:\/\/iberoid-shop.com\/pt\/product\/testoged-p-testosteron-propionate\/\" \/>\n<meta property=\"og:site_name\" content=\"Ester\u00f3ides Online\" \/>\n<meta property=\"article:modified_time\" content=\"2024-04-04T20:38:05+00:00\" \/>\n<meta property=\"og:image\" content=\"https:\/\/iberoid-shop.com\/wp-content\/uploads\/2021\/08\/TESTOGED-P.jpg?v=1699545810\" \/>\n\t<meta property=\"og:image:width\" content=\"500\" \/>\n\t<meta property=\"og:image:height\" content=\"500\" \/>\n\t<meta property=\"og:image:type\" content=\"image\/jpeg\" \/>\n<meta name=\"twitter:card\" content=\"summary_large_image\" \/>\n<meta name=\"twitter:label1\" content=\"pre\u00e7o\" \/>\n\t<meta name=\"twitter:data1\" content=\"&euro;25.00\" \/>\n\t<meta name=\"twitter:label2\" content=\"Disponibilidade\" \/>\n\t<meta name=\"twitter:data2\" content=\"Esgotado\" \/>\n<script type=\"application\/ld+json\" class=\"yoast-schema-graph\">{\"@context\":\"https:\\\/\\\/schema.org\",\"@graph\":[{\"@type\":\"WebPage\",\"@id\":\"https:\\\/\\\/iberoid-shop.com\\\/pt\\\/product\\\/testoged-p-testosteron-propionate\\\/\",\"url\":\"https:\\\/\\\/iberoid-shop.com\\\/pt\\\/product\\\/testoged-p-testosteron-propionate\\\/\",\"name\":\"Testoged P \\\/ TESTOSTERON PROPIONATE - Ester\u00f3ides Online\",\"isPartOf\":{\"@id\":\"https:\\\/\\\/iberoid-shop.com\\\/pt\\\/#website\"},\"primaryImageOfPage\":{\"@id\":\"https:\\\/\\\/iberoid-shop.com\\\/pt\\\/product\\\/testoged-p-testosteron-propionate\\\/#primaryimage\"},\"image\":{\"@id\":\"https:\\\/\\\/iberoid-shop.com\\\/pt\\\/product\\\/testoged-p-testosteron-propionate\\\/#primaryimage\"},\"thumbnailUrl\":\"https:\\\/\\\/iberoid-shop.com\\\/wp-content\\\/uploads\\\/2021\\\/08\\\/TESTOGED-P.jpg?v=1699545810\",\"datePublished\":\"2023-09-23T14:26:02+00:00\",\"dateModified\":\"2024-04-04T20:38:05+00:00\",\"breadcrumb\":{\"@id\":\"https:\\\/\\\/iberoid-shop.com\\\/pt\\\/product\\\/testoged-p-testosteron-propionate\\\/#breadcrumb\"},\"inLanguage\":\"pt-PT\",\"potentialAction\":[{\"@type\":\"ReadAction\",\"target\":[[\"https:\\\/\\\/iberoid-shop.com\\\/pt\\\/product\\\/testoged-p-testosteron-propionate\\\/\"]]}]},{\"@type\":\"ImageObject\",\"inLanguage\":\"pt-PT\",\"@id\":\"https:\\\/\\\/iberoid-shop.com\\\/pt\\\/product\\\/testoged-p-testosteron-propionate\\\/#primaryimage\",\"url\":\"https:\\\/\\\/iberoid-shop.com\\\/wp-content\\\/uploads\\\/2021\\\/08\\\/TESTOGED-P.jpg?v=1699545810\",\"contentUrl\":\"https:\\\/\\\/iberoid-shop.com\\\/wp-content\\\/uploads\\\/2021\\\/08\\\/TESTOGED-P.jpg?v=1699545810\",\"width\":500,\"height\":500},{\"@type\":\"BreadcrumbList\",\"@id\":\"https:\\\/\\\/iberoid-shop.com\\\/pt\\\/product\\\/testoged-p-testosteron-propionate\\\/#breadcrumb\",\"itemListElement\":[{\"@type\":\"ListItem\",\"position\":1,\"name\":\"Portada\",\"item\":\"https:\\\/\\\/iberoid-shop.com\\\/pt\\\/\"},{\"@type\":\"ListItem\",\"position\":2,\"name\":\"Loja\",\"item\":\"https:\\\/\\\/iberoid-shop.com\\\/pt\\\/shop\\\/\"},{\"@type\":\"ListItem\",\"position\":3,\"name\":\"Testoged P \\\/ TESTOSTERON PROPIONATE\"}]},{\"@type\":\"WebSite\",\"@id\":\"https:\\\/\\\/iberoid-shop.com\\\/pt\\\/#website\",\"url\":\"https:\\\/\\\/iberoid-shop.com\\\/pt\\\/\",\"name\":\"Ester\u00f3ides Online\",\"description\":\"Compre ester\u00f3ides online hoje em Espanha e Portugal. Temos o melhor servi\u00e7o ao cliente do setor e produtos da mais alta qualidade\",\"potentialAction\":[{\"@type\":\"SearchAction\",\"target\":{\"@type\":\"EntryPoint\",\"urlTemplate\":\"https:\\\/\\\/iberoid-shop.com\\\/pt\\\/?s={search_term_string}\"},\"query-input\":{\"@type\":\"PropertyValueSpecification\",\"valueRequired\":true,\"valueName\":\"search_term_string\"}}],\"inLanguage\":\"pt-PT\"}]}<\/script>\n<meta property=\"product:brand\" content=\"Golden Dragon\" \/>\n<meta property=\"product:price:amount\" content=\"25.00\" \/>\n<meta property=\"product:price:currency\" content=\"EUR\" \/>\n<meta property=\"og:availability\" content=\"out of stock\" \/>\n<meta property=\"product:availability\" content=\"out of stock\" \/>\n<meta property=\"product:condition\" content=\"new\" \/>\n<!-- \/ Yoast SEO Premium plugin. -->","yoast_head_json":{"title":"Testoged P \/ TESTOSTERON PROPIONATE - Ester\u00f3ides Online","robots":{"index":"index","follow":"follow","max-snippet":"max-snippet:-1","max-image-preview":"max-image-preview:large","max-video-preview":"max-video-preview:-1"},"canonical":"https:\/\/iberoid-shop.com\/pt\/product\/testoged-p-testosteron-propionate\/","og_locale":"pt_PT","og_type":"article","og_title":"Testoged P \/ TESTOSTERON PROPIONATE","og_description":"Testoged P \/ TESTOSTERON PROPIONATE da Golden Dragon Pharmaceuticals \u00e9 um ester\u00f3ide \u00e0 base de propionato de testosterona. Dispon\u00edvel na","og_url":"https:\/\/iberoid-shop.com\/pt\/product\/testoged-p-testosteron-propionate\/","og_site_name":"Ester\u00f3ides Online","article_modified_time":"2024-04-04T20:38:05+00:00","og_image":[{"width":500,"height":500,"url":"https:\/\/iberoid-shop.com\/wp-content\/uploads\/2021\/08\/TESTOGED-P.jpg?v=1699545810","type":"image\/jpeg"}],"twitter_card":"summary_large_image","twitter_misc":{"pre\u00e7o":"&euro;25.00","Disponibilidade":"Esgotado"},"schema":{"@context":"https:\/\/schema.org","@graph":[{"@type":"WebPage","@id":"https:\/\/iberoid-shop.com\/pt\/product\/testoged-p-testosteron-propionate\/","url":"https:\/\/iberoid-shop.com\/pt\/product\/testoged-p-testosteron-propionate\/","name":"Testoged P \/ TESTOSTERON PROPIONATE - Ester\u00f3ides Online","isPartOf":{"@id":"https:\/\/iberoid-shop.com\/pt\/#website"},"primaryImageOfPage":{"@id":"https:\/\/iberoid-shop.com\/pt\/product\/testoged-p-testosteron-propionate\/#primaryimage"},"image":{"@id":"https:\/\/iberoid-shop.com\/pt\/product\/testoged-p-testosteron-propionate\/#primaryimage"},"thumbnailUrl":"https:\/\/iberoid-shop.com\/wp-content\/uploads\/2021\/08\/TESTOGED-P.jpg?v=1699545810","datePublished":"2023-09-23T14:26:02+00:00","dateModified":"2024-04-04T20:38:05+00:00","breadcrumb":{"@id":"https:\/\/iberoid-shop.com\/pt\/product\/testoged-p-testosteron-propionate\/#breadcrumb"},"inLanguage":"pt-PT","potentialAction":[{"@type":"ReadAction","target":[["https:\/\/iberoid-shop.com\/pt\/product\/testoged-p-testosteron-propionate\/"]]}]},{"@type":"ImageObject","inLanguage":"pt-PT","@id":"https:\/\/iberoid-shop.com\/pt\/product\/testoged-p-testosteron-propionate\/#primaryimage","url":"https:\/\/iberoid-shop.com\/wp-content\/uploads\/2021\/08\/TESTOGED-P.jpg?v=1699545810","contentUrl":"https:\/\/iberoid-shop.com\/wp-content\/uploads\/2021\/08\/TESTOGED-P.jpg?v=1699545810","width":500,"height":500},{"@type":"BreadcrumbList","@id":"https:\/\/iberoid-shop.com\/pt\/product\/testoged-p-testosteron-propionate\/#breadcrumb","itemListElement":[{"@type":"ListItem","position":1,"name":"Portada","item":"https:\/\/iberoid-shop.com\/pt\/"},{"@type":"ListItem","position":2,"name":"Loja","item":"https:\/\/iberoid-shop.com\/pt\/shop\/"},{"@type":"ListItem","position":3,"name":"Testoged P \/ TESTOSTERON PROPIONATE"}]},{"@type":"WebSite","@id":"https:\/\/iberoid-shop.com\/pt\/#website","url":"https:\/\/iberoid-shop.com\/pt\/","name":"Ester\u00f3ides Online","description":"Compre ester\u00f3ides online hoje em Espanha e Portugal. Temos o melhor servi\u00e7o ao cliente do setor e produtos da mais alta qualidade","potentialAction":[{"@type":"SearchAction","target":{"@type":"EntryPoint","urlTemplate":"https:\/\/iberoid-shop.com\/pt\/?s={search_term_string}"},"query-input":{"@type":"PropertyValueSpecification","valueRequired":true,"valueName":"search_term_string"}}],"inLanguage":"pt-PT"}]},"product_brand":"Golden Dragon","product_price_amount":"25.00","product_price_currency":"EUR","og_availability":"out of stock","product_availability":"out of stock","product_condition":"new"},"_links":{"self":[{"href":"https:\/\/iberoid-shop.com\/pt\/wp-json\/wp\/v2\/product\/8935","targetHints":{"allow":["GET"]}}],"collection":[{"href":"https:\/\/iberoid-shop.com\/pt\/wp-json\/wp\/v2\/product"}],"about":[{"href":"https:\/\/iberoid-shop.com\/pt\/wp-json\/wp\/v2\/types\/product"}],"replies":[{"embeddable":true,"href":"https:\/\/iberoid-shop.com\/pt\/wp-json\/wp\/v2\/comments?post=8935"}],"wp:featuredmedia":[{"embeddable":true,"href":"https:\/\/iberoid-shop.com\/pt\/wp-json\/wp\/v2\/media\/6690"}],"wp:attachment":[{"href":"https:\/\/iberoid-shop.com\/pt\/wp-json\/wp\/v2\/media?parent=8935"}],"wp:term":[{"taxonomy":"product_brand","embeddable":true,"href":"https:\/\/iberoid-shop.com\/pt\/wp-json\/wp\/v2\/product_brand?post=8935"},{"taxonomy":"product_cat","embeddable":true,"href":"https:\/\/iberoid-shop.com\/pt\/wp-json\/wp\/v2\/product_cat?post=8935"},{"taxonomy":"product_tag","embeddable":true,"href":"https:\/\/iberoid-shop.com\/pt\/wp-json\/wp\/v2\/product_tag?post=8935"}],"curies":[{"name":"wp","href":"https:\/\/api.w.org\/{rel}","templated":true}]}}