{"id":8912,"date":"2023-09-15T13:34:30","date_gmt":"2023-09-15T13:34:30","guid":{"rendered":"https:\/\/iberoid-shop.com\/?post_type=product&#038;p=8912"},"modified":"2024-12-05T21:03:53","modified_gmt":"2024-12-05T21:03:53","slug":"diaturabol-10-mg-turinabol-diamond-pharmagroup","status":"publish","type":"product","link":"https:\/\/iberoid-shop.com\/pt\/product\/diaturabol-10-mg-turinabol-diamond-pharmagroup\/","title":{"rendered":"DIATURABOL 10 mg \/ TURINABOL"},"content":{"rendered":"<p>Turanabol \u00e9 um ester\u00f3ide oral com clorodehidrometiltestosterona como subst\u00e2ncia ativa.<br \/>\n\u00c9 mais semelhante ao Danabol, mas comparado ao Danabol, possui uma mol\u00e9cula extra de cloro. Essa diferen\u00e7a significa que Turanabol n\u00e3o causa reten\u00e7\u00e3o h\u00eddrica e n\u00e3o causa ginecomastia. (raras exce\u00e7\u00f5es)<\/p>\n<p>Perfil de ester\u00f3ides:<br \/>\n&#8211; Atividade anab\u00f3lica 180%<br \/>\n-atividade androg\u00eanica 50%<br \/>\n-aromatiza\u00e7\u00e3o (convers\u00e3o em estrog\u00eanio)-N\u00e3o<br \/>\n-interrompendo a pr\u00f3pria produ\u00e7\u00e3o de testosterona-Sim<br \/>\n&#8211; toxicidade hep\u00e1tica &#8211; moderada<br \/>\n&#8211; per\u00edodo ativo &#8211; 16 horas<br \/>\n&#8211; o per\u00edodo de detec\u00e7\u00e3o do teste \u00e9 de 250 dias<\/p>\n<p>Este ester\u00f3ide tem um efeito duradouro.<br \/>\nO aumento da massa muscular e da for\u00e7a aparece gradativamente, mas tamb\u00e9m a qualidade muscular \u00e9 de qualidade superior segundo os atletas, em compara\u00e7\u00e3o com outros ester\u00f3ides orais.<br \/>\nComo falei, o turanabol n\u00e3o causa reten\u00e7\u00e3o h\u00eddrica e n\u00e3o causa ginecomastia. N\u00e3o \u00e9 aromatizado.<br \/>\nEstudos mostram que o turinabol reduz o risco de forma\u00e7\u00e3o de co\u00e1gulos sangu\u00edneos nos vasos sangu\u00edneos e no cora\u00e7\u00e3o.<\/p>\n<p>Tratamentos com Turinabol.<br \/>\nDurante os preparativos para as Olimp\u00edadas, a dosagem ideal foi escolhida com os efeitos colaterais reduzidos ao m\u00ednimo. Esta dosagem \u00e9 de 20-40 mg de Turanabol por dia, mas os fisiculturistas n\u00e3o levam em considera\u00e7\u00e3o essas dosagens e excedem em muito a dosagem atingindo 100-150 mg di\u00e1rios.<\/p>\n<p>Turinabol pode ser usado tanto para ciclos de crescimento muscular quanto para ciclos de defini\u00e7\u00e3o. Se o ciclo simples de turinabol n\u00e3o ultrapassar 6-8 semanas, ent\u00e3o o uso de pregnyl ou gonadotrofina n\u00e3o \u00e9 indicado como p\u00f3s-ciclo. Mas est\u00e1 indicado o uso de tamoxifeno.<\/p>\n<p>O tratamento simples com turinabol \u00e9 considerado o ciclo de ester\u00f3ides mais f\u00e1cil para iniciantes, com efeitos colaterais m\u00ednimos. Para o primeiro ciclo, ser\u00e3o utilizados 40 mg de turinabol diariamente durante 6 semanas.<\/p>\n<p>Enantato de testosterona Turinabol<br \/>\nUsaremos enantato de testosterona ou sustanon 250-500 mg por semana e 20-30 mg de turinabol. Para aumentar a for\u00e7a e a massa muscular.<\/p>\n<p>Boxeadores, atletas, lutadores e outros atletas que n\u00e3o est\u00e3o interessados \u200b\u200bem aumentar a massa muscular, mas desejam melhorar seus resultados de for\u00e7a e resist\u00eancia, utilizar\u00e3o uma dosagem menor de 10-20 mg de turinabol diariamente. Idealmente, seria dividido em 2 por\u00e7\u00f5es para manter o n\u00edvel da subst\u00e2ncia ativa no sangue ao longo do dia.<br \/>\nN\u00e3o faz sentido ser usado por quem passa no teste antidoping, porque o per\u00edodo de detec\u00e7\u00e3o \u00e9 extremamente longo. At\u00e9 250 dias.<\/p>\n<p>Efeitos colaterais:<br \/>\nTurinabol \u00e9 indicado apenas para homens<br \/>\nNas mulheres, causa espessamento da voz e crescimento de pelos faciais e outros efeitos androg\u00eanicos irrevers\u00edveis!<br \/>\nPara os homens, n\u00e3o \u00e9 recomendado ultrapassar o ciclo de 8 semanas.<br \/>\nSe o per\u00edodo for excedido, podem aparecer os seguintes efeitos colaterais:<br \/>\n\u2043 doen\u00e7as do f\u00edgado<br \/>\n\u2043 Doen\u00e7as da pr\u00f3stata<br \/>\n\u2043 Pele oleosa<br \/>\n\u2043 Ins\u00f4nia<br \/>\n\u2043 Agress\u00e3o<br \/>\n\u2043 Fechamento de segmentos \u00f3sseos (os jovens n\u00e3o crescem mais em altura)<br \/>\n\u2043 impot\u00eancia<\/p>\n<p>Esses efeitos colaterais foram encontrados em pessoas que excederam a dose recomendada e mantiveram os ciclos de turinabol entre 2 a 5 anos.<br \/>\nConsulte o seu m\u00e9dico antes de come\u00e7ar a usar Turanabol.<\/p>","protected":false},"excerpt":{"rendered":"<p>Turanabol \u00e9 um ester\u00f3ide oral com clorodehidrometiltestosterona como subst\u00e2ncia ativa. \u00c9 mais semelhante ao Danabol, mas comparado ao Danabol, possui<\/p>\n","protected":false},"featured_media":8915,"comment_status":"open","ping_status":"closed","template":"","meta":[],"product_brand":[],"product_cat":[73],"product_tag":[],"class_list":{"0":"post-8912","1":"product","2":"type-product","3":"status-publish","4":"has-post-thumbnail","6":"product_cat-ssteroides_orales","8":"first","9":"outofstock","10":"shipping-taxable","11":"purchasable","12":"product-type-simple"},"yoast_head":"<!-- This site is optimized with the Yoast SEO Premium plugin v24.4 (Yoast SEO v27.3) - https:\/\/yoast.com\/product\/yoast-seo-premium-wordpress\/ -->\n<title>DIATURABOL 10 mg \/ TURINABOL - Ester\u00f3ides Online<\/title>\n<meta name=\"robots\" content=\"index, follow, max-snippet:-1, max-image-preview:large, max-video-preview:-1\" \/>\n<link rel=\"canonical\" href=\"https:\/\/iberoid-shop.com\/pt\/product\/diaturabol-10-mg-turinabol-diamond-pharmagroup\/\" \/>\n<meta property=\"og:locale\" content=\"pt_PT\" \/>\n<meta property=\"og:type\" content=\"article\" \/>\n<meta property=\"og:title\" content=\"DIATURABOL 10 mg \/ TURINABOL\" \/>\n<meta property=\"og:description\" content=\"Turanabol \u00e9 um ester\u00f3ide oral com clorodehidrometiltestosterona como subst\u00e2ncia ativa. \u00c9 mais semelhante ao Danabol, mas comparado ao Danabol, possui\" \/>\n<meta property=\"og:url\" content=\"https:\/\/iberoid-shop.com\/pt\/product\/diaturabol-10-mg-turinabol-diamond-pharmagroup\/\" \/>\n<meta property=\"og:site_name\" content=\"Ester\u00f3ides Online\" \/>\n<meta property=\"article:modified_time\" content=\"2024-12-05T21:03:53+00:00\" \/>\n<meta property=\"og:image\" content=\"https:\/\/iberoid-shop.com\/wp-content\/uploads\/2023\/09\/diaturabol-10-2-1.png?v=1694784744\" \/>\n\t<meta property=\"og:image:width\" content=\"1250\" \/>\n\t<meta property=\"og:image:height\" content=\"1100\" \/>\n\t<meta property=\"og:image:type\" content=\"image\/png\" \/>\n<meta name=\"twitter:card\" content=\"summary_large_image\" \/>\n<meta name=\"twitter:label1\" content=\"pre\u00e7o\" \/>\n\t<meta name=\"twitter:data1\" content=\"&euro;45.00\" \/>\n\t<meta name=\"twitter:label2\" content=\"Disponibilidade\" \/>\n\t<meta name=\"twitter:data2\" content=\"Esgotado\" \/>\n<script type=\"application\/ld+json\" class=\"yoast-schema-graph\">{\"@context\":\"https:\\\/\\\/schema.org\",\"@graph\":[{\"@type\":\"WebPage\",\"@id\":\"https:\\\/\\\/iberoid-shop.com\\\/pt\\\/product\\\/diaturabol-10-mg-turinabol-diamond-pharmagroup\\\/\",\"url\":\"https:\\\/\\\/iberoid-shop.com\\\/pt\\\/product\\\/diaturabol-10-mg-turinabol-diamond-pharmagroup\\\/\",\"name\":\"DIATURABOL 10 mg \\\/ TURINABOL - Ester\u00f3ides Online\",\"isPartOf\":{\"@id\":\"https:\\\/\\\/iberoid-shop.com\\\/pt\\\/#website\"},\"primaryImageOfPage\":{\"@id\":\"https:\\\/\\\/iberoid-shop.com\\\/pt\\\/product\\\/diaturabol-10-mg-turinabol-diamond-pharmagroup\\\/#primaryimage\"},\"image\":{\"@id\":\"https:\\\/\\\/iberoid-shop.com\\\/pt\\\/product\\\/diaturabol-10-mg-turinabol-diamond-pharmagroup\\\/#primaryimage\"},\"thumbnailUrl\":\"https:\\\/\\\/iberoid-shop.com\\\/wp-content\\\/uploads\\\/2023\\\/09\\\/diaturabol-10-2-1.png?v=1694784744\",\"datePublished\":\"2023-09-15T13:34:30+00:00\",\"dateModified\":\"2024-12-05T21:03:53+00:00\",\"breadcrumb\":{\"@id\":\"https:\\\/\\\/iberoid-shop.com\\\/pt\\\/product\\\/diaturabol-10-mg-turinabol-diamond-pharmagroup\\\/#breadcrumb\"},\"inLanguage\":\"pt-PT\",\"potentialAction\":[{\"@type\":\"ReadAction\",\"target\":[[\"https:\\\/\\\/iberoid-shop.com\\\/pt\\\/product\\\/diaturabol-10-mg-turinabol-diamond-pharmagroup\\\/\"]]}]},{\"@type\":\"ImageObject\",\"inLanguage\":\"pt-PT\",\"@id\":\"https:\\\/\\\/iberoid-shop.com\\\/pt\\\/product\\\/diaturabol-10-mg-turinabol-diamond-pharmagroup\\\/#primaryimage\",\"url\":\"https:\\\/\\\/iberoid-shop.com\\\/wp-content\\\/uploads\\\/2023\\\/09\\\/diaturabol-10-2-1.png?v=1694784744\",\"contentUrl\":\"https:\\\/\\\/iberoid-shop.com\\\/wp-content\\\/uploads\\\/2023\\\/09\\\/diaturabol-10-2-1.png?v=1694784744\",\"width\":1250,\"height\":1100},{\"@type\":\"BreadcrumbList\",\"@id\":\"https:\\\/\\\/iberoid-shop.com\\\/pt\\\/product\\\/diaturabol-10-mg-turinabol-diamond-pharmagroup\\\/#breadcrumb\",\"itemListElement\":[{\"@type\":\"ListItem\",\"position\":1,\"name\":\"Portada\",\"item\":\"https:\\\/\\\/iberoid-shop.com\\\/pt\\\/\"},{\"@type\":\"ListItem\",\"position\":2,\"name\":\"Loja\",\"item\":\"https:\\\/\\\/iberoid-shop.com\\\/pt\\\/shop\\\/\"},{\"@type\":\"ListItem\",\"position\":3,\"name\":\"DIATURABOL 10 mg \\\/ TURINABOL\"}]},{\"@type\":\"WebSite\",\"@id\":\"https:\\\/\\\/iberoid-shop.com\\\/pt\\\/#website\",\"url\":\"https:\\\/\\\/iberoid-shop.com\\\/pt\\\/\",\"name\":\"Ester\u00f3ides Online\",\"description\":\"Compre ester\u00f3ides online hoje em Espanha e Portugal. Temos o melhor servi\u00e7o ao cliente do setor e produtos da mais alta qualidade\",\"potentialAction\":[{\"@type\":\"SearchAction\",\"target\":{\"@type\":\"EntryPoint\",\"urlTemplate\":\"https:\\\/\\\/iberoid-shop.com\\\/pt\\\/?s={search_term_string}\"},\"query-input\":{\"@type\":\"PropertyValueSpecification\",\"valueRequired\":true,\"valueName\":\"search_term_string\"}}],\"inLanguage\":\"pt-PT\"}]}<\/script>\n<meta property=\"product:brand\" content=\"Diamond Pharma\" \/>\n<meta property=\"product:price:amount\" content=\"45.00\" \/>\n<meta property=\"product:price:currency\" content=\"EUR\" \/>\n<meta property=\"og:availability\" content=\"out of stock\" \/>\n<meta property=\"product:availability\" content=\"out of stock\" \/>\n<meta property=\"product:condition\" content=\"new\" \/>\n<!-- \/ Yoast SEO Premium plugin. -->","yoast_head_json":{"title":"DIATURABOL 10 mg \/ TURINABOL - Ester\u00f3ides Online","robots":{"index":"index","follow":"follow","max-snippet":"max-snippet:-1","max-image-preview":"max-image-preview:large","max-video-preview":"max-video-preview:-1"},"canonical":"https:\/\/iberoid-shop.com\/pt\/product\/diaturabol-10-mg-turinabol-diamond-pharmagroup\/","og_locale":"pt_PT","og_type":"article","og_title":"DIATURABOL 10 mg \/ TURINABOL","og_description":"Turanabol \u00e9 um ester\u00f3ide oral com clorodehidrometiltestosterona como subst\u00e2ncia ativa. \u00c9 mais semelhante ao Danabol, mas comparado ao Danabol, possui","og_url":"https:\/\/iberoid-shop.com\/pt\/product\/diaturabol-10-mg-turinabol-diamond-pharmagroup\/","og_site_name":"Ester\u00f3ides Online","article_modified_time":"2024-12-05T21:03:53+00:00","og_image":[{"width":1250,"height":1100,"url":"https:\/\/iberoid-shop.com\/wp-content\/uploads\/2023\/09\/diaturabol-10-2-1.png?v=1694784744","type":"image\/png"}],"twitter_card":"summary_large_image","twitter_misc":{"pre\u00e7o":"&euro;45.00","Disponibilidade":"Esgotado"},"schema":{"@context":"https:\/\/schema.org","@graph":[{"@type":"WebPage","@id":"https:\/\/iberoid-shop.com\/pt\/product\/diaturabol-10-mg-turinabol-diamond-pharmagroup\/","url":"https:\/\/iberoid-shop.com\/pt\/product\/diaturabol-10-mg-turinabol-diamond-pharmagroup\/","name":"DIATURABOL 10 mg \/ TURINABOL - Ester\u00f3ides Online","isPartOf":{"@id":"https:\/\/iberoid-shop.com\/pt\/#website"},"primaryImageOfPage":{"@id":"https:\/\/iberoid-shop.com\/pt\/product\/diaturabol-10-mg-turinabol-diamond-pharmagroup\/#primaryimage"},"image":{"@id":"https:\/\/iberoid-shop.com\/pt\/product\/diaturabol-10-mg-turinabol-diamond-pharmagroup\/#primaryimage"},"thumbnailUrl":"https:\/\/iberoid-shop.com\/wp-content\/uploads\/2023\/09\/diaturabol-10-2-1.png?v=1694784744","datePublished":"2023-09-15T13:34:30+00:00","dateModified":"2024-12-05T21:03:53+00:00","breadcrumb":{"@id":"https:\/\/iberoid-shop.com\/pt\/product\/diaturabol-10-mg-turinabol-diamond-pharmagroup\/#breadcrumb"},"inLanguage":"pt-PT","potentialAction":[{"@type":"ReadAction","target":[["https:\/\/iberoid-shop.com\/pt\/product\/diaturabol-10-mg-turinabol-diamond-pharmagroup\/"]]}]},{"@type":"ImageObject","inLanguage":"pt-PT","@id":"https:\/\/iberoid-shop.com\/pt\/product\/diaturabol-10-mg-turinabol-diamond-pharmagroup\/#primaryimage","url":"https:\/\/iberoid-shop.com\/wp-content\/uploads\/2023\/09\/diaturabol-10-2-1.png?v=1694784744","contentUrl":"https:\/\/iberoid-shop.com\/wp-content\/uploads\/2023\/09\/diaturabol-10-2-1.png?v=1694784744","width":1250,"height":1100},{"@type":"BreadcrumbList","@id":"https:\/\/iberoid-shop.com\/pt\/product\/diaturabol-10-mg-turinabol-diamond-pharmagroup\/#breadcrumb","itemListElement":[{"@type":"ListItem","position":1,"name":"Portada","item":"https:\/\/iberoid-shop.com\/pt\/"},{"@type":"ListItem","position":2,"name":"Loja","item":"https:\/\/iberoid-shop.com\/pt\/shop\/"},{"@type":"ListItem","position":3,"name":"DIATURABOL 10 mg \/ TURINABOL"}]},{"@type":"WebSite","@id":"https:\/\/iberoid-shop.com\/pt\/#website","url":"https:\/\/iberoid-shop.com\/pt\/","name":"Ester\u00f3ides Online","description":"Compre ester\u00f3ides online hoje em Espanha e Portugal. Temos o melhor servi\u00e7o ao cliente do setor e produtos da mais alta qualidade","potentialAction":[{"@type":"SearchAction","target":{"@type":"EntryPoint","urlTemplate":"https:\/\/iberoid-shop.com\/pt\/?s={search_term_string}"},"query-input":{"@type":"PropertyValueSpecification","valueRequired":true,"valueName":"search_term_string"}}],"inLanguage":"pt-PT"}]},"product_brand":"Diamond Pharma","product_price_amount":"45.00","product_price_currency":"EUR","og_availability":"out of stock","product_availability":"out of stock","product_condition":"new"},"_links":{"self":[{"href":"https:\/\/iberoid-shop.com\/pt\/wp-json\/wp\/v2\/product\/8912","targetHints":{"allow":["GET"]}}],"collection":[{"href":"https:\/\/iberoid-shop.com\/pt\/wp-json\/wp\/v2\/product"}],"about":[{"href":"https:\/\/iberoid-shop.com\/pt\/wp-json\/wp\/v2\/types\/product"}],"replies":[{"embeddable":true,"href":"https:\/\/iberoid-shop.com\/pt\/wp-json\/wp\/v2\/comments?post=8912"}],"wp:featuredmedia":[{"embeddable":true,"href":"https:\/\/iberoid-shop.com\/pt\/wp-json\/wp\/v2\/media\/8915"}],"wp:attachment":[{"href":"https:\/\/iberoid-shop.com\/pt\/wp-json\/wp\/v2\/media?parent=8912"}],"wp:term":[{"taxonomy":"product_brand","embeddable":true,"href":"https:\/\/iberoid-shop.com\/pt\/wp-json\/wp\/v2\/product_brand?post=8912"},{"taxonomy":"product_cat","embeddable":true,"href":"https:\/\/iberoid-shop.com\/pt\/wp-json\/wp\/v2\/product_cat?post=8912"},{"taxonomy":"product_tag","embeddable":true,"href":"https:\/\/iberoid-shop.com\/pt\/wp-json\/wp\/v2\/product_tag?post=8912"}],"curies":[{"name":"wp","href":"https:\/\/api.w.org\/{rel}","templated":true}]}}