{"id":8831,"date":"2023-08-18T13:54:51","date_gmt":"2023-08-18T13:54:51","guid":{"rendered":"https:\/\/iberoid-shop.com\/?post_type=product&#038;p=8831"},"modified":"2026-02-08T12:10:28","modified_gmt":"2026-02-08T12:10:28","slug":"testoged-ppremium-testosteron-propionate-epf","status":"publish","type":"product","link":"https:\/\/iberoid-shop.com\/pt\/product\/testoged-ppremium-testosteron-propionate-epf\/","title":{"rendered":"TESTOGED P premium \/ TESTOSTERON PROPIONATE"},"content":{"rendered":"<p>A subst\u00e2ncia ativa do frasco Golden Dragon Testoged P 10ml \u00e9 o Propionato de Testosterona. A droga estava no in\u00edcio da cria\u00e7\u00e3o dos ester\u00f3ides androg\u00eanicos. Um grande n\u00famero de atletas apreciou a efic\u00e1cia do Testoged P no r\u00e1pido crescimento de tamanho e pot\u00eancia, e voc\u00ea pode ser uma dessas pessoas! omparando com o resto dos ester\u00f3ides injet\u00e1veis, onde outros tipos de testosterona s\u00e3o usados, o Testoged P est\u00e1 funcionando muito r\u00e1pido. Isso significa que a vida ativa da droga no organismo do usu\u00e1rio, ap\u00f3s a aplica\u00e7\u00e3o da inje\u00e7\u00e3o, durar\u00e1 um dia inteiro. As fun\u00e7\u00f5es androg\u00eanicas e anab\u00f3licas da droga s\u00e3o igualmente produtivas. Ao tomar este medicamento durante o per\u00edodo de corte, a massa muscular certamente permanecer\u00e1.<\/p>\n<p>A administra\u00e7\u00e3o de Golden Dragon Testoged P 10ml estimula a reten\u00e7\u00e3o de azoto nos tecidos do corpo e tamb\u00e9m apoia a s\u00edntese de prote\u00ednas. A droga tamb\u00e9m \u00e9 \u00fatil no apoio ao fluxo sangu\u00edneo para a musculatura e no desenvolvimento de novas fibras musculares. Para o not\u00e1vel aumento do tamanho muscular, a droga pode ser combinada com Nandrolona, Winstrol ou Methandienona. Para evitar efeitos adversos estrog\u00eanicos, o medicamento geralmente \u00e9 combinado com Proviron ou Tamoxifeno.<\/p>\n<p>Dosagem<\/p>\n<p>A dosagem habitual para homens \u00e9 de 50 a 200 mg por dia; a dosagem di\u00e1ria feminina deve ser muito menor \u2013 de 25 a 50 mg. O funcionamento ativo do propionato de testosterona \u00e9 alcan\u00e7ado muito mais rapidamente em compara\u00e7\u00e3o com as testosteronas Cipionato e Enatato. Os atletas experientes preferem essa caracter\u00edstica espec\u00edfica do Testoged P. Golden Dragon Testoged P \u00e9 eficaz por cerca de dois dias, ap\u00f3s a administra\u00e7\u00e3o da dose de 50 mg. Embora, por exemplo, a ingest\u00e3o de enantato de testosterona apresente aumento do \u00edndice de testosterona em at\u00e9 14 dias, a peculiaridade ben\u00e9fica do Propionato de Testosterona est\u00e1 na sua r\u00e1pida limpeza do organismo do usu\u00e1rio. Esta caracter\u00edstica torna necess\u00e1rio tomar o medicamento com mais frequ\u00eancia do que as outras testosteronas (para ser mais preciso, uma vez por dia ou uma vez por dois dias).<\/p>\n<p>A maioria dos ciclos de ester\u00f3ides \u00e9 baseada na testosterona. Gra\u00e7as \u00e0s suas caracter\u00edsticas, a pot\u00eancia e o tamanho da musculatura do atleta s\u00e3o efetivamente aumentados.<\/p>\n<p>Efeitos colaterais<\/p>\n<p>Como o per\u00edodo de funcionamento ativo do Propionato de Testosterona \u00e9 mais curto, do que o per\u00edodo de Cipionato ou Enantato, o n\u00famero de poss\u00edveis efeitos negativos \u00e9 menor. Em qualquer caso, existe sempre a probabilidade de surgirem efeitos secund\u00e1rios, quando se toma uma dose superior \u00e0 permitida, ou quando o utilizador est\u00e1 predisposto a manifesta\u00e7\u00f5es de efeitos nocivos. Para evitar ao m\u00e1ximo os efeitos indesejados causados pelo estrog\u00eanio, ser\u00e1 necess\u00e1ria a adi\u00e7\u00e3o de prepara\u00e7\u00f5es antiestrog\u00eanicas. Os exemplos de medicamentos mais adequados s\u00e3o Anastrozol, Proviron e Tamoxifeno. Os efeitos negativos do Testoged P s\u00e3o os seguintes: espinhas, calv\u00edcie, escoria\u00e7\u00f5es e inflama\u00e7\u00e3o do local da inje\u00e7\u00e3o, crescimento acelerado de pelos no corpo. A hipertens\u00e3o arterial \u00e9 um efeito bastante raro da administra\u00e7\u00e3o de propionato de testosterona. Devido ao s\u00e9rio efeito de masculiniza\u00e7\u00e3o da droga, \u00e9 melhor para as atletas evitar o uso de Testoged P. Ao utilizar doses demasiado elevadas, a aromatiza\u00e7\u00e3o pode ocorrer.<\/p>","protected":false},"excerpt":{"rendered":"<p>A subst\u00e2ncia ativa do frasco Golden Dragon Testoged P 10ml \u00e9 o Propionato de Testosterona. A droga estava no in\u00edcio<\/p>\n","protected":false},"featured_media":8833,"comment_status":"open","ping_status":"closed","template":"","meta":[],"product_brand":[],"product_cat":[69],"product_tag":[],"class_list":{"0":"post-8831","1":"product","2":"type-product","3":"status-publish","4":"has-post-thumbnail","6":"product_cat-esteroides_inyectables","8":"first","9":"instock","10":"sale","11":"shipping-taxable","12":"purchasable","13":"product-type-simple"},"yoast_head":"<!-- This site is optimized with the Yoast SEO Premium plugin v24.4 (Yoast SEO v27.0) - https:\/\/yoast.com\/product\/yoast-seo-premium-wordpress\/ -->\n<title>TESTOGED P premium \/ TESTOSTERON PROPIONATE - Ester\u00f3ides Online<\/title>\n<meta name=\"description\" content=\"TESTOGED P (Propionato de Testosterona) \u00e9 um esteroide de a\u00e7\u00e3o r\u00e1pida que promove crescimento muscular, for\u00e7a e reten\u00e7\u00e3o de nitrog\u00eanio.\" \/>\n<meta name=\"robots\" content=\"index, follow, max-snippet:-1, max-image-preview:large, max-video-preview:-1\" \/>\n<link rel=\"canonical\" href=\"https:\/\/iberoid-shop.com\/pt\/product\/testoged-ppremium-testosteron-propionate-epf\/\" \/>\n<meta property=\"og:locale\" content=\"pt_PT\" \/>\n<meta property=\"og:type\" content=\"article\" \/>\n<meta property=\"og:title\" content=\"TESTOGED P premium \/ TESTOSTERON PROPIONATE\" \/>\n<meta property=\"og:description\" content=\"TESTOGED P (Propionato de Testosterona) \u00e9 um esteroide de a\u00e7\u00e3o r\u00e1pida que promove crescimento muscular, for\u00e7a e reten\u00e7\u00e3o de nitrog\u00eanio.\" \/>\n<meta property=\"og:url\" content=\"https:\/\/iberoid-shop.com\/pt\/product\/testoged-ppremium-testosteron-propionate-epf\/\" \/>\n<meta property=\"og:site_name\" content=\"Ester\u00f3ides Online\" \/>\n<meta property=\"article:modified_time\" content=\"2026-02-08T12:10:28+00:00\" \/>\n<meta property=\"og:image\" content=\"https:\/\/iberoid-shop.com\/wp-content\/uploads\/2023\/08\/0f2ab18d1cf611e99f0c60eb6924318f_0f2ab18e1cf611e99f0c60eb6924318f.jpg?v=1692366799\" \/>\n\t<meta property=\"og:image:width\" content=\"964\" \/>\n\t<meta property=\"og:image:height\" content=\"1024\" \/>\n\t<meta property=\"og:image:type\" content=\"image\/jpeg\" \/>\n<meta name=\"twitter:card\" content=\"summary_large_image\" \/>\n<meta name=\"twitter:label1\" content=\"pre\u00e7o\" \/>\n\t<meta name=\"twitter:data1\" content=\"&euro;35.00\" \/>\n\t<meta name=\"twitter:label2\" content=\"Disponibilidade\" \/>\n\t<meta name=\"twitter:data2\" content=\"Em stock\" \/>\n<script type=\"application\/ld+json\" class=\"yoast-schema-graph\">{\"@context\":\"https:\/\/schema.org\",\"@graph\":[{\"@type\":\"WebPage\",\"@id\":\"https:\/\/iberoid-shop.com\/pt\/product\/testoged-ppremium-testosteron-propionate-epf\/\",\"url\":\"https:\/\/iberoid-shop.com\/pt\/product\/testoged-ppremium-testosteron-propionate-epf\/\",\"name\":\"TESTOGED P premium \/ TESTOSTERON PROPIONATE - Ester\u00f3ides Online\",\"isPartOf\":{\"@id\":\"https:\/\/iberoid-shop.com\/pt\/#website\"},\"primaryImageOfPage\":{\"@id\":\"https:\/\/iberoid-shop.com\/pt\/product\/testoged-ppremium-testosteron-propionate-epf\/#primaryimage\"},\"image\":{\"@id\":\"https:\/\/iberoid-shop.com\/pt\/product\/testoged-ppremium-testosteron-propionate-epf\/#primaryimage\"},\"thumbnailUrl\":\"https:\/\/iberoid-shop.com\/wp-content\/uploads\/2023\/08\/0f2ab18d1cf611e99f0c60eb6924318f_0f2ab18e1cf611e99f0c60eb6924318f.jpg?v=1692366799\",\"datePublished\":\"2023-08-18T13:54:51+00:00\",\"dateModified\":\"2026-02-08T12:10:28+00:00\",\"description\":\"TESTOGED P (Propionato de Testosterona) \u00e9 um esteroide de a\u00e7\u00e3o r\u00e1pida que promove crescimento muscular, for\u00e7a e reten\u00e7\u00e3o de nitrog\u00eanio.\",\"breadcrumb\":{\"@id\":\"https:\/\/iberoid-shop.com\/pt\/product\/testoged-ppremium-testosteron-propionate-epf\/#breadcrumb\"},\"inLanguage\":\"pt-PT\",\"potentialAction\":[{\"@type\":\"ReadAction\",\"target\":[[\"https:\/\/iberoid-shop.com\/pt\/product\/testoged-ppremium-testosteron-propionate-epf\/\"]]}]},{\"@type\":\"ImageObject\",\"inLanguage\":\"pt-PT\",\"@id\":\"https:\/\/iberoid-shop.com\/pt\/product\/testoged-ppremium-testosteron-propionate-epf\/#primaryimage\",\"url\":\"https:\/\/iberoid-shop.com\/wp-content\/uploads\/2023\/08\/0f2ab18d1cf611e99f0c60eb6924318f_0f2ab18e1cf611e99f0c60eb6924318f.jpg?v=1692366799\",\"contentUrl\":\"https:\/\/iberoid-shop.com\/wp-content\/uploads\/2023\/08\/0f2ab18d1cf611e99f0c60eb6924318f_0f2ab18e1cf611e99f0c60eb6924318f.jpg?v=1692366799\",\"width\":964,\"height\":1024},{\"@type\":\"BreadcrumbList\",\"@id\":\"https:\/\/iberoid-shop.com\/pt\/product\/testoged-ppremium-testosteron-propionate-epf\/#breadcrumb\",\"itemListElement\":[{\"@type\":\"ListItem\",\"position\":1,\"name\":\"Portada\",\"item\":\"https:\/\/iberoid-shop.com\/pt\/\"},{\"@type\":\"ListItem\",\"position\":2,\"name\":\"Loja\",\"item\":\"https:\/\/iberoid-shop.com\/pt\/shop\/\"},{\"@type\":\"ListItem\",\"position\":3,\"name\":\"TESTOGED P premium \/ TESTOSTERON PROPIONATE\"}]},{\"@type\":\"WebSite\",\"@id\":\"https:\/\/iberoid-shop.com\/pt\/#website\",\"url\":\"https:\/\/iberoid-shop.com\/pt\/\",\"name\":\"Ester\u00f3ides Online\",\"description\":\"Compre ester\u00f3ides online hoje em Espanha e Portugal. Temos o melhor servi\u00e7o ao cliente do setor e produtos da mais alta qualidade\",\"potentialAction\":[{\"@type\":\"SearchAction\",\"target\":{\"@type\":\"EntryPoint\",\"urlTemplate\":\"https:\/\/iberoid-shop.com\/pt\/?s={search_term_string}\"},\"query-input\":{\"@type\":\"PropertyValueSpecification\",\"valueRequired\":true,\"valueName\":\"search_term_string\"}}],\"inLanguage\":\"pt-PT\"}]}<\/script>\n<meta property=\"product:brand\" content=\"Euro Prime Pharmaceuticals (EPF)\" \/>\n<meta property=\"product:price:amount\" content=\"35.00\" \/>\n<meta property=\"product:price:currency\" content=\"EUR\" \/>\n<meta property=\"og:availability\" content=\"instock\" \/>\n<meta property=\"product:availability\" content=\"instock\" \/>\n<meta property=\"product:condition\" content=\"new\" \/>\n<!-- \/ Yoast SEO Premium plugin. -->","yoast_head_json":{"title":"TESTOGED P premium \/ TESTOSTERON PROPIONATE - Ester\u00f3ides Online","description":"TESTOGED P (Propionato de Testosterona) \u00e9 um esteroide de a\u00e7\u00e3o r\u00e1pida que promove crescimento muscular, for\u00e7a e reten\u00e7\u00e3o de nitrog\u00eanio.","robots":{"index":"index","follow":"follow","max-snippet":"max-snippet:-1","max-image-preview":"max-image-preview:large","max-video-preview":"max-video-preview:-1"},"canonical":"https:\/\/iberoid-shop.com\/pt\/product\/testoged-ppremium-testosteron-propionate-epf\/","og_locale":"pt_PT","og_type":"article","og_title":"TESTOGED P premium \/ TESTOSTERON PROPIONATE","og_description":"TESTOGED P (Propionato de Testosterona) \u00e9 um esteroide de a\u00e7\u00e3o r\u00e1pida que promove crescimento muscular, for\u00e7a e reten\u00e7\u00e3o de nitrog\u00eanio.","og_url":"https:\/\/iberoid-shop.com\/pt\/product\/testoged-ppremium-testosteron-propionate-epf\/","og_site_name":"Ester\u00f3ides Online","article_modified_time":"2026-02-08T12:10:28+00:00","og_image":[{"width":964,"height":1024,"url":"https:\/\/iberoid-shop.com\/wp-content\/uploads\/2023\/08\/0f2ab18d1cf611e99f0c60eb6924318f_0f2ab18e1cf611e99f0c60eb6924318f.jpg?v=1692366799","type":"image\/jpeg"}],"twitter_card":"summary_large_image","twitter_misc":{"pre\u00e7o":"&euro;35.00","Disponibilidade":"Em stock"},"schema":{"@context":"https:\/\/schema.org","@graph":[{"@type":"WebPage","@id":"https:\/\/iberoid-shop.com\/pt\/product\/testoged-ppremium-testosteron-propionate-epf\/","url":"https:\/\/iberoid-shop.com\/pt\/product\/testoged-ppremium-testosteron-propionate-epf\/","name":"TESTOGED P premium \/ TESTOSTERON PROPIONATE - Ester\u00f3ides Online","isPartOf":{"@id":"https:\/\/iberoid-shop.com\/pt\/#website"},"primaryImageOfPage":{"@id":"https:\/\/iberoid-shop.com\/pt\/product\/testoged-ppremium-testosteron-propionate-epf\/#primaryimage"},"image":{"@id":"https:\/\/iberoid-shop.com\/pt\/product\/testoged-ppremium-testosteron-propionate-epf\/#primaryimage"},"thumbnailUrl":"https:\/\/iberoid-shop.com\/wp-content\/uploads\/2023\/08\/0f2ab18d1cf611e99f0c60eb6924318f_0f2ab18e1cf611e99f0c60eb6924318f.jpg?v=1692366799","datePublished":"2023-08-18T13:54:51+00:00","dateModified":"2026-02-08T12:10:28+00:00","description":"TESTOGED P (Propionato de Testosterona) \u00e9 um esteroide de a\u00e7\u00e3o r\u00e1pida que promove crescimento muscular, for\u00e7a e reten\u00e7\u00e3o de nitrog\u00eanio.","breadcrumb":{"@id":"https:\/\/iberoid-shop.com\/pt\/product\/testoged-ppremium-testosteron-propionate-epf\/#breadcrumb"},"inLanguage":"pt-PT","potentialAction":[{"@type":"ReadAction","target":[["https:\/\/iberoid-shop.com\/pt\/product\/testoged-ppremium-testosteron-propionate-epf\/"]]}]},{"@type":"ImageObject","inLanguage":"pt-PT","@id":"https:\/\/iberoid-shop.com\/pt\/product\/testoged-ppremium-testosteron-propionate-epf\/#primaryimage","url":"https:\/\/iberoid-shop.com\/wp-content\/uploads\/2023\/08\/0f2ab18d1cf611e99f0c60eb6924318f_0f2ab18e1cf611e99f0c60eb6924318f.jpg?v=1692366799","contentUrl":"https:\/\/iberoid-shop.com\/wp-content\/uploads\/2023\/08\/0f2ab18d1cf611e99f0c60eb6924318f_0f2ab18e1cf611e99f0c60eb6924318f.jpg?v=1692366799","width":964,"height":1024},{"@type":"BreadcrumbList","@id":"https:\/\/iberoid-shop.com\/pt\/product\/testoged-ppremium-testosteron-propionate-epf\/#breadcrumb","itemListElement":[{"@type":"ListItem","position":1,"name":"Portada","item":"https:\/\/iberoid-shop.com\/pt\/"},{"@type":"ListItem","position":2,"name":"Loja","item":"https:\/\/iberoid-shop.com\/pt\/shop\/"},{"@type":"ListItem","position":3,"name":"TESTOGED P premium \/ TESTOSTERON PROPIONATE"}]},{"@type":"WebSite","@id":"https:\/\/iberoid-shop.com\/pt\/#website","url":"https:\/\/iberoid-shop.com\/pt\/","name":"Ester\u00f3ides Online","description":"Compre ester\u00f3ides online hoje em Espanha e Portugal. Temos o melhor servi\u00e7o ao cliente do setor e produtos da mais alta qualidade","potentialAction":[{"@type":"SearchAction","target":{"@type":"EntryPoint","urlTemplate":"https:\/\/iberoid-shop.com\/pt\/?s={search_term_string}"},"query-input":{"@type":"PropertyValueSpecification","valueRequired":true,"valueName":"search_term_string"}}],"inLanguage":"pt-PT"}]},"product_brand":"Euro Prime Pharmaceuticals (EPF)","product_price_amount":"35.00","product_price_currency":"EUR","og_availability":"instock","product_availability":"instock","product_condition":"new"},"_links":{"self":[{"href":"https:\/\/iberoid-shop.com\/pt\/wp-json\/wp\/v2\/product\/8831","targetHints":{"allow":["GET"]}}],"collection":[{"href":"https:\/\/iberoid-shop.com\/pt\/wp-json\/wp\/v2\/product"}],"about":[{"href":"https:\/\/iberoid-shop.com\/pt\/wp-json\/wp\/v2\/types\/product"}],"replies":[{"embeddable":true,"href":"https:\/\/iberoid-shop.com\/pt\/wp-json\/wp\/v2\/comments?post=8831"}],"wp:featuredmedia":[{"embeddable":true,"href":"https:\/\/iberoid-shop.com\/pt\/wp-json\/wp\/v2\/media\/8833"}],"wp:attachment":[{"href":"https:\/\/iberoid-shop.com\/pt\/wp-json\/wp\/v2\/media?parent=8831"}],"wp:term":[{"taxonomy":"product_brand","embeddable":true,"href":"https:\/\/iberoid-shop.com\/pt\/wp-json\/wp\/v2\/product_brand?post=8831"},{"taxonomy":"product_cat","embeddable":true,"href":"https:\/\/iberoid-shop.com\/pt\/wp-json\/wp\/v2\/product_cat?post=8831"},{"taxonomy":"product_tag","embeddable":true,"href":"https:\/\/iberoid-shop.com\/pt\/wp-json\/wp\/v2\/product_tag?post=8831"}],"curies":[{"name":"wp","href":"https:\/\/api.w.org\/{rel}","templated":true}]}}