{"id":8820,"date":"2023-08-14T21:53:18","date_gmt":"2023-08-14T21:53:18","guid":{"rendered":"https:\/\/iberoid-shop.com\/?post_type=product&#038;p=8820"},"modified":"2026-02-09T18:04:31","modified_gmt":"2026-02-09T18:04:31","slug":"pack3turinabol","status":"publish","type":"product","link":"https:\/\/iberoid-shop.com\/pt\/product\/pack3turinabol\/","title":{"rendered":"PACK3 TURINABOL 100 tabs"},"content":{"rendered":"<p>Turinabol (abreviadamente Tbol) \u00e9 a marca do ester\u00f3ide anabolizante Clorodehidrometiltestosterona, que voc\u00ea pode comprar na forma de comprimidos orais. Al\u00e9m disso, algumas marcas podem oferec\u00ea-lo com o nome de Turanabol. Acima de tudo, este ester\u00f3ide ajuda a desenvolver m\u00fasculos densos. Portanto, os fisiculturistas costumam comprar Tbol para ciclos de ganho muscular.<\/p>\n<p>As caracter\u00edsticas de 10 mg Tbol:<br \/>\num aumento significativo na massa muscular magra e tensa;<br \/>\num melhor al\u00edvio muscular;<br \/>\nsem crescimento de peso corporal;<br \/>\nnenhum efeito de reten\u00e7\u00e3o de \u00e1gua;<br \/>\num aumento na for\u00e7a e resist\u00eancia.<br \/>\nA dosagem e administra\u00e7\u00e3o<\/p>\n<p>Em primeiro lugar, a dosagem de Turinabol depende do sexo. Atletas masculinos tomam 20-50mg diariamente, fisiculturistas mulheres &#8211; 2,5-10mg. A maioria dos especialistas recomenda us\u00e1-lo por 6 a 8 semanas. Al\u00e9m disso, seu m\u00e9dico provavelmente ir\u00e1 prescrever o PCT. Para esclarecer, voc\u00ea precisar\u00e1 dele para normalizar a produ\u00e7\u00e3o de testosterona natural e preservar os resultados do ciclo.<\/p>\n<p>Empilhamento com Tbol<\/p>\n<p>Na muscula\u00e7\u00e3o, Turinabol \u00e9 frequentemente combinado com outros ester\u00f3ides, por exemplo, testosterona ou Winstrol.<\/p>","protected":false},"excerpt":{"rendered":"<p>Turinabol (abreviadamente Tbol) \u00e9 a marca do ester\u00f3ide anabolizante Clorodehidrometiltestosterona, que voc\u00ea pode comprar na forma de comprimidos orais. Al\u00e9m<\/p>\n","protected":false},"featured_media":8822,"comment_status":"open","ping_status":"closed","template":"","meta":[],"product_brand":[],"product_cat":[73,3474],"product_tag":[],"class_list":{"0":"post-8820","1":"product","2":"type-product","3":"status-publish","4":"has-post-thumbnail","6":"product_cat-ssteroides_orales","7":"product_cat-packs","9":"first","10":"instock","11":"sale","12":"shipping-taxable","13":"purchasable","14":"product-type-simple"},"yoast_head":"<!-- This site is optimized with the Yoast SEO Premium plugin v24.4 (Yoast SEO v27.0) - https:\/\/yoast.com\/product\/yoast-seo-premium-wordpress\/ -->\n<title>PACK3 TURINABOL 100 tabs - Ester\u00f3ides Online<\/title>\n<meta name=\"robots\" content=\"index, follow, max-snippet:-1, max-image-preview:large, max-video-preview:-1\" \/>\n<link rel=\"canonical\" href=\"https:\/\/iberoid-shop.com\/pt\/product\/pack3turinabol\/\" \/>\n<meta property=\"og:locale\" content=\"pt_PT\" \/>\n<meta property=\"og:type\" content=\"article\" \/>\n<meta property=\"og:title\" content=\"PACK3 TURINABOL 100 tabs\" \/>\n<meta property=\"og:description\" content=\"Turinabol (abreviadamente Tbol) \u00e9 a marca do ester\u00f3ide anabolizante Clorodehidrometiltestosterona, que voc\u00ea pode comprar na forma de comprimidos orais. Al\u00e9m\" \/>\n<meta property=\"og:url\" content=\"https:\/\/iberoid-shop.com\/pt\/product\/pack3turinabol\/\" \/>\n<meta property=\"og:site_name\" content=\"Ester\u00f3ides Online\" \/>\n<meta property=\"article:modified_time\" content=\"2026-02-09T18:04:31+00:00\" \/>\n<meta property=\"og:image\" content=\"https:\/\/iberoid-shop.com\/wp-content\/uploads\/2023\/08\/image_6483441-3.jpg?v=1692049969\" \/>\n\t<meta property=\"og:image:width\" content=\"1023\" \/>\n\t<meta property=\"og:image:height\" content=\"776\" \/>\n\t<meta property=\"og:image:type\" content=\"image\/jpeg\" \/>\n<meta name=\"twitter:card\" content=\"summary_large_image\" \/>\n<meta name=\"twitter:label1\" content=\"pre\u00e7o\" \/>\n\t<meta name=\"twitter:data1\" content=\"&euro;75.00\" \/>\n\t<meta name=\"twitter:label2\" content=\"Disponibilidade\" \/>\n\t<meta name=\"twitter:data2\" content=\"Em stock\" \/>\n<script type=\"application\/ld+json\" class=\"yoast-schema-graph\">{\"@context\":\"https:\/\/schema.org\",\"@graph\":[{\"@type\":\"WebPage\",\"@id\":\"https:\/\/iberoid-shop.com\/pt\/product\/pack3turinabol\/\",\"url\":\"https:\/\/iberoid-shop.com\/pt\/product\/pack3turinabol\/\",\"name\":\"PACK3 TURINABOL 100 tabs - Ester\u00f3ides Online\",\"isPartOf\":{\"@id\":\"https:\/\/iberoid-shop.com\/pt\/#website\"},\"primaryImageOfPage\":{\"@id\":\"https:\/\/iberoid-shop.com\/pt\/product\/pack3turinabol\/#primaryimage\"},\"image\":{\"@id\":\"https:\/\/iberoid-shop.com\/pt\/product\/pack3turinabol\/#primaryimage\"},\"thumbnailUrl\":\"https:\/\/iberoid-shop.com\/wp-content\/uploads\/2023\/08\/image_6483441-3.jpg?v=1692049969\",\"datePublished\":\"2023-08-14T21:53:18+00:00\",\"dateModified\":\"2026-02-09T18:04:31+00:00\",\"breadcrumb\":{\"@id\":\"https:\/\/iberoid-shop.com\/pt\/product\/pack3turinabol\/#breadcrumb\"},\"inLanguage\":\"pt-PT\",\"potentialAction\":[{\"@type\":\"ReadAction\",\"target\":[[\"https:\/\/iberoid-shop.com\/pt\/product\/pack3turinabol\/\"]]}]},{\"@type\":\"ImageObject\",\"inLanguage\":\"pt-PT\",\"@id\":\"https:\/\/iberoid-shop.com\/pt\/product\/pack3turinabol\/#primaryimage\",\"url\":\"https:\/\/iberoid-shop.com\/wp-content\/uploads\/2023\/08\/image_6483441-3.jpg?v=1692049969\",\"contentUrl\":\"https:\/\/iberoid-shop.com\/wp-content\/uploads\/2023\/08\/image_6483441-3.jpg?v=1692049969\",\"width\":1023,\"height\":776},{\"@type\":\"BreadcrumbList\",\"@id\":\"https:\/\/iberoid-shop.com\/pt\/product\/pack3turinabol\/#breadcrumb\",\"itemListElement\":[{\"@type\":\"ListItem\",\"position\":1,\"name\":\"Portada\",\"item\":\"https:\/\/iberoid-shop.com\/pt\/\"},{\"@type\":\"ListItem\",\"position\":2,\"name\":\"Loja\",\"item\":\"https:\/\/iberoid-shop.com\/pt\/shop\/\"},{\"@type\":\"ListItem\",\"position\":3,\"name\":\"PACK3 TURINABOL 100 tabs\"}]},{\"@type\":\"WebSite\",\"@id\":\"https:\/\/iberoid-shop.com\/pt\/#website\",\"url\":\"https:\/\/iberoid-shop.com\/pt\/\",\"name\":\"Ester\u00f3ides Online\",\"description\":\"Compre ester\u00f3ides online hoje em Espanha e Portugal. Temos o melhor servi\u00e7o ao cliente do setor e produtos da mais alta qualidade\",\"potentialAction\":[{\"@type\":\"SearchAction\",\"target\":{\"@type\":\"EntryPoint\",\"urlTemplate\":\"https:\/\/iberoid-shop.com\/pt\/?s={search_term_string}\"},\"query-input\":{\"@type\":\"PropertyValueSpecification\",\"valueRequired\":true,\"valueName\":\"search_term_string\"}}],\"inLanguage\":\"pt-PT\"}]}<\/script>\n<meta property=\"product:brand\" content=\"Pharmabol\" \/>\n<meta property=\"product:price:amount\" content=\"75.00\" \/>\n<meta property=\"product:price:currency\" content=\"EUR\" \/>\n<meta property=\"og:availability\" content=\"instock\" \/>\n<meta property=\"product:availability\" content=\"instock\" \/>\n<meta property=\"product:condition\" content=\"new\" \/>\n<!-- \/ Yoast SEO Premium plugin. -->","yoast_head_json":{"title":"PACK3 TURINABOL 100 tabs - Ester\u00f3ides Online","robots":{"index":"index","follow":"follow","max-snippet":"max-snippet:-1","max-image-preview":"max-image-preview:large","max-video-preview":"max-video-preview:-1"},"canonical":"https:\/\/iberoid-shop.com\/pt\/product\/pack3turinabol\/","og_locale":"pt_PT","og_type":"article","og_title":"PACK3 TURINABOL 100 tabs","og_description":"Turinabol (abreviadamente Tbol) \u00e9 a marca do ester\u00f3ide anabolizante Clorodehidrometiltestosterona, que voc\u00ea pode comprar na forma de comprimidos orais. Al\u00e9m","og_url":"https:\/\/iberoid-shop.com\/pt\/product\/pack3turinabol\/","og_site_name":"Ester\u00f3ides Online","article_modified_time":"2026-02-09T18:04:31+00:00","og_image":[{"width":1023,"height":776,"url":"https:\/\/iberoid-shop.com\/wp-content\/uploads\/2023\/08\/image_6483441-3.jpg?v=1692049969","type":"image\/jpeg"}],"twitter_card":"summary_large_image","twitter_misc":{"pre\u00e7o":"&euro;75.00","Disponibilidade":"Em stock"},"schema":{"@context":"https:\/\/schema.org","@graph":[{"@type":"WebPage","@id":"https:\/\/iberoid-shop.com\/pt\/product\/pack3turinabol\/","url":"https:\/\/iberoid-shop.com\/pt\/product\/pack3turinabol\/","name":"PACK3 TURINABOL 100 tabs - Ester\u00f3ides Online","isPartOf":{"@id":"https:\/\/iberoid-shop.com\/pt\/#website"},"primaryImageOfPage":{"@id":"https:\/\/iberoid-shop.com\/pt\/product\/pack3turinabol\/#primaryimage"},"image":{"@id":"https:\/\/iberoid-shop.com\/pt\/product\/pack3turinabol\/#primaryimage"},"thumbnailUrl":"https:\/\/iberoid-shop.com\/wp-content\/uploads\/2023\/08\/image_6483441-3.jpg?v=1692049969","datePublished":"2023-08-14T21:53:18+00:00","dateModified":"2026-02-09T18:04:31+00:00","breadcrumb":{"@id":"https:\/\/iberoid-shop.com\/pt\/product\/pack3turinabol\/#breadcrumb"},"inLanguage":"pt-PT","potentialAction":[{"@type":"ReadAction","target":[["https:\/\/iberoid-shop.com\/pt\/product\/pack3turinabol\/"]]}]},{"@type":"ImageObject","inLanguage":"pt-PT","@id":"https:\/\/iberoid-shop.com\/pt\/product\/pack3turinabol\/#primaryimage","url":"https:\/\/iberoid-shop.com\/wp-content\/uploads\/2023\/08\/image_6483441-3.jpg?v=1692049969","contentUrl":"https:\/\/iberoid-shop.com\/wp-content\/uploads\/2023\/08\/image_6483441-3.jpg?v=1692049969","width":1023,"height":776},{"@type":"BreadcrumbList","@id":"https:\/\/iberoid-shop.com\/pt\/product\/pack3turinabol\/#breadcrumb","itemListElement":[{"@type":"ListItem","position":1,"name":"Portada","item":"https:\/\/iberoid-shop.com\/pt\/"},{"@type":"ListItem","position":2,"name":"Loja","item":"https:\/\/iberoid-shop.com\/pt\/shop\/"},{"@type":"ListItem","position":3,"name":"PACK3 TURINABOL 100 tabs"}]},{"@type":"WebSite","@id":"https:\/\/iberoid-shop.com\/pt\/#website","url":"https:\/\/iberoid-shop.com\/pt\/","name":"Ester\u00f3ides Online","description":"Compre ester\u00f3ides online hoje em Espanha e Portugal. Temos o melhor servi\u00e7o ao cliente do setor e produtos da mais alta qualidade","potentialAction":[{"@type":"SearchAction","target":{"@type":"EntryPoint","urlTemplate":"https:\/\/iberoid-shop.com\/pt\/?s={search_term_string}"},"query-input":{"@type":"PropertyValueSpecification","valueRequired":true,"valueName":"search_term_string"}}],"inLanguage":"pt-PT"}]},"product_brand":"Pharmabol","product_price_amount":"75.00","product_price_currency":"EUR","og_availability":"instock","product_availability":"instock","product_condition":"new"},"_links":{"self":[{"href":"https:\/\/iberoid-shop.com\/pt\/wp-json\/wp\/v2\/product\/8820","targetHints":{"allow":["GET"]}}],"collection":[{"href":"https:\/\/iberoid-shop.com\/pt\/wp-json\/wp\/v2\/product"}],"about":[{"href":"https:\/\/iberoid-shop.com\/pt\/wp-json\/wp\/v2\/types\/product"}],"replies":[{"embeddable":true,"href":"https:\/\/iberoid-shop.com\/pt\/wp-json\/wp\/v2\/comments?post=8820"}],"wp:featuredmedia":[{"embeddable":true,"href":"https:\/\/iberoid-shop.com\/pt\/wp-json\/wp\/v2\/media\/8822"}],"wp:attachment":[{"href":"https:\/\/iberoid-shop.com\/pt\/wp-json\/wp\/v2\/media?parent=8820"}],"wp:term":[{"taxonomy":"product_brand","embeddable":true,"href":"https:\/\/iberoid-shop.com\/pt\/wp-json\/wp\/v2\/product_brand?post=8820"},{"taxonomy":"product_cat","embeddable":true,"href":"https:\/\/iberoid-shop.com\/pt\/wp-json\/wp\/v2\/product_cat?post=8820"},{"taxonomy":"product_tag","embeddable":true,"href":"https:\/\/iberoid-shop.com\/pt\/wp-json\/wp\/v2\/product_tag?post=8820"}],"curies":[{"name":"wp","href":"https:\/\/api.w.org\/{rel}","templated":true}]}}