{"id":8817,"date":"2023-08-14T21:51:53","date_gmt":"2023-08-14T21:51:53","guid":{"rendered":"https:\/\/iberoid-shop.com\/?post_type=product&#038;p=8817"},"modified":"2026-04-05T02:33:56","modified_gmt":"2026-04-05T02:33:56","slug":"pack3-oxymetobol-oxymetolon50mg-100-tabs-pharmabol","status":"publish","type":"product","link":"https:\/\/iberoid-shop.com\/pt\/product\/pack3-oxymetobol-oxymetolon50mg-100-tabs-pharmabol\/","title":{"rendered":"PACK3 OXYMETOBOL \/ OXYMETOLON 50MG &#8211; 100 TABS"},"content":{"rendered":"<p>Este produto oral de oximetolona da PharmaBol \u00e9 caracterizado pela dosagem de 50mg\/tab.<\/p>\n<p>A oximetolona \u00e9 o ester\u00f3ide anabolizante para ciclos de ganho muscular que se caracteriza por um efeito de volume dram\u00e1tico. Como esta droga possui propriedades de reten\u00e7\u00e3o de \u00e1gua, seu uso faz com que os m\u00fasculos pare\u00e7am mais cheios. Al\u00e9m disso, os fisiculturistas podem usar oximetolona para ganhar peso extra. Al\u00e9m disso, o uso desse ester\u00f3ide garante aumento de for\u00e7a e proporciona prote\u00e7\u00e3o adicional \u00e0s articula\u00e7\u00f5es, o que permite ao atleta tornar os treinos mais intensos.<\/p>","protected":false},"excerpt":{"rendered":"<p>Este produto oral de oximetolona da PharmaBol \u00e9 caracterizado pela dosagem de 50mg\/tab. A oximetolona \u00e9 o ester\u00f3ide anabolizante para<\/p>\n","protected":false},"featured_media":8819,"comment_status":"open","ping_status":"closed","template":"","meta":[],"product_brand":[],"product_cat":[73,3474],"product_tag":[],"class_list":{"0":"post-8817","1":"product","2":"type-product","3":"status-publish","4":"has-post-thumbnail","6":"product_cat-ssteroides_orales","7":"product_cat-packs","9":"first","10":"instock","11":"shipping-taxable","12":"purchasable","13":"product-type-simple"},"yoast_head":"<!-- This site is optimized with the Yoast SEO Premium plugin v24.4 (Yoast SEO v27.0) - https:\/\/yoast.com\/product\/yoast-seo-premium-wordpress\/ -->\n<title>PACK3 OXYMETOBOL \/ OXYMETOLON 50MG - 100 TABS - Ester\u00f3ides Online<\/title>\n<meta name=\"robots\" content=\"index, follow, max-snippet:-1, max-image-preview:large, max-video-preview:-1\" \/>\n<link rel=\"canonical\" href=\"https:\/\/iberoid-shop.com\/pt\/product\/pack3-oxymetobol-oxymetolon50mg-100-tabs-pharmabol\/\" \/>\n<meta property=\"og:locale\" content=\"pt_PT\" \/>\n<meta property=\"og:type\" content=\"article\" \/>\n<meta property=\"og:title\" content=\"PACK3 OXYMETOBOL \/ OXYMETOLON 50MG - 100 TABS\" \/>\n<meta property=\"og:description\" content=\"Este produto oral de oximetolona da PharmaBol \u00e9 caracterizado pela dosagem de 50mg\/tab. A oximetolona \u00e9 o ester\u00f3ide anabolizante para\" \/>\n<meta property=\"og:url\" content=\"https:\/\/iberoid-shop.com\/pt\/product\/pack3-oxymetobol-oxymetolon50mg-100-tabs-pharmabol\/\" \/>\n<meta property=\"og:site_name\" content=\"Ester\u00f3ides Online\" \/>\n<meta property=\"article:modified_time\" content=\"2026-04-05T02:33:56+00:00\" \/>\n<meta property=\"og:image\" content=\"https:\/\/iberoid-shop.com\/wp-content\/uploads\/2023\/08\/image_6483441-1.jpg?v=1692049888\" \/>\n\t<meta property=\"og:image:width\" content=\"1024\" \/>\n\t<meta property=\"og:image:height\" content=\"808\" \/>\n\t<meta property=\"og:image:type\" content=\"image\/jpeg\" \/>\n<meta name=\"twitter:card\" content=\"summary_large_image\" \/>\n<meta name=\"twitter:label1\" content=\"pre\u00e7o\" \/>\n\t<meta name=\"twitter:data1\" content=\"&euro;80.00\" \/>\n\t<meta name=\"twitter:label2\" content=\"Disponibilidade\" \/>\n\t<meta name=\"twitter:data2\" content=\"Em stock\" \/>\n<script type=\"application\/ld+json\" class=\"yoast-schema-graph\">{\"@context\":\"https:\/\/schema.org\",\"@graph\":[{\"@type\":\"WebPage\",\"@id\":\"https:\/\/iberoid-shop.com\/pt\/product\/pack3-oxymetobol-oxymetolon50mg-100-tabs-pharmabol\/\",\"url\":\"https:\/\/iberoid-shop.com\/pt\/product\/pack3-oxymetobol-oxymetolon50mg-100-tabs-pharmabol\/\",\"name\":\"PACK3 OXYMETOBOL \/ OXYMETOLON 50MG - 100 TABS - Ester\u00f3ides Online\",\"isPartOf\":{\"@id\":\"https:\/\/iberoid-shop.com\/pt\/#website\"},\"primaryImageOfPage\":{\"@id\":\"https:\/\/iberoid-shop.com\/pt\/product\/pack3-oxymetobol-oxymetolon50mg-100-tabs-pharmabol\/#primaryimage\"},\"image\":{\"@id\":\"https:\/\/iberoid-shop.com\/pt\/product\/pack3-oxymetobol-oxymetolon50mg-100-tabs-pharmabol\/#primaryimage\"},\"thumbnailUrl\":\"https:\/\/iberoid-shop.com\/wp-content\/uploads\/2023\/08\/image_6483441-1.jpg?v=1692049888\",\"datePublished\":\"2023-08-14T21:51:53+00:00\",\"dateModified\":\"2026-04-05T02:33:56+00:00\",\"breadcrumb\":{\"@id\":\"https:\/\/iberoid-shop.com\/pt\/product\/pack3-oxymetobol-oxymetolon50mg-100-tabs-pharmabol\/#breadcrumb\"},\"inLanguage\":\"pt-PT\",\"potentialAction\":[{\"@type\":\"ReadAction\",\"target\":[[\"https:\/\/iberoid-shop.com\/pt\/product\/pack3-oxymetobol-oxymetolon50mg-100-tabs-pharmabol\/\"]]}]},{\"@type\":\"ImageObject\",\"inLanguage\":\"pt-PT\",\"@id\":\"https:\/\/iberoid-shop.com\/pt\/product\/pack3-oxymetobol-oxymetolon50mg-100-tabs-pharmabol\/#primaryimage\",\"url\":\"https:\/\/iberoid-shop.com\/wp-content\/uploads\/2023\/08\/image_6483441-1.jpg?v=1692049888\",\"contentUrl\":\"https:\/\/iberoid-shop.com\/wp-content\/uploads\/2023\/08\/image_6483441-1.jpg?v=1692049888\",\"width\":1024,\"height\":808},{\"@type\":\"BreadcrumbList\",\"@id\":\"https:\/\/iberoid-shop.com\/pt\/product\/pack3-oxymetobol-oxymetolon50mg-100-tabs-pharmabol\/#breadcrumb\",\"itemListElement\":[{\"@type\":\"ListItem\",\"position\":1,\"name\":\"Portada\",\"item\":\"https:\/\/iberoid-shop.com\/pt\/\"},{\"@type\":\"ListItem\",\"position\":2,\"name\":\"Loja\",\"item\":\"https:\/\/iberoid-shop.com\/pt\/shop\/\"},{\"@type\":\"ListItem\",\"position\":3,\"name\":\"PACK3 OXYMETOBOL \/ OXYMETOLON 50MG &#8211; 100 TABS\"}]},{\"@type\":\"WebSite\",\"@id\":\"https:\/\/iberoid-shop.com\/pt\/#website\",\"url\":\"https:\/\/iberoid-shop.com\/pt\/\",\"name\":\"Ester\u00f3ides Online\",\"description\":\"Compre ester\u00f3ides online hoje em Espanha e Portugal. Temos o melhor servi\u00e7o ao cliente do setor e produtos da mais alta qualidade\",\"potentialAction\":[{\"@type\":\"SearchAction\",\"target\":{\"@type\":\"EntryPoint\",\"urlTemplate\":\"https:\/\/iberoid-shop.com\/pt\/?s={search_term_string}\"},\"query-input\":{\"@type\":\"PropertyValueSpecification\",\"valueRequired\":true,\"valueName\":\"search_term_string\"}}],\"inLanguage\":\"pt-PT\"}]}<\/script>\n<meta property=\"product:brand\" content=\"Pharmabol\" \/>\n<meta property=\"product:price:amount\" content=\"80.00\" \/>\n<meta property=\"product:price:currency\" content=\"EUR\" \/>\n<meta property=\"og:availability\" content=\"instock\" \/>\n<meta property=\"product:availability\" content=\"instock\" \/>\n<meta property=\"product:condition\" content=\"new\" \/>\n<!-- \/ Yoast SEO Premium plugin. -->","yoast_head_json":{"title":"PACK3 OXYMETOBOL \/ OXYMETOLON 50MG - 100 TABS - Ester\u00f3ides Online","robots":{"index":"index","follow":"follow","max-snippet":"max-snippet:-1","max-image-preview":"max-image-preview:large","max-video-preview":"max-video-preview:-1"},"canonical":"https:\/\/iberoid-shop.com\/pt\/product\/pack3-oxymetobol-oxymetolon50mg-100-tabs-pharmabol\/","og_locale":"pt_PT","og_type":"article","og_title":"PACK3 OXYMETOBOL \/ OXYMETOLON 50MG - 100 TABS","og_description":"Este produto oral de oximetolona da PharmaBol \u00e9 caracterizado pela dosagem de 50mg\/tab. A oximetolona \u00e9 o ester\u00f3ide anabolizante para","og_url":"https:\/\/iberoid-shop.com\/pt\/product\/pack3-oxymetobol-oxymetolon50mg-100-tabs-pharmabol\/","og_site_name":"Ester\u00f3ides Online","article_modified_time":"2026-04-05T02:33:56+00:00","og_image":[{"width":1024,"height":808,"url":"https:\/\/iberoid-shop.com\/wp-content\/uploads\/2023\/08\/image_6483441-1.jpg?v=1692049888","type":"image\/jpeg"}],"twitter_card":"summary_large_image","twitter_misc":{"pre\u00e7o":"&euro;80.00","Disponibilidade":"Em stock"},"schema":{"@context":"https:\/\/schema.org","@graph":[{"@type":"WebPage","@id":"https:\/\/iberoid-shop.com\/pt\/product\/pack3-oxymetobol-oxymetolon50mg-100-tabs-pharmabol\/","url":"https:\/\/iberoid-shop.com\/pt\/product\/pack3-oxymetobol-oxymetolon50mg-100-tabs-pharmabol\/","name":"PACK3 OXYMETOBOL \/ OXYMETOLON 50MG - 100 TABS - Ester\u00f3ides Online","isPartOf":{"@id":"https:\/\/iberoid-shop.com\/pt\/#website"},"primaryImageOfPage":{"@id":"https:\/\/iberoid-shop.com\/pt\/product\/pack3-oxymetobol-oxymetolon50mg-100-tabs-pharmabol\/#primaryimage"},"image":{"@id":"https:\/\/iberoid-shop.com\/pt\/product\/pack3-oxymetobol-oxymetolon50mg-100-tabs-pharmabol\/#primaryimage"},"thumbnailUrl":"https:\/\/iberoid-shop.com\/wp-content\/uploads\/2023\/08\/image_6483441-1.jpg?v=1692049888","datePublished":"2023-08-14T21:51:53+00:00","dateModified":"2026-04-05T02:33:56+00:00","breadcrumb":{"@id":"https:\/\/iberoid-shop.com\/pt\/product\/pack3-oxymetobol-oxymetolon50mg-100-tabs-pharmabol\/#breadcrumb"},"inLanguage":"pt-PT","potentialAction":[{"@type":"ReadAction","target":[["https:\/\/iberoid-shop.com\/pt\/product\/pack3-oxymetobol-oxymetolon50mg-100-tabs-pharmabol\/"]]}]},{"@type":"ImageObject","inLanguage":"pt-PT","@id":"https:\/\/iberoid-shop.com\/pt\/product\/pack3-oxymetobol-oxymetolon50mg-100-tabs-pharmabol\/#primaryimage","url":"https:\/\/iberoid-shop.com\/wp-content\/uploads\/2023\/08\/image_6483441-1.jpg?v=1692049888","contentUrl":"https:\/\/iberoid-shop.com\/wp-content\/uploads\/2023\/08\/image_6483441-1.jpg?v=1692049888","width":1024,"height":808},{"@type":"BreadcrumbList","@id":"https:\/\/iberoid-shop.com\/pt\/product\/pack3-oxymetobol-oxymetolon50mg-100-tabs-pharmabol\/#breadcrumb","itemListElement":[{"@type":"ListItem","position":1,"name":"Portada","item":"https:\/\/iberoid-shop.com\/pt\/"},{"@type":"ListItem","position":2,"name":"Loja","item":"https:\/\/iberoid-shop.com\/pt\/shop\/"},{"@type":"ListItem","position":3,"name":"PACK3 OXYMETOBOL \/ OXYMETOLON 50MG &#8211; 100 TABS"}]},{"@type":"WebSite","@id":"https:\/\/iberoid-shop.com\/pt\/#website","url":"https:\/\/iberoid-shop.com\/pt\/","name":"Ester\u00f3ides Online","description":"Compre ester\u00f3ides online hoje em Espanha e Portugal. Temos o melhor servi\u00e7o ao cliente do setor e produtos da mais alta qualidade","potentialAction":[{"@type":"SearchAction","target":{"@type":"EntryPoint","urlTemplate":"https:\/\/iberoid-shop.com\/pt\/?s={search_term_string}"},"query-input":{"@type":"PropertyValueSpecification","valueRequired":true,"valueName":"search_term_string"}}],"inLanguage":"pt-PT"}]},"product_brand":"Pharmabol","product_price_amount":"80.00","product_price_currency":"EUR","og_availability":"instock","product_availability":"instock","product_condition":"new"},"_links":{"self":[{"href":"https:\/\/iberoid-shop.com\/pt\/wp-json\/wp\/v2\/product\/8817","targetHints":{"allow":["GET"]}}],"collection":[{"href":"https:\/\/iberoid-shop.com\/pt\/wp-json\/wp\/v2\/product"}],"about":[{"href":"https:\/\/iberoid-shop.com\/pt\/wp-json\/wp\/v2\/types\/product"}],"replies":[{"embeddable":true,"href":"https:\/\/iberoid-shop.com\/pt\/wp-json\/wp\/v2\/comments?post=8817"}],"wp:featuredmedia":[{"embeddable":true,"href":"https:\/\/iberoid-shop.com\/pt\/wp-json\/wp\/v2\/media\/8819"}],"wp:attachment":[{"href":"https:\/\/iberoid-shop.com\/pt\/wp-json\/wp\/v2\/media?parent=8817"}],"wp:term":[{"taxonomy":"product_brand","embeddable":true,"href":"https:\/\/iberoid-shop.com\/pt\/wp-json\/wp\/v2\/product_brand?post=8817"},{"taxonomy":"product_cat","embeddable":true,"href":"https:\/\/iberoid-shop.com\/pt\/wp-json\/wp\/v2\/product_cat?post=8817"},{"taxonomy":"product_tag","embeddable":true,"href":"https:\/\/iberoid-shop.com\/pt\/wp-json\/wp\/v2\/product_tag?post=8817"}],"curies":[{"name":"wp","href":"https:\/\/api.w.org\/{rel}","templated":true}]}}