{"id":8778,"date":"2023-08-01T14:28:22","date_gmt":"2023-08-01T14:28:22","guid":{"rendered":"https:\/\/iberoid-shop.com\/?post_type=product&#038;p=8778"},"modified":"2024-02-01T20:39:48","modified_gmt":"2024-02-01T20:39:48","slug":"pack2-stanozolol10mgx-100-tablets-sp-laboratory","status":"publish","type":"product","link":"https:\/\/iberoid-shop.com\/pt\/product\/pack2-stanozolol10mgx-100-tablets-sp-laboratory\/","title":{"rendered":"PACK2. SP-STANOZOLOL 10mg X 100 tablets"},"content":{"rendered":"<p>SP Stanozolol\u00a0\u00e9 a marca da subst\u00e2ncia ativa com o mesmo nome \u2013\u00a0Stanozolol. Este \u00e9 um ester\u00f3ide extremamente famoso devido \u00e0s suas propriedades incr\u00edveis e \u00fanicas quando se trata de melhoria f\u00edsica e de desempenho. Devido a isso,\u00a0Stanozolol\u00a0que \u00e9 mais conhecido como\u00a0Winstrol\u00a0\u00e9 um dos ester\u00f3ides mais famosos e amplamente utilizados, estando entre os 3 mais utilizados e considerado um dos melhores ester\u00f3ides existentes para fins de corte.<\/p>\n<p>SP Stanozolol\u00a0contendo a subst\u00e2ncia ativa\u00a0Stanozolol\u00a0\u00e9 fabricado por\u00a0SP Laboratories\u00a0e \u00e9 considerado a vers\u00e3o gen\u00e9rica do\u00a0Winstrol\u00a0e \u00e9 por isso que voc\u00ea pode economizar muito dinheiro obtendo este produto espec\u00edfico devido aos seus pre\u00e7os muito baixos, mas no final recebe exatamente o mesmo produto com nome diferente, mas com a mesma subst\u00e2ncia activa e o mesmo produto de alta qualidade.<\/p>\n<p>Este produto vem na forma de comprimidos orais, que \u00e9 de longe a forma de administra\u00e7\u00e3o mais utilizada. H\u00e1 tamb\u00e9m uma forma injet\u00e1vel de\u00a0Stanozolol\u00a0tamb\u00e9m chamada\u00a0Stanozolol Depot\u00a0ou\u00a0Winstrol Depot,\u00a0vendida como\u00a0SP Stanoject\u00a0por\u00a0SP Laboratories. No entanto, o\u00a0estanozolol\u00a0em forma de comprimidos \u00e9 muito mais preferido.<\/p>\n<p>Este \u00e9 um\u00a0ester\u00f3ide anab\u00f3lico e androg\u00eanico (AAS)\u00a0derivado da\u00a0diidrotestosterona (DHT)\u00a0e \u00e9 muito popular historicamente e hoje em dia para fins de aprimoramento f\u00edsico e de desempenho, mais especificamente para corte e endurecimento. O produto foi descoberto h\u00e1 muitos anos, na d\u00e9cada de 1960, e embora no passado tivesse alguns usos m\u00e9dicos, hoje em dia \u00e9 usado apenas como\u00a0droga para melhorar o desempenho (PED)\u00a0ou na medicina veterin\u00e1ria.<\/p>\n<p>Quanto tempo o Winstrol permanece no seu sistema? | Meia-vida do Stanozolol<\/p>\n<p>Acredita-se que o Winstrol Oral permanece no seu sistema por cerca de 10 horas apenas e isso se deve \u00e0 meia-vida que \u00e9 de apenas 4-5 horas. A meia-vida \u00e9 o tempo em que metade do produto \u00e9 eliminado do sistema e levando em considera\u00e7\u00e3o que o\u00a0Stanozolol\u00a0\u2013\u00a0Winstrol oral,\u00a0tem meia-vida de 4-5 horas, ele permanece ativo em seu sistema por n\u00e3o mais que 10 horas .<\/p>\n<p>O\u00a0estanozolol injet\u00e1vel\u00a0tem meia-vida um pouco mais longa, mas ainda \u00e9 bastante curta para um esteroide injet\u00e1vel. Oferece uma meia-vida de cerca de 18 a 24 horas e isso significa que a vida ativa \u00e9 de apenas 36 a 48 horas. De qualquer forma, esse produto espec\u00edfico vem em forma de tablet.<\/p>\n<p>Para que \u00e9 utilizado o Stanozolol? | O que o Estanozolol faz? | O que o Winstrol faz?<\/p>\n<p>Como foi mencionado, hoje em dia o\u00a0Estanozolol\u00a0est\u00e1 sendo oficialmente utilizado exclusivamente como medicamento veterin\u00e1rio. No entanto, no passado, foi utilizado com bastante sucesso no tratamento da insufici\u00eancia venosa. O produto estimula a fibrin\u00f3lise sangu\u00ednea e \u00e9 por isso que tamb\u00e9m foi estudado para outros usos m\u00e9dicos.<\/p>\n<p>No entanto, hoje em dia, o produto \u00e9 mais amplamente utilizado para fins de melhoria f\u00edsica e de desempenho. Na verdade, para ser mais espec\u00edfico, para fins de corte e endurecimento. Este\u00a0AAS\u00a0\u00e9 extremamente famoso e considerado um dos melhores e mais \u00fateis ester\u00f3ides para tais fins. Ele tem algumas modifica\u00e7\u00f5es estruturais \u00fanicas, mudan\u00e7as no anel A que oferecem propriedades e habilidades de corte incr\u00edveis.<\/p>\n<p>Stanozolol\u00a0tem uma classifica\u00e7\u00e3o anab\u00f3lica de 320 e \u00e9 super favor\u00e1vel em compara\u00e7\u00e3o com a classifica\u00e7\u00e3o androg\u00eanica de 30. E sendo um derivado do\u00a0DHT,\u00a0\u00e9 n\u00e3o ter aromatiza\u00e7\u00e3o. Tudo isso faz com que o SP Stanozolol seja muito \u00fatil para preservar a massa muscular, oferecer alguns ganhos musculares (apenas massa muscular magra) e ajudar muito na perda de gordura corporal extra.<\/p>\n<p>Dito isto,\u00a0Stanozolol\u00a0\u2013\u00a0Winstrol\u00a0\u00e9 raramente usado em ciclos de aumento de volume, principalmente porque existem outros ester\u00f3ides e outras op\u00e7\u00f5es que podem ajudar muito melhor com tais prop\u00f3sitos. Mas n\u00e3o h\u00e1 quase nada melhor para cortar do que\u00a0Stanozolol. O \u00fanico produto que pode superar o Estanozolol em pot\u00eancia para tais fins \u00e9 a Trembolona, mas este ester\u00f3ide \u00e9 considerado muito perigoso.<\/p>","protected":false},"excerpt":{"rendered":"<p>SP Stanozolol\u00a0\u00e9 a marca da subst\u00e2ncia ativa com o mesmo nome \u2013\u00a0Stanozolol. Este \u00e9 um ester\u00f3ide extremamente famoso devido \u00e0s<\/p>\n","protected":false},"featured_media":8776,"comment_status":"open","ping_status":"closed","template":"","meta":[],"product_brand":[],"product_cat":[3474],"product_tag":[],"class_list":{"0":"post-8778","1":"product","2":"type-product","3":"status-publish","4":"has-post-thumbnail","6":"product_cat-packs","8":"first","9":"outofstock","10":"sale","11":"shipping-taxable","12":"purchasable","13":"product-type-simple"},"yoast_head":"<!-- This site is optimized with the Yoast SEO Premium plugin v24.4 (Yoast SEO v27.3) - https:\/\/yoast.com\/product\/yoast-seo-premium-wordpress\/ -->\n<title>PACK2. SP-STANOZOLOL 10mg X 100 tablets - Ester\u00f3ides Online<\/title>\n<meta name=\"robots\" content=\"index, follow, max-snippet:-1, max-image-preview:large, max-video-preview:-1\" \/>\n<link rel=\"canonical\" href=\"https:\/\/iberoid-shop.com\/pt\/product\/pack2-stanozolol10mgx-100-tablets-sp-laboratory\/\" \/>\n<meta property=\"og:locale\" content=\"pt_PT\" \/>\n<meta property=\"og:type\" content=\"article\" \/>\n<meta property=\"og:title\" content=\"PACK2. SP-STANOZOLOL 10mg X 100 tablets\" \/>\n<meta property=\"og:description\" content=\"SP Stanozolol\u00a0\u00e9 a marca da subst\u00e2ncia ativa com o mesmo nome \u2013\u00a0Stanozolol. Este \u00e9 um ester\u00f3ide extremamente famoso devido \u00e0s\" \/>\n<meta property=\"og:url\" content=\"https:\/\/iberoid-shop.com\/pt\/product\/pack2-stanozolol10mgx-100-tablets-sp-laboratory\/\" \/>\n<meta property=\"og:site_name\" content=\"Ester\u00f3ides Online\" \/>\n<meta property=\"article:modified_time\" content=\"2024-02-01T20:39:48+00:00\" \/>\n<meta property=\"og:image\" content=\"https:\/\/iberoid-shop.com\/wp-content\/uploads\/2023\/08\/product_168551689158cd2.png?v=1690899601\" \/>\n\t<meta property=\"og:image:width\" content=\"388\" \/>\n\t<meta property=\"og:image:height\" content=\"259\" \/>\n\t<meta property=\"og:image:type\" content=\"image\/png\" \/>\n<meta name=\"twitter:card\" content=\"summary_large_image\" \/>\n<meta name=\"twitter:label1\" content=\"pre\u00e7o\" \/>\n\t<meta name=\"twitter:data1\" content=\"&euro;55.00\" \/>\n\t<meta name=\"twitter:label2\" content=\"Disponibilidade\" \/>\n\t<meta name=\"twitter:data2\" content=\"Esgotado\" \/>\n<script type=\"application\/ld+json\" class=\"yoast-schema-graph\">{\"@context\":\"https:\\\/\\\/schema.org\",\"@graph\":[{\"@type\":\"WebPage\",\"@id\":\"https:\\\/\\\/iberoid-shop.com\\\/pt\\\/product\\\/pack2-stanozolol10mgx-100-tablets-sp-laboratory\\\/\",\"url\":\"https:\\\/\\\/iberoid-shop.com\\\/pt\\\/product\\\/pack2-stanozolol10mgx-100-tablets-sp-laboratory\\\/\",\"name\":\"PACK2. SP-STANOZOLOL 10mg X 100 tablets - Ester\u00f3ides Online\",\"isPartOf\":{\"@id\":\"https:\\\/\\\/iberoid-shop.com\\\/pt\\\/#website\"},\"primaryImageOfPage\":{\"@id\":\"https:\\\/\\\/iberoid-shop.com\\\/pt\\\/product\\\/pack2-stanozolol10mgx-100-tablets-sp-laboratory\\\/#primaryimage\"},\"image\":{\"@id\":\"https:\\\/\\\/iberoid-shop.com\\\/pt\\\/product\\\/pack2-stanozolol10mgx-100-tablets-sp-laboratory\\\/#primaryimage\"},\"thumbnailUrl\":\"https:\\\/\\\/iberoid-shop.com\\\/wp-content\\\/uploads\\\/2023\\\/08\\\/product_168551689158cd2.png?v=1690899601\",\"datePublished\":\"2023-08-01T14:28:22+00:00\",\"dateModified\":\"2024-02-01T20:39:48+00:00\",\"breadcrumb\":{\"@id\":\"https:\\\/\\\/iberoid-shop.com\\\/pt\\\/product\\\/pack2-stanozolol10mgx-100-tablets-sp-laboratory\\\/#breadcrumb\"},\"inLanguage\":\"pt-PT\",\"potentialAction\":[{\"@type\":\"ReadAction\",\"target\":[[\"https:\\\/\\\/iberoid-shop.com\\\/pt\\\/product\\\/pack2-stanozolol10mgx-100-tablets-sp-laboratory\\\/\"]]}]},{\"@type\":\"ImageObject\",\"inLanguage\":\"pt-PT\",\"@id\":\"https:\\\/\\\/iberoid-shop.com\\\/pt\\\/product\\\/pack2-stanozolol10mgx-100-tablets-sp-laboratory\\\/#primaryimage\",\"url\":\"https:\\\/\\\/iberoid-shop.com\\\/wp-content\\\/uploads\\\/2023\\\/08\\\/product_168551689158cd2.png?v=1690899601\",\"contentUrl\":\"https:\\\/\\\/iberoid-shop.com\\\/wp-content\\\/uploads\\\/2023\\\/08\\\/product_168551689158cd2.png?v=1690899601\",\"width\":388,\"height\":259},{\"@type\":\"BreadcrumbList\",\"@id\":\"https:\\\/\\\/iberoid-shop.com\\\/pt\\\/product\\\/pack2-stanozolol10mgx-100-tablets-sp-laboratory\\\/#breadcrumb\",\"itemListElement\":[{\"@type\":\"ListItem\",\"position\":1,\"name\":\"Portada\",\"item\":\"https:\\\/\\\/iberoid-shop.com\\\/pt\\\/\"},{\"@type\":\"ListItem\",\"position\":2,\"name\":\"Loja\",\"item\":\"https:\\\/\\\/iberoid-shop.com\\\/pt\\\/shop\\\/\"},{\"@type\":\"ListItem\",\"position\":3,\"name\":\"PACK2. SP-STANOZOLOL 10mg X 100 tablets\"}]},{\"@type\":\"WebSite\",\"@id\":\"https:\\\/\\\/iberoid-shop.com\\\/pt\\\/#website\",\"url\":\"https:\\\/\\\/iberoid-shop.com\\\/pt\\\/\",\"name\":\"Ester\u00f3ides Online\",\"description\":\"Compre ester\u00f3ides online hoje em Espanha e Portugal. Temos o melhor servi\u00e7o ao cliente do setor e produtos da mais alta qualidade\",\"potentialAction\":[{\"@type\":\"SearchAction\",\"target\":{\"@type\":\"EntryPoint\",\"urlTemplate\":\"https:\\\/\\\/iberoid-shop.com\\\/pt\\\/?s={search_term_string}\"},\"query-input\":{\"@type\":\"PropertyValueSpecification\",\"valueRequired\":true,\"valueName\":\"search_term_string\"}}],\"inLanguage\":\"pt-PT\"}]}<\/script>\n<meta property=\"product:brand\" content=\"SP Laboratories\" \/>\n<meta property=\"product:price:amount\" content=\"55.00\" \/>\n<meta property=\"product:price:currency\" content=\"EUR\" \/>\n<meta property=\"og:availability\" content=\"out of stock\" \/>\n<meta property=\"product:availability\" content=\"out of stock\" \/>\n<meta property=\"product:condition\" content=\"new\" \/>\n<!-- \/ Yoast SEO Premium plugin. -->","yoast_head_json":{"title":"PACK2. SP-STANOZOLOL 10mg X 100 tablets - Ester\u00f3ides Online","robots":{"index":"index","follow":"follow","max-snippet":"max-snippet:-1","max-image-preview":"max-image-preview:large","max-video-preview":"max-video-preview:-1"},"canonical":"https:\/\/iberoid-shop.com\/pt\/product\/pack2-stanozolol10mgx-100-tablets-sp-laboratory\/","og_locale":"pt_PT","og_type":"article","og_title":"PACK2. SP-STANOZOLOL 10mg X 100 tablets","og_description":"SP Stanozolol\u00a0\u00e9 a marca da subst\u00e2ncia ativa com o mesmo nome \u2013\u00a0Stanozolol. Este \u00e9 um ester\u00f3ide extremamente famoso devido \u00e0s","og_url":"https:\/\/iberoid-shop.com\/pt\/product\/pack2-stanozolol10mgx-100-tablets-sp-laboratory\/","og_site_name":"Ester\u00f3ides Online","article_modified_time":"2024-02-01T20:39:48+00:00","og_image":[{"width":388,"height":259,"url":"https:\/\/iberoid-shop.com\/wp-content\/uploads\/2023\/08\/product_168551689158cd2.png?v=1690899601","type":"image\/png"}],"twitter_card":"summary_large_image","twitter_misc":{"pre\u00e7o":"&euro;55.00","Disponibilidade":"Esgotado"},"schema":{"@context":"https:\/\/schema.org","@graph":[{"@type":"WebPage","@id":"https:\/\/iberoid-shop.com\/pt\/product\/pack2-stanozolol10mgx-100-tablets-sp-laboratory\/","url":"https:\/\/iberoid-shop.com\/pt\/product\/pack2-stanozolol10mgx-100-tablets-sp-laboratory\/","name":"PACK2. SP-STANOZOLOL 10mg X 100 tablets - Ester\u00f3ides Online","isPartOf":{"@id":"https:\/\/iberoid-shop.com\/pt\/#website"},"primaryImageOfPage":{"@id":"https:\/\/iberoid-shop.com\/pt\/product\/pack2-stanozolol10mgx-100-tablets-sp-laboratory\/#primaryimage"},"image":{"@id":"https:\/\/iberoid-shop.com\/pt\/product\/pack2-stanozolol10mgx-100-tablets-sp-laboratory\/#primaryimage"},"thumbnailUrl":"https:\/\/iberoid-shop.com\/wp-content\/uploads\/2023\/08\/product_168551689158cd2.png?v=1690899601","datePublished":"2023-08-01T14:28:22+00:00","dateModified":"2024-02-01T20:39:48+00:00","breadcrumb":{"@id":"https:\/\/iberoid-shop.com\/pt\/product\/pack2-stanozolol10mgx-100-tablets-sp-laboratory\/#breadcrumb"},"inLanguage":"pt-PT","potentialAction":[{"@type":"ReadAction","target":[["https:\/\/iberoid-shop.com\/pt\/product\/pack2-stanozolol10mgx-100-tablets-sp-laboratory\/"]]}]},{"@type":"ImageObject","inLanguage":"pt-PT","@id":"https:\/\/iberoid-shop.com\/pt\/product\/pack2-stanozolol10mgx-100-tablets-sp-laboratory\/#primaryimage","url":"https:\/\/iberoid-shop.com\/wp-content\/uploads\/2023\/08\/product_168551689158cd2.png?v=1690899601","contentUrl":"https:\/\/iberoid-shop.com\/wp-content\/uploads\/2023\/08\/product_168551689158cd2.png?v=1690899601","width":388,"height":259},{"@type":"BreadcrumbList","@id":"https:\/\/iberoid-shop.com\/pt\/product\/pack2-stanozolol10mgx-100-tablets-sp-laboratory\/#breadcrumb","itemListElement":[{"@type":"ListItem","position":1,"name":"Portada","item":"https:\/\/iberoid-shop.com\/pt\/"},{"@type":"ListItem","position":2,"name":"Loja","item":"https:\/\/iberoid-shop.com\/pt\/shop\/"},{"@type":"ListItem","position":3,"name":"PACK2. SP-STANOZOLOL 10mg X 100 tablets"}]},{"@type":"WebSite","@id":"https:\/\/iberoid-shop.com\/pt\/#website","url":"https:\/\/iberoid-shop.com\/pt\/","name":"Ester\u00f3ides Online","description":"Compre ester\u00f3ides online hoje em Espanha e Portugal. Temos o melhor servi\u00e7o ao cliente do setor e produtos da mais alta qualidade","potentialAction":[{"@type":"SearchAction","target":{"@type":"EntryPoint","urlTemplate":"https:\/\/iberoid-shop.com\/pt\/?s={search_term_string}"},"query-input":{"@type":"PropertyValueSpecification","valueRequired":true,"valueName":"search_term_string"}}],"inLanguage":"pt-PT"}]},"product_brand":"SP Laboratories","product_price_amount":"55.00","product_price_currency":"EUR","og_availability":"out of stock","product_availability":"out of stock","product_condition":"new"},"_links":{"self":[{"href":"https:\/\/iberoid-shop.com\/pt\/wp-json\/wp\/v2\/product\/8778","targetHints":{"allow":["GET"]}}],"collection":[{"href":"https:\/\/iberoid-shop.com\/pt\/wp-json\/wp\/v2\/product"}],"about":[{"href":"https:\/\/iberoid-shop.com\/pt\/wp-json\/wp\/v2\/types\/product"}],"replies":[{"embeddable":true,"href":"https:\/\/iberoid-shop.com\/pt\/wp-json\/wp\/v2\/comments?post=8778"}],"wp:featuredmedia":[{"embeddable":true,"href":"https:\/\/iberoid-shop.com\/pt\/wp-json\/wp\/v2\/media\/8776"}],"wp:attachment":[{"href":"https:\/\/iberoid-shop.com\/pt\/wp-json\/wp\/v2\/media?parent=8778"}],"wp:term":[{"taxonomy":"product_brand","embeddable":true,"href":"https:\/\/iberoid-shop.com\/pt\/wp-json\/wp\/v2\/product_brand?post=8778"},{"taxonomy":"product_cat","embeddable":true,"href":"https:\/\/iberoid-shop.com\/pt\/wp-json\/wp\/v2\/product_cat?post=8778"},{"taxonomy":"product_tag","embeddable":true,"href":"https:\/\/iberoid-shop.com\/pt\/wp-json\/wp\/v2\/product_tag?post=8778"}],"curies":[{"name":"wp","href":"https:\/\/api.w.org\/{rel}","templated":true}]}}