{"id":8741,"date":"2023-07-26T20:52:41","date_gmt":"2023-07-26T20:52:41","guid":{"rendered":"https:\/\/iberoid-shop.com\/?post_type=product&#038;p=8741"},"modified":"2024-05-12T17:14:08","modified_gmt":"2024-05-12T17:14:08","slug":"pak3sarms-cardarine-20-mg-30-capsulas","status":"publish","type":"product","link":"https:\/\/iberoid-shop.com\/pt\/product\/pak3sarms-cardarine-20-mg-30-capsulas\/","title":{"rendered":"PAK3 SARMS CARDARINE  20 MG \/ 30 CAPSULAS"},"content":{"rendered":"<p>SHRED (GW-501516)\u00a0tamb\u00e9m conhecido como Cardarine, atua ativando as mesmas vias que s\u00e3o ativadas quando realizamos exerc\u00edcios cardiovasculares. Foi originalmente desenvolvido para tratar obesidade e outras doen\u00e7as metab\u00f3licas.<\/p>\n<p>Estudos demonstraram que Cardarine tem a capacidade de queimar gordura, aumentando a capta\u00e7\u00e3o de glicose no tecido muscular esquel\u00e9tico, o que altera o metabolismo do corpo para queimar gordura para obter energia, em vez de m\u00fasculos e\/ou a\u00e7\u00facares. Compre GW-501516 do fornecedor mais confi\u00e1vel do Reino Unido e da Europa.<\/p>\n<p>Incrivelmente, ele faz tudo isso sem diminuir os n\u00edveis de a\u00e7\u00facar no sangue e tamb\u00e9m \u00e9 totalmente n\u00e3o estimulante. Em estudos, Cardarine resultou em sujeitos de teste capazes de completar sess\u00f5es de exerc\u00edcios cada vez mais longas, reduzindo o tempo de recupera\u00e7\u00e3o entre as s\u00e9ries e aumentando o n\u00famero de repeti\u00e7\u00f5es ou movimentos antes de atingir a exaust\u00e3o.<\/p>","protected":false},"excerpt":{"rendered":"<p>SHRED (GW-501516)\u00a0tamb\u00e9m conhecido como Cardarine, atua ativando as mesmas vias que s\u00e3o ativadas quando realizamos exerc\u00edcios cardiovasculares. Foi originalmente desenvolvido<\/p>\n","protected":false},"featured_media":8733,"comment_status":"open","ping_status":"closed","template":"","meta":[],"product_brand":[],"product_cat":[3474],"product_tag":[],"class_list":{"0":"post-8741","1":"product","2":"type-product","3":"status-publish","4":"has-post-thumbnail","6":"product_cat-packs","8":"first","9":"outofstock","10":"sale","11":"shipping-taxable","12":"purchasable","13":"product-type-simple"},"yoast_head":"<!-- This site is optimized with the Yoast SEO Premium plugin v24.4 (Yoast SEO v27.3) - https:\/\/yoast.com\/product\/yoast-seo-premium-wordpress\/ -->\n<title>PAK3 SARMS CARDARINE 20 MG \/ 30 CAPSULAS - Ester\u00f3ides Online<\/title>\n<meta name=\"robots\" content=\"index, follow, max-snippet:-1, max-image-preview:large, max-video-preview:-1\" \/>\n<link rel=\"canonical\" href=\"https:\/\/iberoid-shop.com\/pt\/product\/pak3sarms-cardarine-20-mg-30-capsulas\/\" \/>\n<meta property=\"og:locale\" content=\"pt_PT\" \/>\n<meta property=\"og:type\" content=\"article\" \/>\n<meta property=\"og:title\" content=\"PAK3 SARMS CARDARINE 20 MG \/ 30 CAPSULAS\" \/>\n<meta property=\"og:description\" content=\"SHRED (GW-501516)\u00a0tamb\u00e9m conhecido como Cardarine, atua ativando as mesmas vias que s\u00e3o ativadas quando realizamos exerc\u00edcios cardiovasculares. Foi originalmente desenvolvido\" \/>\n<meta property=\"og:url\" content=\"https:\/\/iberoid-shop.com\/pt\/product\/pak3sarms-cardarine-20-mg-30-capsulas\/\" \/>\n<meta property=\"og:site_name\" content=\"Ester\u00f3ides Online\" \/>\n<meta property=\"article:modified_time\" content=\"2024-05-12T17:14:08+00:00\" \/>\n<meta property=\"og:image\" content=\"https:\/\/iberoid-shop.com\/wp-content\/uploads\/2023\/07\/IMG-0762-scaled.jpg?v=1690376334\" \/>\n\t<meta property=\"og:image:width\" content=\"1920\" \/>\n\t<meta property=\"og:image:height\" content=\"2560\" \/>\n\t<meta property=\"og:image:type\" content=\"image\/jpeg\" \/>\n<meta name=\"twitter:card\" content=\"summary_large_image\" \/>\n<meta name=\"twitter:label1\" content=\"pre\u00e7o\" \/>\n\t<meta name=\"twitter:data1\" content=\"&euro;50.00\" \/>\n\t<meta name=\"twitter:label2\" content=\"Disponibilidade\" \/>\n\t<meta name=\"twitter:data2\" content=\"Esgotado\" \/>\n<script type=\"application\/ld+json\" class=\"yoast-schema-graph\">{\"@context\":\"https:\\\/\\\/schema.org\",\"@graph\":[{\"@type\":\"WebPage\",\"@id\":\"https:\\\/\\\/iberoid-shop.com\\\/pt\\\/product\\\/pak3sarms-cardarine-20-mg-30-capsulas\\\/\",\"url\":\"https:\\\/\\\/iberoid-shop.com\\\/pt\\\/product\\\/pak3sarms-cardarine-20-mg-30-capsulas\\\/\",\"name\":\"PAK3 SARMS CARDARINE 20 MG \\\/ 30 CAPSULAS - Ester\u00f3ides Online\",\"isPartOf\":{\"@id\":\"https:\\\/\\\/iberoid-shop.com\\\/pt\\\/#website\"},\"primaryImageOfPage\":{\"@id\":\"https:\\\/\\\/iberoid-shop.com\\\/pt\\\/product\\\/pak3sarms-cardarine-20-mg-30-capsulas\\\/#primaryimage\"},\"image\":{\"@id\":\"https:\\\/\\\/iberoid-shop.com\\\/pt\\\/product\\\/pak3sarms-cardarine-20-mg-30-capsulas\\\/#primaryimage\"},\"thumbnailUrl\":\"https:\\\/\\\/iberoid-shop.com\\\/wp-content\\\/uploads\\\/2023\\\/07\\\/IMG-0762-scaled.jpg?v=1690376334\",\"datePublished\":\"2023-07-26T20:52:41+00:00\",\"dateModified\":\"2024-05-12T17:14:08+00:00\",\"breadcrumb\":{\"@id\":\"https:\\\/\\\/iberoid-shop.com\\\/pt\\\/product\\\/pak3sarms-cardarine-20-mg-30-capsulas\\\/#breadcrumb\"},\"inLanguage\":\"pt-PT\",\"potentialAction\":[{\"@type\":\"ReadAction\",\"target\":[[\"https:\\\/\\\/iberoid-shop.com\\\/pt\\\/product\\\/pak3sarms-cardarine-20-mg-30-capsulas\\\/\"]]}]},{\"@type\":\"ImageObject\",\"inLanguage\":\"pt-PT\",\"@id\":\"https:\\\/\\\/iberoid-shop.com\\\/pt\\\/product\\\/pak3sarms-cardarine-20-mg-30-capsulas\\\/#primaryimage\",\"url\":\"https:\\\/\\\/iberoid-shop.com\\\/wp-content\\\/uploads\\\/2023\\\/07\\\/IMG-0762-scaled.jpg?v=1690376334\",\"contentUrl\":\"https:\\\/\\\/iberoid-shop.com\\\/wp-content\\\/uploads\\\/2023\\\/07\\\/IMG-0762-scaled.jpg?v=1690376334\",\"width\":1920,\"height\":2560},{\"@type\":\"BreadcrumbList\",\"@id\":\"https:\\\/\\\/iberoid-shop.com\\\/pt\\\/product\\\/pak3sarms-cardarine-20-mg-30-capsulas\\\/#breadcrumb\",\"itemListElement\":[{\"@type\":\"ListItem\",\"position\":1,\"name\":\"Portada\",\"item\":\"https:\\\/\\\/iberoid-shop.com\\\/pt\\\/\"},{\"@type\":\"ListItem\",\"position\":2,\"name\":\"Loja\",\"item\":\"https:\\\/\\\/iberoid-shop.com\\\/pt\\\/shop\\\/\"},{\"@type\":\"ListItem\",\"position\":3,\"name\":\"PAK3 SARMS CARDARINE 20 MG \\\/ 30 CAPSULAS\"}]},{\"@type\":\"WebSite\",\"@id\":\"https:\\\/\\\/iberoid-shop.com\\\/pt\\\/#website\",\"url\":\"https:\\\/\\\/iberoid-shop.com\\\/pt\\\/\",\"name\":\"Ester\u00f3ides Online\",\"description\":\"Compre ester\u00f3ides online hoje em Espanha e Portugal. Temos o melhor servi\u00e7o ao cliente do setor e produtos da mais alta qualidade\",\"potentialAction\":[{\"@type\":\"SearchAction\",\"target\":{\"@type\":\"EntryPoint\",\"urlTemplate\":\"https:\\\/\\\/iberoid-shop.com\\\/pt\\\/?s={search_term_string}\"},\"query-input\":{\"@type\":\"PropertyValueSpecification\",\"valueRequired\":true,\"valueName\":\"search_term_string\"}}],\"inLanguage\":\"pt-PT\"}]}<\/script>\n<meta property=\"product:price:amount\" content=\"50.00\" \/>\n<meta property=\"product:price:currency\" content=\"EUR\" \/>\n<meta property=\"og:availability\" content=\"out of stock\" \/>\n<meta property=\"product:availability\" content=\"out of stock\" \/>\n<meta property=\"product:condition\" content=\"new\" \/>\n<!-- \/ Yoast SEO Premium plugin. -->","yoast_head_json":{"title":"PAK3 SARMS CARDARINE 20 MG \/ 30 CAPSULAS - Ester\u00f3ides Online","robots":{"index":"index","follow":"follow","max-snippet":"max-snippet:-1","max-image-preview":"max-image-preview:large","max-video-preview":"max-video-preview:-1"},"canonical":"https:\/\/iberoid-shop.com\/pt\/product\/pak3sarms-cardarine-20-mg-30-capsulas\/","og_locale":"pt_PT","og_type":"article","og_title":"PAK3 SARMS CARDARINE 20 MG \/ 30 CAPSULAS","og_description":"SHRED (GW-501516)\u00a0tamb\u00e9m conhecido como Cardarine, atua ativando as mesmas vias que s\u00e3o ativadas quando realizamos exerc\u00edcios cardiovasculares. Foi originalmente desenvolvido","og_url":"https:\/\/iberoid-shop.com\/pt\/product\/pak3sarms-cardarine-20-mg-30-capsulas\/","og_site_name":"Ester\u00f3ides Online","article_modified_time":"2024-05-12T17:14:08+00:00","og_image":[{"width":1920,"height":2560,"url":"https:\/\/iberoid-shop.com\/wp-content\/uploads\/2023\/07\/IMG-0762-scaled.jpg?v=1690376334","type":"image\/jpeg"}],"twitter_card":"summary_large_image","twitter_misc":{"pre\u00e7o":"&euro;50.00","Disponibilidade":"Esgotado"},"schema":{"@context":"https:\/\/schema.org","@graph":[{"@type":"WebPage","@id":"https:\/\/iberoid-shop.com\/pt\/product\/pak3sarms-cardarine-20-mg-30-capsulas\/","url":"https:\/\/iberoid-shop.com\/pt\/product\/pak3sarms-cardarine-20-mg-30-capsulas\/","name":"PAK3 SARMS CARDARINE 20 MG \/ 30 CAPSULAS - Ester\u00f3ides Online","isPartOf":{"@id":"https:\/\/iberoid-shop.com\/pt\/#website"},"primaryImageOfPage":{"@id":"https:\/\/iberoid-shop.com\/pt\/product\/pak3sarms-cardarine-20-mg-30-capsulas\/#primaryimage"},"image":{"@id":"https:\/\/iberoid-shop.com\/pt\/product\/pak3sarms-cardarine-20-mg-30-capsulas\/#primaryimage"},"thumbnailUrl":"https:\/\/iberoid-shop.com\/wp-content\/uploads\/2023\/07\/IMG-0762-scaled.jpg?v=1690376334","datePublished":"2023-07-26T20:52:41+00:00","dateModified":"2024-05-12T17:14:08+00:00","breadcrumb":{"@id":"https:\/\/iberoid-shop.com\/pt\/product\/pak3sarms-cardarine-20-mg-30-capsulas\/#breadcrumb"},"inLanguage":"pt-PT","potentialAction":[{"@type":"ReadAction","target":[["https:\/\/iberoid-shop.com\/pt\/product\/pak3sarms-cardarine-20-mg-30-capsulas\/"]]}]},{"@type":"ImageObject","inLanguage":"pt-PT","@id":"https:\/\/iberoid-shop.com\/pt\/product\/pak3sarms-cardarine-20-mg-30-capsulas\/#primaryimage","url":"https:\/\/iberoid-shop.com\/wp-content\/uploads\/2023\/07\/IMG-0762-scaled.jpg?v=1690376334","contentUrl":"https:\/\/iberoid-shop.com\/wp-content\/uploads\/2023\/07\/IMG-0762-scaled.jpg?v=1690376334","width":1920,"height":2560},{"@type":"BreadcrumbList","@id":"https:\/\/iberoid-shop.com\/pt\/product\/pak3sarms-cardarine-20-mg-30-capsulas\/#breadcrumb","itemListElement":[{"@type":"ListItem","position":1,"name":"Portada","item":"https:\/\/iberoid-shop.com\/pt\/"},{"@type":"ListItem","position":2,"name":"Loja","item":"https:\/\/iberoid-shop.com\/pt\/shop\/"},{"@type":"ListItem","position":3,"name":"PAK3 SARMS CARDARINE 20 MG \/ 30 CAPSULAS"}]},{"@type":"WebSite","@id":"https:\/\/iberoid-shop.com\/pt\/#website","url":"https:\/\/iberoid-shop.com\/pt\/","name":"Ester\u00f3ides Online","description":"Compre ester\u00f3ides online hoje em Espanha e Portugal. Temos o melhor servi\u00e7o ao cliente do setor e produtos da mais alta qualidade","potentialAction":[{"@type":"SearchAction","target":{"@type":"EntryPoint","urlTemplate":"https:\/\/iberoid-shop.com\/pt\/?s={search_term_string}"},"query-input":{"@type":"PropertyValueSpecification","valueRequired":true,"valueName":"search_term_string"}}],"inLanguage":"pt-PT"}]},"product_price_amount":"50.00","product_price_currency":"EUR","og_availability":"out of stock","product_availability":"out of stock","product_condition":"new"},"_links":{"self":[{"href":"https:\/\/iberoid-shop.com\/pt\/wp-json\/wp\/v2\/product\/8741","targetHints":{"allow":["GET"]}}],"collection":[{"href":"https:\/\/iberoid-shop.com\/pt\/wp-json\/wp\/v2\/product"}],"about":[{"href":"https:\/\/iberoid-shop.com\/pt\/wp-json\/wp\/v2\/types\/product"}],"replies":[{"embeddable":true,"href":"https:\/\/iberoid-shop.com\/pt\/wp-json\/wp\/v2\/comments?post=8741"}],"wp:featuredmedia":[{"embeddable":true,"href":"https:\/\/iberoid-shop.com\/pt\/wp-json\/wp\/v2\/media\/8733"}],"wp:attachment":[{"href":"https:\/\/iberoid-shop.com\/pt\/wp-json\/wp\/v2\/media?parent=8741"}],"wp:term":[{"taxonomy":"product_brand","embeddable":true,"href":"https:\/\/iberoid-shop.com\/pt\/wp-json\/wp\/v2\/product_brand?post=8741"},{"taxonomy":"product_cat","embeddable":true,"href":"https:\/\/iberoid-shop.com\/pt\/wp-json\/wp\/v2\/product_cat?post=8741"},{"taxonomy":"product_tag","embeddable":true,"href":"https:\/\/iberoid-shop.com\/pt\/wp-json\/wp\/v2\/product_tag?post=8741"}],"curies":[{"name":"wp","href":"https:\/\/api.w.org\/{rel}","templated":true}]}}