{"id":8738,"date":"2023-07-26T13:47:10","date_gmt":"2023-07-26T13:47:10","guid":{"rendered":"https:\/\/iberoid-shop.com\/?post_type=product&#038;p=8738"},"modified":"2025-05-11T13:19:51","modified_gmt":"2025-05-11T13:19:51","slug":"pak3-testosteron-propionateepf-30-ampollas","status":"publish","type":"product","link":"https:\/\/iberoid-shop.com\/pt\/product\/pak3-testosteron-propionateepf-30-ampollas\/","title":{"rendered":"PAK3 &#8211; TESTOSTERON PROPIONATE \/ 30 AMPOLLAS\/EPF"},"content":{"rendered":"<p>Compre Propionato de Testosterona \u2013 Uma forma complexa e sint\u00e9tica de testosterona. \u00c9 um composto de \u00e9ster \u00fanico. Tamb\u00e9m \u00e9 usado para libera\u00e7\u00e3o controlada de horm\u00f4nios e para manter os n\u00edveis sangu\u00edneos est\u00e1veis. \u00c9 altamente utilizado na ind\u00fastria atl\u00e9tica para melhorar o desempenho atl\u00e9tico.<\/p>\n<p>Efeitos:<\/p>\n<p>Compre Propionato de Testosterona \u2013 Aumenta a testosterona. Esta \u00e9 uma droga que melhora o desempenho porque altos n\u00edveis de testosterona levam a um aumento na massa muscular magra e na for\u00e7a.<\/p>\n<p>O produto fornece testosterona, que atua como protetor muscular e salva o corpo da perda de tecido muscular.<\/p>\n<p>Benef\u00edcios:<\/p>\n<p>Melhora o desempenho<\/p>\n<p>O propionato de testosterona \u00e9 uma droga que melhora o desempenho. N\u00e3o s\u00f3 economiza massa muscular, mas tamb\u00e9m constr\u00f3i mais tecido muscular. Isso aumenta a for\u00e7a. O produto leva a um aumento na contagem de gl\u00f3bulos vermelhos. Os eritr\u00f3citos s\u00e3o os transportadores de oxig\u00eanio. Um aumento na oxigena\u00e7\u00e3o leva a maior for\u00e7a muscular, resist\u00eancia e repara\u00e7\u00e3o de tecidos danificados.<\/p>\n<p>Constr\u00f3i prote\u00edna<\/p>\n<p>O produto tamb\u00e9m possui propriedades de constru\u00e7\u00e3o de prote\u00ednas, que levam a uma melhor repara\u00e7\u00e3o e s\u00edntese de muitos tecidos do corpo. J\u00e1 que a prote\u00edna \u00e9 o alicerce dos tecidos do corpo. O produto tamb\u00e9m possui propriedades de reten\u00e7\u00e3o de nitrog\u00eanio. O nitrog\u00eanio cria um ambiente anab\u00f3lico. Todos os tecidos magros cont\u00eam cerca de 16% de nitrog\u00eanio. Baixos n\u00edveis de nitrog\u00eanio podem ser destrutivos para a massa muscular.<\/p>\n<p>Reduz o estresse<\/p>\n<p>O propionato de testosterona tamb\u00e9m reduz os horm\u00f4nios do estresse, como o cortisol. Ap\u00f3s um certo n\u00edvel, os horm\u00f4nios do estresse podem ser destrutivos e causar danos musculares. Os horm\u00f4nios do estresse tamb\u00e9m promovem horm\u00f4nios de constru\u00e7\u00e3o de gordura e formam um ambiente catab\u00f3lico. Mas o produto pode salv\u00e1-lo de todos esses problemas.<\/p>","protected":false},"excerpt":{"rendered":"<p>Compre Propionato de Testosterona \u2013 Uma forma complexa e sint\u00e9tica de testosterona. \u00c9 um composto de \u00e9ster \u00fanico. Tamb\u00e9m \u00e9<\/p>\n","protected":false},"featured_media":8740,"comment_status":"open","ping_status":"closed","template":"","meta":[],"product_brand":[],"product_cat":[3474],"product_tag":[],"class_list":{"0":"post-8738","1":"product","2":"type-product","3":"status-publish","4":"has-post-thumbnail","6":"product_cat-packs","8":"first","9":"outofstock","10":"sale","11":"shipping-taxable","12":"purchasable","13":"product-type-simple"},"yoast_head":"<!-- This site is optimized with the Yoast SEO Premium plugin v24.4 (Yoast SEO v27.3) - https:\/\/yoast.com\/product\/yoast-seo-premium-wordpress\/ -->\n<title>PAK3 - TESTOSTERON PROPIONATE \/ 30 AMPOLLAS\/EPF - Ester\u00f3ides Online<\/title>\n<meta name=\"robots\" content=\"index, follow, max-snippet:-1, max-image-preview:large, max-video-preview:-1\" \/>\n<link rel=\"canonical\" href=\"https:\/\/iberoid-shop.com\/pt\/product\/pak3-testosteron-propionateepf-30-ampollas\/\" \/>\n<meta property=\"og:locale\" content=\"pt_PT\" \/>\n<meta property=\"og:type\" content=\"article\" \/>\n<meta property=\"og:title\" content=\"PAK3 - TESTOSTERON PROPIONATE \/ 30 AMPOLLAS\/EPF\" \/>\n<meta property=\"og:description\" content=\"Compre Propionato de Testosterona \u2013 Uma forma complexa e sint\u00e9tica de testosterona. \u00c9 um composto de \u00e9ster \u00fanico. Tamb\u00e9m \u00e9\" \/>\n<meta property=\"og:url\" content=\"https:\/\/iberoid-shop.com\/pt\/product\/pak3-testosteron-propionateepf-30-ampollas\/\" \/>\n<meta property=\"og:site_name\" content=\"Ester\u00f3ides Online\" \/>\n<meta property=\"article:modified_time\" content=\"2025-05-11T13:19:51+00:00\" \/>\n<meta property=\"og:image\" content=\"https:\/\/iberoid-shop.com\/wp-content\/uploads\/2023\/07\/Testosterone-Propionate-EPF.jpg?v=1690379150\" \/>\n\t<meta property=\"og:image:width\" content=\"800\" \/>\n\t<meta property=\"og:image:height\" content=\"346\" \/>\n\t<meta property=\"og:image:type\" content=\"image\/jpeg\" \/>\n<meta name=\"twitter:card\" content=\"summary_large_image\" \/>\n<meta name=\"twitter:label1\" content=\"pre\u00e7o\" \/>\n\t<meta name=\"twitter:data1\" content=\"&euro;55.00\" \/>\n\t<meta name=\"twitter:label2\" content=\"Disponibilidade\" \/>\n\t<meta name=\"twitter:data2\" content=\"Esgotado\" \/>\n<script type=\"application\/ld+json\" class=\"yoast-schema-graph\">{\"@context\":\"https:\\\/\\\/schema.org\",\"@graph\":[{\"@type\":\"WebPage\",\"@id\":\"https:\\\/\\\/iberoid-shop.com\\\/pt\\\/product\\\/pak3-testosteron-propionateepf-30-ampollas\\\/\",\"url\":\"https:\\\/\\\/iberoid-shop.com\\\/pt\\\/product\\\/pak3-testosteron-propionateepf-30-ampollas\\\/\",\"name\":\"PAK3 - TESTOSTERON PROPIONATE \\\/ 30 AMPOLLAS\\\/EPF - Ester\u00f3ides Online\",\"isPartOf\":{\"@id\":\"https:\\\/\\\/iberoid-shop.com\\\/pt\\\/#website\"},\"primaryImageOfPage\":{\"@id\":\"https:\\\/\\\/iberoid-shop.com\\\/pt\\\/product\\\/pak3-testosteron-propionateepf-30-ampollas\\\/#primaryimage\"},\"image\":{\"@id\":\"https:\\\/\\\/iberoid-shop.com\\\/pt\\\/product\\\/pak3-testosteron-propionateepf-30-ampollas\\\/#primaryimage\"},\"thumbnailUrl\":\"https:\\\/\\\/iberoid-shop.com\\\/wp-content\\\/uploads\\\/2023\\\/07\\\/Testosterone-Propionate-EPF.jpg?v=1690379150\",\"datePublished\":\"2023-07-26T13:47:10+00:00\",\"dateModified\":\"2025-05-11T13:19:51+00:00\",\"breadcrumb\":{\"@id\":\"https:\\\/\\\/iberoid-shop.com\\\/pt\\\/product\\\/pak3-testosteron-propionateepf-30-ampollas\\\/#breadcrumb\"},\"inLanguage\":\"pt-PT\",\"potentialAction\":[{\"@type\":\"ReadAction\",\"target\":[[\"https:\\\/\\\/iberoid-shop.com\\\/pt\\\/product\\\/pak3-testosteron-propionateepf-30-ampollas\\\/\"]]}]},{\"@type\":\"ImageObject\",\"inLanguage\":\"pt-PT\",\"@id\":\"https:\\\/\\\/iberoid-shop.com\\\/pt\\\/product\\\/pak3-testosteron-propionateepf-30-ampollas\\\/#primaryimage\",\"url\":\"https:\\\/\\\/iberoid-shop.com\\\/wp-content\\\/uploads\\\/2023\\\/07\\\/Testosterone-Propionate-EPF.jpg?v=1690379150\",\"contentUrl\":\"https:\\\/\\\/iberoid-shop.com\\\/wp-content\\\/uploads\\\/2023\\\/07\\\/Testosterone-Propionate-EPF.jpg?v=1690379150\",\"width\":800,\"height\":346},{\"@type\":\"BreadcrumbList\",\"@id\":\"https:\\\/\\\/iberoid-shop.com\\\/pt\\\/product\\\/pak3-testosteron-propionateepf-30-ampollas\\\/#breadcrumb\",\"itemListElement\":[{\"@type\":\"ListItem\",\"position\":1,\"name\":\"Portada\",\"item\":\"https:\\\/\\\/iberoid-shop.com\\\/pt\\\/\"},{\"@type\":\"ListItem\",\"position\":2,\"name\":\"Loja\",\"item\":\"https:\\\/\\\/iberoid-shop.com\\\/pt\\\/shop\\\/\"},{\"@type\":\"ListItem\",\"position\":3,\"name\":\"PAK3 &#8211; TESTOSTERON PROPIONATE \\\/ 30 AMPOLLAS\\\/EPF\"}]},{\"@type\":\"WebSite\",\"@id\":\"https:\\\/\\\/iberoid-shop.com\\\/pt\\\/#website\",\"url\":\"https:\\\/\\\/iberoid-shop.com\\\/pt\\\/\",\"name\":\"Ester\u00f3ides Online\",\"description\":\"Compre ester\u00f3ides online hoje em Espanha e Portugal. Temos o melhor servi\u00e7o ao cliente do setor e produtos da mais alta qualidade\",\"potentialAction\":[{\"@type\":\"SearchAction\",\"target\":{\"@type\":\"EntryPoint\",\"urlTemplate\":\"https:\\\/\\\/iberoid-shop.com\\\/pt\\\/?s={search_term_string}\"},\"query-input\":{\"@type\":\"PropertyValueSpecification\",\"valueRequired\":true,\"valueName\":\"search_term_string\"}}],\"inLanguage\":\"pt-PT\"}]}<\/script>\n<meta property=\"product:brand\" content=\"Euro Prime Pharmaceuticals (EPF)\" \/>\n<meta property=\"product:price:amount\" content=\"55.00\" \/>\n<meta property=\"product:price:currency\" content=\"EUR\" \/>\n<meta property=\"og:availability\" content=\"out of stock\" \/>\n<meta property=\"product:availability\" content=\"out of stock\" \/>\n<meta property=\"product:condition\" content=\"new\" \/>\n<!-- \/ Yoast SEO Premium plugin. -->","yoast_head_json":{"title":"PAK3 - TESTOSTERON PROPIONATE \/ 30 AMPOLLAS\/EPF - Ester\u00f3ides Online","robots":{"index":"index","follow":"follow","max-snippet":"max-snippet:-1","max-image-preview":"max-image-preview:large","max-video-preview":"max-video-preview:-1"},"canonical":"https:\/\/iberoid-shop.com\/pt\/product\/pak3-testosteron-propionateepf-30-ampollas\/","og_locale":"pt_PT","og_type":"article","og_title":"PAK3 - TESTOSTERON PROPIONATE \/ 30 AMPOLLAS\/EPF","og_description":"Compre Propionato de Testosterona \u2013 Uma forma complexa e sint\u00e9tica de testosterona. \u00c9 um composto de \u00e9ster \u00fanico. Tamb\u00e9m \u00e9","og_url":"https:\/\/iberoid-shop.com\/pt\/product\/pak3-testosteron-propionateepf-30-ampollas\/","og_site_name":"Ester\u00f3ides Online","article_modified_time":"2025-05-11T13:19:51+00:00","og_image":[{"width":800,"height":346,"url":"https:\/\/iberoid-shop.com\/wp-content\/uploads\/2023\/07\/Testosterone-Propionate-EPF.jpg?v=1690379150","type":"image\/jpeg"}],"twitter_card":"summary_large_image","twitter_misc":{"pre\u00e7o":"&euro;55.00","Disponibilidade":"Esgotado"},"schema":{"@context":"https:\/\/schema.org","@graph":[{"@type":"WebPage","@id":"https:\/\/iberoid-shop.com\/pt\/product\/pak3-testosteron-propionateepf-30-ampollas\/","url":"https:\/\/iberoid-shop.com\/pt\/product\/pak3-testosteron-propionateepf-30-ampollas\/","name":"PAK3 - TESTOSTERON PROPIONATE \/ 30 AMPOLLAS\/EPF - Ester\u00f3ides Online","isPartOf":{"@id":"https:\/\/iberoid-shop.com\/pt\/#website"},"primaryImageOfPage":{"@id":"https:\/\/iberoid-shop.com\/pt\/product\/pak3-testosteron-propionateepf-30-ampollas\/#primaryimage"},"image":{"@id":"https:\/\/iberoid-shop.com\/pt\/product\/pak3-testosteron-propionateepf-30-ampollas\/#primaryimage"},"thumbnailUrl":"https:\/\/iberoid-shop.com\/wp-content\/uploads\/2023\/07\/Testosterone-Propionate-EPF.jpg?v=1690379150","datePublished":"2023-07-26T13:47:10+00:00","dateModified":"2025-05-11T13:19:51+00:00","breadcrumb":{"@id":"https:\/\/iberoid-shop.com\/pt\/product\/pak3-testosteron-propionateepf-30-ampollas\/#breadcrumb"},"inLanguage":"pt-PT","potentialAction":[{"@type":"ReadAction","target":[["https:\/\/iberoid-shop.com\/pt\/product\/pak3-testosteron-propionateepf-30-ampollas\/"]]}]},{"@type":"ImageObject","inLanguage":"pt-PT","@id":"https:\/\/iberoid-shop.com\/pt\/product\/pak3-testosteron-propionateepf-30-ampollas\/#primaryimage","url":"https:\/\/iberoid-shop.com\/wp-content\/uploads\/2023\/07\/Testosterone-Propionate-EPF.jpg?v=1690379150","contentUrl":"https:\/\/iberoid-shop.com\/wp-content\/uploads\/2023\/07\/Testosterone-Propionate-EPF.jpg?v=1690379150","width":800,"height":346},{"@type":"BreadcrumbList","@id":"https:\/\/iberoid-shop.com\/pt\/product\/pak3-testosteron-propionateepf-30-ampollas\/#breadcrumb","itemListElement":[{"@type":"ListItem","position":1,"name":"Portada","item":"https:\/\/iberoid-shop.com\/pt\/"},{"@type":"ListItem","position":2,"name":"Loja","item":"https:\/\/iberoid-shop.com\/pt\/shop\/"},{"@type":"ListItem","position":3,"name":"PAK3 &#8211; TESTOSTERON PROPIONATE \/ 30 AMPOLLAS\/EPF"}]},{"@type":"WebSite","@id":"https:\/\/iberoid-shop.com\/pt\/#website","url":"https:\/\/iberoid-shop.com\/pt\/","name":"Ester\u00f3ides Online","description":"Compre ester\u00f3ides online hoje em Espanha e Portugal. Temos o melhor servi\u00e7o ao cliente do setor e produtos da mais alta qualidade","potentialAction":[{"@type":"SearchAction","target":{"@type":"EntryPoint","urlTemplate":"https:\/\/iberoid-shop.com\/pt\/?s={search_term_string}"},"query-input":{"@type":"PropertyValueSpecification","valueRequired":true,"valueName":"search_term_string"}}],"inLanguage":"pt-PT"}]},"product_brand":"Euro Prime Pharmaceuticals (EPF)","product_price_amount":"55.00","product_price_currency":"EUR","og_availability":"out of stock","product_availability":"out of stock","product_condition":"new"},"_links":{"self":[{"href":"https:\/\/iberoid-shop.com\/pt\/wp-json\/wp\/v2\/product\/8738","targetHints":{"allow":["GET"]}}],"collection":[{"href":"https:\/\/iberoid-shop.com\/pt\/wp-json\/wp\/v2\/product"}],"about":[{"href":"https:\/\/iberoid-shop.com\/pt\/wp-json\/wp\/v2\/types\/product"}],"replies":[{"embeddable":true,"href":"https:\/\/iberoid-shop.com\/pt\/wp-json\/wp\/v2\/comments?post=8738"}],"wp:featuredmedia":[{"embeddable":true,"href":"https:\/\/iberoid-shop.com\/pt\/wp-json\/wp\/v2\/media\/8740"}],"wp:attachment":[{"href":"https:\/\/iberoid-shop.com\/pt\/wp-json\/wp\/v2\/media?parent=8738"}],"wp:term":[{"taxonomy":"product_brand","embeddable":true,"href":"https:\/\/iberoid-shop.com\/pt\/wp-json\/wp\/v2\/product_brand?post=8738"},{"taxonomy":"product_cat","embeddable":true,"href":"https:\/\/iberoid-shop.com\/pt\/wp-json\/wp\/v2\/product_cat?post=8738"},{"taxonomy":"product_tag","embeddable":true,"href":"https:\/\/iberoid-shop.com\/pt\/wp-json\/wp\/v2\/product_tag?post=8738"}],"curies":[{"name":"wp","href":"https:\/\/api.w.org\/{rel}","templated":true}]}}